{"id":17018,"date":"2026-04-24T09:28:19","date_gmt":"2026-04-24T08:28:19","guid":{"rendered":"https:\/\/www.certifiedcosmetics.com\/product\/unkategorisiert\/antitranspirant-wirkung-tewameter\/"},"modified":"2026-04-24T09:28:19","modified_gmt":"2026-04-24T08:28:19","slug":"antitranspirant-wirkung-tewameter","status":"publish","type":"product","link":"https:\/\/www.certifiedcosmetics.com\/de\/product\/wirksamkeitstests\/antitranspirant-wirkung-tewameter\/","title":{"rendered":"Antitranspirant-Wirkung &#8211; Tewameter"},"content":{"rendered":"<p data-start=\"171\" data-end=\"334\">Der <strong data-start=\"175\" data-end=\"214\">Antitranspirant Efficacy &#8211; Tewameter<\/strong> Test ist eine instrumentelle Bewertung, die dazu dient, die Schwei\u00dfreduzierung durch Messung des transepidermalen Wasserverlusts (TEWL) zu messen.<\/p>\n<p data-start=\"336\" data-end=\"493\">Dieser Test liefert objektive, quantitative Beweise f\u00fcr Aussagen wie <strong data-start=\"407\" data-end=\"458\">&#8220;reduziert die Schwei\u00dfbildung&#8221;, &#8220;lang anhaltende Trockenheit&#8221;<\/strong> und <strong data-start=\"463\" data-end=\"493\">&#8220;schwei\u00dfhemmende Wirkung&#8221;.<\/strong><\/p>\n<h2 data-section-id=\"13b9l1a\" data-start=\"500\" data-end=\"527\">Zweck des Tests<\/h2>\n<p data-start=\"528\" data-end=\"690\">Das Ziel dieses Tests ist es, festzustellen, ob ein Produkt die Schwei\u00dfproduktion im Laufe der Zeit effektiv reduziert, indem die Ver\u00e4nderungen des Wasserverlustes von der Hautoberfl\u00e4che gemessen werden.<\/p>\n<p data-start=\"692\" data-end=\"827\">Es ist besonders wichtig f\u00fcr <strong data-start=\"724\" data-end=\"826\">Antitranspirant-Produkte und Formulierungen, die die Transpiration kontrollieren und den Hautkomfort verbessern sollen<\/strong>.<\/p>\n<h2 data-section-id=\"ccdmmj\" data-start=\"834\" data-end=\"853\">Methodik<\/h2>\n<p data-start=\"854\" data-end=\"1010\">Die Studie wird als <strong data-start=\"883\" data-end=\"904\">instrumenteller Test<\/strong> mit einem <strong data-start=\"913\" data-end=\"926\">Tewameter<\/strong> durchgef\u00fchrt, der den transepidermalen Wasserverlust (TEWL) als Indikator f\u00fcr die Schwei\u00dfproduktion misst.<\/p>\n<ul data-start=\"1012\" data-end=\"1327\">\n<li data-section-id=\"1bczuo2\" data-start=\"1012\" data-end=\"1044\"><strong data-start=\"1014\" data-end=\"1039\">Anzahl der Freiwilligen: 5 oder<\/strong> 10<\/li>\n<li data-section-id=\"118vjuh\" data-start=\"1045\" data-end=\"1141\"><strong data-start=\"1047\" data-end=\"1070\">Messzeitpunkte:<\/strong> Basiswert (T0) und Zeitpunkte nach der Anwendung (z.B. 12h, 24h, 48h)<\/li>\n<li data-section-id=\"1ylw8yb\" data-start=\"1142\" data-end=\"1193\"><strong data-start=\"1196\" data-end=\"1225\">Umweltbedingungen:<\/strong> Kontrollierte Temperatur und Luftfeuchtigkeit<\/li>\n<li data-section-id=\"1o3spd4\" data-start=\"1264\" data-end=\"1327\"><strong data-start=\"1266\" data-end=\"1297\">Anzahl der erforderlichen Proben:<\/strong> 11 Muster des fertigen Produkts<\/li>\n<\/ul>\n<h2 data-section-id=\"b3jcpp\" data-start=\"1334\" data-end=\"1356\">Testverfahren<\/h2>\n<ol data-start=\"1357\" data-end=\"1896\">\n<li data-section-id=\"1ih1d4p\" data-start=\"1357\" data-end=\"1460\"><strong data-start=\"1360\" data-end=\"1384\">Auswahl der Freiwilligen:<\/strong><br data-start=\"1384\" data-end=\"1387\">Es werden zehn Teilnehmer\/innen ausgew\u00e4hlt, die repr\u00e4sentativ f\u00fcr die Zielpopulation sind.<\/li>\n<li data-section-id=\"lzkq28\" data-start=\"1462\" data-end=\"1567\"><strong data-start=\"1465\" data-end=\"1495\">Baseline-Messung (T0):<\/strong><br data-start=\"1495\" data-end=\"1498\">TEWL wird vor der Produktanwendung mit dem Tewameter gemessen.<\/li>\n<li data-section-id=\"1e0fv6n\" data-start=\"1569\" data-end=\"1660\"><strong data-start=\"1572\" data-end=\"1596\">Produktanwendung:<\/strong><br data-start=\"1596\" data-end=\"1599\">Das Testprodukt wird entsprechend seinem Verwendungszweck angewendet.<\/li>\n<li data-section-id=\"82o7oc\" data-start=\"1662\" data-end=\"1790\"><strong data-start=\"1665\" data-end=\"1699\">Messungen nach der Anwendung:<\/strong><br data-start=\"1699\" data-end=\"1702\">TEWL wird zu ausgew\u00e4hlten Zeitpunkten (12h, 24h, 48h) gemessen, um Ver\u00e4nderungen im Laufe der Zeit zu beurteilen.<\/li>\n<li data-section-id=\"iyrn0b\" data-start=\"1792\" data-end=\"1896\"><strong data-start=\"1795\" data-end=\"1815\">Datenvergleich:<\/strong><br data-start=\"1815\" data-end=\"1818\">Die Ergebnisse werden mit dem Ausgangswert verglichen, um den Grad der Schwei\u00dfreduktion zu bestimmen.<\/li>\n<\/ol>\n<h2 data-section-id=\"88tffn\" data-start=\"1903\" data-end=\"1931\">Ausgewertete Parameter<\/h2>\n<ul data-start=\"1932\" data-end=\"2171\">\n<li data-section-id=\"2gl33n\" data-start=\"1932\" data-end=\"1999\"><strong data-start=\"1934\" data-end=\"1970\">Transepidermaler Wasserverlust (TEWL)<\/strong> &#8211; quantitative Messung<\/li>\n<li data-section-id=\"q0wgxq\" data-start=\"2000\" data-end=\"2033\"><strong data-start=\"2002\" data-end=\"2031\">Schwei\u00dfreduzierung im Laufe der Zeit<\/strong><\/li>\n<li data-section-id=\"rm15pm\" data-start=\"2034\" data-end=\"2083\"><strong data-start=\"2036\" data-end=\"2081\">Prozentuale Verringerung im Vergleich zum Ausgangswert<\/strong><\/li>\n<li data-section-id=\"1gvleps\" data-start=\"2084\" data-end=\"2120\"><strong data-start=\"2086\" data-end=\"2118\">Dauer der Produktwirksamkeit<\/strong><\/li>\n<li data-section-id=\"m2kojk\" data-start=\"2121\" data-end=\"2171\"><strong data-start=\"2123\" data-end=\"2169\">Best\u00e4tigung der Leistung des Antitranspirants<\/strong><\/li>\n<\/ul>\n<h2 data-section-id=\"1ab56ek\" data-start=\"2178\" data-end=\"2205\">Beispielhafte Anforderungen<\/h2>\n<ul data-start=\"2206\" data-end=\"2383\">\n<li data-section-id=\"6paz2d\" data-start=\"2206\" data-end=\"2251\"><strong data-start=\"2208\" data-end=\"2221\">Menge:<\/strong> 11 fertige Produktmuster<\/li>\n<li data-section-id=\"16ntwl6\" data-start=\"2252\" data-end=\"2305\"><strong data-start=\"2254\" data-end=\"2268\">Zustand:<\/strong> Unge\u00f6ffnet, stabil und gebrauchsfertig<\/li>\n<li data-section-id=\"vh4z0o\" data-start=\"2306\" data-end=\"2383\"><strong data-start=\"2308\" data-end=\"2326\">Produkttypen:<\/strong> Antitranspirant-Formulierungen und schwei\u00dfhemmende Produkte<\/li>\n<\/ul>\n<h2 data-section-id=\"fwrj78\" data-start=\"2390\" data-end=\"2417\">Ergebnisse &amp; Berichterstattung<\/h2>\n<p data-start=\"2418\" data-end=\"2449\">Der Laborbericht enth\u00e4lt:<\/p>\n<ul data-start=\"2451\" data-end=\"2705\">\n<li data-section-id=\"znm32q\" data-start=\"2451\" data-end=\"2521\">Berechnung der prozentualen Reduzierung gegen\u00fcber dem Ausgangswert<\/li>\n<li data-section-id=\"1f0l6jw\" data-start=\"2624\" data-end=\"2658\">Vergleichende Analyse im Zeitverlauf<\/li>\n<li data-section-id=\"auy6bz\" data-start=\"2659\" data-end=\"2705\">Interpretation zur Best\u00e4tigung der Produktwirksamkeit<\/li>\n<\/ul>\n<h2 data-section-id=\"f5xhug\" data-start=\"2712\" data-end=\"2741\">Warum dieser Test wichtig ist<\/h2>\n<p data-start=\"2742\" data-end=\"2897\">Der <strong data-start=\"2746\" data-end=\"2785\">Antitranspirant Efficacy &#8211; Tewameter<\/strong> Test liefert verl\u00e4ssliche, quantitative Daten, die die F\u00e4higkeit eines Produkts zeigen, die Transpiration \u00fcber einen l\u00e4ngeren Zeitraum zu reduzieren.<\/p>\n<p data-start=\"2899\" data-end=\"2926\">Sie unterst\u00fctzt Forderungen wie:<\/p>\n<ul data-start=\"2927\" data-end=\"3036\">\n<li data-section-id=\"65aryw\" data-start=\"2927\" data-end=\"2957\">&#8220;<strong data-start=\"2930\" data-end=\"2954\">Reduziert die Transpiration<\/strong>&#8220;<\/li>\n<li data-section-id=\"17rnqio\" data-start=\"2958\" data-end=\"2988\">&#8220;<strong data-start=\"2961\" data-end=\"2985\">Langanhaltende Trockenheit<\/strong>&#8220;<\/li>\n<li data-section-id=\"1m2nx42\" data-start=\"2989\" data-end=\"3036\">&#8220;<strong data-start=\"2992\" data-end=\"3033\">Effektive Schwei\u00dfkontrolle bis zu X Stunden<\/strong>&#8220;<\/li>\n<\/ul>\n<p data-start=\"3038\" data-end=\"3223\">Dieser Test ist f\u00fcr den <strong data-start=\"3065\" data-end=\"3140\">Produktnachweis, die Leistungsvalidierung und das Verbrauchervertrauen<\/strong> unerl\u00e4sslich und stellt sicher, dass die Formulierungen eine messbare und dauerhafte Antitranspirantwirkung haben.<\/p>\n<h2 data-section-id=\"6cxf9g\" data-start=\"3230\" data-end=\"3257\">Wie der Prozess funktioniert<\/h2>\n<p data-start=\"3259\" data-end=\"3361\"><strong data-start=\"3259\" data-end=\"3285\">1. Bestelle deinen Labortest<\/strong><br data-start=\"3285\" data-end=\"3288\">W\u00e4hle das passende Paket und schlie\u00dfe deinen Kauf auf unserer Website ab.<\/p>\n<p data-start=\"3363\" data-end=\"3460\"><strong data-start=\"3363\" data-end=\"3391\">2. Sicheren Zugang erhalten<\/strong><br data-start=\"3391\" data-end=\"3394\">Nach dem Kauf erh\u00e4ltst du die Zugangsdaten zu unserem sicheren Portal.<\/p>\n<p data-start=\"3462\" data-end=\"3560\"><strong data-start=\"3462\" data-end=\"3493\">3. F\u00fclle das Aufnahmeformular aus<\/strong><br data-start=\"3493\" data-end=\"3496\">. Gib deine Produktdetails an und lade verf\u00fcgbare Unterlagen hoch.<\/p>\n<p data-start=\"3562\" data-end=\"3765\"><strong data-start=\"3562\" data-end=\"3589\">4. Schicke uns deine Proben<\/strong><br data-start=\"3589\" data-end=\"3592\">Wir sagen dir, was genau du an unser Labor schicken sollst. Die Menge und Anzahl der Proben h\u00e4ngt von verschiedenen Faktoren ab. Die genaue Anzahl der Proben wird dir \u00fcber das Portal mitgeteilt.  <\/p>\n<p data-start=\"3767\" data-end=\"3810\"><strong data-start=\"3767\" data-end=\"3785\">5. Labortest<\/strong><br data-start=\"3785\" data-end=\"3788\">Wir beginnen mit dem Labortest.<\/p>\n<p data-start=\"3812\" data-end=\"3925\"><strong data-start=\"3812\" data-end=\"3839\">6. Erhalte deine Ergebnisse<\/strong><br data-start=\"3839\" data-end=\"3842\">Unser Sicherheitsbewerter bereitet die Labortestergebnisse vor und stellt sie \u00fcber das Portal bereit.<\/p>\n","protected":false},"excerpt":{"rendered":"<p>Der Antitranspirant Efficacy &#8211; Tewameter Test ist eine instrumentelle Bewertung, die dazu dient, die Schwei\u00dfreduzierung durch Messung des transepidermalen Wasserverlusts (TEWL) zu messen. Dieser Test liefert objektive, quantitative Beweise f\u00fcr Aussagen wie &#8220;reduziert die Schwei\u00dfbildung&#8221;, &#8220;lang anhaltende Trockenheit&#8221; und &#8220;schwei\u00dfhemmende Wirkung&#8221;. Zweck des Tests Das Ziel dieses Tests ist es, festzustellen, ob ein Produkt die&#8230;<\/p>\n","protected":false},"featured_media":16187,"template":"","meta":[],"product_brand":[],"product_cat":[145,127],"product_tag":[],"class_list":{"0":"post-17018","1":"product","2":"type-product","3":"status-publish","4":"has-post-thumbnail","6":"product_cat-hauttest","7":"product_cat-wirksamkeitstests","9":"first","10":"instock","11":"taxable","12":"shipping-taxable","13":"purchasable","14":"product-type-variable","15":"has-default-attributes"},"bundled_by":[],"bundle_stock_status":"instock","bundle_stock_quantity":null,"bundle_virtual":false,"bundle_layout":"","bundle_add_to_cart_form_location":"","bundle_editable_in_cart":false,"bundle_sold_individually_context":"","bundle_item_grouping":"","bundle_min_size":"","bundle_max_size":"","bundle_price":[],"bundled_items":[],"bundle_sell_ids":[],"yoast_head":"<!-- This site is optimized with the Yoast SEO Premium plugin v25.4 (Yoast SEO v25.4) - https:\/\/yoast.com\/wordpress\/plugins\/seo\/ -->\n<title>Antitranspirant-Wirkung - Tewameter - Certified Cosmetics<\/title>\n<meta name=\"description\" content=\"Instrumenteller Tewameter-Test, der die Schwei\u00dfreduktion durch TEWL-Analyse misst, um die Wirksamkeit des Antitranspirants zu best\u00e4tigen und die Leistung im Laufe der Zeit zu quantifizieren\" \/>\n<meta name=\"robots\" content=\"index, follow, max-snippet:-1, max-image-preview:large, max-video-preview:-1\" \/>\n<link rel=\"canonical\" href=\"https:\/\/www.certifiedcosmetics.com\/de\/product\/wirksamkeitstests\/antitranspirant-wirkung-tewameter\/\" \/>\n<meta property=\"og:locale\" content=\"de_DE\" \/>\n<meta property=\"og:type\" content=\"article\" \/>\n<meta property=\"og:title\" content=\"Antitranspirant-Wirkung - Tewameter\" \/>\n<meta property=\"og:description\" content=\"Instrumenteller Tewameter-Test, der die Schwei\u00dfreduktion durch TEWL-Analyse misst, um die Wirksamkeit des Antitranspirants zu best\u00e4tigen und die Leistung im Laufe der Zeit zu quantifizieren\" \/>\n<meta property=\"og:url\" content=\"https:\/\/www.certifiedcosmetics.com\/de\/product\/wirksamkeitstests\/antitranspirant-wirkung-tewameter\/\" \/>\n<meta property=\"og:site_name\" content=\"Certified Cosmetics\" \/>\n<meta property=\"og:image\" content=\"https:\/\/www.certifiedcosmetics.com\/wp-content\/uploads\/2026\/04\/antiperspirant.jpg\" \/>\n\t<meta property=\"og:image:width\" content=\"614\" \/>\n\t<meta property=\"og:image:height\" content=\"613\" \/>\n\t<meta property=\"og:image:type\" content=\"image\/jpeg\" \/>\n<meta name=\"twitter:card\" content=\"summary_large_image\" \/>\n<meta name=\"twitter:label1\" content=\"Verf\u00fcgbarkeit\" \/>\n\t<meta name=\"twitter:data1\" content=\"Auf Lager\" \/>\n<script type=\"application\/ld+json\" class=\"yoast-schema-graph\">{\"@context\":\"https:\/\/schema.org\",\"@graph\":[{\"@type\":\"WebPage\",\"@id\":\"https:\/\/www.certifiedcosmetics.com\/de\/product\/wirksamkeitstests\/antitranspirant-wirkung-tewameter\/\",\"url\":\"https:\/\/www.certifiedcosmetics.com\/de\/product\/wirksamkeitstests\/antitranspirant-wirkung-tewameter\/\",\"name\":\"Antitranspirant-Wirkung - Tewameter - Certified Cosmetics\",\"isPartOf\":{\"@id\":\"https:\/\/www.certifiedcosmetics.com\/de\/#website\"},\"primaryImageOfPage\":{\"@id\":\"https:\/\/www.certifiedcosmetics.com\/de\/product\/wirksamkeitstests\/antitranspirant-wirkung-tewameter\/#primaryimage\"},\"image\":{\"@id\":\"https:\/\/www.certifiedcosmetics.com\/de\/product\/wirksamkeitstests\/antitranspirant-wirkung-tewameter\/#primaryimage\"},\"thumbnailUrl\":\"https:\/\/www.certifiedcosmetics.com\/wp-content\/uploads\/2026\/04\/antiperspirant.jpg\",\"datePublished\":\"2026-04-24T08:28:19+00:00\",\"description\":\"Instrumenteller Tewameter-Test, der die Schwei\u00dfreduktion durch TEWL-Analyse misst, um die Wirksamkeit des Antitranspirants zu best\u00e4tigen und die Leistung im Laufe der Zeit zu quantifizieren\",\"breadcrumb\":{\"@id\":\"https:\/\/www.certifiedcosmetics.com\/de\/product\/wirksamkeitstests\/antitranspirant-wirkung-tewameter\/#breadcrumb\"},\"inLanguage\":\"de\",\"potentialAction\":[{\"@type\":\"ReadAction\",\"target\":[\"https:\/\/www.certifiedcosmetics.com\/de\/product\/wirksamkeitstests\/antitranspirant-wirkung-tewameter\/\"]}]},{\"@type\":\"ImageObject\",\"inLanguage\":\"de\",\"@id\":\"https:\/\/www.certifiedcosmetics.com\/de\/product\/wirksamkeitstests\/antitranspirant-wirkung-tewameter\/#primaryimage\",\"url\":\"https:\/\/www.certifiedcosmetics.com\/wp-content\/uploads\/2026\/04\/antiperspirant.jpg\",\"contentUrl\":\"https:\/\/www.certifiedcosmetics.com\/wp-content\/uploads\/2026\/04\/antiperspirant.jpg\",\"width\":614,\"height\":613},{\"@type\":\"BreadcrumbList\",\"@id\":\"https:\/\/www.certifiedcosmetics.com\/de\/product\/wirksamkeitstests\/antitranspirant-wirkung-tewameter\/#breadcrumb\",\"itemListElement\":[{\"@type\":\"ListItem\",\"position\":1,\"name\":\"Home\",\"item\":\"https:\/\/www.certifiedcosmetics.com\/de\/\"},{\"@type\":\"ListItem\",\"position\":2,\"name\":\"Shop\",\"item\":\"https:\/\/www.certifiedcosmetics.com\/de\/shop-2\/\"},{\"@type\":\"ListItem\",\"position\":3,\"name\":\"Antitranspirant-Wirkung &#8211; Tewameter\"}]},{\"@type\":\"WebSite\",\"@id\":\"https:\/\/www.certifiedcosmetics.com\/de\/#website\",\"url\":\"https:\/\/www.certifiedcosmetics.com\/de\/\",\"name\":\"Certified Cosmetics\",\"description\":\"Cosmetic Safety Assessment\",\"publisher\":{\"@id\":\"https:\/\/www.certifiedcosmetics.com\/de\/#organization\"},\"potentialAction\":[{\"@type\":\"SearchAction\",\"target\":{\"@type\":\"EntryPoint\",\"urlTemplate\":\"https:\/\/www.certifiedcosmetics.com\/de\/?s={search_term_string}\"},\"query-input\":{\"@type\":\"PropertyValueSpecification\",\"valueRequired\":true,\"valueName\":\"search_term_string\"}}],\"inLanguage\":\"de\"},{\"@type\":\"Organization\",\"@id\":\"https:\/\/www.certifiedcosmetics.com\/de\/#organization\",\"name\":\"Certified Cosmetics\",\"url\":\"https:\/\/www.certifiedcosmetics.com\/de\/\",\"logo\":{\"@type\":\"ImageObject\",\"inLanguage\":\"de\",\"@id\":\"https:\/\/www.certifiedcosmetics.com\/de\/#\/schema\/logo\/image\/\",\"url\":\"https:\/\/www.certifiedcosmetics.com\/wp-content\/uploads\/2024\/12\/logo_certified_cosmetics696.jpg\",\"contentUrl\":\"https:\/\/www.certifiedcosmetics.com\/wp-content\/uploads\/2024\/12\/logo_certified_cosmetics696.jpg\",\"width\":696,\"height\":696,\"caption\":\"Certified Cosmetics\"},\"image\":{\"@id\":\"https:\/\/www.certifiedcosmetics.com\/de\/#\/schema\/logo\/image\/\"},\"description\":\"Your trusted partner for cosmetic product safety reporting. We take care of updating all of your documentation, ensuring your compliance stays current even as regulations evolve. The Cosmetic Product Safety Assessment will give you everything you need to sell specific products to EU consumers.\",\"email\":\"contact@certifiedcosmetics.com\",\"telephone\":\"+31 36 2036384\",\"legalName\":\"Certified Cosmetics\",\"foundingDate\":\"2010-01-01\",\"vatID\":\"NL854189543B01\",\"numberOfEmployees\":{\"@type\":\"QuantitativeValue\",\"minValue\":\"11\",\"maxValue\":\"50\"}}]}<\/script>\n<meta property=\"og:availability\" content=\"instock\" \/>\n<meta property=\"product:availability\" content=\"instock\" \/>\n<meta property=\"product:condition\" content=\"new\" \/>\n<!-- \/ Yoast SEO Premium plugin. -->","yoast_head_json":{"title":"Antitranspirant-Wirkung - Tewameter - Certified Cosmetics","description":"Instrumenteller Tewameter-Test, der die Schwei\u00dfreduktion durch TEWL-Analyse misst, um die Wirksamkeit des Antitranspirants zu best\u00e4tigen und die Leistung im Laufe der Zeit zu quantifizieren","robots":{"index":"index","follow":"follow","max-snippet":"max-snippet:-1","max-image-preview":"max-image-preview:large","max-video-preview":"max-video-preview:-1"},"canonical":"https:\/\/www.certifiedcosmetics.com\/de\/product\/wirksamkeitstests\/antitranspirant-wirkung-tewameter\/","og_locale":"de_DE","og_type":"article","og_title":"Antitranspirant-Wirkung - Tewameter","og_description":"Instrumenteller Tewameter-Test, der die Schwei\u00dfreduktion durch TEWL-Analyse misst, um die Wirksamkeit des Antitranspirants zu best\u00e4tigen und die Leistung im Laufe der Zeit zu quantifizieren","og_url":"https:\/\/www.certifiedcosmetics.com\/de\/product\/wirksamkeitstests\/antitranspirant-wirkung-tewameter\/","og_site_name":"Certified Cosmetics","og_image":[{"width":614,"height":613,"url":"https:\/\/www.certifiedcosmetics.com\/wp-content\/uploads\/2026\/04\/antiperspirant.jpg","type":"image\/jpeg"}],"twitter_card":"summary_large_image","twitter_misc":{"Verf\u00fcgbarkeit":"Auf Lager"},"schema":{"@context":"https:\/\/schema.org","@graph":[{"@type":"WebPage","@id":"https:\/\/www.certifiedcosmetics.com\/de\/product\/wirksamkeitstests\/antitranspirant-wirkung-tewameter\/","url":"https:\/\/www.certifiedcosmetics.com\/de\/product\/wirksamkeitstests\/antitranspirant-wirkung-tewameter\/","name":"Antitranspirant-Wirkung - Tewameter - Certified Cosmetics","isPartOf":{"@id":"https:\/\/www.certifiedcosmetics.com\/de\/#website"},"primaryImageOfPage":{"@id":"https:\/\/www.certifiedcosmetics.com\/de\/product\/wirksamkeitstests\/antitranspirant-wirkung-tewameter\/#primaryimage"},"image":{"@id":"https:\/\/www.certifiedcosmetics.com\/de\/product\/wirksamkeitstests\/antitranspirant-wirkung-tewameter\/#primaryimage"},"thumbnailUrl":"https:\/\/www.certifiedcosmetics.com\/wp-content\/uploads\/2026\/04\/antiperspirant.jpg","datePublished":"2026-04-24T08:28:19+00:00","description":"Instrumenteller Tewameter-Test, der die Schwei\u00dfreduktion durch TEWL-Analyse misst, um die Wirksamkeit des Antitranspirants zu best\u00e4tigen und die Leistung im Laufe der Zeit zu quantifizieren","breadcrumb":{"@id":"https:\/\/www.certifiedcosmetics.com\/de\/product\/wirksamkeitstests\/antitranspirant-wirkung-tewameter\/#breadcrumb"},"inLanguage":"de","potentialAction":[{"@type":"ReadAction","target":["https:\/\/www.certifiedcosmetics.com\/de\/product\/wirksamkeitstests\/antitranspirant-wirkung-tewameter\/"]}]},{"@type":"ImageObject","inLanguage":"de","@id":"https:\/\/www.certifiedcosmetics.com\/de\/product\/wirksamkeitstests\/antitranspirant-wirkung-tewameter\/#primaryimage","url":"https:\/\/www.certifiedcosmetics.com\/wp-content\/uploads\/2026\/04\/antiperspirant.jpg","contentUrl":"https:\/\/www.certifiedcosmetics.com\/wp-content\/uploads\/2026\/04\/antiperspirant.jpg","width":614,"height":613},{"@type":"BreadcrumbList","@id":"https:\/\/www.certifiedcosmetics.com\/de\/product\/wirksamkeitstests\/antitranspirant-wirkung-tewameter\/#breadcrumb","itemListElement":[{"@type":"ListItem","position":1,"name":"Home","item":"https:\/\/www.certifiedcosmetics.com\/de\/"},{"@type":"ListItem","position":2,"name":"Shop","item":"https:\/\/www.certifiedcosmetics.com\/de\/shop-2\/"},{"@type":"ListItem","position":3,"name":"Antitranspirant-Wirkung &#8211; Tewameter"}]},{"@type":"WebSite","@id":"https:\/\/www.certifiedcosmetics.com\/de\/#website","url":"https:\/\/www.certifiedcosmetics.com\/de\/","name":"Certified Cosmetics","description":"Cosmetic Safety Assessment","publisher":{"@id":"https:\/\/www.certifiedcosmetics.com\/de\/#organization"},"potentialAction":[{"@type":"SearchAction","target":{"@type":"EntryPoint","urlTemplate":"https:\/\/www.certifiedcosmetics.com\/de\/?s={search_term_string}"},"query-input":{"@type":"PropertyValueSpecification","valueRequired":true,"valueName":"search_term_string"}}],"inLanguage":"de"},{"@type":"Organization","@id":"https:\/\/www.certifiedcosmetics.com\/de\/#organization","name":"Certified Cosmetics","url":"https:\/\/www.certifiedcosmetics.com\/de\/","logo":{"@type":"ImageObject","inLanguage":"de","@id":"https:\/\/www.certifiedcosmetics.com\/de\/#\/schema\/logo\/image\/","url":"https:\/\/www.certifiedcosmetics.com\/wp-content\/uploads\/2024\/12\/logo_certified_cosmetics696.jpg","contentUrl":"https:\/\/www.certifiedcosmetics.com\/wp-content\/uploads\/2024\/12\/logo_certified_cosmetics696.jpg","width":696,"height":696,"caption":"Certified Cosmetics"},"image":{"@id":"https:\/\/www.certifiedcosmetics.com\/de\/#\/schema\/logo\/image\/"},"description":"Your trusted partner for cosmetic product safety reporting. We take care of updating all of your documentation, ensuring your compliance stays current even as regulations evolve. The Cosmetic Product Safety Assessment will give you everything you need to sell specific products to EU consumers.","email":"contact@certifiedcosmetics.com","telephone":"+31 36 2036384","legalName":"Certified Cosmetics","foundingDate":"2010-01-01","vatID":"NL854189543B01","numberOfEmployees":{"@type":"QuantitativeValue","minValue":"11","maxValue":"50"}}]},"og_availability":"instock","product_availability":"instock","product_condition":"new"},"_links":{"self":[{"href":"https:\/\/www.certifiedcosmetics.com\/de\/wp-json\/wp\/v2\/product\/17018","targetHints":{"allow":["GET"]}}],"collection":[{"href":"https:\/\/www.certifiedcosmetics.com\/de\/wp-json\/wp\/v2\/product"}],"about":[{"href":"https:\/\/www.certifiedcosmetics.com\/de\/wp-json\/wp\/v2\/types\/product"}],"wp:featuredmedia":[{"embeddable":true,"href":"https:\/\/www.certifiedcosmetics.com\/de\/wp-json\/wp\/v2\/media\/16187"}],"wp:attachment":[{"href":"https:\/\/www.certifiedcosmetics.com\/de\/wp-json\/wp\/v2\/media?parent=17018"}],"wp:term":[{"taxonomy":"product_brand","embeddable":true,"href":"https:\/\/www.certifiedcosmetics.com\/de\/wp-json\/wp\/v2\/product_brand?post=17018"},{"taxonomy":"product_cat","embeddable":true,"href":"https:\/\/www.certifiedcosmetics.com\/de\/wp-json\/wp\/v2\/product_cat?post=17018"},{"taxonomy":"product_tag","embeddable":true,"href":"https:\/\/www.certifiedcosmetics.com\/de\/wp-json\/wp\/v2\/product_tag?post=17018"}],"curies":[{"name":"wp","href":"https:\/\/api.w.org\/{rel}","templated":true}]}}