{"id":15624,"date":"2026-03-18T11:03:25","date_gmt":"2026-03-18T10:03:25","guid":{"rendered":"https:\/\/www.certifiedcosmetics.com\/product\/unkategorisiert\/pcn-benachrichtigung-laenderregistrierung\/"},"modified":"2026-03-18T11:03:25","modified_gmt":"2026-03-18T10:03:25","slug":"pcn-benachrichtigung-laenderregistrierung","status":"publish","type":"product","link":"https:\/\/www.certifiedcosmetics.com\/de\/product\/pcn-benachrichtigung\/pcn-benachrichtigung-laenderregistrierung\/","title":{"rendered":"PCN-Benachrichtigung L\u00e4nderregistrierung"},"content":{"rendered":"<p>Die PCN\/UFI-Pflicht gilt in allen EU- und EWR-L\u00e4ndern, in denen gef\u00e4hrliche Gemische in Verkehr gebracht werden. Die PCN\/UFI-Pflicht gilt in allen EU- und EWR-L\u00e4ndern, in denen gef\u00e4hrliche Gemische in Verkehr gebracht werden. Mit diesem Service kannst du deine bestehende PCN-Meldung auf weitere L\u00e4nder ausdehnen, sobald die erste Meldung durch uns erfolgt ist.  <\/p>\n<h2 id=\"h-landen-voor-pcn-registratie\" class=\"wp-block-heading\">L\u00e4nder f\u00fcr die PCN-Registrierung<\/h2>\n<p>Du kannst die Anzahl der L\u00e4nder z\u00e4hlen, in denen du dein Produkt anmelden m\u00f6chtest. Das ist die Anzahl der L\u00e4nder, die du kaufen musst. Du kannst die einzelnen L\u00e4nder w\u00e4hrend des Registrierungsprozesses eingeben, nachdem du sie gekauft hast. Wenn du den Verkauf deiner Produkte sp\u00e4ter auf weitere L\u00e4nder ausweiten willst, kannst du jederzeit zus\u00e4tzliche L\u00e4nder bestellen.<br \/>\nDie EU hat 27 L\u00e4nder und der EWR 30 (EU+Lichtenstein, Norwegen und Island).   <\/p>\n<figure class=\"wp-block-table\">\n<table class=\"has-fixed-layout\">\n<tbody>\n<tr>\n<td class=\"has-text-align-left\" data-align=\"left\">Belgien<\/td>\n<td class=\"has-text-align-left\" data-align=\"left\">(BE)<\/td>\n<td class=\"has-text-align-left\" data-align=\"left\">Spanien<\/td>\n<td class=\"has-text-align-left\" data-align=\"left\">(ES)<\/td>\n<td class=\"has-text-align-left\" data-align=\"left\">Ungarn<\/td>\n<td class=\"has-text-align-left\" data-align=\"left\">(HU)<\/td>\n<td class=\"has-text-align-left\" data-align=\"left\">Slowakei<\/td>\n<td class=\"has-text-align-left\" data-align=\"left\">(SK)<\/td>\n<\/tr>\n<tr>\n<td class=\"has-text-align-left\" data-align=\"left\">Bulgarien<\/td>\n<td class=\"has-text-align-left\" data-align=\"left\">(BG)<\/td>\n<td class=\"has-text-align-left\" data-align=\"left\">Frankreich<\/td>\n<td class=\"has-text-align-left\" data-align=\"left\">(FR)<\/td>\n<td class=\"has-text-align-left\" data-align=\"left\">Malta<\/td>\n<td class=\"has-text-align-left\" data-align=\"left\">(MT)<\/td>\n<td class=\"has-text-align-left\" data-align=\"left\">Finnland<\/td>\n<td class=\"has-text-align-left\" data-align=\"left\">(FI)<\/td>\n<\/tr>\n<tr>\n<td class=\"has-text-align-left\" data-align=\"left\">Tschechische Republik<\/td>\n<td class=\"has-text-align-left\" data-align=\"left\">(CZ)<\/td>\n<td class=\"has-text-align-left\" data-align=\"left\">Kroatien<\/td>\n<td class=\"has-text-align-left\" data-align=\"left\">(HR)<\/td>\n<td class=\"has-text-align-left\" data-align=\"left\">Niederlande<\/td>\n<td class=\"has-text-align-left\" data-align=\"left\">(DE)<\/td>\n<td class=\"has-text-align-left\" data-align=\"left\">Schweden<\/td>\n<td class=\"has-text-align-left\" data-align=\"left\">(SE)<\/td>\n<\/tr>\n<tr>\n<td class=\"has-text-align-left\" data-align=\"left\">D\u00e4nemark<\/td>\n<td class=\"has-text-align-left\" data-align=\"left\">(DK)<\/td>\n<td class=\"has-text-align-left\" data-align=\"left\">Italien<\/td>\n<td class=\"has-text-align-left\" data-align=\"left\">(IT)<\/td>\n<td class=\"has-text-align-left\" data-align=\"left\">\u00d6sterreich<\/td>\n<td class=\"has-text-align-left\" data-align=\"left\">(AT)<\/td>\n<td class=\"has-text-align-left\" data-align=\"left\">Deutschland<\/td>\n<td class=\"has-text-align-left\" data-align=\"left\">(DE)<\/td>\n<\/tr>\n<tr>\n<td class=\"has-text-align-left\" data-align=\"left\">Zypern<\/td>\n<td class=\"has-text-align-left\" data-align=\"left\">(CY)<\/td>\n<td class=\"has-text-align-left\" data-align=\"left\">Polen<\/td>\n<td class=\"has-text-align-left\" data-align=\"left\">(PL)<\/td>\n<td class=\"has-text-align-left\" data-align=\"left\">Island<\/td>\n<td class=\"has-text-align-left\" data-align=\"left\">(IS)<\/td>\n<td class=\"has-text-align-left\" data-align=\"left\">Estland<\/td>\n<td class=\"has-text-align-left\" data-align=\"left\">(EE)<\/td>\n<\/tr>\n<tr>\n<td class=\"has-text-align-left\" data-align=\"left\">Lettland<\/td>\n<td class=\"has-text-align-left\" data-align=\"left\">(LV)<\/td>\n<td class=\"has-text-align-left\" data-align=\"left\">Portugal<\/td>\n<td class=\"has-text-align-left\" data-align=\"left\">(PT)<\/td>\n<td class=\"has-text-align-left\" data-align=\"left\">Liechtenstein<\/td>\n<td class=\"has-text-align-left\" data-align=\"left\">(LI)<\/td>\n<td class=\"has-text-align-left\" data-align=\"left\">Irland<\/td>\n<td class=\"has-text-align-left\" data-align=\"left\">(IE)<\/td>\n<\/tr>\n<tr>\n<td class=\"has-text-align-left\" data-align=\"left\">Litauen<\/td>\n<td class=\"has-text-align-left\" data-align=\"left\">(LT)<\/td>\n<td class=\"has-text-align-left\" data-align=\"left\">Rum\u00e4nien<\/td>\n<td class=\"has-text-align-left\" data-align=\"left\">(RO)<\/td>\n<td class=\"has-text-align-left\" data-align=\"left\">Norwegen<\/td>\n<td class=\"has-text-align-left\" data-align=\"left\">(NEIN)<\/td>\n<td class=\"has-text-align-left\" data-align=\"left\">Griechenland<\/td>\n<td class=\"has-text-align-left\" data-align=\"left\">(EL)<\/td>\n<\/tr>\n<tr>\n<td class=\"has-text-align-left\" data-align=\"left\">Luxemburg<\/td>\n<td class=\"has-text-align-left\" data-align=\"left\">(LU)<\/td>\n<td class=\"has-text-align-left\" data-align=\"left\">Slowenien<\/td>\n<td class=\"has-text-align-left\" data-align=\"left\">(SI)<\/td>\n<td class=\"has-text-align-left\" data-align=\"left\">Schweiz*<\/td>\n<td class=\"has-text-align-left\" data-align=\"left\">(CH)<\/td>\n<td class=\"has-text-align-left\" data-align=\"left\"><\/td>\n<td class=\"has-text-align-left\" data-align=\"left\"><\/td>\n<\/tr>\n<\/tbody>\n<\/table>\n<\/figure>\n<p>*F\u00fcr die Schweiz k\u00f6nnen wir die PCN-Datei mit allen notwendigen Informationen erstellen, um einen Antrag im Schweizer Portal zu stellen. Bitte kontaktiere uns f\u00fcr weitere Informationen. <\/p>\n<h2>Wichtige Ausnahmen und zu beachtende Punkte<\/h2>\n<p>Obwohl das System weitgehend harmonisiert ist, gibt es je nach Land einige Unterschiede:<\/p>\n<h3>1. Sprachliche Anforderungen<\/h3>\n<ul>\n<li>Die PCN muss oft in der Amtssprache des Landes eingereicht werden<\/li>\n<li>Einige L\u00e4nder akzeptieren Englisch, aber nicht alle<\/li>\n<li>Beispiel: Frankreich und Spanien ben\u00f6tigen in der Regel ihre eigene Sprache<\/li>\n<\/ul>\n<h3>2. Nationale Anforderungen<\/h3>\n<ul>\n<li>Einige L\u00e4nder haben zus\u00e4tzliche Anforderungen oder Systeme<\/li>\n<li>Italien und Deutschland hatten historisch gesehen ihre eigenen Systeme (inzwischen weitgehend harmonisiert)<\/li>\n<li>In einigen F\u00e4llen ist eine zus\u00e4tzliche nationale Meldung erforderlich<\/li>\n<\/ul>\n","protected":false},"excerpt":{"rendered":"<p>Die PCN\/UFI-Pflicht gilt in allen EU- und EWR-L\u00e4ndern, in denen gef\u00e4hrliche Gemische in Verkehr gebracht werden. Die PCN\/UFI-Pflicht gilt in allen EU- und EWR-L\u00e4ndern, in denen gef\u00e4hrliche Gemische in Verkehr gebracht werden. Mit diesem Service kannst du deine bestehende PCN-Meldung auf weitere L\u00e4nder ausdehnen, sobald die erste Meldung durch uns erfolgt ist. L\u00e4nder f\u00fcr die&#8230;<\/p>\n","protected":false},"featured_media":6578,"template":"","meta":[],"product_brand":[],"product_cat":[402],"product_tag":[],"class_list":{"0":"post-15624","1":"product","2":"type-product","3":"status-publish","4":"has-post-thumbnail","6":"product_cat-pcn-benachrichtigung","8":"first","9":"instock","10":"virtual","11":"taxable","12":"purchasable","13":"product-type-simple"},"bundled_by":[],"bundle_stock_status":"instock","bundle_stock_quantity":null,"bundle_virtual":false,"bundle_layout":"","bundle_add_to_cart_form_location":"","bundle_editable_in_cart":false,"bundle_sold_individually_context":"","bundle_item_grouping":"","bundle_min_size":"","bundle_max_size":"","bundle_price":[],"bundled_items":[],"bundle_sell_ids":[],"yoast_head":"<!-- This site is optimized with the Yoast SEO Premium plugin v25.4 (Yoast SEO v25.4) - https:\/\/yoast.com\/wordpress\/plugins\/seo\/ -->\n<title>PCN-Benachrichtigung L\u00e4nderregistrierung - Certified Cosmetics<\/title>\n<meta name=\"robots\" content=\"index, follow, max-snippet:-1, max-image-preview:large, max-video-preview:-1\" \/>\n<link rel=\"canonical\" href=\"https:\/\/www.certifiedcosmetics.com\/de\/product\/pcn-benachrichtigung\/pcn-benachrichtigung-laenderregistrierung\/\" \/>\n<meta property=\"og:locale\" content=\"de_DE\" \/>\n<meta property=\"og:type\" content=\"article\" \/>\n<meta property=\"og:title\" content=\"PCN-Benachrichtigung L\u00e4nderregistrierung\" \/>\n<meta property=\"og:description\" content=\"Die PCN\/UFI-Pflicht gilt in allen EU- und EWR-L\u00e4ndern, in denen gef\u00e4hrliche Gemische in Verkehr gebracht werden. Die PCN\/UFI-Pflicht gilt in allen EU- und EWR-L\u00e4ndern, in denen gef\u00e4hrliche Gemische in Verkehr gebracht werden. Mit diesem Service kannst du deine bestehende PCN-Meldung auf weitere L\u00e4nder ausdehnen, sobald die erste Meldung durch uns erfolgt ist. L\u00e4nder f\u00fcr die...\" \/>\n<meta property=\"og:url\" content=\"https:\/\/www.certifiedcosmetics.com\/de\/product\/pcn-benachrichtigung\/pcn-benachrichtigung-laenderregistrierung\/\" \/>\n<meta property=\"og:site_name\" content=\"Certified Cosmetics\" \/>\n<meta property=\"og:image\" content=\"https:\/\/www.certifiedcosmetics.com\/wp-content\/uploads\/2023\/11\/pif.jpg\" \/>\n\t<meta property=\"og:image:width\" content=\"800\" \/>\n\t<meta property=\"og:image:height\" content=\"800\" \/>\n\t<meta property=\"og:image:type\" content=\"image\/jpeg\" \/>\n<meta name=\"twitter:card\" content=\"summary_large_image\" \/>\n<meta name=\"twitter:label1\" content=\"Preis\" \/>\n\t<meta name=\"twitter:data1\" content=\"&#036;41.19\" \/>\n\t<meta name=\"twitter:label2\" content=\"Verf\u00fcgbarkeit\" \/>\n\t<meta name=\"twitter:data2\" content=\"Auf Lager\" \/>\n<script type=\"application\/ld+json\" class=\"yoast-schema-graph\">{\"@context\":\"https:\/\/schema.org\",\"@graph\":[{\"@type\":\"WebPage\",\"@id\":\"https:\/\/www.certifiedcosmetics.com\/de\/product\/pcn-benachrichtigung\/pcn-benachrichtigung-laenderregistrierung\/\",\"url\":\"https:\/\/www.certifiedcosmetics.com\/de\/product\/pcn-benachrichtigung\/pcn-benachrichtigung-laenderregistrierung\/\",\"name\":\"PCN-Benachrichtigung L\u00e4nderregistrierung - Certified Cosmetics\",\"isPartOf\":{\"@id\":\"https:\/\/www.certifiedcosmetics.com\/de\/#website\"},\"primaryImageOfPage\":{\"@id\":\"https:\/\/www.certifiedcosmetics.com\/de\/product\/pcn-benachrichtigung\/pcn-benachrichtigung-laenderregistrierung\/#primaryimage\"},\"image\":{\"@id\":\"https:\/\/www.certifiedcosmetics.com\/de\/product\/pcn-benachrichtigung\/pcn-benachrichtigung-laenderregistrierung\/#primaryimage\"},\"thumbnailUrl\":\"https:\/\/www.certifiedcosmetics.com\/wp-content\/uploads\/2023\/11\/pif.jpg\",\"datePublished\":\"2026-03-18T10:03:25+00:00\",\"breadcrumb\":{\"@id\":\"https:\/\/www.certifiedcosmetics.com\/de\/product\/pcn-benachrichtigung\/pcn-benachrichtigung-laenderregistrierung\/#breadcrumb\"},\"inLanguage\":\"de\",\"potentialAction\":[{\"@type\":\"ReadAction\",\"target\":[\"https:\/\/www.certifiedcosmetics.com\/de\/product\/pcn-benachrichtigung\/pcn-benachrichtigung-laenderregistrierung\/\"]}]},{\"@type\":\"ImageObject\",\"inLanguage\":\"de\",\"@id\":\"https:\/\/www.certifiedcosmetics.com\/de\/product\/pcn-benachrichtigung\/pcn-benachrichtigung-laenderregistrierung\/#primaryimage\",\"url\":\"https:\/\/www.certifiedcosmetics.com\/wp-content\/uploads\/2023\/11\/pif.jpg\",\"contentUrl\":\"https:\/\/www.certifiedcosmetics.com\/wp-content\/uploads\/2023\/11\/pif.jpg\",\"width\":800,\"height\":800},{\"@type\":\"BreadcrumbList\",\"@id\":\"https:\/\/www.certifiedcosmetics.com\/de\/product\/pcn-benachrichtigung\/pcn-benachrichtigung-laenderregistrierung\/#breadcrumb\",\"itemListElement\":[{\"@type\":\"ListItem\",\"position\":1,\"name\":\"Home\",\"item\":\"https:\/\/www.certifiedcosmetics.com\/de\/\"},{\"@type\":\"ListItem\",\"position\":2,\"name\":\"Shop\",\"item\":\"https:\/\/www.certifiedcosmetics.com\/de\/shop-2\/\"},{\"@type\":\"ListItem\",\"position\":3,\"name\":\"PCN-Benachrichtigung L\u00e4nderregistrierung\"}]},{\"@type\":\"WebSite\",\"@id\":\"https:\/\/www.certifiedcosmetics.com\/de\/#website\",\"url\":\"https:\/\/www.certifiedcosmetics.com\/de\/\",\"name\":\"Certified Cosmetics\",\"description\":\"Cosmetic Safety Assessment\",\"publisher\":{\"@id\":\"https:\/\/www.certifiedcosmetics.com\/de\/#organization\"},\"potentialAction\":[{\"@type\":\"SearchAction\",\"target\":{\"@type\":\"EntryPoint\",\"urlTemplate\":\"https:\/\/www.certifiedcosmetics.com\/de\/?s={search_term_string}\"},\"query-input\":{\"@type\":\"PropertyValueSpecification\",\"valueRequired\":true,\"valueName\":\"search_term_string\"}}],\"inLanguage\":\"de\"},{\"@type\":\"Organization\",\"@id\":\"https:\/\/www.certifiedcosmetics.com\/de\/#organization\",\"name\":\"Certified Cosmetics\",\"url\":\"https:\/\/www.certifiedcosmetics.com\/de\/\",\"logo\":{\"@type\":\"ImageObject\",\"inLanguage\":\"de\",\"@id\":\"https:\/\/www.certifiedcosmetics.com\/de\/#\/schema\/logo\/image\/\",\"url\":\"https:\/\/www.certifiedcosmetics.com\/wp-content\/uploads\/2024\/12\/logo_certified_cosmetics696.jpg\",\"contentUrl\":\"https:\/\/www.certifiedcosmetics.com\/wp-content\/uploads\/2024\/12\/logo_certified_cosmetics696.jpg\",\"width\":696,\"height\":696,\"caption\":\"Certified Cosmetics\"},\"image\":{\"@id\":\"https:\/\/www.certifiedcosmetics.com\/de\/#\/schema\/logo\/image\/\"},\"description\":\"Your trusted partner for cosmetic product safety reporting. We take care of updating all of your documentation, ensuring your compliance stays current even as regulations evolve. The Cosmetic Product Safety Assessment will give you everything you need to sell specific products to EU consumers.\",\"email\":\"contact@certifiedcosmetics.com\",\"telephone\":\"+31 36 2036384\",\"legalName\":\"Certified Cosmetics\",\"foundingDate\":\"2010-01-01\",\"vatID\":\"NL854189543B01\",\"numberOfEmployees\":{\"@type\":\"QuantitativeValue\",\"minValue\":\"11\",\"maxValue\":\"50\"}}]}<\/script>\n<meta property=\"product:price:amount\" content=\"41.19\" \/>\n<meta property=\"product:price:currency\" content=\"USD\" \/>\n<meta property=\"og:availability\" content=\"instock\" \/>\n<meta property=\"product:availability\" content=\"instock\" \/>\n<meta property=\"product:retailer_item_id\" content=\"CC100002\" \/>\n<meta property=\"product:condition\" content=\"new\" \/>\n<!-- \/ Yoast SEO Premium plugin. -->","yoast_head_json":{"title":"PCN-Benachrichtigung L\u00e4nderregistrierung - Certified Cosmetics","robots":{"index":"index","follow":"follow","max-snippet":"max-snippet:-1","max-image-preview":"max-image-preview:large","max-video-preview":"max-video-preview:-1"},"canonical":"https:\/\/www.certifiedcosmetics.com\/de\/product\/pcn-benachrichtigung\/pcn-benachrichtigung-laenderregistrierung\/","og_locale":"de_DE","og_type":"article","og_title":"PCN-Benachrichtigung L\u00e4nderregistrierung","og_description":"Die PCN\/UFI-Pflicht gilt in allen EU- und EWR-L\u00e4ndern, in denen gef\u00e4hrliche Gemische in Verkehr gebracht werden. Die PCN\/UFI-Pflicht gilt in allen EU- und EWR-L\u00e4ndern, in denen gef\u00e4hrliche Gemische in Verkehr gebracht werden. Mit diesem Service kannst du deine bestehende PCN-Meldung auf weitere L\u00e4nder ausdehnen, sobald die erste Meldung durch uns erfolgt ist. L\u00e4nder f\u00fcr die...","og_url":"https:\/\/www.certifiedcosmetics.com\/de\/product\/pcn-benachrichtigung\/pcn-benachrichtigung-laenderregistrierung\/","og_site_name":"Certified Cosmetics","og_image":[{"width":800,"height":800,"url":"https:\/\/www.certifiedcosmetics.com\/wp-content\/uploads\/2023\/11\/pif.jpg","type":"image\/jpeg"}],"twitter_card":"summary_large_image","twitter_misc":{"Preis":"&#36;41.19","Verf\u00fcgbarkeit":"Auf Lager"},"schema":{"@context":"https:\/\/schema.org","@graph":[{"@type":"WebPage","@id":"https:\/\/www.certifiedcosmetics.com\/de\/product\/pcn-benachrichtigung\/pcn-benachrichtigung-laenderregistrierung\/","url":"https:\/\/www.certifiedcosmetics.com\/de\/product\/pcn-benachrichtigung\/pcn-benachrichtigung-laenderregistrierung\/","name":"PCN-Benachrichtigung L\u00e4nderregistrierung - Certified Cosmetics","isPartOf":{"@id":"https:\/\/www.certifiedcosmetics.com\/de\/#website"},"primaryImageOfPage":{"@id":"https:\/\/www.certifiedcosmetics.com\/de\/product\/pcn-benachrichtigung\/pcn-benachrichtigung-laenderregistrierung\/#primaryimage"},"image":{"@id":"https:\/\/www.certifiedcosmetics.com\/de\/product\/pcn-benachrichtigung\/pcn-benachrichtigung-laenderregistrierung\/#primaryimage"},"thumbnailUrl":"https:\/\/www.certifiedcosmetics.com\/wp-content\/uploads\/2023\/11\/pif.jpg","datePublished":"2026-03-18T10:03:25+00:00","breadcrumb":{"@id":"https:\/\/www.certifiedcosmetics.com\/de\/product\/pcn-benachrichtigung\/pcn-benachrichtigung-laenderregistrierung\/#breadcrumb"},"inLanguage":"de","potentialAction":[{"@type":"ReadAction","target":["https:\/\/www.certifiedcosmetics.com\/de\/product\/pcn-benachrichtigung\/pcn-benachrichtigung-laenderregistrierung\/"]}]},{"@type":"ImageObject","inLanguage":"de","@id":"https:\/\/www.certifiedcosmetics.com\/de\/product\/pcn-benachrichtigung\/pcn-benachrichtigung-laenderregistrierung\/#primaryimage","url":"https:\/\/www.certifiedcosmetics.com\/wp-content\/uploads\/2023\/11\/pif.jpg","contentUrl":"https:\/\/www.certifiedcosmetics.com\/wp-content\/uploads\/2023\/11\/pif.jpg","width":800,"height":800},{"@type":"BreadcrumbList","@id":"https:\/\/www.certifiedcosmetics.com\/de\/product\/pcn-benachrichtigung\/pcn-benachrichtigung-laenderregistrierung\/#breadcrumb","itemListElement":[{"@type":"ListItem","position":1,"name":"Home","item":"https:\/\/www.certifiedcosmetics.com\/de\/"},{"@type":"ListItem","position":2,"name":"Shop","item":"https:\/\/www.certifiedcosmetics.com\/de\/shop-2\/"},{"@type":"ListItem","position":3,"name":"PCN-Benachrichtigung L\u00e4nderregistrierung"}]},{"@type":"WebSite","@id":"https:\/\/www.certifiedcosmetics.com\/de\/#website","url":"https:\/\/www.certifiedcosmetics.com\/de\/","name":"Certified Cosmetics","description":"Cosmetic Safety Assessment","publisher":{"@id":"https:\/\/www.certifiedcosmetics.com\/de\/#organization"},"potentialAction":[{"@type":"SearchAction","target":{"@type":"EntryPoint","urlTemplate":"https:\/\/www.certifiedcosmetics.com\/de\/?s={search_term_string}"},"query-input":{"@type":"PropertyValueSpecification","valueRequired":true,"valueName":"search_term_string"}}],"inLanguage":"de"},{"@type":"Organization","@id":"https:\/\/www.certifiedcosmetics.com\/de\/#organization","name":"Certified Cosmetics","url":"https:\/\/www.certifiedcosmetics.com\/de\/","logo":{"@type":"ImageObject","inLanguage":"de","@id":"https:\/\/www.certifiedcosmetics.com\/de\/#\/schema\/logo\/image\/","url":"https:\/\/www.certifiedcosmetics.com\/wp-content\/uploads\/2024\/12\/logo_certified_cosmetics696.jpg","contentUrl":"https:\/\/www.certifiedcosmetics.com\/wp-content\/uploads\/2024\/12\/logo_certified_cosmetics696.jpg","width":696,"height":696,"caption":"Certified Cosmetics"},"image":{"@id":"https:\/\/www.certifiedcosmetics.com\/de\/#\/schema\/logo\/image\/"},"description":"Your trusted partner for cosmetic product safety reporting. We take care of updating all of your documentation, ensuring your compliance stays current even as regulations evolve. The Cosmetic Product Safety Assessment will give you everything you need to sell specific products to EU consumers.","email":"contact@certifiedcosmetics.com","telephone":"+31 36 2036384","legalName":"Certified Cosmetics","foundingDate":"2010-01-01","vatID":"NL854189543B01","numberOfEmployees":{"@type":"QuantitativeValue","minValue":"11","maxValue":"50"}}]},"product_price_amount":"41.19","product_price_currency":"USD","og_availability":"instock","product_availability":"instock","product_retailer_item_id":"CC100002","product_condition":"new"},"_links":{"self":[{"href":"https:\/\/www.certifiedcosmetics.com\/de\/wp-json\/wp\/v2\/product\/15624","targetHints":{"allow":["GET"]}}],"collection":[{"href":"https:\/\/www.certifiedcosmetics.com\/de\/wp-json\/wp\/v2\/product"}],"about":[{"href":"https:\/\/www.certifiedcosmetics.com\/de\/wp-json\/wp\/v2\/types\/product"}],"wp:featuredmedia":[{"embeddable":true,"href":"https:\/\/www.certifiedcosmetics.com\/de\/wp-json\/wp\/v2\/media\/6578"}],"wp:attachment":[{"href":"https:\/\/www.certifiedcosmetics.com\/de\/wp-json\/wp\/v2\/media?parent=15624"}],"wp:term":[{"taxonomy":"product_brand","embeddable":true,"href":"https:\/\/www.certifiedcosmetics.com\/de\/wp-json\/wp\/v2\/product_brand?post=15624"},{"taxonomy":"product_cat","embeddable":true,"href":"https:\/\/www.certifiedcosmetics.com\/de\/wp-json\/wp\/v2\/product_cat?post=15624"},{"taxonomy":"product_tag","embeddable":true,"href":"https:\/\/www.certifiedcosmetics.com\/de\/wp-json\/wp\/v2\/product_tag?post=15624"}],"curies":[{"name":"wp","href":"https:\/\/api.w.org\/{rel}","templated":true}]}}