{"id":15309,"date":"2026-03-03T15:05:13","date_gmt":"2026-03-03T14:05:13","guid":{"rendered":"https:\/\/www.certifiedcosmetics.com\/product\/unkategorisiert\/pif-und-sicherheitsbericht-fuer-kosmetische-produkte-whitelabel\/"},"modified":"2026-03-03T15:05:13","modified_gmt":"2026-03-03T14:05:13","slug":"pif-und-sicherheitsbericht-fuer-kosmetische-produkte-whitelabel","status":"publish","type":"product","link":"https:\/\/www.certifiedcosmetics.com\/de\/product\/kosmetische-sicherheitsprufung\/pif-und-sicherheitsbericht-fuer-kosmetische-produkte-whitelabel\/","title":{"rendered":"PIF und Sicherheitsbericht f\u00fcr kosmetische Produkte &#8211; Whitelabel"},"content":{"rendered":"<p data-start=\"143\" data-end=\"432\">White-Label-Kosmetika bieten wertvolle Gesch\u00e4ftsm\u00f6glichkeiten f\u00fcr Hersteller, die den Vertrieb ausweiten wollen, und f\u00fcr H\u00e4ndler, die Produkte unter ihrer eigenen Marke auf den Markt bringen wollen. Allerdings muss die regulatorische Struktur hinter einem White-Label-Produkt von Anfang an sorgf\u00e4ltig festgelegt werden. <\/p>\n<p data-start=\"434\" data-end=\"664\">F\u00fcr Hersteller kann es wichtig sein, die Kontrolle \u00fcber die Formulierung, die Produktinformationsdatei (PIF) und die beh\u00f6rdliche Verantwortung zu behalten, um das geistige Eigentum zu sch\u00fctzen und eine einheitliche Einhaltung der Vorschriften bei mehreren Kunden zu gew\u00e4hrleisten.<\/p>\n<p data-start=\"666\" data-end=\"892\">F\u00fcr H\u00e4ndler bedeutet die \u00dcbernahme der Marke oft, dass sie die verantwortliche Person werden und einen v\u00f6llig unabh\u00e4ngigen PIF in ihrem eigenen Namen f\u00fchren. Dies erfordert eine eindeutige \u00dcbertragung der Dokumentation und der rechtlichen Verantwortlichkeit. <\/p>\n<p data-start=\"894\" data-end=\"1173\" data-is-last-node=\"\" data-is-only-node=\"\">Dieser Whitelabel-CPSR-Service ist so konzipiert, dass er beide Modelle unterst\u00fctzt. Unabh\u00e4ngig davon, ob du die verantwortliche Person bleibst oder die Verantwortung an den Vertreiber \u00fcbertr\u00e4gst, stellen wir sicher, dass der regulatorische Rahmen korrekt strukturiert und dokumentiert ist und der Verordnung (EG) Nr. 1223\/2009 entspricht. <\/p>\n<h2 data-start=\"894\" data-end=\"1173\">Wie funktioniert das Whitelabel PIF und CPSR?<\/h2>\n<p data-start=\"152\" data-end=\"319\">Dieser Service f\u00fcr den Cosmetic Product Safety Report (CPSR) steht ausschlie\u00dflich f\u00fcr Whitelabel-Produkte zur Verf\u00fcgung, f\u00fcr die wir bereits das Original-PIF und\/oder den CPSR erstellt haben. Wenn ein Whitelabel PIF und CPSR f\u00fcr ein bestehendes Produkt ben\u00f6tigt wird, das nicht von Certified Cosmetics erstellt wurde, m\u00fcssen wir es zun\u00e4chst neu erstellen. Dieser Service muss zuerst in Anspruch genommen werden: <a href=\"https:\/\/www.certifiedcosmetics.com\/de\/product\/kosmetische-sicherheitsprufung\/bewertung-der-sicherheit-kosmetischer-produkte-cpsr\/\">Kosmetischer Produktsicherheitsbericht &#8211; CPSR<\/a>  <\/p>\n<p data-start=\"321\" data-end=\"389\">Es gibt zwei m\u00f6gliche regulatorische Szenarien f\u00fcr Whitelabel-Produkte:<\/p>\n<ol data-start=\"391\" data-end=\"516\">\n<li data-start=\"391\" data-end=\"459\">\n<p data-start=\"394\" data-end=\"459\">Der Whitelabel-Hersteller bleibt die verantwortliche Person (RP)<\/p>\n<\/li>\n<li data-start=\"460\" data-end=\"516\">\n<p data-start=\"463\" data-end=\"516\">Der H\u00e4ndler wird zur verantwortlichen Person (RP)<\/p>\n<\/li>\n<\/ol>\n<p data-start=\"518\" data-end=\"582\">Jedes Szenario hat unterschiedliche rechtliche Anforderungen und Leistungen.<\/p>\n<h2>Der Whitelabel-Hersteller bleibt die verantwortliche Person<\/h2>\n<p data-start=\"664\" data-end=\"787\">In diesem Fall ist der urspr\u00fcngliche Hersteller weiterhin die verantwortliche Person gem\u00e4\u00df der Verordnung (EG) Nr. 1223\/2009.<\/p>\n<p data-start=\"789\" data-end=\"802\"><strong>Anforderungen:<\/strong><\/p>\n<ul data-start=\"803\" data-end=\"1038\">\n<li data-start=\"803\" data-end=\"874\">\n<p data-start=\"805\" data-end=\"874\">Der Name und die Adresse des Herstellers m\u00fcssen auf dem Produktetikett stehen.<\/p>\n<\/li>\n<li data-start=\"875\" data-end=\"966\">\n<p data-start=\"877\" data-end=\"966\">Die Produktinformationsdatei (PIF) und der CPSR bleiben unter der Kontrolle des Herstellers.<\/p>\n<\/li>\n<li data-start=\"967\" data-end=\"1038\">\n<p data-start=\"969\" data-end=\"1038\">Die Formulierung bleibt vertraulich und wird vom Hersteller verwaltet.<\/p>\n<\/li>\n<\/ul>\n<p data-start=\"1040\" data-end=\"1146\">Diese Struktur stellt sicher, dass der Hersteller die Kontrolle \u00fcber die Rezeptur und die regulatorische Dokumentation beh\u00e4lt.<\/p>\n<p data-start=\"1148\" data-end=\"1165\"><strong>Ergebnisse:<\/strong><\/p>\n<ul data-start=\"1166\" data-end=\"1276\">\n<li data-start=\"1166\" data-end=\"1210\">\n<p data-start=\"1168\" data-end=\"1210\">Pr\u00fcfung der Einhaltung der Etikettierungsvorschriften (\u00dcberpr\u00fcfung nach Artikel 19)<\/p>\n<\/li>\n<li data-start=\"1211\" data-end=\"1276\">\n<p data-start=\"1213\" data-end=\"1276\">Anhang zum bestehenden PIF, der die Whitelabel-Regelung widerspiegelt<\/p>\n<\/li>\n<\/ul>\n<h2>Der H\u00e4ndler wird zur verantwortlichen Person<\/h2>\n<p data-start=\"1346\" data-end=\"1511\">Wenn der H\u00e4ndler das Produkt unter seinem eigenen Namen in Verkehr bringen und die volle regulatorische Verantwortung \u00fcbernehmen m\u00f6chte, muss er als verantwortliche Person handeln.<\/p>\n<p data-start=\"1513\" data-end=\"1526\"><strong>Anforderungen:<\/strong><\/p>\n<ul data-start=\"1527\" data-end=\"1672\">\n<li data-start=\"1527\" data-end=\"1614\">\n<p data-start=\"1529\" data-end=\"1614\">Der H\u00e4ndler muss seine eigene Produktinformationsdatei (PIF) anlegen und pflegen.<\/p>\n<\/li>\n<li data-start=\"1615\" data-end=\"1672\">\n<p data-start=\"1617\" data-end=\"1672\">Die Verantwortung f\u00fcr die Regulierung geht auf den H\u00e4ndler \u00fcber.<\/p>\n<\/li>\n<\/ul>\n<p data-start=\"1674\" data-end=\"1691\"><strong>Ergebnisse:<\/strong><\/p>\n<ul data-start=\"1692\" data-end=\"1784\">\n<li data-start=\"1692\" data-end=\"1736\">\n<p data-start=\"1694\" data-end=\"1736\">Pr\u00fcfung der Einhaltung der Etikettierungsvorschriften (\u00dcberpr\u00fcfung nach Artikel 19)<\/p>\n<\/li>\n<li data-start=\"1737\" data-end=\"1784\">\n<p data-start=\"1739\" data-end=\"1784\">Neue PIF auf den Namen des Vertreibers ausgestellt<\/p>\n<\/li>\n<li data-start=\"1737\" data-end=\"1784\">Mit diesem Dienst k\u00f6nnen wir sie auch an das CPNP \u00fcbermitteln: <a href=\"https:\/\/www.certifiedcosmetics.com\/de\/product\/kosmetische-sicherheitsprufung\/cpnp-benachrichtigung\/\">CPNP Meldedienst<\/a><\/li>\n<\/ul>\n","protected":false},"excerpt":{"rendered":"<p>White-Label-Kosmetika bieten wertvolle Gesch\u00e4ftsm\u00f6glichkeiten f\u00fcr Hersteller, die den Vertrieb ausweiten wollen, und f\u00fcr H\u00e4ndler, die Produkte unter ihrer eigenen Marke auf den Markt bringen wollen. Allerdings muss die regulatorische Struktur hinter einem White-Label-Produkt von Anfang an sorgf\u00e4ltig festgelegt werden. F\u00fcr Hersteller kann es wichtig sein, die Kontrolle \u00fcber die Formulierung, die Produktinformationsdatei (PIF) und die&#8230;<\/p>\n","protected":false},"featured_media":12495,"template":"","meta":[],"product_brand":[],"product_cat":[114],"product_tag":[],"class_list":{"0":"post-15309","1":"product","2":"type-product","3":"status-publish","4":"has-post-thumbnail","6":"product_cat-kosmetische-sicherheitsprufung","8":"first","9":"instock","10":"virtual","11":"taxable","12":"purchasable","13":"product-type-simple"},"bundled_by":[],"bundle_stock_status":"instock","bundle_stock_quantity":null,"bundle_virtual":false,"bundle_layout":"","bundle_add_to_cart_form_location":"","bundle_editable_in_cart":false,"bundle_sold_individually_context":"","bundle_item_grouping":"","bundle_min_size":"","bundle_max_size":"","bundle_price":[],"bundled_items":[],"bundle_sell_ids":[],"yoast_head":"<!-- This site is optimized with the Yoast SEO Premium plugin v25.4 (Yoast SEO v25.4) - https:\/\/yoast.com\/wordpress\/plugins\/seo\/ -->\n<title>PIF und Sicherheitsbericht f\u00fcr kosmetische Produkte - Whitelabel - Certified Cosmetics<\/title>\n<meta name=\"description\" content=\"White Label PIF und CPSR in der Kosmetikbranche bieten wertvolle Gesch\u00e4ftsm\u00f6glichkeiten f\u00fcr Hersteller, die den Vertrieb ausweiten wollen, und f\u00fcr H\u00e4ndler, die Produkte unter ihrer eigenen Marke auf den Markt bringen wollen.\" \/>\n<meta name=\"robots\" content=\"index, follow, max-snippet:-1, max-image-preview:large, max-video-preview:-1\" \/>\n<link rel=\"canonical\" href=\"https:\/\/www.certifiedcosmetics.com\/de\/product\/kosmetische-sicherheitsprufung\/pif-und-sicherheitsbericht-fuer-kosmetische-produkte-whitelabel\/\" \/>\n<meta property=\"og:locale\" content=\"de_DE\" \/>\n<meta property=\"og:type\" content=\"article\" \/>\n<meta property=\"og:title\" content=\"PIF und Sicherheitsbericht f\u00fcr kosmetische Produkte - Whitelabel\" \/>\n<meta property=\"og:description\" content=\"White Label PIF und CPSR in der Kosmetikbranche bieten wertvolle Gesch\u00e4ftsm\u00f6glichkeiten f\u00fcr Hersteller, die den Vertrieb ausweiten wollen, und f\u00fcr H\u00e4ndler, die Produkte unter ihrer eigenen Marke auf den Markt bringen wollen.\" \/>\n<meta property=\"og:url\" content=\"https:\/\/www.certifiedcosmetics.com\/de\/product\/kosmetische-sicherheitsprufung\/pif-und-sicherheitsbericht-fuer-kosmetische-produkte-whitelabel\/\" \/>\n<meta property=\"og:site_name\" content=\"Certified Cosmetics\" \/>\n<meta property=\"og:image\" content=\"https:\/\/www.certifiedcosmetics.com\/wp-content\/uploads\/2025\/07\/CPSR-Cosmetics.jpg\" \/>\n\t<meta property=\"og:image:width\" content=\"800\" \/>\n\t<meta property=\"og:image:height\" content=\"800\" \/>\n\t<meta property=\"og:image:type\" content=\"image\/jpeg\" \/>\n<meta name=\"twitter:card\" content=\"summary_large_image\" \/>\n<meta name=\"twitter:label1\" content=\"Preis\" \/>\n\t<meta name=\"twitter:data1\" content=\"&#036;88.30\" \/>\n\t<meta name=\"twitter:label2\" content=\"Verf\u00fcgbarkeit\" \/>\n\t<meta name=\"twitter:data2\" content=\"Auf Lager\" \/>\n<script type=\"application\/ld+json\" class=\"yoast-schema-graph\">{\"@context\":\"https:\/\/schema.org\",\"@graph\":[{\"@type\":\"WebPage\",\"@id\":\"https:\/\/www.certifiedcosmetics.com\/de\/product\/kosmetische-sicherheitsprufung\/pif-und-sicherheitsbericht-fuer-kosmetische-produkte-whitelabel\/\",\"url\":\"https:\/\/www.certifiedcosmetics.com\/de\/product\/kosmetische-sicherheitsprufung\/pif-und-sicherheitsbericht-fuer-kosmetische-produkte-whitelabel\/\",\"name\":\"PIF und Sicherheitsbericht f\u00fcr kosmetische Produkte - Whitelabel - Certified Cosmetics\",\"isPartOf\":{\"@id\":\"https:\/\/www.certifiedcosmetics.com\/de\/#website\"},\"primaryImageOfPage\":{\"@id\":\"https:\/\/www.certifiedcosmetics.com\/de\/product\/kosmetische-sicherheitsprufung\/pif-und-sicherheitsbericht-fuer-kosmetische-produkte-whitelabel\/#primaryimage\"},\"image\":{\"@id\":\"https:\/\/www.certifiedcosmetics.com\/de\/product\/kosmetische-sicherheitsprufung\/pif-und-sicherheitsbericht-fuer-kosmetische-produkte-whitelabel\/#primaryimage\"},\"thumbnailUrl\":\"https:\/\/www.certifiedcosmetics.com\/wp-content\/uploads\/2025\/07\/CPSR-Cosmetics.jpg\",\"datePublished\":\"2026-03-03T14:05:13+00:00\",\"description\":\"White Label PIF und CPSR in der Kosmetikbranche bieten wertvolle Gesch\u00e4ftsm\u00f6glichkeiten f\u00fcr Hersteller, die den Vertrieb ausweiten wollen, und f\u00fcr H\u00e4ndler, die Produkte unter ihrer eigenen Marke auf den Markt bringen wollen.\",\"breadcrumb\":{\"@id\":\"https:\/\/www.certifiedcosmetics.com\/de\/product\/kosmetische-sicherheitsprufung\/pif-und-sicherheitsbericht-fuer-kosmetische-produkte-whitelabel\/#breadcrumb\"},\"inLanguage\":\"de\",\"potentialAction\":[{\"@type\":\"ReadAction\",\"target\":[\"https:\/\/www.certifiedcosmetics.com\/de\/product\/kosmetische-sicherheitsprufung\/pif-und-sicherheitsbericht-fuer-kosmetische-produkte-whitelabel\/\"]}]},{\"@type\":\"ImageObject\",\"inLanguage\":\"de\",\"@id\":\"https:\/\/www.certifiedcosmetics.com\/de\/product\/kosmetische-sicherheitsprufung\/pif-und-sicherheitsbericht-fuer-kosmetische-produkte-whitelabel\/#primaryimage\",\"url\":\"https:\/\/www.certifiedcosmetics.com\/wp-content\/uploads\/2025\/07\/CPSR-Cosmetics.jpg\",\"contentUrl\":\"https:\/\/www.certifiedcosmetics.com\/wp-content\/uploads\/2025\/07\/CPSR-Cosmetics.jpg\",\"width\":800,\"height\":800,\"caption\":\"CPSR Cosmetics\"},{\"@type\":\"BreadcrumbList\",\"@id\":\"https:\/\/www.certifiedcosmetics.com\/de\/product\/kosmetische-sicherheitsprufung\/pif-und-sicherheitsbericht-fuer-kosmetische-produkte-whitelabel\/#breadcrumb\",\"itemListElement\":[{\"@type\":\"ListItem\",\"position\":1,\"name\":\"Home\",\"item\":\"https:\/\/www.certifiedcosmetics.com\/de\/\"},{\"@type\":\"ListItem\",\"position\":2,\"name\":\"Shop\",\"item\":\"https:\/\/www.certifiedcosmetics.com\/de\/shop-2\/\"},{\"@type\":\"ListItem\",\"position\":3,\"name\":\"PIF und Sicherheitsbericht f\u00fcr kosmetische Produkte &#8211; Whitelabel\"}]},{\"@type\":\"WebSite\",\"@id\":\"https:\/\/www.certifiedcosmetics.com\/de\/#website\",\"url\":\"https:\/\/www.certifiedcosmetics.com\/de\/\",\"name\":\"Certified Cosmetics\",\"description\":\"Cosmetic Safety Assessment\",\"publisher\":{\"@id\":\"https:\/\/www.certifiedcosmetics.com\/de\/#organization\"},\"potentialAction\":[{\"@type\":\"SearchAction\",\"target\":{\"@type\":\"EntryPoint\",\"urlTemplate\":\"https:\/\/www.certifiedcosmetics.com\/de\/?s={search_term_string}\"},\"query-input\":{\"@type\":\"PropertyValueSpecification\",\"valueRequired\":true,\"valueName\":\"search_term_string\"}}],\"inLanguage\":\"de\"},{\"@type\":\"Organization\",\"@id\":\"https:\/\/www.certifiedcosmetics.com\/de\/#organization\",\"name\":\"Certified Cosmetics\",\"url\":\"https:\/\/www.certifiedcosmetics.com\/de\/\",\"logo\":{\"@type\":\"ImageObject\",\"inLanguage\":\"de\",\"@id\":\"https:\/\/www.certifiedcosmetics.com\/de\/#\/schema\/logo\/image\/\",\"url\":\"https:\/\/www.certifiedcosmetics.com\/wp-content\/uploads\/2024\/12\/logo_certified_cosmetics696.jpg\",\"contentUrl\":\"https:\/\/www.certifiedcosmetics.com\/wp-content\/uploads\/2024\/12\/logo_certified_cosmetics696.jpg\",\"width\":696,\"height\":696,\"caption\":\"Certified Cosmetics\"},\"image\":{\"@id\":\"https:\/\/www.certifiedcosmetics.com\/de\/#\/schema\/logo\/image\/\"},\"description\":\"Your trusted partner for cosmetic product safety reporting. We take care of updating all of your documentation, ensuring your compliance stays current even as regulations evolve. The Cosmetic Product Safety Assessment will give you everything you need to sell specific products to EU consumers.\",\"email\":\"contact@certifiedcosmetics.com\",\"telephone\":\"+31 36 2036384\",\"legalName\":\"Certified Cosmetics\",\"foundingDate\":\"2010-01-01\",\"vatID\":\"NL854189543B01\",\"numberOfEmployees\":{\"@type\":\"QuantitativeValue\",\"minValue\":\"11\",\"maxValue\":\"50\"}}]}<\/script>\n<meta property=\"product:price:amount\" content=\"88.30\" \/>\n<meta property=\"product:price:currency\" content=\"USD\" \/>\n<meta property=\"og:availability\" content=\"instock\" \/>\n<meta property=\"product:availability\" content=\"instock\" \/>\n<meta property=\"product:retailer_item_id\" content=\"CC100004\" \/>\n<meta property=\"product:condition\" content=\"new\" \/>\n<!-- \/ Yoast SEO Premium plugin. -->","yoast_head_json":{"title":"PIF und Sicherheitsbericht f\u00fcr kosmetische Produkte - Whitelabel - Certified Cosmetics","description":"White Label PIF und CPSR in der Kosmetikbranche bieten wertvolle Gesch\u00e4ftsm\u00f6glichkeiten f\u00fcr Hersteller, die den Vertrieb ausweiten wollen, und f\u00fcr H\u00e4ndler, die Produkte unter ihrer eigenen Marke auf den Markt bringen wollen.","robots":{"index":"index","follow":"follow","max-snippet":"max-snippet:-1","max-image-preview":"max-image-preview:large","max-video-preview":"max-video-preview:-1"},"canonical":"https:\/\/www.certifiedcosmetics.com\/de\/product\/kosmetische-sicherheitsprufung\/pif-und-sicherheitsbericht-fuer-kosmetische-produkte-whitelabel\/","og_locale":"de_DE","og_type":"article","og_title":"PIF und Sicherheitsbericht f\u00fcr kosmetische Produkte - Whitelabel","og_description":"White Label PIF und CPSR in der Kosmetikbranche bieten wertvolle Gesch\u00e4ftsm\u00f6glichkeiten f\u00fcr Hersteller, die den Vertrieb ausweiten wollen, und f\u00fcr H\u00e4ndler, die Produkte unter ihrer eigenen Marke auf den Markt bringen wollen.","og_url":"https:\/\/www.certifiedcosmetics.com\/de\/product\/kosmetische-sicherheitsprufung\/pif-und-sicherheitsbericht-fuer-kosmetische-produkte-whitelabel\/","og_site_name":"Certified Cosmetics","og_image":[{"width":800,"height":800,"url":"https:\/\/www.certifiedcosmetics.com\/wp-content\/uploads\/2025\/07\/CPSR-Cosmetics.jpg","type":"image\/jpeg"}],"twitter_card":"summary_large_image","twitter_misc":{"Preis":"&#36;88.30","Verf\u00fcgbarkeit":"Auf Lager"},"schema":{"@context":"https:\/\/schema.org","@graph":[{"@type":"WebPage","@id":"https:\/\/www.certifiedcosmetics.com\/de\/product\/kosmetische-sicherheitsprufung\/pif-und-sicherheitsbericht-fuer-kosmetische-produkte-whitelabel\/","url":"https:\/\/www.certifiedcosmetics.com\/de\/product\/kosmetische-sicherheitsprufung\/pif-und-sicherheitsbericht-fuer-kosmetische-produkte-whitelabel\/","name":"PIF und Sicherheitsbericht f\u00fcr kosmetische Produkte - Whitelabel - Certified Cosmetics","isPartOf":{"@id":"https:\/\/www.certifiedcosmetics.com\/de\/#website"},"primaryImageOfPage":{"@id":"https:\/\/www.certifiedcosmetics.com\/de\/product\/kosmetische-sicherheitsprufung\/pif-und-sicherheitsbericht-fuer-kosmetische-produkte-whitelabel\/#primaryimage"},"image":{"@id":"https:\/\/www.certifiedcosmetics.com\/de\/product\/kosmetische-sicherheitsprufung\/pif-und-sicherheitsbericht-fuer-kosmetische-produkte-whitelabel\/#primaryimage"},"thumbnailUrl":"https:\/\/www.certifiedcosmetics.com\/wp-content\/uploads\/2025\/07\/CPSR-Cosmetics.jpg","datePublished":"2026-03-03T14:05:13+00:00","description":"White Label PIF und CPSR in der Kosmetikbranche bieten wertvolle Gesch\u00e4ftsm\u00f6glichkeiten f\u00fcr Hersteller, die den Vertrieb ausweiten wollen, und f\u00fcr H\u00e4ndler, die Produkte unter ihrer eigenen Marke auf den Markt bringen wollen.","breadcrumb":{"@id":"https:\/\/www.certifiedcosmetics.com\/de\/product\/kosmetische-sicherheitsprufung\/pif-und-sicherheitsbericht-fuer-kosmetische-produkte-whitelabel\/#breadcrumb"},"inLanguage":"de","potentialAction":[{"@type":"ReadAction","target":["https:\/\/www.certifiedcosmetics.com\/de\/product\/kosmetische-sicherheitsprufung\/pif-und-sicherheitsbericht-fuer-kosmetische-produkte-whitelabel\/"]}]},{"@type":"ImageObject","inLanguage":"de","@id":"https:\/\/www.certifiedcosmetics.com\/de\/product\/kosmetische-sicherheitsprufung\/pif-und-sicherheitsbericht-fuer-kosmetische-produkte-whitelabel\/#primaryimage","url":"https:\/\/www.certifiedcosmetics.com\/wp-content\/uploads\/2025\/07\/CPSR-Cosmetics.jpg","contentUrl":"https:\/\/www.certifiedcosmetics.com\/wp-content\/uploads\/2025\/07\/CPSR-Cosmetics.jpg","width":800,"height":800,"caption":"CPSR Cosmetics"},{"@type":"BreadcrumbList","@id":"https:\/\/www.certifiedcosmetics.com\/de\/product\/kosmetische-sicherheitsprufung\/pif-und-sicherheitsbericht-fuer-kosmetische-produkte-whitelabel\/#breadcrumb","itemListElement":[{"@type":"ListItem","position":1,"name":"Home","item":"https:\/\/www.certifiedcosmetics.com\/de\/"},{"@type":"ListItem","position":2,"name":"Shop","item":"https:\/\/www.certifiedcosmetics.com\/de\/shop-2\/"},{"@type":"ListItem","position":3,"name":"PIF und Sicherheitsbericht f\u00fcr kosmetische Produkte &#8211; Whitelabel"}]},{"@type":"WebSite","@id":"https:\/\/www.certifiedcosmetics.com\/de\/#website","url":"https:\/\/www.certifiedcosmetics.com\/de\/","name":"Certified Cosmetics","description":"Cosmetic Safety Assessment","publisher":{"@id":"https:\/\/www.certifiedcosmetics.com\/de\/#organization"},"potentialAction":[{"@type":"SearchAction","target":{"@type":"EntryPoint","urlTemplate":"https:\/\/www.certifiedcosmetics.com\/de\/?s={search_term_string}"},"query-input":{"@type":"PropertyValueSpecification","valueRequired":true,"valueName":"search_term_string"}}],"inLanguage":"de"},{"@type":"Organization","@id":"https:\/\/www.certifiedcosmetics.com\/de\/#organization","name":"Certified Cosmetics","url":"https:\/\/www.certifiedcosmetics.com\/de\/","logo":{"@type":"ImageObject","inLanguage":"de","@id":"https:\/\/www.certifiedcosmetics.com\/de\/#\/schema\/logo\/image\/","url":"https:\/\/www.certifiedcosmetics.com\/wp-content\/uploads\/2024\/12\/logo_certified_cosmetics696.jpg","contentUrl":"https:\/\/www.certifiedcosmetics.com\/wp-content\/uploads\/2024\/12\/logo_certified_cosmetics696.jpg","width":696,"height":696,"caption":"Certified Cosmetics"},"image":{"@id":"https:\/\/www.certifiedcosmetics.com\/de\/#\/schema\/logo\/image\/"},"description":"Your trusted partner for cosmetic product safety reporting. We take care of updating all of your documentation, ensuring your compliance stays current even as regulations evolve. The Cosmetic Product Safety Assessment will give you everything you need to sell specific products to EU consumers.","email":"contact@certifiedcosmetics.com","telephone":"+31 36 2036384","legalName":"Certified Cosmetics","foundingDate":"2010-01-01","vatID":"NL854189543B01","numberOfEmployees":{"@type":"QuantitativeValue","minValue":"11","maxValue":"50"}}]},"product_price_amount":"88.30","product_price_currency":"USD","og_availability":"instock","product_availability":"instock","product_retailer_item_id":"CC100004","product_condition":"new"},"_links":{"self":[{"href":"https:\/\/www.certifiedcosmetics.com\/de\/wp-json\/wp\/v2\/product\/15309","targetHints":{"allow":["GET"]}}],"collection":[{"href":"https:\/\/www.certifiedcosmetics.com\/de\/wp-json\/wp\/v2\/product"}],"about":[{"href":"https:\/\/www.certifiedcosmetics.com\/de\/wp-json\/wp\/v2\/types\/product"}],"wp:featuredmedia":[{"embeddable":true,"href":"https:\/\/www.certifiedcosmetics.com\/de\/wp-json\/wp\/v2\/media\/12495"}],"wp:attachment":[{"href":"https:\/\/www.certifiedcosmetics.com\/de\/wp-json\/wp\/v2\/media?parent=15309"}],"wp:term":[{"taxonomy":"product_brand","embeddable":true,"href":"https:\/\/www.certifiedcosmetics.com\/de\/wp-json\/wp\/v2\/product_brand?post=15309"},{"taxonomy":"product_cat","embeddable":true,"href":"https:\/\/www.certifiedcosmetics.com\/de\/wp-json\/wp\/v2\/product_cat?post=15309"},{"taxonomy":"product_tag","embeddable":true,"href":"https:\/\/www.certifiedcosmetics.com\/de\/wp-json\/wp\/v2\/product_tag?post=15309"}],"curies":[{"name":"wp","href":"https:\/\/api.w.org\/{rel}","templated":true}]}}