{"id":14798,"date":"2025-12-30T10:08:12","date_gmt":"2025-12-30T09:08:12","guid":{"rendered":"https:\/\/www.certifiedcosmetics.com\/product\/unkategorisiert\/zusaetzliche-variation-fuer-bestehende-pif\/"},"modified":"2025-12-30T10:08:12","modified_gmt":"2025-12-30T09:08:12","slug":"zusaetzliche-variation-fuer-bestehende-pif","status":"publish","type":"product","link":"https:\/\/www.certifiedcosmetics.com\/de\/product\/kosmetische-sicherheitsprufung\/zusaetzliche-variation-fuer-bestehende-pif\/","title":{"rendered":"Zus\u00e4tzliche Variation f\u00fcr bestehende PIF"},"content":{"rendered":"<p>Wenn dein Produkt Farb- oder Duftvarianten hat, kannst du diese Option w\u00e4hlen. Dieses Produkt ist Teil des Kosmetik-Bewertungspakets und kann nur gekauft werden, wenn wir bereits deinen Haupt-PIF und CPSR erstellt haben. <\/p>\n<h2>Was ist in dieser zus\u00e4tzlichen Variante enthalten?<\/h2>\n<p>Diese Variante ist Teil deiner bestehenden Bewertung durch Certified Cosmetics. Sie besteht aus den folgenden Elementen:<\/p>\n<ul>\n<li>Kosmetische Produktinformationsdatei (PIF)\n<ul>\n<li><strong>Teil A:<\/strong> Informationen zur Sicherheit kosmetischer Produkte &#8211; Enth\u00e4lt Angaben zu den Inhaltsstoffen des Produkts, zur Stabilit\u00e4t, zur mikrobiologischen Qualit\u00e4t, zu Verunreinigungen und zur Verpackung.<\/li>\n<li><strong>Teil B:<\/strong> Cosmetic Product Safety Report (CPSR) &#8211; Enth\u00e4lt die Schlussfolgerungen, Warnhinweise und Begr\u00fcndungen des Sicherheitsbewerters, die sicherstellen, dass das Produkt bei normalem Gebrauch sicher ist.<\/li>\n<\/ul>\n<\/li>\n<li>Labortests und Ergebnisse<\/li>\n<\/ul>\n<p>Wir bieten mehrere zus\u00e4tzliche Optionen an, aus denen du w\u00e4hlen kannst:<\/p>\n<h2>CPNP-Benachrichtigung<\/h2>\n<p>Die EU-CPNP-Meldung bezieht sich auf den Prozess der Meldung von kosmetischen Mitteln an das Cosmetic Products Notification Portal (CPNP), ein zentrales Online-Meldesystem in der Europ\u00e4ischen Union (EU). Das CPNP wurde im Rahmen der EU-Kosmetikverordnung (Verordnung (EG) Nr. 1223\/2009) eingerichtet und dient als Instrument f\u00fcr den Austausch von Informationen \u00fcber kosmetische Mittel zwischen den Regulierungsbeh\u00f6rden und den verantwortlichen Personen, die diese Produkte in Verkehr bringen. <\/p>\n<h2>Stabilit\u00e4tspr\u00fcfung<\/h2>\n<p>Sowohl die<strong data-start=\"151\" data-end=\"184\">beschleunigte Stabilit\u00e4ts- und Kompatibilit\u00e4tspr\u00fcfung<\/strong> als auch die<strong data-start=\"189\" data-end=\"224\">Thermoschock-Stabilit\u00e4ts- und Kompatibilit\u00e4tspr\u00fcfung<\/strong> werden eingesetzt, um die Widerstandsf\u00e4higkeit eines Produkts gegen\u00fcber Umweltbelastungen zu bewerten und eine langfristige Alterung unter kontrollierten, erh\u00f6hten Bedingungen zu simulieren, um die Haltbarkeit vorherzusagen. Bei beiden Methoden wird auch die <strong data-start=\"744\" data-end=\"791\">Kompatibilit\u00e4t zwischen Produkt und Verpackung<\/strong> gepr\u00fcft, um sicherzustellen, dass keine Leckagen, Zersetzungen oder Wechselwirkungen auftreten. <\/p>\n<p>Die beschleunigte Stabilit\u00e4tspr\u00fcfung dauert 95 bis 105 Tage.<\/p>\n<p>Die Pr\u00fcfung der Temperaturwechselbest\u00e4ndigkeit dauert 50 bis 60 Tage.<\/p>\n<table class=\"w-fit min-w-(--thread-content-width)\" data-start=\"891\" data-end=\"2044\">\n<thead data-start=\"891\" data-end=\"1017\">\n<tr data-start=\"891\" data-end=\"1017\">\n<th data-start=\"891\" data-end=\"926\" data-col-size=\"sm\">eature<\/th>\n<th data-start=\"926\" data-end=\"970\" data-col-size=\"md\">Beschleunigte Stabilit\u00e4tspr\u00fcfung<\/th>\n<th data-start=\"970\" data-end=\"1017\" data-col-size=\"md\">Thermoschock-Stabilit\u00e4tstests<\/th>\n<\/tr>\n<\/thead>\n<tbody data-start=\"1146\" data-end=\"2044\">\n<tr data-start=\"1146\" data-end=\"1273\">\n<td data-start=\"1146\" data-end=\"1181\" data-col-size=\"sm\"><strong data-start=\"1148\" data-end=\"1159\">Zweck<\/strong><\/td>\n<td data-col-size=\"md\" data-start=\"1181\" data-end=\"1225\">Simulation von Langzeitalterung und Stabilit\u00e4t<\/td>\n<td data-col-size=\"md\" data-start=\"1225\" data-end=\"1273\">Langzeitalterung und -stabilit\u00e4t simulieren<\/td>\n<\/tr>\n<tr data-start=\"1274\" data-end=\"1403\">\n<td data-start=\"1274\" data-end=\"1309\" data-col-size=\"sm\"><strong data-start=\"1276\" data-end=\"1299\">Temperaturprofil<\/strong><\/td>\n<td data-col-size=\"md\" data-start=\"1309\" data-end=\"1354\">Konstant erh\u00f6hte Temperatur (z.B. 4\u00b0C- 25\u00b0C-45 \u00b0C)<\/td>\n<td data-col-size=\"md\" data-start=\"1354\" data-end=\"1403\">Wechselnde Extremwerte (-15\u00b0C \u00b1 2\u00b0C; +20\u00b0C \u00b1 2\u00b0C; +45\u00b0C \u00b1 2\u00b0C)<\/td>\n<\/tr>\n<tr data-start=\"1404\" data-end=\"1531\">\n<td data-start=\"1404\" data-end=\"1439\" data-col-size=\"sm\"><strong data-start=\"1406\" data-end=\"1418\">Dauer<\/strong><\/td>\n<td data-col-size=\"md\" data-start=\"1439\" data-end=\"1483\">95 bis 105 Tage<\/td>\n<td data-col-size=\"md\" data-start=\"1483\" data-end=\"1531\">50 bis 60 Tage<\/td>\n<\/tr>\n<tr data-start=\"1532\" data-end=\"1659\">\n<td data-start=\"1532\" data-end=\"1567\" data-col-size=\"sm\"><strong data-start=\"1534\" data-end=\"1551\">Simulation von<\/strong><\/td>\n<td data-col-size=\"md\" data-start=\"1567\" data-end=\"1611\">Zeit und Alterung<\/td>\n<td data-col-size=\"md\" data-start=\"1611\" data-end=\"1659\">Zeit und Alterung, Transport oder schnelle Klimaexposition<\/td>\n<\/tr>\n<tr data-start=\"1660\" data-end=\"1787\">\n<td data-start=\"1660\" data-end=\"1695\" data-col-size=\"sm\"><strong data-start=\"1662\" data-end=\"1686\">Typische Beobachtungen<\/strong><\/td>\n<td data-col-size=\"md\" data-start=\"1695\" data-end=\"1739\">Erscheinungsbild, Geruch, Farbe, pH-Wert, Dichte, Viskosit\u00e4t<\/td>\n<td data-col-size=\"md\" data-start=\"1739\" data-end=\"1787\">Aussehen, Geruch, Farbe, pH-Wert, Dichte, Viskosit\u00e4t<\/td>\n<\/tr>\n<tr data-start=\"1788\" data-end=\"1916\">\n<td data-start=\"1788\" data-end=\"1823\" data-col-size=\"sm\"><strong data-start=\"1790\" data-end=\"1812\">Kompatibilit\u00e4tstest<\/strong><\/td>\n<td data-col-size=\"md\" data-start=\"1823\" data-end=\"1868\">Bewertet die Wechselwirkung zwischen Produkt und Verpackung<\/td>\n<td data-col-size=\"md\" data-start=\"1868\" data-end=\"1916\">Bewertet das Zusammenspiel von Produkt und Verpackung<\/td>\n<\/tr>\n<\/tbody>\n<\/table>\n<h2>Produktspezifikation Test<\/h2>\n<p>Die physikalisch-chemischen Parameter eines Produkts, wie <strong>pH-Wert, Viskosit\u00e4t, Dichte und Farbe<\/strong>, spielen eine wichtige Rolle bei der Sicherheitsbewertung eines Produkts.<\/p>\n<p>Um einen detaillierten Produktspezifikationsbericht f\u00fcr die Durchf\u00fchrung einer Sicherheitsbewertung zu erhalten, sind mehrere physikalisch-chemische Laborpr\u00fcfungen erforderlich. Diese Tests geben Aufschluss \u00fcber die Eigenschaften des Produkts und dienen dazu, die Stabilit\u00e4t, Sicherheit und Eignung des Produkts zu beurteilen. <\/p>\n","protected":false},"excerpt":{"rendered":"<p>Wenn dein Produkt Farb- oder Duftvarianten hat, kannst du diese Option w\u00e4hlen. Dieses Produkt ist Teil des Kosmetik-Bewertungspakets und kann nur gekauft werden, wenn wir bereits deinen Haupt-PIF und CPSR erstellt haben. Was ist in dieser zus\u00e4tzlichen Variante enthalten? Diese Variante ist Teil deiner bestehenden Bewertung durch Certified Cosmetics. Sie besteht aus den folgenden Elementen:&#8230;<\/p>\n","protected":false},"featured_media":14593,"template":"","meta":[],"product_brand":[],"product_cat":[114],"product_tag":[],"class_list":{"0":"post-14798","1":"product","2":"type-product","3":"status-publish","4":"has-post-thumbnail","6":"product_cat-kosmetische-sicherheitsprufung","8":"first","9":"instock","10":"virtual","11":"taxable","12":"purchasable","13":"product-type-bundle"},"bundled_by":[],"bundle_stock_status":"instock","bundle_stock_quantity":"","bundle_virtual":false,"bundle_layout":"default","bundle_add_to_cart_form_location":"default","bundle_editable_in_cart":false,"bundle_sold_individually_context":"product","bundle_item_grouping":"parent","bundle_min_size":"","bundle_max_size":"","bundle_price":{"price":{"min":{"incl_tax":"406.43","excl_tax":"335.89"},"max":{"incl_tax":"","excl_tax":""}},"regular_price":{"min":{"incl_tax":"406.43","excl_tax":"335.89"},"max":{"incl_tax":"","excl_tax":""}}},"bundled_items":[{"bundled_item_id":1288,"product_id":11952,"menu_order":0,"quantity_min":1,"quantity_max":1,"quantity_default":1,"priced_individually":false,"shipped_individually":true,"override_title":false,"title":"Bericht \u00fcber die Sicherheit kosmetischer Produkte &#8211; CPSR","override_description":false,"description":"Bericht \u00fcber die Sicherheit kosmetischer Produkte &#8211; CPSR","optional":false,"hide_thumbnail":false,"discount":"","override_variations":false,"allowed_variations":[""],"override_default_variation_attributes":false,"default_variation_attributes":[],"single_product_visibility":"visible","cart_visibility":"visible","order_visibility":"visible","single_product_price_visibility":"visible","cart_price_visibility":"visible","order_price_visibility":"visible","stock_status":"in_stock"},{"bundled_item_id":986,"product_id":7267,"menu_order":2,"quantity_min":1,"quantity_max":1,"quantity_default":1,"priced_individually":true,"shipped_individually":false,"override_title":false,"title":"Beschleunigter Stabilit\u00e4ts- und Kompatibilit\u00e4tstest","override_description":false,"description":"Beschleunigter Stabilit\u00e4ts- und Kompatibilit\u00e4tstest","optional":false,"hide_thumbnail":false,"discount":"","override_variations":false,"allowed_variations":[""],"override_default_variation_attributes":false,"default_variation_attributes":[],"single_product_visibility":"visible","cart_visibility":"visible","order_visibility":"visible","single_product_price_visibility":"visible","cart_price_visibility":"visible","order_price_visibility":"visible","stock_status":"in_stock"},{"bundled_item_id":1289,"product_id":7171,"menu_order":2,"quantity_min":1,"quantity_max":1,"quantity_default":1,"priced_individually":false,"shipped_individually":true,"override_title":false,"title":"Produktinformationsdatei PIF","override_description":false,"description":"Produktinformationsdatei PIF","optional":false,"hide_thumbnail":false,"discount":"","override_variations":false,"allowed_variations":[""],"override_default_variation_attributes":false,"default_variation_attributes":[],"single_product_visibility":"visible","cart_visibility":"visible","order_visibility":"visible","single_product_price_visibility":"visible","cart_price_visibility":"visible","order_price_visibility":"visible","stock_status":"in_stock"},{"bundled_item_id":1290,"product_id":7049,"menu_order":3,"quantity_min":0,"quantity_max":"","quantity_default":1,"priced_individually":true,"shipped_individually":true,"override_title":false,"title":"CPNP-Benachrichtigung","override_description":false,"description":"CPNP-Benachrichtigung","optional":false,"hide_thumbnail":false,"discount":"","override_variations":false,"allowed_variations":[""],"override_default_variation_attributes":false,"default_variation_attributes":[],"single_product_visibility":"visible","cart_visibility":"visible","order_visibility":"visible","single_product_price_visibility":"visible","cart_price_visibility":"visible","order_price_visibility":"visible","stock_status":"in_stock"},{"bundled_item_id":1291,"product_id":11309,"menu_order":4,"quantity_min":0,"quantity_max":"","quantity_default":0,"priced_individually":true,"shipped_individually":true,"override_title":false,"title":"Produktspezifikation Test","override_description":false,"description":"Produktspezifikation Test","optional":false,"hide_thumbnail":false,"discount":"","override_variations":false,"allowed_variations":[""],"override_default_variation_attributes":false,"default_variation_attributes":[],"single_product_visibility":"visible","cart_visibility":"visible","order_visibility":"visible","single_product_price_visibility":"visible","cart_price_visibility":"visible","order_price_visibility":"visible","stock_status":"in_stock"},{"bundled_item_id":1292,"product_id":7248,"menu_order":5,"quantity_min":0,"quantity_max":"","quantity_default":0,"priced_individually":true,"shipped_individually":true,"override_title":false,"title":"Mikrobiologie Test","override_description":false,"description":"Mikrobiologie Test","optional":false,"hide_thumbnail":false,"discount":"","override_variations":false,"allowed_variations":[""],"override_default_variation_attributes":false,"default_variation_attributes":[],"single_product_visibility":"visible","cart_visibility":"visible","order_visibility":"visible","single_product_price_visibility":"visible","cart_price_visibility":"visible","order_price_visibility":"visible","stock_status":"in_stock"}],"bundle_sell_ids":[],"yoast_head":"<!-- This site is optimized with the Yoast SEO Premium plugin v25.4 (Yoast SEO v25.4) - https:\/\/yoast.com\/wordpress\/plugins\/seo\/ -->\n<title>Zus\u00e4tzliche Variation f\u00fcr bestehende PIF - Certified Cosmetics<\/title>\n<meta name=\"robots\" content=\"index, follow, max-snippet:-1, max-image-preview:large, max-video-preview:-1\" \/>\n<link rel=\"canonical\" href=\"https:\/\/www.certifiedcosmetics.com\/de\/product\/kosmetische-sicherheitsprufung\/zusaetzliche-variation-fuer-bestehende-pif\/\" \/>\n<meta property=\"og:locale\" content=\"de_DE\" \/>\n<meta property=\"og:type\" content=\"article\" \/>\n<meta property=\"og:title\" content=\"Zus\u00e4tzliche Variation f\u00fcr bestehende PIF\" \/>\n<meta property=\"og:description\" content=\"Wenn dein Produkt Farb- oder Duftvarianten hat, kannst du diese Option w\u00e4hlen. Dieses Produkt ist Teil des Kosmetik-Bewertungspakets und kann nur gekauft werden, wenn wir bereits deinen Haupt-PIF und CPSR erstellt haben. Was ist in dieser zus\u00e4tzlichen Variante enthalten? Diese Variante ist Teil deiner bestehenden Bewertung durch Certified Cosmetics. Sie besteht aus den folgenden Elementen:...\" \/>\n<meta property=\"og:url\" content=\"https:\/\/www.certifiedcosmetics.com\/de\/product\/kosmetische-sicherheitsprufung\/zusaetzliche-variation-fuer-bestehende-pif\/\" \/>\n<meta property=\"og:site_name\" content=\"Certified Cosmetics\" \/>\n<meta property=\"og:image\" content=\"https:\/\/www.certifiedcosmetics.com\/wp-content\/uploads\/2025\/12\/Cosmetics-Compliance-Greece.jpg\" \/>\n\t<meta property=\"og:image:width\" content=\"800\" \/>\n\t<meta property=\"og:image:height\" content=\"800\" \/>\n\t<meta property=\"og:image:type\" content=\"image\/jpeg\" \/>\n<meta name=\"twitter:card\" content=\"summary_large_image\" \/>\n<meta name=\"twitter:label1\" content=\"Preis\" \/>\n\t<meta name=\"twitter:data1\" content=\"&#036;58.85\" \/>\n\t<meta name=\"twitter:label2\" content=\"Verf\u00fcgbarkeit\" \/>\n\t<meta name=\"twitter:data2\" content=\"Auf Lager\" \/>\n<script type=\"application\/ld+json\" class=\"yoast-schema-graph\">{\"@context\":\"https:\/\/schema.org\",\"@graph\":[{\"@type\":\"WebPage\",\"@id\":\"https:\/\/www.certifiedcosmetics.com\/de\/product\/kosmetische-sicherheitsprufung\/zusaetzliche-variation-fuer-bestehende-pif\/\",\"url\":\"https:\/\/www.certifiedcosmetics.com\/de\/product\/kosmetische-sicherheitsprufung\/zusaetzliche-variation-fuer-bestehende-pif\/\",\"name\":\"Zus\u00e4tzliche Variation f\u00fcr bestehende PIF - Certified Cosmetics\",\"isPartOf\":{\"@id\":\"https:\/\/www.certifiedcosmetics.com\/de\/#website\"},\"primaryImageOfPage\":{\"@id\":\"https:\/\/www.certifiedcosmetics.com\/de\/product\/kosmetische-sicherheitsprufung\/zusaetzliche-variation-fuer-bestehende-pif\/#primaryimage\"},\"image\":{\"@id\":\"https:\/\/www.certifiedcosmetics.com\/de\/product\/kosmetische-sicherheitsprufung\/zusaetzliche-variation-fuer-bestehende-pif\/#primaryimage\"},\"thumbnailUrl\":\"https:\/\/www.certifiedcosmetics.com\/wp-content\/uploads\/2025\/12\/Cosmetics-Compliance-Greece.jpg\",\"datePublished\":\"2025-12-30T09:08:12+00:00\",\"breadcrumb\":{\"@id\":\"https:\/\/www.certifiedcosmetics.com\/de\/product\/kosmetische-sicherheitsprufung\/zusaetzliche-variation-fuer-bestehende-pif\/#breadcrumb\"},\"inLanguage\":\"de\",\"potentialAction\":[{\"@type\":\"ReadAction\",\"target\":[\"https:\/\/www.certifiedcosmetics.com\/de\/product\/kosmetische-sicherheitsprufung\/zusaetzliche-variation-fuer-bestehende-pif\/\"]}]},{\"@type\":\"ImageObject\",\"inLanguage\":\"de\",\"@id\":\"https:\/\/www.certifiedcosmetics.com\/de\/product\/kosmetische-sicherheitsprufung\/zusaetzliche-variation-fuer-bestehende-pif\/#primaryimage\",\"url\":\"https:\/\/www.certifiedcosmetics.com\/wp-content\/uploads\/2025\/12\/Cosmetics-Compliance-Greece.jpg\",\"contentUrl\":\"https:\/\/www.certifiedcosmetics.com\/wp-content\/uploads\/2025\/12\/Cosmetics-Compliance-Greece.jpg\",\"width\":800,\"height\":800,\"caption\":\"Kosmetik Compliance Griechenland\"},{\"@type\":\"BreadcrumbList\",\"@id\":\"https:\/\/www.certifiedcosmetics.com\/de\/product\/kosmetische-sicherheitsprufung\/zusaetzliche-variation-fuer-bestehende-pif\/#breadcrumb\",\"itemListElement\":[{\"@type\":\"ListItem\",\"position\":1,\"name\":\"Home\",\"item\":\"https:\/\/www.certifiedcosmetics.com\/de\/\"},{\"@type\":\"ListItem\",\"position\":2,\"name\":\"Shop\",\"item\":\"https:\/\/www.certifiedcosmetics.com\/de\/shop-2\/\"},{\"@type\":\"ListItem\",\"position\":3,\"name\":\"Zus\u00e4tzliche Variation f\u00fcr bestehende PIF\"}]},{\"@type\":\"WebSite\",\"@id\":\"https:\/\/www.certifiedcosmetics.com\/de\/#website\",\"url\":\"https:\/\/www.certifiedcosmetics.com\/de\/\",\"name\":\"Certified Cosmetics\",\"description\":\"Cosmetic Safety Assessment\",\"publisher\":{\"@id\":\"https:\/\/www.certifiedcosmetics.com\/de\/#organization\"},\"potentialAction\":[{\"@type\":\"SearchAction\",\"target\":{\"@type\":\"EntryPoint\",\"urlTemplate\":\"https:\/\/www.certifiedcosmetics.com\/de\/?s={search_term_string}\"},\"query-input\":{\"@type\":\"PropertyValueSpecification\",\"valueRequired\":true,\"valueName\":\"search_term_string\"}}],\"inLanguage\":\"de\"},{\"@type\":\"Organization\",\"@id\":\"https:\/\/www.certifiedcosmetics.com\/de\/#organization\",\"name\":\"Certified Cosmetics\",\"url\":\"https:\/\/www.certifiedcosmetics.com\/de\/\",\"logo\":{\"@type\":\"ImageObject\",\"inLanguage\":\"de\",\"@id\":\"https:\/\/www.certifiedcosmetics.com\/de\/#\/schema\/logo\/image\/\",\"url\":\"https:\/\/www.certifiedcosmetics.com\/wp-content\/uploads\/2024\/12\/logo_certified_cosmetics696.jpg\",\"contentUrl\":\"https:\/\/www.certifiedcosmetics.com\/wp-content\/uploads\/2024\/12\/logo_certified_cosmetics696.jpg\",\"width\":696,\"height\":696,\"caption\":\"Certified Cosmetics\"},\"image\":{\"@id\":\"https:\/\/www.certifiedcosmetics.com\/de\/#\/schema\/logo\/image\/\"},\"description\":\"Your trusted partner for cosmetic product safety reporting. We take care of updating all of your documentation, ensuring your compliance stays current even as regulations evolve. The Cosmetic Product Safety Assessment will give you everything you need to sell specific products to EU consumers.\",\"email\":\"contact@certifiedcosmetics.com\",\"telephone\":\"+31 36 2036384\",\"legalName\":\"Certified Cosmetics\",\"foundingDate\":\"2010-01-01\",\"vatID\":\"NL854189543B01\",\"numberOfEmployees\":{\"@type\":\"QuantitativeValue\",\"minValue\":\"11\",\"maxValue\":\"50\"}}]}<\/script>\n<meta property=\"product:price:amount\" content=\"58.85\" \/>\n<meta property=\"product:price:currency\" content=\"USD\" \/>\n<meta property=\"og:availability\" content=\"instock\" \/>\n<meta property=\"product:availability\" content=\"instock\" \/>\n<meta property=\"product:retailer_item_id\" content=\"CC100061\" \/>\n<meta property=\"product:condition\" content=\"new\" \/>\n<!-- \/ Yoast SEO Premium plugin. -->","yoast_head_json":{"title":"Zus\u00e4tzliche Variation f\u00fcr bestehende PIF - Certified Cosmetics","robots":{"index":"index","follow":"follow","max-snippet":"max-snippet:-1","max-image-preview":"max-image-preview:large","max-video-preview":"max-video-preview:-1"},"canonical":"https:\/\/www.certifiedcosmetics.com\/de\/product\/kosmetische-sicherheitsprufung\/zusaetzliche-variation-fuer-bestehende-pif\/","og_locale":"de_DE","og_type":"article","og_title":"Zus\u00e4tzliche Variation f\u00fcr bestehende PIF","og_description":"Wenn dein Produkt Farb- oder Duftvarianten hat, kannst du diese Option w\u00e4hlen. Dieses Produkt ist Teil des Kosmetik-Bewertungspakets und kann nur gekauft werden, wenn wir bereits deinen Haupt-PIF und CPSR erstellt haben. Was ist in dieser zus\u00e4tzlichen Variante enthalten? Diese Variante ist Teil deiner bestehenden Bewertung durch Certified Cosmetics. Sie besteht aus den folgenden Elementen:...","og_url":"https:\/\/www.certifiedcosmetics.com\/de\/product\/kosmetische-sicherheitsprufung\/zusaetzliche-variation-fuer-bestehende-pif\/","og_site_name":"Certified Cosmetics","og_image":[{"width":800,"height":800,"url":"https:\/\/www.certifiedcosmetics.com\/wp-content\/uploads\/2025\/12\/Cosmetics-Compliance-Greece.jpg","type":"image\/jpeg"}],"twitter_card":"summary_large_image","twitter_misc":{"Preis":"&#36;58.85","Verf\u00fcgbarkeit":"Auf Lager"},"schema":{"@context":"https:\/\/schema.org","@graph":[{"@type":"WebPage","@id":"https:\/\/www.certifiedcosmetics.com\/de\/product\/kosmetische-sicherheitsprufung\/zusaetzliche-variation-fuer-bestehende-pif\/","url":"https:\/\/www.certifiedcosmetics.com\/de\/product\/kosmetische-sicherheitsprufung\/zusaetzliche-variation-fuer-bestehende-pif\/","name":"Zus\u00e4tzliche Variation f\u00fcr bestehende PIF - Certified Cosmetics","isPartOf":{"@id":"https:\/\/www.certifiedcosmetics.com\/de\/#website"},"primaryImageOfPage":{"@id":"https:\/\/www.certifiedcosmetics.com\/de\/product\/kosmetische-sicherheitsprufung\/zusaetzliche-variation-fuer-bestehende-pif\/#primaryimage"},"image":{"@id":"https:\/\/www.certifiedcosmetics.com\/de\/product\/kosmetische-sicherheitsprufung\/zusaetzliche-variation-fuer-bestehende-pif\/#primaryimage"},"thumbnailUrl":"https:\/\/www.certifiedcosmetics.com\/wp-content\/uploads\/2025\/12\/Cosmetics-Compliance-Greece.jpg","datePublished":"2025-12-30T09:08:12+00:00","breadcrumb":{"@id":"https:\/\/www.certifiedcosmetics.com\/de\/product\/kosmetische-sicherheitsprufung\/zusaetzliche-variation-fuer-bestehende-pif\/#breadcrumb"},"inLanguage":"de","potentialAction":[{"@type":"ReadAction","target":["https:\/\/www.certifiedcosmetics.com\/de\/product\/kosmetische-sicherheitsprufung\/zusaetzliche-variation-fuer-bestehende-pif\/"]}]},{"@type":"ImageObject","inLanguage":"de","@id":"https:\/\/www.certifiedcosmetics.com\/de\/product\/kosmetische-sicherheitsprufung\/zusaetzliche-variation-fuer-bestehende-pif\/#primaryimage","url":"https:\/\/www.certifiedcosmetics.com\/wp-content\/uploads\/2025\/12\/Cosmetics-Compliance-Greece.jpg","contentUrl":"https:\/\/www.certifiedcosmetics.com\/wp-content\/uploads\/2025\/12\/Cosmetics-Compliance-Greece.jpg","width":800,"height":800,"caption":"Kosmetik Compliance Griechenland"},{"@type":"BreadcrumbList","@id":"https:\/\/www.certifiedcosmetics.com\/de\/product\/kosmetische-sicherheitsprufung\/zusaetzliche-variation-fuer-bestehende-pif\/#breadcrumb","itemListElement":[{"@type":"ListItem","position":1,"name":"Home","item":"https:\/\/www.certifiedcosmetics.com\/de\/"},{"@type":"ListItem","position":2,"name":"Shop","item":"https:\/\/www.certifiedcosmetics.com\/de\/shop-2\/"},{"@type":"ListItem","position":3,"name":"Zus\u00e4tzliche Variation f\u00fcr bestehende PIF"}]},{"@type":"WebSite","@id":"https:\/\/www.certifiedcosmetics.com\/de\/#website","url":"https:\/\/www.certifiedcosmetics.com\/de\/","name":"Certified Cosmetics","description":"Cosmetic Safety Assessment","publisher":{"@id":"https:\/\/www.certifiedcosmetics.com\/de\/#organization"},"potentialAction":[{"@type":"SearchAction","target":{"@type":"EntryPoint","urlTemplate":"https:\/\/www.certifiedcosmetics.com\/de\/?s={search_term_string}"},"query-input":{"@type":"PropertyValueSpecification","valueRequired":true,"valueName":"search_term_string"}}],"inLanguage":"de"},{"@type":"Organization","@id":"https:\/\/www.certifiedcosmetics.com\/de\/#organization","name":"Certified Cosmetics","url":"https:\/\/www.certifiedcosmetics.com\/de\/","logo":{"@type":"ImageObject","inLanguage":"de","@id":"https:\/\/www.certifiedcosmetics.com\/de\/#\/schema\/logo\/image\/","url":"https:\/\/www.certifiedcosmetics.com\/wp-content\/uploads\/2024\/12\/logo_certified_cosmetics696.jpg","contentUrl":"https:\/\/www.certifiedcosmetics.com\/wp-content\/uploads\/2024\/12\/logo_certified_cosmetics696.jpg","width":696,"height":696,"caption":"Certified Cosmetics"},"image":{"@id":"https:\/\/www.certifiedcosmetics.com\/de\/#\/schema\/logo\/image\/"},"description":"Your trusted partner for cosmetic product safety reporting. We take care of updating all of your documentation, ensuring your compliance stays current even as regulations evolve. The Cosmetic Product Safety Assessment will give you everything you need to sell specific products to EU consumers.","email":"contact@certifiedcosmetics.com","telephone":"+31 36 2036384","legalName":"Certified Cosmetics","foundingDate":"2010-01-01","vatID":"NL854189543B01","numberOfEmployees":{"@type":"QuantitativeValue","minValue":"11","maxValue":"50"}}]},"product_price_amount":"58.85","product_price_currency":"USD","og_availability":"instock","product_availability":"instock","product_retailer_item_id":"CC100061","product_condition":"new"},"_links":{"self":[{"href":"https:\/\/www.certifiedcosmetics.com\/de\/wp-json\/wp\/v2\/product\/14798","targetHints":{"allow":["GET"]}}],"collection":[{"href":"https:\/\/www.certifiedcosmetics.com\/de\/wp-json\/wp\/v2\/product"}],"about":[{"href":"https:\/\/www.certifiedcosmetics.com\/de\/wp-json\/wp\/v2\/types\/product"}],"wp:featuredmedia":[{"embeddable":true,"href":"https:\/\/www.certifiedcosmetics.com\/de\/wp-json\/wp\/v2\/media\/14593"}],"wp:attachment":[{"href":"https:\/\/www.certifiedcosmetics.com\/de\/wp-json\/wp\/v2\/media?parent=14798"}],"wp:term":[{"taxonomy":"product_brand","embeddable":true,"href":"https:\/\/www.certifiedcosmetics.com\/de\/wp-json\/wp\/v2\/product_brand?post=14798"},{"taxonomy":"product_cat","embeddable":true,"href":"https:\/\/www.certifiedcosmetics.com\/de\/wp-json\/wp\/v2\/product_cat?post=14798"},{"taxonomy":"product_tag","embeddable":true,"href":"https:\/\/www.certifiedcosmetics.com\/de\/wp-json\/wp\/v2\/product_tag?post=14798"}],"curies":[{"name":"wp","href":"https:\/\/api.w.org\/{rel}","templated":true}]}}