{"id":14217,"date":"2025-10-16T14:13:35","date_gmt":"2025-10-16T13:13:35","guid":{"rendered":"https:\/\/www.certifiedcosmetics.com\/product\/uncategorized\/mocra-cosmetic-safety-substantiation\/"},"modified":"2025-10-16T14:13:35","modified_gmt":"2025-10-16T13:13:35","slug":"mocra-cosmetic-safety-substantiation","status":"publish","type":"product","link":"https:\/\/www.certifiedcosmetics.com\/de\/product\/kosmetische-sicherheit-substantiierung\/mocra-cosmetic-safety-substantiation\/","title":{"rendered":"MoCRA Cosmetic Safety Substantiation"},"content":{"rendered":"<p data-start=\"388\" data-end=\"695\">Nach dem <strong data-start=\"398\" data-end=\"451\">Modernization of Cosmetics Regulation Act (MoCRA)<\/strong> muss jedes kosmetische Produkt, das in den Vereinigten Staaten vermarktet wird, \u00fcber einen <em data-start=\"516\" data-end=\"548\">angemessenen Sicherheitsnachweis<\/em> verf\u00fcgen &#8211; das hei\u00dft, der Hersteller oder die verantwortliche Person muss Aufzeichnungen und Nachweise f\u00fchren, die belegen, dass das Produkt f\u00fcr den vorgesehenen Gebrauch sicher ist.<\/p>\n<p data-start=\"697\" data-end=\"931\">Das Gesetz definiert einen angemessenen Nachweis als Tests, Studien, Forschungen, Analysen oder andere Beweise, die von qualifizierten Experten als <em data-start=\"839\" data-end=\"871\">hinreichend sicher f\u00fcr die Sicherheit<\/em> unter normalen oder vern\u00fcnftigerweise vorhersehbaren Verwendungsbedingungen angesehen werden.<\/p>\n<p data-start=\"933\" data-end=\"1035\">Wenn ein Produkt keinen ausreichenden Sicherheitsnachweis hat, kann es nach dem MoCRA als <strong data-start=\"1005\" data-end=\"1020\">gepanscht<\/strong> gelten.<\/p>\n<h2 data-start=\"1037\" data-end=\"1088\">Was muss in einer Sicherheitssubstantiation enthalten sein?<\/h2>\n<p data-start=\"1090\" data-end=\"1158\">Um dem MoCRA zu gen\u00fcgen, sollte dein Dossier zum Sicherheitsnachweis Folgendes enthalten:<\/p>\n<p data-start=\"1160\" data-end=\"1379\"><strong data-start=\"1160\" data-end=\"1192\">Sicherheitsdaten auf Inhaltsstoffebene<\/strong><br data-start=\"1192\" data-end=\"1195\">F\u00fcr jeden Inhaltsstoff in deiner Rezeptur ben\u00f6tigst du chemische, toxikologische und expositionsbezogene Daten. Bestehende Sicherheitsbewertungen und von Fachleuten \u00fcberpr\u00fcfte Literatur k\u00f6nnen gegebenenfalls verwendet werden. <\/p>\n<p data-start=\"1381\" data-end=\"1687\"><strong data-start=\"1381\" data-end=\"1418\">Dosis-\/Expositions- und Risikobewertung<\/strong><br data-start=\"1418\" data-end=\"1421\">Deine Nachweise m\u00fcssen ber\u00fccksichtigen, wie viel von dem Produkt ein typischer Nutzer auftr\u00e4gt, wie h\u00e4ufig, wie stark die Haut absorbiert wird und wie hoch die m\u00f6gliche kumulative Exposition oder Wechselwirkungen sind. Der Nachweis muss zeigen, dass das Produkt unter den erwarteten Anwendungsbedingungen sicher ist. <\/p>\n<p data-start=\"1689\" data-end=\"1759\"><strong data-start=\"1689\" data-end=\"1737\">Pr\u00fcfungen auf Produktebene oder unterst\u00fctzende Nachweise<\/strong><br data-start=\"1737\" data-end=\"1740\">Dazu k\u00f6nnen geh\u00f6ren:<\/p>\n<ul data-start=\"1760\" data-end=\"2057\">\n<li data-start=\"1760\" data-end=\"1839\">\n<p data-start=\"1762\" data-end=\"1839\">Stabilit\u00e4tstests, um zu best\u00e4tigen, dass die Formulierung w\u00e4hrend der Lagerzeit sicher bleibt<\/p>\n<\/li>\n<li data-start=\"1840\" data-end=\"1896\">\n<p data-start=\"1842\" data-end=\"1896\">Wirksamkeit von Konservierungsmitteln oder mikrobielle Belastungstests<\/p>\n<\/li>\n<li data-start=\"1897\" data-end=\"1979\">\n<p data-start=\"1899\" data-end=\"1979\">Irritations- und Sensibilisierungstests wie Pflastertests oder wiederholte Insult-Patch-Tests<\/p>\n<\/li>\n<li data-start=\"1980\" data-end=\"2057\">\n<p data-start=\"1982\" data-end=\"2057\">In-vitro- oder In-silico-Testmethoden als geeignete tierversuchsfreie Alternativen<\/p>\n<\/li>\n<\/ul>\n<p data-start=\"2059\" data-end=\"2260\"><strong data-start=\"2059\" data-end=\"2090\">Dokumentation und Begr\u00fcndung<\/strong><br data-start=\"2090\" data-end=\"2093\">Jede Entscheidung &#8211; wie z. B. die Auswahl von Tests, Sicherheitsschwellenwerten und Risikomargen &#8211; sollte klar begr\u00fcndet und mit nachvollziehbaren Daten, Protokollen und Analysen belegt werden.<\/p>\n<p data-start=\"2262\" data-end=\"2422\"><strong data-start=\"2262\" data-end=\"2290\">Organisierte Aufbewahrung von Unterlagen<\/strong><br data-start=\"2290\" data-end=\"2293\">Alle Prim\u00e4rdaten, Zusammenfassungen, Protokolle und unterst\u00fctzenden Materialien m\u00fcssen ordnungsgem\u00e4\u00df katalogisiert und f\u00fcr die FDA-Inspektion zug\u00e4nglich sein.<\/p>\n<h2 data-start=\"2424\" data-end=\"2463\">Regulatorischer Kontext und Anforderungen<\/h2>\n<ul data-start=\"2465\" data-end=\"2995\">\n<li data-start=\"2465\" data-end=\"2599\">\n<p data-start=\"2467\" data-end=\"2599\">Die auf dem Kosmetika-Etikett angegebene <strong data-start=\"2471\" data-end=\"2493\">verantwortliche Person<\/strong> ist gesetzlich verpflichtet, Sicherheitsnachweise zu f\u00fchren und zu aktualisieren.<\/p>\n<\/li>\n<li data-start=\"2600\" data-end=\"2698\">\n<p data-start=\"2602\" data-end=\"2698\">Die FDA kann bei einer Inspektion Einsicht in diese Unterlagen verlangen, und sie m\u00fcssen leicht zug\u00e4nglich sein.<\/p>\n<\/li>\n<li data-start=\"2699\" data-end=\"2796\">\n<p data-start=\"2701\" data-end=\"2796\">Das MoCRA gibt der FDA die Befugnis, R\u00fcckrufe anzuordnen, wenn ein kosmetisches Mittel als unsicher oder verf\u00e4lscht eingestuft wird.<\/p>\n<\/li>\n<li data-start=\"2797\" data-end=\"2894\">\n<p data-start=\"2799\" data-end=\"2894\">Der Sicherheitsnachweis muss aktualisiert werden, wenn es neue wissenschaftliche Informationen oder Produkt\u00e4nderungen gibt.<\/p>\n<\/li>\n<\/ul>\n<h2 data-start=\"3712\" data-end=\"3741\">Was unser Service bietet<\/h2>\n<p data-start=\"3743\" data-end=\"3859\">Wir bieten einen umfassenden Service zur Erstellung deines MoCRA-konformen Sicherheitsnachweises. Unsere Leistungen umfassen: <\/p>\n<ul data-start=\"3861\" data-end=\"4361\">\n<li data-start=\"3861\" data-end=\"3919\">\n<p data-start=\"3863\" data-end=\"3919\">Eine detaillierte \u00dcberpr\u00fcfung deiner Formulierung und deines Verwendungszwecks<\/p>\n<\/li>\n<li data-start=\"3920\" data-end=\"3993\">\n<p data-start=\"3922\" data-end=\"3993\">Sammlung und Auswertung von Daten zur Sicherheit und Toxikologie von Inhaltsstoffen<\/p>\n<\/li>\n<li data-start=\"3994\" data-end=\"4054\">\n<p data-start=\"3996\" data-end=\"4054\">Auf deine Produktart zugeschnittene Risiko- und Gef\u00e4hrdungsmodellierung<\/p>\n<\/li>\n<li data-start=\"4055\" data-end=\"4108\">\n<p data-start=\"4057\" data-end=\"4108\">Empfehlungen f\u00fcr eventuell erforderliche zus\u00e4tzliche Tests<\/p>\n<\/li>\n<li data-start=\"4109\" data-end=\"4225\">\n<p data-start=\"4111\" data-end=\"4225\">Erstellung eines umfassenden <strong data-start=\"4142\" data-end=\"4174\">Safety Substantiation Reports<\/strong>, der die Sicherheitsgrundlagen und Schlussfolgerungen zusammenfasst<\/p>\n<\/li>\n<li data-start=\"4226\" data-end=\"4296\">\n<p data-start=\"4228\" data-end=\"4296\">Erstellung von pr\u00fcfungsf\u00e4higen Unterlagen, die f\u00fcr die FDA-Inspektion formatiert sind<\/p>\n<\/li>\n<\/ul>\n<h2 data-start=\"4363\" data-end=\"4383\">Warum das wichtig ist<\/h2>\n<p data-start=\"4385\" data-end=\"4509\">Ein strenger Sicherheitsnachweis ist nicht nur gesetzlich vorgeschrieben, sondern auch ein Eckpfeiler der Glaubw\u00fcrdigkeit einer Marke und des Vertrauens der Verbraucher.<\/p>\n<p data-start=\"4511\" data-end=\"4534\">Ordnungsgem\u00e4\u00dfe Dokumentation:<\/p>\n<ul data-start=\"4535\" data-end=\"4776\">\n<li data-start=\"4535\" data-end=\"4595\">\n<p data-start=\"4537\" data-end=\"4595\">Best\u00e4tigt, dass du die Erwartungen von MoCRA und FDA erf\u00fcllst<\/p>\n<\/li>\n<li data-start=\"4596\" data-end=\"4649\">\n<p data-start=\"4598\" data-end=\"4649\">Minimiert das Risiko von beh\u00f6rdlichen Ma\u00dfnahmen oder R\u00fcckrufen<\/p>\n<\/li>\n<li data-start=\"4650\" data-end=\"4710\">\n<p data-start=\"4652\" data-end=\"4710\">Zeigt das Engagement deines Unternehmens f\u00fcr die Produktsicherheit<\/p>\n<\/li>\n<li data-start=\"4711\" data-end=\"4776\">\n<p data-start=\"4713\" data-end=\"4776\">Schafft Vertrauen bei H\u00e4ndlern, Einzelh\u00e4ndlern und Kunden<\/p>\n<\/li>\n<\/ul>\n","protected":false},"excerpt":{"rendered":"<p>Nach dem Modernization of Cosmetics Regulation Act (MoCRA) muss jedes kosmetische Produkt, das in den Vereinigten Staaten vermarktet wird, \u00fcber einen angemessenen Sicherheitsnachweis verf\u00fcgen &#8211; das hei\u00dft, der Hersteller oder die verantwortliche Person muss Aufzeichnungen und Nachweise f\u00fchren, die belegen, dass das Produkt f\u00fcr den vorgesehenen Gebrauch sicher ist. Das Gesetz definiert einen angemessenen Nachweis&#8230;<\/p>\n","protected":false},"featured_media":13856,"template":"","meta":[],"product_brand":[],"product_cat":[1593],"product_tag":[],"class_list":{"0":"post-14217","1":"product","2":"type-product","3":"status-publish","4":"has-post-thumbnail","6":"product_cat-kosmetische-sicherheit-substantiierung","8":"first","9":"instock","10":"taxable","11":"shipping-taxable","12":"purchasable","13":"product-type-variable","14":"has-default-attributes"},"bundled_by":["15040"],"bundle_stock_status":"instock","bundle_stock_quantity":null,"bundle_virtual":false,"bundle_layout":"","bundle_add_to_cart_form_location":"","bundle_editable_in_cart":false,"bundle_sold_individually_context":"","bundle_item_grouping":"","bundle_min_size":"","bundle_max_size":"","bundle_price":[],"bundled_items":[],"bundle_sell_ids":[],"yoast_head":"<!-- This site is optimized with the Yoast SEO Premium plugin v25.4 (Yoast SEO v25.4) - https:\/\/yoast.com\/wordpress\/plugins\/seo\/ -->\n<title>MoCRA Cosmetic Safety Substantiation - Certified Cosmetics<\/title>\n<meta name=\"description\" content=\"Nach dem Modernization of Cosmetics Regulation Act (MoCRA) muss jedes kosmetische Produkt, das in den Vereinigten Staaten vermarktet wird, \u00fcber einen angemessenen Sicherheitsnachweis verf\u00fcgen - das hei\u00dft, der Hersteller oder die verantwortliche Person muss Aufzeichnungen und Nachweise f\u00fchren, die belegen, dass das Produkt f\u00fcr den vorgesehenen Gebrauch sicher ist.\" \/>\n<meta name=\"robots\" content=\"index, follow, max-snippet:-1, max-image-preview:large, max-video-preview:-1\" \/>\n<link rel=\"canonical\" href=\"https:\/\/www.certifiedcosmetics.com\/de\/product\/kosmetische-sicherheit-substantiierung\/mocra-cosmetic-safety-substantiation\/\" \/>\n<meta property=\"og:locale\" content=\"de_DE\" \/>\n<meta property=\"og:type\" content=\"article\" \/>\n<meta property=\"og:title\" content=\"MoCRA Cosmetic Safety Substantiation\" \/>\n<meta property=\"og:description\" content=\"Nach dem Modernization of Cosmetics Regulation Act (MoCRA) muss jedes kosmetische Produkt, das in den Vereinigten Staaten vermarktet wird, \u00fcber einen angemessenen Sicherheitsnachweis verf\u00fcgen - das hei\u00dft, der Hersteller oder die verantwortliche Person muss Aufzeichnungen und Nachweise f\u00fchren, die belegen, dass das Produkt f\u00fcr den vorgesehenen Gebrauch sicher ist.\" \/>\n<meta property=\"og:url\" content=\"https:\/\/www.certifiedcosmetics.com\/de\/product\/kosmetische-sicherheit-substantiierung\/mocra-cosmetic-safety-substantiation\/\" \/>\n<meta property=\"og:site_name\" content=\"Certified Cosmetics\" \/>\n<meta property=\"og:image\" content=\"https:\/\/www.certifiedcosmetics.com\/wp-content\/uploads\/2025\/10\/safety.png\" \/>\n\t<meta property=\"og:image:width\" content=\"1024\" \/>\n\t<meta property=\"og:image:height\" content=\"1024\" \/>\n\t<meta property=\"og:image:type\" content=\"image\/png\" \/>\n<meta name=\"twitter:card\" content=\"summary_large_image\" \/>\n<meta name=\"twitter:label1\" content=\"Verf\u00fcgbarkeit\" \/>\n\t<meta name=\"twitter:data1\" content=\"Auf Lager\" \/>\n<script type=\"application\/ld+json\" class=\"yoast-schema-graph\">{\"@context\":\"https:\/\/schema.org\",\"@graph\":[{\"@type\":\"WebPage\",\"@id\":\"https:\/\/www.certifiedcosmetics.com\/de\/product\/kosmetische-sicherheit-substantiierung\/mocra-cosmetic-safety-substantiation\/\",\"url\":\"https:\/\/www.certifiedcosmetics.com\/de\/product\/kosmetische-sicherheit-substantiierung\/mocra-cosmetic-safety-substantiation\/\",\"name\":\"MoCRA Cosmetic Safety Substantiation - Certified Cosmetics\",\"isPartOf\":{\"@id\":\"https:\/\/www.certifiedcosmetics.com\/de\/#website\"},\"primaryImageOfPage\":{\"@id\":\"https:\/\/www.certifiedcosmetics.com\/de\/product\/kosmetische-sicherheit-substantiierung\/mocra-cosmetic-safety-substantiation\/#primaryimage\"},\"image\":{\"@id\":\"https:\/\/www.certifiedcosmetics.com\/de\/product\/kosmetische-sicherheit-substantiierung\/mocra-cosmetic-safety-substantiation\/#primaryimage\"},\"thumbnailUrl\":\"https:\/\/www.certifiedcosmetics.com\/wp-content\/uploads\/2025\/10\/safety.png\",\"datePublished\":\"2025-10-16T13:13:35+00:00\",\"description\":\"Nach dem Modernization of Cosmetics Regulation Act (MoCRA) muss jedes kosmetische Produkt, das in den Vereinigten Staaten vermarktet wird, \u00fcber einen angemessenen Sicherheitsnachweis verf\u00fcgen - das hei\u00dft, der Hersteller oder die verantwortliche Person muss Aufzeichnungen und Nachweise f\u00fchren, die belegen, dass das Produkt f\u00fcr den vorgesehenen Gebrauch sicher ist.\",\"breadcrumb\":{\"@id\":\"https:\/\/www.certifiedcosmetics.com\/de\/product\/kosmetische-sicherheit-substantiierung\/mocra-cosmetic-safety-substantiation\/#breadcrumb\"},\"inLanguage\":\"de\",\"potentialAction\":[{\"@type\":\"ReadAction\",\"target\":[\"https:\/\/www.certifiedcosmetics.com\/de\/product\/kosmetische-sicherheit-substantiierung\/mocra-cosmetic-safety-substantiation\/\"]}]},{\"@type\":\"ImageObject\",\"inLanguage\":\"de\",\"@id\":\"https:\/\/www.certifiedcosmetics.com\/de\/product\/kosmetische-sicherheit-substantiierung\/mocra-cosmetic-safety-substantiation\/#primaryimage\",\"url\":\"https:\/\/www.certifiedcosmetics.com\/wp-content\/uploads\/2025\/10\/safety.png\",\"contentUrl\":\"https:\/\/www.certifiedcosmetics.com\/wp-content\/uploads\/2025\/10\/safety.png\",\"width\":1024,\"height\":1024},{\"@type\":\"BreadcrumbList\",\"@id\":\"https:\/\/www.certifiedcosmetics.com\/de\/product\/kosmetische-sicherheit-substantiierung\/mocra-cosmetic-safety-substantiation\/#breadcrumb\",\"itemListElement\":[{\"@type\":\"ListItem\",\"position\":1,\"name\":\"Home\",\"item\":\"https:\/\/www.certifiedcosmetics.com\/de\/\"},{\"@type\":\"ListItem\",\"position\":2,\"name\":\"Shop\",\"item\":\"https:\/\/www.certifiedcosmetics.com\/de\/shop-2\/\"},{\"@type\":\"ListItem\",\"position\":3,\"name\":\"MoCRA Cosmetic Safety Substantiation\"}]},{\"@type\":\"WebSite\",\"@id\":\"https:\/\/www.certifiedcosmetics.com\/de\/#website\",\"url\":\"https:\/\/www.certifiedcosmetics.com\/de\/\",\"name\":\"Certified Cosmetics\",\"description\":\"Cosmetic Safety Assessment\",\"publisher\":{\"@id\":\"https:\/\/www.certifiedcosmetics.com\/de\/#organization\"},\"potentialAction\":[{\"@type\":\"SearchAction\",\"target\":{\"@type\":\"EntryPoint\",\"urlTemplate\":\"https:\/\/www.certifiedcosmetics.com\/de\/?s={search_term_string}\"},\"query-input\":{\"@type\":\"PropertyValueSpecification\",\"valueRequired\":true,\"valueName\":\"search_term_string\"}}],\"inLanguage\":\"de\"},{\"@type\":\"Organization\",\"@id\":\"https:\/\/www.certifiedcosmetics.com\/de\/#organization\",\"name\":\"Certified Cosmetics\",\"url\":\"https:\/\/www.certifiedcosmetics.com\/de\/\",\"logo\":{\"@type\":\"ImageObject\",\"inLanguage\":\"de\",\"@id\":\"https:\/\/www.certifiedcosmetics.com\/de\/#\/schema\/logo\/image\/\",\"url\":\"https:\/\/www.certifiedcosmetics.com\/wp-content\/uploads\/2024\/12\/logo_certified_cosmetics696.jpg\",\"contentUrl\":\"https:\/\/www.certifiedcosmetics.com\/wp-content\/uploads\/2024\/12\/logo_certified_cosmetics696.jpg\",\"width\":696,\"height\":696,\"caption\":\"Certified Cosmetics\"},\"image\":{\"@id\":\"https:\/\/www.certifiedcosmetics.com\/de\/#\/schema\/logo\/image\/\"},\"description\":\"Your trusted partner for cosmetic product safety reporting. We take care of updating all of your documentation, ensuring your compliance stays current even as regulations evolve. The Cosmetic Product Safety Assessment will give you everything you need to sell specific products to EU consumers.\",\"email\":\"contact@certifiedcosmetics.com\",\"telephone\":\"+31 36 2036384\",\"legalName\":\"Certified Cosmetics\",\"foundingDate\":\"2010-01-01\",\"vatID\":\"NL854189543B01\",\"numberOfEmployees\":{\"@type\":\"QuantitativeValue\",\"minValue\":\"11\",\"maxValue\":\"50\"}}]}<\/script>\n<meta property=\"og:availability\" content=\"instock\" \/>\n<meta property=\"product:availability\" content=\"instock\" \/>\n<meta property=\"product:condition\" content=\"new\" \/>\n<!-- \/ Yoast SEO Premium plugin. -->","yoast_head_json":{"title":"MoCRA Cosmetic Safety Substantiation - Certified Cosmetics","description":"Nach dem Modernization of Cosmetics Regulation Act (MoCRA) muss jedes kosmetische Produkt, das in den Vereinigten Staaten vermarktet wird, \u00fcber einen angemessenen Sicherheitsnachweis verf\u00fcgen - das hei\u00dft, der Hersteller oder die verantwortliche Person muss Aufzeichnungen und Nachweise f\u00fchren, die belegen, dass das Produkt f\u00fcr den vorgesehenen Gebrauch sicher ist.","robots":{"index":"index","follow":"follow","max-snippet":"max-snippet:-1","max-image-preview":"max-image-preview:large","max-video-preview":"max-video-preview:-1"},"canonical":"https:\/\/www.certifiedcosmetics.com\/de\/product\/kosmetische-sicherheit-substantiierung\/mocra-cosmetic-safety-substantiation\/","og_locale":"de_DE","og_type":"article","og_title":"MoCRA Cosmetic Safety Substantiation","og_description":"Nach dem Modernization of Cosmetics Regulation Act (MoCRA) muss jedes kosmetische Produkt, das in den Vereinigten Staaten vermarktet wird, \u00fcber einen angemessenen Sicherheitsnachweis verf\u00fcgen - das hei\u00dft, der Hersteller oder die verantwortliche Person muss Aufzeichnungen und Nachweise f\u00fchren, die belegen, dass das Produkt f\u00fcr den vorgesehenen Gebrauch sicher ist.","og_url":"https:\/\/www.certifiedcosmetics.com\/de\/product\/kosmetische-sicherheit-substantiierung\/mocra-cosmetic-safety-substantiation\/","og_site_name":"Certified Cosmetics","og_image":[{"width":1024,"height":1024,"url":"https:\/\/www.certifiedcosmetics.com\/wp-content\/uploads\/2025\/10\/safety.png","type":"image\/png"}],"twitter_card":"summary_large_image","twitter_misc":{"Verf\u00fcgbarkeit":"Auf Lager"},"schema":{"@context":"https:\/\/schema.org","@graph":[{"@type":"WebPage","@id":"https:\/\/www.certifiedcosmetics.com\/de\/product\/kosmetische-sicherheit-substantiierung\/mocra-cosmetic-safety-substantiation\/","url":"https:\/\/www.certifiedcosmetics.com\/de\/product\/kosmetische-sicherheit-substantiierung\/mocra-cosmetic-safety-substantiation\/","name":"MoCRA Cosmetic Safety Substantiation - Certified Cosmetics","isPartOf":{"@id":"https:\/\/www.certifiedcosmetics.com\/de\/#website"},"primaryImageOfPage":{"@id":"https:\/\/www.certifiedcosmetics.com\/de\/product\/kosmetische-sicherheit-substantiierung\/mocra-cosmetic-safety-substantiation\/#primaryimage"},"image":{"@id":"https:\/\/www.certifiedcosmetics.com\/de\/product\/kosmetische-sicherheit-substantiierung\/mocra-cosmetic-safety-substantiation\/#primaryimage"},"thumbnailUrl":"https:\/\/www.certifiedcosmetics.com\/wp-content\/uploads\/2025\/10\/safety.png","datePublished":"2025-10-16T13:13:35+00:00","description":"Nach dem Modernization of Cosmetics Regulation Act (MoCRA) muss jedes kosmetische Produkt, das in den Vereinigten Staaten vermarktet wird, \u00fcber einen angemessenen Sicherheitsnachweis verf\u00fcgen - das hei\u00dft, der Hersteller oder die verantwortliche Person muss Aufzeichnungen und Nachweise f\u00fchren, die belegen, dass das Produkt f\u00fcr den vorgesehenen Gebrauch sicher ist.","breadcrumb":{"@id":"https:\/\/www.certifiedcosmetics.com\/de\/product\/kosmetische-sicherheit-substantiierung\/mocra-cosmetic-safety-substantiation\/#breadcrumb"},"inLanguage":"de","potentialAction":[{"@type":"ReadAction","target":["https:\/\/www.certifiedcosmetics.com\/de\/product\/kosmetische-sicherheit-substantiierung\/mocra-cosmetic-safety-substantiation\/"]}]},{"@type":"ImageObject","inLanguage":"de","@id":"https:\/\/www.certifiedcosmetics.com\/de\/product\/kosmetische-sicherheit-substantiierung\/mocra-cosmetic-safety-substantiation\/#primaryimage","url":"https:\/\/www.certifiedcosmetics.com\/wp-content\/uploads\/2025\/10\/safety.png","contentUrl":"https:\/\/www.certifiedcosmetics.com\/wp-content\/uploads\/2025\/10\/safety.png","width":1024,"height":1024},{"@type":"BreadcrumbList","@id":"https:\/\/www.certifiedcosmetics.com\/de\/product\/kosmetische-sicherheit-substantiierung\/mocra-cosmetic-safety-substantiation\/#breadcrumb","itemListElement":[{"@type":"ListItem","position":1,"name":"Home","item":"https:\/\/www.certifiedcosmetics.com\/de\/"},{"@type":"ListItem","position":2,"name":"Shop","item":"https:\/\/www.certifiedcosmetics.com\/de\/shop-2\/"},{"@type":"ListItem","position":3,"name":"MoCRA Cosmetic Safety Substantiation"}]},{"@type":"WebSite","@id":"https:\/\/www.certifiedcosmetics.com\/de\/#website","url":"https:\/\/www.certifiedcosmetics.com\/de\/","name":"Certified Cosmetics","description":"Cosmetic Safety Assessment","publisher":{"@id":"https:\/\/www.certifiedcosmetics.com\/de\/#organization"},"potentialAction":[{"@type":"SearchAction","target":{"@type":"EntryPoint","urlTemplate":"https:\/\/www.certifiedcosmetics.com\/de\/?s={search_term_string}"},"query-input":{"@type":"PropertyValueSpecification","valueRequired":true,"valueName":"search_term_string"}}],"inLanguage":"de"},{"@type":"Organization","@id":"https:\/\/www.certifiedcosmetics.com\/de\/#organization","name":"Certified Cosmetics","url":"https:\/\/www.certifiedcosmetics.com\/de\/","logo":{"@type":"ImageObject","inLanguage":"de","@id":"https:\/\/www.certifiedcosmetics.com\/de\/#\/schema\/logo\/image\/","url":"https:\/\/www.certifiedcosmetics.com\/wp-content\/uploads\/2024\/12\/logo_certified_cosmetics696.jpg","contentUrl":"https:\/\/www.certifiedcosmetics.com\/wp-content\/uploads\/2024\/12\/logo_certified_cosmetics696.jpg","width":696,"height":696,"caption":"Certified Cosmetics"},"image":{"@id":"https:\/\/www.certifiedcosmetics.com\/de\/#\/schema\/logo\/image\/"},"description":"Your trusted partner for cosmetic product safety reporting. We take care of updating all of your documentation, ensuring your compliance stays current even as regulations evolve. The Cosmetic Product Safety Assessment will give you everything you need to sell specific products to EU consumers.","email":"contact@certifiedcosmetics.com","telephone":"+31 36 2036384","legalName":"Certified Cosmetics","foundingDate":"2010-01-01","vatID":"NL854189543B01","numberOfEmployees":{"@type":"QuantitativeValue","minValue":"11","maxValue":"50"}}]},"og_availability":"instock","product_availability":"instock","product_condition":"new"},"_links":{"self":[{"href":"https:\/\/www.certifiedcosmetics.com\/de\/wp-json\/wp\/v2\/product\/14217","targetHints":{"allow":["GET"]}}],"collection":[{"href":"https:\/\/www.certifiedcosmetics.com\/de\/wp-json\/wp\/v2\/product"}],"about":[{"href":"https:\/\/www.certifiedcosmetics.com\/de\/wp-json\/wp\/v2\/types\/product"}],"wp:featuredmedia":[{"embeddable":true,"href":"https:\/\/www.certifiedcosmetics.com\/de\/wp-json\/wp\/v2\/media\/13856"}],"wp:attachment":[{"href":"https:\/\/www.certifiedcosmetics.com\/de\/wp-json\/wp\/v2\/media?parent=14217"}],"wp:term":[{"taxonomy":"product_brand","embeddable":true,"href":"https:\/\/www.certifiedcosmetics.com\/de\/wp-json\/wp\/v2\/product_brand?post=14217"},{"taxonomy":"product_cat","embeddable":true,"href":"https:\/\/www.certifiedcosmetics.com\/de\/wp-json\/wp\/v2\/product_cat?post=14217"},{"taxonomy":"product_tag","embeddable":true,"href":"https:\/\/www.certifiedcosmetics.com\/de\/wp-json\/wp\/v2\/product_tag?post=14217"}],"curies":[{"name":"wp","href":"https:\/\/api.w.org\/{rel}","templated":true}]}}