{"id":14194,"date":"2025-10-22T12:48:54","date_gmt":"2025-10-22T11:48:54","guid":{"rendered":"https:\/\/www.certifiedcosmetics.com\/product\/uncategorized\/tpo-erkennung\/"},"modified":"2025-10-22T12:48:54","modified_gmt":"2025-10-22T11:48:54","slug":"tpo-erkennung","status":"publish","type":"product","link":"https:\/\/www.certifiedcosmetics.com\/de\/product\/uberprufung-von-angaben-und-inhaltsstoffen\/tpo-erkennung\/","title":{"rendered":"TPO-Erkennung"},"content":{"rendered":"<p data-start=\"0\" data-end=\"294\">Der <strong>TPO-Nachweis-Labortest<\/strong> f\u00fcr Nagelprodukte ist ein spezielles Analyseverfahren zur Identifizierung und Quantifizierung von <strong data-start=\"124\" data-end=\"174\">Trimethylbenzoyl-Diphenylphosphinoxid (TPO<\/strong> ) &#8211; einem Fotoinitiator, der in UV-h\u00e4rtbaren Nagelgelen und -lacken h\u00e4ufig verwendet wurde, um den Polymerisationsprozess einzuleiten.<\/p>\n<h2 data-start=\"296\" data-end=\"321\">Zweck des Tests<\/h2>\n<p data-start=\"322\" data-end=\"767\">Mit diesem Test soll \u00fcberpr\u00fcft werden, ob Nagelprodukte <strong data-start=\"390\" data-end=\"397\">TPO<\/strong> enthalten, das in <strong data-start=\"408\" data-end=\"483\">der Europ\u00e4ischen Union<\/strong> gem\u00e4\u00df <strong data-start=\"490\" data-end=\"546\">Anhang II der EU-Kosmetikverordnung (EG) Nr. 1223\/2009<\/strong> <strong data-start=\"408\" data-end=\"483\">f\u00fcr die Verwendung in Kosmetika und Nagelprodukten verboten<\/strong> ist. Obwohl TPO fr\u00fcher wegen seiner Effizienz bei der UV-H\u00e4rtung sehr beliebt war, wurde es aufgrund von Sicherheitsbedenken verboten, so dass sein Nachweis f\u00fcr die Einhaltung von Vorschriften, das Import-Screening und die Validierung der Produktsicherheit entscheidend ist. <\/p>\n<h2 data-start=\"769\" data-end=\"805\">Warum TPO-Erkennung wichtig ist<\/h2>\n<ul data-start=\"806\" data-end=\"1457\">\n<li data-start=\"806\" data-end=\"976\">\n<p data-start=\"808\" data-end=\"976\"><strong data-start=\"808\" data-end=\"834\">Einhaltung der Vorschriften:<\/strong> Da TPO in der EU verboten ist, best\u00e4tigt der Test, dass die Kosmetik- und Nagelformulierungen keine Spuren dieser verbotenen Substanz enthalten.<\/p>\n<\/li>\n<li data-start=\"977\" data-end=\"1193\">\n<p data-start=\"979\" data-end=\"1193\"><strong data-start=\"979\" data-end=\"1000\">Sicherheitsgarantie:<\/strong> TPO wurde mit einer m\u00f6glichen <strong data-start=\"1040\" data-end=\"1062\">Sensibilisierung der Haut<\/strong>, <strong data-start=\"1064\" data-end=\"1091\">photoallergischen Reaktionen<\/strong> und <strong data-start=\"1097\" data-end=\"1123\">toxikologischen Bedenken<\/strong> in Verbindung gebracht, insbesondere bei wiederholter Exposition w\u00e4hrend der UV-H\u00e4rtung von Geln\u00e4geln.<\/p>\n<\/li>\n<li data-start=\"1194\" data-end=\"1313\">\n<p data-start=\"1196\" data-end=\"1313\"><strong data-start=\"1196\" data-end=\"1216\">Marktzulassung:<\/strong> Produkte, die TPO enthalten, d\u00fcrfen in der EU und im EWR nicht legal verkauft oder vertrieben werden.<\/p>\n<\/li>\n<li data-start=\"1314\" data-end=\"1457\">\n<p data-start=\"1316\" data-end=\"1457\"><strong data-start=\"1316\" data-end=\"1342\">Qualit\u00e4t und Integrit\u00e4t:<\/strong> Das Aufsp\u00fcren und Eliminieren verbotener Substanzen wie TPO sorgt f\u00fcr Transparenz bei der Herstellung und f\u00fcr Verbraucherschutz.<\/p>\n<\/li>\n<\/ul>\n<h2 data-start=\"1459\" data-end=\"1476\">Methodik<\/h2>\n<p data-start=\"1477\" data-end=\"1630\">Der TPO-Nachweistest wird mit <strong data-start=\"1519\" data-end=\"1553\">fortschrittlichen Analysetechniken<\/strong> durchgef\u00fchrt, mit denen selbst Spuren von TPO in fertigen Nagelprodukten identifiziert werden k\u00f6nnen:<\/p>\n<ul data-start=\"1631\" data-end=\"1803\">\n<li data-start=\"1631\" data-end=\"1684\">\n<p data-start=\"1633\" data-end=\"1684\"><strong data-start=\"1633\" data-end=\"1682\">Hochleistungsfl\u00fcssigkeitschromatographie (HPLC)<\/strong><\/p>\n<\/li>\n<li data-start=\"1685\" data-end=\"1737\">\n<p data-start=\"1687\" data-end=\"1737\"><strong data-start=\"1687\" data-end=\"1735\">Gaschromatographie-Massenspektrometrie (GC-MS)<\/strong><\/p>\n<\/li>\n<li data-start=\"1738\" data-end=\"1803\">\n<p data-start=\"1740\" data-end=\"1803\"><strong data-start=\"1740\" data-end=\"1801\">Fl\u00fcssigchromatographie-Tandem-Massenspektrometrie (LC-MS\/MS)<\/strong><\/p>\n<\/li>\n<\/ul>\n<p data-start=\"1805\" data-end=\"1942\">Mit diesen Methoden k\u00f6nnen Labore TPO mit hoher Pr\u00e4zision nachweisen und quantifizieren und so die Einhaltung der EU-Sicherheitsstandards f\u00fcr Kosmetika gew\u00e4hrleisten.<\/p>\n<h2 data-start=\"1944\" data-end=\"1964\">Testverfahren<\/h2>\n<ol data-start=\"1965\" data-end=\"2454\">\n<li data-start=\"1965\" data-end=\"2061\">\n<p data-start=\"1968\" data-end=\"2061\">Eine repr\u00e4sentative Nagelproduktprobe (Gellack, Decklack oder Verl\u00e4ngerungsgel) wird entnommen.<\/p>\n<\/li>\n<li data-start=\"2062\" data-end=\"2148\">\n<p data-start=\"2065\" data-end=\"2148\">Die Probe wird einer L\u00f6sungsmittelextraktion unterzogen, um m\u00f6gliche Fotoinitiatoren zu isolieren.<\/p>\n<\/li>\n<li data-start=\"2149\" data-end=\"2260\">\n<p data-start=\"2152\" data-end=\"2260\">Der Extrakt wird mittels Chromatographie und Massenspektrometrie analysiert, um TPO und verwandte Substanzen zu identifizieren.<\/p>\n<\/li>\n<li data-start=\"2261\" data-end=\"2353\">\n<p data-start=\"2264\" data-end=\"2353\">Erkannte Verbindungen werden zur Best\u00e4tigung mit zertifizierten Referenzstandards verglichen.<\/p>\n<\/li>\n<li data-start=\"2354\" data-end=\"2454\">\n<p data-start=\"2357\" data-end=\"2454\">Der Abschlussbericht enth\u00e4lt die gemessene Konzentration (falls vorhanden) und eine klare Erkl\u00e4rung zur Einhaltung der Vorschriften.<\/p>\n<\/li>\n<\/ol>\n<h2 data-start=\"2456\" data-end=\"2481\">Ergebnisse &amp; Berichterstattung<\/h2>\n<p data-start=\"2482\" data-end=\"2521\">Laborberichte enthalten in der Regel:<\/p>\n<ul data-start=\"2522\" data-end=\"2847\">\n<li data-start=\"2522\" data-end=\"2606\">\n<p data-start=\"2524\" data-end=\"2606\">Nachweis von TPO und verwandten Fotoinitiatoren (z. B. BAPO, HEMA-Fotoinitiatoren).<\/p>\n<\/li>\n<li data-start=\"2607\" data-end=\"2658\">\n<p data-start=\"2609\" data-end=\"2658\">Konzentrationsdaten ausgedr\u00fcckt in mg\/kg oder % w\/w.<\/p>\n<\/li>\n<li data-start=\"2659\" data-end=\"2711\">\n<p data-start=\"2661\" data-end=\"2711\">Nachweisgrenzen der Methode und analytische Genauigkeit.<\/p>\n<\/li>\n<li data-start=\"2712\" data-end=\"2847\">\n<p data-start=\"2714\" data-end=\"2847\">Konformit\u00e4tsstatus gem\u00e4\u00df der EU-Verordnung (EG) Nr. 1223\/2009, der best\u00e4tigt, dass das Produkt frei von verbotenen Fotoinitiatoren ist.<\/p>\n<\/li>\n<\/ul>\n<h2 data-start=\"2849\" data-end=\"2875\">Typische Anwendungen<\/h2>\n<ul data-start=\"2876\" data-end=\"3060\">\n<li data-start=\"2876\" data-end=\"2910\">\n<p data-start=\"2878\" data-end=\"2910\">UV\/LED-Nagelgele und Decklacke<\/p>\n<\/li>\n<li data-start=\"2911\" data-end=\"2934\">\n<p data-start=\"2913\" data-end=\"2934\">Hybrid-Gel-Polituren<\/p>\n<\/li>\n<li data-start=\"2935\" data-end=\"2970\">\n<p data-start=\"2937\" data-end=\"2970\">Nagelaufbau- und -verl\u00e4ngerungsgels<\/p>\n<\/li>\n<li data-start=\"2971\" data-end=\"3005\">\n<p data-start=\"2973\" data-end=\"3005\">Nagelgrundierung und Haftvermittler<\/p>\n<\/li>\n<li data-start=\"3006\" data-end=\"3060\">\n<p data-start=\"3008\" data-end=\"3060\">\u00dcberpr\u00fcfung der Inhaltsstoffe f\u00fcr Rohstofflieferanten<\/p>\n<\/li>\n<\/ul>\n<h2 data-start=\"3062\" data-end=\"3089\">Warum dieser Test wichtig ist<\/h2>\n<p data-start=\"3090\" data-end=\"3469\">Da <strong data-start=\"3096\" data-end=\"3146\">TPO in der Europ\u00e4ischen Union ausdr\u00fccklich verboten ist<\/strong>, m\u00fcssen Hersteller, Vertreiber und Importeure sicherstellen, dass ihre Nagelprodukte <strong data-start=\"3227\" data-end=\"3253\">v\u00f6llig frei von TPO<\/strong> sind, um sie legal auf den Markt bringen zu k\u00f6nnen. Der TPO-Nachweis-Labortest liefert einen zuverl\u00e4ssigen, wissenschaftlich fundierten Nachweis und hilft, kostspielige Produktr\u00fcckrufe, Zollbeschlagnahmungen und Probleme mit der Verbrauchersicherheit zu vermeiden. <\/p>\n<p data-start=\"3471\" data-end=\"3805\" data-is-last-node=\"\" data-is-only-node=\"\">Die Pr\u00fcfung auf verbotene Substanzen wie TPO ist ein wesentlicher Bestandteil der <strong data-start=\"3534\" data-end=\"3564\">kosmetischen Sicherheitsbewertung<\/strong>, der <strong data-start=\"3566\" data-end=\"3600\">PIF-Dokumentation (Product Information File)<\/strong> und der <strong data-start=\"3620\" data-end=\"3658\">\u00dcberpr\u00fcfung der Einhaltung der EU-Vorschriften<\/strong>. Sie zeugen von Sorgfalt und Engagement f\u00fcr die Sicherheit und stellen sicher, dass Nagelprodukte die h\u00f6chsten europ\u00e4ischen Standards erf\u00fcllen. <\/p>\n","protected":false},"excerpt":{"rendered":"<p>Der TPO-Nachweis-Labortest f\u00fcr Nagelprodukte ist ein spezielles Analyseverfahren zur Identifizierung und Quantifizierung von Trimethylbenzoyl-Diphenylphosphinoxid (TPO ) &#8211; einem Fotoinitiator, der in UV-h\u00e4rtbaren Nagelgelen und -lacken h\u00e4ufig verwendet wurde, um den Polymerisationsprozess einzuleiten. Zweck des Tests Mit diesem Test soll \u00fcberpr\u00fcft werden, ob Nagelprodukte TPO enthalten, das in der Europ\u00e4ischen Union gem\u00e4\u00df Anhang II der EU-Kosmetikverordnung&#8230;<\/p>\n","protected":false},"featured_media":14190,"template":"","meta":[],"product_brand":[],"product_cat":[437],"product_tag":[],"class_list":{"0":"post-14194","1":"product","2":"type-product","3":"status-publish","4":"has-post-thumbnail","6":"product_cat-uberprufung-von-angaben-und-inhaltsstoffen","8":"first","9":"instock","10":"virtual","11":"taxable","12":"purchasable","13":"product-type-simple"},"bundled_by":[],"bundle_stock_status":"instock","bundle_stock_quantity":null,"bundle_virtual":false,"bundle_layout":"","bundle_add_to_cart_form_location":"","bundle_editable_in_cart":false,"bundle_sold_individually_context":"","bundle_item_grouping":"","bundle_min_size":"","bundle_max_size":"","bundle_price":[],"bundled_items":[],"bundle_sell_ids":[],"yoast_head":"<!-- This site is optimized with the Yoast SEO Premium plugin v25.4 (Yoast SEO v25.4) - https:\/\/yoast.com\/wordpress\/plugins\/seo\/ -->\n<title>TPO-Erkennung - Certified Cosmetics<\/title>\n<meta name=\"description\" content=\"Der TPO-Nachweis-Labortest f\u00fcr Nagelprodukte ist ein spezielles analytisches Verfahren zur Identifizierung und Quantifizierung von Trimethylbenzoyl-Diphenylphosphinoxid (TPO)\" \/>\n<meta name=\"robots\" content=\"index, follow, max-snippet:-1, max-image-preview:large, max-video-preview:-1\" \/>\n<link rel=\"canonical\" href=\"https:\/\/www.certifiedcosmetics.com\/de\/product\/uberprufung-von-angaben-und-inhaltsstoffen\/tpo-erkennung\/\" \/>\n<meta property=\"og:locale\" content=\"de_DE\" \/>\n<meta property=\"og:type\" content=\"article\" \/>\n<meta property=\"og:title\" content=\"TPO-Erkennung\" \/>\n<meta property=\"og:description\" content=\"Der TPO-Nachweis-Labortest f\u00fcr Nagelprodukte ist ein spezielles analytisches Verfahren zur Identifizierung und Quantifizierung von Trimethylbenzoyl-Diphenylphosphinoxid (TPO)\" \/>\n<meta property=\"og:url\" content=\"https:\/\/www.certifiedcosmetics.com\/de\/product\/uberprufung-von-angaben-und-inhaltsstoffen\/tpo-erkennung\/\" \/>\n<meta property=\"og:site_name\" content=\"Certified Cosmetics\" \/>\n<meta name=\"twitter:card\" content=\"summary_large_image\" \/>\n<meta name=\"twitter:label1\" content=\"Preis\" \/>\n\t<meta name=\"twitter:data1\" content=\"&#036;294.23\" \/>\n\t<meta name=\"twitter:label2\" content=\"Verf\u00fcgbarkeit\" \/>\n\t<meta name=\"twitter:data2\" content=\"Auf Lager\" \/>\n<script type=\"application\/ld+json\" class=\"yoast-schema-graph\">{\"@context\":\"https:\/\/schema.org\",\"@graph\":[{\"@type\":\"WebPage\",\"@id\":\"https:\/\/www.certifiedcosmetics.com\/de\/product\/uberprufung-von-angaben-und-inhaltsstoffen\/tpo-erkennung\/\",\"url\":\"https:\/\/www.certifiedcosmetics.com\/de\/product\/uberprufung-von-angaben-und-inhaltsstoffen\/tpo-erkennung\/\",\"name\":\"TPO-Erkennung - Certified Cosmetics\",\"isPartOf\":{\"@id\":\"https:\/\/www.certifiedcosmetics.com\/de\/#website\"},\"primaryImageOfPage\":{\"@id\":\"https:\/\/www.certifiedcosmetics.com\/de\/product\/uberprufung-von-angaben-und-inhaltsstoffen\/tpo-erkennung\/#primaryimage\"},\"image\":{\"@id\":\"https:\/\/www.certifiedcosmetics.com\/de\/product\/uberprufung-von-angaben-und-inhaltsstoffen\/tpo-erkennung\/#primaryimage\"},\"thumbnailUrl\":\"https:\/\/www.certifiedcosmetics.com\/wp-content\/uploads\/2025\/10\/tpo-detection.jpg\",\"datePublished\":\"2025-10-22T11:48:54+00:00\",\"description\":\"Der TPO-Nachweis-Labortest f\u00fcr Nagelprodukte ist ein spezielles analytisches Verfahren zur Identifizierung und Quantifizierung von Trimethylbenzoyl-Diphenylphosphinoxid (TPO)\",\"breadcrumb\":{\"@id\":\"https:\/\/www.certifiedcosmetics.com\/de\/product\/uberprufung-von-angaben-und-inhaltsstoffen\/tpo-erkennung\/#breadcrumb\"},\"inLanguage\":\"de\",\"potentialAction\":[{\"@type\":\"ReadAction\",\"target\":[\"https:\/\/www.certifiedcosmetics.com\/de\/product\/uberprufung-von-angaben-und-inhaltsstoffen\/tpo-erkennung\/\"]}]},{\"@type\":\"ImageObject\",\"inLanguage\":\"de\",\"@id\":\"https:\/\/www.certifiedcosmetics.com\/de\/product\/uberprufung-von-angaben-und-inhaltsstoffen\/tpo-erkennung\/#primaryimage\",\"url\":\"https:\/\/www.certifiedcosmetics.com\/wp-content\/uploads\/2025\/10\/tpo-detection.jpg\",\"contentUrl\":\"https:\/\/www.certifiedcosmetics.com\/wp-content\/uploads\/2025\/10\/tpo-detection.jpg\",\"width\":800,\"height\":800},{\"@type\":\"BreadcrumbList\",\"@id\":\"https:\/\/www.certifiedcosmetics.com\/de\/product\/uberprufung-von-angaben-und-inhaltsstoffen\/tpo-erkennung\/#breadcrumb\",\"itemListElement\":[{\"@type\":\"ListItem\",\"position\":1,\"name\":\"Home\",\"item\":\"https:\/\/www.certifiedcosmetics.com\/de\/\"},{\"@type\":\"ListItem\",\"position\":2,\"name\":\"Shop\",\"item\":\"https:\/\/www.certifiedcosmetics.com\/de\/shop-2\/\"},{\"@type\":\"ListItem\",\"position\":3,\"name\":\"TPO-Erkennung\"}]},{\"@type\":\"WebSite\",\"@id\":\"https:\/\/www.certifiedcosmetics.com\/de\/#website\",\"url\":\"https:\/\/www.certifiedcosmetics.com\/de\/\",\"name\":\"Certified Cosmetics\",\"description\":\"Cosmetic Safety Assessment\",\"publisher\":{\"@id\":\"https:\/\/www.certifiedcosmetics.com\/de\/#organization\"},\"potentialAction\":[{\"@type\":\"SearchAction\",\"target\":{\"@type\":\"EntryPoint\",\"urlTemplate\":\"https:\/\/www.certifiedcosmetics.com\/de\/?s={search_term_string}\"},\"query-input\":{\"@type\":\"PropertyValueSpecification\",\"valueRequired\":true,\"valueName\":\"search_term_string\"}}],\"inLanguage\":\"de\"},{\"@type\":\"Organization\",\"@id\":\"https:\/\/www.certifiedcosmetics.com\/de\/#organization\",\"name\":\"Certified Cosmetics\",\"url\":\"https:\/\/www.certifiedcosmetics.com\/de\/\",\"logo\":{\"@type\":\"ImageObject\",\"inLanguage\":\"de\",\"@id\":\"https:\/\/www.certifiedcosmetics.com\/de\/#\/schema\/logo\/image\/\",\"url\":\"https:\/\/www.certifiedcosmetics.com\/wp-content\/uploads\/2024\/12\/logo_certified_cosmetics696.jpg\",\"contentUrl\":\"https:\/\/www.certifiedcosmetics.com\/wp-content\/uploads\/2024\/12\/logo_certified_cosmetics696.jpg\",\"width\":696,\"height\":696,\"caption\":\"Certified Cosmetics\"},\"image\":{\"@id\":\"https:\/\/www.certifiedcosmetics.com\/de\/#\/schema\/logo\/image\/\"},\"description\":\"Your trusted partner for cosmetic product safety reporting. We take care of updating all of your documentation, ensuring your compliance stays current even as regulations evolve. The Cosmetic Product Safety Assessment will give you everything you need to sell specific products to EU consumers.\",\"email\":\"contact@certifiedcosmetics.com\",\"telephone\":\"+31 36 2036384\",\"legalName\":\"Certified Cosmetics\",\"foundingDate\":\"2010-01-01\",\"vatID\":\"NL854189543B01\",\"numberOfEmployees\":{\"@type\":\"QuantitativeValue\",\"minValue\":\"11\",\"maxValue\":\"50\"}}]}<\/script>\n<meta property=\"product:price:amount\" content=\"294.23\" \/>\n<meta property=\"product:price:currency\" content=\"USD\" \/>\n<meta property=\"og:availability\" content=\"instock\" \/>\n<meta property=\"product:availability\" content=\"instock\" \/>\n<meta property=\"product:condition\" content=\"new\" \/>\n<!-- \/ Yoast SEO Premium plugin. -->","yoast_head_json":{"title":"TPO-Erkennung - Certified Cosmetics","description":"Der TPO-Nachweis-Labortest f\u00fcr Nagelprodukte ist ein spezielles analytisches Verfahren zur Identifizierung und Quantifizierung von Trimethylbenzoyl-Diphenylphosphinoxid (TPO)","robots":{"index":"index","follow":"follow","max-snippet":"max-snippet:-1","max-image-preview":"max-image-preview:large","max-video-preview":"max-video-preview:-1"},"canonical":"https:\/\/www.certifiedcosmetics.com\/de\/product\/uberprufung-von-angaben-und-inhaltsstoffen\/tpo-erkennung\/","og_locale":"de_DE","og_type":"article","og_title":"TPO-Erkennung","og_description":"Der TPO-Nachweis-Labortest f\u00fcr Nagelprodukte ist ein spezielles analytisches Verfahren zur Identifizierung und Quantifizierung von Trimethylbenzoyl-Diphenylphosphinoxid (TPO)","og_url":"https:\/\/www.certifiedcosmetics.com\/de\/product\/uberprufung-von-angaben-und-inhaltsstoffen\/tpo-erkennung\/","og_site_name":"Certified Cosmetics","twitter_card":"summary_large_image","twitter_misc":{"Preis":"&#36;294.23","Verf\u00fcgbarkeit":"Auf Lager"},"schema":{"@context":"https:\/\/schema.org","@graph":[{"@type":"WebPage","@id":"https:\/\/www.certifiedcosmetics.com\/de\/product\/uberprufung-von-angaben-und-inhaltsstoffen\/tpo-erkennung\/","url":"https:\/\/www.certifiedcosmetics.com\/de\/product\/uberprufung-von-angaben-und-inhaltsstoffen\/tpo-erkennung\/","name":"TPO-Erkennung - Certified Cosmetics","isPartOf":{"@id":"https:\/\/www.certifiedcosmetics.com\/de\/#website"},"primaryImageOfPage":{"@id":"https:\/\/www.certifiedcosmetics.com\/de\/product\/uberprufung-von-angaben-und-inhaltsstoffen\/tpo-erkennung\/#primaryimage"},"image":{"@id":"https:\/\/www.certifiedcosmetics.com\/de\/product\/uberprufung-von-angaben-und-inhaltsstoffen\/tpo-erkennung\/#primaryimage"},"thumbnailUrl":"https:\/\/www.certifiedcosmetics.com\/wp-content\/uploads\/2025\/10\/tpo-detection.jpg","datePublished":"2025-10-22T11:48:54+00:00","description":"Der TPO-Nachweis-Labortest f\u00fcr Nagelprodukte ist ein spezielles analytisches Verfahren zur Identifizierung und Quantifizierung von Trimethylbenzoyl-Diphenylphosphinoxid (TPO)","breadcrumb":{"@id":"https:\/\/www.certifiedcosmetics.com\/de\/product\/uberprufung-von-angaben-und-inhaltsstoffen\/tpo-erkennung\/#breadcrumb"},"inLanguage":"de","potentialAction":[{"@type":"ReadAction","target":["https:\/\/www.certifiedcosmetics.com\/de\/product\/uberprufung-von-angaben-und-inhaltsstoffen\/tpo-erkennung\/"]}]},{"@type":"ImageObject","inLanguage":"de","@id":"https:\/\/www.certifiedcosmetics.com\/de\/product\/uberprufung-von-angaben-und-inhaltsstoffen\/tpo-erkennung\/#primaryimage","url":"https:\/\/www.certifiedcosmetics.com\/wp-content\/uploads\/2025\/10\/tpo-detection.jpg","contentUrl":"https:\/\/www.certifiedcosmetics.com\/wp-content\/uploads\/2025\/10\/tpo-detection.jpg","width":800,"height":800},{"@type":"BreadcrumbList","@id":"https:\/\/www.certifiedcosmetics.com\/de\/product\/uberprufung-von-angaben-und-inhaltsstoffen\/tpo-erkennung\/#breadcrumb","itemListElement":[{"@type":"ListItem","position":1,"name":"Home","item":"https:\/\/www.certifiedcosmetics.com\/de\/"},{"@type":"ListItem","position":2,"name":"Shop","item":"https:\/\/www.certifiedcosmetics.com\/de\/shop-2\/"},{"@type":"ListItem","position":3,"name":"TPO-Erkennung"}]},{"@type":"WebSite","@id":"https:\/\/www.certifiedcosmetics.com\/de\/#website","url":"https:\/\/www.certifiedcosmetics.com\/de\/","name":"Certified Cosmetics","description":"Cosmetic Safety Assessment","publisher":{"@id":"https:\/\/www.certifiedcosmetics.com\/de\/#organization"},"potentialAction":[{"@type":"SearchAction","target":{"@type":"EntryPoint","urlTemplate":"https:\/\/www.certifiedcosmetics.com\/de\/?s={search_term_string}"},"query-input":{"@type":"PropertyValueSpecification","valueRequired":true,"valueName":"search_term_string"}}],"inLanguage":"de"},{"@type":"Organization","@id":"https:\/\/www.certifiedcosmetics.com\/de\/#organization","name":"Certified Cosmetics","url":"https:\/\/www.certifiedcosmetics.com\/de\/","logo":{"@type":"ImageObject","inLanguage":"de","@id":"https:\/\/www.certifiedcosmetics.com\/de\/#\/schema\/logo\/image\/","url":"https:\/\/www.certifiedcosmetics.com\/wp-content\/uploads\/2024\/12\/logo_certified_cosmetics696.jpg","contentUrl":"https:\/\/www.certifiedcosmetics.com\/wp-content\/uploads\/2024\/12\/logo_certified_cosmetics696.jpg","width":696,"height":696,"caption":"Certified Cosmetics"},"image":{"@id":"https:\/\/www.certifiedcosmetics.com\/de\/#\/schema\/logo\/image\/"},"description":"Your trusted partner for cosmetic product safety reporting. We take care of updating all of your documentation, ensuring your compliance stays current even as regulations evolve. The Cosmetic Product Safety Assessment will give you everything you need to sell specific products to EU consumers.","email":"contact@certifiedcosmetics.com","telephone":"+31 36 2036384","legalName":"Certified Cosmetics","foundingDate":"2010-01-01","vatID":"NL854189543B01","numberOfEmployees":{"@type":"QuantitativeValue","minValue":"11","maxValue":"50"}}]},"product_price_amount":"294.23","product_price_currency":"USD","og_availability":"instock","product_availability":"instock","product_condition":"new"},"_links":{"self":[{"href":"https:\/\/www.certifiedcosmetics.com\/de\/wp-json\/wp\/v2\/product\/14194","targetHints":{"allow":["GET"]}}],"collection":[{"href":"https:\/\/www.certifiedcosmetics.com\/de\/wp-json\/wp\/v2\/product"}],"about":[{"href":"https:\/\/www.certifiedcosmetics.com\/de\/wp-json\/wp\/v2\/types\/product"}],"wp:featuredmedia":[{"embeddable":true,"href":"https:\/\/www.certifiedcosmetics.com\/de\/wp-json\/wp\/v2\/media\/14190"}],"wp:attachment":[{"href":"https:\/\/www.certifiedcosmetics.com\/de\/wp-json\/wp\/v2\/media?parent=14194"}],"wp:term":[{"taxonomy":"product_brand","embeddable":true,"href":"https:\/\/www.certifiedcosmetics.com\/de\/wp-json\/wp\/v2\/product_brand?post=14194"},{"taxonomy":"product_cat","embeddable":true,"href":"https:\/\/www.certifiedcosmetics.com\/de\/wp-json\/wp\/v2\/product_cat?post=14194"},{"taxonomy":"product_tag","embeddable":true,"href":"https:\/\/www.certifiedcosmetics.com\/de\/wp-json\/wp\/v2\/product_tag?post=14194"}],"curies":[{"name":"wp","href":"https:\/\/api.w.org\/{rel}","templated":true}]}}