{"id":13655,"date":"2025-10-02T16:45:35","date_gmt":"2025-10-02T15:45:35","guid":{"rendered":"https:\/\/www.certifiedcosmetics.com\/product\/uncategorized\/ifra-dokumentation-erstellen\/"},"modified":"2025-10-02T16:45:35","modified_gmt":"2025-10-02T15:45:35","slug":"ifra-dokumentation-erstellen","status":"publish","type":"product","link":"https:\/\/www.certifiedcosmetics.com\/de\/product\/sds-de\/ifra-dokumentation-erstellen\/","title":{"rendered":"IFRA-Dokumentation erstellen"},"content":{"rendered":"<h2 data-start=\"309\" data-end=\"366\">Stellen Sie sicher, dass Ihre Duftstoffprodukte den globalen Standards entsprechen<\/h2>\n<p data-start=\"367\" data-end=\"745\">Jedes duftstoffhaltige Produkt &#8211; ob Parf\u00fcm, Kerze, Diffusor, Seife oder Kosmetik &#8211; muss den neuesten <strong data-start=\"494\" data-end=\"512\">IFRA-Standards<\/strong> entsprechen. Diese Standards legen sichere Verwendungsmengen f\u00fcr Duftstoffe in verschiedenen Produkttypen fest. Ohne die richtige Dokumentation k\u00f6nnen deine Produkte von den Beh\u00f6rden abgelehnt, zur\u00fcckgerufen oder auf internationalen M\u00e4rkten nicht verkauft werden.  <\/p>\n<p data-start=\"747\" data-end=\"902\">Unser Service liefert dir <strong data-start=\"777\" data-end=\"845\">offizielle IFRA-Zertifikate und unterst\u00fctzende Allergendokumente<\/strong>, die aus Labordaten oder Lieferanteninformationen erstellt werden.<\/p>\n<h2 data-start=\"909\" data-end=\"944\">Warum die IFRA-Dokumentation wichtig ist<\/h2>\n<p data-start=\"945\" data-end=\"1115\">Die <strong data-start=\"949\" data-end=\"995\">International Fragrance Association (IFRA)<\/strong> gibt Richtlinien heraus, die von Aufsichtsbeh\u00f6rden und Branchenverb\u00e4nden auf der ganzen Welt anerkannt werden. Die Einhaltung ist nicht freiwillig: <\/p>\n<ul data-start=\"1116\" data-end=\"1419\">\n<li data-start=\"1116\" data-end=\"1208\">\n<p data-start=\"1118\" data-end=\"1208\">Einzelh\u00e4ndler und Distributoren verlangen oft IFRA-Zertifikate, bevor sie deine Produkte listen.<\/p>\n<\/li>\n<li data-start=\"1209\" data-end=\"1318\">\n<p data-start=\"1211\" data-end=\"1318\">Verantwortliche Personen gem\u00e4\u00df der EU-Kosmetikverordnung 1223\/2009 m\u00fcssen sicherstellen, dass die Duftstoffe den IFRA-Beschr\u00e4nkungen entsprechen.<\/p>\n<\/li>\n<li data-start=\"1319\" data-end=\"1419\">\n<p data-start=\"1321\" data-end=\"1419\">Die Exportm\u00e4rkte verlangen zunehmend IFRA-Dokumente neben SDB, CPSR und Allergenbl\u00e4ttern.<\/p>\n<\/li>\n<\/ul>\n<p data-start=\"1421\" data-end=\"1549\">Kurz gesagt, die IFRA-Dokumentation sch\u00fctzt dein Unternehmen, deine Verbraucher und deine F\u00e4higkeit, in verschiedenen Regionen legal zu verkaufen.<\/p>\n<h2 data-start=\"1556\" data-end=\"1576\">Was wir liefern<\/h2>\n<p data-start=\"1577\" data-end=\"1619\">Unser IFRA-Dokumentationsservice umfasst:<\/p>\n<ul data-start=\"1620\" data-end=\"1968\">\n<li data-start=\"1620\" data-end=\"1700\">\n<p data-start=\"1622\" data-end=\"1700\"><strong data-start=\"1622\" data-end=\"1655\">Erstellung von IFRA-Zertifikaten<\/strong> (basierend auf der letzten IFRA-Novelle).<\/p>\n<\/li>\n<li data-start=\"1911\" data-end=\"1968\">\n<p data-start=\"1913\" data-end=\"1968\"><strong data-start=\"1913\" data-end=\"1939\">Mehrsprachige Optionen<\/strong> f\u00fcr die EU und globale M\u00e4rkte. Englisch ist die Standardsprache. <\/p>\n<\/li>\n<\/ul>\n<p data-start=\"1970\" data-end=\"2125\">Wenn Sie noch keine verifizierten Allergendaten haben, k\u00f6nnen wir diesen Service mit unserem <a href=\"https:\/\/www.certifiedcosmetics.com\/product\/claim-verification-ingredient-testing\/82-allergen-detection-test-gc-ms-ms\/\"><br \/>\n  <strong data-start=\"2054\" data-end=\"2094\">82 Allergen GC-MS\/MS Labortest<\/strong><br \/>\n<\/a> kombinieren, um vollst\u00e4ndige Genauigkeit zu gew\u00e4hrleisten.<\/p>\n<h2 class=\"wp-block-heading\"><strong>Wie funktioniert das Verfahren?<\/strong><\/h2>\n<ol class=\"wp-block-list\" start=\"1\">\n<li><strong>Auswahl des Labortests<\/strong>\n<ul class=\"wp-block-list\">\n<li>Du kaufst den Labortest \u00fcber unsere Website.<\/li>\n<\/ul>\n<\/li>\n<li><strong>Zugang zum sicheren Portal<\/strong>\n<ul class=\"wp-block-list\">\n<li>Nach dem Kauf erh\u00e4ltst du Zugang zu unserem sicheren Portal, in dem du die Anmeldung ausf\u00fcllen kannst.<\/li>\n<\/ul>\n<\/li>\n<li><strong>Einzelner Labortest<\/strong>\n<ul class=\"wp-block-list\">\n<li>F\u00fclle alle geforderten Informationen \u00fcber dein Produkt aus und lade relevante Unterlagen hoch.<\/li>\n<\/ul>\n<\/li>\n<li><strong>Muster senden<\/strong>\n<ul class=\"wp-block-list\">\n<li>Schicke physische Proben deines Produkts an unser Labor. Wenn du deinen Labortest im Portal anmeldest, wird der Sicherheitsbewerter die Anzahl der Proben anfordern. Sie h\u00e4ngt von deinem Produkt und deiner Verpackung ab.  <\/li>\n<\/ul>\n<\/li>\n<li><strong>Labortests<\/strong>\n<ul class=\"wp-block-list\">\n<li>Wir f\u00fchren Labortests durch.<\/li>\n<\/ul>\n<\/li>\n<li><strong>Ergebnisse<\/strong>\n<ul class=\"wp-block-list\">\n<li>Unser Sicherheitsgutachter bereitet die Ergebnisse der Labortests vor, l\u00e4dt den Bericht auf das Portal hoch und benachrichtigt dich.<\/li>\n<\/ul>\n<\/li>\n<\/ol>\n<h2 data-start=\"2591\" data-end=\"2618\">Wer braucht diesen Service?<\/h2>\n<ul data-start=\"2619\" data-end=\"2956\">\n<li data-start=\"2619\" data-end=\"2689\">\n<p data-start=\"2621\" data-end=\"2689\"><strong data-start=\"2621\" data-end=\"2648\">Duft\u00f6llieferanten<\/strong>, die IFRA-Verpackungen f\u00fcr ihre Kunden erstellen.<\/p>\n<\/li>\n<li data-start=\"2690\" data-end=\"2771\">\n<p data-start=\"2692\" data-end=\"2771\"><strong data-start=\"2692\" data-end=\"2711\">Kosmetikmarken<\/strong>, die IFRA-Zertifikate f\u00fcr CPSR und Konformit\u00e4tspr\u00fcfungen ben\u00f6tigen.<\/p>\n<\/li>\n<li data-start=\"2772\" data-end=\"2875\">\n<p data-start=\"2774\" data-end=\"2875\"><strong data-start=\"2774\" data-end=\"2821\">Hersteller von Kerzen, Diffusoren und Haushaltsd\u00fcften<\/strong> m\u00fcssen IFRA- und Allergen-Deklarationen vorlegen.<\/p>\n<\/li>\n<li data-start=\"2876\" data-end=\"2956\">\n<p data-start=\"2878\" data-end=\"2956\"><strong data-start=\"2878\" data-end=\"2908\">Vertriebsunternehmen und Einzelh\u00e4ndler<\/strong> verlangen eine vollst\u00e4ndige Dokumentation der Einhaltung der Vorschriften.<\/p>\n<\/li>\n<\/ul>\n<h2 data-start=\"2963\" data-end=\"2994\">Vorteile f\u00fcr dein Unternehmen<\/h2>\n<ul data-start=\"2995\" data-end=\"3286\">\n<li data-start=\"2995\" data-end=\"3052\">\n<p data-start=\"2997\" data-end=\"3052\">Halte dich an die <strong data-start=\"3023\" data-end=\"3049\">aktuellen IFRA-Standards<\/strong>.<\/p>\n<\/li>\n<li data-start=\"3053\" data-end=\"3128\">\n<p data-start=\"3055\" data-end=\"3128\">Stelle Kunden und Beh\u00f6rden vertrauensw\u00fcrdige, professionelle Unterlagen zur Verf\u00fcgung.<\/p>\n<\/li>\n<li data-start=\"3129\" data-end=\"3172\">\n<p data-start=\"3131\" data-end=\"3172\">Spare Zeit und vermeide Rechenfehler.<\/p>\n<\/li>\n<li data-start=\"3173\" data-end=\"3286\">\n<p data-start=\"3175\" data-end=\"3286\">Kombiniere sie mit unseren Pr\u00fcfdiensten (Allergenanalyse, SDB, PCN, CPSR) und erhalte so eine <strong data-start=\"3251\" data-end=\"3283\">L\u00f6sung zur Einhaltung der Vorschriften aus einer Hand<\/strong>.<\/p>\n<\/li>\n<\/ul>\n","protected":false},"excerpt":{"rendered":"<p>Stellen Sie sicher, dass Ihre Duftstoffprodukte den globalen Standards entsprechen Jedes duftstoffhaltige Produkt &#8211; ob Parf\u00fcm, Kerze, Diffusor, Seife oder Kosmetik &#8211; muss den neuesten IFRA-Standards entsprechen. Diese Standards legen sichere Verwendungsmengen f\u00fcr Duftstoffe in verschiedenen Produkttypen fest. Ohne die richtige Dokumentation k\u00f6nnen deine Produkte von den Beh\u00f6rden abgelehnt, zur\u00fcckgerufen oder auf internationalen M\u00e4rkten nicht&#8230;<\/p>\n","protected":false},"featured_media":13499,"template":"","meta":[],"product_brand":[],"product_cat":[385],"product_tag":[],"class_list":{"0":"post-13655","1":"product","2":"type-product","3":"status-publish","4":"has-post-thumbnail","6":"product_cat-sds-de","8":"first","9":"instock","10":"virtual","11":"taxable","12":"purchasable","13":"product-type-simple"},"bundled_by":["13705"],"bundle_stock_status":"instock","bundle_stock_quantity":null,"bundle_virtual":false,"bundle_layout":"","bundle_add_to_cart_form_location":"","bundle_editable_in_cart":false,"bundle_sold_individually_context":"","bundle_item_grouping":"","bundle_min_size":"","bundle_max_size":"","bundle_price":[],"bundled_items":[],"bundle_sell_ids":[],"yoast_head":"<!-- This site is optimized with the Yoast SEO Premium plugin v25.4 (Yoast SEO v25.4) - https:\/\/yoast.com\/wordpress\/plugins\/seo\/ -->\n<title>IFRA-Dokumentation erstellen - Certified Cosmetics<\/title>\n<meta name=\"description\" content=\"Unser Service liefert dir offizielle IFRA-Zertifikate und unterst\u00fctzende Allergendokumente, die aus Labordaten oder Lieferanteninformationen erstellt werden.\" \/>\n<meta name=\"robots\" content=\"index, follow, max-snippet:-1, max-image-preview:large, max-video-preview:-1\" \/>\n<link rel=\"canonical\" href=\"https:\/\/www.certifiedcosmetics.com\/de\/product\/sds-de\/ifra-dokumentation-erstellen\/\" \/>\n<meta property=\"og:locale\" content=\"de_DE\" \/>\n<meta property=\"og:type\" content=\"article\" \/>\n<meta property=\"og:title\" content=\"IFRA-Dokumentation erstellen\" \/>\n<meta property=\"og:description\" content=\"Unser Service liefert dir offizielle IFRA-Zertifikate und unterst\u00fctzende Allergendokumente, die aus Labordaten oder Lieferanteninformationen erstellt werden.\" \/>\n<meta property=\"og:url\" content=\"https:\/\/www.certifiedcosmetics.com\/de\/product\/sds-de\/ifra-dokumentation-erstellen\/\" \/>\n<meta property=\"og:site_name\" content=\"Certified Cosmetics\" \/>\n<meta property=\"og:image\" content=\"https:\/\/www.certifiedcosmetics.com\/wp-content\/uploads\/2025\/10\/ifra-documentation.jpg\" \/>\n\t<meta property=\"og:image:width\" content=\"800\" \/>\n\t<meta property=\"og:image:height\" content=\"800\" \/>\n\t<meta property=\"og:image:type\" content=\"image\/jpeg\" \/>\n<meta name=\"twitter:card\" content=\"summary_large_image\" \/>\n<meta name=\"twitter:label1\" content=\"Preis\" \/>\n\t<meta name=\"twitter:data1\" content=\"&#036;93.55\" \/>\n\t<meta name=\"twitter:label2\" content=\"Verf\u00fcgbarkeit\" \/>\n\t<meta name=\"twitter:data2\" content=\"Auf Lager\" \/>\n<script type=\"application\/ld+json\" class=\"yoast-schema-graph\">{\"@context\":\"https:\/\/schema.org\",\"@graph\":[{\"@type\":\"WebPage\",\"@id\":\"https:\/\/www.certifiedcosmetics.com\/de\/product\/sds-de\/ifra-dokumentation-erstellen\/\",\"url\":\"https:\/\/www.certifiedcosmetics.com\/de\/product\/sds-de\/ifra-dokumentation-erstellen\/\",\"name\":\"IFRA-Dokumentation erstellen - Certified Cosmetics\",\"isPartOf\":{\"@id\":\"https:\/\/www.certifiedcosmetics.com\/de\/#website\"},\"primaryImageOfPage\":{\"@id\":\"https:\/\/www.certifiedcosmetics.com\/de\/product\/sds-de\/ifra-dokumentation-erstellen\/#primaryimage\"},\"image\":{\"@id\":\"https:\/\/www.certifiedcosmetics.com\/de\/product\/sds-de\/ifra-dokumentation-erstellen\/#primaryimage\"},\"thumbnailUrl\":\"https:\/\/www.certifiedcosmetics.com\/wp-content\/uploads\/2025\/10\/ifra-documentation.jpg\",\"datePublished\":\"2025-10-02T15:45:35+00:00\",\"description\":\"Unser Service liefert dir offizielle IFRA-Zertifikate und unterst\u00fctzende Allergendokumente, die aus Labordaten oder Lieferanteninformationen erstellt werden.\",\"breadcrumb\":{\"@id\":\"https:\/\/www.certifiedcosmetics.com\/de\/product\/sds-de\/ifra-dokumentation-erstellen\/#breadcrumb\"},\"inLanguage\":\"de\",\"potentialAction\":[{\"@type\":\"ReadAction\",\"target\":[\"https:\/\/www.certifiedcosmetics.com\/de\/product\/sds-de\/ifra-dokumentation-erstellen\/\"]}]},{\"@type\":\"ImageObject\",\"inLanguage\":\"de\",\"@id\":\"https:\/\/www.certifiedcosmetics.com\/de\/product\/sds-de\/ifra-dokumentation-erstellen\/#primaryimage\",\"url\":\"https:\/\/www.certifiedcosmetics.com\/wp-content\/uploads\/2025\/10\/ifra-documentation.jpg\",\"contentUrl\":\"https:\/\/www.certifiedcosmetics.com\/wp-content\/uploads\/2025\/10\/ifra-documentation.jpg\",\"width\":800,\"height\":800},{\"@type\":\"BreadcrumbList\",\"@id\":\"https:\/\/www.certifiedcosmetics.com\/de\/product\/sds-de\/ifra-dokumentation-erstellen\/#breadcrumb\",\"itemListElement\":[{\"@type\":\"ListItem\",\"position\":1,\"name\":\"Home\",\"item\":\"https:\/\/www.certifiedcosmetics.com\/de\/\"},{\"@type\":\"ListItem\",\"position\":2,\"name\":\"Shop\",\"item\":\"https:\/\/www.certifiedcosmetics.com\/de\/shop-2\/\"},{\"@type\":\"ListItem\",\"position\":3,\"name\":\"IFRA-Dokumentation erstellen\"}]},{\"@type\":\"WebSite\",\"@id\":\"https:\/\/www.certifiedcosmetics.com\/de\/#website\",\"url\":\"https:\/\/www.certifiedcosmetics.com\/de\/\",\"name\":\"Certified Cosmetics\",\"description\":\"Cosmetic Safety Assessment\",\"publisher\":{\"@id\":\"https:\/\/www.certifiedcosmetics.com\/de\/#organization\"},\"potentialAction\":[{\"@type\":\"SearchAction\",\"target\":{\"@type\":\"EntryPoint\",\"urlTemplate\":\"https:\/\/www.certifiedcosmetics.com\/de\/?s={search_term_string}\"},\"query-input\":{\"@type\":\"PropertyValueSpecification\",\"valueRequired\":true,\"valueName\":\"search_term_string\"}}],\"inLanguage\":\"de\"},{\"@type\":\"Organization\",\"@id\":\"https:\/\/www.certifiedcosmetics.com\/de\/#organization\",\"name\":\"Certified Cosmetics\",\"url\":\"https:\/\/www.certifiedcosmetics.com\/de\/\",\"logo\":{\"@type\":\"ImageObject\",\"inLanguage\":\"de\",\"@id\":\"https:\/\/www.certifiedcosmetics.com\/de\/#\/schema\/logo\/image\/\",\"url\":\"https:\/\/www.certifiedcosmetics.com\/wp-content\/uploads\/2024\/12\/logo_certified_cosmetics696.jpg\",\"contentUrl\":\"https:\/\/www.certifiedcosmetics.com\/wp-content\/uploads\/2024\/12\/logo_certified_cosmetics696.jpg\",\"width\":696,\"height\":696,\"caption\":\"Certified Cosmetics\"},\"image\":{\"@id\":\"https:\/\/www.certifiedcosmetics.com\/de\/#\/schema\/logo\/image\/\"},\"description\":\"Your trusted partner for cosmetic product safety reporting. We take care of updating all of your documentation, ensuring your compliance stays current even as regulations evolve. The Cosmetic Product Safety Assessment will give you everything you need to sell specific products to EU consumers.\",\"email\":\"contact@certifiedcosmetics.com\",\"telephone\":\"+31 36 2036384\",\"legalName\":\"Certified Cosmetics\",\"foundingDate\":\"2010-01-01\",\"vatID\":\"NL854189543B01\",\"numberOfEmployees\":{\"@type\":\"QuantitativeValue\",\"minValue\":\"11\",\"maxValue\":\"50\"}}]}<\/script>\n<meta property=\"product:price:amount\" content=\"93.55\" \/>\n<meta property=\"product:price:currency\" content=\"USD\" \/>\n<meta property=\"og:availability\" content=\"instock\" \/>\n<meta property=\"product:availability\" content=\"instock\" \/>\n<meta property=\"product:retailer_item_id\" content=\"CC100079\" \/>\n<meta property=\"product:condition\" content=\"new\" \/>\n<!-- \/ Yoast SEO Premium plugin. -->","yoast_head_json":{"title":"IFRA-Dokumentation erstellen - Certified Cosmetics","description":"Unser Service liefert dir offizielle IFRA-Zertifikate und unterst\u00fctzende Allergendokumente, die aus Labordaten oder Lieferanteninformationen erstellt werden.","robots":{"index":"index","follow":"follow","max-snippet":"max-snippet:-1","max-image-preview":"max-image-preview:large","max-video-preview":"max-video-preview:-1"},"canonical":"https:\/\/www.certifiedcosmetics.com\/de\/product\/sds-de\/ifra-dokumentation-erstellen\/","og_locale":"de_DE","og_type":"article","og_title":"IFRA-Dokumentation erstellen","og_description":"Unser Service liefert dir offizielle IFRA-Zertifikate und unterst\u00fctzende Allergendokumente, die aus Labordaten oder Lieferanteninformationen erstellt werden.","og_url":"https:\/\/www.certifiedcosmetics.com\/de\/product\/sds-de\/ifra-dokumentation-erstellen\/","og_site_name":"Certified Cosmetics","og_image":[{"width":800,"height":800,"url":"https:\/\/www.certifiedcosmetics.com\/wp-content\/uploads\/2025\/10\/ifra-documentation.jpg","type":"image\/jpeg"}],"twitter_card":"summary_large_image","twitter_misc":{"Preis":"&#36;93.55","Verf\u00fcgbarkeit":"Auf Lager"},"schema":{"@context":"https:\/\/schema.org","@graph":[{"@type":"WebPage","@id":"https:\/\/www.certifiedcosmetics.com\/de\/product\/sds-de\/ifra-dokumentation-erstellen\/","url":"https:\/\/www.certifiedcosmetics.com\/de\/product\/sds-de\/ifra-dokumentation-erstellen\/","name":"IFRA-Dokumentation erstellen - Certified Cosmetics","isPartOf":{"@id":"https:\/\/www.certifiedcosmetics.com\/de\/#website"},"primaryImageOfPage":{"@id":"https:\/\/www.certifiedcosmetics.com\/de\/product\/sds-de\/ifra-dokumentation-erstellen\/#primaryimage"},"image":{"@id":"https:\/\/www.certifiedcosmetics.com\/de\/product\/sds-de\/ifra-dokumentation-erstellen\/#primaryimage"},"thumbnailUrl":"https:\/\/www.certifiedcosmetics.com\/wp-content\/uploads\/2025\/10\/ifra-documentation.jpg","datePublished":"2025-10-02T15:45:35+00:00","description":"Unser Service liefert dir offizielle IFRA-Zertifikate und unterst\u00fctzende Allergendokumente, die aus Labordaten oder Lieferanteninformationen erstellt werden.","breadcrumb":{"@id":"https:\/\/www.certifiedcosmetics.com\/de\/product\/sds-de\/ifra-dokumentation-erstellen\/#breadcrumb"},"inLanguage":"de","potentialAction":[{"@type":"ReadAction","target":["https:\/\/www.certifiedcosmetics.com\/de\/product\/sds-de\/ifra-dokumentation-erstellen\/"]}]},{"@type":"ImageObject","inLanguage":"de","@id":"https:\/\/www.certifiedcosmetics.com\/de\/product\/sds-de\/ifra-dokumentation-erstellen\/#primaryimage","url":"https:\/\/www.certifiedcosmetics.com\/wp-content\/uploads\/2025\/10\/ifra-documentation.jpg","contentUrl":"https:\/\/www.certifiedcosmetics.com\/wp-content\/uploads\/2025\/10\/ifra-documentation.jpg","width":800,"height":800},{"@type":"BreadcrumbList","@id":"https:\/\/www.certifiedcosmetics.com\/de\/product\/sds-de\/ifra-dokumentation-erstellen\/#breadcrumb","itemListElement":[{"@type":"ListItem","position":1,"name":"Home","item":"https:\/\/www.certifiedcosmetics.com\/de\/"},{"@type":"ListItem","position":2,"name":"Shop","item":"https:\/\/www.certifiedcosmetics.com\/de\/shop-2\/"},{"@type":"ListItem","position":3,"name":"IFRA-Dokumentation erstellen"}]},{"@type":"WebSite","@id":"https:\/\/www.certifiedcosmetics.com\/de\/#website","url":"https:\/\/www.certifiedcosmetics.com\/de\/","name":"Certified Cosmetics","description":"Cosmetic Safety Assessment","publisher":{"@id":"https:\/\/www.certifiedcosmetics.com\/de\/#organization"},"potentialAction":[{"@type":"SearchAction","target":{"@type":"EntryPoint","urlTemplate":"https:\/\/www.certifiedcosmetics.com\/de\/?s={search_term_string}"},"query-input":{"@type":"PropertyValueSpecification","valueRequired":true,"valueName":"search_term_string"}}],"inLanguage":"de"},{"@type":"Organization","@id":"https:\/\/www.certifiedcosmetics.com\/de\/#organization","name":"Certified Cosmetics","url":"https:\/\/www.certifiedcosmetics.com\/de\/","logo":{"@type":"ImageObject","inLanguage":"de","@id":"https:\/\/www.certifiedcosmetics.com\/de\/#\/schema\/logo\/image\/","url":"https:\/\/www.certifiedcosmetics.com\/wp-content\/uploads\/2024\/12\/logo_certified_cosmetics696.jpg","contentUrl":"https:\/\/www.certifiedcosmetics.com\/wp-content\/uploads\/2024\/12\/logo_certified_cosmetics696.jpg","width":696,"height":696,"caption":"Certified Cosmetics"},"image":{"@id":"https:\/\/www.certifiedcosmetics.com\/de\/#\/schema\/logo\/image\/"},"description":"Your trusted partner for cosmetic product safety reporting. We take care of updating all of your documentation, ensuring your compliance stays current even as regulations evolve. The Cosmetic Product Safety Assessment will give you everything you need to sell specific products to EU consumers.","email":"contact@certifiedcosmetics.com","telephone":"+31 36 2036384","legalName":"Certified Cosmetics","foundingDate":"2010-01-01","vatID":"NL854189543B01","numberOfEmployees":{"@type":"QuantitativeValue","minValue":"11","maxValue":"50"}}]},"product_price_amount":"93.55","product_price_currency":"USD","og_availability":"instock","product_availability":"instock","product_retailer_item_id":"CC100079","product_condition":"new"},"_links":{"self":[{"href":"https:\/\/www.certifiedcosmetics.com\/de\/wp-json\/wp\/v2\/product\/13655","targetHints":{"allow":["GET"]}}],"collection":[{"href":"https:\/\/www.certifiedcosmetics.com\/de\/wp-json\/wp\/v2\/product"}],"about":[{"href":"https:\/\/www.certifiedcosmetics.com\/de\/wp-json\/wp\/v2\/types\/product"}],"wp:featuredmedia":[{"embeddable":true,"href":"https:\/\/www.certifiedcosmetics.com\/de\/wp-json\/wp\/v2\/media\/13499"}],"wp:attachment":[{"href":"https:\/\/www.certifiedcosmetics.com\/de\/wp-json\/wp\/v2\/media?parent=13655"}],"wp:term":[{"taxonomy":"product_brand","embeddable":true,"href":"https:\/\/www.certifiedcosmetics.com\/de\/wp-json\/wp\/v2\/product_brand?post=13655"},{"taxonomy":"product_cat","embeddable":true,"href":"https:\/\/www.certifiedcosmetics.com\/de\/wp-json\/wp\/v2\/product_cat?post=13655"},{"taxonomy":"product_tag","embeddable":true,"href":"https:\/\/www.certifiedcosmetics.com\/de\/wp-json\/wp\/v2\/product_tag?post=13655"}],"curies":[{"name":"wp","href":"https:\/\/api.w.org\/{rel}","templated":true}]}}