{"id":13138,"date":"2025-08-05T16:41:15","date_gmt":"2025-08-05T15:41:15","guid":{"rendered":"https:\/\/www.certifiedcosmetics.com\/product\/uncategorized\/pruefung-des-uva-schutzfaktors-uva-pf\/"},"modified":"2025-10-22T09:34:11","modified_gmt":"2025-10-22T08:34:11","slug":"pruefung-des-uva-schutzfaktors-uva-pf","status":"publish","type":"product","link":"https:\/\/www.certifiedcosmetics.com\/de\/product\/wirksamkeitstests\/hauttest\/pruefung-des-uva-schutzfaktors-uva-pf\/","title":{"rendered":"Pr\u00fcfung des UVA-Schutzfaktors (UVA-PF)"},"content":{"rendered":"<p data-start=\"281\" data-end=\"887\">Wir <strong data-start=\"292\" data-end=\"334\">testen den UVA-Schutzfaktor (UVA-PF)<\/strong>, um die genaue und vorschriftsm\u00e4\u00dfige Kennzeichnung von Sonnenschutz- und Kosmetikprodukten zu unterst\u00fctzen. Die UVA-PF-Pr\u00fcfung ist ein wichtiger Schritt, um zu \u00fcberpr\u00fcfen, ob ein Produkt die Haut vor <strong data-start=\"511\" data-end=\"528\">UVA-Strahlung<\/strong> sch\u00fctzen kann, die bekannterma\u00dfen <strong data-start=\"554\" data-end=\"568\">Lichtalterung<\/strong> und <strong data-start=\"570\" data-end=\"595\">langfristige Hautsch\u00e4den<\/strong> verursacht und zu <strong data-start=\"615\" data-end=\"630\">Hautkrebs<\/strong> beitr\u00e4gt. Im Gegensatz zu UVB-Strahlen dringen UVA-Strahlen tiefer in die Haut ein und sind das ganze Jahr \u00fcber vorhanden, unabh\u00e4ngig von Wetter und Jahreszeit. Die Messung des UVA-Schutzes ist ein notwendiger Bestandteil, um die Behauptung des <strong data-start=\"827\" data-end=\"856\">Breitbandschutzes<\/strong> auf vielen globalen M\u00e4rkten zu belegen.  <\/p>\n<h2 data-start=\"894\" data-end=\"935\"><strong data-start=\"898\" data-end=\"935\">Unsere verf\u00fcgbaren UVA-PF-Testmethoden<\/strong><\/h2>\n<p data-start=\"937\" data-end=\"1021\">Wir bieten verschiedene Pr\u00fcfmethoden an, je nachdem, welche Anforderungen du an die Regulierung oder Entwicklung stellst:<\/p>\n<ul data-start=\"1023\" data-end=\"1694\">\n<li data-start=\"1023\" data-end=\"1169\">\n<p data-start=\"1025\" data-end=\"1169\"><strong data-start=\"1025\" data-end=\"1055\">Interne Methode (in vitro)<\/strong><\/p>\n<\/li>\n<li data-start=\"1170\" data-end=\"1422\">\n<p data-start=\"1172\" data-end=\"1422\"><strong data-start=\"1172\" data-end=\"1190\">ISO 24443:2021<\/strong> &#8211; Eine <strong data-start=\"1196\" data-end=\"1242\">international anerkannte In-vitro-Methode<\/strong> zur Bestimmung des UVA-Schutzes in Sonnenschutzmitteln. Dieser Test wird von den Aufsichtsbeh\u00f6rden in der EU und anderen globalen M\u00e4rkten als Voraussetzung f\u00fcr die Kennzeichnung des Breitspektrums akzeptiert. <\/p>\n<\/li>\n<li data-start=\"1423\" data-end=\"1694\">\n<p data-start=\"1425\" data-end=\"1613\"><strong data-start=\"1425\" data-end=\"1449\">JCIA PA-Bewertungstests<\/strong> &#8211; Das in Japan und vielen asiatischen L\u00e4ndern weit verbreitete <strong data-start=\"1503\" data-end=\"1516\">PA-System<\/strong> bewertet den UVA-Schutz anhand der Daten zur persistenten Pigmentverdunkelung (PPD). Wir bieten alle vier PA-Stufen an: <\/p>\n<p data-start=\"1617\" data-end=\"1694\">&#8211; <strong data-start=\"1619\" data-end=\"1631\">PA+ Test<\/strong><br data-start=\"1631\" data-end=\"1634\">&#8211; <strong data-start=\"1638\" data-end=\"1651\">PA++ Test<\/strong><br data-start=\"1651\" data-end=\"1654\">&#8211; <strong data-start=\"1658\" data-end=\"1672\">PA+++ Test<\/strong><br data-start=\"1672\" data-end=\"1675\">&#8211; <strong data-start=\"1679\" data-end=\"1694\">PA++++ Test<\/strong><\/p>\n<\/li>\n<\/ul>\n<p data-start=\"1696\" data-end=\"1883\">Diese Tests werden nach den Richtlinien der <strong data-start=\"1739\" data-end=\"1785\">Japan Cosmetic Industry Association (JCIA<\/strong> ) durchgef\u00fchrt und werden \u00fcblicherweise f\u00fcr die Produktregistrierung und Verbraucherkennzeichnung auf den asiatischen M\u00e4rkten verwendet.<\/p>\n<h2 data-start=\"1890\" data-end=\"1926\"><strong data-start=\"1894\" data-end=\"1926\">Warum UVA-Tests notwendig sind<\/strong><\/h2>\n<p data-start=\"1928\" data-end=\"2320\">Verbraucher und Aufsichtsbeh\u00f6rden erwarten zunehmend eine transparente und wissenschaftlich fundierte Kennzeichnung. Damit Sonnenschutzmittel mit <g id=\"gid_0\">Angaben zum UVA-Schutz<\/g> oder zum <g id=\"gid_1\">Breitspektrum<\/g> vermarktet werden k\u00f6nnen, sind Labortests erforderlich, um die Wirksamkeit nachzuweisen. Die UVA-PF-Ergebnisse werden auch verwendet, um Werbeaussagen zu untermauern, nationale Vorschriften einzuhalten und die geeignete <strong data-start=\"2292\" data-end=\"2305\">PA-Einstufung<\/strong> f\u00fcr die Verpackung auszuw\u00e4hlen.  <\/p>\n<p data-start=\"2322\" data-end=\"2543\">Wenn der UVA-Schutz nicht \u00fcberpr\u00fcft wird, kann dies zu irref\u00fchrenden Angaben, einem Vertrauensverlust der Verbraucher und m\u00f6glichen beh\u00f6rdlichen Ma\u00dfnahmen f\u00fchren. Unsere Pr\u00fcfdienste tragen dazu bei, diese Risiken zu minimieren, indem sie objektive, wissenschaftlich fundierte Daten liefern. <\/p>\n<h2 class=\"wp-block-heading\"><strong>Wie funktioniert das Verfahren?<\/strong><\/h2>\n<ol class=\"wp-block-list\" start=\"1\">\n<li><strong>Auswahl des Labortests<\/strong>\n<ul class=\"wp-block-list\">\n<li>Du kaufst den <strong>Labortest<\/strong> \u00fcber unsere Website.<\/li>\n<\/ul>\n<\/li>\n<li><strong>Zugang zum sicheren Portal<\/strong>\n<ul class=\"wp-block-list\">\n<li>Nach dem Kauf erh\u00e4ltst du Zugang zu unserem sicheren Portal, in dem du die Anmeldung ausf\u00fcllen kannst.<\/li>\n<\/ul>\n<\/li>\n<li><strong>Vollst\u00e4ndige Aufnahme<\/strong>\n<ul class=\"wp-block-list\">\n<li>F\u00fclle alle geforderten Informationen \u00fcber dein Produkt aus und lade relevante Unterlagen hoch.<\/li>\n<\/ul>\n<\/li>\n<li><strong>Muster senden<\/strong>\n<ul class=\"wp-block-list\">\n<li>Schicke physische Proben deines Produkts an unser Labor. Wenn du deinen Labortest im Portal anmeldest, wird der Sicherheitsbewerter die Anzahl der Proben anfordern. Sie h\u00e4ngt von deinem Produkt und deiner Verpackung ab.  <\/li>\n<\/ul>\n<\/li>\n<li><strong>Labortests<\/strong>\n<ul class=\"wp-block-list\">\n<li>Wir f\u00fchren die Labortests durch.<\/li>\n<\/ul>\n<\/li>\n<li><strong>Ergebnisse<\/strong>\n<ul class=\"wp-block-list\">\n<li>Im Portal findest du die Pr\u00fcfergebnisse f\u00fcr dein Produkt.<\/li>\n<\/ul>\n<\/li>\n<\/ol>\n","protected":false},"excerpt":{"rendered":"<p>Wir testen den UVA-Schutzfaktor (UVA-PF), um die genaue und vorschriftsm\u00e4\u00dfige Kennzeichnung von Sonnenschutz- und Kosmetikprodukten zu unterst\u00fctzen. Die UVA-PF-Pr\u00fcfung ist ein wichtiger Schritt, um zu \u00fcberpr\u00fcfen, ob ein Produkt die Haut vor UVA-Strahlung sch\u00fctzen kann, die bekannterma\u00dfen Lichtalterung und langfristige Hautsch\u00e4den verursacht und zu Hautkrebs beitr\u00e4gt. Im Gegensatz zu UVB-Strahlen dringen UVA-Strahlen tiefer in die&#8230;<\/p>\n","protected":false},"featured_media":12633,"template":"","meta":[],"product_brand":[],"product_cat":[145,1452,127],"product_tag":[],"class_list":{"0":"post-13138","1":"product","2":"type-product","3":"status-publish","4":"has-post-thumbnail","6":"product_cat-hauttest","7":"product_cat-spf-prufung","8":"product_cat-wirksamkeitstests","10":"first","11":"instock","12":"taxable","13":"shipping-taxable","14":"purchasable","15":"product-type-variable","16":"has-default-attributes"},"bundled_by":[],"bundle_stock_status":"instock","bundle_stock_quantity":null,"bundle_virtual":false,"bundle_layout":"","bundle_add_to_cart_form_location":"","bundle_editable_in_cart":false,"bundle_sold_individually_context":"","bundle_item_grouping":"","bundle_min_size":"","bundle_max_size":"","bundle_price":[],"bundled_items":[],"bundle_sell_ids":[],"yoast_head":"<!-- This site is optimized with the Yoast SEO Premium plugin v25.4 (Yoast SEO v25.4) - https:\/\/yoast.com\/wordpress\/plugins\/seo\/ -->\n<title>Pr\u00fcfung des UVA-Schutzfaktors (UVA-PF) - Certified Cosmetics<\/title>\n<meta name=\"description\" content=\"Wir testen den UVA-Schutzfaktor (UVA-PF), um die korrekte und vorschriftsm\u00e4\u00dfige Kennzeichnung von Sonnenschutzmitteln und kosmetischen Produkten zu unterst\u00fctzen.\" \/>\n<meta name=\"robots\" content=\"index, follow, max-snippet:-1, max-image-preview:large, max-video-preview:-1\" \/>\n<link rel=\"canonical\" href=\"https:\/\/www.certifiedcosmetics.com\/de\/product\/wirksamkeitstests\/hauttest\/pruefung-des-uva-schutzfaktors-uva-pf\/\" \/>\n<meta property=\"og:locale\" content=\"de_DE\" \/>\n<meta property=\"og:type\" content=\"article\" \/>\n<meta property=\"og:title\" content=\"Pr\u00fcfung des UVA-Schutzfaktors (UVA-PF)\" \/>\n<meta property=\"og:description\" content=\"Wir testen den UVA-Schutzfaktor (UVA-PF), um die korrekte und vorschriftsm\u00e4\u00dfige Kennzeichnung von Sonnenschutzmitteln und kosmetischen Produkten zu unterst\u00fctzen.\" \/>\n<meta property=\"og:url\" content=\"https:\/\/www.certifiedcosmetics.com\/de\/product\/wirksamkeitstests\/hauttest\/pruefung-des-uva-schutzfaktors-uva-pf\/\" \/>\n<meta property=\"og:site_name\" content=\"Certified Cosmetics\" \/>\n<meta property=\"article:modified_time\" content=\"2025-10-22T08:34:11+00:00\" \/>\n<meta property=\"og:image\" content=\"https:\/\/www.certifiedcosmetics.com\/wp-content\/uploads\/2025\/08\/uva-laboratory-test.jpg\" \/>\n\t<meta property=\"og:image:width\" content=\"800\" \/>\n\t<meta property=\"og:image:height\" content=\"800\" \/>\n\t<meta property=\"og:image:type\" content=\"image\/jpeg\" \/>\n<meta name=\"twitter:card\" content=\"summary_large_image\" \/>\n<meta name=\"twitter:label1\" content=\"Verf\u00fcgbarkeit\" \/>\n\t<meta name=\"twitter:data1\" content=\"Auf Lager\" \/>\n<script type=\"application\/ld+json\" class=\"yoast-schema-graph\">{\"@context\":\"https:\/\/schema.org\",\"@graph\":[{\"@type\":\"WebPage\",\"@id\":\"https:\/\/www.certifiedcosmetics.com\/de\/product\/wirksamkeitstests\/hauttest\/pruefung-des-uva-schutzfaktors-uva-pf\/\",\"url\":\"https:\/\/www.certifiedcosmetics.com\/de\/product\/wirksamkeitstests\/hauttest\/pruefung-des-uva-schutzfaktors-uva-pf\/\",\"name\":\"Pr\u00fcfung des UVA-Schutzfaktors (UVA-PF) - Certified Cosmetics\",\"isPartOf\":{\"@id\":\"https:\/\/www.certifiedcosmetics.com\/de\/#website\"},\"primaryImageOfPage\":{\"@id\":\"https:\/\/www.certifiedcosmetics.com\/de\/product\/wirksamkeitstests\/hauttest\/pruefung-des-uva-schutzfaktors-uva-pf\/#primaryimage\"},\"image\":{\"@id\":\"https:\/\/www.certifiedcosmetics.com\/de\/product\/wirksamkeitstests\/hauttest\/pruefung-des-uva-schutzfaktors-uva-pf\/#primaryimage\"},\"thumbnailUrl\":\"https:\/\/www.certifiedcosmetics.com\/wp-content\/uploads\/2025\/08\/uva-laboratory-test.jpg\",\"datePublished\":\"2025-08-05T15:41:15+00:00\",\"dateModified\":\"2025-10-22T08:34:11+00:00\",\"description\":\"Wir testen den UVA-Schutzfaktor (UVA-PF), um die korrekte und vorschriftsm\u00e4\u00dfige Kennzeichnung von Sonnenschutzmitteln und kosmetischen Produkten zu unterst\u00fctzen.\",\"breadcrumb\":{\"@id\":\"https:\/\/www.certifiedcosmetics.com\/de\/product\/wirksamkeitstests\/hauttest\/pruefung-des-uva-schutzfaktors-uva-pf\/#breadcrumb\"},\"inLanguage\":\"de\",\"potentialAction\":[{\"@type\":\"ReadAction\",\"target\":[\"https:\/\/www.certifiedcosmetics.com\/de\/product\/wirksamkeitstests\/hauttest\/pruefung-des-uva-schutzfaktors-uva-pf\/\"]}]},{\"@type\":\"ImageObject\",\"inLanguage\":\"de\",\"@id\":\"https:\/\/www.certifiedcosmetics.com\/de\/product\/wirksamkeitstests\/hauttest\/pruefung-des-uva-schutzfaktors-uva-pf\/#primaryimage\",\"url\":\"https:\/\/www.certifiedcosmetics.com\/wp-content\/uploads\/2025\/08\/uva-laboratory-test.jpg\",\"contentUrl\":\"https:\/\/www.certifiedcosmetics.com\/wp-content\/uploads\/2025\/08\/uva-laboratory-test.jpg\",\"width\":800,\"height\":800},{\"@type\":\"BreadcrumbList\",\"@id\":\"https:\/\/www.certifiedcosmetics.com\/de\/product\/wirksamkeitstests\/hauttest\/pruefung-des-uva-schutzfaktors-uva-pf\/#breadcrumb\",\"itemListElement\":[{\"@type\":\"ListItem\",\"position\":1,\"name\":\"Home\",\"item\":\"https:\/\/www.certifiedcosmetics.com\/de\/\"},{\"@type\":\"ListItem\",\"position\":2,\"name\":\"Shop\",\"item\":\"https:\/\/www.certifiedcosmetics.com\/de\/shop-2\/\"},{\"@type\":\"ListItem\",\"position\":3,\"name\":\"Pr\u00fcfung des UVA-Schutzfaktors (UVA-PF)\"}]},{\"@type\":\"WebSite\",\"@id\":\"https:\/\/www.certifiedcosmetics.com\/de\/#website\",\"url\":\"https:\/\/www.certifiedcosmetics.com\/de\/\",\"name\":\"Certified Cosmetics\",\"description\":\"Cosmetic Safety Assessment\",\"publisher\":{\"@id\":\"https:\/\/www.certifiedcosmetics.com\/de\/#organization\"},\"potentialAction\":[{\"@type\":\"SearchAction\",\"target\":{\"@type\":\"EntryPoint\",\"urlTemplate\":\"https:\/\/www.certifiedcosmetics.com\/de\/?s={search_term_string}\"},\"query-input\":{\"@type\":\"PropertyValueSpecification\",\"valueRequired\":true,\"valueName\":\"search_term_string\"}}],\"inLanguage\":\"de\"},{\"@type\":\"Organization\",\"@id\":\"https:\/\/www.certifiedcosmetics.com\/de\/#organization\",\"name\":\"Certified Cosmetics\",\"url\":\"https:\/\/www.certifiedcosmetics.com\/de\/\",\"logo\":{\"@type\":\"ImageObject\",\"inLanguage\":\"de\",\"@id\":\"https:\/\/www.certifiedcosmetics.com\/de\/#\/schema\/logo\/image\/\",\"url\":\"https:\/\/www.certifiedcosmetics.com\/wp-content\/uploads\/2024\/12\/logo_certified_cosmetics696.jpg\",\"contentUrl\":\"https:\/\/www.certifiedcosmetics.com\/wp-content\/uploads\/2024\/12\/logo_certified_cosmetics696.jpg\",\"width\":696,\"height\":696,\"caption\":\"Certified Cosmetics\"},\"image\":{\"@id\":\"https:\/\/www.certifiedcosmetics.com\/de\/#\/schema\/logo\/image\/\"},\"description\":\"Your trusted partner for cosmetic product safety reporting. We take care of updating all of your documentation, ensuring your compliance stays current even as regulations evolve. The Cosmetic Product Safety Assessment will give you everything you need to sell specific products to EU consumers.\",\"email\":\"contact@certifiedcosmetics.com\",\"telephone\":\"+31 36 2036384\",\"legalName\":\"Certified Cosmetics\",\"foundingDate\":\"2010-01-01\",\"vatID\":\"NL854189543B01\",\"numberOfEmployees\":{\"@type\":\"QuantitativeValue\",\"minValue\":\"11\",\"maxValue\":\"50\"}}]}<\/script>\n<meta property=\"og:availability\" content=\"instock\" \/>\n<meta property=\"product:availability\" content=\"instock\" \/>\n<meta property=\"product:condition\" content=\"new\" \/>\n<!-- \/ Yoast SEO Premium plugin. -->","yoast_head_json":{"title":"Pr\u00fcfung des UVA-Schutzfaktors (UVA-PF) - Certified Cosmetics","description":"Wir testen den UVA-Schutzfaktor (UVA-PF), um die korrekte und vorschriftsm\u00e4\u00dfige Kennzeichnung von Sonnenschutzmitteln und kosmetischen Produkten zu unterst\u00fctzen.","robots":{"index":"index","follow":"follow","max-snippet":"max-snippet:-1","max-image-preview":"max-image-preview:large","max-video-preview":"max-video-preview:-1"},"canonical":"https:\/\/www.certifiedcosmetics.com\/de\/product\/wirksamkeitstests\/hauttest\/pruefung-des-uva-schutzfaktors-uva-pf\/","og_locale":"de_DE","og_type":"article","og_title":"Pr\u00fcfung des UVA-Schutzfaktors (UVA-PF)","og_description":"Wir testen den UVA-Schutzfaktor (UVA-PF), um die korrekte und vorschriftsm\u00e4\u00dfige Kennzeichnung von Sonnenschutzmitteln und kosmetischen Produkten zu unterst\u00fctzen.","og_url":"https:\/\/www.certifiedcosmetics.com\/de\/product\/wirksamkeitstests\/hauttest\/pruefung-des-uva-schutzfaktors-uva-pf\/","og_site_name":"Certified Cosmetics","article_modified_time":"2025-10-22T08:34:11+00:00","og_image":[{"width":800,"height":800,"url":"https:\/\/www.certifiedcosmetics.com\/wp-content\/uploads\/2025\/08\/uva-laboratory-test.jpg","type":"image\/jpeg"}],"twitter_card":"summary_large_image","twitter_misc":{"Verf\u00fcgbarkeit":"Auf Lager"},"schema":{"@context":"https:\/\/schema.org","@graph":[{"@type":"WebPage","@id":"https:\/\/www.certifiedcosmetics.com\/de\/product\/wirksamkeitstests\/hauttest\/pruefung-des-uva-schutzfaktors-uva-pf\/","url":"https:\/\/www.certifiedcosmetics.com\/de\/product\/wirksamkeitstests\/hauttest\/pruefung-des-uva-schutzfaktors-uva-pf\/","name":"Pr\u00fcfung des UVA-Schutzfaktors (UVA-PF) - Certified Cosmetics","isPartOf":{"@id":"https:\/\/www.certifiedcosmetics.com\/de\/#website"},"primaryImageOfPage":{"@id":"https:\/\/www.certifiedcosmetics.com\/de\/product\/wirksamkeitstests\/hauttest\/pruefung-des-uva-schutzfaktors-uva-pf\/#primaryimage"},"image":{"@id":"https:\/\/www.certifiedcosmetics.com\/de\/product\/wirksamkeitstests\/hauttest\/pruefung-des-uva-schutzfaktors-uva-pf\/#primaryimage"},"thumbnailUrl":"https:\/\/www.certifiedcosmetics.com\/wp-content\/uploads\/2025\/08\/uva-laboratory-test.jpg","datePublished":"2025-08-05T15:41:15+00:00","dateModified":"2025-10-22T08:34:11+00:00","description":"Wir testen den UVA-Schutzfaktor (UVA-PF), um die korrekte und vorschriftsm\u00e4\u00dfige Kennzeichnung von Sonnenschutzmitteln und kosmetischen Produkten zu unterst\u00fctzen.","breadcrumb":{"@id":"https:\/\/www.certifiedcosmetics.com\/de\/product\/wirksamkeitstests\/hauttest\/pruefung-des-uva-schutzfaktors-uva-pf\/#breadcrumb"},"inLanguage":"de","potentialAction":[{"@type":"ReadAction","target":["https:\/\/www.certifiedcosmetics.com\/de\/product\/wirksamkeitstests\/hauttest\/pruefung-des-uva-schutzfaktors-uva-pf\/"]}]},{"@type":"ImageObject","inLanguage":"de","@id":"https:\/\/www.certifiedcosmetics.com\/de\/product\/wirksamkeitstests\/hauttest\/pruefung-des-uva-schutzfaktors-uva-pf\/#primaryimage","url":"https:\/\/www.certifiedcosmetics.com\/wp-content\/uploads\/2025\/08\/uva-laboratory-test.jpg","contentUrl":"https:\/\/www.certifiedcosmetics.com\/wp-content\/uploads\/2025\/08\/uva-laboratory-test.jpg","width":800,"height":800},{"@type":"BreadcrumbList","@id":"https:\/\/www.certifiedcosmetics.com\/de\/product\/wirksamkeitstests\/hauttest\/pruefung-des-uva-schutzfaktors-uva-pf\/#breadcrumb","itemListElement":[{"@type":"ListItem","position":1,"name":"Home","item":"https:\/\/www.certifiedcosmetics.com\/de\/"},{"@type":"ListItem","position":2,"name":"Shop","item":"https:\/\/www.certifiedcosmetics.com\/de\/shop-2\/"},{"@type":"ListItem","position":3,"name":"Pr\u00fcfung des UVA-Schutzfaktors (UVA-PF)"}]},{"@type":"WebSite","@id":"https:\/\/www.certifiedcosmetics.com\/de\/#website","url":"https:\/\/www.certifiedcosmetics.com\/de\/","name":"Certified Cosmetics","description":"Cosmetic Safety Assessment","publisher":{"@id":"https:\/\/www.certifiedcosmetics.com\/de\/#organization"},"potentialAction":[{"@type":"SearchAction","target":{"@type":"EntryPoint","urlTemplate":"https:\/\/www.certifiedcosmetics.com\/de\/?s={search_term_string}"},"query-input":{"@type":"PropertyValueSpecification","valueRequired":true,"valueName":"search_term_string"}}],"inLanguage":"de"},{"@type":"Organization","@id":"https:\/\/www.certifiedcosmetics.com\/de\/#organization","name":"Certified Cosmetics","url":"https:\/\/www.certifiedcosmetics.com\/de\/","logo":{"@type":"ImageObject","inLanguage":"de","@id":"https:\/\/www.certifiedcosmetics.com\/de\/#\/schema\/logo\/image\/","url":"https:\/\/www.certifiedcosmetics.com\/wp-content\/uploads\/2024\/12\/logo_certified_cosmetics696.jpg","contentUrl":"https:\/\/www.certifiedcosmetics.com\/wp-content\/uploads\/2024\/12\/logo_certified_cosmetics696.jpg","width":696,"height":696,"caption":"Certified Cosmetics"},"image":{"@id":"https:\/\/www.certifiedcosmetics.com\/de\/#\/schema\/logo\/image\/"},"description":"Your trusted partner for cosmetic product safety reporting. We take care of updating all of your documentation, ensuring your compliance stays current even as regulations evolve. The Cosmetic Product Safety Assessment will give you everything you need to sell specific products to EU consumers.","email":"contact@certifiedcosmetics.com","telephone":"+31 36 2036384","legalName":"Certified Cosmetics","foundingDate":"2010-01-01","vatID":"NL854189543B01","numberOfEmployees":{"@type":"QuantitativeValue","minValue":"11","maxValue":"50"}}]},"og_availability":"instock","product_availability":"instock","product_condition":"new"},"_links":{"self":[{"href":"https:\/\/www.certifiedcosmetics.com\/de\/wp-json\/wp\/v2\/product\/13138","targetHints":{"allow":["GET"]}}],"collection":[{"href":"https:\/\/www.certifiedcosmetics.com\/de\/wp-json\/wp\/v2\/product"}],"about":[{"href":"https:\/\/www.certifiedcosmetics.com\/de\/wp-json\/wp\/v2\/types\/product"}],"wp:featuredmedia":[{"embeddable":true,"href":"https:\/\/www.certifiedcosmetics.com\/de\/wp-json\/wp\/v2\/media\/12633"}],"wp:attachment":[{"href":"https:\/\/www.certifiedcosmetics.com\/de\/wp-json\/wp\/v2\/media?parent=13138"}],"wp:term":[{"taxonomy":"product_brand","embeddable":true,"href":"https:\/\/www.certifiedcosmetics.com\/de\/wp-json\/wp\/v2\/product_brand?post=13138"},{"taxonomy":"product_cat","embeddable":true,"href":"https:\/\/www.certifiedcosmetics.com\/de\/wp-json\/wp\/v2\/product_cat?post=13138"},{"taxonomy":"product_tag","embeddable":true,"href":"https:\/\/www.certifiedcosmetics.com\/de\/wp-json\/wp\/v2\/product_tag?post=13138"}],"curies":[{"name":"wp","href":"https:\/\/api.w.org\/{rel}","templated":true}]}}