{"id":12598,"date":"2025-08-04T10:08:11","date_gmt":"2025-08-04T09:08:11","guid":{"rendered":"https:\/\/www.certifiedcosmetics.com\/product\/uncategorized\/spf-labortest-in-vitro-sonnenschutzfaktor\/"},"modified":"2025-10-22T09:03:52","modified_gmt":"2025-10-22T08:03:52","slug":"spf-labortest-in-vitro-sonnenschutzfaktor","status":"publish","type":"product","link":"https:\/\/www.certifiedcosmetics.com\/de\/product\/wirksamkeitstests\/hauttest\/spf-labortest-in-vitro-sonnenschutzfaktor\/","title":{"rendered":"SPF Labortest In Vitro &#8211; Sonnenschutzfaktor"},"content":{"rendered":"<p data-start=\"109\" data-end=\"549\">Mit unseren <strong data-start=\"251\" data-end=\"275\">In-vitro-SPF-Tests<\/strong> kannst du sicherstellen, dass deine Sonnenschutzprodukte den internationalen Standards entsprechen. Die unter kontrollierten Laborbedingungen durchgef\u00fchrten In-vivo-Sonnenschutztests liefern genaue, reproduzierbare Ergebnisse und erf\u00fcllen gleichzeitig die weltweiten gesetzlichen Richtlinien. <\/p>\n<p data-start=\"551\" data-end=\"582\">Unser Pr\u00fcfservice bietet:<\/p>\n<ul data-start=\"583\" data-end=\"901\">\n<li data-start=\"583\" data-end=\"676\">\n<p data-start=\"585\" data-end=\"676\"><strong data-start=\"585\" data-end=\"612\">SPF-Wert-Bestimmung<\/strong> mit k\u00fcnstlicher UV-Strahlung und spektrophotometrischer Analyse<\/p>\n<\/li>\n<li data-start=\"827\" data-end=\"901\">\n<p data-start=\"829\" data-end=\"901\">Vollst\u00e4ndiger Laborbericht und Datenauswertung durch qualifizierte Wissenschaftler<\/p>\n<\/li>\n<\/ul>\n<p data-start=\"903\" data-end=\"1196\">Diese Methode ist ideal f\u00fcr das <strong data-start=\"933\" data-end=\"958\">Screening von Formulierungen<\/strong> und die <strong data-start=\"963\" data-end=\"996\">Einreichung von Zulassungsdossiers<\/strong>. Marken aus der Kosmetik- und Dermatologiebranche vertrauen auf unsere in vitro SPF-Tests, um sicherzustellen, dass deine Sonnenschutzprodukte sowohl sicher als auch wirksam sind &#8211; bereit f\u00fcr die Markteinf\u00fchrung in der EU und dar\u00fcber hinaus. <\/p>\n<p data-start=\"1198\" data-end=\"1293\"><strong data-start=\"1198\" data-end=\"1218\">Bearbeitungszeit:<\/strong> 10-15 Werktage<br data-start=\"1238\" data-end=\"1241\"><strong data-start=\"1241\" data-end=\"1261\">Muster erforderlich:<\/strong> Mindestens 100ml\/gr von jeder Formulierung<\/p>\n<p data-start=\"1295\" data-end=\"1421\">Sch\u00fctze deine Verbraucher. Best\u00e4tige deine Behauptungen. W\u00e4hle zertifizierte Labortests, die modernen wissenschaftlichen und ethischen Standards entsprechen.  <\/p>\n<h2 data-start=\"1295\" data-end=\"1421\">Was ist der Unterschied zwischen In Vivo und In Vitro Tests?<\/h2>\n<p>Die Begriffe in vivo und in vitro beziehen sich auf zwei verschiedene Arten von Testumgebungen, die in wissenschaftlichen und beh\u00f6rdlichen Tests verwendet werden, einschlie\u00dflich der SPF-Tests f\u00fcr Sonnenschutzmittel:<\/p>\n<h3>In-vitro-Tests<\/h3>\n<p><strong>Definition:<\/strong><br \/>\n&#8220;In vitro&#8221; bedeutet auf Lateinisch &#8220;im Glas&#8221;. Es bezieht sich auf Tests, die au\u00dferhalb eines lebenden Organismus durchgef\u00fchrt werden, normalerweise in einem Labor mit Ger\u00e4ten wie Testplatten, UV-Spektrophotometern und k\u00fcnstlichen Substraten. <\/p>\n<p><strong>Wichtige Merkmale:<\/strong><\/p>\n<ul>\n<li>Durchgef\u00fchrt in einer kontrollierten Laborumgebung<\/li>\n<li>Verwendet synthetische Hautsubstrate oder andere Materialien<\/li>\n<li>Keine Menschen- oder Tierversuche beteiligt<\/li>\n<\/ul>\n<p>Beispiele: Spektrophotometrische SPF-Pr\u00fcfung, UVAPF-Bestimmung auf PMMA-Platten<\/p>\n<p><strong>Vorteile:<\/strong><\/p>\n<ul>\n<li>Ethisch und tierfrei<\/li>\n<li>Oft schneller und weniger teuer<\/li>\n<li>Erm\u00f6glicht das Screening mehrerer Formulierungen in der fr\u00fchen Entwicklung<\/li>\n<li>Akzeptiert f\u00fcr regulatorische Zwecke<\/li>\n<\/ul>\n<h3>In-vivo-Tests<\/h3>\n<p><strong>Definition:<\/strong><br \/>\n&#8220;In vivo&#8221; bedeutet auf Lateinisch &#8220;im Lebendigen&#8221;. Es bezieht sich auf Tests, die an lebenden Organismen durchgef\u00fchrt werden, im Fall von SPF-Tests in der Regel an menschlichen Freiwilligen. <\/p>\n<p><strong>Wichtige Merkmale:<\/strong><\/p>\n<ul>\n<li>An der Haut von menschlichen Probanden durchgef\u00fchrt<\/li>\n<li>Das Produkt wird aufgetragen und anschlie\u00dfend der UV-Strahlung ausgesetzt.<\/li>\n<li>Gemessen durch Beobachtung des durch UVB verursachten Erythems (R\u00f6tung)<\/li>\n<\/ul>\n<p><strong>Vorteile:<\/strong><\/p>\n<ul>\n<li>Gilt in einigen L\u00e4ndern als Goldstandard f\u00fcr die SPF-Validierung<\/li>\n<li>Liefert reale Ergebnisse unter realen Hautbedingungen<\/li>\n<li>M\u00f6glichkeiten, mehrere Optionen zu testen: Wasserbest\u00e4ndigkeit (WR), Sehr Wasserbest\u00e4ndigkeit (WR), Ultra Wasserbest\u00e4ndigkeit (UWR), Schwei\u00dfbest\u00e4ndigkeit (STR), Sandbest\u00e4ndigkeit (STR)<\/li>\n<\/ul>\n<table>\n<thead>\n<tr>\n<th>Feature<\/th>\n<th>In vitro<\/th>\n<th>In Vivo<\/th>\n<\/tr>\n<\/thead>\n<tbody>\n<tr>\n<td>Ort<\/td>\n<td>Labor (au\u00dferhalb des K\u00f6rpers)<\/td>\n<td>Auf lebender menschlicher Haut<\/td>\n<\/tr>\n<tr>\n<td>Ethik<\/td>\n<td>Grausamkeitsfrei, keine Menschenversuche<\/td>\n<td>Exposition des Menschen gegen\u00fcber UV-Strahlung<\/td>\n<\/tr>\n<tr>\n<td>Geschwindigkeit<\/td>\n<td>Schneller<\/td>\n<td>Langsamer<\/td>\n<\/tr>\n<tr>\n<td>Kosten<\/td>\n<td>Niedriger<\/td>\n<td>H\u00f6her<\/td>\n<\/tr>\n<tr>\n<td>Optionen<\/td>\n<td>SPF-Pr\u00fcfung<\/td>\n<td>SPF-Validierung, Wasserbest\u00e4ndigkeit (WR), Hochwasserbest\u00e4ndigkeit (WR), Ultrawasserbest\u00e4ndigkeit (UWR), Schwei\u00dfbest\u00e4ndigkeit (STR), Sandbest\u00e4ndigkeit (STR)<\/td>\n<\/tr>\n<tr>\n<td>Verwendung<\/td>\n<td>Formulierungsscreening, endg\u00fcltige Best\u00e4tigung<\/td>\n<td>Regulatorische Validierung, endg\u00fcltige Best\u00e4tigung<\/td>\n<\/tr>\n<tr>\n<td>G\u00e4ngige Methoden<\/td>\n<td>Colipa, UV-Spektrophotometrie, ISO 24443<\/td>\n<td>MED\/MPPD-Tests mit Freiwilligen, ISO 24444<\/td>\n<\/tr>\n<\/tbody>\n<\/table>\n<h2>Warum ist ein LSF-Test wichtig?<\/h2>\n<ol>\n<li><strong>Einhaltung von Vorschriften:<\/strong><br \/>\nDie meisten Regionen, darunter die EU, die USA und Asien, verlangen validierte LSF-Angaben f\u00fcr Sonnenschutzprodukte. Ohne ordnungsgem\u00e4\u00dfe Tests k\u00f6nnen Produkte abgelehnt oder vom Markt genommen werden. <\/li>\n<li><strong>Verbrauchersicherheit:<\/strong><br \/>\nFalsche LSF-Angaben k\u00f6nnen zu einem unzureichenden Sonnenschutz f\u00fchren und das Risiko von Hautsch\u00e4den und damit verbundenen Gesundheitsproblemen erh\u00f6hen.<\/li>\n<li><strong>Glaubw\u00fcrdigkeit und Vertrauen:<\/strong><br \/>\nTransparente und genaue LSF-Angaben st\u00e4rken das Markenimage und das Vertrauen der Verbraucher in deine Produkte.<\/li>\n<li><strong>Marktdifferenzierung:<\/strong><br \/>\nSPF-Tests stellen sicher, dass dein Produkt im Wettbewerb bestehen kann, indem es nachweislich Schutz bietet und somit die bevorzugte Wahl f\u00fcr sicherheitsbewusste Verbraucher ist.<\/li>\n<\/ol>\n<h2>Unsere SPF-Labortestleistungen<\/h2>\n<p>Wir bieten umfassende SPF-Tests an, damit du deine Produktaussagen untermauern und die gesetzlichen Standards erf\u00fcllen kannst. Unsere Dienstleistungen umfassen: <\/p>\n<h3>1. SPF In Vivo Tests<\/h3>\n<ul>\n<li>An menschlichen Freiwilligen unter strengen ethischen und Sicherheitsprotokollen durchgef\u00fchrt.<\/li>\n<li>Ermittelt den tats\u00e4chlichen LSF-Wert deines Produkts anhand der realen Anwendung und Sonneneinstrahlung.<\/li>\n<\/ul>\n<h3>2. SPF In-vitro-Tests<\/h3>\n<ul>\n<li>Geeignet f\u00fcr erste Bewertungen oder als Erg\u00e4nzung zu In-vivo-Tests.<\/li>\n<li>Bietet eine schnelle und kosteng\u00fcnstige Methode zur Analyse des UV-Schutzes.<\/li>\n<\/ul>\n<h3>3. Breitspektrum-UV-Test<\/h3>\n<ul>\n<li>Misst den Schutz vor <strong>UVA-<\/strong> und <strong>UVB-Strahlung<\/strong>, um die Behauptung des &#8220;breiten Spektrums&#8221; zu unterst\u00fctzen.<\/li>\n<\/ul>\n<h3>4. Pr\u00fcfung der Wasserbest\u00e4ndigkeit<\/h3>\n<ul>\n<li>Bewertet die Wirksamkeit des Produkts, nachdem es Wasser ausgesetzt wurde, und stellt sicher, dass die Angaben &#8220;wasserfest&#8221; oder &#8220;sehr wasserfest&#8221; korrekt sind.<\/li>\n<\/ul>\n<h3>5. Compliance-Kontrollen<\/h3>\n<ul>\n<li>\u00dcberpr\u00fcfung der Einhaltung regionaler SPF-Kennzeichnungsvorschriften, wie z. B. die der FDA (USA), der EU-Kosmetikverordnung oder der ISO-Normen.<\/li>\n<\/ul>\n<h2>Warum sollten Sie uns f\u00fcr SPF-Tests w\u00e4hlen?<\/h2>\n<ul>\n<li><strong>Akkreditierte Einrichtungen:<\/strong> Wir betreiben hochmoderne Labore, die f\u00fcr die Durchf\u00fchrung von SPF-Pr\u00fcfungen nach globalen Standards akkreditiert sind.<\/li>\n<li><strong>Expertenteam:<\/strong> Unsere Wissenschaftler sind auf die Formulierung und Pr\u00fcfung von Sonnenschutzmitteln spezialisiert und sorgen f\u00fcr pr\u00e4zise und zuverl\u00e4ssige Ergebnisse.<\/li>\n<li><strong>Regulatorische Expertise:<\/strong> Wir geben Hilfestellung bei der Erf\u00fcllung spezifischer Anforderungen f\u00fcr verschiedene M\u00e4rkte und verringern so das Risiko von Verz\u00f6gerungen oder Nichteinhaltung.<\/li>\n<li><strong>End-to-End-Unterst\u00fctzung:<\/strong> Von der ersten Pr\u00fcfung bis zur Validierung von Anspr\u00fcchen und der beh\u00f6rdlichen Dokumentation unterst\u00fctzen wir jede Phase deiner Produktentwicklung.<\/li>\n<\/ul>\n<h3>Wie man anf\u00e4ngt<\/h3>\n<p>Wenn dein Produkt eine SPF-Pr\u00fcfung oder -Verifizierung ben\u00f6tigt, ist unser Team bereit, dich zu unterst\u00fctzen. Egal, ob du ein neues Sonnenschutzmittel entwickelst oder ein bestehendes Produkt an die internationalen Standards anpasst, unsere Dienstleistungen sind auf deine Bed\u00fcrfnisse zugeschnitten. <\/p>\n","protected":false},"excerpt":{"rendered":"<p>Mit unseren In-vitro-SPF-Tests kannst du sicherstellen, dass deine Sonnenschutzprodukte den internationalen Standards entsprechen. Die unter kontrollierten Laborbedingungen durchgef\u00fchrten In-vivo-Sonnenschutztests liefern genaue, reproduzierbare Ergebnisse und erf\u00fcllen gleichzeitig die weltweiten gesetzlichen Richtlinien. Unser Pr\u00fcfservice bietet: SPF-Wert-Bestimmung mit k\u00fcnstlicher UV-Strahlung und spektrophotometrischer Analyse Vollst\u00e4ndiger Laborbericht und Datenauswertung durch qualifizierte Wissenschaftler Diese Methode ist ideal f\u00fcr das Screening von&#8230;<\/p>\n","protected":false},"featured_media":10117,"template":"","meta":[],"product_brand":[],"product_cat":[145,1452,127],"product_tag":[],"class_list":{"0":"post-12598","1":"product","2":"type-product","3":"status-publish","4":"has-post-thumbnail","6":"product_cat-hauttest","7":"product_cat-spf-prufung","8":"product_cat-wirksamkeitstests","10":"first","11":"instock","12":"virtual","13":"taxable","14":"purchasable","15":"product-type-simple"},"bundled_by":[],"bundle_stock_status":"instock","bundle_stock_quantity":null,"bundle_virtual":false,"bundle_layout":"","bundle_add_to_cart_form_location":"","bundle_editable_in_cart":false,"bundle_sold_individually_context":"","bundle_item_grouping":"","bundle_min_size":"","bundle_max_size":"","bundle_price":[],"bundled_items":[],"bundle_sell_ids":[],"yoast_head":"<!-- This site is optimized with the Yoast SEO Premium plugin v25.4 (Yoast SEO v25.4) - https:\/\/yoast.com\/wordpress\/plugins\/seo\/ -->\n<title>SPF Labortest In Vitro - Sonnenschutzfaktor - Certified Cosmetics<\/title>\n<meta name=\"robots\" content=\"index, follow, max-snippet:-1, max-image-preview:large, max-video-preview:-1\" \/>\n<link rel=\"canonical\" href=\"https:\/\/www.certifiedcosmetics.com\/de\/product\/wirksamkeitstests\/hauttest\/spf-labortest-in-vitro-sonnenschutzfaktor\/\" \/>\n<meta property=\"og:locale\" content=\"de_DE\" \/>\n<meta property=\"og:type\" content=\"article\" \/>\n<meta property=\"og:title\" content=\"SPF Labortest In Vitro - Sonnenschutzfaktor\" \/>\n<meta property=\"og:description\" content=\"Mit unseren In-vitro-SPF-Tests kannst du sicherstellen, dass deine Sonnenschutzprodukte den internationalen Standards entsprechen. Die unter kontrollierten Laborbedingungen durchgef\u00fchrten In-vivo-Sonnenschutztests liefern genaue, reproduzierbare Ergebnisse und erf\u00fcllen gleichzeitig die weltweiten gesetzlichen Richtlinien. Unser Pr\u00fcfservice bietet: SPF-Wert-Bestimmung mit k\u00fcnstlicher UV-Strahlung und spektrophotometrischer Analyse Vollst\u00e4ndiger Laborbericht und Datenauswertung durch qualifizierte Wissenschaftler Diese Methode ist ideal f\u00fcr das Screening von...\" \/>\n<meta property=\"og:url\" content=\"https:\/\/www.certifiedcosmetics.com\/de\/product\/wirksamkeitstests\/hauttest\/spf-labortest-in-vitro-sonnenschutzfaktor\/\" \/>\n<meta property=\"og:site_name\" content=\"Certified Cosmetics\" \/>\n<meta property=\"article:modified_time\" content=\"2025-10-22T08:03:52+00:00\" \/>\n<meta property=\"og:image\" content=\"https:\/\/www.certifiedcosmetics.com\/wp-content\/uploads\/2024\/11\/5-2.png\" \/>\n\t<meta property=\"og:image:width\" content=\"400\" \/>\n\t<meta property=\"og:image:height\" content=\"400\" \/>\n\t<meta property=\"og:image:type\" content=\"image\/png\" \/>\n<meta name=\"twitter:card\" content=\"summary_large_image\" \/>\n<meta name=\"twitter:label1\" content=\"Preis\" \/>\n\t<meta name=\"twitter:data1\" content=\"&#036;529.62\" \/>\n\t<meta name=\"twitter:label2\" content=\"Verf\u00fcgbarkeit\" \/>\n\t<meta name=\"twitter:data2\" content=\"Auf Lager\" \/>\n<script type=\"application\/ld+json\" class=\"yoast-schema-graph\">{\"@context\":\"https:\/\/schema.org\",\"@graph\":[{\"@type\":\"WebPage\",\"@id\":\"https:\/\/www.certifiedcosmetics.com\/de\/product\/wirksamkeitstests\/hauttest\/spf-labortest-in-vitro-sonnenschutzfaktor\/\",\"url\":\"https:\/\/www.certifiedcosmetics.com\/de\/product\/wirksamkeitstests\/hauttest\/spf-labortest-in-vitro-sonnenschutzfaktor\/\",\"name\":\"SPF Labortest In Vitro - Sonnenschutzfaktor - Certified Cosmetics\",\"isPartOf\":{\"@id\":\"https:\/\/www.certifiedcosmetics.com\/de\/#website\"},\"primaryImageOfPage\":{\"@id\":\"https:\/\/www.certifiedcosmetics.com\/de\/product\/wirksamkeitstests\/hauttest\/spf-labortest-in-vitro-sonnenschutzfaktor\/#primaryimage\"},\"image\":{\"@id\":\"https:\/\/www.certifiedcosmetics.com\/de\/product\/wirksamkeitstests\/hauttest\/spf-labortest-in-vitro-sonnenschutzfaktor\/#primaryimage\"},\"thumbnailUrl\":\"https:\/\/www.certifiedcosmetics.com\/wp-content\/uploads\/2024\/11\/5-2.png\",\"datePublished\":\"2025-08-04T09:08:11+00:00\",\"dateModified\":\"2025-10-22T08:03:52+00:00\",\"breadcrumb\":{\"@id\":\"https:\/\/www.certifiedcosmetics.com\/de\/product\/wirksamkeitstests\/hauttest\/spf-labortest-in-vitro-sonnenschutzfaktor\/#breadcrumb\"},\"inLanguage\":\"de\",\"potentialAction\":[{\"@type\":\"ReadAction\",\"target\":[\"https:\/\/www.certifiedcosmetics.com\/de\/product\/wirksamkeitstests\/hauttest\/spf-labortest-in-vitro-sonnenschutzfaktor\/\"]}]},{\"@type\":\"ImageObject\",\"inLanguage\":\"de\",\"@id\":\"https:\/\/www.certifiedcosmetics.com\/de\/product\/wirksamkeitstests\/hauttest\/spf-labortest-in-vitro-sonnenschutzfaktor\/#primaryimage\",\"url\":\"https:\/\/www.certifiedcosmetics.com\/wp-content\/uploads\/2024\/11\/5-2.png\",\"contentUrl\":\"https:\/\/www.certifiedcosmetics.com\/wp-content\/uploads\/2024\/11\/5-2.png\",\"width\":400,\"height\":400},{\"@type\":\"BreadcrumbList\",\"@id\":\"https:\/\/www.certifiedcosmetics.com\/de\/product\/wirksamkeitstests\/hauttest\/spf-labortest-in-vitro-sonnenschutzfaktor\/#breadcrumb\",\"itemListElement\":[{\"@type\":\"ListItem\",\"position\":1,\"name\":\"Home\",\"item\":\"https:\/\/www.certifiedcosmetics.com\/de\/\"},{\"@type\":\"ListItem\",\"position\":2,\"name\":\"Shop\",\"item\":\"https:\/\/www.certifiedcosmetics.com\/de\/shop-2\/\"},{\"@type\":\"ListItem\",\"position\":3,\"name\":\"SPF Labortest In Vitro &#8211; Sonnenschutzfaktor\"}]},{\"@type\":\"WebSite\",\"@id\":\"https:\/\/www.certifiedcosmetics.com\/de\/#website\",\"url\":\"https:\/\/www.certifiedcosmetics.com\/de\/\",\"name\":\"Certified Cosmetics\",\"description\":\"Cosmetic Safety Assessment\",\"publisher\":{\"@id\":\"https:\/\/www.certifiedcosmetics.com\/de\/#organization\"},\"potentialAction\":[{\"@type\":\"SearchAction\",\"target\":{\"@type\":\"EntryPoint\",\"urlTemplate\":\"https:\/\/www.certifiedcosmetics.com\/de\/?s={search_term_string}\"},\"query-input\":{\"@type\":\"PropertyValueSpecification\",\"valueRequired\":true,\"valueName\":\"search_term_string\"}}],\"inLanguage\":\"de\"},{\"@type\":\"Organization\",\"@id\":\"https:\/\/www.certifiedcosmetics.com\/de\/#organization\",\"name\":\"Certified Cosmetics\",\"url\":\"https:\/\/www.certifiedcosmetics.com\/de\/\",\"logo\":{\"@type\":\"ImageObject\",\"inLanguage\":\"de\",\"@id\":\"https:\/\/www.certifiedcosmetics.com\/de\/#\/schema\/logo\/image\/\",\"url\":\"https:\/\/www.certifiedcosmetics.com\/wp-content\/uploads\/2024\/12\/logo_certified_cosmetics696.jpg\",\"contentUrl\":\"https:\/\/www.certifiedcosmetics.com\/wp-content\/uploads\/2024\/12\/logo_certified_cosmetics696.jpg\",\"width\":696,\"height\":696,\"caption\":\"Certified Cosmetics\"},\"image\":{\"@id\":\"https:\/\/www.certifiedcosmetics.com\/de\/#\/schema\/logo\/image\/\"},\"description\":\"Your trusted partner for cosmetic product safety reporting. We take care of updating all of your documentation, ensuring your compliance stays current even as regulations evolve. The Cosmetic Product Safety Assessment will give you everything you need to sell specific products to EU consumers.\",\"email\":\"contact@certifiedcosmetics.com\",\"telephone\":\"+31 36 2036384\",\"legalName\":\"Certified Cosmetics\",\"foundingDate\":\"2010-01-01\",\"vatID\":\"NL854189543B01\",\"numberOfEmployees\":{\"@type\":\"QuantitativeValue\",\"minValue\":\"11\",\"maxValue\":\"50\"}}]}<\/script>\n<meta property=\"product:price:amount\" content=\"529.62\" \/>\n<meta property=\"product:price:currency\" content=\"USD\" \/>\n<meta property=\"og:availability\" content=\"instock\" \/>\n<meta property=\"product:availability\" content=\"instock\" \/>\n<meta property=\"product:retailer_item_id\" content=\"CC100141\" \/>\n<meta property=\"product:condition\" content=\"new\" \/>\n<!-- \/ Yoast SEO Premium plugin. -->","yoast_head_json":{"title":"SPF Labortest In Vitro - Sonnenschutzfaktor - Certified Cosmetics","robots":{"index":"index","follow":"follow","max-snippet":"max-snippet:-1","max-image-preview":"max-image-preview:large","max-video-preview":"max-video-preview:-1"},"canonical":"https:\/\/www.certifiedcosmetics.com\/de\/product\/wirksamkeitstests\/hauttest\/spf-labortest-in-vitro-sonnenschutzfaktor\/","og_locale":"de_DE","og_type":"article","og_title":"SPF Labortest In Vitro - Sonnenschutzfaktor","og_description":"Mit unseren In-vitro-SPF-Tests kannst du sicherstellen, dass deine Sonnenschutzprodukte den internationalen Standards entsprechen. Die unter kontrollierten Laborbedingungen durchgef\u00fchrten In-vivo-Sonnenschutztests liefern genaue, reproduzierbare Ergebnisse und erf\u00fcllen gleichzeitig die weltweiten gesetzlichen Richtlinien. Unser Pr\u00fcfservice bietet: SPF-Wert-Bestimmung mit k\u00fcnstlicher UV-Strahlung und spektrophotometrischer Analyse Vollst\u00e4ndiger Laborbericht und Datenauswertung durch qualifizierte Wissenschaftler Diese Methode ist ideal f\u00fcr das Screening von...","og_url":"https:\/\/www.certifiedcosmetics.com\/de\/product\/wirksamkeitstests\/hauttest\/spf-labortest-in-vitro-sonnenschutzfaktor\/","og_site_name":"Certified Cosmetics","article_modified_time":"2025-10-22T08:03:52+00:00","og_image":[{"width":400,"height":400,"url":"https:\/\/www.certifiedcosmetics.com\/wp-content\/uploads\/2024\/11\/5-2.png","type":"image\/png"}],"twitter_card":"summary_large_image","twitter_misc":{"Preis":"&#36;529.62","Verf\u00fcgbarkeit":"Auf Lager"},"schema":{"@context":"https:\/\/schema.org","@graph":[{"@type":"WebPage","@id":"https:\/\/www.certifiedcosmetics.com\/de\/product\/wirksamkeitstests\/hauttest\/spf-labortest-in-vitro-sonnenschutzfaktor\/","url":"https:\/\/www.certifiedcosmetics.com\/de\/product\/wirksamkeitstests\/hauttest\/spf-labortest-in-vitro-sonnenschutzfaktor\/","name":"SPF Labortest In Vitro - Sonnenschutzfaktor - Certified Cosmetics","isPartOf":{"@id":"https:\/\/www.certifiedcosmetics.com\/de\/#website"},"primaryImageOfPage":{"@id":"https:\/\/www.certifiedcosmetics.com\/de\/product\/wirksamkeitstests\/hauttest\/spf-labortest-in-vitro-sonnenschutzfaktor\/#primaryimage"},"image":{"@id":"https:\/\/www.certifiedcosmetics.com\/de\/product\/wirksamkeitstests\/hauttest\/spf-labortest-in-vitro-sonnenschutzfaktor\/#primaryimage"},"thumbnailUrl":"https:\/\/www.certifiedcosmetics.com\/wp-content\/uploads\/2024\/11\/5-2.png","datePublished":"2025-08-04T09:08:11+00:00","dateModified":"2025-10-22T08:03:52+00:00","breadcrumb":{"@id":"https:\/\/www.certifiedcosmetics.com\/de\/product\/wirksamkeitstests\/hauttest\/spf-labortest-in-vitro-sonnenschutzfaktor\/#breadcrumb"},"inLanguage":"de","potentialAction":[{"@type":"ReadAction","target":["https:\/\/www.certifiedcosmetics.com\/de\/product\/wirksamkeitstests\/hauttest\/spf-labortest-in-vitro-sonnenschutzfaktor\/"]}]},{"@type":"ImageObject","inLanguage":"de","@id":"https:\/\/www.certifiedcosmetics.com\/de\/product\/wirksamkeitstests\/hauttest\/spf-labortest-in-vitro-sonnenschutzfaktor\/#primaryimage","url":"https:\/\/www.certifiedcosmetics.com\/wp-content\/uploads\/2024\/11\/5-2.png","contentUrl":"https:\/\/www.certifiedcosmetics.com\/wp-content\/uploads\/2024\/11\/5-2.png","width":400,"height":400},{"@type":"BreadcrumbList","@id":"https:\/\/www.certifiedcosmetics.com\/de\/product\/wirksamkeitstests\/hauttest\/spf-labortest-in-vitro-sonnenschutzfaktor\/#breadcrumb","itemListElement":[{"@type":"ListItem","position":1,"name":"Home","item":"https:\/\/www.certifiedcosmetics.com\/de\/"},{"@type":"ListItem","position":2,"name":"Shop","item":"https:\/\/www.certifiedcosmetics.com\/de\/shop-2\/"},{"@type":"ListItem","position":3,"name":"SPF Labortest In Vitro &#8211; Sonnenschutzfaktor"}]},{"@type":"WebSite","@id":"https:\/\/www.certifiedcosmetics.com\/de\/#website","url":"https:\/\/www.certifiedcosmetics.com\/de\/","name":"Certified Cosmetics","description":"Cosmetic Safety Assessment","publisher":{"@id":"https:\/\/www.certifiedcosmetics.com\/de\/#organization"},"potentialAction":[{"@type":"SearchAction","target":{"@type":"EntryPoint","urlTemplate":"https:\/\/www.certifiedcosmetics.com\/de\/?s={search_term_string}"},"query-input":{"@type":"PropertyValueSpecification","valueRequired":true,"valueName":"search_term_string"}}],"inLanguage":"de"},{"@type":"Organization","@id":"https:\/\/www.certifiedcosmetics.com\/de\/#organization","name":"Certified Cosmetics","url":"https:\/\/www.certifiedcosmetics.com\/de\/","logo":{"@type":"ImageObject","inLanguage":"de","@id":"https:\/\/www.certifiedcosmetics.com\/de\/#\/schema\/logo\/image\/","url":"https:\/\/www.certifiedcosmetics.com\/wp-content\/uploads\/2024\/12\/logo_certified_cosmetics696.jpg","contentUrl":"https:\/\/www.certifiedcosmetics.com\/wp-content\/uploads\/2024\/12\/logo_certified_cosmetics696.jpg","width":696,"height":696,"caption":"Certified Cosmetics"},"image":{"@id":"https:\/\/www.certifiedcosmetics.com\/de\/#\/schema\/logo\/image\/"},"description":"Your trusted partner for cosmetic product safety reporting. We take care of updating all of your documentation, ensuring your compliance stays current even as regulations evolve. The Cosmetic Product Safety Assessment will give you everything you need to sell specific products to EU consumers.","email":"contact@certifiedcosmetics.com","telephone":"+31 36 2036384","legalName":"Certified Cosmetics","foundingDate":"2010-01-01","vatID":"NL854189543B01","numberOfEmployees":{"@type":"QuantitativeValue","minValue":"11","maxValue":"50"}}]},"product_price_amount":"529.62","product_price_currency":"USD","og_availability":"instock","product_availability":"instock","product_retailer_item_id":"CC100141","product_condition":"new"},"_links":{"self":[{"href":"https:\/\/www.certifiedcosmetics.com\/de\/wp-json\/wp\/v2\/product\/12598","targetHints":{"allow":["GET"]}}],"collection":[{"href":"https:\/\/www.certifiedcosmetics.com\/de\/wp-json\/wp\/v2\/product"}],"about":[{"href":"https:\/\/www.certifiedcosmetics.com\/de\/wp-json\/wp\/v2\/types\/product"}],"wp:featuredmedia":[{"embeddable":true,"href":"https:\/\/www.certifiedcosmetics.com\/de\/wp-json\/wp\/v2\/media\/10117"}],"wp:attachment":[{"href":"https:\/\/www.certifiedcosmetics.com\/de\/wp-json\/wp\/v2\/media?parent=12598"}],"wp:term":[{"taxonomy":"product_brand","embeddable":true,"href":"https:\/\/www.certifiedcosmetics.com\/de\/wp-json\/wp\/v2\/product_brand?post=12598"},{"taxonomy":"product_cat","embeddable":true,"href":"https:\/\/www.certifiedcosmetics.com\/de\/wp-json\/wp\/v2\/product_cat?post=12598"},{"taxonomy":"product_tag","embeddable":true,"href":"https:\/\/www.certifiedcosmetics.com\/de\/wp-json\/wp\/v2\/product_tag?post=12598"}],"curies":[{"name":"wp","href":"https:\/\/api.w.org\/{rel}","templated":true}]}}