{"id":12463,"date":"2025-07-08T18:19:50","date_gmt":"2025-07-08T17:19:50","guid":{"rendered":"https:\/\/www.certifiedcosmetics.com\/product\/uncategorized\/glanz-des-haartests\/"},"modified":"2025-07-08T18:19:50","modified_gmt":"2025-07-08T17:19:50","slug":"glanz-des-haartests","status":"publish","type":"product","link":"https:\/\/www.certifiedcosmetics.com\/de\/product\/wirksamkeitstests\/haartest\/glanz-des-haartests\/","title":{"rendered":"Glanz des Haartests"},"content":{"rendered":"<p data-start=\"66\" data-end=\"436\">Der Haarglanz ist ein wichtiger Indikator f\u00fcr die Gesundheit des Haares, die Produktleistung und die Zufriedenheit der Verbraucher &#8211; insbesondere bei Formulierungen wie Conditionern, Seren und \u00d6len. Um den Glanz wissenschaftlich und reproduzierbar zu bewerten, werden in der Regel zwei Arten von Tests durchgef\u00fchrt: instrumentelle Tests mit einem <strong data-start=\"354\" data-end=\"369\">Glanzmessger\u00e4t<\/strong> und <strong data-start=\"375\" data-end=\"435\">Tests in der Anwendung mit Verbraucherpanels oder geschulten Pr\u00fcfern<\/strong>. <\/p>\n<h2 data-start=\"443\" data-end=\"498\"><strong data-start=\"448\" data-end=\"498\">Glossymeter-Messung (instrumenteller Test)<\/strong><\/h2>\n<p data-start=\"500\" data-end=\"757\">Das <strong data-start=\"504\" data-end=\"519\">Glossymeter<\/strong> ist ein Pr\u00e4zisionsger\u00e4t zur <strong data-start=\"550\" data-end=\"576\">Bestimmung des Oberfl\u00e4chenglanzes<\/strong> durch Messung der Lichtreflexion auf der Haaroberfl\u00e4che. Der Test wird unter kontrollierten Laborbedingungen durchgef\u00fchrt, um \u00e4u\u00dfere Einfl\u00fcsse wie Licht oder Feuchtigkeit auszuschlie\u00dfen. <\/p>\n<p data-start=\"759\" data-end=\"776\"><strong data-start=\"759\" data-end=\"776\">So funktioniert es:<\/strong><\/p>\n<ul data-start=\"777\" data-end=\"1123\">\n<li data-start=\"777\" data-end=\"878\">\n<p data-start=\"779\" data-end=\"878\">Saubere oder behandelte Haarstr\u00e4hnen (Haarb\u00fcndel) werden vorbereitet und in L\u00e4nge und Gewicht genormt.<\/p>\n<\/li>\n<li data-start=\"879\" data-end=\"952\">\n<p data-start=\"881\" data-end=\"952\">Ein Lichtstrahl wird in einem bestimmten Winkel auf die Haaroberfl\u00e4che projiziert.<\/p>\n<\/li>\n<li data-start=\"953\" data-end=\"1028\">\n<p data-start=\"955\" data-end=\"1028\">Das Ger\u00e4t misst die Intensit\u00e4t des im Spiegelwinkel reflektierten Lichts.<\/p>\n<\/li>\n<li data-start=\"1029\" data-end=\"1123\">\n<p data-start=\"1031\" data-end=\"1123\">Das Ergebnis wird in <strong data-start=\"1058\" data-end=\"1078\">Glanzeinheiten (GU)<\/strong> ausgedr\u00fcckt, wobei h\u00f6here Werte f\u00fcr gl\u00e4nzenderes Haar stehen.<\/p>\n<\/li>\n<\/ul>\n<p data-start=\"1125\" data-end=\"1142\"><strong data-start=\"1125\" data-end=\"1142\">Anwendungen:<\/strong><\/p>\n<ul data-start=\"1143\" data-end=\"1343\">\n<li data-start=\"1143\" data-end=\"1221\">\n<p data-start=\"1145\" data-end=\"1221\">Vergleich der Behandlung vor und nach der Behandlung (z. B. Shampoo, Sp\u00fclung, Haar\u00f6l).<\/p>\n<\/li>\n<li data-start=\"1222\" data-end=\"1285\">\n<p data-start=\"1224\" data-end=\"1285\">Bewertung von Langzeiteffekten (z. B. nach mehreren Waschg\u00e4ngen).<\/p>\n<\/li>\n<li data-start=\"1286\" data-end=\"1343\">\n<p data-start=\"1288\" data-end=\"1343\">Benchmarking neuer Formulierungen mit Marktstandards.<\/p>\n<\/li>\n<\/ul>\n<h2 data-start=\"1350\" data-end=\"1403\"><strong data-start=\"1355\" data-end=\"1403\">Bewertung des Glanzes in der Anwendung (subjektiver Test)<\/strong><\/h2>\n<p data-start=\"1405\" data-end=\"1556\">Eine <strong data-start=\"1408\" data-end=\"1423\">Gebrauchspr\u00fcfung<\/strong> wird oft mit einem <strong data-start=\"1450\" data-end=\"1487\">Verbraucherpanel oder geschulten Experten<\/strong> durchgef\u00fchrt, die den Glanz nach dem Gebrauch des Produkts unter normalen Bedingungen bewerten.<\/p>\n<p data-start=\"1558\" data-end=\"1572\"><strong data-start=\"1558\" data-end=\"1572\">Verfahren:<\/strong><\/p>\n<ul data-start=\"1573\" data-end=\"1901\">\n<li data-start=\"1573\" data-end=\"1675\">\n<p data-start=\"1575\" data-end=\"1675\">Die Freiwilligen waschen und behandeln ihr Haar mit einem bestimmten Produkt f\u00fcr einen bestimmten Zeitraum (oft 1-4 Wochen).<\/p>\n<\/li>\n<li data-start=\"1676\" data-end=\"1834\">\n<p data-start=\"1678\" data-end=\"1834\">Der Glanz wird unter standardisierter Beleuchtung visuell beurteilt, oft durch den Vergleich mit Referenzbildern oder mithilfe einer Likert-Skala (z. B. von &#8220;stumpf&#8221; bis &#8220;sehr gl\u00e4nzend&#8221;).<\/p>\n<\/li>\n<li data-start=\"1835\" data-end=\"1901\">\n<p data-start=\"1837\" data-end=\"1901\">Bei einigen Tests werden Fotos gemacht und von verblendeten Experten bewertet.<\/p>\n<\/li>\n<\/ul>\n<p data-start=\"1903\" data-end=\"1916\"><strong data-start=\"1903\" data-end=\"1916\">Vorteile:<\/strong><\/p>\n<ul data-start=\"1917\" data-end=\"2105\">\n<li data-start=\"1917\" data-end=\"1958\">\n<p data-start=\"1919\" data-end=\"1958\">Spiegelt die Leistung des Produkts in der Praxis wider.<\/p>\n<\/li>\n<li data-start=\"1959\" data-end=\"2042\">\n<p data-start=\"1961\" data-end=\"2042\">Kombiniert den visuellen Eindruck mit dem Nutzererlebnis (Ber\u00fchrung, Weichheit, Handhabbarkeit).<\/p>\n<\/li>\n<li data-start=\"2043\" data-end=\"2105\">\n<p data-start=\"2045\" data-end=\"2105\">Kann f\u00fcr eine vollst\u00e4ndige Validierung mit instrumentellen Tests gekoppelt werden.<\/p>\n<\/li>\n<\/ul>\n<h2 data-start=\"2112\" data-end=\"2129\">Zusammenfassende Tabelle<\/h2>\n<div class=\"_tableContainer_80l1q_1\">\n<div class=\"_tableWrapper_80l1q_14 group flex w-fit flex-col-reverse\" tabindex=\"-1\">\n<table class=\"w-fit min-w-(--thread-content-width)\" data-start=\"2131\" data-end=\"2589\">\n<thead data-start=\"2131\" data-end=\"2244\">\n<tr data-start=\"2131\" data-end=\"2244\">\n<th data-start=\"2131\" data-end=\"2154\" data-col-size=\"sm\">Test Typ<\/th>\n<th data-start=\"2154\" data-end=\"2187\" data-col-size=\"sm\">Methode<\/th>\n<th data-start=\"2187\" data-end=\"2203\" data-col-size=\"sm\">Ausgabe<\/th>\n<th data-start=\"2203\" data-end=\"2244\" data-col-size=\"sm\">Anwendungsfall<\/th>\n<\/tr>\n<\/thead>\n<tbody data-start=\"2359\" data-end=\"2589\">\n<tr data-start=\"2359\" data-end=\"2473\">\n<td data-start=\"2359\" data-end=\"2382\" data-col-size=\"sm\"><strong data-start=\"2361\" data-end=\"2381\">Glossymeter-Test<\/strong><\/td>\n<td data-col-size=\"sm\" data-start=\"2382\" data-end=\"2415\">Misst die Lichtreflexion<\/td>\n<td data-col-size=\"sm\" data-start=\"2415\" data-end=\"2431\">Glanzeinheiten<\/td>\n<td data-col-size=\"sm\" data-start=\"2431\" data-end=\"2473\">Objektive Messung des Glanzes<\/td>\n<\/tr>\n<tr data-start=\"2474\" data-end=\"2589\">\n<td data-start=\"2474\" data-end=\"2497\" data-col-size=\"sm\"><strong data-start=\"2476\" data-end=\"2497\">In-Use Panel Test<\/strong><\/td>\n<td data-col-size=\"sm\" data-start=\"2497\" data-end=\"2532\">Menschliche Bewertung (visuell\/taktil)<\/td>\n<td data-col-size=\"sm\" data-start=\"2532\" data-end=\"2547\">Bewertung des Glanzes<\/td>\n<td data-col-size=\"sm\" data-start=\"2547\" data-end=\"2589\">Vom Verbraucher wahrgenommener Glanz und Erfahrung<\/td>\n<\/tr>\n<\/tbody>\n<\/table>\n<\/div>\n<\/div>\n","protected":false},"excerpt":{"rendered":"<p>Der Haarglanz ist ein wichtiger Indikator f\u00fcr die Gesundheit des Haares, die Produktleistung und die Zufriedenheit der Verbraucher &#8211; insbesondere bei Formulierungen wie Conditionern, Seren und \u00d6len. Um den Glanz wissenschaftlich und reproduzierbar zu bewerten, werden in der Regel zwei Arten von Tests durchgef\u00fchrt: instrumentelle Tests mit einem Glanzmessger\u00e4t und Tests in der Anwendung mit&#8230;<\/p>\n","protected":false},"featured_media":12448,"template":"","meta":[],"product_brand":[],"product_cat":[129,127],"product_tag":[],"class_list":{"0":"post-12463","1":"product","2":"type-product","3":"status-publish","4":"has-post-thumbnail","6":"product_cat-haartest","7":"product_cat-wirksamkeitstests","9":"first","10":"instock","11":"taxable","12":"shipping-taxable","13":"purchasable","14":"product-type-variable","15":"has-default-attributes"},"bundled_by":[],"bundle_stock_status":"instock","bundle_stock_quantity":null,"bundle_virtual":false,"bundle_layout":"","bundle_add_to_cart_form_location":"","bundle_editable_in_cart":false,"bundle_sold_individually_context":"","bundle_item_grouping":"","bundle_min_size":"","bundle_max_size":"","bundle_price":[],"bundled_items":[],"bundle_sell_ids":[],"yoast_head":"<!-- This site is optimized with the Yoast SEO Premium plugin v25.4 (Yoast SEO v25.4) - https:\/\/yoast.com\/wordpress\/plugins\/seo\/ -->\n<title>Glanz des Haartests - Certified Cosmetics<\/title>\n<meta name=\"description\" content=\"Um den Glanz wissenschaftlich und reproduzierbar zu bewerten, werden in der Regel zwei Arten von Tests durchgef\u00fchrt: instrumentelle Tests mit einem Glossymeter und Praxistests mit Verbraucherpanels oder geschulten Pr\u00fcfern.\" \/>\n<meta name=\"robots\" content=\"index, follow, max-snippet:-1, max-image-preview:large, max-video-preview:-1\" \/>\n<link rel=\"canonical\" href=\"https:\/\/www.certifiedcosmetics.com\/de\/product\/wirksamkeitstests\/haartest\/glanz-des-haartests\/\" \/>\n<meta property=\"og:locale\" content=\"de_DE\" \/>\n<meta property=\"og:type\" content=\"article\" \/>\n<meta property=\"og:title\" content=\"Glanz des Haartests\" \/>\n<meta property=\"og:description\" content=\"Um den Glanz wissenschaftlich und reproduzierbar zu bewerten, werden in der Regel zwei Arten von Tests durchgef\u00fchrt: instrumentelle Tests mit einem Glossymeter und Praxistests mit Verbraucherpanels oder geschulten Pr\u00fcfern.\" \/>\n<meta property=\"og:url\" content=\"https:\/\/www.certifiedcosmetics.com\/de\/product\/wirksamkeitstests\/haartest\/glanz-des-haartests\/\" \/>\n<meta property=\"og:site_name\" content=\"Certified Cosmetics\" \/>\n<meta property=\"og:image\" content=\"https:\/\/www.certifiedcosmetics.com\/wp-content\/uploads\/2025\/07\/shine.jpg\" \/>\n\t<meta property=\"og:image:width\" content=\"800\" \/>\n\t<meta property=\"og:image:height\" content=\"800\" \/>\n\t<meta property=\"og:image:type\" content=\"image\/jpeg\" \/>\n<meta name=\"twitter:card\" content=\"summary_large_image\" \/>\n<meta name=\"twitter:label1\" content=\"Verf\u00fcgbarkeit\" \/>\n\t<meta name=\"twitter:data1\" content=\"Auf Lager\" \/>\n<script type=\"application\/ld+json\" class=\"yoast-schema-graph\">{\"@context\":\"https:\/\/schema.org\",\"@graph\":[{\"@type\":\"WebPage\",\"@id\":\"https:\/\/www.certifiedcosmetics.com\/de\/product\/wirksamkeitstests\/haartest\/glanz-des-haartests\/\",\"url\":\"https:\/\/www.certifiedcosmetics.com\/de\/product\/wirksamkeitstests\/haartest\/glanz-des-haartests\/\",\"name\":\"Glanz des Haartests - Certified Cosmetics\",\"isPartOf\":{\"@id\":\"https:\/\/www.certifiedcosmetics.com\/de\/#website\"},\"primaryImageOfPage\":{\"@id\":\"https:\/\/www.certifiedcosmetics.com\/de\/product\/wirksamkeitstests\/haartest\/glanz-des-haartests\/#primaryimage\"},\"image\":{\"@id\":\"https:\/\/www.certifiedcosmetics.com\/de\/product\/wirksamkeitstests\/haartest\/glanz-des-haartests\/#primaryimage\"},\"thumbnailUrl\":\"https:\/\/www.certifiedcosmetics.com\/wp-content\/uploads\/2025\/07\/shine.jpg\",\"datePublished\":\"2025-07-08T17:19:50+00:00\",\"description\":\"Um den Glanz wissenschaftlich und reproduzierbar zu bewerten, werden in der Regel zwei Arten von Tests durchgef\u00fchrt: instrumentelle Tests mit einem Glossymeter und Praxistests mit Verbraucherpanels oder geschulten Pr\u00fcfern.\",\"breadcrumb\":{\"@id\":\"https:\/\/www.certifiedcosmetics.com\/de\/product\/wirksamkeitstests\/haartest\/glanz-des-haartests\/#breadcrumb\"},\"inLanguage\":\"de\",\"potentialAction\":[{\"@type\":\"ReadAction\",\"target\":[\"https:\/\/www.certifiedcosmetics.com\/de\/product\/wirksamkeitstests\/haartest\/glanz-des-haartests\/\"]}]},{\"@type\":\"ImageObject\",\"inLanguage\":\"de\",\"@id\":\"https:\/\/www.certifiedcosmetics.com\/de\/product\/wirksamkeitstests\/haartest\/glanz-des-haartests\/#primaryimage\",\"url\":\"https:\/\/www.certifiedcosmetics.com\/wp-content\/uploads\/2025\/07\/shine.jpg\",\"contentUrl\":\"https:\/\/www.certifiedcosmetics.com\/wp-content\/uploads\/2025\/07\/shine.jpg\",\"width\":800,\"height\":800},{\"@type\":\"BreadcrumbList\",\"@id\":\"https:\/\/www.certifiedcosmetics.com\/de\/product\/wirksamkeitstests\/haartest\/glanz-des-haartests\/#breadcrumb\",\"itemListElement\":[{\"@type\":\"ListItem\",\"position\":1,\"name\":\"Home\",\"item\":\"https:\/\/www.certifiedcosmetics.com\/de\/\"},{\"@type\":\"ListItem\",\"position\":2,\"name\":\"Shop\",\"item\":\"https:\/\/www.certifiedcosmetics.com\/de\/shop-2\/\"},{\"@type\":\"ListItem\",\"position\":3,\"name\":\"Glanz des Haartests\"}]},{\"@type\":\"WebSite\",\"@id\":\"https:\/\/www.certifiedcosmetics.com\/de\/#website\",\"url\":\"https:\/\/www.certifiedcosmetics.com\/de\/\",\"name\":\"Certified Cosmetics\",\"description\":\"Cosmetic Safety Assessment\",\"publisher\":{\"@id\":\"https:\/\/www.certifiedcosmetics.com\/de\/#organization\"},\"potentialAction\":[{\"@type\":\"SearchAction\",\"target\":{\"@type\":\"EntryPoint\",\"urlTemplate\":\"https:\/\/www.certifiedcosmetics.com\/de\/?s={search_term_string}\"},\"query-input\":{\"@type\":\"PropertyValueSpecification\",\"valueRequired\":true,\"valueName\":\"search_term_string\"}}],\"inLanguage\":\"de\"},{\"@type\":\"Organization\",\"@id\":\"https:\/\/www.certifiedcosmetics.com\/de\/#organization\",\"name\":\"Certified Cosmetics\",\"url\":\"https:\/\/www.certifiedcosmetics.com\/de\/\",\"logo\":{\"@type\":\"ImageObject\",\"inLanguage\":\"de\",\"@id\":\"https:\/\/www.certifiedcosmetics.com\/de\/#\/schema\/logo\/image\/\",\"url\":\"https:\/\/www.certifiedcosmetics.com\/wp-content\/uploads\/2024\/12\/logo_certified_cosmetics696.jpg\",\"contentUrl\":\"https:\/\/www.certifiedcosmetics.com\/wp-content\/uploads\/2024\/12\/logo_certified_cosmetics696.jpg\",\"width\":696,\"height\":696,\"caption\":\"Certified Cosmetics\"},\"image\":{\"@id\":\"https:\/\/www.certifiedcosmetics.com\/de\/#\/schema\/logo\/image\/\"},\"description\":\"Your trusted partner for cosmetic product safety reporting. We take care of updating all of your documentation, ensuring your compliance stays current even as regulations evolve. The Cosmetic Product Safety Assessment will give you everything you need to sell specific products to EU consumers.\",\"email\":\"contact@certifiedcosmetics.com\",\"telephone\":\"+31 36 2036384\",\"legalName\":\"Certified Cosmetics\",\"foundingDate\":\"2010-01-01\",\"vatID\":\"NL854189543B01\",\"numberOfEmployees\":{\"@type\":\"QuantitativeValue\",\"minValue\":\"11\",\"maxValue\":\"50\"}}]}<\/script>\n<meta property=\"og:availability\" content=\"instock\" \/>\n<meta property=\"product:availability\" content=\"instock\" \/>\n<meta property=\"product:condition\" content=\"new\" \/>\n<!-- \/ Yoast SEO Premium plugin. -->","yoast_head_json":{"title":"Glanz des Haartests - Certified Cosmetics","description":"Um den Glanz wissenschaftlich und reproduzierbar zu bewerten, werden in der Regel zwei Arten von Tests durchgef\u00fchrt: instrumentelle Tests mit einem Glossymeter und Praxistests mit Verbraucherpanels oder geschulten Pr\u00fcfern.","robots":{"index":"index","follow":"follow","max-snippet":"max-snippet:-1","max-image-preview":"max-image-preview:large","max-video-preview":"max-video-preview:-1"},"canonical":"https:\/\/www.certifiedcosmetics.com\/de\/product\/wirksamkeitstests\/haartest\/glanz-des-haartests\/","og_locale":"de_DE","og_type":"article","og_title":"Glanz des Haartests","og_description":"Um den Glanz wissenschaftlich und reproduzierbar zu bewerten, werden in der Regel zwei Arten von Tests durchgef\u00fchrt: instrumentelle Tests mit einem Glossymeter und Praxistests mit Verbraucherpanels oder geschulten Pr\u00fcfern.","og_url":"https:\/\/www.certifiedcosmetics.com\/de\/product\/wirksamkeitstests\/haartest\/glanz-des-haartests\/","og_site_name":"Certified Cosmetics","og_image":[{"width":800,"height":800,"url":"https:\/\/www.certifiedcosmetics.com\/wp-content\/uploads\/2025\/07\/shine.jpg","type":"image\/jpeg"}],"twitter_card":"summary_large_image","twitter_misc":{"Verf\u00fcgbarkeit":"Auf Lager"},"schema":{"@context":"https:\/\/schema.org","@graph":[{"@type":"WebPage","@id":"https:\/\/www.certifiedcosmetics.com\/de\/product\/wirksamkeitstests\/haartest\/glanz-des-haartests\/","url":"https:\/\/www.certifiedcosmetics.com\/de\/product\/wirksamkeitstests\/haartest\/glanz-des-haartests\/","name":"Glanz des Haartests - Certified Cosmetics","isPartOf":{"@id":"https:\/\/www.certifiedcosmetics.com\/de\/#website"},"primaryImageOfPage":{"@id":"https:\/\/www.certifiedcosmetics.com\/de\/product\/wirksamkeitstests\/haartest\/glanz-des-haartests\/#primaryimage"},"image":{"@id":"https:\/\/www.certifiedcosmetics.com\/de\/product\/wirksamkeitstests\/haartest\/glanz-des-haartests\/#primaryimage"},"thumbnailUrl":"https:\/\/www.certifiedcosmetics.com\/wp-content\/uploads\/2025\/07\/shine.jpg","datePublished":"2025-07-08T17:19:50+00:00","description":"Um den Glanz wissenschaftlich und reproduzierbar zu bewerten, werden in der Regel zwei Arten von Tests durchgef\u00fchrt: instrumentelle Tests mit einem Glossymeter und Praxistests mit Verbraucherpanels oder geschulten Pr\u00fcfern.","breadcrumb":{"@id":"https:\/\/www.certifiedcosmetics.com\/de\/product\/wirksamkeitstests\/haartest\/glanz-des-haartests\/#breadcrumb"},"inLanguage":"de","potentialAction":[{"@type":"ReadAction","target":["https:\/\/www.certifiedcosmetics.com\/de\/product\/wirksamkeitstests\/haartest\/glanz-des-haartests\/"]}]},{"@type":"ImageObject","inLanguage":"de","@id":"https:\/\/www.certifiedcosmetics.com\/de\/product\/wirksamkeitstests\/haartest\/glanz-des-haartests\/#primaryimage","url":"https:\/\/www.certifiedcosmetics.com\/wp-content\/uploads\/2025\/07\/shine.jpg","contentUrl":"https:\/\/www.certifiedcosmetics.com\/wp-content\/uploads\/2025\/07\/shine.jpg","width":800,"height":800},{"@type":"BreadcrumbList","@id":"https:\/\/www.certifiedcosmetics.com\/de\/product\/wirksamkeitstests\/haartest\/glanz-des-haartests\/#breadcrumb","itemListElement":[{"@type":"ListItem","position":1,"name":"Home","item":"https:\/\/www.certifiedcosmetics.com\/de\/"},{"@type":"ListItem","position":2,"name":"Shop","item":"https:\/\/www.certifiedcosmetics.com\/de\/shop-2\/"},{"@type":"ListItem","position":3,"name":"Glanz des Haartests"}]},{"@type":"WebSite","@id":"https:\/\/www.certifiedcosmetics.com\/de\/#website","url":"https:\/\/www.certifiedcosmetics.com\/de\/","name":"Certified Cosmetics","description":"Cosmetic Safety Assessment","publisher":{"@id":"https:\/\/www.certifiedcosmetics.com\/de\/#organization"},"potentialAction":[{"@type":"SearchAction","target":{"@type":"EntryPoint","urlTemplate":"https:\/\/www.certifiedcosmetics.com\/de\/?s={search_term_string}"},"query-input":{"@type":"PropertyValueSpecification","valueRequired":true,"valueName":"search_term_string"}}],"inLanguage":"de"},{"@type":"Organization","@id":"https:\/\/www.certifiedcosmetics.com\/de\/#organization","name":"Certified Cosmetics","url":"https:\/\/www.certifiedcosmetics.com\/de\/","logo":{"@type":"ImageObject","inLanguage":"de","@id":"https:\/\/www.certifiedcosmetics.com\/de\/#\/schema\/logo\/image\/","url":"https:\/\/www.certifiedcosmetics.com\/wp-content\/uploads\/2024\/12\/logo_certified_cosmetics696.jpg","contentUrl":"https:\/\/www.certifiedcosmetics.com\/wp-content\/uploads\/2024\/12\/logo_certified_cosmetics696.jpg","width":696,"height":696,"caption":"Certified Cosmetics"},"image":{"@id":"https:\/\/www.certifiedcosmetics.com\/de\/#\/schema\/logo\/image\/"},"description":"Your trusted partner for cosmetic product safety reporting. We take care of updating all of your documentation, ensuring your compliance stays current even as regulations evolve. The Cosmetic Product Safety Assessment will give you everything you need to sell specific products to EU consumers.","email":"contact@certifiedcosmetics.com","telephone":"+31 36 2036384","legalName":"Certified Cosmetics","foundingDate":"2010-01-01","vatID":"NL854189543B01","numberOfEmployees":{"@type":"QuantitativeValue","minValue":"11","maxValue":"50"}}]},"og_availability":"instock","product_availability":"instock","product_condition":"new"},"_links":{"self":[{"href":"https:\/\/www.certifiedcosmetics.com\/de\/wp-json\/wp\/v2\/product\/12463","targetHints":{"allow":["GET"]}}],"collection":[{"href":"https:\/\/www.certifiedcosmetics.com\/de\/wp-json\/wp\/v2\/product"}],"about":[{"href":"https:\/\/www.certifiedcosmetics.com\/de\/wp-json\/wp\/v2\/types\/product"}],"wp:featuredmedia":[{"embeddable":true,"href":"https:\/\/www.certifiedcosmetics.com\/de\/wp-json\/wp\/v2\/media\/12448"}],"wp:attachment":[{"href":"https:\/\/www.certifiedcosmetics.com\/de\/wp-json\/wp\/v2\/media?parent=12463"}],"wp:term":[{"taxonomy":"product_brand","embeddable":true,"href":"https:\/\/www.certifiedcosmetics.com\/de\/wp-json\/wp\/v2\/product_brand?post=12463"},{"taxonomy":"product_cat","embeddable":true,"href":"https:\/\/www.certifiedcosmetics.com\/de\/wp-json\/wp\/v2\/product_cat?post=12463"},{"taxonomy":"product_tag","embeddable":true,"href":"https:\/\/www.certifiedcosmetics.com\/de\/wp-json\/wp\/v2\/product_tag?post=12463"}],"curies":[{"name":"wp","href":"https:\/\/api.w.org\/{rel}","templated":true}]}}