{"id":12358,"date":"2025-07-04T16:07:48","date_gmt":"2025-07-04T15:07:48","guid":{"rendered":"https:\/\/www.certifiedcosmetics.com\/product\/unkategorisiert\/mineraloelnachweis-mineraloelfreie-anspruchspruefung\/"},"modified":"2025-07-04T16:07:48","modified_gmt":"2025-07-04T15:07:48","slug":"mineraloelnachweis-mineraloelfreie-anspruchspruefung","status":"publish","type":"product","link":"https:\/\/www.certifiedcosmetics.com\/de\/product\/uberprufung-von-angaben-und-inhaltsstoffen\/mineraloelnachweis-mineraloelfreie-anspruchspruefung\/","title":{"rendered":"Mineral\u00f6lnachweis &#8211; Mineral\u00f6lfreie Anspruchspr\u00fcfung"},"content":{"rendered":"<h2>Was ist Mineral\u00f6l?<\/h2>\n<p>Mineral\u00f6l ist ein farbloses, geruchloses Nebenprodukt der Erd\u00f6ldestillation, das in Kosmetika h\u00e4ufig als Feuchtigkeitsspender und Okklusivmittel verwendet wird. Obwohl es im Allgemeinen unbedenklich ist, ziehen es manche Verbraucher\/innen vor, es zugunsten von \u00d6len auf pflanzlicher Basis zu vermeiden, oder weil sie Bedenken haben, dass es sich schlecht anf\u00fchlt oder nicht atmungsaktiv ist. <\/p>\n<h2>Warum ist das Aufsp\u00fcren von Mineral\u00f6l wichtig?<\/h2>\n<p>Verbraucher, die auf der Suche nach leichteren, nicht komedogenen oder &#8220;nat\u00fcrlichen&#8221; Formulierungen sind, suchen oft nach Produkten, die kein Mineral\u00f6l enthalten. Dieser Service hilft dir dabei: <\/p>\n<ul>\n<li><strong>\u00dcberpr\u00fcfe die Behauptung &#8220;mineral\u00f6lfrei&#8221;:<\/strong> Bestimme genau, ob deine Produkte Mineral\u00f6l enthalten oder nicht.<\/li>\n<li><strong>Spezifische Verbraucher ansprechen:<\/strong> Sprechen Sie die Verbraucher an, die aktiv nach alternativen feuchtigkeitsspendenden Inhaltsstoffen suchen.<\/li>\n<li>Unterst\u00fctzt die Anforderungen des Marktes: Unterstreiche das Engagement deiner Marke f\u00fcr bestimmte Inhaltsstoffprofile.<\/li>\n<\/ul>\n<h2>Mineral\u00f6l-Nachweis<\/h2>\n<p>Unser Labor stellt genau fest, ob deine Produkte Mineral\u00f6l enthalten oder nicht. Diese Analyse hilft Marken dabei, ihre Auslobung &#8220;mineral\u00f6lfrei&#8221; zu untermauern, bestimmte Verbraucherpr\u00e4ferenzen anzusprechen und eine saubere Sch\u00f6nheitspositionierung zu unterst\u00fctzen. Z\u00f6gere nicht, uns zu kontaktieren, um die Qualit\u00e4t und Sicherheit deiner Produkte zu gew\u00e4hrleisten.  <\/p>\n<p>Z\u00f6gere nicht, uns zu kontaktieren, um sicherzustellen, dass deine Produkte die Marktanforderungen erf\u00fcllen und die Qualit\u00e4tserwartungen \u00fcbertreffen.<\/p>\n","protected":false},"excerpt":{"rendered":"<p>Was ist Mineral\u00f6l? Mineral\u00f6l ist ein farbloses, geruchloses Nebenprodukt der Erd\u00f6ldestillation, das in Kosmetika h\u00e4ufig als Feuchtigkeitsspender und Okklusivmittel verwendet wird. Obwohl es im Allgemeinen unbedenklich ist, ziehen es manche Verbraucher\/innen vor, es zugunsten von \u00d6len auf pflanzlicher Basis zu vermeiden, oder weil sie Bedenken haben, dass es sich schlecht anf\u00fchlt oder nicht atmungsaktiv ist&#8230;.<\/p>\n","protected":false},"featured_media":12160,"template":"","meta":[],"product_brand":[],"product_cat":[437],"product_tag":[],"class_list":{"0":"post-12358","1":"product","2":"type-product","3":"status-publish","4":"has-post-thumbnail","6":"product_cat-uberprufung-von-angaben-und-inhaltsstoffen","8":"first","9":"instock","10":"virtual","11":"taxable","12":"purchasable","13":"product-type-simple"},"bundled_by":[],"bundle_stock_status":"instock","bundle_stock_quantity":null,"bundle_virtual":false,"bundle_layout":"","bundle_add_to_cart_form_location":"","bundle_editable_in_cart":false,"bundle_sold_individually_context":"","bundle_item_grouping":"","bundle_min_size":"","bundle_max_size":"","bundle_price":[],"bundled_items":[],"bundle_sell_ids":[],"yoast_head":"<!-- This site is optimized with the Yoast SEO Premium plugin v25.4 (Yoast SEO v25.4) - https:\/\/yoast.com\/wordpress\/plugins\/seo\/ -->\n<title>Mineral\u00f6lnachweis - Mineral\u00f6lfreie Anspruchspr\u00fcfung<\/title>\n<meta name=\"description\" content=\"Unterst\u00fctze die Transparenz der Inhaltsstoffe und die \u00dcberpr\u00fcfung der Rezeptur, indem du die Abwesenheit von Mineral\u00f6len durch vertrauensw\u00fcrdige Labortests best\u00e4tigst.\" \/>\n<meta name=\"robots\" content=\"index, follow, max-snippet:-1, max-image-preview:large, max-video-preview:-1\" \/>\n<link rel=\"canonical\" href=\"https:\/\/www.certifiedcosmetics.com\/de\/product\/uberprufung-von-angaben-und-inhaltsstoffen\/mineraloelnachweis-mineraloelfreie-anspruchspruefung\/\" \/>\n<meta property=\"og:locale\" content=\"de_DE\" \/>\n<meta property=\"og:type\" content=\"article\" \/>\n<meta property=\"og:title\" content=\"Mineral\u00f6lnachweis - Mineral\u00f6lfreie Anspruchspr\u00fcfung\" \/>\n<meta property=\"og:description\" content=\"Unterst\u00fctze die Transparenz der Inhaltsstoffe und die \u00dcberpr\u00fcfung der Rezeptur, indem du die Abwesenheit von Mineral\u00f6len durch vertrauensw\u00fcrdige Labortests best\u00e4tigst.\" \/>\n<meta property=\"og:url\" content=\"https:\/\/www.certifiedcosmetics.com\/de\/product\/uberprufung-von-angaben-und-inhaltsstoffen\/mineraloelnachweis-mineraloelfreie-anspruchspruefung\/\" \/>\n<meta property=\"og:site_name\" content=\"Certified Cosmetics\" \/>\n<meta property=\"og:image\" content=\"https:\/\/www.certifiedcosmetics.com\/wp-content\/uploads\/2025\/07\/Mineral-Oil-Detection-Mineral-Oil-Free-Claim-Verification.jpg\" \/>\n\t<meta property=\"og:image:width\" content=\"800\" \/>\n\t<meta property=\"og:image:height\" content=\"800\" \/>\n\t<meta property=\"og:image:type\" content=\"image\/jpeg\" \/>\n<meta name=\"twitter:card\" content=\"summary_large_image\" \/>\n<meta name=\"twitter:label1\" content=\"Preis\" \/>\n\t<meta name=\"twitter:data1\" content=\"&#036;233.88\" \/>\n\t<meta name=\"twitter:label2\" content=\"Verf\u00fcgbarkeit\" \/>\n\t<meta name=\"twitter:data2\" content=\"Auf Lager\" \/>\n<script type=\"application\/ld+json\" class=\"yoast-schema-graph\">{\"@context\":\"https:\/\/schema.org\",\"@graph\":[{\"@type\":\"WebPage\",\"@id\":\"https:\/\/www.certifiedcosmetics.com\/de\/product\/uberprufung-von-angaben-und-inhaltsstoffen\/mineraloelnachweis-mineraloelfreie-anspruchspruefung\/\",\"url\":\"https:\/\/www.certifiedcosmetics.com\/de\/product\/uberprufung-von-angaben-und-inhaltsstoffen\/mineraloelnachweis-mineraloelfreie-anspruchspruefung\/\",\"name\":\"Mineral\u00f6lnachweis - Mineral\u00f6lfreie Anspruchspr\u00fcfung\",\"isPartOf\":{\"@id\":\"https:\/\/www.certifiedcosmetics.com\/de\/#website\"},\"primaryImageOfPage\":{\"@id\":\"https:\/\/www.certifiedcosmetics.com\/de\/product\/uberprufung-von-angaben-und-inhaltsstoffen\/mineraloelnachweis-mineraloelfreie-anspruchspruefung\/#primaryimage\"},\"image\":{\"@id\":\"https:\/\/www.certifiedcosmetics.com\/de\/product\/uberprufung-von-angaben-und-inhaltsstoffen\/mineraloelnachweis-mineraloelfreie-anspruchspruefung\/#primaryimage\"},\"thumbnailUrl\":\"https:\/\/www.certifiedcosmetics.com\/wp-content\/uploads\/2025\/07\/Mineral-Oil-Detection-Mineral-Oil-Free-Claim-Verification.jpg\",\"datePublished\":\"2025-07-04T15:07:48+00:00\",\"description\":\"Unterst\u00fctze die Transparenz der Inhaltsstoffe und die \u00dcberpr\u00fcfung der Rezeptur, indem du die Abwesenheit von Mineral\u00f6len durch vertrauensw\u00fcrdige Labortests best\u00e4tigst.\",\"breadcrumb\":{\"@id\":\"https:\/\/www.certifiedcosmetics.com\/de\/product\/uberprufung-von-angaben-und-inhaltsstoffen\/mineraloelnachweis-mineraloelfreie-anspruchspruefung\/#breadcrumb\"},\"inLanguage\":\"de\",\"potentialAction\":[{\"@type\":\"ReadAction\",\"target\":[\"https:\/\/www.certifiedcosmetics.com\/de\/product\/uberprufung-von-angaben-und-inhaltsstoffen\/mineraloelnachweis-mineraloelfreie-anspruchspruefung\/\"]}]},{\"@type\":\"ImageObject\",\"inLanguage\":\"de\",\"@id\":\"https:\/\/www.certifiedcosmetics.com\/de\/product\/uberprufung-von-angaben-und-inhaltsstoffen\/mineraloelnachweis-mineraloelfreie-anspruchspruefung\/#primaryimage\",\"url\":\"https:\/\/www.certifiedcosmetics.com\/wp-content\/uploads\/2025\/07\/Mineral-Oil-Detection-Mineral-Oil-Free-Claim-Verification.jpg\",\"contentUrl\":\"https:\/\/www.certifiedcosmetics.com\/wp-content\/uploads\/2025\/07\/Mineral-Oil-Detection-Mineral-Oil-Free-Claim-Verification.jpg\",\"width\":800,\"height\":800},{\"@type\":\"BreadcrumbList\",\"@id\":\"https:\/\/www.certifiedcosmetics.com\/de\/product\/uberprufung-von-angaben-und-inhaltsstoffen\/mineraloelnachweis-mineraloelfreie-anspruchspruefung\/#breadcrumb\",\"itemListElement\":[{\"@type\":\"ListItem\",\"position\":1,\"name\":\"Home\",\"item\":\"https:\/\/www.certifiedcosmetics.com\/de\/\"},{\"@type\":\"ListItem\",\"position\":2,\"name\":\"Shop\",\"item\":\"https:\/\/www.certifiedcosmetics.com\/de\/shop-2\/\"},{\"@type\":\"ListItem\",\"position\":3,\"name\":\"Mineral\u00f6lnachweis &#8211; Mineral\u00f6lfreie Anspruchspr\u00fcfung\"}]},{\"@type\":\"WebSite\",\"@id\":\"https:\/\/www.certifiedcosmetics.com\/de\/#website\",\"url\":\"https:\/\/www.certifiedcosmetics.com\/de\/\",\"name\":\"Certified Cosmetics\",\"description\":\"Cosmetic Safety Assessment\",\"publisher\":{\"@id\":\"https:\/\/www.certifiedcosmetics.com\/de\/#organization\"},\"potentialAction\":[{\"@type\":\"SearchAction\",\"target\":{\"@type\":\"EntryPoint\",\"urlTemplate\":\"https:\/\/www.certifiedcosmetics.com\/de\/?s={search_term_string}\"},\"query-input\":{\"@type\":\"PropertyValueSpecification\",\"valueRequired\":true,\"valueName\":\"search_term_string\"}}],\"inLanguage\":\"de\"},{\"@type\":\"Organization\",\"@id\":\"https:\/\/www.certifiedcosmetics.com\/de\/#organization\",\"name\":\"Certified Cosmetics\",\"url\":\"https:\/\/www.certifiedcosmetics.com\/de\/\",\"logo\":{\"@type\":\"ImageObject\",\"inLanguage\":\"de\",\"@id\":\"https:\/\/www.certifiedcosmetics.com\/de\/#\/schema\/logo\/image\/\",\"url\":\"https:\/\/www.certifiedcosmetics.com\/wp-content\/uploads\/2024\/12\/logo_certified_cosmetics696.jpg\",\"contentUrl\":\"https:\/\/www.certifiedcosmetics.com\/wp-content\/uploads\/2024\/12\/logo_certified_cosmetics696.jpg\",\"width\":696,\"height\":696,\"caption\":\"Certified Cosmetics\"},\"image\":{\"@id\":\"https:\/\/www.certifiedcosmetics.com\/de\/#\/schema\/logo\/image\/\"},\"description\":\"Your trusted partner for cosmetic product safety reporting. We take care of updating all of your documentation, ensuring your compliance stays current even as regulations evolve. The Cosmetic Product Safety Assessment will give you everything you need to sell specific products to EU consumers.\",\"email\":\"contact@certifiedcosmetics.com\",\"telephone\":\"+31 36 2036384\",\"legalName\":\"Certified Cosmetics\",\"foundingDate\":\"2010-01-01\",\"vatID\":\"NL854189543B01\",\"numberOfEmployees\":{\"@type\":\"QuantitativeValue\",\"minValue\":\"11\",\"maxValue\":\"50\"}}]}<\/script>\n<meta property=\"product:price:amount\" content=\"233.88\" \/>\n<meta property=\"product:price:currency\" content=\"USD\" \/>\n<meta property=\"og:availability\" content=\"instock\" \/>\n<meta property=\"product:availability\" content=\"instock\" \/>\n<meta property=\"product:retailer_item_id\" content=\"CC100092\" \/>\n<meta property=\"product:condition\" content=\"new\" \/>\n<!-- \/ Yoast SEO Premium plugin. -->","yoast_head_json":{"title":"Mineral\u00f6lnachweis - Mineral\u00f6lfreie Anspruchspr\u00fcfung","description":"Unterst\u00fctze die Transparenz der Inhaltsstoffe und die \u00dcberpr\u00fcfung der Rezeptur, indem du die Abwesenheit von Mineral\u00f6len durch vertrauensw\u00fcrdige Labortests best\u00e4tigst.","robots":{"index":"index","follow":"follow","max-snippet":"max-snippet:-1","max-image-preview":"max-image-preview:large","max-video-preview":"max-video-preview:-1"},"canonical":"https:\/\/www.certifiedcosmetics.com\/de\/product\/uberprufung-von-angaben-und-inhaltsstoffen\/mineraloelnachweis-mineraloelfreie-anspruchspruefung\/","og_locale":"de_DE","og_type":"article","og_title":"Mineral\u00f6lnachweis - Mineral\u00f6lfreie Anspruchspr\u00fcfung","og_description":"Unterst\u00fctze die Transparenz der Inhaltsstoffe und die \u00dcberpr\u00fcfung der Rezeptur, indem du die Abwesenheit von Mineral\u00f6len durch vertrauensw\u00fcrdige Labortests best\u00e4tigst.","og_url":"https:\/\/www.certifiedcosmetics.com\/de\/product\/uberprufung-von-angaben-und-inhaltsstoffen\/mineraloelnachweis-mineraloelfreie-anspruchspruefung\/","og_site_name":"Certified Cosmetics","og_image":[{"width":800,"height":800,"url":"https:\/\/www.certifiedcosmetics.com\/wp-content\/uploads\/2025\/07\/Mineral-Oil-Detection-Mineral-Oil-Free-Claim-Verification.jpg","type":"image\/jpeg"}],"twitter_card":"summary_large_image","twitter_misc":{"Preis":"&#36;233.88","Verf\u00fcgbarkeit":"Auf Lager"},"schema":{"@context":"https:\/\/schema.org","@graph":[{"@type":"WebPage","@id":"https:\/\/www.certifiedcosmetics.com\/de\/product\/uberprufung-von-angaben-und-inhaltsstoffen\/mineraloelnachweis-mineraloelfreie-anspruchspruefung\/","url":"https:\/\/www.certifiedcosmetics.com\/de\/product\/uberprufung-von-angaben-und-inhaltsstoffen\/mineraloelnachweis-mineraloelfreie-anspruchspruefung\/","name":"Mineral\u00f6lnachweis - Mineral\u00f6lfreie Anspruchspr\u00fcfung","isPartOf":{"@id":"https:\/\/www.certifiedcosmetics.com\/de\/#website"},"primaryImageOfPage":{"@id":"https:\/\/www.certifiedcosmetics.com\/de\/product\/uberprufung-von-angaben-und-inhaltsstoffen\/mineraloelnachweis-mineraloelfreie-anspruchspruefung\/#primaryimage"},"image":{"@id":"https:\/\/www.certifiedcosmetics.com\/de\/product\/uberprufung-von-angaben-und-inhaltsstoffen\/mineraloelnachweis-mineraloelfreie-anspruchspruefung\/#primaryimage"},"thumbnailUrl":"https:\/\/www.certifiedcosmetics.com\/wp-content\/uploads\/2025\/07\/Mineral-Oil-Detection-Mineral-Oil-Free-Claim-Verification.jpg","datePublished":"2025-07-04T15:07:48+00:00","description":"Unterst\u00fctze die Transparenz der Inhaltsstoffe und die \u00dcberpr\u00fcfung der Rezeptur, indem du die Abwesenheit von Mineral\u00f6len durch vertrauensw\u00fcrdige Labortests best\u00e4tigst.","breadcrumb":{"@id":"https:\/\/www.certifiedcosmetics.com\/de\/product\/uberprufung-von-angaben-und-inhaltsstoffen\/mineraloelnachweis-mineraloelfreie-anspruchspruefung\/#breadcrumb"},"inLanguage":"de","potentialAction":[{"@type":"ReadAction","target":["https:\/\/www.certifiedcosmetics.com\/de\/product\/uberprufung-von-angaben-und-inhaltsstoffen\/mineraloelnachweis-mineraloelfreie-anspruchspruefung\/"]}]},{"@type":"ImageObject","inLanguage":"de","@id":"https:\/\/www.certifiedcosmetics.com\/de\/product\/uberprufung-von-angaben-und-inhaltsstoffen\/mineraloelnachweis-mineraloelfreie-anspruchspruefung\/#primaryimage","url":"https:\/\/www.certifiedcosmetics.com\/wp-content\/uploads\/2025\/07\/Mineral-Oil-Detection-Mineral-Oil-Free-Claim-Verification.jpg","contentUrl":"https:\/\/www.certifiedcosmetics.com\/wp-content\/uploads\/2025\/07\/Mineral-Oil-Detection-Mineral-Oil-Free-Claim-Verification.jpg","width":800,"height":800},{"@type":"BreadcrumbList","@id":"https:\/\/www.certifiedcosmetics.com\/de\/product\/uberprufung-von-angaben-und-inhaltsstoffen\/mineraloelnachweis-mineraloelfreie-anspruchspruefung\/#breadcrumb","itemListElement":[{"@type":"ListItem","position":1,"name":"Home","item":"https:\/\/www.certifiedcosmetics.com\/de\/"},{"@type":"ListItem","position":2,"name":"Shop","item":"https:\/\/www.certifiedcosmetics.com\/de\/shop-2\/"},{"@type":"ListItem","position":3,"name":"Mineral\u00f6lnachweis &#8211; Mineral\u00f6lfreie Anspruchspr\u00fcfung"}]},{"@type":"WebSite","@id":"https:\/\/www.certifiedcosmetics.com\/de\/#website","url":"https:\/\/www.certifiedcosmetics.com\/de\/","name":"Certified Cosmetics","description":"Cosmetic Safety Assessment","publisher":{"@id":"https:\/\/www.certifiedcosmetics.com\/de\/#organization"},"potentialAction":[{"@type":"SearchAction","target":{"@type":"EntryPoint","urlTemplate":"https:\/\/www.certifiedcosmetics.com\/de\/?s={search_term_string}"},"query-input":{"@type":"PropertyValueSpecification","valueRequired":true,"valueName":"search_term_string"}}],"inLanguage":"de"},{"@type":"Organization","@id":"https:\/\/www.certifiedcosmetics.com\/de\/#organization","name":"Certified Cosmetics","url":"https:\/\/www.certifiedcosmetics.com\/de\/","logo":{"@type":"ImageObject","inLanguage":"de","@id":"https:\/\/www.certifiedcosmetics.com\/de\/#\/schema\/logo\/image\/","url":"https:\/\/www.certifiedcosmetics.com\/wp-content\/uploads\/2024\/12\/logo_certified_cosmetics696.jpg","contentUrl":"https:\/\/www.certifiedcosmetics.com\/wp-content\/uploads\/2024\/12\/logo_certified_cosmetics696.jpg","width":696,"height":696,"caption":"Certified Cosmetics"},"image":{"@id":"https:\/\/www.certifiedcosmetics.com\/de\/#\/schema\/logo\/image\/"},"description":"Your trusted partner for cosmetic product safety reporting. We take care of updating all of your documentation, ensuring your compliance stays current even as regulations evolve. The Cosmetic Product Safety Assessment will give you everything you need to sell specific products to EU consumers.","email":"contact@certifiedcosmetics.com","telephone":"+31 36 2036384","legalName":"Certified Cosmetics","foundingDate":"2010-01-01","vatID":"NL854189543B01","numberOfEmployees":{"@type":"QuantitativeValue","minValue":"11","maxValue":"50"}}]},"product_price_amount":"233.88","product_price_currency":"USD","og_availability":"instock","product_availability":"instock","product_retailer_item_id":"CC100092","product_condition":"new"},"_links":{"self":[{"href":"https:\/\/www.certifiedcosmetics.com\/de\/wp-json\/wp\/v2\/product\/12358","targetHints":{"allow":["GET"]}}],"collection":[{"href":"https:\/\/www.certifiedcosmetics.com\/de\/wp-json\/wp\/v2\/product"}],"about":[{"href":"https:\/\/www.certifiedcosmetics.com\/de\/wp-json\/wp\/v2\/types\/product"}],"wp:featuredmedia":[{"embeddable":true,"href":"https:\/\/www.certifiedcosmetics.com\/de\/wp-json\/wp\/v2\/media\/12160"}],"wp:attachment":[{"href":"https:\/\/www.certifiedcosmetics.com\/de\/wp-json\/wp\/v2\/media?parent=12358"}],"wp:term":[{"taxonomy":"product_brand","embeddable":true,"href":"https:\/\/www.certifiedcosmetics.com\/de\/wp-json\/wp\/v2\/product_brand?post=12358"},{"taxonomy":"product_cat","embeddable":true,"href":"https:\/\/www.certifiedcosmetics.com\/de\/wp-json\/wp\/v2\/product_cat?post=12358"},{"taxonomy":"product_tag","embeddable":true,"href":"https:\/\/www.certifiedcosmetics.com\/de\/wp-json\/wp\/v2\/product_tag?post=12358"}],"curies":[{"name":"wp","href":"https:\/\/api.w.org\/{rel}","templated":true}]}}