{"id":12336,"date":"2025-07-04T16:08:00","date_gmt":"2025-07-04T15:08:00","guid":{"rendered":"https:\/\/www.certifiedcosmetics.com\/product\/unkategorisiert\/phthalat-nachweis-reinheitspruefung\/"},"modified":"2025-07-04T16:08:00","modified_gmt":"2025-07-04T15:08:00","slug":"phthalat-nachweis-reinheitspruefung","status":"publish","type":"product","link":"https:\/\/www.certifiedcosmetics.com\/de\/product\/uberprufung-von-angaben-und-inhaltsstoffen\/phthalat-nachweis-reinheitspruefung\/","title":{"rendered":"Phthalat-Nachweis &#8211; Reinheitspr\u00fcfung"},"content":{"rendered":"<h2>Was sind Phthalate?<\/h2>\n<p>Phthalate sind eine Gruppe von Chemikalien, die in verschiedenen Produkten, einschlie\u00dflich Kosmetika, verwendet werden, um Kunststoffe flexibler zu machen oder andere Materialien aufzul\u00f6sen. Aufgrund m\u00f6glicher gesundheitlicher Bedenken werden sie von den Beh\u00f6rden und den Verbrauchern genau unter die Lupe genommen, was in vielen Regionen zu Einschr\u00e4nkungen oder Verboten bestimmter Phthalate gef\u00fchrt hat. <\/p>\n<h2>Warum ist der Nachweis von Phthalaten wichtig?<\/h2>\n<p>Auch wenn bestimmte Phthalate verboten oder stark eingeschr\u00e4nkt sind, ist es f\u00fcr die Integrit\u00e4t der Marke und die Sicherheit der Verbraucher entscheidend, dass die gesetzlichen Grenzwerte in kosmetischen Produkten nicht \u00fcberschritten werden oder eingehalten werden. Unser Service ist f\u00fcr die Reinheitspr\u00fcfung und Qualit\u00e4tskontrolle unerl\u00e4sslich. Er hilft dir:  <\/p>\n<ul>\n<li><strong>Sicherstellung der Einhaltung gesetzlicher Vorschriften:<\/strong> Best\u00e4tige, dass deine Produkte die strengen globalen Vorschriften zum Phthalatgehalt erf\u00fcllen.<\/li>\n<li><strong>\u00dcberpr\u00fcfe die Reinheit von Rohstoffen:<\/strong> \u00dcberpr\u00fcfe eingehende Rohstoffe, um unbeabsichtigte Verunreinigungen zu vermeiden.<\/li>\n<li><strong>Sprich die Bedenken der Verbraucher an:<\/strong> Demonstriere dein Engagement f\u00fcr sichere und transparente Formulierungen.<\/li>\n<\/ul>\n<h2>Phthalat-Nachweis<\/h2>\n<p>Unser Labor bietet hochempfindliche und genaue Analysen zur Identifizierung und Quantifizierung von Phthalaten in deinen Produktmatrizen. Dieser Service ist wichtig, um die Reinheit Ihrer Produkte zu \u00fcberpr\u00fcfen, um sicherzustellen, dass sie den strengen Sicherheitsstandards entsprechen, und um auf die Bedenken der Verbraucher hinsichtlich dieser Verbindungen einzugehen. <\/p>\n<p>Z\u00f6gere nicht, uns zu kontaktieren, um sicherzustellen, dass deine Produkte die Marktanforderungen erf\u00fcllen und die Qualit\u00e4tserwartungen \u00fcbertreffen.<\/p>\n","protected":false},"excerpt":{"rendered":"<p>Was sind Phthalate? Phthalate sind eine Gruppe von Chemikalien, die in verschiedenen Produkten, einschlie\u00dflich Kosmetika, verwendet werden, um Kunststoffe flexibler zu machen oder andere Materialien aufzul\u00f6sen. Aufgrund m\u00f6glicher gesundheitlicher Bedenken werden sie von den Beh\u00f6rden und den Verbrauchern genau unter die Lupe genommen, was in vielen Regionen zu Einschr\u00e4nkungen oder Verboten bestimmter Phthalate gef\u00fchrt hat&#8230;.<\/p>\n","protected":false},"featured_media":12190,"template":"","meta":[],"product_brand":[],"product_cat":[437],"product_tag":[],"class_list":{"0":"post-12336","1":"product","2":"type-product","3":"status-publish","4":"has-post-thumbnail","6":"product_cat-uberprufung-von-angaben-und-inhaltsstoffen","8":"first","9":"instock","10":"virtual","11":"taxable","12":"purchasable","13":"product-type-simple"},"bundled_by":[],"bundle_stock_status":"instock","bundle_stock_quantity":null,"bundle_virtual":false,"bundle_layout":"","bundle_add_to_cart_form_location":"","bundle_editable_in_cart":false,"bundle_sold_individually_context":"","bundle_item_grouping":"","bundle_min_size":"","bundle_max_size":"","bundle_price":[],"bundled_items":[],"bundle_sell_ids":[],"yoast_head":"<!-- This site is optimized with the Yoast SEO Premium plugin v25.4 (Yoast SEO v25.4) - https:\/\/yoast.com\/wordpress\/plugins\/seo\/ -->\n<title>Phthalat-Nachweis - Reinheitspr\u00fcfung<\/title>\n<meta name=\"description\" content=\"Weisen Sie durch zertifizierte Labortests nach, dass Ihre Duft\u00f6le, \u00e4therischen \u00d6le und Kosmetika keine verbotenen Phthalate enthalten.\" \/>\n<meta name=\"robots\" content=\"index, follow, max-snippet:-1, max-image-preview:large, max-video-preview:-1\" \/>\n<link rel=\"canonical\" href=\"https:\/\/www.certifiedcosmetics.com\/de\/product\/uberprufung-von-angaben-und-inhaltsstoffen\/phthalat-nachweis-reinheitspruefung\/\" \/>\n<meta property=\"og:locale\" content=\"de_DE\" \/>\n<meta property=\"og:type\" content=\"article\" \/>\n<meta property=\"og:title\" content=\"Phthalat-Nachweis - Reinheitspr\u00fcfung\" \/>\n<meta property=\"og:description\" content=\"Weisen Sie durch zertifizierte Labortests nach, dass Ihre Duft\u00f6le, \u00e4therischen \u00d6le und Kosmetika keine verbotenen Phthalate enthalten.\" \/>\n<meta property=\"og:url\" content=\"https:\/\/www.certifiedcosmetics.com\/de\/product\/uberprufung-von-angaben-und-inhaltsstoffen\/phthalat-nachweis-reinheitspruefung\/\" \/>\n<meta property=\"og:site_name\" content=\"Certified Cosmetics\" \/>\n<meta property=\"og:image\" content=\"https:\/\/www.certifiedcosmetics.com\/wp-content\/uploads\/2025\/07\/Phthalate-Detection-Purity-Verification.jpg\" \/>\n\t<meta property=\"og:image:width\" content=\"800\" \/>\n\t<meta property=\"og:image:height\" content=\"800\" \/>\n\t<meta property=\"og:image:type\" content=\"image\/jpeg\" \/>\n<meta name=\"twitter:card\" content=\"summary_large_image\" \/>\n<meta name=\"twitter:label1\" content=\"Preis\" \/>\n\t<meta name=\"twitter:data1\" content=\"&#036;235.39\" \/>\n\t<meta name=\"twitter:label2\" content=\"Verf\u00fcgbarkeit\" \/>\n\t<meta name=\"twitter:data2\" content=\"Auf Lager\" \/>\n<script type=\"application\/ld+json\" class=\"yoast-schema-graph\">{\"@context\":\"https:\/\/schema.org\",\"@graph\":[{\"@type\":\"WebPage\",\"@id\":\"https:\/\/www.certifiedcosmetics.com\/de\/product\/uberprufung-von-angaben-und-inhaltsstoffen\/phthalat-nachweis-reinheitspruefung\/\",\"url\":\"https:\/\/www.certifiedcosmetics.com\/de\/product\/uberprufung-von-angaben-und-inhaltsstoffen\/phthalat-nachweis-reinheitspruefung\/\",\"name\":\"Phthalat-Nachweis - Reinheitspr\u00fcfung\",\"isPartOf\":{\"@id\":\"https:\/\/www.certifiedcosmetics.com\/de\/#website\"},\"primaryImageOfPage\":{\"@id\":\"https:\/\/www.certifiedcosmetics.com\/de\/product\/uberprufung-von-angaben-und-inhaltsstoffen\/phthalat-nachweis-reinheitspruefung\/#primaryimage\"},\"image\":{\"@id\":\"https:\/\/www.certifiedcosmetics.com\/de\/product\/uberprufung-von-angaben-und-inhaltsstoffen\/phthalat-nachweis-reinheitspruefung\/#primaryimage\"},\"thumbnailUrl\":\"https:\/\/www.certifiedcosmetics.com\/wp-content\/uploads\/2025\/07\/Phthalate-Detection-Purity-Verification.jpg\",\"datePublished\":\"2025-07-04T15:08:00+00:00\",\"description\":\"Weisen Sie durch zertifizierte Labortests nach, dass Ihre Duft\u00f6le, \u00e4therischen \u00d6le und Kosmetika keine verbotenen Phthalate enthalten.\",\"breadcrumb\":{\"@id\":\"https:\/\/www.certifiedcosmetics.com\/de\/product\/uberprufung-von-angaben-und-inhaltsstoffen\/phthalat-nachweis-reinheitspruefung\/#breadcrumb\"},\"inLanguage\":\"de\",\"potentialAction\":[{\"@type\":\"ReadAction\",\"target\":[\"https:\/\/www.certifiedcosmetics.com\/de\/product\/uberprufung-von-angaben-und-inhaltsstoffen\/phthalat-nachweis-reinheitspruefung\/\"]}]},{\"@type\":\"ImageObject\",\"inLanguage\":\"de\",\"@id\":\"https:\/\/www.certifiedcosmetics.com\/de\/product\/uberprufung-von-angaben-und-inhaltsstoffen\/phthalat-nachweis-reinheitspruefung\/#primaryimage\",\"url\":\"https:\/\/www.certifiedcosmetics.com\/wp-content\/uploads\/2025\/07\/Phthalate-Detection-Purity-Verification.jpg\",\"contentUrl\":\"https:\/\/www.certifiedcosmetics.com\/wp-content\/uploads\/2025\/07\/Phthalate-Detection-Purity-Verification.jpg\",\"width\":800,\"height\":800},{\"@type\":\"BreadcrumbList\",\"@id\":\"https:\/\/www.certifiedcosmetics.com\/de\/product\/uberprufung-von-angaben-und-inhaltsstoffen\/phthalat-nachweis-reinheitspruefung\/#breadcrumb\",\"itemListElement\":[{\"@type\":\"ListItem\",\"position\":1,\"name\":\"Home\",\"item\":\"https:\/\/www.certifiedcosmetics.com\/de\/\"},{\"@type\":\"ListItem\",\"position\":2,\"name\":\"Shop\",\"item\":\"https:\/\/www.certifiedcosmetics.com\/de\/shop-2\/\"},{\"@type\":\"ListItem\",\"position\":3,\"name\":\"Phthalat-Nachweis &#8211; Reinheitspr\u00fcfung\"}]},{\"@type\":\"WebSite\",\"@id\":\"https:\/\/www.certifiedcosmetics.com\/de\/#website\",\"url\":\"https:\/\/www.certifiedcosmetics.com\/de\/\",\"name\":\"Certified Cosmetics\",\"description\":\"Cosmetic Safety Assessment\",\"publisher\":{\"@id\":\"https:\/\/www.certifiedcosmetics.com\/de\/#organization\"},\"potentialAction\":[{\"@type\":\"SearchAction\",\"target\":{\"@type\":\"EntryPoint\",\"urlTemplate\":\"https:\/\/www.certifiedcosmetics.com\/de\/?s={search_term_string}\"},\"query-input\":{\"@type\":\"PropertyValueSpecification\",\"valueRequired\":true,\"valueName\":\"search_term_string\"}}],\"inLanguage\":\"de\"},{\"@type\":\"Organization\",\"@id\":\"https:\/\/www.certifiedcosmetics.com\/de\/#organization\",\"name\":\"Certified Cosmetics\",\"url\":\"https:\/\/www.certifiedcosmetics.com\/de\/\",\"logo\":{\"@type\":\"ImageObject\",\"inLanguage\":\"de\",\"@id\":\"https:\/\/www.certifiedcosmetics.com\/de\/#\/schema\/logo\/image\/\",\"url\":\"https:\/\/www.certifiedcosmetics.com\/wp-content\/uploads\/2024\/12\/logo_certified_cosmetics696.jpg\",\"contentUrl\":\"https:\/\/www.certifiedcosmetics.com\/wp-content\/uploads\/2024\/12\/logo_certified_cosmetics696.jpg\",\"width\":696,\"height\":696,\"caption\":\"Certified Cosmetics\"},\"image\":{\"@id\":\"https:\/\/www.certifiedcosmetics.com\/de\/#\/schema\/logo\/image\/\"},\"description\":\"Your trusted partner for cosmetic product safety reporting. We take care of updating all of your documentation, ensuring your compliance stays current even as regulations evolve. The Cosmetic Product Safety Assessment will give you everything you need to sell specific products to EU consumers.\",\"email\":\"contact@certifiedcosmetics.com\",\"telephone\":\"+31 36 2036384\",\"legalName\":\"Certified Cosmetics\",\"foundingDate\":\"2010-01-01\",\"vatID\":\"NL854189543B01\",\"numberOfEmployees\":{\"@type\":\"QuantitativeValue\",\"minValue\":\"11\",\"maxValue\":\"50\"}}]}<\/script>\n<meta property=\"product:price:amount\" content=\"235.39\" \/>\n<meta property=\"product:price:currency\" content=\"USD\" \/>\n<meta property=\"og:availability\" content=\"instock\" \/>\n<meta property=\"product:availability\" content=\"instock\" \/>\n<meta property=\"product:retailer_item_id\" content=\"CC100114\" \/>\n<meta property=\"product:condition\" content=\"new\" \/>\n<!-- \/ Yoast SEO Premium plugin. -->","yoast_head_json":{"title":"Phthalat-Nachweis - Reinheitspr\u00fcfung","description":"Weisen Sie durch zertifizierte Labortests nach, dass Ihre Duft\u00f6le, \u00e4therischen \u00d6le und Kosmetika keine verbotenen Phthalate enthalten.","robots":{"index":"index","follow":"follow","max-snippet":"max-snippet:-1","max-image-preview":"max-image-preview:large","max-video-preview":"max-video-preview:-1"},"canonical":"https:\/\/www.certifiedcosmetics.com\/de\/product\/uberprufung-von-angaben-und-inhaltsstoffen\/phthalat-nachweis-reinheitspruefung\/","og_locale":"de_DE","og_type":"article","og_title":"Phthalat-Nachweis - Reinheitspr\u00fcfung","og_description":"Weisen Sie durch zertifizierte Labortests nach, dass Ihre Duft\u00f6le, \u00e4therischen \u00d6le und Kosmetika keine verbotenen Phthalate enthalten.","og_url":"https:\/\/www.certifiedcosmetics.com\/de\/product\/uberprufung-von-angaben-und-inhaltsstoffen\/phthalat-nachweis-reinheitspruefung\/","og_site_name":"Certified Cosmetics","og_image":[{"width":800,"height":800,"url":"https:\/\/www.certifiedcosmetics.com\/wp-content\/uploads\/2025\/07\/Phthalate-Detection-Purity-Verification.jpg","type":"image\/jpeg"}],"twitter_card":"summary_large_image","twitter_misc":{"Preis":"&#36;235.39","Verf\u00fcgbarkeit":"Auf Lager"},"schema":{"@context":"https:\/\/schema.org","@graph":[{"@type":"WebPage","@id":"https:\/\/www.certifiedcosmetics.com\/de\/product\/uberprufung-von-angaben-und-inhaltsstoffen\/phthalat-nachweis-reinheitspruefung\/","url":"https:\/\/www.certifiedcosmetics.com\/de\/product\/uberprufung-von-angaben-und-inhaltsstoffen\/phthalat-nachweis-reinheitspruefung\/","name":"Phthalat-Nachweis - Reinheitspr\u00fcfung","isPartOf":{"@id":"https:\/\/www.certifiedcosmetics.com\/de\/#website"},"primaryImageOfPage":{"@id":"https:\/\/www.certifiedcosmetics.com\/de\/product\/uberprufung-von-angaben-und-inhaltsstoffen\/phthalat-nachweis-reinheitspruefung\/#primaryimage"},"image":{"@id":"https:\/\/www.certifiedcosmetics.com\/de\/product\/uberprufung-von-angaben-und-inhaltsstoffen\/phthalat-nachweis-reinheitspruefung\/#primaryimage"},"thumbnailUrl":"https:\/\/www.certifiedcosmetics.com\/wp-content\/uploads\/2025\/07\/Phthalate-Detection-Purity-Verification.jpg","datePublished":"2025-07-04T15:08:00+00:00","description":"Weisen Sie durch zertifizierte Labortests nach, dass Ihre Duft\u00f6le, \u00e4therischen \u00d6le und Kosmetika keine verbotenen Phthalate enthalten.","breadcrumb":{"@id":"https:\/\/www.certifiedcosmetics.com\/de\/product\/uberprufung-von-angaben-und-inhaltsstoffen\/phthalat-nachweis-reinheitspruefung\/#breadcrumb"},"inLanguage":"de","potentialAction":[{"@type":"ReadAction","target":["https:\/\/www.certifiedcosmetics.com\/de\/product\/uberprufung-von-angaben-und-inhaltsstoffen\/phthalat-nachweis-reinheitspruefung\/"]}]},{"@type":"ImageObject","inLanguage":"de","@id":"https:\/\/www.certifiedcosmetics.com\/de\/product\/uberprufung-von-angaben-und-inhaltsstoffen\/phthalat-nachweis-reinheitspruefung\/#primaryimage","url":"https:\/\/www.certifiedcosmetics.com\/wp-content\/uploads\/2025\/07\/Phthalate-Detection-Purity-Verification.jpg","contentUrl":"https:\/\/www.certifiedcosmetics.com\/wp-content\/uploads\/2025\/07\/Phthalate-Detection-Purity-Verification.jpg","width":800,"height":800},{"@type":"BreadcrumbList","@id":"https:\/\/www.certifiedcosmetics.com\/de\/product\/uberprufung-von-angaben-und-inhaltsstoffen\/phthalat-nachweis-reinheitspruefung\/#breadcrumb","itemListElement":[{"@type":"ListItem","position":1,"name":"Home","item":"https:\/\/www.certifiedcosmetics.com\/de\/"},{"@type":"ListItem","position":2,"name":"Shop","item":"https:\/\/www.certifiedcosmetics.com\/de\/shop-2\/"},{"@type":"ListItem","position":3,"name":"Phthalat-Nachweis &#8211; Reinheitspr\u00fcfung"}]},{"@type":"WebSite","@id":"https:\/\/www.certifiedcosmetics.com\/de\/#website","url":"https:\/\/www.certifiedcosmetics.com\/de\/","name":"Certified Cosmetics","description":"Cosmetic Safety Assessment","publisher":{"@id":"https:\/\/www.certifiedcosmetics.com\/de\/#organization"},"potentialAction":[{"@type":"SearchAction","target":{"@type":"EntryPoint","urlTemplate":"https:\/\/www.certifiedcosmetics.com\/de\/?s={search_term_string}"},"query-input":{"@type":"PropertyValueSpecification","valueRequired":true,"valueName":"search_term_string"}}],"inLanguage":"de"},{"@type":"Organization","@id":"https:\/\/www.certifiedcosmetics.com\/de\/#organization","name":"Certified Cosmetics","url":"https:\/\/www.certifiedcosmetics.com\/de\/","logo":{"@type":"ImageObject","inLanguage":"de","@id":"https:\/\/www.certifiedcosmetics.com\/de\/#\/schema\/logo\/image\/","url":"https:\/\/www.certifiedcosmetics.com\/wp-content\/uploads\/2024\/12\/logo_certified_cosmetics696.jpg","contentUrl":"https:\/\/www.certifiedcosmetics.com\/wp-content\/uploads\/2024\/12\/logo_certified_cosmetics696.jpg","width":696,"height":696,"caption":"Certified Cosmetics"},"image":{"@id":"https:\/\/www.certifiedcosmetics.com\/de\/#\/schema\/logo\/image\/"},"description":"Your trusted partner for cosmetic product safety reporting. We take care of updating all of your documentation, ensuring your compliance stays current even as regulations evolve. The Cosmetic Product Safety Assessment will give you everything you need to sell specific products to EU consumers.","email":"contact@certifiedcosmetics.com","telephone":"+31 36 2036384","legalName":"Certified Cosmetics","foundingDate":"2010-01-01","vatID":"NL854189543B01","numberOfEmployees":{"@type":"QuantitativeValue","minValue":"11","maxValue":"50"}}]},"product_price_amount":"235.39","product_price_currency":"USD","og_availability":"instock","product_availability":"instock","product_retailer_item_id":"CC100114","product_condition":"new"},"_links":{"self":[{"href":"https:\/\/www.certifiedcosmetics.com\/de\/wp-json\/wp\/v2\/product\/12336","targetHints":{"allow":["GET"]}}],"collection":[{"href":"https:\/\/www.certifiedcosmetics.com\/de\/wp-json\/wp\/v2\/product"}],"about":[{"href":"https:\/\/www.certifiedcosmetics.com\/de\/wp-json\/wp\/v2\/types\/product"}],"wp:featuredmedia":[{"embeddable":true,"href":"https:\/\/www.certifiedcosmetics.com\/de\/wp-json\/wp\/v2\/media\/12190"}],"wp:attachment":[{"href":"https:\/\/www.certifiedcosmetics.com\/de\/wp-json\/wp\/v2\/media?parent=12336"}],"wp:term":[{"taxonomy":"product_brand","embeddable":true,"href":"https:\/\/www.certifiedcosmetics.com\/de\/wp-json\/wp\/v2\/product_brand?post=12336"},{"taxonomy":"product_cat","embeddable":true,"href":"https:\/\/www.certifiedcosmetics.com\/de\/wp-json\/wp\/v2\/product_cat?post=12336"},{"taxonomy":"product_tag","embeddable":true,"href":"https:\/\/www.certifiedcosmetics.com\/de\/wp-json\/wp\/v2\/product_tag?post=12336"}],"curies":[{"name":"wp","href":"https:\/\/api.w.org\/{rel}","templated":true}]}}