{"id":12306,"date":"2025-07-04T16:07:53","date_gmt":"2025-07-04T15:07:53","guid":{"rendered":"https:\/\/www.certifiedcosmetics.com\/product\/unkategorisiert\/ethanol-nachweis-alkoholfreie-anspruchspruefung\/"},"modified":"2025-07-04T16:07:53","modified_gmt":"2025-07-04T15:07:53","slug":"ethanol-nachweis-alkoholfreie-anspruchspruefung","status":"publish","type":"product","link":"https:\/\/www.certifiedcosmetics.com\/de\/product\/uberprufung-von-angaben-und-inhaltsstoffen\/ethanol-nachweis-alkoholfreie-anspruchspruefung\/","title":{"rendered":"Ethanol-Nachweis &#8211; Alkoholfreie Anspruchspr\u00fcfung"},"content":{"rendered":"<h2>Was ist Ethanol?<\/h2>\n<p>Ethanol, gemeinhin als Alkohol bezeichnet, ist ein L\u00f6sungsmittel, das h\u00e4ufig in Kosmetika und K\u00f6rperpflegeprodukten verwendet wird. Er kann zwar die Textur und den Wirkungsgrad von Produkten verbessern, aber viele Verbraucherinnen und Verbraucher w\u00fcnschen sich &#8220;alkoholfreie&#8221; Formulierungen, weil sie Bedenken wegen m\u00f6glicher austrocknender oder reizender Wirkungen auf Haut und Haar haben, weil sie kindersichere Formulierungen brauchen oder weil sie Halal-Kosmetika ben\u00f6tigen. <\/p>\n<h2>Warum ist der Nachweis von Ethanol wichtig?<\/h2>\n<p>Im Bereich der K\u00f6rperpflege werden &#8220;alkoholfreie&#8221; Angaben von den Verbrauchern sehr gesch\u00e4tzt. Unser Service hilft dir dabei: <\/p>\n<ul>\n<li><strong>\u00dcberpr\u00fcfe die Behauptung &#8220;alkoholfrei&#8221;:<\/strong> Identifiziere und quantifiziere den Ethanolgehalt in deinen Produkten genau, um ihn wissenschaftlich zu best\u00e4tigen.<\/li>\n<li><strong>Das Vertrauen der Verbraucher st\u00e4rken:<\/strong> \u00dcberzeuge die Verbraucher von der sanften Formulierung deines Produkts und unterstreiche das Engagement deiner Marke f\u00fcr bestimmte Inhaltsstoffprofile.<\/li>\n<li><strong>Erf\u00fclle die vielf\u00e4ltigen Marktanforderungen:<\/strong> Bedienen Sie ein gro\u00dfes Segment von Verbrauchern, die aktiv nach alkoholfreien Alternativen suchen, z. B. Menschen mit empfindlicher Haut, Eltern, die nach kinderfreundlichen Produkten suchen, und Verbraucher, die die Halal-Prinzipien befolgen.<\/li>\n<\/ul>\n<h2>Ethanol-Nachweis<\/h2>\n<p>Unser Labor identifiziert und quantifiziert den Ethanolgehalt (Alkohol) in deinen Produkten genau. So kannst du die Behauptung &#8220;alkoholfrei&#8221; wissenschaftlich \u00fcberpr\u00fcfen und den Verbraucherinnen und Verbrauchern versichern, dass dein Produkt schonend formuliert ist und deine Marke sich zu bestimmten Inhaltsstoffprofilen verpflichtet. Z\u00f6gere nicht, uns zu kontaktieren, um die Qualit\u00e4t und Sicherheit deiner Produkte zu gew\u00e4hrleisten.  <\/p>\n<p>Z\u00f6gere nicht, uns zu kontaktieren, um sicherzustellen, dass deine Produkte die Marktanforderungen erf\u00fcllen und die Qualit\u00e4tserwartungen \u00fcbertreffen.<\/p>\n","protected":false},"excerpt":{"rendered":"<p>Was ist Ethanol? Ethanol, gemeinhin als Alkohol bezeichnet, ist ein L\u00f6sungsmittel, das h\u00e4ufig in Kosmetika und K\u00f6rperpflegeprodukten verwendet wird. Er kann zwar die Textur und den Wirkungsgrad von Produkten verbessern, aber viele Verbraucherinnen und Verbraucher w\u00fcnschen sich &#8220;alkoholfreie&#8221; Formulierungen, weil sie Bedenken wegen m\u00f6glicher austrocknender oder reizender Wirkungen auf Haut und Haar haben, weil sie&#8230;<\/p>\n","protected":false},"featured_media":12124,"template":"","meta":[],"product_brand":[],"product_cat":[437],"product_tag":[],"class_list":{"0":"post-12306","1":"product","2":"type-product","3":"status-publish","4":"has-post-thumbnail","6":"product_cat-uberprufung-von-angaben-und-inhaltsstoffen","8":"first","9":"instock","10":"virtual","11":"taxable","12":"purchasable","13":"product-type-simple"},"bundled_by":[],"bundle_stock_status":"instock","bundle_stock_quantity":null,"bundle_virtual":false,"bundle_layout":"","bundle_add_to_cart_form_location":"","bundle_editable_in_cart":false,"bundle_sold_individually_context":"","bundle_item_grouping":"","bundle_min_size":"","bundle_max_size":"","bundle_price":[],"bundled_items":[],"bundle_sell_ids":[],"yoast_head":"<!-- This site is optimized with the Yoast SEO Premium plugin v25.4 (Yoast SEO v25.4) - https:\/\/yoast.com\/wordpress\/plugins\/seo\/ -->\n<title>Ethanol-Nachweis - Alkoholfreie Anspruchspr\u00fcfung<\/title>\n<meta name=\"description\" content=\"Beweise deinen Anspruch auf Alkoholfreiheit mit zertifizierten Labortests f\u00fcr Verbraucherprodukte.\" \/>\n<meta name=\"robots\" content=\"index, follow, max-snippet:-1, max-image-preview:large, max-video-preview:-1\" \/>\n<link rel=\"canonical\" href=\"https:\/\/www.certifiedcosmetics.com\/de\/product\/uberprufung-von-angaben-und-inhaltsstoffen\/ethanol-nachweis-alkoholfreie-anspruchspruefung\/\" \/>\n<meta property=\"og:locale\" content=\"de_DE\" \/>\n<meta property=\"og:type\" content=\"article\" \/>\n<meta property=\"og:title\" content=\"Ethanol-Nachweis - Alkoholfreie Anspruchspr\u00fcfung\" \/>\n<meta property=\"og:description\" content=\"Beweise deinen Anspruch auf Alkoholfreiheit mit zertifizierten Labortests f\u00fcr Verbraucherprodukte.\" \/>\n<meta property=\"og:url\" content=\"https:\/\/www.certifiedcosmetics.com\/de\/product\/uberprufung-von-angaben-und-inhaltsstoffen\/ethanol-nachweis-alkoholfreie-anspruchspruefung\/\" \/>\n<meta property=\"og:site_name\" content=\"Certified Cosmetics\" \/>\n<meta property=\"og:image\" content=\"https:\/\/www.certifiedcosmetics.com\/wp-content\/uploads\/2025\/07\/Ethanol-Detection-Alcohol-Free-Claim-Verification.jpg\" \/>\n\t<meta property=\"og:image:width\" content=\"800\" \/>\n\t<meta property=\"og:image:height\" content=\"800\" \/>\n\t<meta property=\"og:image:type\" content=\"image\/jpeg\" \/>\n<meta name=\"twitter:card\" content=\"summary_large_image\" \/>\n<meta name=\"twitter:label1\" content=\"Preis\" \/>\n\t<meta name=\"twitter:data1\" content=\"&#036;175.41\" \/>\n\t<meta name=\"twitter:label2\" content=\"Verf\u00fcgbarkeit\" \/>\n\t<meta name=\"twitter:data2\" content=\"Auf Lager\" \/>\n<script type=\"application\/ld+json\" class=\"yoast-schema-graph\">{\"@context\":\"https:\/\/schema.org\",\"@graph\":[{\"@type\":\"WebPage\",\"@id\":\"https:\/\/www.certifiedcosmetics.com\/de\/product\/uberprufung-von-angaben-und-inhaltsstoffen\/ethanol-nachweis-alkoholfreie-anspruchspruefung\/\",\"url\":\"https:\/\/www.certifiedcosmetics.com\/de\/product\/uberprufung-von-angaben-und-inhaltsstoffen\/ethanol-nachweis-alkoholfreie-anspruchspruefung\/\",\"name\":\"Ethanol-Nachweis - Alkoholfreie Anspruchspr\u00fcfung\",\"isPartOf\":{\"@id\":\"https:\/\/www.certifiedcosmetics.com\/de\/#website\"},\"primaryImageOfPage\":{\"@id\":\"https:\/\/www.certifiedcosmetics.com\/de\/product\/uberprufung-von-angaben-und-inhaltsstoffen\/ethanol-nachweis-alkoholfreie-anspruchspruefung\/#primaryimage\"},\"image\":{\"@id\":\"https:\/\/www.certifiedcosmetics.com\/de\/product\/uberprufung-von-angaben-und-inhaltsstoffen\/ethanol-nachweis-alkoholfreie-anspruchspruefung\/#primaryimage\"},\"thumbnailUrl\":\"https:\/\/www.certifiedcosmetics.com\/wp-content\/uploads\/2025\/07\/Ethanol-Detection-Alcohol-Free-Claim-Verification.jpg\",\"datePublished\":\"2025-07-04T15:07:53+00:00\",\"description\":\"Beweise deinen Anspruch auf Alkoholfreiheit mit zertifizierten Labortests f\u00fcr Verbraucherprodukte.\",\"breadcrumb\":{\"@id\":\"https:\/\/www.certifiedcosmetics.com\/de\/product\/uberprufung-von-angaben-und-inhaltsstoffen\/ethanol-nachweis-alkoholfreie-anspruchspruefung\/#breadcrumb\"},\"inLanguage\":\"de\",\"potentialAction\":[{\"@type\":\"ReadAction\",\"target\":[\"https:\/\/www.certifiedcosmetics.com\/de\/product\/uberprufung-von-angaben-und-inhaltsstoffen\/ethanol-nachweis-alkoholfreie-anspruchspruefung\/\"]}]},{\"@type\":\"ImageObject\",\"inLanguage\":\"de\",\"@id\":\"https:\/\/www.certifiedcosmetics.com\/de\/product\/uberprufung-von-angaben-und-inhaltsstoffen\/ethanol-nachweis-alkoholfreie-anspruchspruefung\/#primaryimage\",\"url\":\"https:\/\/www.certifiedcosmetics.com\/wp-content\/uploads\/2025\/07\/Ethanol-Detection-Alcohol-Free-Claim-Verification.jpg\",\"contentUrl\":\"https:\/\/www.certifiedcosmetics.com\/wp-content\/uploads\/2025\/07\/Ethanol-Detection-Alcohol-Free-Claim-Verification.jpg\",\"width\":800,\"height\":800},{\"@type\":\"BreadcrumbList\",\"@id\":\"https:\/\/www.certifiedcosmetics.com\/de\/product\/uberprufung-von-angaben-und-inhaltsstoffen\/ethanol-nachweis-alkoholfreie-anspruchspruefung\/#breadcrumb\",\"itemListElement\":[{\"@type\":\"ListItem\",\"position\":1,\"name\":\"Home\",\"item\":\"https:\/\/www.certifiedcosmetics.com\/de\/\"},{\"@type\":\"ListItem\",\"position\":2,\"name\":\"Shop\",\"item\":\"https:\/\/www.certifiedcosmetics.com\/de\/shop-2\/\"},{\"@type\":\"ListItem\",\"position\":3,\"name\":\"Ethanol-Nachweis &#8211; Alkoholfreie Anspruchspr\u00fcfung\"}]},{\"@type\":\"WebSite\",\"@id\":\"https:\/\/www.certifiedcosmetics.com\/de\/#website\",\"url\":\"https:\/\/www.certifiedcosmetics.com\/de\/\",\"name\":\"Certified Cosmetics\",\"description\":\"Cosmetic Safety Assessment\",\"publisher\":{\"@id\":\"https:\/\/www.certifiedcosmetics.com\/de\/#organization\"},\"potentialAction\":[{\"@type\":\"SearchAction\",\"target\":{\"@type\":\"EntryPoint\",\"urlTemplate\":\"https:\/\/www.certifiedcosmetics.com\/de\/?s={search_term_string}\"},\"query-input\":{\"@type\":\"PropertyValueSpecification\",\"valueRequired\":true,\"valueName\":\"search_term_string\"}}],\"inLanguage\":\"de\"},{\"@type\":\"Organization\",\"@id\":\"https:\/\/www.certifiedcosmetics.com\/de\/#organization\",\"name\":\"Certified Cosmetics\",\"url\":\"https:\/\/www.certifiedcosmetics.com\/de\/\",\"logo\":{\"@type\":\"ImageObject\",\"inLanguage\":\"de\",\"@id\":\"https:\/\/www.certifiedcosmetics.com\/de\/#\/schema\/logo\/image\/\",\"url\":\"https:\/\/www.certifiedcosmetics.com\/wp-content\/uploads\/2024\/12\/logo_certified_cosmetics696.jpg\",\"contentUrl\":\"https:\/\/www.certifiedcosmetics.com\/wp-content\/uploads\/2024\/12\/logo_certified_cosmetics696.jpg\",\"width\":696,\"height\":696,\"caption\":\"Certified Cosmetics\"},\"image\":{\"@id\":\"https:\/\/www.certifiedcosmetics.com\/de\/#\/schema\/logo\/image\/\"},\"description\":\"Your trusted partner for cosmetic product safety reporting. We take care of updating all of your documentation, ensuring your compliance stays current even as regulations evolve. The Cosmetic Product Safety Assessment will give you everything you need to sell specific products to EU consumers.\",\"email\":\"contact@certifiedcosmetics.com\",\"telephone\":\"+31 36 2036384\",\"legalName\":\"Certified Cosmetics\",\"foundingDate\":\"2010-01-01\",\"vatID\":\"NL854189543B01\",\"numberOfEmployees\":{\"@type\":\"QuantitativeValue\",\"minValue\":\"11\",\"maxValue\":\"50\"}}]}<\/script>\n<meta property=\"product:price:amount\" content=\"175.41\" \/>\n<meta property=\"product:price:currency\" content=\"USD\" \/>\n<meta property=\"og:availability\" content=\"instock\" \/>\n<meta property=\"product:availability\" content=\"instock\" \/>\n<meta property=\"product:retailer_item_id\" content=\"CC100060\" \/>\n<meta property=\"product:condition\" content=\"new\" \/>\n<!-- \/ Yoast SEO Premium plugin. -->","yoast_head_json":{"title":"Ethanol-Nachweis - Alkoholfreie Anspruchspr\u00fcfung","description":"Beweise deinen Anspruch auf Alkoholfreiheit mit zertifizierten Labortests f\u00fcr Verbraucherprodukte.","robots":{"index":"index","follow":"follow","max-snippet":"max-snippet:-1","max-image-preview":"max-image-preview:large","max-video-preview":"max-video-preview:-1"},"canonical":"https:\/\/www.certifiedcosmetics.com\/de\/product\/uberprufung-von-angaben-und-inhaltsstoffen\/ethanol-nachweis-alkoholfreie-anspruchspruefung\/","og_locale":"de_DE","og_type":"article","og_title":"Ethanol-Nachweis - Alkoholfreie Anspruchspr\u00fcfung","og_description":"Beweise deinen Anspruch auf Alkoholfreiheit mit zertifizierten Labortests f\u00fcr Verbraucherprodukte.","og_url":"https:\/\/www.certifiedcosmetics.com\/de\/product\/uberprufung-von-angaben-und-inhaltsstoffen\/ethanol-nachweis-alkoholfreie-anspruchspruefung\/","og_site_name":"Certified Cosmetics","og_image":[{"width":800,"height":800,"url":"https:\/\/www.certifiedcosmetics.com\/wp-content\/uploads\/2025\/07\/Ethanol-Detection-Alcohol-Free-Claim-Verification.jpg","type":"image\/jpeg"}],"twitter_card":"summary_large_image","twitter_misc":{"Preis":"&#36;175.41","Verf\u00fcgbarkeit":"Auf Lager"},"schema":{"@context":"https:\/\/schema.org","@graph":[{"@type":"WebPage","@id":"https:\/\/www.certifiedcosmetics.com\/de\/product\/uberprufung-von-angaben-und-inhaltsstoffen\/ethanol-nachweis-alkoholfreie-anspruchspruefung\/","url":"https:\/\/www.certifiedcosmetics.com\/de\/product\/uberprufung-von-angaben-und-inhaltsstoffen\/ethanol-nachweis-alkoholfreie-anspruchspruefung\/","name":"Ethanol-Nachweis - Alkoholfreie Anspruchspr\u00fcfung","isPartOf":{"@id":"https:\/\/www.certifiedcosmetics.com\/de\/#website"},"primaryImageOfPage":{"@id":"https:\/\/www.certifiedcosmetics.com\/de\/product\/uberprufung-von-angaben-und-inhaltsstoffen\/ethanol-nachweis-alkoholfreie-anspruchspruefung\/#primaryimage"},"image":{"@id":"https:\/\/www.certifiedcosmetics.com\/de\/product\/uberprufung-von-angaben-und-inhaltsstoffen\/ethanol-nachweis-alkoholfreie-anspruchspruefung\/#primaryimage"},"thumbnailUrl":"https:\/\/www.certifiedcosmetics.com\/wp-content\/uploads\/2025\/07\/Ethanol-Detection-Alcohol-Free-Claim-Verification.jpg","datePublished":"2025-07-04T15:07:53+00:00","description":"Beweise deinen Anspruch auf Alkoholfreiheit mit zertifizierten Labortests f\u00fcr Verbraucherprodukte.","breadcrumb":{"@id":"https:\/\/www.certifiedcosmetics.com\/de\/product\/uberprufung-von-angaben-und-inhaltsstoffen\/ethanol-nachweis-alkoholfreie-anspruchspruefung\/#breadcrumb"},"inLanguage":"de","potentialAction":[{"@type":"ReadAction","target":["https:\/\/www.certifiedcosmetics.com\/de\/product\/uberprufung-von-angaben-und-inhaltsstoffen\/ethanol-nachweis-alkoholfreie-anspruchspruefung\/"]}]},{"@type":"ImageObject","inLanguage":"de","@id":"https:\/\/www.certifiedcosmetics.com\/de\/product\/uberprufung-von-angaben-und-inhaltsstoffen\/ethanol-nachweis-alkoholfreie-anspruchspruefung\/#primaryimage","url":"https:\/\/www.certifiedcosmetics.com\/wp-content\/uploads\/2025\/07\/Ethanol-Detection-Alcohol-Free-Claim-Verification.jpg","contentUrl":"https:\/\/www.certifiedcosmetics.com\/wp-content\/uploads\/2025\/07\/Ethanol-Detection-Alcohol-Free-Claim-Verification.jpg","width":800,"height":800},{"@type":"BreadcrumbList","@id":"https:\/\/www.certifiedcosmetics.com\/de\/product\/uberprufung-von-angaben-und-inhaltsstoffen\/ethanol-nachweis-alkoholfreie-anspruchspruefung\/#breadcrumb","itemListElement":[{"@type":"ListItem","position":1,"name":"Home","item":"https:\/\/www.certifiedcosmetics.com\/de\/"},{"@type":"ListItem","position":2,"name":"Shop","item":"https:\/\/www.certifiedcosmetics.com\/de\/shop-2\/"},{"@type":"ListItem","position":3,"name":"Ethanol-Nachweis &#8211; Alkoholfreie Anspruchspr\u00fcfung"}]},{"@type":"WebSite","@id":"https:\/\/www.certifiedcosmetics.com\/de\/#website","url":"https:\/\/www.certifiedcosmetics.com\/de\/","name":"Certified Cosmetics","description":"Cosmetic Safety Assessment","publisher":{"@id":"https:\/\/www.certifiedcosmetics.com\/de\/#organization"},"potentialAction":[{"@type":"SearchAction","target":{"@type":"EntryPoint","urlTemplate":"https:\/\/www.certifiedcosmetics.com\/de\/?s={search_term_string}"},"query-input":{"@type":"PropertyValueSpecification","valueRequired":true,"valueName":"search_term_string"}}],"inLanguage":"de"},{"@type":"Organization","@id":"https:\/\/www.certifiedcosmetics.com\/de\/#organization","name":"Certified Cosmetics","url":"https:\/\/www.certifiedcosmetics.com\/de\/","logo":{"@type":"ImageObject","inLanguage":"de","@id":"https:\/\/www.certifiedcosmetics.com\/de\/#\/schema\/logo\/image\/","url":"https:\/\/www.certifiedcosmetics.com\/wp-content\/uploads\/2024\/12\/logo_certified_cosmetics696.jpg","contentUrl":"https:\/\/www.certifiedcosmetics.com\/wp-content\/uploads\/2024\/12\/logo_certified_cosmetics696.jpg","width":696,"height":696,"caption":"Certified Cosmetics"},"image":{"@id":"https:\/\/www.certifiedcosmetics.com\/de\/#\/schema\/logo\/image\/"},"description":"Your trusted partner for cosmetic product safety reporting. We take care of updating all of your documentation, ensuring your compliance stays current even as regulations evolve. The Cosmetic Product Safety Assessment will give you everything you need to sell specific products to EU consumers.","email":"contact@certifiedcosmetics.com","telephone":"+31 36 2036384","legalName":"Certified Cosmetics","foundingDate":"2010-01-01","vatID":"NL854189543B01","numberOfEmployees":{"@type":"QuantitativeValue","minValue":"11","maxValue":"50"}}]},"product_price_amount":"175.41","product_price_currency":"USD","og_availability":"instock","product_availability":"instock","product_retailer_item_id":"CC100060","product_condition":"new"},"_links":{"self":[{"href":"https:\/\/www.certifiedcosmetics.com\/de\/wp-json\/wp\/v2\/product\/12306","targetHints":{"allow":["GET"]}}],"collection":[{"href":"https:\/\/www.certifiedcosmetics.com\/de\/wp-json\/wp\/v2\/product"}],"about":[{"href":"https:\/\/www.certifiedcosmetics.com\/de\/wp-json\/wp\/v2\/types\/product"}],"wp:featuredmedia":[{"embeddable":true,"href":"https:\/\/www.certifiedcosmetics.com\/de\/wp-json\/wp\/v2\/media\/12124"}],"wp:attachment":[{"href":"https:\/\/www.certifiedcosmetics.com\/de\/wp-json\/wp\/v2\/media?parent=12306"}],"wp:term":[{"taxonomy":"product_brand","embeddable":true,"href":"https:\/\/www.certifiedcosmetics.com\/de\/wp-json\/wp\/v2\/product_brand?post=12306"},{"taxonomy":"product_cat","embeddable":true,"href":"https:\/\/www.certifiedcosmetics.com\/de\/wp-json\/wp\/v2\/product_cat?post=12306"},{"taxonomy":"product_tag","embeddable":true,"href":"https:\/\/www.certifiedcosmetics.com\/de\/wp-json\/wp\/v2\/product_tag?post=12306"}],"curies":[{"name":"wp","href":"https:\/\/api.w.org\/{rel}","templated":true}]}}