{"id":12286,"date":"2025-07-04T16:08:04","date_gmt":"2025-07-04T15:08:04","guid":{"rendered":"https:\/\/www.certifiedcosmetics.com\/product\/unkategorisiert\/sulfatnachweis-ueberpruefung-der-sulfatfreiheit\/"},"modified":"2025-07-04T16:08:04","modified_gmt":"2025-07-04T15:08:04","slug":"sulfatnachweis-ueberpruefung-der-sulfatfreiheit","status":"publish","type":"product","link":"https:\/\/www.certifiedcosmetics.com\/de\/product\/uberprufung-von-angaben-und-inhaltsstoffen\/sulfatnachweis-ueberpruefung-der-sulfatfreiheit\/","title":{"rendered":"Sulfatnachweis &#8211; \u00dcberpr\u00fcfung der Sulfatfreiheit"},"content":{"rendered":"<h2>Was sind Sulfate?<\/h2>\n<p>Sulfate, insbesondere SLS und SLES, sind eine Klasse von weit verbreiteten Tensiden in Reinigungsprodukten, die f\u00fcr ihre stark sch\u00e4umende und reinigende Wirkung bekannt sind. Sie sind jedoch f\u00fcr Verbraucherinnen und Verbraucher, die &#8220;sulfatfreie&#8221; Produkte suchen, zu einem gro\u00dfen Problem geworden, da sie als zu hart empfunden werden oder zu Reizungen f\u00fchren k\u00f6nnen. <\/p>\n<h2>Warum ist der Nachweis von Sulfat wichtig?<\/h2>\n<p>Die Auslobung &#8220;sulfatfrei&#8221; ist zu einem bedeutenden Trend in der K\u00f6rperpflege geworden, insbesondere bei der Haarpflege. Dieser Service hilft dir: <\/p>\n<ul>\n<li><strong>\u00dcberpr\u00fcfe die Behauptung &#8220;sulfatfrei&#8221;:<\/strong> Identifiziere und quantifiziere Sulfatverbindungen (einschlie\u00dflich SLS, SLES und andere) in deinen Produkten genau.<\/li>\n<li><strong>Erf\u00fclle die wichtigsten Verbrauchertrends:<\/strong> Richte deine Marke auf die starke Vorliebe der Verbraucher f\u00fcr sulfatfreie Formulierungen aus.<\/li>\n<li><strong>Sicherstellung der Produktintegrit\u00e4t:<\/strong> Untermauere deine Behauptung, dass dein Produkt sanfter ist, wissenschaftlich.<\/li>\n<\/ul>\n<h2>Sulfat-Nachweis<\/h2>\n<p>Unser Labor identifiziert und quantifiziert Sulfatverbindungen (u.a. SLS und SLES) in deinen Produkten. So k\u00f6nnen Marken ihre Auslobung &#8220;sulfatfrei&#8221; sicher \u00fcberpr\u00fcfen, eine wichtige Verbraucherpr\u00e4ferenz ansprechen und eine sanfte Produktpositionierung unterst\u00fctzen. <\/p>\n<p>Z\u00f6gere nicht, uns zu kontaktieren, um sicherzustellen, dass deine Produkte die Marktanforderungen erf\u00fcllen und die Qualit\u00e4tserwartungen \u00fcbertreffen.<\/p>\n","protected":false},"excerpt":{"rendered":"<p>Was sind Sulfate? Sulfate, insbesondere SLS und SLES, sind eine Klasse von weit verbreiteten Tensiden in Reinigungsprodukten, die f\u00fcr ihre stark sch\u00e4umende und reinigende Wirkung bekannt sind. Sie sind jedoch f\u00fcr Verbraucherinnen und Verbraucher, die &#8220;sulfatfreie&#8221; Produkte suchen, zu einem gro\u00dfen Problem geworden, da sie als zu hart empfunden werden oder zu Reizungen f\u00fchren k\u00f6nnen&#8230;.<\/p>\n","protected":false},"featured_media":12220,"template":"","meta":[],"product_brand":[],"product_cat":[437],"product_tag":[],"class_list":{"0":"post-12286","1":"product","2":"type-product","3":"status-publish","4":"has-post-thumbnail","6":"product_cat-uberprufung-von-angaben-und-inhaltsstoffen","8":"first","9":"instock","10":"virtual","11":"taxable","12":"purchasable","13":"product-type-simple"},"bundled_by":[],"bundle_stock_status":"instock","bundle_stock_quantity":null,"bundle_virtual":false,"bundle_layout":"","bundle_add_to_cart_form_location":"","bundle_editable_in_cart":false,"bundle_sold_individually_context":"","bundle_item_grouping":"","bundle_min_size":"","bundle_max_size":"","bundle_price":[],"bundled_items":[],"bundle_sell_ids":[],"yoast_head":"<!-- This site is optimized with the Yoast SEO Premium plugin v25.4 (Yoast SEO v25.4) - https:\/\/yoast.com\/wordpress\/plugins\/seo\/ -->\n<title>Sulfatnachweis - \u00dcberpr\u00fcfung der Sulfatfreiheit<\/title>\n<meta name=\"description\" content=\"Laborgepr\u00fcfte Tests zum Nachweis von Sulfat, um deine Aussage &quot;sulfatfrei&quot; zu best\u00e4tigen.\" \/>\n<meta name=\"robots\" content=\"index, follow, max-snippet:-1, max-image-preview:large, max-video-preview:-1\" \/>\n<link rel=\"canonical\" href=\"https:\/\/www.certifiedcosmetics.com\/de\/product\/uberprufung-von-angaben-und-inhaltsstoffen\/sulfatnachweis-ueberpruefung-der-sulfatfreiheit\/\" \/>\n<meta property=\"og:locale\" content=\"de_DE\" \/>\n<meta property=\"og:type\" content=\"article\" \/>\n<meta property=\"og:title\" content=\"Sulfatnachweis - \u00dcberpr\u00fcfung der Sulfatfreiheit\" \/>\n<meta property=\"og:description\" content=\"Laborgepr\u00fcfte Tests zum Nachweis von Sulfat, um deine Aussage &quot;sulfatfrei&quot; zu best\u00e4tigen.\" \/>\n<meta property=\"og:url\" content=\"https:\/\/www.certifiedcosmetics.com\/de\/product\/uberprufung-von-angaben-und-inhaltsstoffen\/sulfatnachweis-ueberpruefung-der-sulfatfreiheit\/\" \/>\n<meta property=\"og:site_name\" content=\"Certified Cosmetics\" \/>\n<meta property=\"og:image\" content=\"https:\/\/www.certifiedcosmetics.com\/wp-content\/uploads\/2025\/07\/Sulphate-Detection-Sulphate-Free-Claim-Verification.jpg\" \/>\n\t<meta property=\"og:image:width\" content=\"800\" \/>\n\t<meta property=\"og:image:height\" content=\"800\" \/>\n\t<meta property=\"og:image:type\" content=\"image\/jpeg\" \/>\n<meta name=\"twitter:card\" content=\"summary_large_image\" \/>\n<meta name=\"twitter:label1\" content=\"Preis\" \/>\n\t<meta name=\"twitter:data1\" content=\"&#036;175.41\" \/>\n\t<meta name=\"twitter:label2\" content=\"Verf\u00fcgbarkeit\" \/>\n\t<meta name=\"twitter:data2\" content=\"Auf Lager\" \/>\n<script type=\"application\/ld+json\" class=\"yoast-schema-graph\">{\"@context\":\"https:\/\/schema.org\",\"@graph\":[{\"@type\":\"WebPage\",\"@id\":\"https:\/\/www.certifiedcosmetics.com\/de\/product\/uberprufung-von-angaben-und-inhaltsstoffen\/sulfatnachweis-ueberpruefung-der-sulfatfreiheit\/\",\"url\":\"https:\/\/www.certifiedcosmetics.com\/de\/product\/uberprufung-von-angaben-und-inhaltsstoffen\/sulfatnachweis-ueberpruefung-der-sulfatfreiheit\/\",\"name\":\"Sulfatnachweis - \u00dcberpr\u00fcfung der Sulfatfreiheit\",\"isPartOf\":{\"@id\":\"https:\/\/www.certifiedcosmetics.com\/de\/#website\"},\"primaryImageOfPage\":{\"@id\":\"https:\/\/www.certifiedcosmetics.com\/de\/product\/uberprufung-von-angaben-und-inhaltsstoffen\/sulfatnachweis-ueberpruefung-der-sulfatfreiheit\/#primaryimage\"},\"image\":{\"@id\":\"https:\/\/www.certifiedcosmetics.com\/de\/product\/uberprufung-von-angaben-und-inhaltsstoffen\/sulfatnachweis-ueberpruefung-der-sulfatfreiheit\/#primaryimage\"},\"thumbnailUrl\":\"https:\/\/www.certifiedcosmetics.com\/wp-content\/uploads\/2025\/07\/Sulphate-Detection-Sulphate-Free-Claim-Verification.jpg\",\"datePublished\":\"2025-07-04T15:08:04+00:00\",\"description\":\"Laborgepr\u00fcfte Tests zum Nachweis von Sulfat, um deine Aussage \\\"sulfatfrei\\\" zu best\u00e4tigen.\",\"breadcrumb\":{\"@id\":\"https:\/\/www.certifiedcosmetics.com\/de\/product\/uberprufung-von-angaben-und-inhaltsstoffen\/sulfatnachweis-ueberpruefung-der-sulfatfreiheit\/#breadcrumb\"},\"inLanguage\":\"de\",\"potentialAction\":[{\"@type\":\"ReadAction\",\"target\":[\"https:\/\/www.certifiedcosmetics.com\/de\/product\/uberprufung-von-angaben-und-inhaltsstoffen\/sulfatnachweis-ueberpruefung-der-sulfatfreiheit\/\"]}]},{\"@type\":\"ImageObject\",\"inLanguage\":\"de\",\"@id\":\"https:\/\/www.certifiedcosmetics.com\/de\/product\/uberprufung-von-angaben-und-inhaltsstoffen\/sulfatnachweis-ueberpruefung-der-sulfatfreiheit\/#primaryimage\",\"url\":\"https:\/\/www.certifiedcosmetics.com\/wp-content\/uploads\/2025\/07\/Sulphate-Detection-Sulphate-Free-Claim-Verification.jpg\",\"contentUrl\":\"https:\/\/www.certifiedcosmetics.com\/wp-content\/uploads\/2025\/07\/Sulphate-Detection-Sulphate-Free-Claim-Verification.jpg\",\"width\":800,\"height\":800},{\"@type\":\"BreadcrumbList\",\"@id\":\"https:\/\/www.certifiedcosmetics.com\/de\/product\/uberprufung-von-angaben-und-inhaltsstoffen\/sulfatnachweis-ueberpruefung-der-sulfatfreiheit\/#breadcrumb\",\"itemListElement\":[{\"@type\":\"ListItem\",\"position\":1,\"name\":\"Home\",\"item\":\"https:\/\/www.certifiedcosmetics.com\/de\/\"},{\"@type\":\"ListItem\",\"position\":2,\"name\":\"Shop\",\"item\":\"https:\/\/www.certifiedcosmetics.com\/de\/shop-2\/\"},{\"@type\":\"ListItem\",\"position\":3,\"name\":\"Sulfatnachweis &#8211; \u00dcberpr\u00fcfung der Sulfatfreiheit\"}]},{\"@type\":\"WebSite\",\"@id\":\"https:\/\/www.certifiedcosmetics.com\/de\/#website\",\"url\":\"https:\/\/www.certifiedcosmetics.com\/de\/\",\"name\":\"Certified Cosmetics\",\"description\":\"Cosmetic Safety Assessment\",\"publisher\":{\"@id\":\"https:\/\/www.certifiedcosmetics.com\/de\/#organization\"},\"potentialAction\":[{\"@type\":\"SearchAction\",\"target\":{\"@type\":\"EntryPoint\",\"urlTemplate\":\"https:\/\/www.certifiedcosmetics.com\/de\/?s={search_term_string}\"},\"query-input\":{\"@type\":\"PropertyValueSpecification\",\"valueRequired\":true,\"valueName\":\"search_term_string\"}}],\"inLanguage\":\"de\"},{\"@type\":\"Organization\",\"@id\":\"https:\/\/www.certifiedcosmetics.com\/de\/#organization\",\"name\":\"Certified Cosmetics\",\"url\":\"https:\/\/www.certifiedcosmetics.com\/de\/\",\"logo\":{\"@type\":\"ImageObject\",\"inLanguage\":\"de\",\"@id\":\"https:\/\/www.certifiedcosmetics.com\/de\/#\/schema\/logo\/image\/\",\"url\":\"https:\/\/www.certifiedcosmetics.com\/wp-content\/uploads\/2024\/12\/logo_certified_cosmetics696.jpg\",\"contentUrl\":\"https:\/\/www.certifiedcosmetics.com\/wp-content\/uploads\/2024\/12\/logo_certified_cosmetics696.jpg\",\"width\":696,\"height\":696,\"caption\":\"Certified Cosmetics\"},\"image\":{\"@id\":\"https:\/\/www.certifiedcosmetics.com\/de\/#\/schema\/logo\/image\/\"},\"description\":\"Your trusted partner for cosmetic product safety reporting. We take care of updating all of your documentation, ensuring your compliance stays current even as regulations evolve. The Cosmetic Product Safety Assessment will give you everything you need to sell specific products to EU consumers.\",\"email\":\"contact@certifiedcosmetics.com\",\"telephone\":\"+31 36 2036384\",\"legalName\":\"Certified Cosmetics\",\"foundingDate\":\"2010-01-01\",\"vatID\":\"NL854189543B01\",\"numberOfEmployees\":{\"@type\":\"QuantitativeValue\",\"minValue\":\"11\",\"maxValue\":\"50\"}}]}<\/script>\n<meta property=\"product:price:amount\" content=\"175.41\" \/>\n<meta property=\"product:price:currency\" content=\"USD\" \/>\n<meta property=\"og:availability\" content=\"instock\" \/>\n<meta property=\"product:availability\" content=\"instock\" \/>\n<meta property=\"product:condition\" content=\"new\" \/>\n<!-- \/ Yoast SEO Premium plugin. -->","yoast_head_json":{"title":"Sulfatnachweis - \u00dcberpr\u00fcfung der Sulfatfreiheit","description":"Laborgepr\u00fcfte Tests zum Nachweis von Sulfat, um deine Aussage \"sulfatfrei\" zu best\u00e4tigen.","robots":{"index":"index","follow":"follow","max-snippet":"max-snippet:-1","max-image-preview":"max-image-preview:large","max-video-preview":"max-video-preview:-1"},"canonical":"https:\/\/www.certifiedcosmetics.com\/de\/product\/uberprufung-von-angaben-und-inhaltsstoffen\/sulfatnachweis-ueberpruefung-der-sulfatfreiheit\/","og_locale":"de_DE","og_type":"article","og_title":"Sulfatnachweis - \u00dcberpr\u00fcfung der Sulfatfreiheit","og_description":"Laborgepr\u00fcfte Tests zum Nachweis von Sulfat, um deine Aussage \"sulfatfrei\" zu best\u00e4tigen.","og_url":"https:\/\/www.certifiedcosmetics.com\/de\/product\/uberprufung-von-angaben-und-inhaltsstoffen\/sulfatnachweis-ueberpruefung-der-sulfatfreiheit\/","og_site_name":"Certified Cosmetics","og_image":[{"width":800,"height":800,"url":"https:\/\/www.certifiedcosmetics.com\/wp-content\/uploads\/2025\/07\/Sulphate-Detection-Sulphate-Free-Claim-Verification.jpg","type":"image\/jpeg"}],"twitter_card":"summary_large_image","twitter_misc":{"Preis":"&#36;175.41","Verf\u00fcgbarkeit":"Auf Lager"},"schema":{"@context":"https:\/\/schema.org","@graph":[{"@type":"WebPage","@id":"https:\/\/www.certifiedcosmetics.com\/de\/product\/uberprufung-von-angaben-und-inhaltsstoffen\/sulfatnachweis-ueberpruefung-der-sulfatfreiheit\/","url":"https:\/\/www.certifiedcosmetics.com\/de\/product\/uberprufung-von-angaben-und-inhaltsstoffen\/sulfatnachweis-ueberpruefung-der-sulfatfreiheit\/","name":"Sulfatnachweis - \u00dcberpr\u00fcfung der Sulfatfreiheit","isPartOf":{"@id":"https:\/\/www.certifiedcosmetics.com\/de\/#website"},"primaryImageOfPage":{"@id":"https:\/\/www.certifiedcosmetics.com\/de\/product\/uberprufung-von-angaben-und-inhaltsstoffen\/sulfatnachweis-ueberpruefung-der-sulfatfreiheit\/#primaryimage"},"image":{"@id":"https:\/\/www.certifiedcosmetics.com\/de\/product\/uberprufung-von-angaben-und-inhaltsstoffen\/sulfatnachweis-ueberpruefung-der-sulfatfreiheit\/#primaryimage"},"thumbnailUrl":"https:\/\/www.certifiedcosmetics.com\/wp-content\/uploads\/2025\/07\/Sulphate-Detection-Sulphate-Free-Claim-Verification.jpg","datePublished":"2025-07-04T15:08:04+00:00","description":"Laborgepr\u00fcfte Tests zum Nachweis von Sulfat, um deine Aussage \"sulfatfrei\" zu best\u00e4tigen.","breadcrumb":{"@id":"https:\/\/www.certifiedcosmetics.com\/de\/product\/uberprufung-von-angaben-und-inhaltsstoffen\/sulfatnachweis-ueberpruefung-der-sulfatfreiheit\/#breadcrumb"},"inLanguage":"de","potentialAction":[{"@type":"ReadAction","target":["https:\/\/www.certifiedcosmetics.com\/de\/product\/uberprufung-von-angaben-und-inhaltsstoffen\/sulfatnachweis-ueberpruefung-der-sulfatfreiheit\/"]}]},{"@type":"ImageObject","inLanguage":"de","@id":"https:\/\/www.certifiedcosmetics.com\/de\/product\/uberprufung-von-angaben-und-inhaltsstoffen\/sulfatnachweis-ueberpruefung-der-sulfatfreiheit\/#primaryimage","url":"https:\/\/www.certifiedcosmetics.com\/wp-content\/uploads\/2025\/07\/Sulphate-Detection-Sulphate-Free-Claim-Verification.jpg","contentUrl":"https:\/\/www.certifiedcosmetics.com\/wp-content\/uploads\/2025\/07\/Sulphate-Detection-Sulphate-Free-Claim-Verification.jpg","width":800,"height":800},{"@type":"BreadcrumbList","@id":"https:\/\/www.certifiedcosmetics.com\/de\/product\/uberprufung-von-angaben-und-inhaltsstoffen\/sulfatnachweis-ueberpruefung-der-sulfatfreiheit\/#breadcrumb","itemListElement":[{"@type":"ListItem","position":1,"name":"Home","item":"https:\/\/www.certifiedcosmetics.com\/de\/"},{"@type":"ListItem","position":2,"name":"Shop","item":"https:\/\/www.certifiedcosmetics.com\/de\/shop-2\/"},{"@type":"ListItem","position":3,"name":"Sulfatnachweis &#8211; \u00dcberpr\u00fcfung der Sulfatfreiheit"}]},{"@type":"WebSite","@id":"https:\/\/www.certifiedcosmetics.com\/de\/#website","url":"https:\/\/www.certifiedcosmetics.com\/de\/","name":"Certified Cosmetics","description":"Cosmetic Safety Assessment","publisher":{"@id":"https:\/\/www.certifiedcosmetics.com\/de\/#organization"},"potentialAction":[{"@type":"SearchAction","target":{"@type":"EntryPoint","urlTemplate":"https:\/\/www.certifiedcosmetics.com\/de\/?s={search_term_string}"},"query-input":{"@type":"PropertyValueSpecification","valueRequired":true,"valueName":"search_term_string"}}],"inLanguage":"de"},{"@type":"Organization","@id":"https:\/\/www.certifiedcosmetics.com\/de\/#organization","name":"Certified Cosmetics","url":"https:\/\/www.certifiedcosmetics.com\/de\/","logo":{"@type":"ImageObject","inLanguage":"de","@id":"https:\/\/www.certifiedcosmetics.com\/de\/#\/schema\/logo\/image\/","url":"https:\/\/www.certifiedcosmetics.com\/wp-content\/uploads\/2024\/12\/logo_certified_cosmetics696.jpg","contentUrl":"https:\/\/www.certifiedcosmetics.com\/wp-content\/uploads\/2024\/12\/logo_certified_cosmetics696.jpg","width":696,"height":696,"caption":"Certified Cosmetics"},"image":{"@id":"https:\/\/www.certifiedcosmetics.com\/de\/#\/schema\/logo\/image\/"},"description":"Your trusted partner for cosmetic product safety reporting. We take care of updating all of your documentation, ensuring your compliance stays current even as regulations evolve. The Cosmetic Product Safety Assessment will give you everything you need to sell specific products to EU consumers.","email":"contact@certifiedcosmetics.com","telephone":"+31 36 2036384","legalName":"Certified Cosmetics","foundingDate":"2010-01-01","vatID":"NL854189543B01","numberOfEmployees":{"@type":"QuantitativeValue","minValue":"11","maxValue":"50"}}]},"product_price_amount":"175.41","product_price_currency":"USD","og_availability":"instock","product_availability":"instock","product_condition":"new"},"_links":{"self":[{"href":"https:\/\/www.certifiedcosmetics.com\/de\/wp-json\/wp\/v2\/product\/12286","targetHints":{"allow":["GET"]}}],"collection":[{"href":"https:\/\/www.certifiedcosmetics.com\/de\/wp-json\/wp\/v2\/product"}],"about":[{"href":"https:\/\/www.certifiedcosmetics.com\/de\/wp-json\/wp\/v2\/types\/product"}],"wp:featuredmedia":[{"embeddable":true,"href":"https:\/\/www.certifiedcosmetics.com\/de\/wp-json\/wp\/v2\/media\/12220"}],"wp:attachment":[{"href":"https:\/\/www.certifiedcosmetics.com\/de\/wp-json\/wp\/v2\/media?parent=12286"}],"wp:term":[{"taxonomy":"product_brand","embeddable":true,"href":"https:\/\/www.certifiedcosmetics.com\/de\/wp-json\/wp\/v2\/product_brand?post=12286"},{"taxonomy":"product_cat","embeddable":true,"href":"https:\/\/www.certifiedcosmetics.com\/de\/wp-json\/wp\/v2\/product_cat?post=12286"},{"taxonomy":"product_tag","embeddable":true,"href":"https:\/\/www.certifiedcosmetics.com\/de\/wp-json\/wp\/v2\/product_tag?post=12286"}],"curies":[{"name":"wp","href":"https:\/\/api.w.org\/{rel}","templated":true}]}}