{"id":12276,"date":"2025-07-04T16:07:59","date_gmt":"2025-07-04T15:07:59","guid":{"rendered":"https:\/\/www.certifiedcosmetics.com\/product\/unkategorisiert\/nachweis-von-synthetischen-duftstoffen-synthetische-duftstoffe-freie-anspruchspruefung\/"},"modified":"2025-07-04T16:07:59","modified_gmt":"2025-07-04T15:07:59","slug":"nachweis-von-synthetischen-duftstoffen-synthetische-duftstoffe-freie-anspruchspruefung","status":"publish","type":"product","link":"https:\/\/www.certifiedcosmetics.com\/de\/product\/uberprufung-von-angaben-und-inhaltsstoffen\/nachweis-von-synthetischen-duftstoffen-synthetische-duftstoffe-freie-anspruchspruefung\/","title":{"rendered":"Nachweis von synthetischen Duftstoffen &#8211; Synthetische Duftstoffe Freie Anspruchspr\u00fcfung"},"content":{"rendered":"<h2>Was sind synthetische Duftstoffe?<\/h2>\n<p>Synthetische Duftstoffe sind chemisch hergestellte Verbindungen, die einen Duft erzeugen sollen. Obwohl sie weit verbreitet sind, k\u00f6nnen sie f\u00fcr Menschen mit Empfindlichkeiten, Allergien oder f\u00fcr diejenigen, die nat\u00fcrliche und unparf\u00fcmierte Produkte bevorzugen, ein Problem darstellen. <\/p>\n<h2>Warum ist das Aufsp\u00fcren synthetischer Duftstoffe wichtig?<\/h2>\n<p>F\u00fcr Marken, die f\u00fcr &#8220;nat\u00fcrliche&#8221; oder &#8220;saubere&#8221; Sch\u00f6nheit werben, ist der Verzicht auf synthetische Farbstoffe oft ein zentrales Prinzip. Dieser Service hilft dir dabei: <\/p>\n<ul>\n<li><strong>\u00dcberpr\u00fcfe die Auslobung &#8220;frei von synthetischen Duftstoffen&#8221;:<\/strong> Setze fortschrittliche Analysemethoden ein, um die Abwesenheit von synthetischen Duftstoffen in deinen Produkten zu best\u00e4tigen.<\/li>\n<li><strong>F\u00fcr empfindliche Verbraucherinnen und Verbraucher:<\/strong> Bieten Sie Menschen mit Duftempfindlichkeiten oder Allergien ein Gef\u00fchl der Sicherheit.<\/li>\n<li><strong>Passend zur Positionierung von Natural:<\/strong> Unterstreiche das Engagement deiner Marke f\u00fcr saubere und nat\u00fcrliche Formulierungen.<\/li>\n<\/ul>\n<h2>Nachweis von synthetischen Duftstoffen<\/h2>\n<p>Unser Labor setzt fortschrittliche Analysemethoden ein, um die Abwesenheit von synthetischen Duftstoffen in deinen Produkten zu best\u00e4tigen. Diese \u00dcberpr\u00fcfung erm\u00f6glicht es Marken, ihre Produkte selbstbewusst an eine wachsende Gruppe von Verbrauchern zu vermarkten, die nat\u00fcrliche oder unparf\u00fcmierte Optionen bevorzugen. <\/p>\n<p>Z\u00f6gere nicht, uns zu kontaktieren, um sicherzustellen, dass deine Produkte die Marktanforderungen erf\u00fcllen und die Qualit\u00e4tserwartungen \u00fcbertreffen.<\/p>\n","protected":false},"excerpt":{"rendered":"<p>Was sind synthetische Duftstoffe? Synthetische Duftstoffe sind chemisch hergestellte Verbindungen, die einen Duft erzeugen sollen. Obwohl sie weit verbreitet sind, k\u00f6nnen sie f\u00fcr Menschen mit Empfindlichkeiten, Allergien oder f\u00fcr diejenigen, die nat\u00fcrliche und unparf\u00fcmierte Produkte bevorzugen, ein Problem darstellen. Warum ist das Aufsp\u00fcren synthetischer Duftstoffe wichtig? F\u00fcr Marken, die f\u00fcr &#8220;nat\u00fcrliche&#8221; oder &#8220;saubere&#8221; Sch\u00f6nheit werben,&#8230;<\/p>\n","protected":false},"featured_media":12232,"template":"","meta":[],"product_brand":[],"product_cat":[437],"product_tag":[],"class_list":{"0":"post-12276","1":"product","2":"type-product","3":"status-publish","4":"has-post-thumbnail","6":"product_cat-uberprufung-von-angaben-und-inhaltsstoffen","8":"first","9":"instock","10":"virtual","11":"taxable","12":"purchasable","13":"product-type-simple"},"bundled_by":[],"bundle_stock_status":"instock","bundle_stock_quantity":null,"bundle_virtual":false,"bundle_layout":"","bundle_add_to_cart_form_location":"","bundle_editable_in_cart":false,"bundle_sold_individually_context":"","bundle_item_grouping":"","bundle_min_size":"","bundle_max_size":"","bundle_price":[],"bundled_items":[],"bundle_sell_ids":[],"yoast_head":"<!-- This site is optimized with the Yoast SEO Premium plugin v25.4 (Yoast SEO v25.4) - https:\/\/yoast.com\/wordpress\/plugins\/seo\/ -->\n<title>Nachweis von synthetischen Duftstoffen - Synthetische Duftstoffe Freie Anspruchspr\u00fcfung<\/title>\n<meta name=\"description\" content=\"Bescheinige mit einem professionellen Labortest, dass dein Produkt frei von synthetischen Duftstoffen ist.\" \/>\n<meta name=\"robots\" content=\"index, follow, max-snippet:-1, max-image-preview:large, max-video-preview:-1\" \/>\n<link rel=\"canonical\" href=\"https:\/\/www.certifiedcosmetics.com\/de\/product\/uberprufung-von-angaben-und-inhaltsstoffen\/nachweis-von-synthetischen-duftstoffen-synthetische-duftstoffe-freie-anspruchspruefung\/\" \/>\n<meta property=\"og:locale\" content=\"de_DE\" \/>\n<meta property=\"og:type\" content=\"article\" \/>\n<meta property=\"og:title\" content=\"Nachweis von synthetischen Duftstoffen - Synthetische Duftstoffe Freie Anspruchspr\u00fcfung\" \/>\n<meta property=\"og:description\" content=\"Bescheinige mit einem professionellen Labortest, dass dein Produkt frei von synthetischen Duftstoffen ist.\" \/>\n<meta property=\"og:url\" content=\"https:\/\/www.certifiedcosmetics.com\/de\/product\/uberprufung-von-angaben-und-inhaltsstoffen\/nachweis-von-synthetischen-duftstoffen-synthetische-duftstoffe-freie-anspruchspruefung\/\" \/>\n<meta property=\"og:site_name\" content=\"Certified Cosmetics\" \/>\n<meta property=\"og:image\" content=\"https:\/\/www.certifiedcosmetics.com\/wp-content\/uploads\/2025\/07\/Synthetic-Fragrance-Detection-Synthetic-Fragrance-Free-Claim-Verification.jpg\" \/>\n\t<meta property=\"og:image:width\" content=\"800\" \/>\n\t<meta property=\"og:image:height\" content=\"800\" \/>\n\t<meta property=\"og:image:type\" content=\"image\/jpeg\" \/>\n<meta name=\"twitter:card\" content=\"summary_large_image\" \/>\n<meta name=\"twitter:label1\" content=\"Preis\" \/>\n\t<meta name=\"twitter:data1\" content=\"&#036;176.54\" \/>\n\t<meta name=\"twitter:label2\" content=\"Verf\u00fcgbarkeit\" \/>\n\t<meta name=\"twitter:data2\" content=\"Auf Lager\" \/>\n<script type=\"application\/ld+json\" class=\"yoast-schema-graph\">{\"@context\":\"https:\/\/schema.org\",\"@graph\":[{\"@type\":\"WebPage\",\"@id\":\"https:\/\/www.certifiedcosmetics.com\/de\/product\/uberprufung-von-angaben-und-inhaltsstoffen\/nachweis-von-synthetischen-duftstoffen-synthetische-duftstoffe-freie-anspruchspruefung\/\",\"url\":\"https:\/\/www.certifiedcosmetics.com\/de\/product\/uberprufung-von-angaben-und-inhaltsstoffen\/nachweis-von-synthetischen-duftstoffen-synthetische-duftstoffe-freie-anspruchspruefung\/\",\"name\":\"Nachweis von synthetischen Duftstoffen - Synthetische Duftstoffe Freie Anspruchspr\u00fcfung\",\"isPartOf\":{\"@id\":\"https:\/\/www.certifiedcosmetics.com\/de\/#website\"},\"primaryImageOfPage\":{\"@id\":\"https:\/\/www.certifiedcosmetics.com\/de\/product\/uberprufung-von-angaben-und-inhaltsstoffen\/nachweis-von-synthetischen-duftstoffen-synthetische-duftstoffe-freie-anspruchspruefung\/#primaryimage\"},\"image\":{\"@id\":\"https:\/\/www.certifiedcosmetics.com\/de\/product\/uberprufung-von-angaben-und-inhaltsstoffen\/nachweis-von-synthetischen-duftstoffen-synthetische-duftstoffe-freie-anspruchspruefung\/#primaryimage\"},\"thumbnailUrl\":\"https:\/\/www.certifiedcosmetics.com\/wp-content\/uploads\/2025\/07\/Synthetic-Fragrance-Detection-Synthetic-Fragrance-Free-Claim-Verification.jpg\",\"datePublished\":\"2025-07-04T15:07:59+00:00\",\"description\":\"Bescheinige mit einem professionellen Labortest, dass dein Produkt frei von synthetischen Duftstoffen ist.\",\"breadcrumb\":{\"@id\":\"https:\/\/www.certifiedcosmetics.com\/de\/product\/uberprufung-von-angaben-und-inhaltsstoffen\/nachweis-von-synthetischen-duftstoffen-synthetische-duftstoffe-freie-anspruchspruefung\/#breadcrumb\"},\"inLanguage\":\"de\",\"potentialAction\":[{\"@type\":\"ReadAction\",\"target\":[\"https:\/\/www.certifiedcosmetics.com\/de\/product\/uberprufung-von-angaben-und-inhaltsstoffen\/nachweis-von-synthetischen-duftstoffen-synthetische-duftstoffe-freie-anspruchspruefung\/\"]}]},{\"@type\":\"ImageObject\",\"inLanguage\":\"de\",\"@id\":\"https:\/\/www.certifiedcosmetics.com\/de\/product\/uberprufung-von-angaben-und-inhaltsstoffen\/nachweis-von-synthetischen-duftstoffen-synthetische-duftstoffe-freie-anspruchspruefung\/#primaryimage\",\"url\":\"https:\/\/www.certifiedcosmetics.com\/wp-content\/uploads\/2025\/07\/Synthetic-Fragrance-Detection-Synthetic-Fragrance-Free-Claim-Verification.jpg\",\"contentUrl\":\"https:\/\/www.certifiedcosmetics.com\/wp-content\/uploads\/2025\/07\/Synthetic-Fragrance-Detection-Synthetic-Fragrance-Free-Claim-Verification.jpg\",\"width\":800,\"height\":800},{\"@type\":\"BreadcrumbList\",\"@id\":\"https:\/\/www.certifiedcosmetics.com\/de\/product\/uberprufung-von-angaben-und-inhaltsstoffen\/nachweis-von-synthetischen-duftstoffen-synthetische-duftstoffe-freie-anspruchspruefung\/#breadcrumb\",\"itemListElement\":[{\"@type\":\"ListItem\",\"position\":1,\"name\":\"Home\",\"item\":\"https:\/\/www.certifiedcosmetics.com\/de\/\"},{\"@type\":\"ListItem\",\"position\":2,\"name\":\"Shop\",\"item\":\"https:\/\/www.certifiedcosmetics.com\/de\/shop-2\/\"},{\"@type\":\"ListItem\",\"position\":3,\"name\":\"Nachweis von synthetischen Duftstoffen &#8211; Synthetische Duftstoffe Freie Anspruchspr\u00fcfung\"}]},{\"@type\":\"WebSite\",\"@id\":\"https:\/\/www.certifiedcosmetics.com\/de\/#website\",\"url\":\"https:\/\/www.certifiedcosmetics.com\/de\/\",\"name\":\"Certified Cosmetics\",\"description\":\"Cosmetic Safety Assessment\",\"publisher\":{\"@id\":\"https:\/\/www.certifiedcosmetics.com\/de\/#organization\"},\"potentialAction\":[{\"@type\":\"SearchAction\",\"target\":{\"@type\":\"EntryPoint\",\"urlTemplate\":\"https:\/\/www.certifiedcosmetics.com\/de\/?s={search_term_string}\"},\"query-input\":{\"@type\":\"PropertyValueSpecification\",\"valueRequired\":true,\"valueName\":\"search_term_string\"}}],\"inLanguage\":\"de\"},{\"@type\":\"Organization\",\"@id\":\"https:\/\/www.certifiedcosmetics.com\/de\/#organization\",\"name\":\"Certified Cosmetics\",\"url\":\"https:\/\/www.certifiedcosmetics.com\/de\/\",\"logo\":{\"@type\":\"ImageObject\",\"inLanguage\":\"de\",\"@id\":\"https:\/\/www.certifiedcosmetics.com\/de\/#\/schema\/logo\/image\/\",\"url\":\"https:\/\/www.certifiedcosmetics.com\/wp-content\/uploads\/2024\/12\/logo_certified_cosmetics696.jpg\",\"contentUrl\":\"https:\/\/www.certifiedcosmetics.com\/wp-content\/uploads\/2024\/12\/logo_certified_cosmetics696.jpg\",\"width\":696,\"height\":696,\"caption\":\"Certified Cosmetics\"},\"image\":{\"@id\":\"https:\/\/www.certifiedcosmetics.com\/de\/#\/schema\/logo\/image\/\"},\"description\":\"Your trusted partner for cosmetic product safety reporting. We take care of updating all of your documentation, ensuring your compliance stays current even as regulations evolve. The Cosmetic Product Safety Assessment will give you everything you need to sell specific products to EU consumers.\",\"email\":\"contact@certifiedcosmetics.com\",\"telephone\":\"+31 36 2036384\",\"legalName\":\"Certified Cosmetics\",\"foundingDate\":\"2010-01-01\",\"vatID\":\"NL854189543B01\",\"numberOfEmployees\":{\"@type\":\"QuantitativeValue\",\"minValue\":\"11\",\"maxValue\":\"50\"}}]}<\/script>\n<meta property=\"product:price:amount\" content=\"176.54\" \/>\n<meta property=\"product:price:currency\" content=\"USD\" \/>\n<meta property=\"og:availability\" content=\"instock\" \/>\n<meta property=\"product:availability\" content=\"instock\" \/>\n<meta property=\"product:condition\" content=\"new\" \/>\n<!-- \/ Yoast SEO Premium plugin. -->","yoast_head_json":{"title":"Nachweis von synthetischen Duftstoffen - Synthetische Duftstoffe Freie Anspruchspr\u00fcfung","description":"Bescheinige mit einem professionellen Labortest, dass dein Produkt frei von synthetischen Duftstoffen ist.","robots":{"index":"index","follow":"follow","max-snippet":"max-snippet:-1","max-image-preview":"max-image-preview:large","max-video-preview":"max-video-preview:-1"},"canonical":"https:\/\/www.certifiedcosmetics.com\/de\/product\/uberprufung-von-angaben-und-inhaltsstoffen\/nachweis-von-synthetischen-duftstoffen-synthetische-duftstoffe-freie-anspruchspruefung\/","og_locale":"de_DE","og_type":"article","og_title":"Nachweis von synthetischen Duftstoffen - Synthetische Duftstoffe Freie Anspruchspr\u00fcfung","og_description":"Bescheinige mit einem professionellen Labortest, dass dein Produkt frei von synthetischen Duftstoffen ist.","og_url":"https:\/\/www.certifiedcosmetics.com\/de\/product\/uberprufung-von-angaben-und-inhaltsstoffen\/nachweis-von-synthetischen-duftstoffen-synthetische-duftstoffe-freie-anspruchspruefung\/","og_site_name":"Certified Cosmetics","og_image":[{"width":800,"height":800,"url":"https:\/\/www.certifiedcosmetics.com\/wp-content\/uploads\/2025\/07\/Synthetic-Fragrance-Detection-Synthetic-Fragrance-Free-Claim-Verification.jpg","type":"image\/jpeg"}],"twitter_card":"summary_large_image","twitter_misc":{"Preis":"&#36;176.54","Verf\u00fcgbarkeit":"Auf Lager"},"schema":{"@context":"https:\/\/schema.org","@graph":[{"@type":"WebPage","@id":"https:\/\/www.certifiedcosmetics.com\/de\/product\/uberprufung-von-angaben-und-inhaltsstoffen\/nachweis-von-synthetischen-duftstoffen-synthetische-duftstoffe-freie-anspruchspruefung\/","url":"https:\/\/www.certifiedcosmetics.com\/de\/product\/uberprufung-von-angaben-und-inhaltsstoffen\/nachweis-von-synthetischen-duftstoffen-synthetische-duftstoffe-freie-anspruchspruefung\/","name":"Nachweis von synthetischen Duftstoffen - Synthetische Duftstoffe Freie Anspruchspr\u00fcfung","isPartOf":{"@id":"https:\/\/www.certifiedcosmetics.com\/de\/#website"},"primaryImageOfPage":{"@id":"https:\/\/www.certifiedcosmetics.com\/de\/product\/uberprufung-von-angaben-und-inhaltsstoffen\/nachweis-von-synthetischen-duftstoffen-synthetische-duftstoffe-freie-anspruchspruefung\/#primaryimage"},"image":{"@id":"https:\/\/www.certifiedcosmetics.com\/de\/product\/uberprufung-von-angaben-und-inhaltsstoffen\/nachweis-von-synthetischen-duftstoffen-synthetische-duftstoffe-freie-anspruchspruefung\/#primaryimage"},"thumbnailUrl":"https:\/\/www.certifiedcosmetics.com\/wp-content\/uploads\/2025\/07\/Synthetic-Fragrance-Detection-Synthetic-Fragrance-Free-Claim-Verification.jpg","datePublished":"2025-07-04T15:07:59+00:00","description":"Bescheinige mit einem professionellen Labortest, dass dein Produkt frei von synthetischen Duftstoffen ist.","breadcrumb":{"@id":"https:\/\/www.certifiedcosmetics.com\/de\/product\/uberprufung-von-angaben-und-inhaltsstoffen\/nachweis-von-synthetischen-duftstoffen-synthetische-duftstoffe-freie-anspruchspruefung\/#breadcrumb"},"inLanguage":"de","potentialAction":[{"@type":"ReadAction","target":["https:\/\/www.certifiedcosmetics.com\/de\/product\/uberprufung-von-angaben-und-inhaltsstoffen\/nachweis-von-synthetischen-duftstoffen-synthetische-duftstoffe-freie-anspruchspruefung\/"]}]},{"@type":"ImageObject","inLanguage":"de","@id":"https:\/\/www.certifiedcosmetics.com\/de\/product\/uberprufung-von-angaben-und-inhaltsstoffen\/nachweis-von-synthetischen-duftstoffen-synthetische-duftstoffe-freie-anspruchspruefung\/#primaryimage","url":"https:\/\/www.certifiedcosmetics.com\/wp-content\/uploads\/2025\/07\/Synthetic-Fragrance-Detection-Synthetic-Fragrance-Free-Claim-Verification.jpg","contentUrl":"https:\/\/www.certifiedcosmetics.com\/wp-content\/uploads\/2025\/07\/Synthetic-Fragrance-Detection-Synthetic-Fragrance-Free-Claim-Verification.jpg","width":800,"height":800},{"@type":"BreadcrumbList","@id":"https:\/\/www.certifiedcosmetics.com\/de\/product\/uberprufung-von-angaben-und-inhaltsstoffen\/nachweis-von-synthetischen-duftstoffen-synthetische-duftstoffe-freie-anspruchspruefung\/#breadcrumb","itemListElement":[{"@type":"ListItem","position":1,"name":"Home","item":"https:\/\/www.certifiedcosmetics.com\/de\/"},{"@type":"ListItem","position":2,"name":"Shop","item":"https:\/\/www.certifiedcosmetics.com\/de\/shop-2\/"},{"@type":"ListItem","position":3,"name":"Nachweis von synthetischen Duftstoffen &#8211; Synthetische Duftstoffe Freie Anspruchspr\u00fcfung"}]},{"@type":"WebSite","@id":"https:\/\/www.certifiedcosmetics.com\/de\/#website","url":"https:\/\/www.certifiedcosmetics.com\/de\/","name":"Certified Cosmetics","description":"Cosmetic Safety Assessment","publisher":{"@id":"https:\/\/www.certifiedcosmetics.com\/de\/#organization"},"potentialAction":[{"@type":"SearchAction","target":{"@type":"EntryPoint","urlTemplate":"https:\/\/www.certifiedcosmetics.com\/de\/?s={search_term_string}"},"query-input":{"@type":"PropertyValueSpecification","valueRequired":true,"valueName":"search_term_string"}}],"inLanguage":"de"},{"@type":"Organization","@id":"https:\/\/www.certifiedcosmetics.com\/de\/#organization","name":"Certified Cosmetics","url":"https:\/\/www.certifiedcosmetics.com\/de\/","logo":{"@type":"ImageObject","inLanguage":"de","@id":"https:\/\/www.certifiedcosmetics.com\/de\/#\/schema\/logo\/image\/","url":"https:\/\/www.certifiedcosmetics.com\/wp-content\/uploads\/2024\/12\/logo_certified_cosmetics696.jpg","contentUrl":"https:\/\/www.certifiedcosmetics.com\/wp-content\/uploads\/2024\/12\/logo_certified_cosmetics696.jpg","width":696,"height":696,"caption":"Certified Cosmetics"},"image":{"@id":"https:\/\/www.certifiedcosmetics.com\/de\/#\/schema\/logo\/image\/"},"description":"Your trusted partner for cosmetic product safety reporting. We take care of updating all of your documentation, ensuring your compliance stays current even as regulations evolve. The Cosmetic Product Safety Assessment will give you everything you need to sell specific products to EU consumers.","email":"contact@certifiedcosmetics.com","telephone":"+31 36 2036384","legalName":"Certified Cosmetics","foundingDate":"2010-01-01","vatID":"NL854189543B01","numberOfEmployees":{"@type":"QuantitativeValue","minValue":"11","maxValue":"50"}}]},"product_price_amount":"176.54","product_price_currency":"USD","og_availability":"instock","product_availability":"instock","product_condition":"new"},"_links":{"self":[{"href":"https:\/\/www.certifiedcosmetics.com\/de\/wp-json\/wp\/v2\/product\/12276","targetHints":{"allow":["GET"]}}],"collection":[{"href":"https:\/\/www.certifiedcosmetics.com\/de\/wp-json\/wp\/v2\/product"}],"about":[{"href":"https:\/\/www.certifiedcosmetics.com\/de\/wp-json\/wp\/v2\/types\/product"}],"wp:featuredmedia":[{"embeddable":true,"href":"https:\/\/www.certifiedcosmetics.com\/de\/wp-json\/wp\/v2\/media\/12232"}],"wp:attachment":[{"href":"https:\/\/www.certifiedcosmetics.com\/de\/wp-json\/wp\/v2\/media?parent=12276"}],"wp:term":[{"taxonomy":"product_brand","embeddable":true,"href":"https:\/\/www.certifiedcosmetics.com\/de\/wp-json\/wp\/v2\/product_brand?post=12276"},{"taxonomy":"product_cat","embeddable":true,"href":"https:\/\/www.certifiedcosmetics.com\/de\/wp-json\/wp\/v2\/product_cat?post=12276"},{"taxonomy":"product_tag","embeddable":true,"href":"https:\/\/www.certifiedcosmetics.com\/de\/wp-json\/wp\/v2\/product_tag?post=12276"}],"curies":[{"name":"wp","href":"https:\/\/api.w.org\/{rel}","templated":true}]}}