{"id":12262,"date":"2025-07-04T16:07:54","date_gmt":"2025-07-04T15:07:54","guid":{"rendered":"https:\/\/www.certifiedcosmetics.com\/product\/senza-categoria\/ammoniak-detektion-ammoniakfreie-schadensueberpruefung\/"},"modified":"2025-07-04T16:07:54","modified_gmt":"2025-07-04T15:07:54","slug":"ammoniak-detektion-ammoniakfreie-schadensueberpruefung","status":"publish","type":"product","link":"https:\/\/www.certifiedcosmetics.com\/de\/product\/uberprufung-von-angaben-und-inhaltsstoffen\/ammoniak-detektion-ammoniakfreie-schadensueberpruefung\/","title":{"rendered":"Ammoniak-Detektion &#8211; Ammoniakfreie Schadens\u00fcberpr\u00fcfung"},"content":{"rendered":"<h2>Was ist Ammoniak?<\/h2>\n<p><strong>Ammoniak<\/strong> ist eine Verbindung, die h\u00e4ufig in Haarf\u00e4rbemitteln, Bleichmitteln und bestimmten Reinigungsprodukten enthalten ist und f\u00fcr ihren starken Geruch und ihre starke chemische Wirkung bekannt ist. Viele Verbraucherinnen und Verbraucher bevorzugen jedoch Produkte ohne Ammoniak, weil sie Bedenken wegen Reizungen und D\u00e4mpfen haben. <\/p>\n<h2>Warum ist die Erkennung von Ammoniak wichtig?<\/h2>\n<p>In Produktkategorien wie Haarf\u00e4rbung, Pflege und Reinigung steht die Angabe &#8220;ammoniakfrei&#8221; f\u00fcr eine sanftere und weniger scharfe Alternative. Dieser Service hilft dir: <\/p>\n<ul>\n<li><strong>\u00dcberpr\u00fcfe die Behauptung &#8220;ammoniakfrei&#8221;:<\/strong> Bestimme genau, ob deine Formulierungen Ammoniak enthalten oder nicht.<\/li>\n<li><strong>Steigern Sie die Attraktivit\u00e4t Ihrer Produkte:<\/strong> Positioniere deine Produkte als bevorzugte Wahl f\u00fcr Verbraucher, die nach milderen Optionen suchen.<\/li>\n<li><strong>Konformit\u00e4t sicherstellen:<\/strong> Erf\u00fclle die spezifischen Marktanforderungen f\u00fcr ammoniakfreie Produkte und sorge f\u00fcr Produktintegrit\u00e4t und transparente Kommunikation.<\/li>\n<\/ul>\n<h2>Ammoniak-Detektion<\/h2>\n<p>Unser Test zum Nachweis von Ammoniak stellt genau fest, ob Ammoniak in deinen Rezepturen vorhanden ist oder nicht. Dieser Nachweis ist wichtig f\u00fcr Marken, die bestimmte Marktanforderungen f\u00fcr ammoniakfreie Produkte erf\u00fcllen wollen, um die Produktintegrit\u00e4t und eine transparente Kommunikation mit den Verbrauchern zu gew\u00e4hrleisten. <\/p>\n<p>Z\u00f6gere nicht, uns zu kontaktieren, um sicherzustellen, dass deine Produkte die <strong>Marktanforderungen<\/strong> erf\u00fcllen und <strong>die Qualit\u00e4tserwartungen \u00fcbertreffen<\/strong>.<\/p>\n","protected":false},"excerpt":{"rendered":"<p><br data-mce-bogus=\"1\"><\/p>\n","protected":false},"featured_media":12106,"template":"","meta":[],"product_brand":[],"product_cat":[437],"product_tag":[],"class_list":{"0":"post-12262","1":"product","2":"type-product","3":"status-publish","4":"has-post-thumbnail","6":"product_cat-uberprufung-von-angaben-und-inhaltsstoffen","8":"first","9":"instock","10":"virtual","11":"taxable","12":"purchasable","13":"product-type-simple"},"bundled_by":[],"bundle_stock_status":"instock","bundle_stock_quantity":null,"bundle_virtual":false,"bundle_layout":"","bundle_add_to_cart_form_location":"","bundle_editable_in_cart":false,"bundle_sold_individually_context":"","bundle_item_grouping":"","bundle_min_size":"","bundle_max_size":"","bundle_price":[],"bundled_items":[],"bundle_sell_ids":[],"yoast_head":"<!-- This site is optimized with the Yoast SEO Premium plugin v25.4 (Yoast SEO v25.4) - https:\/\/yoast.com\/wordpress\/plugins\/seo\/ -->\n<title>Ammoniak-Detektion - Ammoniakfreie Schadens\u00fcberpr\u00fcfung<\/title>\n<meta name=\"description\" content=\"Stelle mit wissenschaftlichen Laboranalysen und Tests sicher, dass dein Produkt kein Ammoniak enth\u00e4lt.\" \/>\n<meta name=\"robots\" content=\"index, follow, max-snippet:-1, max-image-preview:large, max-video-preview:-1\" \/>\n<link rel=\"canonical\" href=\"https:\/\/www.certifiedcosmetics.com\/de\/product\/uberprufung-von-angaben-und-inhaltsstoffen\/ammoniak-detektion-ammoniakfreie-schadensueberpruefung\/\" \/>\n<meta property=\"og:locale\" content=\"de_DE\" \/>\n<meta property=\"og:type\" content=\"article\" \/>\n<meta property=\"og:title\" content=\"Ammoniak-Detektion - Ammoniakfreie Schadens\u00fcberpr\u00fcfung\" \/>\n<meta property=\"og:description\" content=\"Stelle mit wissenschaftlichen Laboranalysen und Tests sicher, dass dein Produkt kein Ammoniak enth\u00e4lt.\" \/>\n<meta property=\"og:url\" content=\"https:\/\/www.certifiedcosmetics.com\/de\/product\/uberprufung-von-angaben-und-inhaltsstoffen\/ammoniak-detektion-ammoniakfreie-schadensueberpruefung\/\" \/>\n<meta property=\"og:site_name\" content=\"Certified Cosmetics\" \/>\n<meta property=\"og:image\" content=\"https:\/\/www.certifiedcosmetics.com\/wp-content\/uploads\/2025\/07\/Ammonia-Detection-Ammonia-Free-Claim-Verification.jpg\" \/>\n\t<meta property=\"og:image:width\" content=\"800\" \/>\n\t<meta property=\"og:image:height\" content=\"800\" \/>\n\t<meta property=\"og:image:type\" content=\"image\/jpeg\" \/>\n<meta name=\"twitter:card\" content=\"summary_large_image\" \/>\n<meta name=\"twitter:label1\" content=\"Preis\" \/>\n\t<meta name=\"twitter:data1\" content=\"&#036;175.41\" \/>\n\t<meta name=\"twitter:label2\" content=\"Verf\u00fcgbarkeit\" \/>\n\t<meta name=\"twitter:data2\" content=\"Auf Lager\" \/>\n<script type=\"application\/ld+json\" class=\"yoast-schema-graph\">{\"@context\":\"https:\/\/schema.org\",\"@graph\":[{\"@type\":\"WebPage\",\"@id\":\"https:\/\/www.certifiedcosmetics.com\/de\/product\/uberprufung-von-angaben-und-inhaltsstoffen\/ammoniak-detektion-ammoniakfreie-schadensueberpruefung\/\",\"url\":\"https:\/\/www.certifiedcosmetics.com\/de\/product\/uberprufung-von-angaben-und-inhaltsstoffen\/ammoniak-detektion-ammoniakfreie-schadensueberpruefung\/\",\"name\":\"Ammoniak-Detektion - Ammoniakfreie Schadens\u00fcberpr\u00fcfung\",\"isPartOf\":{\"@id\":\"https:\/\/www.certifiedcosmetics.com\/de\/#website\"},\"primaryImageOfPage\":{\"@id\":\"https:\/\/www.certifiedcosmetics.com\/de\/product\/uberprufung-von-angaben-und-inhaltsstoffen\/ammoniak-detektion-ammoniakfreie-schadensueberpruefung\/#primaryimage\"},\"image\":{\"@id\":\"https:\/\/www.certifiedcosmetics.com\/de\/product\/uberprufung-von-angaben-und-inhaltsstoffen\/ammoniak-detektion-ammoniakfreie-schadensueberpruefung\/#primaryimage\"},\"thumbnailUrl\":\"https:\/\/www.certifiedcosmetics.com\/wp-content\/uploads\/2025\/07\/Ammonia-Detection-Ammonia-Free-Claim-Verification.jpg\",\"datePublished\":\"2025-07-04T15:07:54+00:00\",\"description\":\"Stelle mit wissenschaftlichen Laboranalysen und Tests sicher, dass dein Produkt kein Ammoniak enth\u00e4lt.\",\"breadcrumb\":{\"@id\":\"https:\/\/www.certifiedcosmetics.com\/de\/product\/uberprufung-von-angaben-und-inhaltsstoffen\/ammoniak-detektion-ammoniakfreie-schadensueberpruefung\/#breadcrumb\"},\"inLanguage\":\"de\",\"potentialAction\":[{\"@type\":\"ReadAction\",\"target\":[\"https:\/\/www.certifiedcosmetics.com\/de\/product\/uberprufung-von-angaben-und-inhaltsstoffen\/ammoniak-detektion-ammoniakfreie-schadensueberpruefung\/\"]}]},{\"@type\":\"ImageObject\",\"inLanguage\":\"de\",\"@id\":\"https:\/\/www.certifiedcosmetics.com\/de\/product\/uberprufung-von-angaben-und-inhaltsstoffen\/ammoniak-detektion-ammoniakfreie-schadensueberpruefung\/#primaryimage\",\"url\":\"https:\/\/www.certifiedcosmetics.com\/wp-content\/uploads\/2025\/07\/Ammonia-Detection-Ammonia-Free-Claim-Verification.jpg\",\"contentUrl\":\"https:\/\/www.certifiedcosmetics.com\/wp-content\/uploads\/2025\/07\/Ammonia-Detection-Ammonia-Free-Claim-Verification.jpg\",\"width\":800,\"height\":800},{\"@type\":\"BreadcrumbList\",\"@id\":\"https:\/\/www.certifiedcosmetics.com\/de\/product\/uberprufung-von-angaben-und-inhaltsstoffen\/ammoniak-detektion-ammoniakfreie-schadensueberpruefung\/#breadcrumb\",\"itemListElement\":[{\"@type\":\"ListItem\",\"position\":1,\"name\":\"Home\",\"item\":\"https:\/\/www.certifiedcosmetics.com\/de\/\"},{\"@type\":\"ListItem\",\"position\":2,\"name\":\"Shop\",\"item\":\"https:\/\/www.certifiedcosmetics.com\/de\/shop-2\/\"},{\"@type\":\"ListItem\",\"position\":3,\"name\":\"Ammoniak-Detektion &#8211; Ammoniakfreie Schadens\u00fcberpr\u00fcfung\"}]},{\"@type\":\"WebSite\",\"@id\":\"https:\/\/www.certifiedcosmetics.com\/de\/#website\",\"url\":\"https:\/\/www.certifiedcosmetics.com\/de\/\",\"name\":\"Certified Cosmetics\",\"description\":\"Cosmetic Safety Assessment\",\"publisher\":{\"@id\":\"https:\/\/www.certifiedcosmetics.com\/de\/#organization\"},\"potentialAction\":[{\"@type\":\"SearchAction\",\"target\":{\"@type\":\"EntryPoint\",\"urlTemplate\":\"https:\/\/www.certifiedcosmetics.com\/de\/?s={search_term_string}\"},\"query-input\":{\"@type\":\"PropertyValueSpecification\",\"valueRequired\":true,\"valueName\":\"search_term_string\"}}],\"inLanguage\":\"de\"},{\"@type\":\"Organization\",\"@id\":\"https:\/\/www.certifiedcosmetics.com\/de\/#organization\",\"name\":\"Certified Cosmetics\",\"url\":\"https:\/\/www.certifiedcosmetics.com\/de\/\",\"logo\":{\"@type\":\"ImageObject\",\"inLanguage\":\"de\",\"@id\":\"https:\/\/www.certifiedcosmetics.com\/de\/#\/schema\/logo\/image\/\",\"url\":\"https:\/\/www.certifiedcosmetics.com\/wp-content\/uploads\/2024\/12\/logo_certified_cosmetics696.jpg\",\"contentUrl\":\"https:\/\/www.certifiedcosmetics.com\/wp-content\/uploads\/2024\/12\/logo_certified_cosmetics696.jpg\",\"width\":696,\"height\":696,\"caption\":\"Certified Cosmetics\"},\"image\":{\"@id\":\"https:\/\/www.certifiedcosmetics.com\/de\/#\/schema\/logo\/image\/\"},\"description\":\"Your trusted partner for cosmetic product safety reporting. We take care of updating all of your documentation, ensuring your compliance stays current even as regulations evolve. The Cosmetic Product Safety Assessment will give you everything you need to sell specific products to EU consumers.\",\"email\":\"contact@certifiedcosmetics.com\",\"telephone\":\"+31 36 2036384\",\"legalName\":\"Certified Cosmetics\",\"foundingDate\":\"2010-01-01\",\"vatID\":\"NL854189543B01\",\"numberOfEmployees\":{\"@type\":\"QuantitativeValue\",\"minValue\":\"11\",\"maxValue\":\"50\"}}]}<\/script>\n<meta property=\"product:price:amount\" content=\"175.41\" \/>\n<meta property=\"product:price:currency\" content=\"USD\" \/>\n<meta property=\"og:availability\" content=\"instock\" \/>\n<meta property=\"product:availability\" content=\"instock\" \/>\n<meta property=\"product:retailer_item_id\" content=\"CC100018\" \/>\n<meta property=\"product:condition\" content=\"new\" \/>\n<!-- \/ Yoast SEO Premium plugin. -->","yoast_head_json":{"title":"Ammoniak-Detektion - Ammoniakfreie Schadens\u00fcberpr\u00fcfung","description":"Stelle mit wissenschaftlichen Laboranalysen und Tests sicher, dass dein Produkt kein Ammoniak enth\u00e4lt.","robots":{"index":"index","follow":"follow","max-snippet":"max-snippet:-1","max-image-preview":"max-image-preview:large","max-video-preview":"max-video-preview:-1"},"canonical":"https:\/\/www.certifiedcosmetics.com\/de\/product\/uberprufung-von-angaben-und-inhaltsstoffen\/ammoniak-detektion-ammoniakfreie-schadensueberpruefung\/","og_locale":"de_DE","og_type":"article","og_title":"Ammoniak-Detektion - Ammoniakfreie Schadens\u00fcberpr\u00fcfung","og_description":"Stelle mit wissenschaftlichen Laboranalysen und Tests sicher, dass dein Produkt kein Ammoniak enth\u00e4lt.","og_url":"https:\/\/www.certifiedcosmetics.com\/de\/product\/uberprufung-von-angaben-und-inhaltsstoffen\/ammoniak-detektion-ammoniakfreie-schadensueberpruefung\/","og_site_name":"Certified Cosmetics","og_image":[{"width":800,"height":800,"url":"https:\/\/www.certifiedcosmetics.com\/wp-content\/uploads\/2025\/07\/Ammonia-Detection-Ammonia-Free-Claim-Verification.jpg","type":"image\/jpeg"}],"twitter_card":"summary_large_image","twitter_misc":{"Preis":"&#36;175.41","Verf\u00fcgbarkeit":"Auf Lager"},"schema":{"@context":"https:\/\/schema.org","@graph":[{"@type":"WebPage","@id":"https:\/\/www.certifiedcosmetics.com\/de\/product\/uberprufung-von-angaben-und-inhaltsstoffen\/ammoniak-detektion-ammoniakfreie-schadensueberpruefung\/","url":"https:\/\/www.certifiedcosmetics.com\/de\/product\/uberprufung-von-angaben-und-inhaltsstoffen\/ammoniak-detektion-ammoniakfreie-schadensueberpruefung\/","name":"Ammoniak-Detektion - Ammoniakfreie Schadens\u00fcberpr\u00fcfung","isPartOf":{"@id":"https:\/\/www.certifiedcosmetics.com\/de\/#website"},"primaryImageOfPage":{"@id":"https:\/\/www.certifiedcosmetics.com\/de\/product\/uberprufung-von-angaben-und-inhaltsstoffen\/ammoniak-detektion-ammoniakfreie-schadensueberpruefung\/#primaryimage"},"image":{"@id":"https:\/\/www.certifiedcosmetics.com\/de\/product\/uberprufung-von-angaben-und-inhaltsstoffen\/ammoniak-detektion-ammoniakfreie-schadensueberpruefung\/#primaryimage"},"thumbnailUrl":"https:\/\/www.certifiedcosmetics.com\/wp-content\/uploads\/2025\/07\/Ammonia-Detection-Ammonia-Free-Claim-Verification.jpg","datePublished":"2025-07-04T15:07:54+00:00","description":"Stelle mit wissenschaftlichen Laboranalysen und Tests sicher, dass dein Produkt kein Ammoniak enth\u00e4lt.","breadcrumb":{"@id":"https:\/\/www.certifiedcosmetics.com\/de\/product\/uberprufung-von-angaben-und-inhaltsstoffen\/ammoniak-detektion-ammoniakfreie-schadensueberpruefung\/#breadcrumb"},"inLanguage":"de","potentialAction":[{"@type":"ReadAction","target":["https:\/\/www.certifiedcosmetics.com\/de\/product\/uberprufung-von-angaben-und-inhaltsstoffen\/ammoniak-detektion-ammoniakfreie-schadensueberpruefung\/"]}]},{"@type":"ImageObject","inLanguage":"de","@id":"https:\/\/www.certifiedcosmetics.com\/de\/product\/uberprufung-von-angaben-und-inhaltsstoffen\/ammoniak-detektion-ammoniakfreie-schadensueberpruefung\/#primaryimage","url":"https:\/\/www.certifiedcosmetics.com\/wp-content\/uploads\/2025\/07\/Ammonia-Detection-Ammonia-Free-Claim-Verification.jpg","contentUrl":"https:\/\/www.certifiedcosmetics.com\/wp-content\/uploads\/2025\/07\/Ammonia-Detection-Ammonia-Free-Claim-Verification.jpg","width":800,"height":800},{"@type":"BreadcrumbList","@id":"https:\/\/www.certifiedcosmetics.com\/de\/product\/uberprufung-von-angaben-und-inhaltsstoffen\/ammoniak-detektion-ammoniakfreie-schadensueberpruefung\/#breadcrumb","itemListElement":[{"@type":"ListItem","position":1,"name":"Home","item":"https:\/\/www.certifiedcosmetics.com\/de\/"},{"@type":"ListItem","position":2,"name":"Shop","item":"https:\/\/www.certifiedcosmetics.com\/de\/shop-2\/"},{"@type":"ListItem","position":3,"name":"Ammoniak-Detektion &#8211; Ammoniakfreie Schadens\u00fcberpr\u00fcfung"}]},{"@type":"WebSite","@id":"https:\/\/www.certifiedcosmetics.com\/de\/#website","url":"https:\/\/www.certifiedcosmetics.com\/de\/","name":"Certified Cosmetics","description":"Cosmetic Safety Assessment","publisher":{"@id":"https:\/\/www.certifiedcosmetics.com\/de\/#organization"},"potentialAction":[{"@type":"SearchAction","target":{"@type":"EntryPoint","urlTemplate":"https:\/\/www.certifiedcosmetics.com\/de\/?s={search_term_string}"},"query-input":{"@type":"PropertyValueSpecification","valueRequired":true,"valueName":"search_term_string"}}],"inLanguage":"de"},{"@type":"Organization","@id":"https:\/\/www.certifiedcosmetics.com\/de\/#organization","name":"Certified Cosmetics","url":"https:\/\/www.certifiedcosmetics.com\/de\/","logo":{"@type":"ImageObject","inLanguage":"de","@id":"https:\/\/www.certifiedcosmetics.com\/de\/#\/schema\/logo\/image\/","url":"https:\/\/www.certifiedcosmetics.com\/wp-content\/uploads\/2024\/12\/logo_certified_cosmetics696.jpg","contentUrl":"https:\/\/www.certifiedcosmetics.com\/wp-content\/uploads\/2024\/12\/logo_certified_cosmetics696.jpg","width":696,"height":696,"caption":"Certified Cosmetics"},"image":{"@id":"https:\/\/www.certifiedcosmetics.com\/de\/#\/schema\/logo\/image\/"},"description":"Your trusted partner for cosmetic product safety reporting. We take care of updating all of your documentation, ensuring your compliance stays current even as regulations evolve. The Cosmetic Product Safety Assessment will give you everything you need to sell specific products to EU consumers.","email":"contact@certifiedcosmetics.com","telephone":"+31 36 2036384","legalName":"Certified Cosmetics","foundingDate":"2010-01-01","vatID":"NL854189543B01","numberOfEmployees":{"@type":"QuantitativeValue","minValue":"11","maxValue":"50"}}]},"product_price_amount":"175.41","product_price_currency":"USD","og_availability":"instock","product_availability":"instock","product_retailer_item_id":"CC100018","product_condition":"new"},"_links":{"self":[{"href":"https:\/\/www.certifiedcosmetics.com\/de\/wp-json\/wp\/v2\/product\/12262","targetHints":{"allow":["GET"]}}],"collection":[{"href":"https:\/\/www.certifiedcosmetics.com\/de\/wp-json\/wp\/v2\/product"}],"about":[{"href":"https:\/\/www.certifiedcosmetics.com\/de\/wp-json\/wp\/v2\/types\/product"}],"wp:featuredmedia":[{"embeddable":true,"href":"https:\/\/www.certifiedcosmetics.com\/de\/wp-json\/wp\/v2\/media\/12106"}],"wp:attachment":[{"href":"https:\/\/www.certifiedcosmetics.com\/de\/wp-json\/wp\/v2\/media?parent=12262"}],"wp:term":[{"taxonomy":"product_brand","embeddable":true,"href":"https:\/\/www.certifiedcosmetics.com\/de\/wp-json\/wp\/v2\/product_brand?post=12262"},{"taxonomy":"product_cat","embeddable":true,"href":"https:\/\/www.certifiedcosmetics.com\/de\/wp-json\/wp\/v2\/product_cat?post=12262"},{"taxonomy":"product_tag","embeddable":true,"href":"https:\/\/www.certifiedcosmetics.com\/de\/wp-json\/wp\/v2\/product_tag?post=12262"}],"curies":[{"name":"wp","href":"https:\/\/api.w.org\/{rel}","templated":true}]}}