{"id":11920,"date":"2025-06-23T14:51:35","date_gmt":"2025-06-23T13:51:35","guid":{"rendered":"https:\/\/www.certifiedcosmetics.com\/?post_type=product&#038;p=11920"},"modified":"2025-06-23T15:29:14","modified_gmt":"2025-06-23T14:29:14","slug":"bewertung-der-sicherheit-kosmetischer-produkte-copy","status":"publish","type":"product","link":"https:\/\/www.certifiedcosmetics.com\/de\/product\/kosmetische-sicherheitsprufung\/bewertung-der-sicherheit-kosmetischer-produkte-copy\/","title":{"rendered":"Sicherheitsbewertung f\u00fcr kosmetische Mittel Extra-Variante"},"content":{"rendered":"<p><strong>Diese Extravariante der Sicherheitsbewertung f\u00fcr kosmetische Produkte kann nur gekauft werden, wenn zuvor eine Bewertung bei Certified Cosmetics gekauft wurde. Mit der Extravariante kannst du einer bestehenden Bewertung eine zus\u00e4tzliche Variante hinzuf\u00fcgen. <\/strong><\/p>\n<h2>Was ist eine Variation?<\/h2>\n<p>Du kannst oft mehrere Produktvariationen herstellen, indem du nur den Duft oder die Farbe einer Grundrezeptur \u00e4nderst. Wenn du dich in diesen speziellen F\u00e4llen f\u00fcr die Variationsoption entscheidest, profitierst du von niedrigeren Kosten und stellst gleichzeitig sicher, dass deine Produktvariationen weiterhin den Vorschriften f\u00fcr kosmetische Sicherheit entsprechen. F\u00fcr jede Variation erstellen wir das PIF mit CPSR und f\u00fchren einen Labortest durch. F\u00fcr 2 Variationen werden 2 PIFs mit CPSR erstellt und 2 Labortests durchgef\u00fchrt.   <\/p>\n<h3>Wann w\u00e4hlst du die Option &#8220;Variante&#8221;?<\/h3>\n<ol>\n<li><b>\u00c4ndern des Duftes<\/b>: Wenn die einzige \u00c4nderung an der Grundzusammensetzung eine \u00c4nderung des Duftes ist, kannst du die Option Variante w\u00e4hlen. Das liegt daran, dass die Grundrezeptur gleich bleibt und nur der Duft ge\u00e4ndert wird. <\/li>\n<li><b>\u00c4nderung der Farbe<\/b>: Wenn du die Farbe des Produkts \u00e4nderst, ohne neue Zutaten oder Rohstoffe einzuf\u00fchren, gilt auch hier der Variantenpreis.<\/li>\n<\/ol>\n<p><strong>Beispiel 1<\/strong><\/p>\n<p>Variante 1 Seifenbestandteile:<\/p>\n<ul>\n<li>96% Seifenbasis wei\u00df<\/li>\n<li>2% Aloe-Vera-Pulver<\/li>\n<li><b>Parf\u00fcm\u00f6l<\/b> &#8211; 2% \u00e4therisches Lavendel\u00f6l<\/li>\n<\/ul>\n<p>Variante 2 mit ver\u00e4ndertem Duft:<\/p>\n<ul>\n<li>96% wei\u00dfe Seifenbasis<\/li>\n<li>2% Aloe-Vera-Pulver<\/li>\n<li><b>Neues Duft\u00f6l<\/b> &#8211; 2% \u00e4therisches Zitrus\u00f6l<\/li>\n<\/ul>\n<p>Variante 3 mit ver\u00e4ndertem Duft:<\/p>\n<ul>\n<li>96% wei\u00dfe Seifenbasis<\/li>\n<li>2% Aloe-Vera-Pulver<\/li>\n<li><b>Neues Duft\u00f6l<\/b> &#8211; 2% \u00e4therisches Ylang-Ylang-\u00d6l<\/li>\n<\/ul>\n<p>Diese Sorten behalten dieselben Grundbestandteile, \u00e4ndern aber den Duft von Lavendel zu Zitrusfr\u00fcchten und Ylang Ylang. Da die Zusammensetzung bis auf den Duft unver\u00e4ndert bleibt, w\u00e4hle die Option 3 Sorten. <\/p>\n<p><strong>Beispiel 2<\/strong><\/p>\n<p>Variante 1 Seifenbestandteile:<\/p>\n<ul>\n<li>20% Wasser<\/li>\n<li>10% Natriumhydroxid<\/li>\n<li>16% Oliven\u00f6l<\/li>\n<li>10% Palm\u00f6l<\/li>\n<li>10% Reiskleie\u00f6l<\/li>\n<li>16% Kokosnuss\u00f6l<\/li>\n<li>12% Lorbeer\u00f6l<\/li>\n<li>3% Duft\u00f6l<\/li>\n<li><b>Farbe<\/b> &#8211; 1% Glimmer waldgr\u00fcn<\/li>\n<li><b>Farbe<\/b> &#8211; 1% Glimmer blau<\/li>\n<li><b>Farbe<\/b> &#8211; 1% Glimmer orange<\/li>\n<\/ul>\n<p>Variante 2 mit ge\u00e4nderter Farbe:<\/p>\n<ul>\n<li>20% Wasser<\/li>\n<li>10% Natriumhydroxid<\/li>\n<li>16% Oliven\u00f6l<\/li>\n<li>10% Palm\u00f6l<\/li>\n<li>10% Reiskleie\u00f6l<\/li>\n<li>16% Kokosnuss\u00f6l<\/li>\n<li>12% Lorbeer\u00f6l<\/li>\n<li>3% Duft\u00f6l<\/li>\n<li><b>Neue Farbe &#8211;<\/b>1% Glimmer goldgelb<\/li>\n<li><b>Neue Farbe &#8211;<\/b>1% Glimmer schwarz<\/li>\n<li><b>Neue Farbe &#8211;<\/b>1% Glimmer wei\u00df<\/li>\n<\/ul>\n<p>Diese Variante beh\u00e4lt die gleichen Grundzutaten bei, \u00e4ndert aber nur die Farben. Da die Zusammensetzung, abgesehen von den Farben, unver\u00e4ndert bleibt, w\u00e4hle die Variante 2. <\/p>\n<p><b>Wichtiger Hinweis<\/b>: Wenn zus\u00e4tzliche Rohstoffe hinzugef\u00fcgt werden (z. B. ein neuer Wirkstoff, ein Pflanzenextrakt, Konservierungsmittel oder ein anderer Inhaltsstoff, der die Rezeptur ver\u00e4ndert), <b><u>wird dies nicht als eine Variante gez\u00e4hlt<\/u><\/b>da es sich bei der neuen Formulierung um eine wesentliche \u00c4nderung handelt.<\/p>\n","protected":false},"excerpt":{"rendered":"<p>Diese Extravariante der Sicherheitsbewertung f\u00fcr kosmetische Produkte kann nur gekauft werden, wenn zuvor eine Bewertung bei Certified Cosmetics gekauft wurde. Mit der Extravariante kannst du einer bestehenden Bewertung eine zus\u00e4tzliche Variante hinzuf\u00fcgen. Was ist eine Variation? Du kannst oft mehrere Produktvariationen herstellen, indem du nur den Duft oder die Farbe einer Grundrezeptur \u00e4nderst. Wenn du&#8230;<\/p>\n","protected":false},"featured_media":6573,"template":"","meta":[],"product_brand":[],"product_cat":[114],"product_tag":[],"class_list":{"0":"post-11920","1":"product","2":"type-product","3":"status-publish","4":"has-post-thumbnail","6":"product_cat-kosmetische-sicherheitsprufung","8":"first","9":"instock","10":"virtual","11":"taxable","12":"purchasable","13":"product-type-bundle"},"bundled_by":[],"bundle_stock_status":"instock","bundle_stock_quantity":"","bundle_virtual":false,"bundle_layout":"default","bundle_add_to_cart_form_location":"default","bundle_editable_in_cart":false,"bundle_sold_individually_context":"product","bundle_item_grouping":"parent","bundle_min_size":"","bundle_max_size":"","bundle_price":{"price":{"min":{"incl_tax":"582.62","excl_tax":"481.5"},"max":{"incl_tax":"","excl_tax":""}},"regular_price":{"min":{"incl_tax":"582.62","excl_tax":"481.5"},"max":{"incl_tax":"","excl_tax":""}}},"bundled_items":[{"bundled_item_id":1217,"product_id":7171,"menu_order":0,"quantity_min":1,"quantity_max":1,"quantity_default":1,"priced_individually":true,"shipped_individually":true,"override_title":false,"title":"Produktinformationsdatei PIF","override_description":false,"description":"Produktinformationsdatei PIF","optional":false,"hide_thumbnail":false,"discount":"","override_variations":false,"allowed_variations":[""],"override_default_variation_attributes":false,"default_variation_attributes":[],"single_product_visibility":"visible","cart_visibility":"visible","order_visibility":"visible","single_product_price_visibility":"visible","cart_price_visibility":"visible","order_price_visibility":"visible","stock_status":"in_stock"},{"bundled_item_id":1218,"product_id":7049,"menu_order":2,"quantity_min":0,"quantity_max":"","quantity_default":1,"priced_individually":true,"shipped_individually":true,"override_title":false,"title":"CPNP-Benachrichtigung","override_description":false,"description":"CPNP-Benachrichtigung","optional":false,"hide_thumbnail":false,"discount":"","override_variations":false,"allowed_variations":[""],"override_default_variation_attributes":false,"default_variation_attributes":[],"single_product_visibility":"visible","cart_visibility":"visible","order_visibility":"visible","single_product_price_visibility":"visible","cart_price_visibility":"visible","order_price_visibility":"visible","stock_status":"in_stock"},{"bundled_item_id":1219,"product_id":7248,"menu_order":3,"quantity_min":0,"quantity_max":"","quantity_default":0,"priced_individually":true,"shipped_individually":true,"override_title":false,"title":"Mikrobiologie Test","override_description":false,"description":"Mikrobiologie Test","optional":false,"hide_thumbnail":false,"discount":"","override_variations":false,"allowed_variations":[""],"override_default_variation_attributes":false,"default_variation_attributes":[],"single_product_visibility":"visible","cart_visibility":"visible","order_visibility":"visible","single_product_price_visibility":"visible","cart_price_visibility":"visible","order_price_visibility":"visible","stock_status":"in_stock"},{"bundled_item_id":1220,"product_id":11309,"menu_order":4,"quantity_min":0,"quantity_max":"","quantity_default":0,"priced_individually":true,"shipped_individually":true,"override_title":false,"title":"Produktspezifikation Test","override_description":false,"description":"Produktspezifikation Test","optional":false,"hide_thumbnail":false,"discount":"","override_variations":false,"allowed_variations":[""],"override_default_variation_attributes":false,"default_variation_attributes":[],"single_product_visibility":"visible","cart_visibility":"visible","order_visibility":"visible","single_product_price_visibility":"visible","cart_price_visibility":"visible","order_price_visibility":"visible","stock_status":"in_stock"},{"bundled_item_id":1221,"product_id":11952,"menu_order":5,"quantity_min":1,"quantity_max":1,"quantity_default":1,"priced_individually":true,"shipped_individually":true,"override_title":false,"title":"Bericht \u00fcber die Sicherheit kosmetischer Produkte &#8211; CPSR","override_description":false,"description":"Bericht \u00fcber die Sicherheit kosmetischer Produkte &#8211; CPSR","optional":false,"hide_thumbnail":false,"discount":"","override_variations":false,"allowed_variations":[""],"override_default_variation_attributes":false,"default_variation_attributes":[],"single_product_visibility":"visible","cart_visibility":"visible","order_visibility":"visible","single_product_price_visibility":"visible","cart_price_visibility":"visible","order_price_visibility":"visible","stock_status":"in_stock"}],"bundle_sell_ids":[],"yoast_head":"<!-- This site is optimized with the Yoast SEO Premium plugin v25.4 (Yoast SEO v25.4) - https:\/\/yoast.com\/wordpress\/plugins\/seo\/ -->\n<title>Sicherheitsbewertung f\u00fcr kosmetische Mittel Extra-Variante - Certified Cosmetics<\/title>\n<meta name=\"robots\" content=\"index, follow, max-snippet:-1, max-image-preview:large, max-video-preview:-1\" \/>\n<link rel=\"canonical\" href=\"https:\/\/www.certifiedcosmetics.com\/de\/product\/kosmetische-sicherheitsprufung\/bewertung-der-sicherheit-kosmetischer-produkte-copy\/\" \/>\n<meta property=\"og:locale\" content=\"de_DE\" \/>\n<meta property=\"og:type\" content=\"article\" \/>\n<meta property=\"og:title\" content=\"Sicherheitsbewertung f\u00fcr kosmetische Mittel Extra-Variante\" \/>\n<meta property=\"og:description\" content=\"Diese Extravariante der Sicherheitsbewertung f\u00fcr kosmetische Produkte kann nur gekauft werden, wenn zuvor eine Bewertung bei Certified Cosmetics gekauft wurde. Mit der Extravariante kannst du einer bestehenden Bewertung eine zus\u00e4tzliche Variante hinzuf\u00fcgen. Was ist eine Variation? Du kannst oft mehrere Produktvariationen herstellen, indem du nur den Duft oder die Farbe einer Grundrezeptur \u00e4nderst. Wenn du...\" \/>\n<meta property=\"og:url\" content=\"https:\/\/www.certifiedcosmetics.com\/de\/product\/kosmetische-sicherheitsprufung\/bewertung-der-sicherheit-kosmetischer-produkte-copy\/\" \/>\n<meta property=\"og:site_name\" content=\"Certified Cosmetics\" \/>\n<meta property=\"article:modified_time\" content=\"2025-06-23T14:29:14+00:00\" \/>\n<meta property=\"og:image\" content=\"https:\/\/www.certifiedcosmetics.com\/wp-content\/uploads\/2023\/11\/cnp.jpg\" \/>\n\t<meta property=\"og:image:width\" content=\"800\" \/>\n\t<meta property=\"og:image:height\" content=\"800\" \/>\n\t<meta property=\"og:image:type\" content=\"image\/jpeg\" \/>\n<meta name=\"twitter:card\" content=\"summary_large_image\" \/>\n<meta name=\"twitter:label1\" content=\"Preis\" \/>\n\t<meta name=\"twitter:data1\" content=\"&#036;247.62\" \/>\n\t<meta name=\"twitter:label2\" content=\"Verf\u00fcgbarkeit\" \/>\n\t<meta name=\"twitter:data2\" content=\"Auf Lager\" \/>\n<script type=\"application\/ld+json\" class=\"yoast-schema-graph\">{\"@context\":\"https:\/\/schema.org\",\"@graph\":[{\"@type\":\"WebPage\",\"@id\":\"https:\/\/www.certifiedcosmetics.com\/de\/product\/kosmetische-sicherheitsprufung\/bewertung-der-sicherheit-kosmetischer-produkte-copy\/\",\"url\":\"https:\/\/www.certifiedcosmetics.com\/de\/product\/kosmetische-sicherheitsprufung\/bewertung-der-sicherheit-kosmetischer-produkte-copy\/\",\"name\":\"Sicherheitsbewertung f\u00fcr kosmetische Mittel Extra-Variante - Certified Cosmetics\",\"isPartOf\":{\"@id\":\"https:\/\/www.certifiedcosmetics.com\/de\/#website\"},\"primaryImageOfPage\":{\"@id\":\"https:\/\/www.certifiedcosmetics.com\/de\/product\/kosmetische-sicherheitsprufung\/bewertung-der-sicherheit-kosmetischer-produkte-copy\/#primaryimage\"},\"image\":{\"@id\":\"https:\/\/www.certifiedcosmetics.com\/de\/product\/kosmetische-sicherheitsprufung\/bewertung-der-sicherheit-kosmetischer-produkte-copy\/#primaryimage\"},\"thumbnailUrl\":\"https:\/\/www.certifiedcosmetics.com\/wp-content\/uploads\/2023\/11\/cnp.jpg\",\"datePublished\":\"2025-06-23T13:51:35+00:00\",\"dateModified\":\"2025-06-23T14:29:14+00:00\",\"breadcrumb\":{\"@id\":\"https:\/\/www.certifiedcosmetics.com\/de\/product\/kosmetische-sicherheitsprufung\/bewertung-der-sicherheit-kosmetischer-produkte-copy\/#breadcrumb\"},\"inLanguage\":\"de\",\"potentialAction\":[{\"@type\":\"ReadAction\",\"target\":[\"https:\/\/www.certifiedcosmetics.com\/de\/product\/kosmetische-sicherheitsprufung\/bewertung-der-sicherheit-kosmetischer-produkte-copy\/\"]}]},{\"@type\":\"ImageObject\",\"inLanguage\":\"de\",\"@id\":\"https:\/\/www.certifiedcosmetics.com\/de\/product\/kosmetische-sicherheitsprufung\/bewertung-der-sicherheit-kosmetischer-produkte-copy\/#primaryimage\",\"url\":\"https:\/\/www.certifiedcosmetics.com\/wp-content\/uploads\/2023\/11\/cnp.jpg\",\"contentUrl\":\"https:\/\/www.certifiedcosmetics.com\/wp-content\/uploads\/2023\/11\/cnp.jpg\",\"width\":800,\"height\":800},{\"@type\":\"BreadcrumbList\",\"@id\":\"https:\/\/www.certifiedcosmetics.com\/de\/product\/kosmetische-sicherheitsprufung\/bewertung-der-sicherheit-kosmetischer-produkte-copy\/#breadcrumb\",\"itemListElement\":[{\"@type\":\"ListItem\",\"position\":1,\"name\":\"Home\",\"item\":\"https:\/\/www.certifiedcosmetics.com\/de\/\"},{\"@type\":\"ListItem\",\"position\":2,\"name\":\"Shop\",\"item\":\"https:\/\/www.certifiedcosmetics.com\/de\/shop-2\/\"},{\"@type\":\"ListItem\",\"position\":3,\"name\":\"Sicherheitsbewertung f\u00fcr kosmetische Mittel Extra-Variante\"}]},{\"@type\":\"WebSite\",\"@id\":\"https:\/\/www.certifiedcosmetics.com\/de\/#website\",\"url\":\"https:\/\/www.certifiedcosmetics.com\/de\/\",\"name\":\"Certified Cosmetics\",\"description\":\"Cosmetic Safety Assessment\",\"publisher\":{\"@id\":\"https:\/\/www.certifiedcosmetics.com\/de\/#organization\"},\"potentialAction\":[{\"@type\":\"SearchAction\",\"target\":{\"@type\":\"EntryPoint\",\"urlTemplate\":\"https:\/\/www.certifiedcosmetics.com\/de\/?s={search_term_string}\"},\"query-input\":{\"@type\":\"PropertyValueSpecification\",\"valueRequired\":true,\"valueName\":\"search_term_string\"}}],\"inLanguage\":\"de\"},{\"@type\":\"Organization\",\"@id\":\"https:\/\/www.certifiedcosmetics.com\/de\/#organization\",\"name\":\"Certified Cosmetics\",\"url\":\"https:\/\/www.certifiedcosmetics.com\/de\/\",\"logo\":{\"@type\":\"ImageObject\",\"inLanguage\":\"de\",\"@id\":\"https:\/\/www.certifiedcosmetics.com\/de\/#\/schema\/logo\/image\/\",\"url\":\"https:\/\/www.certifiedcosmetics.com\/wp-content\/uploads\/2024\/12\/logo_certified_cosmetics696.jpg\",\"contentUrl\":\"https:\/\/www.certifiedcosmetics.com\/wp-content\/uploads\/2024\/12\/logo_certified_cosmetics696.jpg\",\"width\":696,\"height\":696,\"caption\":\"Certified Cosmetics\"},\"image\":{\"@id\":\"https:\/\/www.certifiedcosmetics.com\/de\/#\/schema\/logo\/image\/\"},\"description\":\"Your trusted partner for cosmetic product safety reporting. We take care of updating all of your documentation, ensuring your compliance stays current even as regulations evolve. The Cosmetic Product Safety Assessment will give you everything you need to sell specific products to EU consumers.\",\"email\":\"contact@certifiedcosmetics.com\",\"telephone\":\"+31 36 2036384\",\"legalName\":\"Certified Cosmetics\",\"foundingDate\":\"2010-01-01\",\"vatID\":\"NL854189543B01\",\"numberOfEmployees\":{\"@type\":\"QuantitativeValue\",\"minValue\":\"11\",\"maxValue\":\"50\"}}]}<\/script>\n<meta property=\"product:price:amount\" content=\"247.62\" \/>\n<meta property=\"product:price:currency\" content=\"USD\" \/>\n<meta property=\"og:availability\" content=\"instock\" \/>\n<meta property=\"product:availability\" content=\"instock\" \/>\n<meta property=\"product:retailer_item_id\" content=\"CC100035\" \/>\n<meta property=\"product:condition\" content=\"new\" \/>\n<!-- \/ Yoast SEO Premium plugin. -->","yoast_head_json":{"title":"Sicherheitsbewertung f\u00fcr kosmetische Mittel Extra-Variante - Certified Cosmetics","robots":{"index":"index","follow":"follow","max-snippet":"max-snippet:-1","max-image-preview":"max-image-preview:large","max-video-preview":"max-video-preview:-1"},"canonical":"https:\/\/www.certifiedcosmetics.com\/de\/product\/kosmetische-sicherheitsprufung\/bewertung-der-sicherheit-kosmetischer-produkte-copy\/","og_locale":"de_DE","og_type":"article","og_title":"Sicherheitsbewertung f\u00fcr kosmetische Mittel Extra-Variante","og_description":"Diese Extravariante der Sicherheitsbewertung f\u00fcr kosmetische Produkte kann nur gekauft werden, wenn zuvor eine Bewertung bei Certified Cosmetics gekauft wurde. Mit der Extravariante kannst du einer bestehenden Bewertung eine zus\u00e4tzliche Variante hinzuf\u00fcgen. Was ist eine Variation? Du kannst oft mehrere Produktvariationen herstellen, indem du nur den Duft oder die Farbe einer Grundrezeptur \u00e4nderst. Wenn du...","og_url":"https:\/\/www.certifiedcosmetics.com\/de\/product\/kosmetische-sicherheitsprufung\/bewertung-der-sicherheit-kosmetischer-produkte-copy\/","og_site_name":"Certified Cosmetics","article_modified_time":"2025-06-23T14:29:14+00:00","og_image":[{"width":800,"height":800,"url":"https:\/\/www.certifiedcosmetics.com\/wp-content\/uploads\/2023\/11\/cnp.jpg","type":"image\/jpeg"}],"twitter_card":"summary_large_image","twitter_misc":{"Preis":"&#36;247.62","Verf\u00fcgbarkeit":"Auf Lager"},"schema":{"@context":"https:\/\/schema.org","@graph":[{"@type":"WebPage","@id":"https:\/\/www.certifiedcosmetics.com\/de\/product\/kosmetische-sicherheitsprufung\/bewertung-der-sicherheit-kosmetischer-produkte-copy\/","url":"https:\/\/www.certifiedcosmetics.com\/de\/product\/kosmetische-sicherheitsprufung\/bewertung-der-sicherheit-kosmetischer-produkte-copy\/","name":"Sicherheitsbewertung f\u00fcr kosmetische Mittel Extra-Variante - Certified Cosmetics","isPartOf":{"@id":"https:\/\/www.certifiedcosmetics.com\/de\/#website"},"primaryImageOfPage":{"@id":"https:\/\/www.certifiedcosmetics.com\/de\/product\/kosmetische-sicherheitsprufung\/bewertung-der-sicherheit-kosmetischer-produkte-copy\/#primaryimage"},"image":{"@id":"https:\/\/www.certifiedcosmetics.com\/de\/product\/kosmetische-sicherheitsprufung\/bewertung-der-sicherheit-kosmetischer-produkte-copy\/#primaryimage"},"thumbnailUrl":"https:\/\/www.certifiedcosmetics.com\/wp-content\/uploads\/2023\/11\/cnp.jpg","datePublished":"2025-06-23T13:51:35+00:00","dateModified":"2025-06-23T14:29:14+00:00","breadcrumb":{"@id":"https:\/\/www.certifiedcosmetics.com\/de\/product\/kosmetische-sicherheitsprufung\/bewertung-der-sicherheit-kosmetischer-produkte-copy\/#breadcrumb"},"inLanguage":"de","potentialAction":[{"@type":"ReadAction","target":["https:\/\/www.certifiedcosmetics.com\/de\/product\/kosmetische-sicherheitsprufung\/bewertung-der-sicherheit-kosmetischer-produkte-copy\/"]}]},{"@type":"ImageObject","inLanguage":"de","@id":"https:\/\/www.certifiedcosmetics.com\/de\/product\/kosmetische-sicherheitsprufung\/bewertung-der-sicherheit-kosmetischer-produkte-copy\/#primaryimage","url":"https:\/\/www.certifiedcosmetics.com\/wp-content\/uploads\/2023\/11\/cnp.jpg","contentUrl":"https:\/\/www.certifiedcosmetics.com\/wp-content\/uploads\/2023\/11\/cnp.jpg","width":800,"height":800},{"@type":"BreadcrumbList","@id":"https:\/\/www.certifiedcosmetics.com\/de\/product\/kosmetische-sicherheitsprufung\/bewertung-der-sicherheit-kosmetischer-produkte-copy\/#breadcrumb","itemListElement":[{"@type":"ListItem","position":1,"name":"Home","item":"https:\/\/www.certifiedcosmetics.com\/de\/"},{"@type":"ListItem","position":2,"name":"Shop","item":"https:\/\/www.certifiedcosmetics.com\/de\/shop-2\/"},{"@type":"ListItem","position":3,"name":"Sicherheitsbewertung f\u00fcr kosmetische Mittel Extra-Variante"}]},{"@type":"WebSite","@id":"https:\/\/www.certifiedcosmetics.com\/de\/#website","url":"https:\/\/www.certifiedcosmetics.com\/de\/","name":"Certified Cosmetics","description":"Cosmetic Safety Assessment","publisher":{"@id":"https:\/\/www.certifiedcosmetics.com\/de\/#organization"},"potentialAction":[{"@type":"SearchAction","target":{"@type":"EntryPoint","urlTemplate":"https:\/\/www.certifiedcosmetics.com\/de\/?s={search_term_string}"},"query-input":{"@type":"PropertyValueSpecification","valueRequired":true,"valueName":"search_term_string"}}],"inLanguage":"de"},{"@type":"Organization","@id":"https:\/\/www.certifiedcosmetics.com\/de\/#organization","name":"Certified Cosmetics","url":"https:\/\/www.certifiedcosmetics.com\/de\/","logo":{"@type":"ImageObject","inLanguage":"de","@id":"https:\/\/www.certifiedcosmetics.com\/de\/#\/schema\/logo\/image\/","url":"https:\/\/www.certifiedcosmetics.com\/wp-content\/uploads\/2024\/12\/logo_certified_cosmetics696.jpg","contentUrl":"https:\/\/www.certifiedcosmetics.com\/wp-content\/uploads\/2024\/12\/logo_certified_cosmetics696.jpg","width":696,"height":696,"caption":"Certified Cosmetics"},"image":{"@id":"https:\/\/www.certifiedcosmetics.com\/de\/#\/schema\/logo\/image\/"},"description":"Your trusted partner for cosmetic product safety reporting. We take care of updating all of your documentation, ensuring your compliance stays current even as regulations evolve. The Cosmetic Product Safety Assessment will give you everything you need to sell specific products to EU consumers.","email":"contact@certifiedcosmetics.com","telephone":"+31 36 2036384","legalName":"Certified Cosmetics","foundingDate":"2010-01-01","vatID":"NL854189543B01","numberOfEmployees":{"@type":"QuantitativeValue","minValue":"11","maxValue":"50"}}]},"product_price_amount":"247.62","product_price_currency":"USD","og_availability":"instock","product_availability":"instock","product_retailer_item_id":"CC100035","product_condition":"new"},"_links":{"self":[{"href":"https:\/\/www.certifiedcosmetics.com\/de\/wp-json\/wp\/v2\/product\/11920","targetHints":{"allow":["GET"]}}],"collection":[{"href":"https:\/\/www.certifiedcosmetics.com\/de\/wp-json\/wp\/v2\/product"}],"about":[{"href":"https:\/\/www.certifiedcosmetics.com\/de\/wp-json\/wp\/v2\/types\/product"}],"wp:featuredmedia":[{"embeddable":true,"href":"https:\/\/www.certifiedcosmetics.com\/de\/wp-json\/wp\/v2\/media\/6573"}],"wp:attachment":[{"href":"https:\/\/www.certifiedcosmetics.com\/de\/wp-json\/wp\/v2\/media?parent=11920"}],"wp:term":[{"taxonomy":"product_brand","embeddable":true,"href":"https:\/\/www.certifiedcosmetics.com\/de\/wp-json\/wp\/v2\/product_brand?post=11920"},{"taxonomy":"product_cat","embeddable":true,"href":"https:\/\/www.certifiedcosmetics.com\/de\/wp-json\/wp\/v2\/product_cat?post=11920"},{"taxonomy":"product_tag","embeddable":true,"href":"https:\/\/www.certifiedcosmetics.com\/de\/wp-json\/wp\/v2\/product_tag?post=11920"}],"curies":[{"name":"wp","href":"https:\/\/api.w.org\/{rel}","templated":true}]}}