{"id":11435,"date":"2025-04-11T12:36:54","date_gmt":"2025-04-11T11:36:54","guid":{"rendered":"https:\/\/www.certifiedcosmetics.com\/product\/unkategorisiert\/zeitraum-nach-der-oeffnung-pao-test\/"},"modified":"2025-04-11T12:36:54","modified_gmt":"2025-04-11T11:36:54","slug":"zeitraum-nach-der-oeffnung-pao-test","status":"publish","type":"product","link":"https:\/\/www.certifiedcosmetics.com\/de\/product\/gemeinsame-tests\/zeitraum-nach-der-oeffnung-pao-test\/","title":{"rendered":"Zeitraum nach der \u00d6ffnung (PAO) Test"},"content":{"rendered":"<p class=\"\" data-start=\"243\" data-end=\"578\">Bei Certified Cosmetics bieten wir einen professionellen <strong data-start=\"291\" data-end=\"326\">PAO-Test (Period After Opening)<\/strong> an, mit dem du feststellen kannst, wie lange dein Kosmetikprodukt nach dem \u00d6ffnen sicher und wirksam bleibt. Dies ist ein wesentlicher Bestandteil der Einhaltung der <strong data-start=\"479\" data-end=\"514\">EU-Verordnung (EG) Nr. 1223\/2009<\/strong>, insbesondere f\u00fcr Produkte mit einer Haltbarkeit von mehr als 30 Monaten. <\/p>\n<h2 data-start=\"580\" data-end=\"801\">Was ist ein PAO-Test (Period After Opening)?<\/h2>\n<p class=\"\" data-start=\"580\" data-end=\"801\">Unser Labor simuliert den typischen Verbrauchergebrauch, um die Produktstabilit\u00e4t nach dem \u00d6ffnen zu bewerten. Anhand der Ergebnisse geben wir ein empfohlenes PAO-Symbol an (z.B. 6M, 12M, 24M), das du getrost auf deiner Verpackung angeben kannst. <\/p>\n<p class=\"\" data-start=\"803\" data-end=\"823\"><strong data-start=\"803\" data-end=\"823\">Was ist inbegriffen?<\/strong><\/p>\n<ul data-start=\"825\" data-end=\"1114\">\n<li class=\"\" data-start=\"825\" data-end=\"877\">\n<p class=\"\" data-start=\"827\" data-end=\"877\">Vollst\u00e4ndige PAO-Pr\u00fcfung unter kontrollierten Laborbedingungen<\/p>\n<\/li>\n<li class=\"\" data-start=\"878\" data-end=\"938\">\n<p class=\"\" data-start=\"880\" data-end=\"938\">Wissenschaftliche Bewertung der Produktstabilit\u00e4t nach dem \u00d6ffnen<\/p>\n<\/li>\n<li class=\"\" data-start=\"939\" data-end=\"1001\">\n<p class=\"\" data-start=\"941\" data-end=\"1001\">Geeignet f\u00fcr Cremes, Seren, Lotionen, Gele, \u00d6le und mehr<\/p>\n<\/li>\n<li class=\"\" data-start=\"1002\" data-end=\"1055\">\n<p class=\"\" data-start=\"1004\" data-end=\"1055\">Ein detaillierter Bericht mit dem empfohlenen PAO-Symbol<\/p>\n<\/li>\n<li class=\"\" data-start=\"1056\" data-end=\"1114\">\n<p class=\"\" data-start=\"1058\" data-end=\"1114\">Unterst\u00fctzung f\u00fcr deinen Cosmetic Product Safety Report (CPSR)<\/p>\n<\/li>\n<\/ul>\n<h2 data-start=\"1116\" data-end=\"1148\"><strong data-start=\"1116\" data-end=\"1148\">Wann brauchst du einen PAO-Test?<\/strong><\/h2>\n<p class=\"\" data-start=\"1150\" data-end=\"1381\">Ein PAO-Test ist f\u00fcr kosmetische Produkte erforderlich, die eine Mindesthaltbarkeit von mehr als 30 Monaten haben und kein Verfallsdatum aufweisen. Das PAO-Symbol informiert die Verbraucher dar\u00fcber, wie lange sie das Produkt nach dem \u00d6ffnen sicher verwenden k\u00f6nnen. <\/p>\n<p class=\"\" data-start=\"1383\" data-end=\"1399\"><strong data-start=\"1383\" data-end=\"1399\">Der Prozess:<\/strong><\/p>\n<ol data-start=\"1401\" data-end=\"1627\">\n<li class=\"\" data-start=\"1401\" data-end=\"1441\">\n<p class=\"\" data-start=\"1404\" data-end=\"1441\">Kaufe den Test<\/p>\n<\/li>\n<li class=\"\" data-start=\"1401\" data-end=\"1441\">\n<p class=\"\" data-start=\"1404\" data-end=\"1441\">Du erh\u00e4ltst Zugang zu unserem sicheren Portal, um den Test zu planen.<\/p>\n<\/li>\n<li class=\"\" data-start=\"1401\" data-end=\"1441\">\n<p class=\"\" data-start=\"1404\" data-end=\"1441\">Schicke uns dein Produktmuster<\/p>\n<\/li>\n<li class=\"\" data-start=\"1442\" data-end=\"1505\">\n<p class=\"\" data-start=\"1445\" data-end=\"1505\">Unser Labor simuliert die Bedingungen nach der \u00d6ffnung und bewertet die Stabilit\u00e4t<\/p>\n<\/li>\n<li class=\"\" data-start=\"1506\" data-end=\"1576\">\n<p class=\"\" data-start=\"1509\" data-end=\"1576\">Du erh\u00e4ltst einen umfassenden PAO-Bericht mit Symbol-Empfehlung<\/p>\n<\/li>\n<li class=\"\" data-start=\"1577\" data-end=\"1627\">\n<p class=\"\" data-start=\"1580\" data-end=\"1627\">Nutze die Ergebnisse f\u00fcr deinen CPSR und dein Etikettendesign<\/p>\n<\/li>\n<\/ol>\n<p class=\"\" data-start=\"1629\" data-end=\"1868\">Mit Certified Cosmetics profitierst du von fachkundigen Tests, einer schnellen Abwicklung und umfassender Unterst\u00fctzung bei der Einhaltung von Vorschriften. Ganz gleich, ob du eine neue Formulierung auf den Markt bringst oder ein bestehendes Produkt aktualisierst, unsere PAO-Pr\u00fcfung stellt sicher, dass du die Vorschriften einh\u00e4ltst und transparent bleibst. <\/p>\n<h2 data-start=\"260\" data-end=\"318\">Was ist der Unterschied zwischen Verfallsdatum und PAO?<\/h2>\n<p class=\"\" data-start=\"320\" data-end=\"518\">Bei kosmetischen Mitteln sind das <strong data-start=\"342\" data-end=\"361\">Verfallsdatum<\/strong> und der <strong data-start=\"366\" data-end=\"396\">Zeitraum nach der \u00d6ffnung (PAO)<\/strong> zwei verschiedene Indikatoren f\u00fcr die Stabilit\u00e4t und Sicherheit des Produkts, die in der <strong data-start=\"473\" data-end=\"517\">EU-Kosmetikverordnung (EG) Nr. 1223\/2009<\/strong> vorgeschrieben sind.<\/p>\n<h3 data-start=\"525\" data-end=\"575\"><strong data-start=\"530\" data-end=\"575\">Verfallsdatum (Mindesthaltbarkeitsdatum)<\/strong><\/h3>\n<ul data-start=\"577\" data-end=\"979\">\n<li class=\"\" data-start=\"577\" data-end=\"650\">\n<p class=\"\" data-start=\"579\" data-end=\"650\"><strong data-start=\"579\" data-end=\"593\">Wird verwendet, wenn:<\/strong> Das Produkt hat eine <strong data-start=\"612\" data-end=\"649\">Haltbarkeit von weniger als 30 Monaten<\/strong>.<\/p>\n<\/li>\n<li class=\"\" data-start=\"651\" data-end=\"746\">\n<p class=\"\" data-start=\"653\" data-end=\"746\"><strong data-start=\"653\" data-end=\"670\">Format des Etiketts:<\/strong> In der Regel als &#8220;Mindestens haltbar bis [Datum]&#8221; oder als Sanduhr-Symbol mit dem Datum dargestellt.<\/p>\n<\/li>\n<li class=\"\" data-start=\"747\" data-end=\"877\">\n<p class=\"\" data-start=\"749\" data-end=\"877\"><strong data-start=\"749\" data-end=\"761\">Bedeutung:<\/strong> Gibt das Datum an, <strong data-start=\"781\" data-end=\"844\">bis zu dem das unge\u00f6ffnete Produkt<\/strong> unter ordnungsgem\u00e4\u00dfen Lagerbedingungen <strong data-start=\"781\" data-end=\"844\">sicher und wirksam bleibt<\/strong>.<\/p>\n<\/li>\n<li class=\"\" data-start=\"878\" data-end=\"979\">\n<p class=\"\" data-start=\"880\" data-end=\"979\"><strong data-start=\"880\" data-end=\"892\">Beispiel:<\/strong> Eine nat\u00fcrliche Gesichtsmaske ohne Konservierungsstoffe kann innerhalb von 12 Monaten nach der Herstellung verfallen.<\/p>\n<\/li>\n<\/ul>\n<h3 data-start=\"986\" data-end=\"1021\"><strong data-start=\"991\" data-end=\"1021\">Zeitraum nach der Er\u00f6ffnung (PAO)<\/strong><\/h3>\n<ul data-start=\"1023\" data-end=\"1386\">\n<li class=\"\" data-start=\"1023\" data-end=\"1096\">\n<p class=\"\" data-start=\"1025\" data-end=\"1096\"><strong data-start=\"1025\" data-end=\"1039\">Wird verwendet, wenn:<\/strong> Das Produkt hat eine <strong data-start=\"1058\" data-end=\"1095\">Haltbarkeit von mehr als 30 Monaten<\/strong>.<\/p>\n<\/li>\n<li class=\"\" data-start=\"1097\" data-end=\"1183\">\n<p class=\"\" data-start=\"1099\" data-end=\"1183\"><strong data-start=\"1099\" data-end=\"1116\">Etikettenformat:<\/strong> Ein Einmachglas-Symbol mit einer Zahl und einem Buchstaben (z. B. &#8220;12M&#8221; f\u00fcr 12 Monate).<\/p>\n<\/li>\n<li class=\"\" data-start=\"1184\" data-end=\"1286\">\n<p class=\"\" data-start=\"1186\" data-end=\"1286\"><strong data-start=\"1186\" data-end=\"1198\">Bedeutung:<\/strong> Gibt an, wie lange das Produkt sicher und verwendbar bleibt <strong data-start=\"1254\" data-end=\"1285\">, nachdem der Verbraucher es ge\u00f6ffnet hat<\/strong>.<\/p>\n<\/li>\n<li class=\"\" data-start=\"1287\" data-end=\"1386\">\n<p class=\"\" data-start=\"1289\" data-end=\"1386\"><strong data-start=\"1289\" data-end=\"1301\">Beispiel:<\/strong> Eine Lotion, die versiegelt unbegrenzt haltbar ist, aber nach dem \u00d6ffnen nur noch 12 Monate h\u00e4lt.<\/p>\n<\/li>\n<\/ul>\n<h3 class=\"\" data-start=\"1393\" data-end=\"1404\">Zusammenfassung<\/h3>\n<div class=\"pointer-events-none relative left-[50%] flex w-[100cqw] translate-x-[-50%] justify-center *:pointer-events-auto\">\n<div class=\"tableContainer horzScrollShadows\">\n<table class=\"min-w-full\" data-start=\"1406\" data-end=\"2029\">\n<thead data-start=\"1406\" data-end=\"1509\">\n<tr data-start=\"1406\" data-end=\"1509\">\n<th data-start=\"1406\" data-end=\"1428\"><\/th>\n<th data-start=\"1428\" data-end=\"1465\"><strong data-start=\"1430\" data-end=\"1449\">Verfallsdatum<\/strong><\/th>\n<th data-start=\"1465\" data-end=\"1509\"><strong data-start=\"1467\" data-end=\"1497\">PAO (Zeitraum nach der Er\u00f6ffnung)<\/strong><\/th>\n<\/tr>\n<\/thead>\n<tbody data-start=\"1614\" data-end=\"2029\">\n<tr data-start=\"1614\" data-end=\"1717\">\n<td class=\"max-w-[calc(var(--thread-content-max-width)*2\/3)]\" data-start=\"1614\" data-end=\"1636\">Bei Bedarf<\/td>\n<td class=\"max-w-[calc(var(--thread-content-max-width)*2\/3)]\" data-start=\"1636\" data-end=\"1673\">Haltbarkeitsdauer unter 30 Monaten<\/td>\n<td class=\"max-w-[calc(var(--thread-content-max-width)*2\/3)]\" data-start=\"1673\" data-end=\"1717\">Haltbarkeitsdauer \u00fcber 30 Monate<\/td>\n<\/tr>\n<tr data-start=\"1718\" data-end=\"1821\">\n<td class=\"max-w-[calc(var(--thread-content-max-width)*2\/3)]\" data-start=\"1718\" data-end=\"1740\">Basierend auf<\/td>\n<td class=\"max-w-[calc(var(--thread-content-max-width)*2\/3)]\" data-start=\"1740\" data-end=\"1777\">Stabilit\u00e4t des unge\u00f6ffneten Produkts<\/td>\n<td class=\"max-w-[calc(var(--thread-content-max-width)*2\/3)]\" data-start=\"1777\" data-end=\"1821\">Stabilit\u00e4t des ge\u00f6ffneten Produkts<\/td>\n<\/tr>\n<tr data-start=\"1822\" data-end=\"1925\">\n<td class=\"max-w-[calc(var(--thread-content-max-width)*2\/3)]\" data-start=\"1822\" data-end=\"1844\">Etikett-Symbol<\/td>\n<td class=\"max-w-[calc(var(--thread-content-max-width)*2\/3)]\" data-start=\"1844\" data-end=\"1881\">Sanduhr<\/td>\n<td class=\"max-w-[calc(var(--thread-content-max-width)*2\/3)]\" data-start=\"1881\" data-end=\"1925\">Offenes Gef\u00e4\u00df<\/td>\n<\/tr>\n<tr data-start=\"1926\" data-end=\"2029\">\n<td class=\"max-w-[calc(var(--thread-content-max-width)*2\/3)]\" data-start=\"1926\" data-end=\"1948\">Beispiel<\/td>\n<td class=\"max-w-[calc(var(--thread-content-max-width)*2\/3)]\" data-start=\"1948\" data-end=\"1985\">Nat\u00fcrliches Peeling, das in 12 Monaten abl\u00e4uft<\/td>\n<td class=\"max-w-[calc(var(--thread-content-max-width)*2\/3)]\" data-start=\"1985\" data-end=\"2029\">Serum nach dem \u00d6ffnen 6M verwendbar<\/td>\n<\/tr>\n<\/tbody>\n<\/table>\n<\/div>\n<\/div>\n","protected":false},"excerpt":{"rendered":"<p>Bei Certified Cosmetics bieten wir einen professionellen PAO-Test (Period After Opening) an, mit dem du feststellen kannst, wie lange dein Kosmetikprodukt nach dem \u00d6ffnen sicher und wirksam bleibt. Dies ist ein wesentlicher Bestandteil der Einhaltung der EU-Verordnung (EG) Nr. 1223\/2009, insbesondere f\u00fcr Produkte mit einer Haltbarkeit von mehr als 30 Monaten. Was ist ein PAO-Test&#8230;<\/p>\n","protected":false},"featured_media":11429,"template":"","meta":[],"product_brand":[],"product_cat":[363],"product_tag":[],"class_list":{"0":"post-11435","1":"product","2":"type-product","3":"status-publish","4":"has-post-thumbnail","6":"product_cat-gemeinsame-tests","8":"first","9":"instock","10":"virtual","11":"taxable","12":"purchasable","13":"product-type-simple"},"bundled_by":[],"bundle_stock_status":"instock","bundle_stock_quantity":null,"bundle_virtual":false,"bundle_layout":"","bundle_add_to_cart_form_location":"","bundle_editable_in_cart":false,"bundle_sold_individually_context":"","bundle_item_grouping":"","bundle_min_size":"","bundle_max_size":"","bundle_price":[],"bundled_items":[],"bundle_sell_ids":[],"yoast_head":"<!-- This site is optimized with the Yoast SEO Premium plugin v25.4 (Yoast SEO v25.4) - https:\/\/yoast.com\/wordpress\/plugins\/seo\/ -->\n<title>Zeitraum nach der \u00d6ffnung (PAO) Test - Certified Cosmetics<\/title>\n<meta name=\"description\" content=\"Bei Certified Cosmetics bieten wir einen professionellen PAO-Test (Period After Opening) an, mit dem du feststellen kannst, wie lange dein Kosmetikprodukt nach dem \u00d6ffnen sicher und wirksam bleibt.\" \/>\n<meta name=\"robots\" content=\"index, follow, max-snippet:-1, max-image-preview:large, max-video-preview:-1\" \/>\n<link rel=\"canonical\" href=\"https:\/\/www.certifiedcosmetics.com\/de\/product\/gemeinsame-tests\/zeitraum-nach-der-oeffnung-pao-test\/\" \/>\n<meta property=\"og:locale\" content=\"de_DE\" \/>\n<meta property=\"og:type\" content=\"article\" \/>\n<meta property=\"og:title\" content=\"Zeitraum nach der \u00d6ffnung (PAO) Test\" \/>\n<meta property=\"og:description\" content=\"Bei Certified Cosmetics bieten wir einen professionellen PAO-Test (Period After Opening) an, mit dem du feststellen kannst, wie lange dein Kosmetikprodukt nach dem \u00d6ffnen sicher und wirksam bleibt.\" \/>\n<meta property=\"og:url\" content=\"https:\/\/www.certifiedcosmetics.com\/de\/product\/gemeinsame-tests\/zeitraum-nach-der-oeffnung-pao-test\/\" \/>\n<meta property=\"og:site_name\" content=\"Certified Cosmetics\" \/>\n<meta property=\"og:image\" content=\"https:\/\/www.certifiedcosmetics.com\/wp-content\/uploads\/2025\/04\/oeriod-after-opening-test.jpg\" \/>\n\t<meta property=\"og:image:width\" content=\"800\" \/>\n\t<meta property=\"og:image:height\" content=\"800\" \/>\n\t<meta property=\"og:image:type\" content=\"image\/jpeg\" \/>\n<meta name=\"twitter:card\" content=\"summary_large_image\" \/>\n<meta name=\"twitter:label1\" content=\"Preis\" \/>\n\t<meta name=\"twitter:data1\" content=\"&#036;263.29\" \/>\n\t<meta name=\"twitter:label2\" content=\"Verf\u00fcgbarkeit\" \/>\n\t<meta name=\"twitter:data2\" content=\"Auf Lager\" \/>\n<script type=\"application\/ld+json\" class=\"yoast-schema-graph\">{\"@context\":\"https:\/\/schema.org\",\"@graph\":[{\"@type\":\"WebPage\",\"@id\":\"https:\/\/www.certifiedcosmetics.com\/de\/product\/gemeinsame-tests\/zeitraum-nach-der-oeffnung-pao-test\/\",\"url\":\"https:\/\/www.certifiedcosmetics.com\/de\/product\/gemeinsame-tests\/zeitraum-nach-der-oeffnung-pao-test\/\",\"name\":\"Zeitraum nach der \u00d6ffnung (PAO) Test - Certified Cosmetics\",\"isPartOf\":{\"@id\":\"https:\/\/www.certifiedcosmetics.com\/de\/#website\"},\"primaryImageOfPage\":{\"@id\":\"https:\/\/www.certifiedcosmetics.com\/de\/product\/gemeinsame-tests\/zeitraum-nach-der-oeffnung-pao-test\/#primaryimage\"},\"image\":{\"@id\":\"https:\/\/www.certifiedcosmetics.com\/de\/product\/gemeinsame-tests\/zeitraum-nach-der-oeffnung-pao-test\/#primaryimage\"},\"thumbnailUrl\":\"https:\/\/www.certifiedcosmetics.com\/wp-content\/uploads\/2025\/04\/oeriod-after-opening-test.jpg\",\"datePublished\":\"2025-04-11T11:36:54+00:00\",\"description\":\"Bei Certified Cosmetics bieten wir einen professionellen PAO-Test (Period After Opening) an, mit dem du feststellen kannst, wie lange dein Kosmetikprodukt nach dem \u00d6ffnen sicher und wirksam bleibt.\",\"breadcrumb\":{\"@id\":\"https:\/\/www.certifiedcosmetics.com\/de\/product\/gemeinsame-tests\/zeitraum-nach-der-oeffnung-pao-test\/#breadcrumb\"},\"inLanguage\":\"de\",\"potentialAction\":[{\"@type\":\"ReadAction\",\"target\":[\"https:\/\/www.certifiedcosmetics.com\/de\/product\/gemeinsame-tests\/zeitraum-nach-der-oeffnung-pao-test\/\"]}]},{\"@type\":\"ImageObject\",\"inLanguage\":\"de\",\"@id\":\"https:\/\/www.certifiedcosmetics.com\/de\/product\/gemeinsame-tests\/zeitraum-nach-der-oeffnung-pao-test\/#primaryimage\",\"url\":\"https:\/\/www.certifiedcosmetics.com\/wp-content\/uploads\/2025\/04\/oeriod-after-opening-test.jpg\",\"contentUrl\":\"https:\/\/www.certifiedcosmetics.com\/wp-content\/uploads\/2025\/04\/oeriod-after-opening-test.jpg\",\"width\":800,\"height\":800},{\"@type\":\"BreadcrumbList\",\"@id\":\"https:\/\/www.certifiedcosmetics.com\/de\/product\/gemeinsame-tests\/zeitraum-nach-der-oeffnung-pao-test\/#breadcrumb\",\"itemListElement\":[{\"@type\":\"ListItem\",\"position\":1,\"name\":\"Home\",\"item\":\"https:\/\/www.certifiedcosmetics.com\/de\/\"},{\"@type\":\"ListItem\",\"position\":2,\"name\":\"Shop\",\"item\":\"https:\/\/www.certifiedcosmetics.com\/de\/shop-2\/\"},{\"@type\":\"ListItem\",\"position\":3,\"name\":\"Zeitraum nach der \u00d6ffnung (PAO) Test\"}]},{\"@type\":\"WebSite\",\"@id\":\"https:\/\/www.certifiedcosmetics.com\/de\/#website\",\"url\":\"https:\/\/www.certifiedcosmetics.com\/de\/\",\"name\":\"Certified Cosmetics\",\"description\":\"Cosmetic Safety Assessment\",\"publisher\":{\"@id\":\"https:\/\/www.certifiedcosmetics.com\/de\/#organization\"},\"potentialAction\":[{\"@type\":\"SearchAction\",\"target\":{\"@type\":\"EntryPoint\",\"urlTemplate\":\"https:\/\/www.certifiedcosmetics.com\/de\/?s={search_term_string}\"},\"query-input\":{\"@type\":\"PropertyValueSpecification\",\"valueRequired\":true,\"valueName\":\"search_term_string\"}}],\"inLanguage\":\"de\"},{\"@type\":\"Organization\",\"@id\":\"https:\/\/www.certifiedcosmetics.com\/de\/#organization\",\"name\":\"Certified Cosmetics\",\"url\":\"https:\/\/www.certifiedcosmetics.com\/de\/\",\"logo\":{\"@type\":\"ImageObject\",\"inLanguage\":\"de\",\"@id\":\"https:\/\/www.certifiedcosmetics.com\/de\/#\/schema\/logo\/image\/\",\"url\":\"https:\/\/www.certifiedcosmetics.com\/wp-content\/uploads\/2024\/12\/logo_certified_cosmetics696.jpg\",\"contentUrl\":\"https:\/\/www.certifiedcosmetics.com\/wp-content\/uploads\/2024\/12\/logo_certified_cosmetics696.jpg\",\"width\":696,\"height\":696,\"caption\":\"Certified Cosmetics\"},\"image\":{\"@id\":\"https:\/\/www.certifiedcosmetics.com\/de\/#\/schema\/logo\/image\/\"},\"description\":\"Your trusted partner for cosmetic product safety reporting. We take care of updating all of your documentation, ensuring your compliance stays current even as regulations evolve. The Cosmetic Product Safety Assessment will give you everything you need to sell specific products to EU consumers.\",\"email\":\"contact@certifiedcosmetics.com\",\"telephone\":\"+31 36 2036384\",\"legalName\":\"Certified Cosmetics\",\"foundingDate\":\"2010-01-01\",\"vatID\":\"NL854189543B01\",\"numberOfEmployees\":{\"@type\":\"QuantitativeValue\",\"minValue\":\"11\",\"maxValue\":\"50\"}}]}<\/script>\n<meta property=\"product:price:amount\" content=\"263.29\" \/>\n<meta property=\"product:price:currency\" content=\"USD\" \/>\n<meta property=\"og:availability\" content=\"instock\" \/>\n<meta property=\"product:availability\" content=\"instock\" \/>\n<meta property=\"product:retailer_item_id\" content=\"CC100112\" \/>\n<meta property=\"product:condition\" content=\"new\" \/>\n<!-- \/ Yoast SEO Premium plugin. -->","yoast_head_json":{"title":"Zeitraum nach der \u00d6ffnung (PAO) Test - Certified Cosmetics","description":"Bei Certified Cosmetics bieten wir einen professionellen PAO-Test (Period After Opening) an, mit dem du feststellen kannst, wie lange dein Kosmetikprodukt nach dem \u00d6ffnen sicher und wirksam bleibt.","robots":{"index":"index","follow":"follow","max-snippet":"max-snippet:-1","max-image-preview":"max-image-preview:large","max-video-preview":"max-video-preview:-1"},"canonical":"https:\/\/www.certifiedcosmetics.com\/de\/product\/gemeinsame-tests\/zeitraum-nach-der-oeffnung-pao-test\/","og_locale":"de_DE","og_type":"article","og_title":"Zeitraum nach der \u00d6ffnung (PAO) Test","og_description":"Bei Certified Cosmetics bieten wir einen professionellen PAO-Test (Period After Opening) an, mit dem du feststellen kannst, wie lange dein Kosmetikprodukt nach dem \u00d6ffnen sicher und wirksam bleibt.","og_url":"https:\/\/www.certifiedcosmetics.com\/de\/product\/gemeinsame-tests\/zeitraum-nach-der-oeffnung-pao-test\/","og_site_name":"Certified Cosmetics","og_image":[{"width":800,"height":800,"url":"https:\/\/www.certifiedcosmetics.com\/wp-content\/uploads\/2025\/04\/oeriod-after-opening-test.jpg","type":"image\/jpeg"}],"twitter_card":"summary_large_image","twitter_misc":{"Preis":"&#36;263.29","Verf\u00fcgbarkeit":"Auf Lager"},"schema":{"@context":"https:\/\/schema.org","@graph":[{"@type":"WebPage","@id":"https:\/\/www.certifiedcosmetics.com\/de\/product\/gemeinsame-tests\/zeitraum-nach-der-oeffnung-pao-test\/","url":"https:\/\/www.certifiedcosmetics.com\/de\/product\/gemeinsame-tests\/zeitraum-nach-der-oeffnung-pao-test\/","name":"Zeitraum nach der \u00d6ffnung (PAO) Test - Certified Cosmetics","isPartOf":{"@id":"https:\/\/www.certifiedcosmetics.com\/de\/#website"},"primaryImageOfPage":{"@id":"https:\/\/www.certifiedcosmetics.com\/de\/product\/gemeinsame-tests\/zeitraum-nach-der-oeffnung-pao-test\/#primaryimage"},"image":{"@id":"https:\/\/www.certifiedcosmetics.com\/de\/product\/gemeinsame-tests\/zeitraum-nach-der-oeffnung-pao-test\/#primaryimage"},"thumbnailUrl":"https:\/\/www.certifiedcosmetics.com\/wp-content\/uploads\/2025\/04\/oeriod-after-opening-test.jpg","datePublished":"2025-04-11T11:36:54+00:00","description":"Bei Certified Cosmetics bieten wir einen professionellen PAO-Test (Period After Opening) an, mit dem du feststellen kannst, wie lange dein Kosmetikprodukt nach dem \u00d6ffnen sicher und wirksam bleibt.","breadcrumb":{"@id":"https:\/\/www.certifiedcosmetics.com\/de\/product\/gemeinsame-tests\/zeitraum-nach-der-oeffnung-pao-test\/#breadcrumb"},"inLanguage":"de","potentialAction":[{"@type":"ReadAction","target":["https:\/\/www.certifiedcosmetics.com\/de\/product\/gemeinsame-tests\/zeitraum-nach-der-oeffnung-pao-test\/"]}]},{"@type":"ImageObject","inLanguage":"de","@id":"https:\/\/www.certifiedcosmetics.com\/de\/product\/gemeinsame-tests\/zeitraum-nach-der-oeffnung-pao-test\/#primaryimage","url":"https:\/\/www.certifiedcosmetics.com\/wp-content\/uploads\/2025\/04\/oeriod-after-opening-test.jpg","contentUrl":"https:\/\/www.certifiedcosmetics.com\/wp-content\/uploads\/2025\/04\/oeriod-after-opening-test.jpg","width":800,"height":800},{"@type":"BreadcrumbList","@id":"https:\/\/www.certifiedcosmetics.com\/de\/product\/gemeinsame-tests\/zeitraum-nach-der-oeffnung-pao-test\/#breadcrumb","itemListElement":[{"@type":"ListItem","position":1,"name":"Home","item":"https:\/\/www.certifiedcosmetics.com\/de\/"},{"@type":"ListItem","position":2,"name":"Shop","item":"https:\/\/www.certifiedcosmetics.com\/de\/shop-2\/"},{"@type":"ListItem","position":3,"name":"Zeitraum nach der \u00d6ffnung (PAO) Test"}]},{"@type":"WebSite","@id":"https:\/\/www.certifiedcosmetics.com\/de\/#website","url":"https:\/\/www.certifiedcosmetics.com\/de\/","name":"Certified Cosmetics","description":"Cosmetic Safety Assessment","publisher":{"@id":"https:\/\/www.certifiedcosmetics.com\/de\/#organization"},"potentialAction":[{"@type":"SearchAction","target":{"@type":"EntryPoint","urlTemplate":"https:\/\/www.certifiedcosmetics.com\/de\/?s={search_term_string}"},"query-input":{"@type":"PropertyValueSpecification","valueRequired":true,"valueName":"search_term_string"}}],"inLanguage":"de"},{"@type":"Organization","@id":"https:\/\/www.certifiedcosmetics.com\/de\/#organization","name":"Certified Cosmetics","url":"https:\/\/www.certifiedcosmetics.com\/de\/","logo":{"@type":"ImageObject","inLanguage":"de","@id":"https:\/\/www.certifiedcosmetics.com\/de\/#\/schema\/logo\/image\/","url":"https:\/\/www.certifiedcosmetics.com\/wp-content\/uploads\/2024\/12\/logo_certified_cosmetics696.jpg","contentUrl":"https:\/\/www.certifiedcosmetics.com\/wp-content\/uploads\/2024\/12\/logo_certified_cosmetics696.jpg","width":696,"height":696,"caption":"Certified Cosmetics"},"image":{"@id":"https:\/\/www.certifiedcosmetics.com\/de\/#\/schema\/logo\/image\/"},"description":"Your trusted partner for cosmetic product safety reporting. We take care of updating all of your documentation, ensuring your compliance stays current even as regulations evolve. The Cosmetic Product Safety Assessment will give you everything you need to sell specific products to EU consumers.","email":"contact@certifiedcosmetics.com","telephone":"+31 36 2036384","legalName":"Certified Cosmetics","foundingDate":"2010-01-01","vatID":"NL854189543B01","numberOfEmployees":{"@type":"QuantitativeValue","minValue":"11","maxValue":"50"}}]},"product_price_amount":"263.29","product_price_currency":"USD","og_availability":"instock","product_availability":"instock","product_retailer_item_id":"CC100112","product_condition":"new"},"_links":{"self":[{"href":"https:\/\/www.certifiedcosmetics.com\/de\/wp-json\/wp\/v2\/product\/11435","targetHints":{"allow":["GET"]}}],"collection":[{"href":"https:\/\/www.certifiedcosmetics.com\/de\/wp-json\/wp\/v2\/product"}],"about":[{"href":"https:\/\/www.certifiedcosmetics.com\/de\/wp-json\/wp\/v2\/types\/product"}],"wp:featuredmedia":[{"embeddable":true,"href":"https:\/\/www.certifiedcosmetics.com\/de\/wp-json\/wp\/v2\/media\/11429"}],"wp:attachment":[{"href":"https:\/\/www.certifiedcosmetics.com\/de\/wp-json\/wp\/v2\/media?parent=11435"}],"wp:term":[{"taxonomy":"product_brand","embeddable":true,"href":"https:\/\/www.certifiedcosmetics.com\/de\/wp-json\/wp\/v2\/product_brand?post=11435"},{"taxonomy":"product_cat","embeddable":true,"href":"https:\/\/www.certifiedcosmetics.com\/de\/wp-json\/wp\/v2\/product_cat?post=11435"},{"taxonomy":"product_tag","embeddable":true,"href":"https:\/\/www.certifiedcosmetics.com\/de\/wp-json\/wp\/v2\/product_tag?post=11435"}],"curies":[{"name":"wp","href":"https:\/\/api.w.org\/{rel}","templated":true}]}}