{"id":11367,"date":"2025-03-24T12:14:27","date_gmt":"2025-03-24T11:14:27","guid":{"rendered":"https:\/\/www.certifiedcosmetics.com\/product\/unkategorisiert\/kosmetiktest-fuer-den-gebrauch\/"},"modified":"2026-01-27T18:04:36","modified_gmt":"2026-01-27T17:04:36","slug":"kosmetiktest-fuer-den-gebrauch","status":"publish","type":"product","link":"https:\/\/www.certifiedcosmetics.com\/de\/product\/wirksamkeitstests\/hauttest\/kosmetiktest-fuer-den-gebrauch\/","title":{"rendered":"Kosmetiktest f\u00fcr den Gebrauch"},"content":{"rendered":"<p data-start=\"189\" data-end=\"534\">Wir bieten <strong data-start=\"222\" data-end=\"240\">In-Use-Tests<\/strong> an, um Kosmetikmarken dabei zu helfen, die Produktleistung, die Verbraucherzufriedenheit und die Marketingaussagen zu \u00fcberpr\u00fcfen &#8211; und zwar unter realen Anwendungsbedingungen. Ganz gleich, ob du die Einf\u00fchrung eines neuen Produkts vorbereitest oder die Behauptungen eines bestehenden Produkts untermauerst, unsere Praxistests liefern wertvolle Erkenntnisse aus der Praxis. Du kannst zwischen verschiedenen Testfeldgr\u00f6\u00dfen w\u00e4hlen. <\/p>\n<h2 data-start=\"541\" data-end=\"568\">Was ist ein Praxistest?<\/h2>\n<p data-start=\"570\" data-end=\"796\">Bei den Gebrauchstests verwendet eine Gruppe von Freiwilligen dein kosmetisches Produkt \u00fcber einen bestimmten Zeitraum &#8211; in der Regel zwischen 7 und 28 Tagen &#8211; in ihrem normalen Tagesablauf. Die Teilnehmer geben strukturiertes Feedback zu verschiedenen Aspekten wie: <\/p>\n<ul data-start=\"798\" data-end=\"1056\">\n<li data-start=\"798\" data-end=\"820\">\n<p data-start=\"800\" data-end=\"820\">Hautvertr\u00e4glichkeit<\/p>\n<\/li>\n<li data-start=\"821\" data-end=\"849\">\n<p data-start=\"823\" data-end=\"849\">Textur und Sinneseindr\u00fccke<\/p>\n<\/li>\n<li data-start=\"850\" data-end=\"873\">\n<p data-start=\"852\" data-end=\"873\">Leichtigkeit der Anwendung<\/p>\n<\/li>\n<li data-start=\"874\" data-end=\"911\">\n<p data-start=\"876\" data-end=\"911\">Duft und allgemeine Nutzererfahrung<\/p>\n<\/li>\n<li data-start=\"912\" data-end=\"945\">\n<p data-start=\"914\" data-end=\"945\">Hydratation oder beruhigende Effekte<\/p>\n<\/li>\n<li data-start=\"946\" data-end=\"1003\">\n<p data-start=\"948\" data-end=\"1003\">Wahrgenommene Verbesserungen (z. B. weichere oder glattere Haut)<\/p>\n<\/li>\n<li data-start=\"1004\" data-end=\"1056\">\n<p data-start=\"1006\" data-end=\"1056\">Gesamtzufriedenheit und Bereitschaft zum Wiederkauf<\/p>\n<\/li>\n<\/ul>\n<p data-start=\"1058\" data-end=\"1196\">Diese Studien k\u00f6nnen von Dermatologen beaufsichtigt werden und je nach Produkt und Testziel klinische Beobachtungen beinhalten.<\/p>\n<h2 data-start=\"1203\" data-end=\"1241\">K\u00f6nnen Praxistests die Behauptungen untermauern?<\/h2>\n<p data-start=\"1243\" data-end=\"1335\">Ja, Gebrauchstests werden h\u00e4ufig eingesetzt, um <strong data-start=\"1281\" data-end=\"1325\">auf der Verbraucherwahrnehmung basierende Aussagen zu untermauern<\/strong>, wie z. B.:<\/p>\n<ul data-start=\"1337\" data-end=\"1515\">\n<li data-start=\"1337\" data-end=\"1390\">\n<p data-start=\"1339\" data-end=\"1390\">&#8220;90 % der Nutzer bemerkten nach einer Woche eine weichere Haut&#8221;<\/p>\n<\/li>\n<li data-start=\"1391\" data-end=\"1442\">\n<p data-start=\"1393\" data-end=\"1442\">&#8220;Hinterl\u00e4sst ein feuchtes und erfrischtes Hautgef\u00fchl&#8221;<\/p>\n<\/li>\n<li data-start=\"1443\" data-end=\"1474\">\n<p data-start=\"1445\" data-end=\"1474\">&#8220;Leichte, nicht fettende Textur&#8221;<\/p>\n<\/li>\n<li data-start=\"1475\" data-end=\"1515\">\n<p data-start=\"1477\" data-end=\"1515\">&#8220;Angenehmer Duft und leicht aufzutragen&#8221;<\/p>\n<\/li>\n<\/ul>\n<p data-start=\"1517\" data-end=\"1827\">Sie eignen sich gut f\u00fcr Produktverpackungen, Werbung und Websites. Wenn deine Behauptungen jedoch <strong data-start=\"1618\" data-end=\"1657\">messbare oder klinische Verbesserungen<\/strong> beinhalten (z. B. Faltenreduzierung, erh\u00f6hte Elastizit\u00e4t), empfehlen wir, den Praxistest durch <strong data-start=\"1754\" data-end=\"1790\">instrumentelle oder klinische Tests<\/strong> zu erg\u00e4nzen, um st\u00e4rkere, quantifizierbare Beweise zu erhalten. <\/p>\n<p data-start=\"1829\" data-end=\"1917\">Wir helfen dir gerne dabei, die richtige Pr\u00fcfmethode f\u00fcr deine Produktanspr\u00fcche zu finden.<\/p>\n<h2 data-start=\"1924\" data-end=\"1958\">Warum sollten Sie sich f\u00fcr unsere Praxistests entscheiden?<\/h2>\n<p data-start=\"1960\" data-end=\"2077\">\u2714 <strong data-start=\"1962\" data-end=\"1982\">Consumer Insight<\/strong><br data-start=\"1982\" data-end=\"1985\">Verstehe, wie echte Nutzer dein Produkt erleben und sammle wertvolle Daten f\u00fcr Verbesserungen.<\/p>\n<p data-start=\"2079\" data-end=\"2181\">\u2714 <strong data-start=\"2081\" data-end=\"2098\">Claim Support<\/strong><br data-start=\"2098\" data-end=\"2101\">Nutze die Ergebnisse, um Marketing-Behauptungen mit echtem Nutzerfeedback und Prozentzahlen zu untermauern.<\/p>\n<p data-start=\"2183\" data-end=\"2343\">\u2714 <strong data-start=\"2185\" data-end=\"2210\">Einhaltung von Vorschriften<\/strong><br data-start=\"2210\" data-end=\"2213\">Pr\u00fcfberichte k\u00f6nnen Teil deiner <strong data-start=\"2255\" data-end=\"2289\">Produktinformationsdatei (PIF<\/strong>) sein, insbesondere f\u00fcr die Einhaltung der EU-Kosmetikverordnung.<\/p>\n<p data-start=\"2345\" data-end=\"2459\">\u2714 <strong data-start=\"2347\" data-end=\"2369\">Ma\u00dfgeschneiderte Protokolle<\/strong><br data-start=\"2369\" data-end=\"2372\">Wir entwerfen ma\u00dfgeschneiderte Studien auf der Grundlage deiner Zielgruppen, Produkttypen und Anspruchsziele.<\/p>\n<h2 data-start=\"2466\" data-end=\"2482\">Wie es funktioniert<\/h2>\n<ol data-start=\"2484\" data-end=\"3126\">\n<li data-start=\"2484\" data-end=\"2599\">\n<p data-start=\"2487\" data-end=\"2599\"><strong data-start=\"2487\" data-end=\"2521\">Beratung &amp; Protokollgestaltung<\/strong><br data-start=\"2521\" data-end=\"2524\">Wir besprechen dein Produkt, deine Anspr\u00fcche und Ziele, um einen geeigneten Testplan zu entwickeln.<\/p>\n<\/li>\n<li data-start=\"2601\" data-end=\"2732\">\n<p data-start=\"2604\" data-end=\"2732\"><strong data-start=\"2604\" data-end=\"2631\">Teilnehmerrekrutierung<\/strong><br data-start=\"2631\" data-end=\"2634\">Wir w\u00e4hlen ein qualifiziertes Panel aus, das auf deiner demografischen Zielgruppe und deinen Ein- und Ausschlusskriterien basiert.<\/p>\n<\/li>\n<li data-start=\"2734\" data-end=\"2854\">\n<p data-start=\"2737\" data-end=\"2854\"><strong data-start=\"2737\" data-end=\"2759\">Produktnutzungsdauer<\/strong><br data-start=\"2759\" data-end=\"2762\">Panelisten verwenden das Produkt wie angegeben f\u00fcr die angegebene Dauer in ihrer eigenen Umgebung.<\/p>\n<\/li>\n<li data-start=\"2856\" data-end=\"2999\">\n<p data-start=\"2859\" data-end=\"2999\"><strong data-start=\"2859\" data-end=\"2882\">Feedbacksammlung<\/strong><br data-start=\"2882\" data-end=\"2885\">Die Teilnehmer\/innen f\u00fcllen detaillierte Frageb\u00f6gen aus, und optional k\u00f6nnen klinische oder dermatologische Bewertungen einbezogen werden.<\/p>\n<\/li>\n<li data-start=\"3001\" data-end=\"3126\">\n<p data-start=\"3004\" data-end=\"3126\"><strong data-start=\"3004\" data-end=\"3028\">Umfassender Bericht<\/strong><br data-start=\"3028\" data-end=\"3031\">Du erh\u00e4ltst einen vollst\u00e4ndigen Bericht, in dem das Feedback der Nutzer\/innen, die Begr\u00fcndung der Anspr\u00fcche und die Empfehlungen zusammengefasst sind.<\/p>\n<\/li>\n<\/ol>\n<h2 data-start=\"3133\" data-end=\"3157\">F\u00fcr wen sollten wir das verwenden?<\/h2>\n<ul data-start=\"3159\" data-end=\"3373\">\n<li data-start=\"3159\" data-end=\"3207\">\n<p data-start=\"3161\" data-end=\"3207\">Kosmetikmarken bereiten sich auf Produkteinf\u00fchrung vor<\/p>\n<\/li>\n<li data-start=\"3208\" data-end=\"3253\">\n<p data-start=\"3210\" data-end=\"3253\">Marken, die Produkte verfeinern oder neu formulieren<\/p>\n<\/li>\n<li data-start=\"3254\" data-end=\"3311\">\n<p data-start=\"3256\" data-end=\"3311\">Unternehmen, die Daten zur Unterst\u00fctzung von Werbeaussagen suchen<\/p>\n<\/li>\n<li data-start=\"3312\" data-end=\"3373\">\n<p data-start=\"3314\" data-end=\"3373\">Startups, die Verbrauchertests f\u00fcr regulatorische Dossiers ben\u00f6tigen<\/p>\n<\/li>\n<\/ul>\n","protected":false},"excerpt":{"rendered":"<p>Wir bieten In-Use-Tests an, um Kosmetikmarken dabei zu helfen, die Produktleistung, die Verbraucherzufriedenheit und die Marketingaussagen zu \u00fcberpr\u00fcfen &#8211; und zwar unter realen Anwendungsbedingungen. Ganz gleich, ob du die Einf\u00fchrung eines neuen Produkts vorbereitest oder die Behauptungen eines bestehenden Produkts untermauerst, unsere Praxistests liefern wertvolle Erkenntnisse aus der Praxis. Du kannst zwischen verschiedenen Testfeldgr\u00f6\u00dfen w\u00e4hlen&#8230;.<\/p>\n","protected":false},"featured_media":11363,"template":"","meta":[],"product_brand":[],"product_cat":[145,127],"product_tag":[],"class_list":{"0":"post-11367","1":"product","2":"type-product","3":"status-publish","4":"has-post-thumbnail","6":"product_cat-hauttest","7":"product_cat-wirksamkeitstests","9":"first","10":"instock","11":"taxable","12":"shipping-taxable","13":"purchasable","14":"product-type-variable"},"bundled_by":[],"bundle_stock_status":"instock","bundle_stock_quantity":null,"bundle_virtual":false,"bundle_layout":"","bundle_add_to_cart_form_location":"","bundle_editable_in_cart":false,"bundle_sold_individually_context":"","bundle_item_grouping":"","bundle_min_size":"","bundle_max_size":"","bundle_price":[],"bundled_items":[],"bundle_sell_ids":[],"yoast_head":"<!-- This site is optimized with the Yoast SEO Premium plugin v25.4 (Yoast SEO v25.4) - https:\/\/yoast.com\/wordpress\/plugins\/seo\/ -->\n<title>Kosmetiktest f\u00fcr den Gebrauch - Certified Cosmetics<\/title>\n<meta name=\"description\" content=\"Wir bieten In-Use-Tests an, um Kosmetikmarken dabei zu helfen, die Produktleistung, die Verbraucherzufriedenheit und die Marketingaussagen zu \u00fcberpr\u00fcfen - und zwar unter realen Anwendungsbedingungen.\" \/>\n<meta name=\"robots\" content=\"index, follow, max-snippet:-1, max-image-preview:large, max-video-preview:-1\" \/>\n<link rel=\"canonical\" href=\"https:\/\/www.certifiedcosmetics.com\/de\/product\/wirksamkeitstests\/hauttest\/kosmetiktest-fuer-den-gebrauch\/\" \/>\n<meta property=\"og:locale\" content=\"de_DE\" \/>\n<meta property=\"og:type\" content=\"article\" \/>\n<meta property=\"og:title\" content=\"Kosmetiktest f\u00fcr den Gebrauch\" \/>\n<meta property=\"og:description\" content=\"Wir bieten In-Use-Tests an, um Kosmetikmarken dabei zu helfen, die Produktleistung, die Verbraucherzufriedenheit und die Marketingaussagen zu \u00fcberpr\u00fcfen - und zwar unter realen Anwendungsbedingungen.\" \/>\n<meta property=\"og:url\" content=\"https:\/\/www.certifiedcosmetics.com\/de\/product\/wirksamkeitstests\/hauttest\/kosmetiktest-fuer-den-gebrauch\/\" \/>\n<meta property=\"og:site_name\" content=\"Certified Cosmetics\" \/>\n<meta property=\"article:modified_time\" content=\"2026-01-27T17:04:36+00:00\" \/>\n<meta property=\"og:image\" content=\"https:\/\/www.certifiedcosmetics.com\/wp-content\/uploads\/2025\/03\/in-use-lab-test.jpg\" \/>\n\t<meta property=\"og:image:width\" content=\"800\" \/>\n\t<meta property=\"og:image:height\" content=\"800\" \/>\n\t<meta property=\"og:image:type\" content=\"image\/jpeg\" \/>\n<meta name=\"twitter:card\" content=\"summary_large_image\" \/>\n<meta name=\"twitter:label1\" content=\"Verf\u00fcgbarkeit\" \/>\n\t<meta name=\"twitter:data1\" content=\"Auf Lager\" \/>\n<script type=\"application\/ld+json\" class=\"yoast-schema-graph\">{\"@context\":\"https:\/\/schema.org\",\"@graph\":[{\"@type\":\"WebPage\",\"@id\":\"https:\/\/www.certifiedcosmetics.com\/de\/product\/wirksamkeitstests\/hauttest\/kosmetiktest-fuer-den-gebrauch\/\",\"url\":\"https:\/\/www.certifiedcosmetics.com\/de\/product\/wirksamkeitstests\/hauttest\/kosmetiktest-fuer-den-gebrauch\/\",\"name\":\"Kosmetiktest f\u00fcr den Gebrauch - Certified Cosmetics\",\"isPartOf\":{\"@id\":\"https:\/\/www.certifiedcosmetics.com\/de\/#website\"},\"primaryImageOfPage\":{\"@id\":\"https:\/\/www.certifiedcosmetics.com\/de\/product\/wirksamkeitstests\/hauttest\/kosmetiktest-fuer-den-gebrauch\/#primaryimage\"},\"image\":{\"@id\":\"https:\/\/www.certifiedcosmetics.com\/de\/product\/wirksamkeitstests\/hauttest\/kosmetiktest-fuer-den-gebrauch\/#primaryimage\"},\"thumbnailUrl\":\"https:\/\/www.certifiedcosmetics.com\/wp-content\/uploads\/2025\/03\/in-use-lab-test.jpg\",\"datePublished\":\"2025-03-24T11:14:27+00:00\",\"dateModified\":\"2026-01-27T17:04:36+00:00\",\"description\":\"Wir bieten In-Use-Tests an, um Kosmetikmarken dabei zu helfen, die Produktleistung, die Verbraucherzufriedenheit und die Marketingaussagen zu \u00fcberpr\u00fcfen - und zwar unter realen Anwendungsbedingungen.\",\"breadcrumb\":{\"@id\":\"https:\/\/www.certifiedcosmetics.com\/de\/product\/wirksamkeitstests\/hauttest\/kosmetiktest-fuer-den-gebrauch\/#breadcrumb\"},\"inLanguage\":\"de\",\"potentialAction\":[{\"@type\":\"ReadAction\",\"target\":[\"https:\/\/www.certifiedcosmetics.com\/de\/product\/wirksamkeitstests\/hauttest\/kosmetiktest-fuer-den-gebrauch\/\"]}]},{\"@type\":\"ImageObject\",\"inLanguage\":\"de\",\"@id\":\"https:\/\/www.certifiedcosmetics.com\/de\/product\/wirksamkeitstests\/hauttest\/kosmetiktest-fuer-den-gebrauch\/#primaryimage\",\"url\":\"https:\/\/www.certifiedcosmetics.com\/wp-content\/uploads\/2025\/03\/in-use-lab-test.jpg\",\"contentUrl\":\"https:\/\/www.certifiedcosmetics.com\/wp-content\/uploads\/2025\/03\/in-use-lab-test.jpg\",\"width\":800,\"height\":800},{\"@type\":\"BreadcrumbList\",\"@id\":\"https:\/\/www.certifiedcosmetics.com\/de\/product\/wirksamkeitstests\/hauttest\/kosmetiktest-fuer-den-gebrauch\/#breadcrumb\",\"itemListElement\":[{\"@type\":\"ListItem\",\"position\":1,\"name\":\"Home\",\"item\":\"https:\/\/www.certifiedcosmetics.com\/de\/\"},{\"@type\":\"ListItem\",\"position\":2,\"name\":\"Shop\",\"item\":\"https:\/\/www.certifiedcosmetics.com\/de\/shop-2\/\"},{\"@type\":\"ListItem\",\"position\":3,\"name\":\"Kosmetiktest f\u00fcr den Gebrauch\"}]},{\"@type\":\"WebSite\",\"@id\":\"https:\/\/www.certifiedcosmetics.com\/de\/#website\",\"url\":\"https:\/\/www.certifiedcosmetics.com\/de\/\",\"name\":\"Certified Cosmetics\",\"description\":\"Cosmetic Safety Assessment\",\"publisher\":{\"@id\":\"https:\/\/www.certifiedcosmetics.com\/de\/#organization\"},\"potentialAction\":[{\"@type\":\"SearchAction\",\"target\":{\"@type\":\"EntryPoint\",\"urlTemplate\":\"https:\/\/www.certifiedcosmetics.com\/de\/?s={search_term_string}\"},\"query-input\":{\"@type\":\"PropertyValueSpecification\",\"valueRequired\":true,\"valueName\":\"search_term_string\"}}],\"inLanguage\":\"de\"},{\"@type\":\"Organization\",\"@id\":\"https:\/\/www.certifiedcosmetics.com\/de\/#organization\",\"name\":\"Certified Cosmetics\",\"url\":\"https:\/\/www.certifiedcosmetics.com\/de\/\",\"logo\":{\"@type\":\"ImageObject\",\"inLanguage\":\"de\",\"@id\":\"https:\/\/www.certifiedcosmetics.com\/de\/#\/schema\/logo\/image\/\",\"url\":\"https:\/\/www.certifiedcosmetics.com\/wp-content\/uploads\/2024\/12\/logo_certified_cosmetics696.jpg\",\"contentUrl\":\"https:\/\/www.certifiedcosmetics.com\/wp-content\/uploads\/2024\/12\/logo_certified_cosmetics696.jpg\",\"width\":696,\"height\":696,\"caption\":\"Certified Cosmetics\"},\"image\":{\"@id\":\"https:\/\/www.certifiedcosmetics.com\/de\/#\/schema\/logo\/image\/\"},\"description\":\"Your trusted partner for cosmetic product safety reporting. We take care of updating all of your documentation, ensuring your compliance stays current even as regulations evolve. The Cosmetic Product Safety Assessment will give you everything you need to sell specific products to EU consumers.\",\"email\":\"contact@certifiedcosmetics.com\",\"telephone\":\"+31 36 2036384\",\"legalName\":\"Certified Cosmetics\",\"foundingDate\":\"2010-01-01\",\"vatID\":\"NL854189543B01\",\"numberOfEmployees\":{\"@type\":\"QuantitativeValue\",\"minValue\":\"11\",\"maxValue\":\"50\"}}]}<\/script>\n<meta property=\"og:availability\" content=\"instock\" \/>\n<meta property=\"product:availability\" content=\"instock\" \/>\n<meta property=\"product:condition\" content=\"new\" \/>\n<!-- \/ Yoast SEO Premium plugin. -->","yoast_head_json":{"title":"Kosmetiktest f\u00fcr den Gebrauch - Certified Cosmetics","description":"Wir bieten In-Use-Tests an, um Kosmetikmarken dabei zu helfen, die Produktleistung, die Verbraucherzufriedenheit und die Marketingaussagen zu \u00fcberpr\u00fcfen - und zwar unter realen Anwendungsbedingungen.","robots":{"index":"index","follow":"follow","max-snippet":"max-snippet:-1","max-image-preview":"max-image-preview:large","max-video-preview":"max-video-preview:-1"},"canonical":"https:\/\/www.certifiedcosmetics.com\/de\/product\/wirksamkeitstests\/hauttest\/kosmetiktest-fuer-den-gebrauch\/","og_locale":"de_DE","og_type":"article","og_title":"Kosmetiktest f\u00fcr den Gebrauch","og_description":"Wir bieten In-Use-Tests an, um Kosmetikmarken dabei zu helfen, die Produktleistung, die Verbraucherzufriedenheit und die Marketingaussagen zu \u00fcberpr\u00fcfen - und zwar unter realen Anwendungsbedingungen.","og_url":"https:\/\/www.certifiedcosmetics.com\/de\/product\/wirksamkeitstests\/hauttest\/kosmetiktest-fuer-den-gebrauch\/","og_site_name":"Certified Cosmetics","article_modified_time":"2026-01-27T17:04:36+00:00","og_image":[{"width":800,"height":800,"url":"https:\/\/www.certifiedcosmetics.com\/wp-content\/uploads\/2025\/03\/in-use-lab-test.jpg","type":"image\/jpeg"}],"twitter_card":"summary_large_image","twitter_misc":{"Verf\u00fcgbarkeit":"Auf Lager"},"schema":{"@context":"https:\/\/schema.org","@graph":[{"@type":"WebPage","@id":"https:\/\/www.certifiedcosmetics.com\/de\/product\/wirksamkeitstests\/hauttest\/kosmetiktest-fuer-den-gebrauch\/","url":"https:\/\/www.certifiedcosmetics.com\/de\/product\/wirksamkeitstests\/hauttest\/kosmetiktest-fuer-den-gebrauch\/","name":"Kosmetiktest f\u00fcr den Gebrauch - Certified Cosmetics","isPartOf":{"@id":"https:\/\/www.certifiedcosmetics.com\/de\/#website"},"primaryImageOfPage":{"@id":"https:\/\/www.certifiedcosmetics.com\/de\/product\/wirksamkeitstests\/hauttest\/kosmetiktest-fuer-den-gebrauch\/#primaryimage"},"image":{"@id":"https:\/\/www.certifiedcosmetics.com\/de\/product\/wirksamkeitstests\/hauttest\/kosmetiktest-fuer-den-gebrauch\/#primaryimage"},"thumbnailUrl":"https:\/\/www.certifiedcosmetics.com\/wp-content\/uploads\/2025\/03\/in-use-lab-test.jpg","datePublished":"2025-03-24T11:14:27+00:00","dateModified":"2026-01-27T17:04:36+00:00","description":"Wir bieten In-Use-Tests an, um Kosmetikmarken dabei zu helfen, die Produktleistung, die Verbraucherzufriedenheit und die Marketingaussagen zu \u00fcberpr\u00fcfen - und zwar unter realen Anwendungsbedingungen.","breadcrumb":{"@id":"https:\/\/www.certifiedcosmetics.com\/de\/product\/wirksamkeitstests\/hauttest\/kosmetiktest-fuer-den-gebrauch\/#breadcrumb"},"inLanguage":"de","potentialAction":[{"@type":"ReadAction","target":["https:\/\/www.certifiedcosmetics.com\/de\/product\/wirksamkeitstests\/hauttest\/kosmetiktest-fuer-den-gebrauch\/"]}]},{"@type":"ImageObject","inLanguage":"de","@id":"https:\/\/www.certifiedcosmetics.com\/de\/product\/wirksamkeitstests\/hauttest\/kosmetiktest-fuer-den-gebrauch\/#primaryimage","url":"https:\/\/www.certifiedcosmetics.com\/wp-content\/uploads\/2025\/03\/in-use-lab-test.jpg","contentUrl":"https:\/\/www.certifiedcosmetics.com\/wp-content\/uploads\/2025\/03\/in-use-lab-test.jpg","width":800,"height":800},{"@type":"BreadcrumbList","@id":"https:\/\/www.certifiedcosmetics.com\/de\/product\/wirksamkeitstests\/hauttest\/kosmetiktest-fuer-den-gebrauch\/#breadcrumb","itemListElement":[{"@type":"ListItem","position":1,"name":"Home","item":"https:\/\/www.certifiedcosmetics.com\/de\/"},{"@type":"ListItem","position":2,"name":"Shop","item":"https:\/\/www.certifiedcosmetics.com\/de\/shop-2\/"},{"@type":"ListItem","position":3,"name":"Kosmetiktest f\u00fcr den Gebrauch"}]},{"@type":"WebSite","@id":"https:\/\/www.certifiedcosmetics.com\/de\/#website","url":"https:\/\/www.certifiedcosmetics.com\/de\/","name":"Certified Cosmetics","description":"Cosmetic Safety Assessment","publisher":{"@id":"https:\/\/www.certifiedcosmetics.com\/de\/#organization"},"potentialAction":[{"@type":"SearchAction","target":{"@type":"EntryPoint","urlTemplate":"https:\/\/www.certifiedcosmetics.com\/de\/?s={search_term_string}"},"query-input":{"@type":"PropertyValueSpecification","valueRequired":true,"valueName":"search_term_string"}}],"inLanguage":"de"},{"@type":"Organization","@id":"https:\/\/www.certifiedcosmetics.com\/de\/#organization","name":"Certified Cosmetics","url":"https:\/\/www.certifiedcosmetics.com\/de\/","logo":{"@type":"ImageObject","inLanguage":"de","@id":"https:\/\/www.certifiedcosmetics.com\/de\/#\/schema\/logo\/image\/","url":"https:\/\/www.certifiedcosmetics.com\/wp-content\/uploads\/2024\/12\/logo_certified_cosmetics696.jpg","contentUrl":"https:\/\/www.certifiedcosmetics.com\/wp-content\/uploads\/2024\/12\/logo_certified_cosmetics696.jpg","width":696,"height":696,"caption":"Certified Cosmetics"},"image":{"@id":"https:\/\/www.certifiedcosmetics.com\/de\/#\/schema\/logo\/image\/"},"description":"Your trusted partner for cosmetic product safety reporting. We take care of updating all of your documentation, ensuring your compliance stays current even as regulations evolve. The Cosmetic Product Safety Assessment will give you everything you need to sell specific products to EU consumers.","email":"contact@certifiedcosmetics.com","telephone":"+31 36 2036384","legalName":"Certified Cosmetics","foundingDate":"2010-01-01","vatID":"NL854189543B01","numberOfEmployees":{"@type":"QuantitativeValue","minValue":"11","maxValue":"50"}}]},"og_availability":"instock","product_availability":"instock","product_condition":"new"},"_links":{"self":[{"href":"https:\/\/www.certifiedcosmetics.com\/de\/wp-json\/wp\/v2\/product\/11367","targetHints":{"allow":["GET"]}}],"collection":[{"href":"https:\/\/www.certifiedcosmetics.com\/de\/wp-json\/wp\/v2\/product"}],"about":[{"href":"https:\/\/www.certifiedcosmetics.com\/de\/wp-json\/wp\/v2\/types\/product"}],"wp:featuredmedia":[{"embeddable":true,"href":"https:\/\/www.certifiedcosmetics.com\/de\/wp-json\/wp\/v2\/media\/11363"}],"wp:attachment":[{"href":"https:\/\/www.certifiedcosmetics.com\/de\/wp-json\/wp\/v2\/media?parent=11367"}],"wp:term":[{"taxonomy":"product_brand","embeddable":true,"href":"https:\/\/www.certifiedcosmetics.com\/de\/wp-json\/wp\/v2\/product_brand?post=11367"},{"taxonomy":"product_cat","embeddable":true,"href":"https:\/\/www.certifiedcosmetics.com\/de\/wp-json\/wp\/v2\/product_cat?post=11367"},{"taxonomy":"product_tag","embeddable":true,"href":"https:\/\/www.certifiedcosmetics.com\/de\/wp-json\/wp\/v2\/product_tag?post=11367"}],"curies":[{"name":"wp","href":"https:\/\/api.w.org\/{rel}","templated":true}]}}