{"id":11309,"date":"2025-02-14T09:24:22","date_gmt":"2025-02-14T08:24:22","guid":{"rendered":"https:\/\/www.certifiedcosmetics.com\/product\/unkategorisiert\/produktspezifikation-test\/"},"modified":"2025-05-20T11:32:25","modified_gmt":"2025-05-20T10:32:25","slug":"produktspezifikation-test","status":"publish","type":"product","link":"https:\/\/www.certifiedcosmetics.com\/de\/product\/laboratorium-de\/produktspezifikation-test\/","title":{"rendered":"Produktspezifikation Test"},"content":{"rendered":"<p>Die physikalisch-chemischen Parameter eines Produkts, wie <strong>pH-Wert, Viskosit\u00e4t, Dichte und Farbe<\/strong>, spielen eine wichtige Rolle bei der Sicherheitsbewertung eines Produkts.<\/p>\n<p>Um einen detaillierten Produktspezifikationsbericht f\u00fcr die Durchf\u00fchrung einer Sicherheitsbewertung zu erhalten, sind mehrere physikalisch-chemische Laborpr\u00fcfungen erforderlich. Diese Tests geben Aufschluss \u00fcber die Eigenschaften des Produkts und dienen dazu, die Stabilit\u00e4t, Sicherheit und Eignung des Produkts zu beurteilen. <\/p>\n<p>Die f\u00fcr den Produktspezifikationsbericht durchgef\u00fchrten Analysen, einschlie\u00dflich der erforderlichen Stichprobengr\u00f6\u00dfen, sind:<\/p>\n<h3 class=\"wp-block-heading\"><strong>1. pH-Messung<\/strong><\/h3>\n<p><strong>Zweck der Pr\u00fcfung:<\/strong><br \/>\nDer pH-Wert eines Produkts zeigt an, ob eine Formulierung sauer, neutral oder basisch ist. Vor allem f\u00fcr kosmetische und pharmazeutische Produkte ist dies ein wichtiger Parameter, da er die Hautvertr\u00e4glichkeit und Stabilit\u00e4t beeinflusst. Ein zu hoher oder zu niedriger pH-Wert kann zu Hautreizungen f\u00fchren oder die Wirksamkeit von Wirkstoffen beeintr\u00e4chtigen.  <\/p>\n<p><strong>Testmethode:<\/strong><br \/>\nDer pH-Wert wird mit einem kalibrierten pH-Messger\u00e4t gemessen, indem die Probe in einer geeigneten L\u00f6sung gel\u00f6st oder gegebenenfalls verd\u00fcnnt wird. Der Test wird nach standardisierten Methoden durchgef\u00fchrt, z. B. ISO 4316 (f\u00fcr w\u00e4ssrige L\u00f6sungen) oder ISO 787-9 (f\u00fcr Suspensionen und Emulsionen). <\/p>\n<p><strong>Warum ist das wichtig?<\/strong><\/p>\n<ul class=\"wp-block-list\">\n<li>Der pH-Wert bestimmt den S\u00e4ure- oder Alkaligehalt des Produkts und beeinflusst die Hautvertr\u00e4glichkeit.<\/li>\n<li>Der falsche pH-Wert kann zu Hautreizungen, allergischen Reaktionen oder einer St\u00f6rung der Hautbarriere f\u00fchren.<\/li>\n<li>Produkte f\u00fcr das Gesicht und empfindliche Bereiche sollten sich in einem hautfreundlichen pH-Bereich befinden (normalerweise zwischen 4,5 und 7,0).<\/li>\n<li>Extreme pH-Werte (z. B. unter 3,5 oder \u00fcber 8,5) k\u00f6nnen zus\u00e4tzliche toxikologische Bewertungen erfordern.<\/li>\n<\/ul>\n<p><strong>Relevanz f\u00fcr das CPSR:<\/strong><br \/>\nDer Sicherheits\u00fcberpr\u00fcfer pr\u00fcft, ob der pH-Wert f\u00fcr den vorgesehenen Verwendungszweck (z. B. Gesichtspflege, K\u00f6rperpflege oder Augenprodukte) geeignet ist und vergleicht ihn mit wissenschaftlichen Daten zur Hautvertr\u00e4glichkeit.<\/p>\n<p><strong>Erforderliche Probenmenge:<\/strong><br \/>\n25 g\/ml<\/p>\n<h3 class=\"wp-block-heading\"><strong>2. Viskosit\u00e4tstest<\/strong><\/h3>\n<p><strong>Zweck der Pr\u00fcfung:<\/strong><br \/>\nDie Viskosit\u00e4t eines Produkts bestimmt, wie dick oder d\u00fcnn es flie\u00dft. Sie ist entscheidend f\u00fcr Emulsionen, Gele, Lotionen und fl\u00fcssige Produkte, da sie sich auf die Anwendung, die Nutzungserfahrung und die Stabilit\u00e4t des Produkts auswirkt. Eine zu hohe Viskosit\u00e4t kann die Gleitf\u00e4higkeit verringern, w\u00e4hrend eine zu niedrige Viskosit\u00e4t zu einer unerw\u00fcnschten Flie\u00dff\u00e4higkeit f\u00fchren kann.  <\/p>\n<p><strong>Pr\u00fcfmethode:<\/strong><br \/>\nDie Viskosit\u00e4t wird mit einem Viskosimeter gemessen, z. B. mit einem Rotationsviskosimeter (z. B. Brookfield-Viskosimeter) oder einem Kapillarviskosimeter, je nach Beschaffenheit des Produkts. Die Messung wird bei einer standardisierten Temperatur durchgef\u00fchrt, um Schwankungen zu minimieren. <\/p>\n<p><strong>Warum ist das wichtig?<\/strong><\/p>\n<ul class=\"wp-block-list\">\n<li>Die Viskosit\u00e4t bestimmt die Anwendung und Sicherheit des Produkts.<\/li>\n<li>Eine zu niedrige Viskosit\u00e4t kann zu unkontrolliertem Auftragen f\u00fchren, z. B. bei Augencremes oder Lotionen, was das Risiko von Irritationen erh\u00f6ht.<\/li>\n<li>Eine zu hohe Viskosit\u00e4t kann das Freisetzungsverhalten von Wirkstoffen beeintr\u00e4chtigen und so die Leistung des Produkts beeintr\u00e4chtigen.<\/li>\n<li>Bestimmte Formulierungen erfordern eine bestimmte Viskosit\u00e4t, um Stabilit\u00e4t und Wirksamkeit zu gew\u00e4hrleisten.<\/li>\n<\/ul>\n<p><strong>Relevanz f\u00fcr das CPSR:<\/strong><br \/>\nDer Sicherheitsbewerter bewertet, ob die Viskosit\u00e4t der Produktkategorie entspricht und ob es bei normalem Gebrauch Risiken gibt.<\/p>\n<p><strong>Ben\u00f6tigte Probenmenge:<\/strong><br \/>\n100 g\/mL<\/p>\n<h3 class=\"wp-block-heading\"><strong>3. Dichtemessung<\/strong><\/h3>\n<p><strong>Zweck der Pr\u00fcfung:<\/strong><br \/>\nDie Dichte eines Produkts ist definiert als die Masse pro Volumeneinheit und ist ein wichtiger Parameter f\u00fcr die Qualit\u00e4tskontrolle und die Berechnung der Dosierung. Sie beeinflusst die Wahl der Verpackung und die Verteilung des Produkts in der Flasche oder Tube. Die Pr\u00fcfung der Dichte ist besonders f\u00fcr fl\u00fcssige und halbfl\u00fcssige Formulierungen wichtig.  <\/p>\n<p><strong>Pr\u00fcfmethode:<\/strong><br \/>\nDie Dichte wird durch Wiegen eines bekannten Volumens der Probe bei einer kontrollierten Temperatur bestimmt. Dies wird oft mit einem Pyknometer oder einem digitalen Densitometer nach standardisierten Methoden wie ISO 2811-1 durchgef\u00fchrt. <\/p>\n<p><strong>Warum ist das wichtig?<\/strong><\/p>\n<ul class=\"wp-block-list\">\n<li>Die Dichte hilft bei der Bestimmung der Dosierungsmenge pro Anwendung, die f\u00fcr die Expositionsberechnung relevant ist.<\/li>\n<li>Sie tr\u00e4gt zur Beurteilung der Stabilit\u00e4t des Produkts bei. Ver\u00e4nderungen der Dichte k\u00f6nnen auf Phasentrennung oder Entmischung hinweisen. <\/li>\n<li>Sie beeinflusst die Wahl der Verpackung und kann bei der Risikobewertung des Einatmens von feinen Sprays oder Aerosolen eine Rolle spielen.<\/li>\n<\/ul>\n<p><strong>Relevanz f\u00fcr das CPSR:<\/strong><br \/>\nDer Sicherheitsbewerter verwendet den Dichtewert in Expositionsberechnungen, um zu bestimmen, wie viel von einem Produkt auf die Haut oder in die Atemwege gelangt und ob dies innerhalb der sicheren Grenzen liegt.<\/p>\n<p><strong>Ben\u00f6tigte Probenmenge:<\/strong><br \/>\n100 g\/mL<\/p>\n<h3 class=\"wp-block-heading\"><strong>4. Farbanalyse<\/strong><\/h3>\n<p><strong>Zweck der Pr\u00fcfung:<\/strong><br \/>\nDie Farbe eines Produkts ist ein wichtiger Parameter f\u00fcr \u00c4sthetik und Markenkonsistenz. Farbanalysen werden durchgef\u00fchrt, um den genauen Farbton, die Intensit\u00e4t und die Gleichm\u00e4\u00dfigkeit eines Produkts zu bestimmen und so die Konsistenz einer Charge sicherzustellen. Farbabweichungen k\u00f6nnen auf Instabilit\u00e4t oder Qualit\u00e4tsprobleme hinweisen.  <\/p>\n<p><strong>Pr\u00fcfmethode:<\/strong><br \/>\nDie Farbe wird mit einem Spektralphotometer oder Kolorimeter analysiert, das die Reflexion oder Transmission von Licht durch die Probe misst. Dies kann mit einer Standardreferenz verglichen werden, um die Konsistenz sicherzustellen. <\/p>\n<p><strong>Warum ist das wichtig?<\/strong><\/p>\n<ul class=\"wp-block-list\">\n<li>Die Farbkonsistenz ist ein Indikator f\u00fcr die Produktstabilit\u00e4t. Eine Verf\u00e4rbung kann auf Oxidation oder den Abbau von Inhaltsstoffen hinweisen. <\/li>\n<li>Sie ist relevant f\u00fcr die Bewertung von Pigmenten und Farbstoffen, f\u00fcr die es spezielle Vorschriften gibt (z. B. die genehmigten CI-Nummern in Anhang IV der EG-Verordnung 1223\/2009).<\/li>\n<li>Unerw\u00fcnschte Farbver\u00e4nderungen k\u00f6nnen auf mikrobielles Wachstum oder chemischen Abbau hinweisen.<\/li>\n<\/ul>\n<p><strong>Relevanz f\u00fcr den CPSR:<\/strong><br \/>\nDer Sicherheits\u00fcberpr\u00fcfer \u00fcberpr\u00fcft, ob die verwendeten Farbstoffe sicher und zul\u00e4ssig sind und ob w\u00e4hrend der Produktlagerung keine unerwarteten Reaktionen auftreten, die die Sicherheit des Produkts gef\u00e4hrden k\u00f6nnten.<\/p>\n<p><strong>Ben\u00f6tigte Probenmenge:<\/strong><br \/>\n50 g\/mL<\/p>\n","protected":false},"excerpt":{"rendered":"<p>Die physikalisch-chemischen Parameter eines Produkts, wie pH-Wert, Viskosit\u00e4t, Dichte und Farbe, spielen eine wichtige Rolle bei der Sicherheitsbewertung eines Produkts. Um einen detaillierten Produktspezifikationsbericht f\u00fcr die Durchf\u00fchrung einer Sicherheitsbewertung zu erhalten, sind mehrere physikalisch-chemische Laborpr\u00fcfungen erforderlich. Diese Tests geben Aufschluss \u00fcber die Eigenschaften des Produkts und dienen dazu, die Stabilit\u00e4t, Sicherheit und Eignung des Produkts&#8230;<\/p>\n","protected":false},"featured_media":11304,"template":"","meta":[],"product_brand":[],"product_cat":[363,268,437],"product_tag":[],"class_list":{"0":"post-11309","1":"product","2":"type-product","3":"status-publish","4":"has-post-thumbnail","6":"product_cat-gemeinsame-tests","7":"product_cat-laboratorium-de","8":"product_cat-uberprufung-von-angaben-und-inhaltsstoffen","10":"first","11":"instock","12":"virtual","13":"taxable","14":"purchasable","15":"product-type-simple"},"bundled_by":["6794","11920","14798","15040"],"bundle_stock_status":"instock","bundle_stock_quantity":null,"bundle_virtual":false,"bundle_layout":"","bundle_add_to_cart_form_location":"","bundle_editable_in_cart":false,"bundle_sold_individually_context":"","bundle_item_grouping":"","bundle_min_size":"","bundle_max_size":"","bundle_price":[],"bundled_items":[],"bundle_sell_ids":[],"yoast_head":"<!-- This site is optimized with the Yoast SEO Premium plugin v25.4 (Yoast SEO v25.4) - https:\/\/yoast.com\/wordpress\/plugins\/seo\/ -->\n<title>Produktspezifikation Test - Certified Cosmetics<\/title>\n<meta name=\"description\" content=\"Die physikalisch-chemischen Parameter eines Produkts, wie pH-Wert, Viskosit\u00e4t, Dichte und Farbe, spielen eine wichtige Rolle bei der Sicherheitsbewertung eines Produkts.\" \/>\n<meta name=\"robots\" content=\"index, follow, max-snippet:-1, max-image-preview:large, max-video-preview:-1\" \/>\n<link rel=\"canonical\" href=\"https:\/\/www.certifiedcosmetics.com\/de\/product\/laboratorium-de\/produktspezifikation-test\/\" \/>\n<meta property=\"og:locale\" content=\"de_DE\" \/>\n<meta property=\"og:type\" content=\"article\" \/>\n<meta property=\"og:title\" content=\"Produktspezifikation Test\" \/>\n<meta property=\"og:description\" content=\"Die physikalisch-chemischen Parameter eines Produkts, wie pH-Wert, Viskosit\u00e4t, Dichte und Farbe, spielen eine wichtige Rolle bei der Sicherheitsbewertung eines Produkts.\" \/>\n<meta property=\"og:url\" content=\"https:\/\/www.certifiedcosmetics.com\/de\/product\/laboratorium-de\/produktspezifikation-test\/\" \/>\n<meta property=\"og:site_name\" content=\"Certified Cosmetics\" \/>\n<meta property=\"article:modified_time\" content=\"2025-05-20T10:32:25+00:00\" \/>\n<meta property=\"og:image\" content=\"https:\/\/www.certifiedcosmetics.com\/wp-content\/uploads\/2025\/02\/spec_lab_test.jpg\" \/>\n\t<meta property=\"og:image:width\" content=\"800\" \/>\n\t<meta property=\"og:image:height\" content=\"800\" \/>\n\t<meta property=\"og:image:type\" content=\"image\/jpeg\" \/>\n<meta name=\"twitter:card\" content=\"summary_large_image\" \/>\n<meta name=\"twitter:label1\" content=\"Preis\" \/>\n\t<meta name=\"twitter:data1\" content=\"&#036;93.61\" \/>\n\t<meta name=\"twitter:label2\" content=\"Verf\u00fcgbarkeit\" \/>\n\t<meta name=\"twitter:data2\" content=\"Auf Lager\" \/>\n<script type=\"application\/ld+json\" class=\"yoast-schema-graph\">{\"@context\":\"https:\/\/schema.org\",\"@graph\":[{\"@type\":\"WebPage\",\"@id\":\"https:\/\/www.certifiedcosmetics.com\/de\/product\/laboratorium-de\/produktspezifikation-test\/\",\"url\":\"https:\/\/www.certifiedcosmetics.com\/de\/product\/laboratorium-de\/produktspezifikation-test\/\",\"name\":\"Produktspezifikation Test - Certified Cosmetics\",\"isPartOf\":{\"@id\":\"https:\/\/www.certifiedcosmetics.com\/de\/#website\"},\"primaryImageOfPage\":{\"@id\":\"https:\/\/www.certifiedcosmetics.com\/de\/product\/laboratorium-de\/produktspezifikation-test\/#primaryimage\"},\"image\":{\"@id\":\"https:\/\/www.certifiedcosmetics.com\/de\/product\/laboratorium-de\/produktspezifikation-test\/#primaryimage\"},\"thumbnailUrl\":\"https:\/\/www.certifiedcosmetics.com\/wp-content\/uploads\/2025\/02\/spec_lab_test.jpg\",\"datePublished\":\"2025-02-14T08:24:22+00:00\",\"dateModified\":\"2025-05-20T10:32:25+00:00\",\"description\":\"Die physikalisch-chemischen Parameter eines Produkts, wie pH-Wert, Viskosit\u00e4t, Dichte und Farbe, spielen eine wichtige Rolle bei der Sicherheitsbewertung eines Produkts.\",\"breadcrumb\":{\"@id\":\"https:\/\/www.certifiedcosmetics.com\/de\/product\/laboratorium-de\/produktspezifikation-test\/#breadcrumb\"},\"inLanguage\":\"de\",\"potentialAction\":[{\"@type\":\"ReadAction\",\"target\":[\"https:\/\/www.certifiedcosmetics.com\/de\/product\/laboratorium-de\/produktspezifikation-test\/\"]}]},{\"@type\":\"ImageObject\",\"inLanguage\":\"de\",\"@id\":\"https:\/\/www.certifiedcosmetics.com\/de\/product\/laboratorium-de\/produktspezifikation-test\/#primaryimage\",\"url\":\"https:\/\/www.certifiedcosmetics.com\/wp-content\/uploads\/2025\/02\/spec_lab_test.jpg\",\"contentUrl\":\"https:\/\/www.certifiedcosmetics.com\/wp-content\/uploads\/2025\/02\/spec_lab_test.jpg\",\"width\":800,\"height\":800},{\"@type\":\"BreadcrumbList\",\"@id\":\"https:\/\/www.certifiedcosmetics.com\/de\/product\/laboratorium-de\/produktspezifikation-test\/#breadcrumb\",\"itemListElement\":[{\"@type\":\"ListItem\",\"position\":1,\"name\":\"Home\",\"item\":\"https:\/\/www.certifiedcosmetics.com\/de\/\"},{\"@type\":\"ListItem\",\"position\":2,\"name\":\"Shop\",\"item\":\"https:\/\/www.certifiedcosmetics.com\/de\/shop-2\/\"},{\"@type\":\"ListItem\",\"position\":3,\"name\":\"Produktspezifikation Test\"}]},{\"@type\":\"WebSite\",\"@id\":\"https:\/\/www.certifiedcosmetics.com\/de\/#website\",\"url\":\"https:\/\/www.certifiedcosmetics.com\/de\/\",\"name\":\"Certified Cosmetics\",\"description\":\"Cosmetic Safety Assessment\",\"publisher\":{\"@id\":\"https:\/\/www.certifiedcosmetics.com\/de\/#organization\"},\"potentialAction\":[{\"@type\":\"SearchAction\",\"target\":{\"@type\":\"EntryPoint\",\"urlTemplate\":\"https:\/\/www.certifiedcosmetics.com\/de\/?s={search_term_string}\"},\"query-input\":{\"@type\":\"PropertyValueSpecification\",\"valueRequired\":true,\"valueName\":\"search_term_string\"}}],\"inLanguage\":\"de\"},{\"@type\":\"Organization\",\"@id\":\"https:\/\/www.certifiedcosmetics.com\/de\/#organization\",\"name\":\"Certified Cosmetics\",\"url\":\"https:\/\/www.certifiedcosmetics.com\/de\/\",\"logo\":{\"@type\":\"ImageObject\",\"inLanguage\":\"de\",\"@id\":\"https:\/\/www.certifiedcosmetics.com\/de\/#\/schema\/logo\/image\/\",\"url\":\"https:\/\/www.certifiedcosmetics.com\/wp-content\/uploads\/2024\/12\/logo_certified_cosmetics696.jpg\",\"contentUrl\":\"https:\/\/www.certifiedcosmetics.com\/wp-content\/uploads\/2024\/12\/logo_certified_cosmetics696.jpg\",\"width\":696,\"height\":696,\"caption\":\"Certified Cosmetics\"},\"image\":{\"@id\":\"https:\/\/www.certifiedcosmetics.com\/de\/#\/schema\/logo\/image\/\"},\"description\":\"Your trusted partner for cosmetic product safety reporting. We take care of updating all of your documentation, ensuring your compliance stays current even as regulations evolve. The Cosmetic Product Safety Assessment will give you everything you need to sell specific products to EU consumers.\",\"email\":\"contact@certifiedcosmetics.com\",\"telephone\":\"+31 36 2036384\",\"legalName\":\"Certified Cosmetics\",\"foundingDate\":\"2010-01-01\",\"vatID\":\"NL854189543B01\",\"numberOfEmployees\":{\"@type\":\"QuantitativeValue\",\"minValue\":\"11\",\"maxValue\":\"50\"}}]}<\/script>\n<meta property=\"product:price:amount\" content=\"93.61\" \/>\n<meta property=\"product:price:currency\" content=\"USD\" \/>\n<meta property=\"og:availability\" content=\"instock\" \/>\n<meta property=\"product:availability\" content=\"instock\" \/>\n<meta property=\"product:retailer_item_id\" content=\"CC100025\" \/>\n<meta property=\"product:condition\" content=\"new\" \/>\n<!-- \/ Yoast SEO Premium plugin. -->","yoast_head_json":{"title":"Produktspezifikation Test - Certified Cosmetics","description":"Die physikalisch-chemischen Parameter eines Produkts, wie pH-Wert, Viskosit\u00e4t, Dichte und Farbe, spielen eine wichtige Rolle bei der Sicherheitsbewertung eines Produkts.","robots":{"index":"index","follow":"follow","max-snippet":"max-snippet:-1","max-image-preview":"max-image-preview:large","max-video-preview":"max-video-preview:-1"},"canonical":"https:\/\/www.certifiedcosmetics.com\/de\/product\/laboratorium-de\/produktspezifikation-test\/","og_locale":"de_DE","og_type":"article","og_title":"Produktspezifikation Test","og_description":"Die physikalisch-chemischen Parameter eines Produkts, wie pH-Wert, Viskosit\u00e4t, Dichte und Farbe, spielen eine wichtige Rolle bei der Sicherheitsbewertung eines Produkts.","og_url":"https:\/\/www.certifiedcosmetics.com\/de\/product\/laboratorium-de\/produktspezifikation-test\/","og_site_name":"Certified Cosmetics","article_modified_time":"2025-05-20T10:32:25+00:00","og_image":[{"width":800,"height":800,"url":"https:\/\/www.certifiedcosmetics.com\/wp-content\/uploads\/2025\/02\/spec_lab_test.jpg","type":"image\/jpeg"}],"twitter_card":"summary_large_image","twitter_misc":{"Preis":"&#36;93.61","Verf\u00fcgbarkeit":"Auf Lager"},"schema":{"@context":"https:\/\/schema.org","@graph":[{"@type":"WebPage","@id":"https:\/\/www.certifiedcosmetics.com\/de\/product\/laboratorium-de\/produktspezifikation-test\/","url":"https:\/\/www.certifiedcosmetics.com\/de\/product\/laboratorium-de\/produktspezifikation-test\/","name":"Produktspezifikation Test - Certified Cosmetics","isPartOf":{"@id":"https:\/\/www.certifiedcosmetics.com\/de\/#website"},"primaryImageOfPage":{"@id":"https:\/\/www.certifiedcosmetics.com\/de\/product\/laboratorium-de\/produktspezifikation-test\/#primaryimage"},"image":{"@id":"https:\/\/www.certifiedcosmetics.com\/de\/product\/laboratorium-de\/produktspezifikation-test\/#primaryimage"},"thumbnailUrl":"https:\/\/www.certifiedcosmetics.com\/wp-content\/uploads\/2025\/02\/spec_lab_test.jpg","datePublished":"2025-02-14T08:24:22+00:00","dateModified":"2025-05-20T10:32:25+00:00","description":"Die physikalisch-chemischen Parameter eines Produkts, wie pH-Wert, Viskosit\u00e4t, Dichte und Farbe, spielen eine wichtige Rolle bei der Sicherheitsbewertung eines Produkts.","breadcrumb":{"@id":"https:\/\/www.certifiedcosmetics.com\/de\/product\/laboratorium-de\/produktspezifikation-test\/#breadcrumb"},"inLanguage":"de","potentialAction":[{"@type":"ReadAction","target":["https:\/\/www.certifiedcosmetics.com\/de\/product\/laboratorium-de\/produktspezifikation-test\/"]}]},{"@type":"ImageObject","inLanguage":"de","@id":"https:\/\/www.certifiedcosmetics.com\/de\/product\/laboratorium-de\/produktspezifikation-test\/#primaryimage","url":"https:\/\/www.certifiedcosmetics.com\/wp-content\/uploads\/2025\/02\/spec_lab_test.jpg","contentUrl":"https:\/\/www.certifiedcosmetics.com\/wp-content\/uploads\/2025\/02\/spec_lab_test.jpg","width":800,"height":800},{"@type":"BreadcrumbList","@id":"https:\/\/www.certifiedcosmetics.com\/de\/product\/laboratorium-de\/produktspezifikation-test\/#breadcrumb","itemListElement":[{"@type":"ListItem","position":1,"name":"Home","item":"https:\/\/www.certifiedcosmetics.com\/de\/"},{"@type":"ListItem","position":2,"name":"Shop","item":"https:\/\/www.certifiedcosmetics.com\/de\/shop-2\/"},{"@type":"ListItem","position":3,"name":"Produktspezifikation Test"}]},{"@type":"WebSite","@id":"https:\/\/www.certifiedcosmetics.com\/de\/#website","url":"https:\/\/www.certifiedcosmetics.com\/de\/","name":"Certified Cosmetics","description":"Cosmetic Safety Assessment","publisher":{"@id":"https:\/\/www.certifiedcosmetics.com\/de\/#organization"},"potentialAction":[{"@type":"SearchAction","target":{"@type":"EntryPoint","urlTemplate":"https:\/\/www.certifiedcosmetics.com\/de\/?s={search_term_string}"},"query-input":{"@type":"PropertyValueSpecification","valueRequired":true,"valueName":"search_term_string"}}],"inLanguage":"de"},{"@type":"Organization","@id":"https:\/\/www.certifiedcosmetics.com\/de\/#organization","name":"Certified Cosmetics","url":"https:\/\/www.certifiedcosmetics.com\/de\/","logo":{"@type":"ImageObject","inLanguage":"de","@id":"https:\/\/www.certifiedcosmetics.com\/de\/#\/schema\/logo\/image\/","url":"https:\/\/www.certifiedcosmetics.com\/wp-content\/uploads\/2024\/12\/logo_certified_cosmetics696.jpg","contentUrl":"https:\/\/www.certifiedcosmetics.com\/wp-content\/uploads\/2024\/12\/logo_certified_cosmetics696.jpg","width":696,"height":696,"caption":"Certified Cosmetics"},"image":{"@id":"https:\/\/www.certifiedcosmetics.com\/de\/#\/schema\/logo\/image\/"},"description":"Your trusted partner for cosmetic product safety reporting. We take care of updating all of your documentation, ensuring your compliance stays current even as regulations evolve. The Cosmetic Product Safety Assessment will give you everything you need to sell specific products to EU consumers.","email":"contact@certifiedcosmetics.com","telephone":"+31 36 2036384","legalName":"Certified Cosmetics","foundingDate":"2010-01-01","vatID":"NL854189543B01","numberOfEmployees":{"@type":"QuantitativeValue","minValue":"11","maxValue":"50"}}]},"product_price_amount":"93.61","product_price_currency":"USD","og_availability":"instock","product_availability":"instock","product_retailer_item_id":"CC100025","product_condition":"new"},"_links":{"self":[{"href":"https:\/\/www.certifiedcosmetics.com\/de\/wp-json\/wp\/v2\/product\/11309","targetHints":{"allow":["GET"]}}],"collection":[{"href":"https:\/\/www.certifiedcosmetics.com\/de\/wp-json\/wp\/v2\/product"}],"about":[{"href":"https:\/\/www.certifiedcosmetics.com\/de\/wp-json\/wp\/v2\/types\/product"}],"wp:featuredmedia":[{"embeddable":true,"href":"https:\/\/www.certifiedcosmetics.com\/de\/wp-json\/wp\/v2\/media\/11304"}],"wp:attachment":[{"href":"https:\/\/www.certifiedcosmetics.com\/de\/wp-json\/wp\/v2\/media?parent=11309"}],"wp:term":[{"taxonomy":"product_brand","embeddable":true,"href":"https:\/\/www.certifiedcosmetics.com\/de\/wp-json\/wp\/v2\/product_brand?post=11309"},{"taxonomy":"product_cat","embeddable":true,"href":"https:\/\/www.certifiedcosmetics.com\/de\/wp-json\/wp\/v2\/product_cat?post=11309"},{"taxonomy":"product_tag","embeddable":true,"href":"https:\/\/www.certifiedcosmetics.com\/de\/wp-json\/wp\/v2\/product_tag?post=11309"}],"curies":[{"name":"wp","href":"https:\/\/api.w.org\/{rel}","templated":true}]}}