{"id":10947,"date":"2024-10-27T14:23:26","date_gmt":"2024-10-27T13:23:26","guid":{"rendered":"https:\/\/www.certifiedcosmetics.com\/product\/unkategorisiert\/spf-labortest-sonnenschutzfaktor\/"},"modified":"2025-10-22T09:03:52","modified_gmt":"2025-10-22T08:03:52","slug":"spf-labortest-sonnenschutzfaktor","status":"publish","type":"product","link":"https:\/\/www.certifiedcosmetics.com\/de\/product\/spf-prufung\/spf-labortest-sonnenschutzfaktor\/","title":{"rendered":"SPF Labortest In Vivo &#8211; Sonnenschutzfaktor"},"content":{"rendered":"<p>Der Lichtschutzfaktor (LSF) bestimmt, wie gut ein Sonnenschutzmittel vor UVB-Strahlung sch\u00fctzt, die wichtig ist, um Sonnenbrand und Hautsch\u00e4den zu verhindern. Der Lichtschutzfaktor (LSF) ist eine wichtige Komponente von Sonnenschutzmitteln und anderen Sonnenschutzprodukten, die direkt mit der Sicherheit der Verbraucher und der Einhaltung von Vorschriften verbunden ist. SPF-Labortests sind ein wichtiges Verfahren, um die Wirksamkeitsanspr\u00fcche von Sonnenschutzprodukten zu belegen und sicherzustellen, dass sie die strengen Anforderungen der Aufsichtsbeh\u00f6rden und die Erwartungen der Verbraucher erf\u00fcllen. <\/p>\n<p>Dieser Test gilt als Goldstandard f\u00fcr die SPF-Validierung mit Hilfe von Freiwilligen. Bei diesem Test wird der Lichtschutzfaktor eines Sonnenschutzmittels an menschlichen Probanden unter kontrollierten Bedingungen gemessen, in \u00dcbereinstimmung mit <strong>ISO 24444:2019.<\/strong> <\/p>\n<h2><strong>Methodik &amp; Standards<\/strong><\/h2>\n<p><strong>Methodik und Standards, die f\u00fcr diesen Labortest verwendet wurden:<\/strong><\/p>\n<ul>\n<li>ISO 24444:2019<\/li>\n<li>Durchgef\u00fchrt unter dermatologischer Aufsicht<\/li>\n<\/ul>\n<h2><strong>Warum In Vivo w\u00e4hlen?<\/strong><\/h2>\n<ul>\n<li>Unerl\u00e4sslich f\u00fcr genaue SPF &lt; 30 oder \u2265 30 Kennzeichnungsgrenzen.<\/li>\n<li>Validiert nach ISO 24444:2019, weithin anerkannt in der EU, den USA und den globalen M\u00e4rkten<\/li>\n<\/ul>\n<h2><strong>Empfohlener Arbeitsablauf<\/strong><\/h2>\n<ul>\n<li>F\u00fchre zun\u00e4chst ein In-vitro-Vorscreening durch.<\/li>\n<li>F\u00fchre In-vivo-Tests f\u00fcr den endg\u00fcltigen Nachweis und die Produkteinf\u00fchrung durch.<\/li>\n<\/ul>\n<h2>Warum ist ein LSF-Test wichtig?<\/h2>\n<ol>\n<li><strong>Einhaltung von Vorschriften:<\/strong><br \/>\nDie meisten Regionen, darunter die EU, die USA und Asien, verlangen validierte LSF-Angaben f\u00fcr Sonnenschutzprodukte. Ohne ordnungsgem\u00e4\u00dfe Tests k\u00f6nnen Produkte abgelehnt oder vom Markt genommen werden. <\/li>\n<li><strong>Verbrauchersicherheit:<\/strong><br \/>\nFalsche LSF-Angaben k\u00f6nnen zu einem unzureichenden Sonnenschutz f\u00fchren und das Risiko von Hautsch\u00e4den und damit verbundenen Gesundheitsproblemen erh\u00f6hen.<\/li>\n<li><strong>Glaubw\u00fcrdigkeit und Vertrauen:<\/strong><br \/>\nTransparente und genaue LSF-Angaben st\u00e4rken das Markenimage und das Vertrauen der Verbraucher in deine Produkte.<\/li>\n<li><strong>Marktdifferenzierung:<\/strong><br \/>\nSPF-Tests stellen sicher, dass dein Produkt im Wettbewerb bestehen kann, indem es nachweislich Schutz bietet und somit die bevorzugte Wahl f\u00fcr sicherheitsbewusste Verbraucher ist.<\/li>\n<\/ol>\n<h2>Unsere SPF-Laborpr\u00fcfdienste<\/h2>\n<p>Wir bieten umfassende SPF-Tests an, damit du deine Produktaussagen untermauern und die gesetzlichen Standards erf\u00fcllen kannst. Unsere Dienstleistungen umfassen: <\/p>\n<h3>1. SPF In Vivo Tests<\/h3>\n<ul>\n<li>An menschlichen Freiwilligen unter strengen ethischen und Sicherheitsprotokollen durchgef\u00fchrt.<\/li>\n<li>Ermittelt den tats\u00e4chlichen LSF-Wert deines Produkts anhand der realen Anwendung und Sonneneinstrahlung.<\/li>\n<\/ul>\n<h3>2. SPF In-vitro-Tests<\/h3>\n<ul>\n<li>Geeignet f\u00fcr erste Bewertungen oder als Erg\u00e4nzung zu In-vivo-Tests.<\/li>\n<li>Bietet eine schnelle und kosteng\u00fcnstige Methode zur Analyse des UV-Schutzes.<\/li>\n<\/ul>\n<h3>3. Breitspektrum-UV-Tests<\/h3>\n<ul>\n<li>Misst den Schutz vor <strong>UVA-<\/strong> und <strong>UVB-Strahlung<\/strong>, um die Behauptung des &#8220;breiten Spektrums&#8221; zu unterst\u00fctzen.<\/li>\n<\/ul>\n<h3>4. Pr\u00fcfung der Wasserbest\u00e4ndigkeit<\/h3>\n<ul>\n<li>Bewertet die Wirksamkeit des Produkts, nachdem es Wasser ausgesetzt wurde, und stellt sicher, dass die Angaben &#8220;wasserfest&#8221; oder &#8220;sehr wasserfest&#8221; korrekt sind.<\/li>\n<\/ul>\n<h3>5. Compliance-Kontrollen<\/h3>\n<ul>\n<li>\u00dcberpr\u00fcfung der Einhaltung regionaler SPF-Kennzeichnungsvorschriften, wie z. B. die der FDA (USA), der EU-Kosmetikverordnung oder der ISO-Normen.<\/li>\n<\/ul>\n<h2>Warum sollten Sie uns f\u00fcr SPF-Tests w\u00e4hlen?<\/h2>\n<ul>\n<li><strong>Akkreditierte Einrichtungen:<\/strong> Wir betreiben hochmoderne Labore, die f\u00fcr die Durchf\u00fchrung von SPF-Pr\u00fcfungen nach globalen Standards akkreditiert sind.<\/li>\n<li><strong>Expertenteam:<\/strong> Unsere Wissenschaftler sind auf die Formulierung und Pr\u00fcfung von Sonnenschutzmitteln spezialisiert und sorgen f\u00fcr pr\u00e4zise und zuverl\u00e4ssige Ergebnisse.<\/li>\n<li><strong>Regulatorische Expertise:<\/strong> Wir geben Hilfestellung bei der Erf\u00fcllung spezifischer Anforderungen f\u00fcr verschiedene M\u00e4rkte und verringern so das Risiko von Verz\u00f6gerungen oder Nichteinhaltung.<\/li>\n<li><strong>End-to-End-Unterst\u00fctzung:<\/strong> Von der ersten Pr\u00fcfung bis zur Validierung von Anspr\u00fcchen und der beh\u00f6rdlichen Dokumentation unterst\u00fctzen wir jede Phase deiner Produktentwicklung.<\/li>\n<\/ul>\n<h2 class=\"wp-block-heading\"><strong>Wie funktioniert das Verfahren?<\/strong><\/h2>\n<ol class=\"wp-block-list\" start=\"1\">\n<li><strong>Auswahl des Labortests<\/strong>\n<ul class=\"wp-block-list\">\n<li>Du kaufst den <strong>Labortest<\/strong> \u00fcber unsere Website.<\/li>\n<\/ul>\n<\/li>\n<li><strong>Zugang zum sicheren Portal<\/strong>\n<ul class=\"wp-block-list\">\n<li>Nach dem Kauf erh\u00e4ltst du Zugang zu unserem sicheren Portal, in dem du die Anmeldung ausf\u00fcllen kannst.<\/li>\n<\/ul>\n<\/li>\n<li><strong>Vollst\u00e4ndige Aufnahme<\/strong>\n<ul class=\"wp-block-list\">\n<li>F\u00fclle alle geforderten Informationen \u00fcber dein Produkt aus und lade relevante Unterlagen hoch.<\/li>\n<\/ul>\n<\/li>\n<li><strong>Muster senden<\/strong>\n<ul class=\"wp-block-list\">\n<li>Schicke physische Proben deines Produkts an unser Labor. Wenn du deinen Labortest im Portal anmeldest, wird der Sicherheitsbewerter die Anzahl der Proben anfordern. Sie h\u00e4ngt von deinem Produkt und deiner Verpackung ab.  <\/li>\n<\/ul>\n<\/li>\n<li><strong>Labortests<\/strong>\n<ul class=\"wp-block-list\">\n<li>Wir f\u00fchren die Labortests durch.<\/li>\n<\/ul>\n<\/li>\n<li><strong>Ergebnisse<\/strong>\n<ul class=\"wp-block-list\">\n<li>Im Portal findest du die Pr\u00fcfergebnisse f\u00fcr dein Produkt.<\/li>\n<\/ul>\n<\/li>\n<\/ol>\n","protected":false},"excerpt":{"rendered":"<div class=\"bt_bb_button bt_bb_color_scheme_6 bt_bb_icon_position_left bt_bb_style_filled bt_bb_width_inline bt_bb_shape_inherit bt_bb_target_self bt_bb_text_transform_inherit bt_bb_fe_edit bt_bb_size_normal bt_bb_align_inherit\" style=\"; --primary-color: #ffffff; --secondary-color: #0bc270;\" data-base=\"bt_bb_button\"><a class=\"bt_bb_link\" title=\"BEWERTUNG DER SEIFENSICHERHEIT\" href=\"https:\/\/www.certifiedcosmetics.com\/services\/get-quote\/\" target=\"_self\" rel=\"noopener\"><span class=\"bt_bb_button_text\">ANGEBOT ANFORDERN<\/span><\/a><\/div>\n","protected":false},"featured_media":10117,"template":"","meta":[],"product_brand":[],"product_cat":[145,1452,127],"product_tag":[],"class_list":{"0":"post-10947","1":"product","2":"type-product","3":"status-publish","4":"has-post-thumbnail","6":"product_cat-hauttest","7":"product_cat-spf-prufung","8":"product_cat-wirksamkeitstests","10":"first","11":"instock","12":"taxable","13":"shipping-taxable","14":"purchasable","15":"product-type-variable","16":"has-default-attributes"},"bundled_by":[],"bundle_stock_status":"instock","bundle_stock_quantity":null,"bundle_virtual":false,"bundle_layout":"","bundle_add_to_cart_form_location":"","bundle_editable_in_cart":false,"bundle_sold_individually_context":"","bundle_item_grouping":"","bundle_min_size":"","bundle_max_size":"","bundle_price":[],"bundled_items":[],"bundle_sell_ids":[],"yoast_head":"<!-- This site is optimized with the Yoast SEO Premium plugin v25.4 (Yoast SEO v25.4) - https:\/\/yoast.com\/wordpress\/plugins\/seo\/ -->\n<title>SPF Labortest In Vivo - Sonnenschutzfaktor - Certified Cosmetics<\/title>\n<meta name=\"description\" content=\"Der Lichtschutzfaktor (LSF) bestimmt, wie gut ein Sonnenschutzmittel vor UVB-Strahlung sch\u00fctzt, die wichtig ist, um Sonnenbrand und Hautsch\u00e4den zu verhindern.\" \/>\n<meta name=\"robots\" content=\"index, follow, max-snippet:-1, max-image-preview:large, max-video-preview:-1\" \/>\n<link rel=\"canonical\" href=\"https:\/\/www.certifiedcosmetics.com\/de\/product\/spf-prufung\/spf-labortest-sonnenschutzfaktor\/\" \/>\n<meta property=\"og:locale\" content=\"de_DE\" \/>\n<meta property=\"og:type\" content=\"article\" \/>\n<meta property=\"og:title\" content=\"SPF Labortest In Vivo - Sonnenschutzfaktor\" \/>\n<meta property=\"og:description\" content=\"Der Lichtschutzfaktor (LSF) bestimmt, wie gut ein Sonnenschutzmittel vor UVB-Strahlung sch\u00fctzt, die wichtig ist, um Sonnenbrand und Hautsch\u00e4den zu verhindern.\" \/>\n<meta property=\"og:url\" content=\"https:\/\/www.certifiedcosmetics.com\/de\/product\/spf-prufung\/spf-labortest-sonnenschutzfaktor\/\" \/>\n<meta property=\"og:site_name\" content=\"Certified Cosmetics\" \/>\n<meta property=\"article:modified_time\" content=\"2025-10-22T08:03:52+00:00\" \/>\n<meta property=\"og:image\" content=\"https:\/\/www.certifiedcosmetics.com\/wp-content\/uploads\/2024\/11\/5-2.png\" \/>\n\t<meta property=\"og:image:width\" content=\"400\" \/>\n\t<meta property=\"og:image:height\" content=\"400\" \/>\n\t<meta property=\"og:image:type\" content=\"image\/png\" \/>\n<meta name=\"twitter:card\" content=\"summary_large_image\" \/>\n<meta name=\"twitter:label1\" content=\"Verf\u00fcgbarkeit\" \/>\n\t<meta name=\"twitter:data1\" content=\"Auf Lager\" \/>\n<script type=\"application\/ld+json\" class=\"yoast-schema-graph\">{\"@context\":\"https:\/\/schema.org\",\"@graph\":[{\"@type\":\"WebPage\",\"@id\":\"https:\/\/www.certifiedcosmetics.com\/de\/product\/spf-prufung\/spf-labortest-sonnenschutzfaktor\/\",\"url\":\"https:\/\/www.certifiedcosmetics.com\/de\/product\/spf-prufung\/spf-labortest-sonnenschutzfaktor\/\",\"name\":\"SPF Labortest In Vivo - Sonnenschutzfaktor - Certified Cosmetics\",\"isPartOf\":{\"@id\":\"https:\/\/www.certifiedcosmetics.com\/de\/#website\"},\"primaryImageOfPage\":{\"@id\":\"https:\/\/www.certifiedcosmetics.com\/de\/product\/spf-prufung\/spf-labortest-sonnenschutzfaktor\/#primaryimage\"},\"image\":{\"@id\":\"https:\/\/www.certifiedcosmetics.com\/de\/product\/spf-prufung\/spf-labortest-sonnenschutzfaktor\/#primaryimage\"},\"thumbnailUrl\":\"https:\/\/www.certifiedcosmetics.com\/wp-content\/uploads\/2024\/11\/5-2.png\",\"datePublished\":\"2024-10-27T13:23:26+00:00\",\"dateModified\":\"2025-10-22T08:03:52+00:00\",\"description\":\"Der Lichtschutzfaktor (LSF) bestimmt, wie gut ein Sonnenschutzmittel vor UVB-Strahlung sch\u00fctzt, die wichtig ist, um Sonnenbrand und Hautsch\u00e4den zu verhindern.\",\"breadcrumb\":{\"@id\":\"https:\/\/www.certifiedcosmetics.com\/de\/product\/spf-prufung\/spf-labortest-sonnenschutzfaktor\/#breadcrumb\"},\"inLanguage\":\"de\",\"potentialAction\":[{\"@type\":\"ReadAction\",\"target\":[\"https:\/\/www.certifiedcosmetics.com\/de\/product\/spf-prufung\/spf-labortest-sonnenschutzfaktor\/\"]}]},{\"@type\":\"ImageObject\",\"inLanguage\":\"de\",\"@id\":\"https:\/\/www.certifiedcosmetics.com\/de\/product\/spf-prufung\/spf-labortest-sonnenschutzfaktor\/#primaryimage\",\"url\":\"https:\/\/www.certifiedcosmetics.com\/wp-content\/uploads\/2024\/11\/5-2.png\",\"contentUrl\":\"https:\/\/www.certifiedcosmetics.com\/wp-content\/uploads\/2024\/11\/5-2.png\",\"width\":400,\"height\":400},{\"@type\":\"BreadcrumbList\",\"@id\":\"https:\/\/www.certifiedcosmetics.com\/de\/product\/spf-prufung\/spf-labortest-sonnenschutzfaktor\/#breadcrumb\",\"itemListElement\":[{\"@type\":\"ListItem\",\"position\":1,\"name\":\"Home\",\"item\":\"https:\/\/www.certifiedcosmetics.com\/de\/\"},{\"@type\":\"ListItem\",\"position\":2,\"name\":\"Shop\",\"item\":\"https:\/\/www.certifiedcosmetics.com\/de\/shop-2\/\"},{\"@type\":\"ListItem\",\"position\":3,\"name\":\"SPF Labortest In Vivo &#8211; Sonnenschutzfaktor\"}]},{\"@type\":\"WebSite\",\"@id\":\"https:\/\/www.certifiedcosmetics.com\/de\/#website\",\"url\":\"https:\/\/www.certifiedcosmetics.com\/de\/\",\"name\":\"Certified Cosmetics\",\"description\":\"Cosmetic Safety Assessment\",\"publisher\":{\"@id\":\"https:\/\/www.certifiedcosmetics.com\/de\/#organization\"},\"potentialAction\":[{\"@type\":\"SearchAction\",\"target\":{\"@type\":\"EntryPoint\",\"urlTemplate\":\"https:\/\/www.certifiedcosmetics.com\/de\/?s={search_term_string}\"},\"query-input\":{\"@type\":\"PropertyValueSpecification\",\"valueRequired\":true,\"valueName\":\"search_term_string\"}}],\"inLanguage\":\"de\"},{\"@type\":\"Organization\",\"@id\":\"https:\/\/www.certifiedcosmetics.com\/de\/#organization\",\"name\":\"Certified Cosmetics\",\"url\":\"https:\/\/www.certifiedcosmetics.com\/de\/\",\"logo\":{\"@type\":\"ImageObject\",\"inLanguage\":\"de\",\"@id\":\"https:\/\/www.certifiedcosmetics.com\/de\/#\/schema\/logo\/image\/\",\"url\":\"https:\/\/www.certifiedcosmetics.com\/wp-content\/uploads\/2024\/12\/logo_certified_cosmetics696.jpg\",\"contentUrl\":\"https:\/\/www.certifiedcosmetics.com\/wp-content\/uploads\/2024\/12\/logo_certified_cosmetics696.jpg\",\"width\":696,\"height\":696,\"caption\":\"Certified Cosmetics\"},\"image\":{\"@id\":\"https:\/\/www.certifiedcosmetics.com\/de\/#\/schema\/logo\/image\/\"},\"description\":\"Your trusted partner for cosmetic product safety reporting. We take care of updating all of your documentation, ensuring your compliance stays current even as regulations evolve. The Cosmetic Product Safety Assessment will give you everything you need to sell specific products to EU consumers.\",\"email\":\"contact@certifiedcosmetics.com\",\"telephone\":\"+31 36 2036384\",\"legalName\":\"Certified Cosmetics\",\"foundingDate\":\"2010-01-01\",\"vatID\":\"NL854189543B01\",\"numberOfEmployees\":{\"@type\":\"QuantitativeValue\",\"minValue\":\"11\",\"maxValue\":\"50\"}}]}<\/script>\n<meta property=\"og:availability\" content=\"instock\" \/>\n<meta property=\"product:availability\" content=\"instock\" \/>\n<meta property=\"product:condition\" content=\"new\" \/>\n<!-- \/ Yoast SEO Premium plugin. -->","yoast_head_json":{"title":"SPF Labortest In Vivo - Sonnenschutzfaktor - Certified Cosmetics","description":"Der Lichtschutzfaktor (LSF) bestimmt, wie gut ein Sonnenschutzmittel vor UVB-Strahlung sch\u00fctzt, die wichtig ist, um Sonnenbrand und Hautsch\u00e4den zu verhindern.","robots":{"index":"index","follow":"follow","max-snippet":"max-snippet:-1","max-image-preview":"max-image-preview:large","max-video-preview":"max-video-preview:-1"},"canonical":"https:\/\/www.certifiedcosmetics.com\/de\/product\/spf-prufung\/spf-labortest-sonnenschutzfaktor\/","og_locale":"de_DE","og_type":"article","og_title":"SPF Labortest In Vivo - Sonnenschutzfaktor","og_description":"Der Lichtschutzfaktor (LSF) bestimmt, wie gut ein Sonnenschutzmittel vor UVB-Strahlung sch\u00fctzt, die wichtig ist, um Sonnenbrand und Hautsch\u00e4den zu verhindern.","og_url":"https:\/\/www.certifiedcosmetics.com\/de\/product\/spf-prufung\/spf-labortest-sonnenschutzfaktor\/","og_site_name":"Certified Cosmetics","article_modified_time":"2025-10-22T08:03:52+00:00","og_image":[{"width":400,"height":400,"url":"https:\/\/www.certifiedcosmetics.com\/wp-content\/uploads\/2024\/11\/5-2.png","type":"image\/png"}],"twitter_card":"summary_large_image","twitter_misc":{"Verf\u00fcgbarkeit":"Auf Lager"},"schema":{"@context":"https:\/\/schema.org","@graph":[{"@type":"WebPage","@id":"https:\/\/www.certifiedcosmetics.com\/de\/product\/spf-prufung\/spf-labortest-sonnenschutzfaktor\/","url":"https:\/\/www.certifiedcosmetics.com\/de\/product\/spf-prufung\/spf-labortest-sonnenschutzfaktor\/","name":"SPF Labortest In Vivo - Sonnenschutzfaktor - Certified Cosmetics","isPartOf":{"@id":"https:\/\/www.certifiedcosmetics.com\/de\/#website"},"primaryImageOfPage":{"@id":"https:\/\/www.certifiedcosmetics.com\/de\/product\/spf-prufung\/spf-labortest-sonnenschutzfaktor\/#primaryimage"},"image":{"@id":"https:\/\/www.certifiedcosmetics.com\/de\/product\/spf-prufung\/spf-labortest-sonnenschutzfaktor\/#primaryimage"},"thumbnailUrl":"https:\/\/www.certifiedcosmetics.com\/wp-content\/uploads\/2024\/11\/5-2.png","datePublished":"2024-10-27T13:23:26+00:00","dateModified":"2025-10-22T08:03:52+00:00","description":"Der Lichtschutzfaktor (LSF) bestimmt, wie gut ein Sonnenschutzmittel vor UVB-Strahlung sch\u00fctzt, die wichtig ist, um Sonnenbrand und Hautsch\u00e4den zu verhindern.","breadcrumb":{"@id":"https:\/\/www.certifiedcosmetics.com\/de\/product\/spf-prufung\/spf-labortest-sonnenschutzfaktor\/#breadcrumb"},"inLanguage":"de","potentialAction":[{"@type":"ReadAction","target":["https:\/\/www.certifiedcosmetics.com\/de\/product\/spf-prufung\/spf-labortest-sonnenschutzfaktor\/"]}]},{"@type":"ImageObject","inLanguage":"de","@id":"https:\/\/www.certifiedcosmetics.com\/de\/product\/spf-prufung\/spf-labortest-sonnenschutzfaktor\/#primaryimage","url":"https:\/\/www.certifiedcosmetics.com\/wp-content\/uploads\/2024\/11\/5-2.png","contentUrl":"https:\/\/www.certifiedcosmetics.com\/wp-content\/uploads\/2024\/11\/5-2.png","width":400,"height":400},{"@type":"BreadcrumbList","@id":"https:\/\/www.certifiedcosmetics.com\/de\/product\/spf-prufung\/spf-labortest-sonnenschutzfaktor\/#breadcrumb","itemListElement":[{"@type":"ListItem","position":1,"name":"Home","item":"https:\/\/www.certifiedcosmetics.com\/de\/"},{"@type":"ListItem","position":2,"name":"Shop","item":"https:\/\/www.certifiedcosmetics.com\/de\/shop-2\/"},{"@type":"ListItem","position":3,"name":"SPF Labortest In Vivo &#8211; Sonnenschutzfaktor"}]},{"@type":"WebSite","@id":"https:\/\/www.certifiedcosmetics.com\/de\/#website","url":"https:\/\/www.certifiedcosmetics.com\/de\/","name":"Certified Cosmetics","description":"Cosmetic Safety Assessment","publisher":{"@id":"https:\/\/www.certifiedcosmetics.com\/de\/#organization"},"potentialAction":[{"@type":"SearchAction","target":{"@type":"EntryPoint","urlTemplate":"https:\/\/www.certifiedcosmetics.com\/de\/?s={search_term_string}"},"query-input":{"@type":"PropertyValueSpecification","valueRequired":true,"valueName":"search_term_string"}}],"inLanguage":"de"},{"@type":"Organization","@id":"https:\/\/www.certifiedcosmetics.com\/de\/#organization","name":"Certified Cosmetics","url":"https:\/\/www.certifiedcosmetics.com\/de\/","logo":{"@type":"ImageObject","inLanguage":"de","@id":"https:\/\/www.certifiedcosmetics.com\/de\/#\/schema\/logo\/image\/","url":"https:\/\/www.certifiedcosmetics.com\/wp-content\/uploads\/2024\/12\/logo_certified_cosmetics696.jpg","contentUrl":"https:\/\/www.certifiedcosmetics.com\/wp-content\/uploads\/2024\/12\/logo_certified_cosmetics696.jpg","width":696,"height":696,"caption":"Certified Cosmetics"},"image":{"@id":"https:\/\/www.certifiedcosmetics.com\/de\/#\/schema\/logo\/image\/"},"description":"Your trusted partner for cosmetic product safety reporting. We take care of updating all of your documentation, ensuring your compliance stays current even as regulations evolve. The Cosmetic Product Safety Assessment will give you everything you need to sell specific products to EU consumers.","email":"contact@certifiedcosmetics.com","telephone":"+31 36 2036384","legalName":"Certified Cosmetics","foundingDate":"2010-01-01","vatID":"NL854189543B01","numberOfEmployees":{"@type":"QuantitativeValue","minValue":"11","maxValue":"50"}}]},"og_availability":"instock","product_availability":"instock","product_condition":"new"},"_links":{"self":[{"href":"https:\/\/www.certifiedcosmetics.com\/de\/wp-json\/wp\/v2\/product\/10947","targetHints":{"allow":["GET"]}}],"collection":[{"href":"https:\/\/www.certifiedcosmetics.com\/de\/wp-json\/wp\/v2\/product"}],"about":[{"href":"https:\/\/www.certifiedcosmetics.com\/de\/wp-json\/wp\/v2\/types\/product"}],"wp:featuredmedia":[{"embeddable":true,"href":"https:\/\/www.certifiedcosmetics.com\/de\/wp-json\/wp\/v2\/media\/10117"}],"wp:attachment":[{"href":"https:\/\/www.certifiedcosmetics.com\/de\/wp-json\/wp\/v2\/media?parent=10947"}],"wp:term":[{"taxonomy":"product_brand","embeddable":true,"href":"https:\/\/www.certifiedcosmetics.com\/de\/wp-json\/wp\/v2\/product_brand?post=10947"},{"taxonomy":"product_cat","embeddable":true,"href":"https:\/\/www.certifiedcosmetics.com\/de\/wp-json\/wp\/v2\/product_cat?post=10947"},{"taxonomy":"product_tag","embeddable":true,"href":"https:\/\/www.certifiedcosmetics.com\/de\/wp-json\/wp\/v2\/product_tag?post=10947"}],"curies":[{"name":"wp","href":"https:\/\/api.w.org\/{rel}","templated":true}]}}