{"id":11778,"date":"2025-06-02T15:03:21","date_gmt":"2025-06-02T14:03:21","guid":{"rendered":"https:\/\/www.certifiedcosmetics.com\/datenschutzrichtlinie\/"},"modified":"2025-06-02T15:15:59","modified_gmt":"2025-06-02T14:15:59","slug":"datenschutzrichtlinie","status":"publish","type":"page","link":"https:\/\/www.certifiedcosmetics.com\/de\/datenschutzrichtlinie\/","title":{"rendered":"Datenschutzrichtlinie"},"content":{"rendered":"<section data-bb-version=\"4.6.1\" id=\"bt_bb_section69f9bffdbc164\" class=\"bt_bb_section bt_bb_layout_boxed_1200\"  data-bt-override-class=\"null\"><div class=\"bt_bb_port\"><div class=\"bt_bb_cell\"><div class=\"bt_bb_cell_inner\"><div class=\"bt_bb_row \"  data-bt-override-class=\"{}\"><div class=\"bt_bb_row_holder\" ><div data-bb-version=\"4.6.1\"  class=\"bt_bb_column col-xxl-12 col-xl-12 col-xs-12 col-sm-12 col-md-12 col-lg-12 bt_bb_vertical_align_top bt_bb_align_left bt_bb_padding_normal\" style=\"; --column-width:12;\" data-width=\"12\" data-bt-override-class=\"{}\"><div class=\"bt_bb_column_content\"><div class=\"bt_bb_column_content_inner\"><header data-bb-version=\"4.6.1\" class=\"bt_bb_headline bt_bb_subheadline_text_transform_default bt_bb_dash_none bt_bb_size_inherit bt_bb_align_inherit\" data-bt-override-class=\"{&quot;bt_bb_size_&quot;:{&quot;current_class&quot;:&quot;bt_bb_size_inherit&quot;,&quot;def&quot;:&quot;inherit&quot;},&quot;bt_bb_align_&quot;:{&quot;current_class&quot;:&quot;bt_bb_align_inherit&quot;,&quot;def&quot;:&quot;inherit&quot;}}\"><h1 class=\"bt_bb_headline_tag\"><span class=\"bt_bb_headline_content\"><span>Datenschutzrichtlinie<\/span><\/span><\/h1><\/header><\/div><\/div><\/div><\/div><\/div><div data-bb-version=\"4.6.1\" class=\"bt_bb_row \"  data-bt-override-class=\"{}\"><div class=\"bt_bb_row_holder\" ><div data-bb-version=\"4.6.1\"  class=\"bt_bb_column col-xxl-12 col-xl-12 col-xs-12 col-sm-12 col-md-12 col-lg-12 bt_bb_vertical_align_top bt_bb_align_left bt_bb_padding_normal\" style=\"; --column-width:12;\" data-width=\"12\" data-bt-override-class=\"{}\"><div class=\"bt_bb_column_content\"><div class=\"bt_bb_column_content_inner\"><div data-bb-version=\"4.6.1\"  class=\"bt_bb_text\" ><\/p>\n<p data-start=\"224\" data-end=\"402\"><strong data-start=\"224\" data-end=\"247\">Zertifizierte Kosmetik<\/strong><br data-start=\"247\" data-end=\"250\">Transistorstraat 91-02, 1322 CL Almere<br data-start=\"288\" data-end=\"291\">Die Niederlande<br data-start=\"306\" data-end=\"309\">T: +31 36 2036384<br data-start=\"326\" data-end=\"329\">E: <a class=\"cursor-pointer\" rel=\"noopener\" data-start=\"332\" data-end=\"362\">contact@certifiedcosmetics.com<\/a><br data-start=\"362\" data-end=\"365\">KVK: 61064939<br data-start=\"378\" data-end=\"381\">MwSt.: NL854189543B01<\/p>\n<p data-start=\"435\" data-end=\"692\">Wir bei Certified Cosmetics respektieren deine Privatsph\u00e4re und verpflichten uns, deine pers\u00f6nlichen Daten zu sch\u00fctzen. In dieser Datenschutzerkl\u00e4rung wird erl\u00e4utert, welche Daten wir erfassen, warum wir sie erfassen, wie wir sie verarbeiten und welche Rechte du nach der Allgemeinen Datenschutzverordnung (DSGVO) hast. <\/p>\n<h2 data-start=\"699\" data-end=\"719\">1. <strong data-start=\"705\" data-end=\"719\">Wer wir sind<\/strong><\/h2>\n<p data-start=\"721\" data-end=\"1001\">Certified Cosmetics ist ein Full-Service-Anbieter f\u00fcr Sicherheitsbewertungen und Labortests von Kosmetikprodukten. Wir erheben und verarbeiten personenbezogene Daten im Rahmen unserer Dienstleistungen f\u00fcr Kosmetik- und Seifenhersteller, auch \u00fcber unsere Website: <strong data-start=\"970\" data-end=\"1000\"><a class=\"\" href=\"http:\/\/www.certifiedcosmetics.com\" target=\"_new\" rel=\"noopener\" data-start=\"972\" data-end=\"998\">www.certifiedcosmetics.com<\/a><\/strong>. <\/p>\n<h2 data-start=\"1008\" data-end=\"1047\">2. <strong data-start=\"1014\" data-end=\"1047\">Welche pers\u00f6nlichen Daten wir sammeln<\/strong><\/h2>\n<p data-start=\"1049\" data-end=\"1118\">Wir k\u00f6nnen die folgenden Kategorien von personenbezogenen Daten sammeln und verarbeiten:<\/p>\n<ul data-start=\"1120\" data-end=\"1514\">\n<li data-start=\"1120\" data-end=\"1185\">\n<p data-start=\"1122\" data-end=\"1185\"><strong data-start=\"1122\" data-end=\"1145\">Kontaktinformationen<\/strong> (Name, E-Mail-Adresse, Telefonnummer)<\/p>\n<\/li>\n<li data-start=\"1186\" data-end=\"1266\">\n<p data-start=\"1188\" data-end=\"1266\"><strong data-start=\"1188\" data-end=\"1211\">Unternehmensinformationen<\/strong> (Firmenname, Umsatzsteuernummer, Handelskammernummer)<\/p>\n<\/li>\n<li data-start=\"1267\" data-end=\"1327\">\n<p data-start=\"1269\" data-end=\"1327\"><strong data-start=\"1269\" data-end=\"1288\">Rechnungsdaten<\/strong> (Adresse, Kontonummer, Umsatzsteuer-ID)<\/p>\n<\/li>\n<li data-start=\"1328\" data-end=\"1400\">\n<p data-start=\"1330\" data-end=\"1400\"><strong data-start=\"1330\" data-end=\"1348\">Technische Daten<\/strong> (IP-Adresse, Browsertyp, Standort, Website-Nutzung)<\/p>\n<\/li>\n<li data-start=\"1401\" data-end=\"1514\">\n<p data-start=\"1403\" data-end=\"1514\"><strong data-start=\"1403\" data-end=\"1431\">Dokumente &amp; Produktdaten<\/strong> (Rezepturen, Etiketten, SDS-Dateien und \u00e4hnliche Materialien zur Einhaltung von Vorschriften)<\/p>\n<\/li>\n<\/ul>\n<h2 data-start=\"1521\" data-end=\"1555\">3. <strong data-start=\"1527\" data-end=\"1555\">Wie wir deine Daten sammeln<\/strong><\/h2>\n<p data-start=\"1557\" data-end=\"1581\">Wir sammeln Daten durch:<\/p>\n<ul data-start=\"1583\" data-end=\"1811\">\n<li data-start=\"1583\" data-end=\"1629\">\n<p data-start=\"1585\" data-end=\"1629\">Unsere Website-Kontaktformulare und Aufnahmeformulare<\/p>\n<\/li>\n<li data-start=\"1630\" data-end=\"1673\">\n<p data-start=\"1632\" data-end=\"1673\">Direkte Kommunikation per E-Mail oder Telefon<\/p>\n<\/li>\n<li data-start=\"1674\" data-end=\"1720\">\n<p data-start=\"1676\" data-end=\"1720\">Online-Auftragserteilung oder Serviceanfragen<\/p>\n<\/li>\n<li data-start=\"1721\" data-end=\"1772\">\n<p data-start=\"1723\" data-end=\"1772\">Downloads und Interaktion mit unseren Online-Tools<\/p>\n<\/li>\n<li data-start=\"1773\" data-end=\"1811\">\n<p data-start=\"1775\" data-end=\"1811\">Cookies und Analytik auf unserer Website<\/p>\n<\/li>\n<\/ul>\n<h2 data-start=\"1818\" data-end=\"1852\">4. <strong data-start=\"1824\" data-end=\"1852\">Warum wir deine Daten verarbeiten<\/strong><\/h2>\n<p data-start=\"1854\" data-end=\"1902\">Wir verarbeiten deine Daten f\u00fcr die folgenden Zwecke:<\/p>\n<ul data-start=\"1904\" data-end=\"2230\">\n<li data-start=\"1904\" data-end=\"1977\">\n<p data-start=\"1906\" data-end=\"1977\">Um unsere vertraglichen Verpflichtungen zu erf\u00fcllen und angeforderte Dienstleistungen zu erbringen<\/p>\n<\/li>\n<li data-start=\"1978\" data-end=\"2051\">\n<p data-start=\"1980\" data-end=\"2051\">Einhaltung gesetzlicher Verpflichtungen (z. B. Steuern, EU-Vorschriften)<\/p>\n<\/li>\n<li data-start=\"2052\" data-end=\"2121\">\n<p data-start=\"2054\" data-end=\"2121\">Um mit dir \u00fcber Dienstleistungen, Rechnungen und Updates zu kommunizieren<\/p>\n<\/li>\n<li data-start=\"2122\" data-end=\"2174\">\n<p data-start=\"2124\" data-end=\"2174\">Um unsere Dienste zu verbessern und unsere Website zu optimieren<\/p>\n<\/li>\n<li data-start=\"2175\" data-end=\"2230\">\n<p data-start=\"2177\" data-end=\"2230\">Um dich mit Informationen zu versorgen, die du von uns angefordert hast<\/p>\n<\/li>\n<\/ul>\n<p data-start=\"2232\" data-end=\"2309\">Wir verkaufen deine Daten nicht und geben sie nicht zu kommerziellen Zwecken an Dritte weiter.<\/p>\n<h2 data-start=\"2316\" data-end=\"2352\">5. <strong data-start=\"2322\" data-end=\"2352\">Rechtsgrundlage f\u00fcr die Verarbeitung<\/strong><\/h2>\n<p data-start=\"2354\" data-end=\"2412\">Wir verarbeiten deine Daten auf der Grundlage der folgenden Rechtsgrundlagen:<\/p>\n<ul data-start=\"2414\" data-end=\"2707\">\n<li data-start=\"2414\" data-end=\"2484\">\n<p data-start=\"2416\" data-end=\"2484\"><strong data-start=\"2416\" data-end=\"2441\">Vertragliche Notwendigkeit<\/strong> &#8211; zur Erbringung von Dienstleistungen, die du angefordert hast<\/p>\n<\/li>\n<li data-start=\"2485\" data-end=\"2558\">\n<p data-start=\"2487\" data-end=\"2558\"><strong data-start=\"2487\" data-end=\"2507\">Gesetzliche Verpflichtung<\/strong> &#8211; um regulatorische und steuerliche Anforderungen zu erf\u00fcllen<\/p>\n<\/li>\n<li data-start=\"2559\" data-end=\"2634\">\n<p data-start=\"2561\" data-end=\"2634\"><strong data-start=\"2561\" data-end=\"2584\">Legitimes Interesse<\/strong> &#8211; zur Verwaltung und Verbesserung unserer Gesch\u00e4ftsabl\u00e4ufe<\/p>\n<\/li>\n<li data-start=\"2635\" data-end=\"2707\">\n<p data-start=\"2637\" data-end=\"2707\"><strong data-start=\"2637\" data-end=\"2648\">Zustimmung<\/strong> &#8211; sofern ausdr\u00fccklich erteilt, z. B. bei Newsletter-Abonnements<\/p>\n<\/li>\n<\/ul>\n<h2 data-start=\"2714\" data-end=\"2754\">6. <strong data-start=\"2720\" data-end=\"2754\">Dritte und gemeinsame Nutzung von Daten<\/strong><\/h2>\n<p data-start=\"2756\" data-end=\"2824\">Wir geben deine Daten nur dann an Dritte weiter, wenn dies notwendig ist, z. B. an<\/p>\n<ul data-start=\"2826\" data-end=\"3028\">\n<li data-start=\"2826\" data-end=\"2901\">\n<p data-start=\"2828\" data-end=\"2901\">Buchhalter und Steuerbeh\u00f6rden (f\u00fcr Rechnungsstellung und Finanzberichte)<\/p>\n<\/li>\n<li data-start=\"2902\" data-end=\"2977\">\n<p data-start=\"2904\" data-end=\"2977\">Pr\u00fcflabore und Regulierungsexperten (f\u00fcr CPSR- und PIF-Dienste)<\/p>\n<\/li>\n<li data-start=\"2978\" data-end=\"3028\">\n<p data-start=\"2980\" data-end=\"3028\">IT-Dienstleister (Hosting, E-Mail, Analytik)<\/p>\n<\/li>\n<\/ul>\n<p data-start=\"3030\" data-end=\"3113\">Alle Dritten m\u00fcssen sich an die Datenschutzgrundverordnung (GDPR) halten und sind zur Vertraulichkeit verpflichtet.<\/p>\n<h2 data-start=\"3120\" data-end=\"3144\">7. <strong data-start=\"3126\" data-end=\"3144\">Datenspeicherung<\/strong><\/h2>\n<p data-start=\"3146\" data-end=\"3200\">Wir bewahren personenbezogene Daten nur so lange wie n\u00f6tig auf:<\/p>\n<ul data-start=\"3202\" data-end=\"3372\">\n<li data-start=\"3202\" data-end=\"3254\">\n<p data-start=\"3204\" data-end=\"3254\">F\u00fcr gesetzliche und steuerliche Verpflichtungen (bis zu 7 Jahre)<\/p>\n<\/li>\n<li data-start=\"3255\" data-end=\"3302\">\n<p data-start=\"3257\" data-end=\"3302\">F\u00fcr die Dauer der Kundenbeziehung<\/p>\n<\/li>\n<li data-start=\"3303\" data-end=\"3372\">\n<p data-start=\"3305\" data-end=\"3372\">F\u00fcr die Aufbewahrung der Sicherheitsdokumentation (wie vom EU-Kosmetikrecht gefordert)<\/p>\n<\/li>\n<\/ul>\n<p data-start=\"3374\" data-end=\"3430\">Sobald die Daten nicht mehr ben\u00f6tigt werden, werden sie sicher gel\u00f6scht.<\/p>\n<h2 data-start=\"3437\" data-end=\"3469\">8. <strong data-start=\"3443\" data-end=\"3469\">Deine Rechte nach GDPR<\/strong><\/h2>\n<p data-start=\"3471\" data-end=\"3493\">Du hast das Recht dazu:<\/p>\n<ul data-start=\"3495\" data-end=\"3727\">\n<li data-start=\"3495\" data-end=\"3524\">\n<p data-start=\"3497\" data-end=\"3524\">Zugang zu deinen pers\u00f6nlichen Daten<\/p>\n<\/li>\n<li data-start=\"3525\" data-end=\"3556\">\n<p data-start=\"3527\" data-end=\"3556\">Korrigiere oder aktualisiere deine Daten<\/p>\n<\/li>\n<li data-start=\"3557\" data-end=\"3608\">\n<p data-start=\"3559\" data-end=\"3608\">Datenl\u00f6schung beantragen (\u201eRecht auf Vergessenwerden\u201c)<\/p>\n<\/li>\n<li data-start=\"3609\" data-end=\"3645\">\n<p data-start=\"3611\" data-end=\"3645\">Verarbeitung einschr\u00e4nken oder widersprechen<\/p>\n<\/li>\n<li data-start=\"3646\" data-end=\"3696\">\n<p data-start=\"3648\" data-end=\"3696\">Eine Kopie deiner Daten anfordern (Daten\u00fcbertragbarkeit)<\/p>\n<\/li>\n<li data-start=\"3697\" data-end=\"3727\">\n<p data-start=\"3699\" data-end=\"3727\">Die Zustimmung jederzeit widerrufen<\/p>\n<\/li>\n<\/ul>\n<p data-start=\"3729\" data-end=\"3798\">Um deine Rechte wahrzunehmen, wende dich an: <strong data-start=\"3763\" data-end=\"3797\"><a class=\"cursor-pointer\" rel=\"noopener\" data-start=\"3765\" data-end=\"3795\">privacy@certifiedcosmetics.com<\/a><\/strong>.<\/p>\n<h2 data-start=\"3805\" data-end=\"3822\">9. <strong data-start=\"3811\" data-end=\"3822\">Cookies<\/strong><\/h2>\n<p data-start=\"3824\" data-end=\"4075\">Unsere Website verwendet funktionale und analytische Cookies, um eine optimale Leistung zu gew\u00e4hrleisten und Besucherstatistiken zu sammeln. Du kannst Cookies in den Einstellungen deines Browsers verwalten oder deaktivieren. Weitere Einzelheiten findest du in unserer [Cookie-Richtlinie] (optional, wenn du eine hast).  <\/p>\n<h2 data-start=\"4082\" data-end=\"4106\">10. <strong data-start=\"4089\" data-end=\"4106\">Datensicherheit<\/strong><\/h2>\n<p data-start=\"4108\" data-end=\"4304\">Wir ergreifen angemessene technische und organisatorische Ma\u00dfnahmen, um deine Daten vor unbefugtem Zugriff, Verlust oder Missbrauch zu sch\u00fctzen. Dazu geh\u00f6ren Verschl\u00fcsselung, sichere Server und Protokolle mit beschr\u00e4nktem Zugriff. <\/p>\n<h2 data-start=\"4311\" data-end=\"4344\">11. <strong data-start=\"4318\" data-end=\"4344\">\u00c4nderungen an dieser Richtlinie<\/strong><\/h2>\n<p data-start=\"4346\" data-end=\"4486\">Wir k\u00f6nnen diese Datenschutzrichtlinie gelegentlich aktualisieren. Die neueste Version wird immer auf unserer Website mit dem Datum der letzten Aktualisierung verf\u00fcgbar sein. <\/p>\n<h2 data-start=\"4493\" data-end=\"4511\">12. <strong data-start=\"4500\" data-end=\"4511\">Kontakt<\/strong><\/h2>\n<p data-start=\"4513\" data-end=\"4584\">Bei Fragen, Beschwerden oder W\u00fcnschen zum Datenschutz wende dich bitte an uns:<\/p>\n<p data-start=\"4586\" data-end=\"4713\"><strong data-start=\"4586\" data-end=\"4609\">Zertifizierte Kosmetika<\/strong><br data-start=\"4609\" data-end=\"4612\">E-Mail: <a class=\"cursor-pointer\" rel=\"noopener\" data-start=\"4619\" data-end=\"4649\">privacy@certifiedcosmetics.com<\/a><br data-start=\"4649\" data-end=\"4652\">Telefon: +31 36 2036384<br data-start=\"4673\" data-end=\"4676\">Website: <a class=\"\" href=\"http:\/\/www.certifiedcosmetics.com\" target=\"_new\" rel=\"noopener\" data-start=\"4685\" data-end=\"4711\">www.certifiedcosmetics.com<\/a><\/p>\n<p>\n<\/div><\/div><\/div><\/div><\/div><\/div><\/div><!-- cell_inner --><\/div><!-- cell --><\/div><!-- port --><\/section>\n","protected":false},"excerpt":{"rendered":"","protected":false},"author":1,"featured_media":0,"parent":0,"menu_order":0,"comment_status":"closed","ping_status":"closed","template":"","meta":{"footnotes":""},"class_list":["post-11778","page","type-page","status-publish","hentry"],"yoast_head":"<!-- This site is optimized with the Yoast SEO Premium plugin v25.4 (Yoast SEO v25.4) - https:\/\/yoast.com\/wordpress\/plugins\/seo\/ -->\n<title>Datenschutzrichtlinie - Certified Cosmetics<\/title>\n<meta name=\"description\" content=\"Die Datenschutzrichtlinie von Certified Cosmetics\" \/>\n<meta name=\"robots\" content=\"index, follow, max-snippet:-1, max-image-preview:large, max-video-preview:-1\" \/>\n<link rel=\"canonical\" href=\"https:\/\/www.certifiedcosmetics.com\/de\/datenschutzrichtlinie\/\" \/>\n<meta property=\"og:locale\" content=\"de_DE\" \/>\n<meta property=\"og:type\" content=\"article\" \/>\n<meta property=\"og:title\" content=\"Datenschutzrichtlinie\" \/>\n<meta property=\"og:description\" content=\"Die Datenschutzrichtlinie von Certified Cosmetics\" \/>\n<meta property=\"og:url\" content=\"https:\/\/www.certifiedcosmetics.com\/de\/datenschutzrichtlinie\/\" \/>\n<meta property=\"og:site_name\" content=\"Certified Cosmetics\" \/>\n<meta property=\"article:modified_time\" content=\"2025-06-02T14:15:59+00:00\" \/>\n<meta name=\"twitter:card\" content=\"summary_large_image\" \/>\n<meta name=\"twitter:label1\" content=\"Gesch\u00e4tzte Lesezeit\" \/>\n\t<meta name=\"twitter:data1\" content=\"4\u00a0Minuten\" \/>\n<script type=\"application\/ld+json\" class=\"yoast-schema-graph\">{\"@context\":\"https:\/\/schema.org\",\"@graph\":[{\"@type\":\"WebPage\",\"@id\":\"https:\/\/www.certifiedcosmetics.com\/de\/datenschutzrichtlinie\/\",\"url\":\"https:\/\/www.certifiedcosmetics.com\/de\/datenschutzrichtlinie\/\",\"name\":\"Datenschutzrichtlinie - Certified Cosmetics\",\"isPartOf\":{\"@id\":\"https:\/\/www.certifiedcosmetics.com\/de\/#website\"},\"datePublished\":\"2025-06-02T14:03:21+00:00\",\"dateModified\":\"2025-06-02T14:15:59+00:00\",\"description\":\"Die Datenschutzrichtlinie von Certified Cosmetics\",\"breadcrumb\":{\"@id\":\"https:\/\/www.certifiedcosmetics.com\/de\/datenschutzrichtlinie\/#breadcrumb\"},\"inLanguage\":\"de\",\"potentialAction\":[{\"@type\":\"ReadAction\",\"target\":[\"https:\/\/www.certifiedcosmetics.com\/de\/datenschutzrichtlinie\/\"]}]},{\"@type\":\"BreadcrumbList\",\"@id\":\"https:\/\/www.certifiedcosmetics.com\/de\/datenschutzrichtlinie\/#breadcrumb\",\"itemListElement\":[{\"@type\":\"ListItem\",\"position\":1,\"name\":\"Home\",\"item\":\"https:\/\/www.certifiedcosmetics.com\/de\/\"},{\"@type\":\"ListItem\",\"position\":2,\"name\":\"Datenschutzrichtlinie\"}]},{\"@type\":\"WebSite\",\"@id\":\"https:\/\/www.certifiedcosmetics.com\/de\/#website\",\"url\":\"https:\/\/www.certifiedcosmetics.com\/de\/\",\"name\":\"Certified Cosmetics\",\"description\":\"Cosmetic Safety Assessment\",\"publisher\":{\"@id\":\"https:\/\/www.certifiedcosmetics.com\/de\/#organization\"},\"potentialAction\":[{\"@type\":\"SearchAction\",\"target\":{\"@type\":\"EntryPoint\",\"urlTemplate\":\"https:\/\/www.certifiedcosmetics.com\/de\/?s={search_term_string}\"},\"query-input\":{\"@type\":\"PropertyValueSpecification\",\"valueRequired\":true,\"valueName\":\"search_term_string\"}}],\"inLanguage\":\"de\"},{\"@type\":\"Organization\",\"@id\":\"https:\/\/www.certifiedcosmetics.com\/de\/#organization\",\"name\":\"Certified Cosmetics\",\"url\":\"https:\/\/www.certifiedcosmetics.com\/de\/\",\"logo\":{\"@type\":\"ImageObject\",\"inLanguage\":\"de\",\"@id\":\"https:\/\/www.certifiedcosmetics.com\/de\/#\/schema\/logo\/image\/\",\"url\":\"https:\/\/www.certifiedcosmetics.com\/wp-content\/uploads\/2024\/12\/logo_certified_cosmetics696.jpg\",\"contentUrl\":\"https:\/\/www.certifiedcosmetics.com\/wp-content\/uploads\/2024\/12\/logo_certified_cosmetics696.jpg\",\"width\":696,\"height\":696,\"caption\":\"Certified Cosmetics\"},\"image\":{\"@id\":\"https:\/\/www.certifiedcosmetics.com\/de\/#\/schema\/logo\/image\/\"},\"description\":\"Your trusted partner for cosmetic product safety reporting. We take care of updating all of your documentation, ensuring your compliance stays current even as regulations evolve. The Cosmetic Product Safety Assessment will give you everything you need to sell specific products to EU consumers.\",\"email\":\"contact@certifiedcosmetics.com\",\"telephone\":\"+31 36 2036384\",\"legalName\":\"Certified Cosmetics\",\"foundingDate\":\"2010-01-01\",\"vatID\":\"NL854189543B01\",\"numberOfEmployees\":{\"@type\":\"QuantitativeValue\",\"minValue\":\"11\",\"maxValue\":\"50\"}}]}<\/script>\n<!-- \/ Yoast SEO Premium plugin. -->","yoast_head_json":{"title":"Datenschutzrichtlinie - Certified Cosmetics","description":"Die Datenschutzrichtlinie von Certified Cosmetics","robots":{"index":"index","follow":"follow","max-snippet":"max-snippet:-1","max-image-preview":"max-image-preview:large","max-video-preview":"max-video-preview:-1"},"canonical":"https:\/\/www.certifiedcosmetics.com\/de\/datenschutzrichtlinie\/","og_locale":"de_DE","og_type":"article","og_title":"Datenschutzrichtlinie","og_description":"Die Datenschutzrichtlinie von Certified Cosmetics","og_url":"https:\/\/www.certifiedcosmetics.com\/de\/datenschutzrichtlinie\/","og_site_name":"Certified Cosmetics","article_modified_time":"2025-06-02T14:15:59+00:00","twitter_card":"summary_large_image","twitter_misc":{"Gesch\u00e4tzte Lesezeit":"4\u00a0Minuten"},"schema":{"@context":"https:\/\/schema.org","@graph":[{"@type":"WebPage","@id":"https:\/\/www.certifiedcosmetics.com\/de\/datenschutzrichtlinie\/","url":"https:\/\/www.certifiedcosmetics.com\/de\/datenschutzrichtlinie\/","name":"Datenschutzrichtlinie - Certified Cosmetics","isPartOf":{"@id":"https:\/\/www.certifiedcosmetics.com\/de\/#website"},"datePublished":"2025-06-02T14:03:21+00:00","dateModified":"2025-06-02T14:15:59+00:00","description":"Die Datenschutzrichtlinie von Certified Cosmetics","breadcrumb":{"@id":"https:\/\/www.certifiedcosmetics.com\/de\/datenschutzrichtlinie\/#breadcrumb"},"inLanguage":"de","potentialAction":[{"@type":"ReadAction","target":["https:\/\/www.certifiedcosmetics.com\/de\/datenschutzrichtlinie\/"]}]},{"@type":"BreadcrumbList","@id":"https:\/\/www.certifiedcosmetics.com\/de\/datenschutzrichtlinie\/#breadcrumb","itemListElement":[{"@type":"ListItem","position":1,"name":"Home","item":"https:\/\/www.certifiedcosmetics.com\/de\/"},{"@type":"ListItem","position":2,"name":"Datenschutzrichtlinie"}]},{"@type":"WebSite","@id":"https:\/\/www.certifiedcosmetics.com\/de\/#website","url":"https:\/\/www.certifiedcosmetics.com\/de\/","name":"Certified Cosmetics","description":"Cosmetic Safety Assessment","publisher":{"@id":"https:\/\/www.certifiedcosmetics.com\/de\/#organization"},"potentialAction":[{"@type":"SearchAction","target":{"@type":"EntryPoint","urlTemplate":"https:\/\/www.certifiedcosmetics.com\/de\/?s={search_term_string}"},"query-input":{"@type":"PropertyValueSpecification","valueRequired":true,"valueName":"search_term_string"}}],"inLanguage":"de"},{"@type":"Organization","@id":"https:\/\/www.certifiedcosmetics.com\/de\/#organization","name":"Certified Cosmetics","url":"https:\/\/www.certifiedcosmetics.com\/de\/","logo":{"@type":"ImageObject","inLanguage":"de","@id":"https:\/\/www.certifiedcosmetics.com\/de\/#\/schema\/logo\/image\/","url":"https:\/\/www.certifiedcosmetics.com\/wp-content\/uploads\/2024\/12\/logo_certified_cosmetics696.jpg","contentUrl":"https:\/\/www.certifiedcosmetics.com\/wp-content\/uploads\/2024\/12\/logo_certified_cosmetics696.jpg","width":696,"height":696,"caption":"Certified Cosmetics"},"image":{"@id":"https:\/\/www.certifiedcosmetics.com\/de\/#\/schema\/logo\/image\/"},"description":"Your trusted partner for cosmetic product safety reporting. We take care of updating all of your documentation, ensuring your compliance stays current even as regulations evolve. The Cosmetic Product Safety Assessment will give you everything you need to sell specific products to EU consumers.","email":"contact@certifiedcosmetics.com","telephone":"+31 36 2036384","legalName":"Certified Cosmetics","foundingDate":"2010-01-01","vatID":"NL854189543B01","numberOfEmployees":{"@type":"QuantitativeValue","minValue":"11","maxValue":"50"}}]}},"_links":{"self":[{"href":"https:\/\/www.certifiedcosmetics.com\/de\/wp-json\/wp\/v2\/pages\/11778","targetHints":{"allow":["GET"]}}],"collection":[{"href":"https:\/\/www.certifiedcosmetics.com\/de\/wp-json\/wp\/v2\/pages"}],"about":[{"href":"https:\/\/www.certifiedcosmetics.com\/de\/wp-json\/wp\/v2\/types\/page"}],"author":[{"embeddable":true,"href":"https:\/\/www.certifiedcosmetics.com\/de\/wp-json\/wp\/v2\/users\/1"}],"replies":[{"embeddable":true,"href":"https:\/\/www.certifiedcosmetics.com\/de\/wp-json\/wp\/v2\/comments?post=11778"}],"version-history":[{"count":4,"href":"https:\/\/www.certifiedcosmetics.com\/de\/wp-json\/wp\/v2\/pages\/11778\/revisions"}],"predecessor-version":[{"id":11784,"href":"https:\/\/www.certifiedcosmetics.com\/de\/wp-json\/wp\/v2\/pages\/11778\/revisions\/11784"}],"wp:attachment":[{"href":"https:\/\/www.certifiedcosmetics.com\/de\/wp-json\/wp\/v2\/media?parent=11778"}],"curies":[{"name":"wp","href":"https:\/\/api.w.org\/{rel}","templated":true}]}}