{"id":17524,"date":"2023-12-03T15:56:05","date_gmt":"2023-12-03T14:56:05","guid":{"rendered":"https:\/\/www.certifiedcosmetics.com\/product\/Ikke kategoriseret\/sikkerhedsvurdering-foer-screening\/"},"modified":"2023-12-03T15:56:05","modified_gmt":"2023-12-03T14:56:05","slug":"sikkerhedsvurdering-foer-screening","status":"publish","type":"product","link":"https:\/\/www.certifiedcosmetics.com\/da\/product\/vurdering-af-kosmetisk-sikkerhed\/sikkerhedsvurdering-foer-screening\/","title":{"rendered":"Sikkerhedsvurdering f\u00f8r screening"},"content":{"rendered":"<header class=\"bt_bb_headline bt_bb_subheadline_text_transform_default bt_bb_dash_none bt_bb_superheadline bt_bb_subheadline bt_bb_fe_edit bt_bb_size_normal bt_bb_align_inherit bt_bb_fe_edit_box\" data-base=\"bt_bb_headline\" data-bt-bb-fe-atts=\"{\" font_subset=\"\" assessment=\"\" safety=\"\" assessments=\"\" conducting=\"\" a=\"\" thorough=\"\" pre-screening=\"\" of=\"\" cosmetic=\"\" formulators=\"\" can=\"\" identify=\"\" and=\"\" address=\"\" potential=\"\" concerns=\"\" early=\"\" in=\"\" the=\"\" development=\"\" process=\"\" before=\"\" proceeding=\"\" with=\"\" extensive=\"\" testing.=\"\" data-fe-id=\"5\" data-bb-version=\"4.6.1\" data-bt-override-class=\"{\" bt_bb_size_=\"\">\n<div class=\"bt_bb_headline_subheadline\">Gennem grundig screening af kosmetisk sikkerhed p\u00e5 forh\u00e5nd kan vores udviklere identificere og h\u00e5ndtere potentielle sikkerhedsproblemer tidligt i udviklingsprocessen, f\u00f8r de g\u00e5r videre med omfattende test.<\/div>\n<\/header>\n<div class=\"bt_bb_separator bt_bb_border_style_none bt_bb_bottom_spacing_normal bt_bb_fe_edit\" data-base=\"bt_bb_separator\" data-bt-bb-fe-atts=\"{\" top_spacing=\"\" data-fe-id=\"6\" data-bt-override-class=\"null\"><\/div>\n<div class=\"bt_bb_text bt_bb_fe_edit\" data-base=\"bt_bb_text\" data-bt-bb-fe-atts=\"\" data-fe-id=\"7\" data-content=\"  This proactive approach not only enhances consumer safety but also streamlines the overall cosmetic product development lifecycle by minimizing the risk of setbacks during regulatory assessments.  \">Denne proaktive tilgang forbedrer ikke kun forbrugernes sikkerhed, men str\u00f8mliner ogs\u00e5 den samlede livscyklus for udvikling af kosmetiske produkter ved at minimere risikoen for tilbageslag under de regulatoriske vurderinger.<\/div>\n","protected":false},"excerpt":{"rendered":"<p>Gennem grundig screening af kosmetisk sikkerhed p\u00e5 forh\u00e5nd kan vores udviklere identificere og h\u00e5ndtere potentielle sikkerhedsproblemer tidligt i udviklingsprocessen, f\u00f8r de g\u00e5r videre med omfattende test. Denne proaktive tilgang forbedrer ikke kun forbrugernes sikkerhed, men str\u00f8mliner ogs\u00e5 den samlede livscyklus for udvikling af kosmetiske produkter ved at minimere risikoen for tilbageslag under de regulatoriske vurderinger.<\/p>\n","protected":false},"featured_media":17081,"template":"","meta":[],"product_brand":[],"product_cat":[1871],"product_tag":[],"class_list":{"0":"post-17524","1":"product","2":"type-product","3":"status-publish","4":"has-post-thumbnail","6":"product_cat-vurdering-af-kosmetisk-sikkerhed","8":"first","9":"instock","10":"virtual","11":"taxable","12":"purchasable","13":"product-type-simple"},"bundled_by":[],"bundle_stock_status":"instock","bundle_stock_quantity":null,"bundle_virtual":false,"bundle_layout":"","bundle_add_to_cart_form_location":"","bundle_editable_in_cart":false,"bundle_sold_individually_context":"","bundle_item_grouping":"","bundle_min_size":"","bundle_max_size":"","bundle_price":[],"bundled_items":[],"bundle_sell_ids":[],"yoast_head":"<!-- This site is optimized with the Yoast SEO Premium plugin v25.4 (Yoast SEO v25.4) - https:\/\/yoast.com\/wordpress\/plugins\/seo\/ -->\n<title>Sikkerhedsvurdering f\u00f8r screening - Certified Cosmetics<\/title>\n<meta name=\"robots\" content=\"index, follow, max-snippet:-1, max-image-preview:large, max-video-preview:-1\" \/>\n<link rel=\"canonical\" href=\"https:\/\/www.certifiedcosmetics.com\/da\/product\/vurdering-af-kosmetisk-sikkerhed\/sikkerhedsvurdering-foer-screening\/\" \/>\n<meta property=\"og:locale\" content=\"da_DK\" \/>\n<meta property=\"og:type\" content=\"article\" \/>\n<meta property=\"og:title\" content=\"Sikkerhedsvurdering f\u00f8r screening\" \/>\n<meta property=\"og:description\" content=\"Gennem grundig screening af kosmetisk sikkerhed p\u00e5 forh\u00e5nd kan vores udviklere identificere og h\u00e5ndtere potentielle sikkerhedsproblemer tidligt i udviklingsprocessen, f\u00f8r de g\u00e5r videre med omfattende test. Denne proaktive tilgang forbedrer ikke kun forbrugernes sikkerhed, men str\u00f8mliner ogs\u00e5 den samlede livscyklus for udvikling af kosmetiske produkter ved at minimere risikoen for tilbageslag under de regulatoriske vurderinger.\" \/>\n<meta property=\"og:url\" content=\"https:\/\/www.certifiedcosmetics.com\/da\/product\/vurdering-af-kosmetisk-sikkerhed\/sikkerhedsvurdering-foer-screening\/\" \/>\n<meta property=\"og:site_name\" content=\"Certified Cosmetics\" \/>\n<meta name=\"twitter:card\" content=\"summary_large_image\" \/>\n<meta name=\"twitter:label1\" content=\"Price\" \/>\n\t<meta name=\"twitter:data1\" content=\"&#036;87.77\" \/>\n\t<meta name=\"twitter:label2\" content=\"Availability\" \/>\n\t<meta name=\"twitter:data2\" content=\"In stock\" \/>\n<script type=\"application\/ld+json\" class=\"yoast-schema-graph\">{\"@context\":\"https:\/\/schema.org\",\"@graph\":[{\"@type\":\"WebPage\",\"@id\":\"https:\/\/www.certifiedcosmetics.com\/da\/product\/vurdering-af-kosmetisk-sikkerhed\/sikkerhedsvurdering-foer-screening\/\",\"url\":\"https:\/\/www.certifiedcosmetics.com\/da\/product\/vurdering-af-kosmetisk-sikkerhed\/sikkerhedsvurdering-foer-screening\/\",\"name\":\"Sikkerhedsvurdering f\u00f8r screening - Certified Cosmetics\",\"isPartOf\":{\"@id\":\"https:\/\/www.certifiedcosmetics.com\/da\/#website\"},\"primaryImageOfPage\":{\"@id\":\"https:\/\/www.certifiedcosmetics.com\/da\/product\/vurdering-af-kosmetisk-sikkerhed\/sikkerhedsvurdering-foer-screening\/#primaryimage\"},\"image\":{\"@id\":\"https:\/\/www.certifiedcosmetics.com\/da\/product\/vurdering-af-kosmetisk-sikkerhed\/sikkerhedsvurdering-foer-screening\/#primaryimage\"},\"thumbnailUrl\":\"https:\/\/www.certifiedcosmetics.com\/wp-content\/uploads\/2023\/11\/pif.jpg\",\"datePublished\":\"2023-12-03T14:56:05+00:00\",\"breadcrumb\":{\"@id\":\"https:\/\/www.certifiedcosmetics.com\/da\/product\/vurdering-af-kosmetisk-sikkerhed\/sikkerhedsvurdering-foer-screening\/#breadcrumb\"},\"inLanguage\":\"da-DK\",\"potentialAction\":[{\"@type\":\"ReadAction\",\"target\":[\"https:\/\/www.certifiedcosmetics.com\/da\/product\/vurdering-af-kosmetisk-sikkerhed\/sikkerhedsvurdering-foer-screening\/\"]}]},{\"@type\":\"ImageObject\",\"inLanguage\":\"da-DK\",\"@id\":\"https:\/\/www.certifiedcosmetics.com\/da\/product\/vurdering-af-kosmetisk-sikkerhed\/sikkerhedsvurdering-foer-screening\/#primaryimage\",\"url\":\"https:\/\/www.certifiedcosmetics.com\/wp-content\/uploads\/2023\/11\/pif.jpg\",\"contentUrl\":\"https:\/\/www.certifiedcosmetics.com\/wp-content\/uploads\/2023\/11\/pif.jpg\",\"width\":800,\"height\":800},{\"@type\":\"BreadcrumbList\",\"@id\":\"https:\/\/www.certifiedcosmetics.com\/da\/product\/vurdering-af-kosmetisk-sikkerhed\/sikkerhedsvurdering-foer-screening\/#breadcrumb\",\"itemListElement\":[{\"@type\":\"ListItem\",\"position\":1,\"name\":\"Home\",\"item\":\"https:\/\/www.certifiedcosmetics.com\/da\/vurdering-af-kosmetiske-produkters-sikkerhed\/\"},{\"@type\":\"ListItem\",\"position\":2,\"name\":\"Butik\",\"item\":\"https:\/\/www.certifiedcosmetics.com\/butik\/\"},{\"@type\":\"ListItem\",\"position\":3,\"name\":\"Sikkerhedsvurdering f\u00f8r screening\"}]},{\"@type\":\"WebSite\",\"@id\":\"https:\/\/www.certifiedcosmetics.com\/da\/#website\",\"url\":\"https:\/\/www.certifiedcosmetics.com\/da\/\",\"name\":\"Certified Cosmetics\",\"description\":\"Cosmetic Safety Assessment\",\"publisher\":{\"@id\":\"https:\/\/www.certifiedcosmetics.com\/da\/#organization\"},\"potentialAction\":[{\"@type\":\"SearchAction\",\"target\":{\"@type\":\"EntryPoint\",\"urlTemplate\":\"https:\/\/www.certifiedcosmetics.com\/da\/?s={search_term_string}\"},\"query-input\":{\"@type\":\"PropertyValueSpecification\",\"valueRequired\":true,\"valueName\":\"search_term_string\"}}],\"inLanguage\":\"da-DK\"},{\"@type\":\"Organization\",\"@id\":\"https:\/\/www.certifiedcosmetics.com\/da\/#organization\",\"name\":\"Certified Cosmetics\",\"url\":\"https:\/\/www.certifiedcosmetics.com\/da\/\",\"logo\":{\"@type\":\"ImageObject\",\"inLanguage\":\"da-DK\",\"@id\":\"https:\/\/www.certifiedcosmetics.com\/da\/#\/schema\/logo\/image\/\",\"url\":\"https:\/\/www.certifiedcosmetics.com\/wp-content\/uploads\/2024\/12\/logo_certified_cosmetics696.jpg\",\"contentUrl\":\"https:\/\/www.certifiedcosmetics.com\/wp-content\/uploads\/2024\/12\/logo_certified_cosmetics696.jpg\",\"width\":696,\"height\":696,\"caption\":\"Certified Cosmetics\"},\"image\":{\"@id\":\"https:\/\/www.certifiedcosmetics.com\/da\/#\/schema\/logo\/image\/\"},\"description\":\"Your trusted partner for cosmetic product safety reporting. We take care of updating all of your documentation, ensuring your compliance stays current even as regulations evolve. The Cosmetic Product Safety Assessment will give you everything you need to sell specific products to EU consumers.\",\"email\":\"contact@certifiedcosmetics.com\",\"telephone\":\"+31 36 2036384\",\"legalName\":\"Certified Cosmetics\",\"foundingDate\":\"2010-01-01\",\"vatID\":\"NL854189543B01\",\"numberOfEmployees\":{\"@type\":\"QuantitativeValue\",\"minValue\":\"11\",\"maxValue\":\"50\"}}]}<\/script>\n<meta property=\"product:price:amount\" content=\"87.77\" \/>\n<meta property=\"product:price:currency\" content=\"USD\" \/>\n<meta property=\"og:availability\" content=\"instock\" \/>\n<meta property=\"product:availability\" content=\"instock\" \/>\n<meta property=\"product:retailer_item_id\" content=\"CC100117\" \/>\n<meta property=\"product:condition\" content=\"new\" \/>\n<!-- \/ Yoast SEO Premium plugin. -->","yoast_head_json":{"title":"Sikkerhedsvurdering f\u00f8r screening - Certified Cosmetics","robots":{"index":"index","follow":"follow","max-snippet":"max-snippet:-1","max-image-preview":"max-image-preview:large","max-video-preview":"max-video-preview:-1"},"canonical":"https:\/\/www.certifiedcosmetics.com\/da\/product\/vurdering-af-kosmetisk-sikkerhed\/sikkerhedsvurdering-foer-screening\/","og_locale":"da_DK","og_type":"article","og_title":"Sikkerhedsvurdering f\u00f8r screening","og_description":"Gennem grundig screening af kosmetisk sikkerhed p\u00e5 forh\u00e5nd kan vores udviklere identificere og h\u00e5ndtere potentielle sikkerhedsproblemer tidligt i udviklingsprocessen, f\u00f8r de g\u00e5r videre med omfattende test. Denne proaktive tilgang forbedrer ikke kun forbrugernes sikkerhed, men str\u00f8mliner ogs\u00e5 den samlede livscyklus for udvikling af kosmetiske produkter ved at minimere risikoen for tilbageslag under de regulatoriske vurderinger.","og_url":"https:\/\/www.certifiedcosmetics.com\/da\/product\/vurdering-af-kosmetisk-sikkerhed\/sikkerhedsvurdering-foer-screening\/","og_site_name":"Certified Cosmetics","twitter_card":"summary_large_image","twitter_misc":{"Price":"&#36;87.77","Availability":"In stock"},"schema":{"@context":"https:\/\/schema.org","@graph":[{"@type":"WebPage","@id":"https:\/\/www.certifiedcosmetics.com\/da\/product\/vurdering-af-kosmetisk-sikkerhed\/sikkerhedsvurdering-foer-screening\/","url":"https:\/\/www.certifiedcosmetics.com\/da\/product\/vurdering-af-kosmetisk-sikkerhed\/sikkerhedsvurdering-foer-screening\/","name":"Sikkerhedsvurdering f\u00f8r screening - Certified Cosmetics","isPartOf":{"@id":"https:\/\/www.certifiedcosmetics.com\/da\/#website"},"primaryImageOfPage":{"@id":"https:\/\/www.certifiedcosmetics.com\/da\/product\/vurdering-af-kosmetisk-sikkerhed\/sikkerhedsvurdering-foer-screening\/#primaryimage"},"image":{"@id":"https:\/\/www.certifiedcosmetics.com\/da\/product\/vurdering-af-kosmetisk-sikkerhed\/sikkerhedsvurdering-foer-screening\/#primaryimage"},"thumbnailUrl":"https:\/\/www.certifiedcosmetics.com\/wp-content\/uploads\/2023\/11\/pif.jpg","datePublished":"2023-12-03T14:56:05+00:00","breadcrumb":{"@id":"https:\/\/www.certifiedcosmetics.com\/da\/product\/vurdering-af-kosmetisk-sikkerhed\/sikkerhedsvurdering-foer-screening\/#breadcrumb"},"inLanguage":"da-DK","potentialAction":[{"@type":"ReadAction","target":["https:\/\/www.certifiedcosmetics.com\/da\/product\/vurdering-af-kosmetisk-sikkerhed\/sikkerhedsvurdering-foer-screening\/"]}]},{"@type":"ImageObject","inLanguage":"da-DK","@id":"https:\/\/www.certifiedcosmetics.com\/da\/product\/vurdering-af-kosmetisk-sikkerhed\/sikkerhedsvurdering-foer-screening\/#primaryimage","url":"https:\/\/www.certifiedcosmetics.com\/wp-content\/uploads\/2023\/11\/pif.jpg","contentUrl":"https:\/\/www.certifiedcosmetics.com\/wp-content\/uploads\/2023\/11\/pif.jpg","width":800,"height":800},{"@type":"BreadcrumbList","@id":"https:\/\/www.certifiedcosmetics.com\/da\/product\/vurdering-af-kosmetisk-sikkerhed\/sikkerhedsvurdering-foer-screening\/#breadcrumb","itemListElement":[{"@type":"ListItem","position":1,"name":"Home","item":"https:\/\/www.certifiedcosmetics.com\/da\/vurdering-af-kosmetiske-produkters-sikkerhed\/"},{"@type":"ListItem","position":2,"name":"Butik","item":"https:\/\/www.certifiedcosmetics.com\/butik\/"},{"@type":"ListItem","position":3,"name":"Sikkerhedsvurdering f\u00f8r screening"}]},{"@type":"WebSite","@id":"https:\/\/www.certifiedcosmetics.com\/da\/#website","url":"https:\/\/www.certifiedcosmetics.com\/da\/","name":"Certified Cosmetics","description":"Cosmetic Safety Assessment","publisher":{"@id":"https:\/\/www.certifiedcosmetics.com\/da\/#organization"},"potentialAction":[{"@type":"SearchAction","target":{"@type":"EntryPoint","urlTemplate":"https:\/\/www.certifiedcosmetics.com\/da\/?s={search_term_string}"},"query-input":{"@type":"PropertyValueSpecification","valueRequired":true,"valueName":"search_term_string"}}],"inLanguage":"da-DK"},{"@type":"Organization","@id":"https:\/\/www.certifiedcosmetics.com\/da\/#organization","name":"Certified Cosmetics","url":"https:\/\/www.certifiedcosmetics.com\/da\/","logo":{"@type":"ImageObject","inLanguage":"da-DK","@id":"https:\/\/www.certifiedcosmetics.com\/da\/#\/schema\/logo\/image\/","url":"https:\/\/www.certifiedcosmetics.com\/wp-content\/uploads\/2024\/12\/logo_certified_cosmetics696.jpg","contentUrl":"https:\/\/www.certifiedcosmetics.com\/wp-content\/uploads\/2024\/12\/logo_certified_cosmetics696.jpg","width":696,"height":696,"caption":"Certified Cosmetics"},"image":{"@id":"https:\/\/www.certifiedcosmetics.com\/da\/#\/schema\/logo\/image\/"},"description":"Your trusted partner for cosmetic product safety reporting. We take care of updating all of your documentation, ensuring your compliance stays current even as regulations evolve. The Cosmetic Product Safety Assessment will give you everything you need to sell specific products to EU consumers.","email":"contact@certifiedcosmetics.com","telephone":"+31 36 2036384","legalName":"Certified Cosmetics","foundingDate":"2010-01-01","vatID":"NL854189543B01","numberOfEmployees":{"@type":"QuantitativeValue","minValue":"11","maxValue":"50"}}]},"product_price_amount":"87.77","product_price_currency":"USD","og_availability":"instock","product_availability":"instock","product_retailer_item_id":"CC100117","product_condition":"new"},"_links":{"self":[{"href":"https:\/\/www.certifiedcosmetics.com\/da\/wp-json\/wp\/v2\/product\/17524","targetHints":{"allow":["GET"]}}],"collection":[{"href":"https:\/\/www.certifiedcosmetics.com\/da\/wp-json\/wp\/v2\/product"}],"about":[{"href":"https:\/\/www.certifiedcosmetics.com\/da\/wp-json\/wp\/v2\/types\/product"}],"wp:featuredmedia":[{"embeddable":true,"href":"https:\/\/www.certifiedcosmetics.com\/da\/wp-json\/wp\/v2\/media\/17081"}],"wp:attachment":[{"href":"https:\/\/www.certifiedcosmetics.com\/da\/wp-json\/wp\/v2\/media?parent=17524"}],"wp:term":[{"taxonomy":"product_brand","embeddable":true,"href":"https:\/\/www.certifiedcosmetics.com\/da\/wp-json\/wp\/v2\/product_brand?post=17524"},{"taxonomy":"product_cat","embeddable":true,"href":"https:\/\/www.certifiedcosmetics.com\/da\/wp-json\/wp\/v2\/product_cat?post=17524"},{"taxonomy":"product_tag","embeddable":true,"href":"https:\/\/www.certifiedcosmetics.com\/da\/wp-json\/wp\/v2\/product_tag?post=17524"}],"curies":[{"name":"wp","href":"https:\/\/api.w.org\/{rel}","templated":true}]}}