{"id":17521,"date":"2023-11-19T12:38:46","date_gmt":"2023-11-19T11:38:46","guid":{"rendered":"https:\/\/www.certifiedcosmetics.com\/product\/Ikke kategoriseret\/cpnp-meddelelse\/"},"modified":"2023-11-19T12:38:46","modified_gmt":"2023-11-19T11:38:46","slug":"cpnp-meddelelse","status":"publish","type":"product","link":"https:\/\/www.certifiedcosmetics.com\/da\/product\/vurdering-af-kosmetisk-sikkerhed\/cpnp-meddelelse\/","title":{"rendered":"CPNP-meddelelse"},"content":{"rendered":"<p>EU&#8217;s CPNP-anmeldelse henviser til processen med at anmelde kosmetiske produkter til Cosmetic Products Notification Portal (CPNP), et centraliseret online anmeldelsessystem, der anvendes i Den Europ\u00e6iske Union (EU). CPNP blev oprettet i henhold til EU&#8217;s kosmetikforordning (forordning (EF) nr. 1223\/2009) og fungerer som et v\u00e6rkt\u00f8j til udveksling af oplysninger om kosmetiske produkter mellem de regulerende myndigheder og de ansvarlige personer, der markedsf\u00f8rer disse produkter.nHer er de vigtigste punkter vedr\u00f8rende EU CPNP-anmeldelsen: <\/p>\n<ol>\n<li><strong>Ansvarlig person:<\/strong> Den enhed eller person, der er ansvarlig for at bringe et kosmetisk produkt i oms\u00e6tning p\u00e5 EU-markedet, kaldes den ansvarlige person. Det er deres juridiske forpligtelse at anmelde kosmetiske produkter til CPNP. <\/li>\n<li><strong>Krav om anmeldelse:<\/strong> F\u00f8r et kosmetisk produkt markedsf\u00f8res i EU, skal den ansvarlige person indsende specifikke oplysninger om produktet til CPNP. Denne anmeldelse er obligatorisk for alle kosmetiske produkter. <\/li>\n<li>Oplysninger, <strong>der skal inds<\/strong> endes: De oplysninger, der indsendes under CPNP-anmeldelsen, omfatter detaljer som produktnavn, kategori, ingredienser, m\u00e6rkning, kontaktoplysninger p\u00e5 den ansvarlige person og Cosmetic Product Safety Report (CPSR). CPSR er en vigtig del af anmeldelsen og indeholder en omfattende sikkerhedsvurdering af det kosmetiske produkt. <\/li>\n<li><strong>Fortrolighed:<\/strong> De oplysninger, der indsendes til CPNP, betragtes som fortrolige. De er kun tilg\u00e6ngelige for de kompetente myndigheder i EU&#8217;s medlemsstater og Europa-Kommissionen med henblik p\u00e5 markedsoverv\u00e5gning, kontrol og reguleringsaktiviteter. <\/li>\n<li><strong>Et enkelt adgangspunkt:<\/strong> CPNP fungerer som et centralt adgangspunkt for oplysninger om kosmetiske produkter, der markedsf\u00f8res i EU. Dette centraliserede system str\u00f8mliner kommunikationen og dataudvekslingen mellem medlemsstaterne. <\/li>\n<li><strong>Opdatering af meddelelser:<\/strong> Den ansvarlige person er ansvarlig for at opdatere oplysningerne i CPNP i tilf\u00e6lde af \u00e6ndringer, f.eks. \u00e6ndringer i produktets sammens\u00e6tning, m\u00e6rkning eller sikkerhedsoplysninger. Dette sikrer, at oplysningerne i CPNP forbliver n\u00f8jagtige og opdaterede. <\/li>\n<\/ol>\n<p>Ved at indsende en CPNP-anmeldelse overholder den ansvarlige person de juridiske krav i EU&#8217;s kosmetikforordning. Det giver de kompetente myndigheder adgang til vigtige oplysninger om kosmetiske produkter p\u00e5 markedet og bidrager dermed til den overordnede sikkerhed og overv\u00e5gning af kosmetiske produkter i EU. Manglende overholdelse af CPNP-anmeldelseskravene kan resultere i lovgivningsm\u00e6ssige foranstaltninger, herunder tilbagetr\u00e6kning af produkter fra markedet.  <\/p>\n","protected":false},"excerpt":{"rendered":"<p>EU&#8217;s CPNP-anmeldelse henviser til processen med at anmelde kosmetiske produkter til Cosmetic Products Notification Portal (CPNP), et centraliseret online anmeldelsessystem, der anvendes i Den Europ\u00e6iske Union (EU). CPNP blev oprettet i henhold til EU&#8217;s kosmetikforordning (forordning (EF) nr. 1223\/2009) og fungerer som et v\u00e6rkt\u00f8j til udveksling af oplysninger om kosmetiske produkter mellem de regulerende myndigheder&#8230;<\/p>\n","protected":false},"featured_media":17181,"template":"","meta":[],"product_brand":[],"product_cat":[1871],"product_tag":[],"class_list":{"0":"post-17521","1":"product","2":"type-product","3":"status-publish","4":"has-post-thumbnail","6":"product_cat-vurdering-af-kosmetisk-sikkerhed","8":"first","9":"instock","10":"virtual","11":"taxable","12":"purchasable","13":"product-type-simple"},"bundled_by":[],"bundle_stock_status":"instock","bundle_stock_quantity":null,"bundle_virtual":false,"bundle_layout":"","bundle_add_to_cart_form_location":"","bundle_editable_in_cart":false,"bundle_sold_individually_context":"","bundle_item_grouping":"","bundle_min_size":"","bundle_max_size":"","bundle_price":[],"bundled_items":[],"bundle_sell_ids":[],"yoast_head":"<!-- This site is optimized with the Yoast SEO Premium plugin v25.4 (Yoast SEO v25.4) - https:\/\/yoast.com\/wordpress\/plugins\/seo\/ -->\n<title>CPNP-meddelelse - Certified Cosmetics<\/title>\n<meta name=\"robots\" content=\"index, follow, max-snippet:-1, max-image-preview:large, max-video-preview:-1\" \/>\n<link rel=\"canonical\" href=\"https:\/\/www.certifiedcosmetics.com\/da\/product\/vurdering-af-kosmetisk-sikkerhed\/cpnp-meddelelse\/\" \/>\n<meta property=\"og:locale\" content=\"da_DK\" \/>\n<meta property=\"og:type\" content=\"article\" \/>\n<meta property=\"og:title\" content=\"CPNP-meddelelse\" \/>\n<meta property=\"og:description\" content=\"EU&#8217;s CPNP-anmeldelse henviser til processen med at anmelde kosmetiske produkter til Cosmetic Products Notification Portal (CPNP), et centraliseret online anmeldelsessystem, der anvendes i Den Europ\u00e6iske Union (EU). CPNP blev oprettet i henhold til EU&#8217;s kosmetikforordning (forordning (EF) nr. 1223\/2009) og fungerer som et v\u00e6rkt\u00f8j til udveksling af oplysninger om kosmetiske produkter mellem de regulerende myndigheder...\" \/>\n<meta property=\"og:url\" content=\"https:\/\/www.certifiedcosmetics.com\/da\/product\/vurdering-af-kosmetisk-sikkerhed\/cpnp-meddelelse\/\" \/>\n<meta property=\"og:site_name\" content=\"Certified Cosmetics\" \/>\n<meta property=\"og:image\" content=\"https:\/\/www.certifiedcosmetics.com\/wp-content\/uploads\/2023\/11\/cnp.jpg\" \/>\n\t<meta property=\"og:image:width\" content=\"800\" \/>\n\t<meta property=\"og:image:height\" content=\"800\" \/>\n\t<meta property=\"og:image:type\" content=\"image\/jpeg\" \/>\n<meta name=\"twitter:card\" content=\"summary_large_image\" \/>\n<meta name=\"twitter:label1\" content=\"Price\" \/>\n\t<meta name=\"twitter:data1\" content=\"&#036;29.26\" \/>\n\t<meta name=\"twitter:label2\" content=\"Availability\" \/>\n\t<meta name=\"twitter:data2\" content=\"In stock\" \/>\n<script type=\"application\/ld+json\" class=\"yoast-schema-graph\">{\"@context\":\"https:\/\/schema.org\",\"@graph\":[{\"@type\":\"WebPage\",\"@id\":\"https:\/\/www.certifiedcosmetics.com\/da\/product\/vurdering-af-kosmetisk-sikkerhed\/cpnp-meddelelse\/\",\"url\":\"https:\/\/www.certifiedcosmetics.com\/da\/product\/vurdering-af-kosmetisk-sikkerhed\/cpnp-meddelelse\/\",\"name\":\"CPNP-meddelelse - Certified Cosmetics\",\"isPartOf\":{\"@id\":\"https:\/\/www.certifiedcosmetics.com\/da\/#website\"},\"primaryImageOfPage\":{\"@id\":\"https:\/\/www.certifiedcosmetics.com\/da\/product\/vurdering-af-kosmetisk-sikkerhed\/cpnp-meddelelse\/#primaryimage\"},\"image\":{\"@id\":\"https:\/\/www.certifiedcosmetics.com\/da\/product\/vurdering-af-kosmetisk-sikkerhed\/cpnp-meddelelse\/#primaryimage\"},\"thumbnailUrl\":\"https:\/\/www.certifiedcosmetics.com\/wp-content\/uploads\/2023\/11\/cnp.jpg\",\"datePublished\":\"2023-11-19T11:38:46+00:00\",\"breadcrumb\":{\"@id\":\"https:\/\/www.certifiedcosmetics.com\/da\/product\/vurdering-af-kosmetisk-sikkerhed\/cpnp-meddelelse\/#breadcrumb\"},\"inLanguage\":\"da-DK\",\"potentialAction\":[{\"@type\":\"ReadAction\",\"target\":[\"https:\/\/www.certifiedcosmetics.com\/da\/product\/vurdering-af-kosmetisk-sikkerhed\/cpnp-meddelelse\/\"]}]},{\"@type\":\"ImageObject\",\"inLanguage\":\"da-DK\",\"@id\":\"https:\/\/www.certifiedcosmetics.com\/da\/product\/vurdering-af-kosmetisk-sikkerhed\/cpnp-meddelelse\/#primaryimage\",\"url\":\"https:\/\/www.certifiedcosmetics.com\/wp-content\/uploads\/2023\/11\/cnp.jpg\",\"contentUrl\":\"https:\/\/www.certifiedcosmetics.com\/wp-content\/uploads\/2023\/11\/cnp.jpg\",\"width\":800,\"height\":800},{\"@type\":\"BreadcrumbList\",\"@id\":\"https:\/\/www.certifiedcosmetics.com\/da\/product\/vurdering-af-kosmetisk-sikkerhed\/cpnp-meddelelse\/#breadcrumb\",\"itemListElement\":[{\"@type\":\"ListItem\",\"position\":1,\"name\":\"Home\",\"item\":\"https:\/\/www.certifiedcosmetics.com\/da\/vurdering-af-kosmetiske-produkters-sikkerhed\/\"},{\"@type\":\"ListItem\",\"position\":2,\"name\":\"Butik\",\"item\":\"https:\/\/www.certifiedcosmetics.com\/butik\/\"},{\"@type\":\"ListItem\",\"position\":3,\"name\":\"CPNP-meddelelse\"}]},{\"@type\":\"WebSite\",\"@id\":\"https:\/\/www.certifiedcosmetics.com\/da\/#website\",\"url\":\"https:\/\/www.certifiedcosmetics.com\/da\/\",\"name\":\"Certified Cosmetics\",\"description\":\"Cosmetic Safety Assessment\",\"publisher\":{\"@id\":\"https:\/\/www.certifiedcosmetics.com\/da\/#organization\"},\"potentialAction\":[{\"@type\":\"SearchAction\",\"target\":{\"@type\":\"EntryPoint\",\"urlTemplate\":\"https:\/\/www.certifiedcosmetics.com\/da\/?s={search_term_string}\"},\"query-input\":{\"@type\":\"PropertyValueSpecification\",\"valueRequired\":true,\"valueName\":\"search_term_string\"}}],\"inLanguage\":\"da-DK\"},{\"@type\":\"Organization\",\"@id\":\"https:\/\/www.certifiedcosmetics.com\/da\/#organization\",\"name\":\"Certified Cosmetics\",\"url\":\"https:\/\/www.certifiedcosmetics.com\/da\/\",\"logo\":{\"@type\":\"ImageObject\",\"inLanguage\":\"da-DK\",\"@id\":\"https:\/\/www.certifiedcosmetics.com\/da\/#\/schema\/logo\/image\/\",\"url\":\"https:\/\/www.certifiedcosmetics.com\/wp-content\/uploads\/2024\/12\/logo_certified_cosmetics696.jpg\",\"contentUrl\":\"https:\/\/www.certifiedcosmetics.com\/wp-content\/uploads\/2024\/12\/logo_certified_cosmetics696.jpg\",\"width\":696,\"height\":696,\"caption\":\"Certified Cosmetics\"},\"image\":{\"@id\":\"https:\/\/www.certifiedcosmetics.com\/da\/#\/schema\/logo\/image\/\"},\"description\":\"Your trusted partner for cosmetic product safety reporting. We take care of updating all of your documentation, ensuring your compliance stays current even as regulations evolve. The Cosmetic Product Safety Assessment will give you everything you need to sell specific products to EU consumers.\",\"email\":\"contact@certifiedcosmetics.com\",\"telephone\":\"+31 36 2036384\",\"legalName\":\"Certified Cosmetics\",\"foundingDate\":\"2010-01-01\",\"vatID\":\"NL854189543B01\",\"numberOfEmployees\":{\"@type\":\"QuantitativeValue\",\"minValue\":\"11\",\"maxValue\":\"50\"}}]}<\/script>\n<meta property=\"product:price:amount\" content=\"29.26\" \/>\n<meta property=\"product:price:currency\" content=\"USD\" \/>\n<meta property=\"og:availability\" content=\"instock\" \/>\n<meta property=\"product:availability\" content=\"instock\" \/>\n<meta property=\"product:retailer_item_id\" content=\"CC100043\" \/>\n<meta property=\"product:condition\" content=\"new\" \/>\n<!-- \/ Yoast SEO Premium plugin. -->","yoast_head_json":{"title":"CPNP-meddelelse - Certified Cosmetics","robots":{"index":"index","follow":"follow","max-snippet":"max-snippet:-1","max-image-preview":"max-image-preview:large","max-video-preview":"max-video-preview:-1"},"canonical":"https:\/\/www.certifiedcosmetics.com\/da\/product\/vurdering-af-kosmetisk-sikkerhed\/cpnp-meddelelse\/","og_locale":"da_DK","og_type":"article","og_title":"CPNP-meddelelse","og_description":"EU&#8217;s CPNP-anmeldelse henviser til processen med at anmelde kosmetiske produkter til Cosmetic Products Notification Portal (CPNP), et centraliseret online anmeldelsessystem, der anvendes i Den Europ\u00e6iske Union (EU). CPNP blev oprettet i henhold til EU&#8217;s kosmetikforordning (forordning (EF) nr. 1223\/2009) og fungerer som et v\u00e6rkt\u00f8j til udveksling af oplysninger om kosmetiske produkter mellem de regulerende myndigheder...","og_url":"https:\/\/www.certifiedcosmetics.com\/da\/product\/vurdering-af-kosmetisk-sikkerhed\/cpnp-meddelelse\/","og_site_name":"Certified Cosmetics","og_image":[{"width":800,"height":800,"url":"https:\/\/www.certifiedcosmetics.com\/wp-content\/uploads\/2023\/11\/cnp.jpg","type":"image\/jpeg"}],"twitter_card":"summary_large_image","twitter_misc":{"Price":"&#36;29.26","Availability":"In stock"},"schema":{"@context":"https:\/\/schema.org","@graph":[{"@type":"WebPage","@id":"https:\/\/www.certifiedcosmetics.com\/da\/product\/vurdering-af-kosmetisk-sikkerhed\/cpnp-meddelelse\/","url":"https:\/\/www.certifiedcosmetics.com\/da\/product\/vurdering-af-kosmetisk-sikkerhed\/cpnp-meddelelse\/","name":"CPNP-meddelelse - Certified Cosmetics","isPartOf":{"@id":"https:\/\/www.certifiedcosmetics.com\/da\/#website"},"primaryImageOfPage":{"@id":"https:\/\/www.certifiedcosmetics.com\/da\/product\/vurdering-af-kosmetisk-sikkerhed\/cpnp-meddelelse\/#primaryimage"},"image":{"@id":"https:\/\/www.certifiedcosmetics.com\/da\/product\/vurdering-af-kosmetisk-sikkerhed\/cpnp-meddelelse\/#primaryimage"},"thumbnailUrl":"https:\/\/www.certifiedcosmetics.com\/wp-content\/uploads\/2023\/11\/cnp.jpg","datePublished":"2023-11-19T11:38:46+00:00","breadcrumb":{"@id":"https:\/\/www.certifiedcosmetics.com\/da\/product\/vurdering-af-kosmetisk-sikkerhed\/cpnp-meddelelse\/#breadcrumb"},"inLanguage":"da-DK","potentialAction":[{"@type":"ReadAction","target":["https:\/\/www.certifiedcosmetics.com\/da\/product\/vurdering-af-kosmetisk-sikkerhed\/cpnp-meddelelse\/"]}]},{"@type":"ImageObject","inLanguage":"da-DK","@id":"https:\/\/www.certifiedcosmetics.com\/da\/product\/vurdering-af-kosmetisk-sikkerhed\/cpnp-meddelelse\/#primaryimage","url":"https:\/\/www.certifiedcosmetics.com\/wp-content\/uploads\/2023\/11\/cnp.jpg","contentUrl":"https:\/\/www.certifiedcosmetics.com\/wp-content\/uploads\/2023\/11\/cnp.jpg","width":800,"height":800},{"@type":"BreadcrumbList","@id":"https:\/\/www.certifiedcosmetics.com\/da\/product\/vurdering-af-kosmetisk-sikkerhed\/cpnp-meddelelse\/#breadcrumb","itemListElement":[{"@type":"ListItem","position":1,"name":"Home","item":"https:\/\/www.certifiedcosmetics.com\/da\/vurdering-af-kosmetiske-produkters-sikkerhed\/"},{"@type":"ListItem","position":2,"name":"Butik","item":"https:\/\/www.certifiedcosmetics.com\/butik\/"},{"@type":"ListItem","position":3,"name":"CPNP-meddelelse"}]},{"@type":"WebSite","@id":"https:\/\/www.certifiedcosmetics.com\/da\/#website","url":"https:\/\/www.certifiedcosmetics.com\/da\/","name":"Certified Cosmetics","description":"Cosmetic Safety Assessment","publisher":{"@id":"https:\/\/www.certifiedcosmetics.com\/da\/#organization"},"potentialAction":[{"@type":"SearchAction","target":{"@type":"EntryPoint","urlTemplate":"https:\/\/www.certifiedcosmetics.com\/da\/?s={search_term_string}"},"query-input":{"@type":"PropertyValueSpecification","valueRequired":true,"valueName":"search_term_string"}}],"inLanguage":"da-DK"},{"@type":"Organization","@id":"https:\/\/www.certifiedcosmetics.com\/da\/#organization","name":"Certified Cosmetics","url":"https:\/\/www.certifiedcosmetics.com\/da\/","logo":{"@type":"ImageObject","inLanguage":"da-DK","@id":"https:\/\/www.certifiedcosmetics.com\/da\/#\/schema\/logo\/image\/","url":"https:\/\/www.certifiedcosmetics.com\/wp-content\/uploads\/2024\/12\/logo_certified_cosmetics696.jpg","contentUrl":"https:\/\/www.certifiedcosmetics.com\/wp-content\/uploads\/2024\/12\/logo_certified_cosmetics696.jpg","width":696,"height":696,"caption":"Certified Cosmetics"},"image":{"@id":"https:\/\/www.certifiedcosmetics.com\/da\/#\/schema\/logo\/image\/"},"description":"Your trusted partner for cosmetic product safety reporting. We take care of updating all of your documentation, ensuring your compliance stays current even as regulations evolve. The Cosmetic Product Safety Assessment will give you everything you need to sell specific products to EU consumers.","email":"contact@certifiedcosmetics.com","telephone":"+31 36 2036384","legalName":"Certified Cosmetics","foundingDate":"2010-01-01","vatID":"NL854189543B01","numberOfEmployees":{"@type":"QuantitativeValue","minValue":"11","maxValue":"50"}}]},"product_price_amount":"29.26","product_price_currency":"USD","og_availability":"instock","product_availability":"instock","product_retailer_item_id":"CC100043","product_condition":"new"},"_links":{"self":[{"href":"https:\/\/www.certifiedcosmetics.com\/da\/wp-json\/wp\/v2\/product\/17521","targetHints":{"allow":["GET"]}}],"collection":[{"href":"https:\/\/www.certifiedcosmetics.com\/da\/wp-json\/wp\/v2\/product"}],"about":[{"href":"https:\/\/www.certifiedcosmetics.com\/da\/wp-json\/wp\/v2\/types\/product"}],"wp:featuredmedia":[{"embeddable":true,"href":"https:\/\/www.certifiedcosmetics.com\/da\/wp-json\/wp\/v2\/media\/17181"}],"wp:attachment":[{"href":"https:\/\/www.certifiedcosmetics.com\/da\/wp-json\/wp\/v2\/media?parent=17521"}],"wp:term":[{"taxonomy":"product_brand","embeddable":true,"href":"https:\/\/www.certifiedcosmetics.com\/da\/wp-json\/wp\/v2\/product_brand?post=17521"},{"taxonomy":"product_cat","embeddable":true,"href":"https:\/\/www.certifiedcosmetics.com\/da\/wp-json\/wp\/v2\/product_cat?post=17521"},{"taxonomy":"product_tag","embeddable":true,"href":"https:\/\/www.certifiedcosmetics.com\/da\/wp-json\/wp\/v2\/product_tag?post=17521"}],"curies":[{"name":"wp","href":"https:\/\/api.w.org\/{rel}","templated":true}]}}