{"id":17518,"date":"2023-11-19T12:37:49","date_gmt":"2023-11-19T11:37:49","guid":{"rendered":"https:\/\/www.certifiedcosmetics.com\/product\/Ikke kategoriseret\/produktinformationsfil-pif\/"},"modified":"2023-11-19T12:37:49","modified_gmt":"2023-11-19T11:37:49","slug":"produktinformationsfil-pif","status":"publish","type":"product","link":"https:\/\/www.certifiedcosmetics.com\/da\/product\/vurdering-af-kosmetisk-sikkerhed\/produktinformationsfil-pif\/","title":{"rendered":"Produktinformationsfil PIF"},"content":{"rendered":"<p>Vi kan oprette produktinformationsfilen, n\u00e5r alle de oplysninger, der kr\u00e6ves for at oprette PIF, er tilg\u00e6ngelige. Vi strukturerer dine oplysninger i det korrekte format. Hvis der mangler oplysninger, informerer vi dig om, hvordan du udfylder dem.    <\/p>\n<h2>Hvad er en kosmetisk produktinformationsfil (PIF)?<\/h2>\n<p>Cosmetic Product Information File (PIF) er et omfattende dokument, der fungerer som en central database med oplysninger om et kosmetisk produkt. Det er et obligatorisk krav i henhold til Den Europ\u00e6iske Unions (EU) kosmetikforordning (forordning (EF) nr. 1223\/2009). PIF har til form\u00e5l at give de kompetente myndigheder adgang til n\u00f8gledata om et kosmetisk produkt og dets sikkerhedsvurdering. Dette er de vigtigste elementer, der typisk indg\u00e5r i en Cosmetic Product Information File (PIF):  <\/p>\n<ol>\n<li><strong>Oplysninger om produktet:<\/strong> Dette afsnit indeholder detaljer som produktnavn, kategori og tilsigtet brug. Det specificerer ogs\u00e5 navn og adresse p\u00e5 den ansvarlige person &#8211; den enhed eller person, der er ansvarlig for at markedsf\u00f8re det kosmetiske produkt. <\/li>\n<li><strong>Rapport om kosmetiske produkters sikkerhed (CPSR):<\/strong> PIF indeholder den komplette Cosmetic Product Safety Report, en omfattende vurdering af de kosmetiske produkters sikkerhed. CPSR indeholder oplysninger om produkternes sammens\u00e6tning, eksponeringsvurdering, toksikologiske profil, sikkerhedsvurdering og andre relevante detaljer. <\/li>\n<li><strong>Fremstillingsmetode:<\/strong> Oplysninger om fremstillingsprocessen, herunder detaljer om faciliteter, udstyr og kvalitetskontrolforanstaltninger, findes i dette afsnit.<\/li>\n<li><strong>Overholdelse af Good Manufacturing Practices (GMP):<\/strong> PIF&#8217;en indeholder dokumentation for, at det kosmetiske produkt er fremstillet i overensstemmelse med Good Manufacturing Practices for at sikre sikkerhed og kvalitet.<\/li>\n<li><strong>Data om dyrefors\u00f8g:<\/strong> Data om eventuelle dyrefors\u00f8g, der er udf\u00f8rt p\u00e5 det kosmetiske produkt eller dets ingredienser, herunder en begrundelse for s\u00e5danne fors\u00f8g, er inkluderet i PIF. Det er dog vigtigt at bem\u00e6rke, at dyrefors\u00f8g med kosmetik er forbudt i EU, og at der opfordres til alternative testmetoder. <\/li>\n<li><strong>Stabilitetsdata:<\/strong> Oplysninger om det kosmetiske produkts stabilitet under forskellige forhold (f.eks. temperatur, lys) er inkluderet for at sikre, at produktet forbliver sikkert og effektivt i hele dets holdbarhedsperiode.<\/li>\n<li><strong>Oplysninger om m\u00e6rkning:<\/strong> PIF&#8217;en indeholder oplysninger om m\u00e6rkningen af det kosmetiske produkt og sikrer, at det overholder de relevante m\u00e6rkningskrav i EU&#8217;s kosmetikforordning.<\/li>\n<\/ol>\n<p>PIF er et fortroligt dokument, og dets tilg\u00e6ngelighed er afg\u00f8rende for overholdelse af lovgivningen og markedsoverv\u00e5gning. Den ansvarlige person skal opdatere PIF&#8217;en og holde den tilg\u00e6ngelig for de kompetente myndigheder i en periode p\u00e5 10 \u00e5r efter, at den sidste batch af det kosmetiske produkt er blevet markedsf\u00f8rt. PIF giver et omfattende overblik over de kosmetiske produkters sikkerhed og overholdelse af lovkrav.  <\/p>\n","protected":false},"excerpt":{"rendered":"<p>Vi kan oprette produktinformationsfilen, n\u00e5r alle de oplysninger, der kr\u00e6ves for at oprette PIF, er tilg\u00e6ngelige. Vi strukturerer dine oplysninger i det korrekte format. Hvis der mangler oplysninger, informerer vi dig om, hvordan du udfylder dem. Hvad er en kosmetisk produktinformationsfil (PIF)? Cosmetic Product Information File (PIF) er et omfattende dokument, der fungerer som en&#8230;<\/p>\n","protected":false},"featured_media":17081,"template":"","meta":[],"product_brand":[],"product_cat":[1871],"product_tag":[],"class_list":{"0":"post-17518","1":"product","2":"type-product","3":"status-publish","4":"has-post-thumbnail","6":"product_cat-vurdering-af-kosmetisk-sikkerhed","8":"first","9":"instock","10":"virtual","11":"taxable","12":"purchasable","13":"product-type-simple"},"bundled_by":[],"bundle_stock_status":"instock","bundle_stock_quantity":null,"bundle_virtual":false,"bundle_layout":"","bundle_add_to_cart_form_location":"","bundle_editable_in_cart":false,"bundle_sold_individually_context":"","bundle_item_grouping":"","bundle_min_size":"","bundle_max_size":"","bundle_price":[],"bundled_items":[],"bundle_sell_ids":[],"yoast_head":"<!-- This site is optimized with the Yoast SEO Premium plugin v25.4 (Yoast SEO v25.4) - https:\/\/yoast.com\/wordpress\/plugins\/seo\/ -->\n<title>Produktinformationsfil PIF - Certified Cosmetics<\/title>\n<meta name=\"robots\" content=\"index, follow, max-snippet:-1, max-image-preview:large, max-video-preview:-1\" \/>\n<link rel=\"canonical\" href=\"https:\/\/www.certifiedcosmetics.com\/da\/product\/vurdering-af-kosmetisk-sikkerhed\/produktinformationsfil-pif\/\" \/>\n<meta property=\"og:locale\" content=\"da_DK\" \/>\n<meta property=\"og:type\" content=\"article\" \/>\n<meta property=\"og:title\" content=\"Produktinformationsfil PIF\" \/>\n<meta property=\"og:description\" content=\"Vi kan oprette produktinformationsfilen, n\u00e5r alle de oplysninger, der kr\u00e6ves for at oprette PIF, er tilg\u00e6ngelige. Vi strukturerer dine oplysninger i det korrekte format. Hvis der mangler oplysninger, informerer vi dig om, hvordan du udfylder dem. Hvad er en kosmetisk produktinformationsfil (PIF)? Cosmetic Product Information File (PIF) er et omfattende dokument, der fungerer som en...\" \/>\n<meta property=\"og:url\" content=\"https:\/\/www.certifiedcosmetics.com\/da\/product\/vurdering-af-kosmetisk-sikkerhed\/produktinformationsfil-pif\/\" \/>\n<meta property=\"og:site_name\" content=\"Certified Cosmetics\" \/>\n<meta property=\"og:image\" content=\"https:\/\/www.certifiedcosmetics.com\/wp-content\/uploads\/2023\/11\/pif.jpg\" \/>\n\t<meta property=\"og:image:width\" content=\"800\" \/>\n\t<meta property=\"og:image:height\" content=\"800\" \/>\n\t<meta property=\"og:image:type\" content=\"image\/jpeg\" \/>\n<meta name=\"twitter:card\" content=\"summary_large_image\" \/>\n<meta name=\"twitter:label1\" content=\"Price\" \/>\n\t<meta name=\"twitter:data1\" content=\"&#036;58.51\" \/>\n\t<meta name=\"twitter:label2\" content=\"Availability\" \/>\n\t<meta name=\"twitter:data2\" content=\"In stock\" \/>\n<script type=\"application\/ld+json\" class=\"yoast-schema-graph\">{\"@context\":\"https:\/\/schema.org\",\"@graph\":[{\"@type\":\"WebPage\",\"@id\":\"https:\/\/www.certifiedcosmetics.com\/da\/product\/vurdering-af-kosmetisk-sikkerhed\/produktinformationsfil-pif\/\",\"url\":\"https:\/\/www.certifiedcosmetics.com\/da\/product\/vurdering-af-kosmetisk-sikkerhed\/produktinformationsfil-pif\/\",\"name\":\"Produktinformationsfil PIF - Certified Cosmetics\",\"isPartOf\":{\"@id\":\"https:\/\/www.certifiedcosmetics.com\/da\/#website\"},\"primaryImageOfPage\":{\"@id\":\"https:\/\/www.certifiedcosmetics.com\/da\/product\/vurdering-af-kosmetisk-sikkerhed\/produktinformationsfil-pif\/#primaryimage\"},\"image\":{\"@id\":\"https:\/\/www.certifiedcosmetics.com\/da\/product\/vurdering-af-kosmetisk-sikkerhed\/produktinformationsfil-pif\/#primaryimage\"},\"thumbnailUrl\":\"https:\/\/www.certifiedcosmetics.com\/wp-content\/uploads\/2023\/11\/pif.jpg\",\"datePublished\":\"2023-11-19T11:37:49+00:00\",\"breadcrumb\":{\"@id\":\"https:\/\/www.certifiedcosmetics.com\/da\/product\/vurdering-af-kosmetisk-sikkerhed\/produktinformationsfil-pif\/#breadcrumb\"},\"inLanguage\":\"da-DK\",\"potentialAction\":[{\"@type\":\"ReadAction\",\"target\":[\"https:\/\/www.certifiedcosmetics.com\/da\/product\/vurdering-af-kosmetisk-sikkerhed\/produktinformationsfil-pif\/\"]}]},{\"@type\":\"ImageObject\",\"inLanguage\":\"da-DK\",\"@id\":\"https:\/\/www.certifiedcosmetics.com\/da\/product\/vurdering-af-kosmetisk-sikkerhed\/produktinformationsfil-pif\/#primaryimage\",\"url\":\"https:\/\/www.certifiedcosmetics.com\/wp-content\/uploads\/2023\/11\/pif.jpg\",\"contentUrl\":\"https:\/\/www.certifiedcosmetics.com\/wp-content\/uploads\/2023\/11\/pif.jpg\",\"width\":800,\"height\":800},{\"@type\":\"BreadcrumbList\",\"@id\":\"https:\/\/www.certifiedcosmetics.com\/da\/product\/vurdering-af-kosmetisk-sikkerhed\/produktinformationsfil-pif\/#breadcrumb\",\"itemListElement\":[{\"@type\":\"ListItem\",\"position\":1,\"name\":\"Home\",\"item\":\"https:\/\/www.certifiedcosmetics.com\/da\/vurdering-af-kosmetiske-produkters-sikkerhed\/\"},{\"@type\":\"ListItem\",\"position\":2,\"name\":\"Butik\",\"item\":\"https:\/\/www.certifiedcosmetics.com\/butik\/\"},{\"@type\":\"ListItem\",\"position\":3,\"name\":\"Produktinformationsfil PIF\"}]},{\"@type\":\"WebSite\",\"@id\":\"https:\/\/www.certifiedcosmetics.com\/da\/#website\",\"url\":\"https:\/\/www.certifiedcosmetics.com\/da\/\",\"name\":\"Certified Cosmetics\",\"description\":\"Cosmetic Safety Assessment\",\"publisher\":{\"@id\":\"https:\/\/www.certifiedcosmetics.com\/da\/#organization\"},\"potentialAction\":[{\"@type\":\"SearchAction\",\"target\":{\"@type\":\"EntryPoint\",\"urlTemplate\":\"https:\/\/www.certifiedcosmetics.com\/da\/?s={search_term_string}\"},\"query-input\":{\"@type\":\"PropertyValueSpecification\",\"valueRequired\":true,\"valueName\":\"search_term_string\"}}],\"inLanguage\":\"da-DK\"},{\"@type\":\"Organization\",\"@id\":\"https:\/\/www.certifiedcosmetics.com\/da\/#organization\",\"name\":\"Certified Cosmetics\",\"url\":\"https:\/\/www.certifiedcosmetics.com\/da\/\",\"logo\":{\"@type\":\"ImageObject\",\"inLanguage\":\"da-DK\",\"@id\":\"https:\/\/www.certifiedcosmetics.com\/da\/#\/schema\/logo\/image\/\",\"url\":\"https:\/\/www.certifiedcosmetics.com\/wp-content\/uploads\/2024\/12\/logo_certified_cosmetics696.jpg\",\"contentUrl\":\"https:\/\/www.certifiedcosmetics.com\/wp-content\/uploads\/2024\/12\/logo_certified_cosmetics696.jpg\",\"width\":696,\"height\":696,\"caption\":\"Certified Cosmetics\"},\"image\":{\"@id\":\"https:\/\/www.certifiedcosmetics.com\/da\/#\/schema\/logo\/image\/\"},\"description\":\"Your trusted partner for cosmetic product safety reporting. We take care of updating all of your documentation, ensuring your compliance stays current even as regulations evolve. The Cosmetic Product Safety Assessment will give you everything you need to sell specific products to EU consumers.\",\"email\":\"contact@certifiedcosmetics.com\",\"telephone\":\"+31 36 2036384\",\"legalName\":\"Certified Cosmetics\",\"foundingDate\":\"2010-01-01\",\"vatID\":\"NL854189543B01\",\"numberOfEmployees\":{\"@type\":\"QuantitativeValue\",\"minValue\":\"11\",\"maxValue\":\"50\"}}]}<\/script>\n<meta property=\"product:price:amount\" content=\"58.51\" \/>\n<meta property=\"product:price:currency\" content=\"USD\" \/>\n<meta property=\"og:availability\" content=\"instock\" \/>\n<meta property=\"product:availability\" content=\"instock\" \/>\n<meta property=\"product:retailer_item_id\" content=\"CC100120\" \/>\n<meta property=\"product:condition\" content=\"new\" \/>\n<!-- \/ Yoast SEO Premium plugin. -->","yoast_head_json":{"title":"Produktinformationsfil PIF - Certified Cosmetics","robots":{"index":"index","follow":"follow","max-snippet":"max-snippet:-1","max-image-preview":"max-image-preview:large","max-video-preview":"max-video-preview:-1"},"canonical":"https:\/\/www.certifiedcosmetics.com\/da\/product\/vurdering-af-kosmetisk-sikkerhed\/produktinformationsfil-pif\/","og_locale":"da_DK","og_type":"article","og_title":"Produktinformationsfil PIF","og_description":"Vi kan oprette produktinformationsfilen, n\u00e5r alle de oplysninger, der kr\u00e6ves for at oprette PIF, er tilg\u00e6ngelige. Vi strukturerer dine oplysninger i det korrekte format. Hvis der mangler oplysninger, informerer vi dig om, hvordan du udfylder dem. Hvad er en kosmetisk produktinformationsfil (PIF)? Cosmetic Product Information File (PIF) er et omfattende dokument, der fungerer som en...","og_url":"https:\/\/www.certifiedcosmetics.com\/da\/product\/vurdering-af-kosmetisk-sikkerhed\/produktinformationsfil-pif\/","og_site_name":"Certified Cosmetics","og_image":[{"width":800,"height":800,"url":"https:\/\/www.certifiedcosmetics.com\/wp-content\/uploads\/2023\/11\/pif.jpg","type":"image\/jpeg"}],"twitter_card":"summary_large_image","twitter_misc":{"Price":"&#36;58.51","Availability":"In stock"},"schema":{"@context":"https:\/\/schema.org","@graph":[{"@type":"WebPage","@id":"https:\/\/www.certifiedcosmetics.com\/da\/product\/vurdering-af-kosmetisk-sikkerhed\/produktinformationsfil-pif\/","url":"https:\/\/www.certifiedcosmetics.com\/da\/product\/vurdering-af-kosmetisk-sikkerhed\/produktinformationsfil-pif\/","name":"Produktinformationsfil PIF - Certified Cosmetics","isPartOf":{"@id":"https:\/\/www.certifiedcosmetics.com\/da\/#website"},"primaryImageOfPage":{"@id":"https:\/\/www.certifiedcosmetics.com\/da\/product\/vurdering-af-kosmetisk-sikkerhed\/produktinformationsfil-pif\/#primaryimage"},"image":{"@id":"https:\/\/www.certifiedcosmetics.com\/da\/product\/vurdering-af-kosmetisk-sikkerhed\/produktinformationsfil-pif\/#primaryimage"},"thumbnailUrl":"https:\/\/www.certifiedcosmetics.com\/wp-content\/uploads\/2023\/11\/pif.jpg","datePublished":"2023-11-19T11:37:49+00:00","breadcrumb":{"@id":"https:\/\/www.certifiedcosmetics.com\/da\/product\/vurdering-af-kosmetisk-sikkerhed\/produktinformationsfil-pif\/#breadcrumb"},"inLanguage":"da-DK","potentialAction":[{"@type":"ReadAction","target":["https:\/\/www.certifiedcosmetics.com\/da\/product\/vurdering-af-kosmetisk-sikkerhed\/produktinformationsfil-pif\/"]}]},{"@type":"ImageObject","inLanguage":"da-DK","@id":"https:\/\/www.certifiedcosmetics.com\/da\/product\/vurdering-af-kosmetisk-sikkerhed\/produktinformationsfil-pif\/#primaryimage","url":"https:\/\/www.certifiedcosmetics.com\/wp-content\/uploads\/2023\/11\/pif.jpg","contentUrl":"https:\/\/www.certifiedcosmetics.com\/wp-content\/uploads\/2023\/11\/pif.jpg","width":800,"height":800},{"@type":"BreadcrumbList","@id":"https:\/\/www.certifiedcosmetics.com\/da\/product\/vurdering-af-kosmetisk-sikkerhed\/produktinformationsfil-pif\/#breadcrumb","itemListElement":[{"@type":"ListItem","position":1,"name":"Home","item":"https:\/\/www.certifiedcosmetics.com\/da\/vurdering-af-kosmetiske-produkters-sikkerhed\/"},{"@type":"ListItem","position":2,"name":"Butik","item":"https:\/\/www.certifiedcosmetics.com\/butik\/"},{"@type":"ListItem","position":3,"name":"Produktinformationsfil PIF"}]},{"@type":"WebSite","@id":"https:\/\/www.certifiedcosmetics.com\/da\/#website","url":"https:\/\/www.certifiedcosmetics.com\/da\/","name":"Certified Cosmetics","description":"Cosmetic Safety Assessment","publisher":{"@id":"https:\/\/www.certifiedcosmetics.com\/da\/#organization"},"potentialAction":[{"@type":"SearchAction","target":{"@type":"EntryPoint","urlTemplate":"https:\/\/www.certifiedcosmetics.com\/da\/?s={search_term_string}"},"query-input":{"@type":"PropertyValueSpecification","valueRequired":true,"valueName":"search_term_string"}}],"inLanguage":"da-DK"},{"@type":"Organization","@id":"https:\/\/www.certifiedcosmetics.com\/da\/#organization","name":"Certified Cosmetics","url":"https:\/\/www.certifiedcosmetics.com\/da\/","logo":{"@type":"ImageObject","inLanguage":"da-DK","@id":"https:\/\/www.certifiedcosmetics.com\/da\/#\/schema\/logo\/image\/","url":"https:\/\/www.certifiedcosmetics.com\/wp-content\/uploads\/2024\/12\/logo_certified_cosmetics696.jpg","contentUrl":"https:\/\/www.certifiedcosmetics.com\/wp-content\/uploads\/2024\/12\/logo_certified_cosmetics696.jpg","width":696,"height":696,"caption":"Certified Cosmetics"},"image":{"@id":"https:\/\/www.certifiedcosmetics.com\/da\/#\/schema\/logo\/image\/"},"description":"Your trusted partner for cosmetic product safety reporting. We take care of updating all of your documentation, ensuring your compliance stays current even as regulations evolve. The Cosmetic Product Safety Assessment will give you everything you need to sell specific products to EU consumers.","email":"contact@certifiedcosmetics.com","telephone":"+31 36 2036384","legalName":"Certified Cosmetics","foundingDate":"2010-01-01","vatID":"NL854189543B01","numberOfEmployees":{"@type":"QuantitativeValue","minValue":"11","maxValue":"50"}}]},"product_price_amount":"58.51","product_price_currency":"USD","og_availability":"instock","product_availability":"instock","product_retailer_item_id":"CC100120","product_condition":"new"},"_links":{"self":[{"href":"https:\/\/www.certifiedcosmetics.com\/da\/wp-json\/wp\/v2\/product\/17518","targetHints":{"allow":["GET"]}}],"collection":[{"href":"https:\/\/www.certifiedcosmetics.com\/da\/wp-json\/wp\/v2\/product"}],"about":[{"href":"https:\/\/www.certifiedcosmetics.com\/da\/wp-json\/wp\/v2\/types\/product"}],"wp:featuredmedia":[{"embeddable":true,"href":"https:\/\/www.certifiedcosmetics.com\/da\/wp-json\/wp\/v2\/media\/17081"}],"wp:attachment":[{"href":"https:\/\/www.certifiedcosmetics.com\/da\/wp-json\/wp\/v2\/media?parent=17518"}],"wp:term":[{"taxonomy":"product_brand","embeddable":true,"href":"https:\/\/www.certifiedcosmetics.com\/da\/wp-json\/wp\/v2\/product_brand?post=17518"},{"taxonomy":"product_cat","embeddable":true,"href":"https:\/\/www.certifiedcosmetics.com\/da\/wp-json\/wp\/v2\/product_cat?post=17518"},{"taxonomy":"product_tag","embeddable":true,"href":"https:\/\/www.certifiedcosmetics.com\/da\/wp-json\/wp\/v2\/product_tag?post=17518"}],"curies":[{"name":"wp","href":"https:\/\/api.w.org\/{rel}","templated":true}]}}