{"id":17503,"date":"2024-11-28T10:56:07","date_gmt":"2024-11-28T09:56:07","guid":{"rendered":"https:\/\/www.certifiedcosmetics.com\/product\/Ikke kategoriseret\/gennemgang-af-kosmetiske-etiketter\/"},"modified":"2024-11-28T10:56:07","modified_gmt":"2024-11-28T09:56:07","slug":"gennemgang-af-kosmetiske-etiketter","status":"publish","type":"product","link":"https:\/\/www.certifiedcosmetics.com\/da\/product\/vurdering-af-kosmetisk-sikkerhed\/gennemgang-af-kosmetiske-etiketter\/","title":{"rendered":"Gennemgang af kosmetiske etiketter"},"content":{"rendered":"<p>N\u00e5r det drejer sig om kosmetik, er et produkts etiket langt mere end bare et markedsf\u00f8ringsv\u00e6rkt\u00f8j; det er en kritisk del af compliance, der sikrer forbrugernes tillid, sikkerhed og overholdelse af lovgivningen. Uanset om du lancerer et nyt produkt eller udvider til nye markeder, er en velgennemg\u00e5et kosmetikm\u00e6rkning et vigtigt skridt p\u00e5 din rejse. Vores <strong>tjenester<\/strong> til gennemgang af kosmetikm\u00e6rker g\u00f8r det muligt for et kosmetikm\u00e6rke at lade<strong> sine <\/strong>illustrationer gennemg\u00e5 for at<strong> sikre<\/strong>, at<strong> de f\u00f8lger alle retningslinjer,<\/strong>  <\/p>\n<p>Hos os har vi specialiseret os i Cosmetic Product Safety Reports (CPSR) og tilbyder to skr\u00e6ddersyede tjenester til gennemgang af kosmetiske etiketter for at opfylde dine behov: <strong>Standard<\/strong> og <strong>udvidet<\/strong>.<\/p>\n<h2><strong>Hvad er en anmeldelse af et kosmetikm\u00e6rke?<\/strong><\/h2>\n<p>En gennemgang af kosmetikm\u00e6rker er en grundig vurdering af et produkts emballage og ledsagende materialer (som f.eks. indl\u00e6gssedler) for at sikre, at de opfylder de lovgivningsm\u00e6ssige standarder i de(n) \u00f8nskede region(er). Dette omfatter kontrol af, at etiketten indeholder de n\u00f8dvendige forbrugeroplysninger og overholder retningslinjerne for markedsf\u00f8ringskommunikation. <\/p>\n<p>N\u00f8glekomponenterne i en labelgennemgang omfatter:<\/p>\n<ul>\n<li><strong>Prim\u00e6r etiket:<\/strong> Produktets prim\u00e6re emballage.<\/li>\n<li><strong>Sekund\u00e6r etiket:<\/strong> Eventuelle yderligere emballagelag.<\/li>\n<li><strong>Folder:<\/strong> Indl\u00e6gssedler med yderligere oplysninger, hvis det er relevant.<\/li>\n<\/ul>\n<h2><strong>Hvorfor er der brug for en gennemgang af kosmetiske etiketter?<\/strong><\/h2>\n<ol>\n<li><strong>Overholdelse af lovgivningen:<\/strong> Hvert land eller hver region har specifikke regler for m\u00e6rkning af kosmetik. Ved at sikre overholdelse kan man undg\u00e5 juridiske sanktioner, produkttilbagekaldelser eller salgsforbud. <\/li>\n<li><strong>Forbrugernes tillid:<\/strong> N\u00f8jagtige og tydelige etiketter viser gennemsigtighed og f\u00e5r kunderne til at f\u00f8le sig trygge ved dit brand.<\/li>\n<li><strong>Underbygning af p\u00e5stande:<\/strong> Anprisninger som &#8220;anti-aging&#8221; eller &#8220;fugtgivende&#8221; skal underbygges med passende tests og beviser for at undg\u00e5 at vildlede forbrugerne.<\/li>\n<li><strong>Udvidelse af markedet:<\/strong> At komme ind p\u00e5 et nyt marked kr\u00e6ver overholdelse af lokale m\u00e6rkningsstandarder. En gennemgang af kosmetiske etiketter sikrer, at dit produkt er klar til global succes. <\/li>\n<\/ol>\n<h2>Hvorfor v\u00e6lge os til din anmeldelse af kosmetikm\u00e6rker?<\/h2>\n<ul>\n<li><strong>Ekspertise:<\/strong> Med omfattende erfaring inden for overholdelse af lovgivning og CPSR forst\u00e5r vi de indviklede forhold ved kosmetisk m\u00e6rkning p\u00e5 tv\u00e6rs af regioner.<\/li>\n<li><strong>Effektivitet:<\/strong> Vores anmeldelser er hurtige uden at g\u00e5 p\u00e5 kompromis med kvaliteten, s\u00e5 du kan overholde deadlines for produktlancering.<\/li>\n<li><strong>Tilpasning:<\/strong> Uanset om du har brug for et hurtigt tjek eller en dybdeg\u00e5ende evaluering, har vi den rigtige service til dig.<\/li>\n<\/ul>\n<h2>Vores tjenester til gennemgang af kosmetiske m\u00e6rker<\/h2>\n<h4><strong>1. Gennemgang af standardm\u00e6rker<\/strong><\/h4>\n<p>Denne mulighed er perfekt til brands, der \u00f8nsker en <strong>hurtig gennemgang af lovgivningen<\/strong> for at sikre, at deres etiketter opfylder de grundl\u00e6ggende standarder for den eller de \u00f8nskede regioner.<\/p>\n<p>Hvad der er inkluderet:<\/p>\n<ul>\n<li>Evaluering af <strong>obligatorisk forbrugerinformation<\/strong> p\u00e5 prim\u00e6retiketten, sekund\u00e6retiketten og indl\u00e6gssedlen.<\/li>\n<li>Gennemgang af <strong>markedsf\u00f8ringskommunikation<\/strong> for at sikre, at p\u00e5stande er i overensstemmelse med lovkrav.<\/li>\n<\/ul>\n<h4><strong>2. Udvidet gennemgang af etiketter<\/strong><\/h4>\n<p>Vores <strong>Global Label Review<\/strong> er en omfattende l\u00f8sning, der er designet til brands, som \u00f8nsker at perfektionere deres labels til internationale markeder.<\/p>\n<p>Hvad der er inkluderet:<\/p>\n<ul>\n<li>Alt i <strong>Standard Review<\/strong>, plus:\n<ul>\n<li>Validering af tests, der bruges til at underbygge p\u00e5stande.<\/li>\n<li><strong>Avancerede anbefalinger<\/strong> til opdatering af problematiske krav, samtidig med at deres oprindelige hensigt bevares.<\/li>\n<li>Udarbejdelse af <strong>ingredienslisten<\/strong> i det kr\u00e6vede format for hvert land.<\/li>\n<li>Verifikation af <strong>advarsler<\/strong> og <strong>brugsanvisninger<\/strong>, s\u00e5 de stemmer overens med reglerne.<\/li>\n<\/ul>\n<\/li>\n<\/ul>\n<h2><strong>Hvorfor vores tjenester skiller sig ud<\/strong><\/h2>\n<ul>\n<li><strong>Viden om markedet:<\/strong> Vi leverer anmeldelser, der er skr\u00e6ddersyet til kravene i forskellige lande, hvilket sikrer problemfri markedsadgang.<\/li>\n<li><strong>Grundig analyse:<\/strong> Fra dokumentation af krav til avancerede anbefalinger, vores tjenester g\u00e5r ud over kontrol p\u00e5 overfladen.<\/li>\n<li><strong>Forbrugercentreret tilgang:<\/strong> Ved at sikre klarhed og overholdelse hj\u00e6lper vi dig med at opbygge en loyal kundebase.<\/li>\n<\/ul>\n<p>En gennemgang af kosmetiske etiketter er en uundv\u00e6rlig del af at bringe sikre, kompatible og forbrugervenlige produkter p\u00e5 markedet. Ved at samarbejde med os f\u00e5r du en p\u00e5lidelig allieret til at navigere i de komplekse regler for kosmetik. <\/p>\n<p>Uanset om du v\u00e6lger vores <strong>standard-<\/strong> eller <strong>udvidede<\/strong> gennemgangsservice, kan du stole p\u00e5, at vi leverer ekspertise, effektivitet og opm\u00e6rksomhed p\u00e5 detaljer. Lad os h\u00e5ndtere dine behov for etiketgennemgang, s\u00e5 du kan fokusere p\u00e5 det, du er bedst til &#8211; at skabe enest\u00e5ende kosmetiske produkter. <\/p>\n","protected":false},"excerpt":{"rendered":"<p>N\u00e5r det drejer sig om kosmetik, er et produkts etiket langt mere end bare et markedsf\u00f8ringsv\u00e6rkt\u00f8j; det er en kritisk del af compliance, der sikrer forbrugernes tillid, sikkerhed og overholdelse af lovgivningen. Uanset om du lancerer et nyt produkt eller udvider til nye markeder, er en velgennemg\u00e5et kosmetikm\u00e6rkning et vigtigt skridt p\u00e5 din rejse. Vores&#8230;<\/p>\n","protected":false},"featured_media":17388,"template":"","meta":[],"product_brand":[],"product_cat":[1871],"product_tag":[],"class_list":{"0":"post-17503","1":"product","2":"type-product","3":"status-publish","4":"has-post-thumbnail","6":"product_cat-vurdering-af-kosmetisk-sikkerhed","8":"first","9":"instock","10":"taxable","11":"shipping-taxable","12":"purchasable","13":"product-type-variable","14":"has-default-attributes"},"bundled_by":[],"bundle_stock_status":"instock","bundle_stock_quantity":null,"bundle_virtual":false,"bundle_layout":"","bundle_add_to_cart_form_location":"","bundle_editable_in_cart":false,"bundle_sold_individually_context":"","bundle_item_grouping":"","bundle_min_size":"","bundle_max_size":"","bundle_price":[],"bundled_items":[],"bundle_sell_ids":[],"yoast_head":"<!-- This site is optimized with the Yoast SEO Premium plugin v25.4 (Yoast SEO v25.4) - https:\/\/yoast.com\/wordpress\/plugins\/seo\/ -->\n<title>Gennemgang af kosmetiske etiketter - Certified Cosmetics<\/title>\n<meta name=\"description\" content=\"Vores tjenester til gennemgang af kosmetikm\u00e6rker g\u00f8r det muligt for et kosmetikm\u00e6rke at lade sine illustrationer gennemg\u00e5 for at sikre, at de f\u00f8lger alle retningslinjerne,\" \/>\n<meta name=\"robots\" content=\"index, follow, max-snippet:-1, max-image-preview:large, max-video-preview:-1\" \/>\n<link rel=\"canonical\" href=\"https:\/\/www.certifiedcosmetics.com\/da\/product\/vurdering-af-kosmetisk-sikkerhed\/gennemgang-af-kosmetiske-etiketter\/\" \/>\n<meta property=\"og:locale\" content=\"da_DK\" \/>\n<meta property=\"og:type\" content=\"article\" \/>\n<meta property=\"og:title\" content=\"Gennemgang af kosmetiske etiketter\" \/>\n<meta property=\"og:description\" content=\"Vores tjenester til gennemgang af kosmetikm\u00e6rker g\u00f8r det muligt for et kosmetikm\u00e6rke at lade sine illustrationer gennemg\u00e5 for at sikre, at de f\u00f8lger alle retningslinjerne,\" \/>\n<meta property=\"og:url\" content=\"https:\/\/www.certifiedcosmetics.com\/da\/product\/vurdering-af-kosmetisk-sikkerhed\/gennemgang-af-kosmetiske-etiketter\/\" \/>\n<meta property=\"og:site_name\" content=\"Certified Cosmetics\" \/>\n<meta property=\"og:image\" content=\"https:\/\/www.certifiedcosmetics.com\/wp-content\/uploads\/2024\/09\/start-sales.jpg\" \/>\n\t<meta property=\"og:image:width\" content=\"800\" \/>\n\t<meta property=\"og:image:height\" content=\"800\" \/>\n\t<meta property=\"og:image:type\" content=\"image\/jpeg\" \/>\n<meta name=\"twitter:card\" content=\"summary_large_image\" \/>\n<meta name=\"twitter:label1\" content=\"Availability\" \/>\n\t<meta name=\"twitter:data1\" content=\"In stock\" \/>\n<script type=\"application\/ld+json\" class=\"yoast-schema-graph\">{\"@context\":\"https:\/\/schema.org\",\"@graph\":[{\"@type\":\"WebPage\",\"@id\":\"https:\/\/www.certifiedcosmetics.com\/da\/product\/vurdering-af-kosmetisk-sikkerhed\/gennemgang-af-kosmetiske-etiketter\/\",\"url\":\"https:\/\/www.certifiedcosmetics.com\/da\/product\/vurdering-af-kosmetisk-sikkerhed\/gennemgang-af-kosmetiske-etiketter\/\",\"name\":\"Gennemgang af kosmetiske etiketter - Certified Cosmetics\",\"isPartOf\":{\"@id\":\"https:\/\/www.certifiedcosmetics.com\/da\/#website\"},\"primaryImageOfPage\":{\"@id\":\"https:\/\/www.certifiedcosmetics.com\/da\/product\/vurdering-af-kosmetisk-sikkerhed\/gennemgang-af-kosmetiske-etiketter\/#primaryimage\"},\"image\":{\"@id\":\"https:\/\/www.certifiedcosmetics.com\/da\/product\/vurdering-af-kosmetisk-sikkerhed\/gennemgang-af-kosmetiske-etiketter\/#primaryimage\"},\"thumbnailUrl\":\"https:\/\/www.certifiedcosmetics.com\/wp-content\/uploads\/2024\/09\/start-sales.jpg\",\"datePublished\":\"2024-11-28T09:56:07+00:00\",\"description\":\"Vores tjenester til gennemgang af kosmetikm\u00e6rker g\u00f8r det muligt for et kosmetikm\u00e6rke at lade sine illustrationer gennemg\u00e5 for at sikre, at de f\u00f8lger alle retningslinjerne,\",\"breadcrumb\":{\"@id\":\"https:\/\/www.certifiedcosmetics.com\/da\/product\/vurdering-af-kosmetisk-sikkerhed\/gennemgang-af-kosmetiske-etiketter\/#breadcrumb\"},\"inLanguage\":\"da-DK\",\"potentialAction\":[{\"@type\":\"ReadAction\",\"target\":[\"https:\/\/www.certifiedcosmetics.com\/da\/product\/vurdering-af-kosmetisk-sikkerhed\/gennemgang-af-kosmetiske-etiketter\/\"]}]},{\"@type\":\"ImageObject\",\"inLanguage\":\"da-DK\",\"@id\":\"https:\/\/www.certifiedcosmetics.com\/da\/product\/vurdering-af-kosmetisk-sikkerhed\/gennemgang-af-kosmetiske-etiketter\/#primaryimage\",\"url\":\"https:\/\/www.certifiedcosmetics.com\/wp-content\/uploads\/2024\/09\/start-sales.jpg\",\"contentUrl\":\"https:\/\/www.certifiedcosmetics.com\/wp-content\/uploads\/2024\/09\/start-sales.jpg\",\"width\":800,\"height\":800},{\"@type\":\"BreadcrumbList\",\"@id\":\"https:\/\/www.certifiedcosmetics.com\/da\/product\/vurdering-af-kosmetisk-sikkerhed\/gennemgang-af-kosmetiske-etiketter\/#breadcrumb\",\"itemListElement\":[{\"@type\":\"ListItem\",\"position\":1,\"name\":\"Home\",\"item\":\"https:\/\/www.certifiedcosmetics.com\/da\/vurdering-af-kosmetiske-produkters-sikkerhed\/\"},{\"@type\":\"ListItem\",\"position\":2,\"name\":\"Butik\",\"item\":\"https:\/\/www.certifiedcosmetics.com\/butik\/\"},{\"@type\":\"ListItem\",\"position\":3,\"name\":\"Gennemgang af kosmetiske etiketter\"}]},{\"@type\":\"WebSite\",\"@id\":\"https:\/\/www.certifiedcosmetics.com\/da\/#website\",\"url\":\"https:\/\/www.certifiedcosmetics.com\/da\/\",\"name\":\"Certified Cosmetics\",\"description\":\"Cosmetic Safety Assessment\",\"publisher\":{\"@id\":\"https:\/\/www.certifiedcosmetics.com\/da\/#organization\"},\"potentialAction\":[{\"@type\":\"SearchAction\",\"target\":{\"@type\":\"EntryPoint\",\"urlTemplate\":\"https:\/\/www.certifiedcosmetics.com\/da\/?s={search_term_string}\"},\"query-input\":{\"@type\":\"PropertyValueSpecification\",\"valueRequired\":true,\"valueName\":\"search_term_string\"}}],\"inLanguage\":\"da-DK\"},{\"@type\":\"Organization\",\"@id\":\"https:\/\/www.certifiedcosmetics.com\/da\/#organization\",\"name\":\"Certified Cosmetics\",\"url\":\"https:\/\/www.certifiedcosmetics.com\/da\/\",\"logo\":{\"@type\":\"ImageObject\",\"inLanguage\":\"da-DK\",\"@id\":\"https:\/\/www.certifiedcosmetics.com\/da\/#\/schema\/logo\/image\/\",\"url\":\"https:\/\/www.certifiedcosmetics.com\/wp-content\/uploads\/2024\/12\/logo_certified_cosmetics696.jpg\",\"contentUrl\":\"https:\/\/www.certifiedcosmetics.com\/wp-content\/uploads\/2024\/12\/logo_certified_cosmetics696.jpg\",\"width\":696,\"height\":696,\"caption\":\"Certified Cosmetics\"},\"image\":{\"@id\":\"https:\/\/www.certifiedcosmetics.com\/da\/#\/schema\/logo\/image\/\"},\"description\":\"Your trusted partner for cosmetic product safety reporting. We take care of updating all of your documentation, ensuring your compliance stays current even as regulations evolve. The Cosmetic Product Safety Assessment will give you everything you need to sell specific products to EU consumers.\",\"email\":\"contact@certifiedcosmetics.com\",\"telephone\":\"+31 36 2036384\",\"legalName\":\"Certified Cosmetics\",\"foundingDate\":\"2010-01-01\",\"vatID\":\"NL854189543B01\",\"numberOfEmployees\":{\"@type\":\"QuantitativeValue\",\"minValue\":\"11\",\"maxValue\":\"50\"}}]}<\/script>\n<meta property=\"og:availability\" content=\"instock\" \/>\n<meta property=\"product:availability\" content=\"instock\" \/>\n<meta property=\"product:condition\" content=\"new\" \/>\n<!-- \/ Yoast SEO Premium plugin. -->","yoast_head_json":{"title":"Gennemgang af kosmetiske etiketter - Certified Cosmetics","description":"Vores tjenester til gennemgang af kosmetikm\u00e6rker g\u00f8r det muligt for et kosmetikm\u00e6rke at lade sine illustrationer gennemg\u00e5 for at sikre, at de f\u00f8lger alle retningslinjerne,","robots":{"index":"index","follow":"follow","max-snippet":"max-snippet:-1","max-image-preview":"max-image-preview:large","max-video-preview":"max-video-preview:-1"},"canonical":"https:\/\/www.certifiedcosmetics.com\/da\/product\/vurdering-af-kosmetisk-sikkerhed\/gennemgang-af-kosmetiske-etiketter\/","og_locale":"da_DK","og_type":"article","og_title":"Gennemgang af kosmetiske etiketter","og_description":"Vores tjenester til gennemgang af kosmetikm\u00e6rker g\u00f8r det muligt for et kosmetikm\u00e6rke at lade sine illustrationer gennemg\u00e5 for at sikre, at de f\u00f8lger alle retningslinjerne,","og_url":"https:\/\/www.certifiedcosmetics.com\/da\/product\/vurdering-af-kosmetisk-sikkerhed\/gennemgang-af-kosmetiske-etiketter\/","og_site_name":"Certified Cosmetics","og_image":[{"width":800,"height":800,"url":"https:\/\/www.certifiedcosmetics.com\/wp-content\/uploads\/2024\/09\/start-sales.jpg","type":"image\/jpeg"}],"twitter_card":"summary_large_image","twitter_misc":{"Availability":"In stock"},"schema":{"@context":"https:\/\/schema.org","@graph":[{"@type":"WebPage","@id":"https:\/\/www.certifiedcosmetics.com\/da\/product\/vurdering-af-kosmetisk-sikkerhed\/gennemgang-af-kosmetiske-etiketter\/","url":"https:\/\/www.certifiedcosmetics.com\/da\/product\/vurdering-af-kosmetisk-sikkerhed\/gennemgang-af-kosmetiske-etiketter\/","name":"Gennemgang af kosmetiske etiketter - Certified Cosmetics","isPartOf":{"@id":"https:\/\/www.certifiedcosmetics.com\/da\/#website"},"primaryImageOfPage":{"@id":"https:\/\/www.certifiedcosmetics.com\/da\/product\/vurdering-af-kosmetisk-sikkerhed\/gennemgang-af-kosmetiske-etiketter\/#primaryimage"},"image":{"@id":"https:\/\/www.certifiedcosmetics.com\/da\/product\/vurdering-af-kosmetisk-sikkerhed\/gennemgang-af-kosmetiske-etiketter\/#primaryimage"},"thumbnailUrl":"https:\/\/www.certifiedcosmetics.com\/wp-content\/uploads\/2024\/09\/start-sales.jpg","datePublished":"2024-11-28T09:56:07+00:00","description":"Vores tjenester til gennemgang af kosmetikm\u00e6rker g\u00f8r det muligt for et kosmetikm\u00e6rke at lade sine illustrationer gennemg\u00e5 for at sikre, at de f\u00f8lger alle retningslinjerne,","breadcrumb":{"@id":"https:\/\/www.certifiedcosmetics.com\/da\/product\/vurdering-af-kosmetisk-sikkerhed\/gennemgang-af-kosmetiske-etiketter\/#breadcrumb"},"inLanguage":"da-DK","potentialAction":[{"@type":"ReadAction","target":["https:\/\/www.certifiedcosmetics.com\/da\/product\/vurdering-af-kosmetisk-sikkerhed\/gennemgang-af-kosmetiske-etiketter\/"]}]},{"@type":"ImageObject","inLanguage":"da-DK","@id":"https:\/\/www.certifiedcosmetics.com\/da\/product\/vurdering-af-kosmetisk-sikkerhed\/gennemgang-af-kosmetiske-etiketter\/#primaryimage","url":"https:\/\/www.certifiedcosmetics.com\/wp-content\/uploads\/2024\/09\/start-sales.jpg","contentUrl":"https:\/\/www.certifiedcosmetics.com\/wp-content\/uploads\/2024\/09\/start-sales.jpg","width":800,"height":800},{"@type":"BreadcrumbList","@id":"https:\/\/www.certifiedcosmetics.com\/da\/product\/vurdering-af-kosmetisk-sikkerhed\/gennemgang-af-kosmetiske-etiketter\/#breadcrumb","itemListElement":[{"@type":"ListItem","position":1,"name":"Home","item":"https:\/\/www.certifiedcosmetics.com\/da\/vurdering-af-kosmetiske-produkters-sikkerhed\/"},{"@type":"ListItem","position":2,"name":"Butik","item":"https:\/\/www.certifiedcosmetics.com\/butik\/"},{"@type":"ListItem","position":3,"name":"Gennemgang af kosmetiske etiketter"}]},{"@type":"WebSite","@id":"https:\/\/www.certifiedcosmetics.com\/da\/#website","url":"https:\/\/www.certifiedcosmetics.com\/da\/","name":"Certified Cosmetics","description":"Cosmetic Safety Assessment","publisher":{"@id":"https:\/\/www.certifiedcosmetics.com\/da\/#organization"},"potentialAction":[{"@type":"SearchAction","target":{"@type":"EntryPoint","urlTemplate":"https:\/\/www.certifiedcosmetics.com\/da\/?s={search_term_string}"},"query-input":{"@type":"PropertyValueSpecification","valueRequired":true,"valueName":"search_term_string"}}],"inLanguage":"da-DK"},{"@type":"Organization","@id":"https:\/\/www.certifiedcosmetics.com\/da\/#organization","name":"Certified Cosmetics","url":"https:\/\/www.certifiedcosmetics.com\/da\/","logo":{"@type":"ImageObject","inLanguage":"da-DK","@id":"https:\/\/www.certifiedcosmetics.com\/da\/#\/schema\/logo\/image\/","url":"https:\/\/www.certifiedcosmetics.com\/wp-content\/uploads\/2024\/12\/logo_certified_cosmetics696.jpg","contentUrl":"https:\/\/www.certifiedcosmetics.com\/wp-content\/uploads\/2024\/12\/logo_certified_cosmetics696.jpg","width":696,"height":696,"caption":"Certified Cosmetics"},"image":{"@id":"https:\/\/www.certifiedcosmetics.com\/da\/#\/schema\/logo\/image\/"},"description":"Your trusted partner for cosmetic product safety reporting. We take care of updating all of your documentation, ensuring your compliance stays current even as regulations evolve. The Cosmetic Product Safety Assessment will give you everything you need to sell specific products to EU consumers.","email":"contact@certifiedcosmetics.com","telephone":"+31 36 2036384","legalName":"Certified Cosmetics","foundingDate":"2010-01-01","vatID":"NL854189543B01","numberOfEmployees":{"@type":"QuantitativeValue","minValue":"11","maxValue":"50"}}]},"og_availability":"instock","product_availability":"instock","product_condition":"new"},"_links":{"self":[{"href":"https:\/\/www.certifiedcosmetics.com\/da\/wp-json\/wp\/v2\/product\/17503","targetHints":{"allow":["GET"]}}],"collection":[{"href":"https:\/\/www.certifiedcosmetics.com\/da\/wp-json\/wp\/v2\/product"}],"about":[{"href":"https:\/\/www.certifiedcosmetics.com\/da\/wp-json\/wp\/v2\/types\/product"}],"wp:featuredmedia":[{"embeddable":true,"href":"https:\/\/www.certifiedcosmetics.com\/da\/wp-json\/wp\/v2\/media\/17388"}],"wp:attachment":[{"href":"https:\/\/www.certifiedcosmetics.com\/da\/wp-json\/wp\/v2\/media?parent=17503"}],"wp:term":[{"taxonomy":"product_brand","embeddable":true,"href":"https:\/\/www.certifiedcosmetics.com\/da\/wp-json\/wp\/v2\/product_brand?post=17503"},{"taxonomy":"product_cat","embeddable":true,"href":"https:\/\/www.certifiedcosmetics.com\/da\/wp-json\/wp\/v2\/product_cat?post=17503"},{"taxonomy":"product_tag","embeddable":true,"href":"https:\/\/www.certifiedcosmetics.com\/da\/wp-json\/wp\/v2\/product_tag?post=17503"}],"curies":[{"name":"wp","href":"https:\/\/api.w.org\/{rel}","templated":true}]}}