{"id":17245,"date":"2023-11-15T12:54:28","date_gmt":"2023-11-15T11:54:28","guid":{"rendered":"https:\/\/www.certifiedcosmetics.com\/product\/Ikke kategoriseret\/test-af-fugtighed-24-timer\/"},"modified":"2023-11-15T12:54:28","modified_gmt":"2023-11-15T11:54:28","slug":"test-af-fugtighed-24-timer","status":"publish","type":"product","link":"https:\/\/www.certifiedcosmetics.com\/da\/product\/test-af-effektivitet\/hudtestning\/test-af-fugtighed-24-timer\/","title":{"rendered":"Test af fugtighed (24 timer)"},"content":{"rendered":"<p>En kosmetisk fugttest er en metode, der bruges til at evaluere hudens fugtniveau og effektiviteten af fugtgivende eller hydratiserende kosmetiske produkter. Testen m\u00e5ler m\u00e6ngden af fugt i huden og giver indsigt i hudens fugtstatus. Korrekt hydrering af huden er vigtig for hudens sundhed, da det kan hj\u00e6lpe med at forhindre t\u00f8rhed, afskalning og udvikling af fine linjer og rynker:  <\/p>\n<ol>\n<li><strong>Kliniske unders\u00f8gelser:<\/strong> Kontrollerede unders\u00f8gelser med menneskelige deltagere for at evaluere effekten af fugtgivende produkter. Disse unders\u00f8gelser kan omfatte f\u00f8r- og efterm\u00e5linger af transepidermalt vandtab, typisk ved hj\u00e6lp af standardiseret udstyr. <\/li>\n<li><strong>Instrumentelle m\u00e5linger:<\/strong> Videnskabelige instrumenter som f.eks. <strong>corneometeret<\/strong> kan bruges til at m\u00e5le hydreringsniveauet i stratum corneum, det yderste lag af huden. Corneometeret bruger elektrisk kapacitans til at bestemme hudens fugtindhold. <\/li>\n<li><strong>Dermatologiske evalueringer:<\/strong> Dermatologer kan vurdere folks hudtilstand f\u00f8r og efter brug af fugtgivende produkter for at give en professionel vurdering af produkternes effektivitet.<\/li>\n<\/ol>\n<p>Det f\u00f8lgende trin kan tilf\u00f8jes efter kundens \u00f8nske og koster ekstra:<\/p>\n<ol>\n<li><strong>Biofysiske m\u00e5linger:<\/strong> Disse m\u00e5linger vurderer forskellige hudegenskaber, s\u00e5som elasticitet og hydrering, samt rynker, der bidrager til hudens overordnede udseende.<\/li>\n<li><strong>Subjektive vurderinger:<\/strong> Unders\u00f8gelser eller sp\u00f8rgeskemaer til selvevaluering kan bruges til at indsamle feedback fra personer, der bruger antirynkeprodukter. Deltagerne kan blive bedt om at evaluere deres opfattelse af \u00e6ndringer i rynkedybde, hudtekstur og generelt udseende. <\/li>\n<\/ol>\n<p>Det er vigtigt at bem\u00e6rke, at valget af metode kan afh\u00e6nge af produktets specifikke m\u00e5l. Vi anbefaler, at man s\u00f8ger r\u00e5dgivning for at f\u00e5 personlige anbefalinger baseret p\u00e5 formuleringens ingredienser og produktegenskaber.<\/p>\n","protected":false},"excerpt":{"rendered":"<div class=\"bt_bb_button bt_bb_color_scheme_6 bt_bb_icon_position_left bt_bb_style_filled bt_bb_width_inline bt_bb_shape_inherit bt_bb_target_self bt_bb_text_transform_inherit bt_bb_fe_edit bt_bb_size_normal bt_bb_align_inherit\" style=\"; --primary-color: #ffffff; --secondary-color: #0bc270;\" data-base=\"bt_bb_button\"><a class=\"bt_bb_link\" title=\"VURDERING AF S\u00c6BESIKKERHED\" href=\"https:\/\/www.certifiedcosmetics.com\/services\/get-quote\/\" target=\"_self\" rel=\"noopener\"><span class=\"bt_bb_button_text\">ANMOD OM TILBUD<\/span><\/a><\/div>\n","protected":false},"featured_media":17244,"template":"","meta":[],"product_brand":[],"product_cat":[1841,1840],"product_tag":[],"class_list":{"0":"post-17245","1":"product","2":"type-product","3":"status-publish","4":"has-post-thumbnail","6":"product_cat-hudtestning","7":"product_cat-test-af-effektivitet","9":"first","10":"instock","11":"virtual","12":"taxable","13":"product-type-simple"},"bundled_by":[],"bundle_stock_status":"instock","bundle_stock_quantity":null,"bundle_virtual":false,"bundle_layout":"","bundle_add_to_cart_form_location":"","bundle_editable_in_cart":false,"bundle_sold_individually_context":"","bundle_item_grouping":"","bundle_min_size":"","bundle_max_size":"","bundle_price":[],"bundled_items":[],"bundle_sell_ids":[],"yoast_head":"<!-- This site is optimized with the Yoast SEO Premium plugin v25.4 (Yoast SEO v25.4) - https:\/\/yoast.com\/wordpress\/plugins\/seo\/ -->\n<title>Test af fugtighed (24 timer) - Certified Cosmetics<\/title>\n<meta name=\"robots\" content=\"index, follow, max-snippet:-1, max-image-preview:large, max-video-preview:-1\" \/>\n<link rel=\"canonical\" href=\"https:\/\/www.certifiedcosmetics.com\/da\/product\/test-af-effektivitet\/hudtestning\/test-af-fugtighed-24-timer\/\" \/>\n<meta property=\"og:locale\" content=\"da_DK\" \/>\n<meta property=\"og:type\" content=\"article\" \/>\n<meta property=\"og:title\" content=\"Test af fugtighed (24 timer)\" \/>\n<meta property=\"og:description\" content=\"ANMOD OM TILBUD\" \/>\n<meta property=\"og:url\" content=\"https:\/\/www.certifiedcosmetics.com\/da\/product\/test-af-effektivitet\/hudtestning\/test-af-fugtighed-24-timer\/\" \/>\n<meta property=\"og:site_name\" content=\"Certified Cosmetics\" \/>\n<meta name=\"twitter:card\" content=\"summary_large_image\" \/>\n<meta name=\"twitter:label1\" content=\"Price\" \/>\n\t<meta name=\"twitter:data1\" content=\"\" \/>\n\t<meta name=\"twitter:label2\" content=\"Availability\" \/>\n\t<meta name=\"twitter:data2\" content=\"In stock\" \/>\n<script type=\"application\/ld+json\" class=\"yoast-schema-graph\">{\"@context\":\"https:\/\/schema.org\",\"@graph\":[{\"@type\":\"WebPage\",\"@id\":\"https:\/\/www.certifiedcosmetics.com\/da\/product\/test-af-effektivitet\/hudtestning\/test-af-fugtighed-24-timer\/\",\"url\":\"https:\/\/www.certifiedcosmetics.com\/da\/product\/test-af-effektivitet\/hudtestning\/test-af-fugtighed-24-timer\/\",\"name\":\"Test af fugtighed (24 timer) - Certified Cosmetics\",\"isPartOf\":{\"@id\":\"https:\/\/www.certifiedcosmetics.com\/da\/#website\"},\"primaryImageOfPage\":{\"@id\":\"https:\/\/www.certifiedcosmetics.com\/da\/product\/test-af-effektivitet\/hudtestning\/test-af-fugtighed-24-timer\/#primaryimage\"},\"image\":{\"@id\":\"https:\/\/www.certifiedcosmetics.com\/da\/product\/test-af-effektivitet\/hudtestning\/test-af-fugtighed-24-timer\/#primaryimage\"},\"thumbnailUrl\":\"https:\/\/www.certifiedcosmetics.com\/wp-content\/uploads\/2023\/11\/moisture.jpg\",\"datePublished\":\"2023-11-15T11:54:28+00:00\",\"breadcrumb\":{\"@id\":\"https:\/\/www.certifiedcosmetics.com\/da\/product\/test-af-effektivitet\/hudtestning\/test-af-fugtighed-24-timer\/#breadcrumb\"},\"inLanguage\":\"da-DK\",\"potentialAction\":[{\"@type\":\"ReadAction\",\"target\":[\"https:\/\/www.certifiedcosmetics.com\/da\/product\/test-af-effektivitet\/hudtestning\/test-af-fugtighed-24-timer\/\"]}]},{\"@type\":\"ImageObject\",\"inLanguage\":\"da-DK\",\"@id\":\"https:\/\/www.certifiedcosmetics.com\/da\/product\/test-af-effektivitet\/hudtestning\/test-af-fugtighed-24-timer\/#primaryimage\",\"url\":\"https:\/\/www.certifiedcosmetics.com\/wp-content\/uploads\/2023\/11\/moisture.jpg\",\"contentUrl\":\"https:\/\/www.certifiedcosmetics.com\/wp-content\/uploads\/2023\/11\/moisture.jpg\",\"width\":800,\"height\":800},{\"@type\":\"BreadcrumbList\",\"@id\":\"https:\/\/www.certifiedcosmetics.com\/da\/product\/test-af-effektivitet\/hudtestning\/test-af-fugtighed-24-timer\/#breadcrumb\",\"itemListElement\":[{\"@type\":\"ListItem\",\"position\":1,\"name\":\"Home\",\"item\":\"https:\/\/www.certifiedcosmetics.com\/da\/vurdering-af-kosmetiske-produkters-sikkerhed\/\"},{\"@type\":\"ListItem\",\"position\":2,\"name\":\"Butik\",\"item\":\"https:\/\/www.certifiedcosmetics.com\/butik\/\"},{\"@type\":\"ListItem\",\"position\":3,\"name\":\"Test af fugtighed (24 timer)\"}]},{\"@type\":\"WebSite\",\"@id\":\"https:\/\/www.certifiedcosmetics.com\/da\/#website\",\"url\":\"https:\/\/www.certifiedcosmetics.com\/da\/\",\"name\":\"Certified Cosmetics\",\"description\":\"Cosmetic Safety Assessment\",\"publisher\":{\"@id\":\"https:\/\/www.certifiedcosmetics.com\/da\/#organization\"},\"potentialAction\":[{\"@type\":\"SearchAction\",\"target\":{\"@type\":\"EntryPoint\",\"urlTemplate\":\"https:\/\/www.certifiedcosmetics.com\/da\/?s={search_term_string}\"},\"query-input\":{\"@type\":\"PropertyValueSpecification\",\"valueRequired\":true,\"valueName\":\"search_term_string\"}}],\"inLanguage\":\"da-DK\"},{\"@type\":\"Organization\",\"@id\":\"https:\/\/www.certifiedcosmetics.com\/da\/#organization\",\"name\":\"Certified Cosmetics\",\"url\":\"https:\/\/www.certifiedcosmetics.com\/da\/\",\"logo\":{\"@type\":\"ImageObject\",\"inLanguage\":\"da-DK\",\"@id\":\"https:\/\/www.certifiedcosmetics.com\/da\/#\/schema\/logo\/image\/\",\"url\":\"https:\/\/www.certifiedcosmetics.com\/wp-content\/uploads\/2024\/12\/logo_certified_cosmetics696.jpg\",\"contentUrl\":\"https:\/\/www.certifiedcosmetics.com\/wp-content\/uploads\/2024\/12\/logo_certified_cosmetics696.jpg\",\"width\":696,\"height\":696,\"caption\":\"Certified Cosmetics\"},\"image\":{\"@id\":\"https:\/\/www.certifiedcosmetics.com\/da\/#\/schema\/logo\/image\/\"},\"description\":\"Your trusted partner for cosmetic product safety reporting. We take care of updating all of your documentation, ensuring your compliance stays current even as regulations evolve. The Cosmetic Product Safety Assessment will give you everything you need to sell specific products to EU consumers.\",\"email\":\"contact@certifiedcosmetics.com\",\"telephone\":\"+31 36 2036384\",\"legalName\":\"Certified Cosmetics\",\"foundingDate\":\"2010-01-01\",\"vatID\":\"NL854189543B01\",\"numberOfEmployees\":{\"@type\":\"QuantitativeValue\",\"minValue\":\"11\",\"maxValue\":\"50\"}}]}<\/script>\n<meta property=\"product:price:currency\" content=\"USD\" \/>\n<meta property=\"og:availability\" content=\"instock\" \/>\n<meta property=\"product:availability\" content=\"instock\" \/>\n<meta property=\"product:retailer_item_id\" content=\"CC100104\" \/>\n<meta property=\"product:condition\" content=\"new\" \/>\n<!-- \/ Yoast SEO Premium plugin. -->","yoast_head_json":{"title":"Test af fugtighed (24 timer) - Certified Cosmetics","robots":{"index":"index","follow":"follow","max-snippet":"max-snippet:-1","max-image-preview":"max-image-preview:large","max-video-preview":"max-video-preview:-1"},"canonical":"https:\/\/www.certifiedcosmetics.com\/da\/product\/test-af-effektivitet\/hudtestning\/test-af-fugtighed-24-timer\/","og_locale":"da_DK","og_type":"article","og_title":"Test af fugtighed (24 timer)","og_description":"ANMOD OM TILBUD","og_url":"https:\/\/www.certifiedcosmetics.com\/da\/product\/test-af-effektivitet\/hudtestning\/test-af-fugtighed-24-timer\/","og_site_name":"Certified Cosmetics","twitter_card":"summary_large_image","twitter_misc":{"Price":"","Availability":"In stock"},"schema":{"@context":"https:\/\/schema.org","@graph":[{"@type":"WebPage","@id":"https:\/\/www.certifiedcosmetics.com\/da\/product\/test-af-effektivitet\/hudtestning\/test-af-fugtighed-24-timer\/","url":"https:\/\/www.certifiedcosmetics.com\/da\/product\/test-af-effektivitet\/hudtestning\/test-af-fugtighed-24-timer\/","name":"Test af fugtighed (24 timer) - Certified Cosmetics","isPartOf":{"@id":"https:\/\/www.certifiedcosmetics.com\/da\/#website"},"primaryImageOfPage":{"@id":"https:\/\/www.certifiedcosmetics.com\/da\/product\/test-af-effektivitet\/hudtestning\/test-af-fugtighed-24-timer\/#primaryimage"},"image":{"@id":"https:\/\/www.certifiedcosmetics.com\/da\/product\/test-af-effektivitet\/hudtestning\/test-af-fugtighed-24-timer\/#primaryimage"},"thumbnailUrl":"https:\/\/www.certifiedcosmetics.com\/wp-content\/uploads\/2023\/11\/moisture.jpg","datePublished":"2023-11-15T11:54:28+00:00","breadcrumb":{"@id":"https:\/\/www.certifiedcosmetics.com\/da\/product\/test-af-effektivitet\/hudtestning\/test-af-fugtighed-24-timer\/#breadcrumb"},"inLanguage":"da-DK","potentialAction":[{"@type":"ReadAction","target":["https:\/\/www.certifiedcosmetics.com\/da\/product\/test-af-effektivitet\/hudtestning\/test-af-fugtighed-24-timer\/"]}]},{"@type":"ImageObject","inLanguage":"da-DK","@id":"https:\/\/www.certifiedcosmetics.com\/da\/product\/test-af-effektivitet\/hudtestning\/test-af-fugtighed-24-timer\/#primaryimage","url":"https:\/\/www.certifiedcosmetics.com\/wp-content\/uploads\/2023\/11\/moisture.jpg","contentUrl":"https:\/\/www.certifiedcosmetics.com\/wp-content\/uploads\/2023\/11\/moisture.jpg","width":800,"height":800},{"@type":"BreadcrumbList","@id":"https:\/\/www.certifiedcosmetics.com\/da\/product\/test-af-effektivitet\/hudtestning\/test-af-fugtighed-24-timer\/#breadcrumb","itemListElement":[{"@type":"ListItem","position":1,"name":"Home","item":"https:\/\/www.certifiedcosmetics.com\/da\/vurdering-af-kosmetiske-produkters-sikkerhed\/"},{"@type":"ListItem","position":2,"name":"Butik","item":"https:\/\/www.certifiedcosmetics.com\/butik\/"},{"@type":"ListItem","position":3,"name":"Test af fugtighed (24 timer)"}]},{"@type":"WebSite","@id":"https:\/\/www.certifiedcosmetics.com\/da\/#website","url":"https:\/\/www.certifiedcosmetics.com\/da\/","name":"Certified Cosmetics","description":"Cosmetic Safety Assessment","publisher":{"@id":"https:\/\/www.certifiedcosmetics.com\/da\/#organization"},"potentialAction":[{"@type":"SearchAction","target":{"@type":"EntryPoint","urlTemplate":"https:\/\/www.certifiedcosmetics.com\/da\/?s={search_term_string}"},"query-input":{"@type":"PropertyValueSpecification","valueRequired":true,"valueName":"search_term_string"}}],"inLanguage":"da-DK"},{"@type":"Organization","@id":"https:\/\/www.certifiedcosmetics.com\/da\/#organization","name":"Certified Cosmetics","url":"https:\/\/www.certifiedcosmetics.com\/da\/","logo":{"@type":"ImageObject","inLanguage":"da-DK","@id":"https:\/\/www.certifiedcosmetics.com\/da\/#\/schema\/logo\/image\/","url":"https:\/\/www.certifiedcosmetics.com\/wp-content\/uploads\/2024\/12\/logo_certified_cosmetics696.jpg","contentUrl":"https:\/\/www.certifiedcosmetics.com\/wp-content\/uploads\/2024\/12\/logo_certified_cosmetics696.jpg","width":696,"height":696,"caption":"Certified Cosmetics"},"image":{"@id":"https:\/\/www.certifiedcosmetics.com\/da\/#\/schema\/logo\/image\/"},"description":"Your trusted partner for cosmetic product safety reporting. We take care of updating all of your documentation, ensuring your compliance stays current even as regulations evolve. The Cosmetic Product Safety Assessment will give you everything you need to sell specific products to EU consumers.","email":"contact@certifiedcosmetics.com","telephone":"+31 36 2036384","legalName":"Certified Cosmetics","foundingDate":"2010-01-01","vatID":"NL854189543B01","numberOfEmployees":{"@type":"QuantitativeValue","minValue":"11","maxValue":"50"}}]},"product_price_currency":"USD","og_availability":"instock","product_availability":"instock","product_retailer_item_id":"CC100104","product_condition":"new"},"_links":{"self":[{"href":"https:\/\/www.certifiedcosmetics.com\/da\/wp-json\/wp\/v2\/product\/17245","targetHints":{"allow":["GET"]}}],"collection":[{"href":"https:\/\/www.certifiedcosmetics.com\/da\/wp-json\/wp\/v2\/product"}],"about":[{"href":"https:\/\/www.certifiedcosmetics.com\/da\/wp-json\/wp\/v2\/types\/product"}],"wp:featuredmedia":[{"embeddable":true,"href":"https:\/\/www.certifiedcosmetics.com\/da\/wp-json\/wp\/v2\/media\/17244"}],"wp:attachment":[{"href":"https:\/\/www.certifiedcosmetics.com\/da\/wp-json\/wp\/v2\/media?parent=17245"}],"wp:term":[{"taxonomy":"product_brand","embeddable":true,"href":"https:\/\/www.certifiedcosmetics.com\/da\/wp-json\/wp\/v2\/product_brand?post=17245"},{"taxonomy":"product_cat","embeddable":true,"href":"https:\/\/www.certifiedcosmetics.com\/da\/wp-json\/wp\/v2\/product_cat?post=17245"},{"taxonomy":"product_tag","embeddable":true,"href":"https:\/\/www.certifiedcosmetics.com\/da\/wp-json\/wp\/v2\/product_tag?post=17245"}],"curies":[{"name":"wp","href":"https:\/\/api.w.org\/{rel}","templated":true}]}}