{"id":17241,"date":"2023-11-15T11:15:54","date_gmt":"2023-11-15T10:15:54","guid":{"rendered":"https:\/\/www.certifiedcosmetics.com\/product\/Ikke kategoriseret\/anti-rynke-test\/"},"modified":"2023-11-15T11:15:54","modified_gmt":"2023-11-15T10:15:54","slug":"anti-rynke-test","status":"publish","type":"product","link":"https:\/\/www.certifiedcosmetics.com\/da\/product\/test-af-effektivitet\/hudtestning\/anti-rynke-test\/","title":{"rendered":"Anti-rynke-test"},"content":{"rendered":"<div class=\"group w-full text-token-text-primary border-b border-black\/10 gizmo:border-0 dark:border-gray-900\/50 gizmo:dark:border-0 bg-gray-50 gizmo:bg-transparent dark:bg-[#444654] gizmo:dark:bg-transparent\">\n<div class=\"p-4 gizmo:py-2 justify-center text-base md:gap-6 md:py-6 m-auto\">\n<div class=\"flex flex-1 gap-4 text-base mx-auto md:gap-6 gizmo:gap-3 gizmo:md:px-5 gizmo:lg:px-1 gizmo:xl:px-5 md:max-w-2xl lg:max-w-[38rem] gizmo:md:max-w-3xl gizmo:lg:max-w-[40rem] gizmo:xl:max-w-[48rem] xl:max-w-3xl }\">\n<div class=\"relative flex w-[calc(100%-50px)] flex-col gizmo:w-full lg:w-[calc(100%-115px)] agent-turn\">\n<div class=\"flex-col gap-1 md:gap-3\">\n<div class=\"flex flex-grow flex-col max-w-full gap-3 gizmo:gap-0\">\n<div class=\"min-h-[20px] text-message peer flex flex-col items-start gap-3 whitespace-pre-wrap break-words peer-[.text-message]:mt-5 overflow-x-auto\"><\/div>\n<\/div>\n<\/div>\n<\/div>\n<\/div>\n<\/div>\n<\/div>\n<div class=\"group w-full text-token-text-primary border-b border-black\/10 gizmo:border-0 dark:border-gray-900\/50 gizmo:dark:border-0 bg-gray-50 gizmo:bg-transparent dark:bg-[#444654] gizmo:dark:bg-transparent\">\n<div class=\"p-4 gizmo:py-2 justify-center text-base md:gap-6 md:py-6 m-auto\">\n<div class=\"flex flex-1 gap-4 text-base mx-auto md:gap-6 gizmo:gap-3 gizmo:md:px-5 gizmo:lg:px-1 gizmo:xl:px-5 md:max-w-2xl lg:max-w-[38rem] gizmo:md:max-w-3xl gizmo:lg:max-w-[40rem] gizmo:xl:max-w-[48rem] xl:max-w-3xl }\">\n<div class=\"flex-shrink-0 flex flex-col relative items-end\">\n<div class=\"text-xs flex items-center justify-center gap-1 absolute left-0 top-2 -ml-4 -translate-x-full gizmo:top-1 gizmo:-ml-6 invisible\">En antirynketest er en proces eller evaluering, der er designet til at vurdere, hvor effektive hudplejeprodukter er til at reducere rynker og fine linjer p\u00e5 huden. Rynker er en naturlig del af aldringsprocessen og kan p\u00e5virkes af faktorer som genetik, soleksponering, livsstilsvalg og hudpleje. Antirynketests udf\u00f8res for at afg\u00f8re, hvor effektivt et bestemt produkt eller en bestemt behandling kan afhj\u00e6lpe disse aldringstegn.  <\/div>\n<div><\/div>\n<\/div>\n<div class=\"relative flex w-[calc(100%-50px)] flex-col gizmo:w-full lg:w-[calc(100%-115px)] agent-turn\">\n<div class=\"flex-col gap-1 md:gap-3\">\n<div class=\"flex flex-grow flex-col max-w-full gap-3 gizmo:gap-0\">\n<div class=\"min-h-[20px] text-message peer flex flex-col items-start gap-3 whitespace-pre-wrap break-words peer-[.text-message]:mt-5 overflow-x-auto\">\n<div class=\"markdown prose w-full break-words dark:prose-invert light\">\n<p>Denne test indeb\u00e6rer:<\/p>\n<ol>\n<li><strong>Kliniske unders\u00f8gelser:<\/strong> Kontrollerede unders\u00f8gelser med menneskelige deltagere for at evaluere effekten af antirynkeprodukter. Disse unders\u00f8gelser kan omfatte f\u00f8r-og-efter-vurderinger af rynker, typisk ved hj\u00e6lp af standardiserede skalaer eller billeddannelsesteknikker. <\/li>\n<li><strong>Instrumentelle m\u00e5linger:<\/strong> Videnskabelige instrumenter som profilometre eller billeddannende enheder kan bruges til at m\u00e5le \u00e6ndringer i rynkernes dybde, l\u00e6ngde og antal. Disse m\u00e5linger giver objektive data om et produkts effektivitet i forhold til at reducere rynker. <\/li>\n<li><strong>Dermatologiske evalueringer:<\/strong> Dermatologer kan vurdere folks hudtilstand f\u00f8r og efter brug af antirynkeprodukter for at give en professionel vurdering af produktets effektivitet.<\/li>\n<\/ol>\n<p>Det f\u00f8lgende trin kan tilf\u00f8jes p\u00e5 kundens anmodning og koster ekstra:<\/p>\n<ol>\n<li><strong>Biofysiske m\u00e5linger:<\/strong> Disse m\u00e5linger vurderer forskellige hudegenskaber, som f.eks. elasticitet og hydrering, som bidrager til rynkernes overordnede udseende.<\/li>\n<li><strong>Subjektive vurderinger:<\/strong> Unders\u00f8gelser eller sp\u00f8rgeskemaer til selvevaluering kan bruges til at indsamle feedback fra personer, der bruger antirynkeprodukter. Deltagerne kan blive bedt om at evaluere deres opfattelse af \u00e6ndringer i rynkedybde, hudtekstur og generelt udseende. <\/li>\n<\/ol>\n<p>Det er vigtigt at bem\u00e6rke, at effektiviteten af antirynkeprodukter kan variere, og at individuelle reaktioner kan v\u00e6re forskellige baseret p\u00e5 faktorer som hudtype, alder og rynkernes sv\u00e6rhedsgrad. Vi anbefaler, at man s\u00f8ger r\u00e5dgivning for at f\u00e5 personlige anbefalinger baseret p\u00e5 formuleringens ingredienser og produktegenskaber.<\/p>\n<\/div>\n<\/div>\n<\/div>\n<\/div>\n<\/div>\n<\/div>\n<\/div>\n<\/div>\n","protected":false},"excerpt":{"rendered":"<div class=\"bt_bb_button bt_bb_color_scheme_6 bt_bb_icon_position_left bt_bb_style_filled bt_bb_width_inline bt_bb_shape_inherit bt_bb_target_self bt_bb_text_transform_inherit bt_bb_fe_edit bt_bb_size_normal bt_bb_align_inherit\" style=\"--primary-color: #ffffff;--secondary-color: #0bc270\"><a class=\"bt_bb_link\" title=\"VURDERING AF S\u00c6BESIKKERHED\" href=\"https:\/\/www.certifiedcosmetics.com\/da\/faa-et-tilbud\/\" target=\"_self\"><span class=\"bt_bb_button_text\">ANMOD OM TILBUD<\/span><\/a><\/div>\n","protected":false},"featured_media":17242,"template":"","meta":[],"product_brand":[],"product_cat":[1841,1840],"product_tag":[],"class_list":{"0":"post-17241","1":"product","2":"type-product","3":"status-publish","4":"has-post-thumbnail","6":"product_cat-hudtestning","7":"product_cat-test-af-effektivitet","9":"first","10":"instock","11":"virtual","12":"taxable","13":"purchasable","14":"product-type-simple"},"bundled_by":[],"bundle_stock_status":"instock","bundle_stock_quantity":null,"bundle_virtual":false,"bundle_layout":"","bundle_add_to_cart_form_location":"","bundle_editable_in_cart":false,"bundle_sold_individually_context":"","bundle_item_grouping":"","bundle_min_size":"","bundle_max_size":"","bundle_price":[],"bundled_items":[],"bundle_sell_ids":[],"yoast_head":"<!-- This site is optimized with the Yoast SEO Premium plugin v25.4 (Yoast SEO v25.4) - https:\/\/yoast.com\/wordpress\/plugins\/seo\/ -->\n<title>Anti-rynke-test - Certified Cosmetics<\/title>\n<meta name=\"robots\" content=\"index, follow, max-snippet:-1, max-image-preview:large, max-video-preview:-1\" \/>\n<link rel=\"canonical\" href=\"https:\/\/www.certifiedcosmetics.com\/da\/product\/test-af-effektivitet\/hudtestning\/anti-rynke-test\/\" \/>\n<meta property=\"og:locale\" content=\"da_DK\" \/>\n<meta property=\"og:type\" content=\"article\" \/>\n<meta property=\"og:title\" content=\"Anti-rynke-test\" \/>\n<meta property=\"og:description\" content=\"ANMOD OM TILBUD\" \/>\n<meta property=\"og:url\" content=\"https:\/\/www.certifiedcosmetics.com\/da\/product\/test-af-effektivitet\/hudtestning\/anti-rynke-test\/\" \/>\n<meta property=\"og:site_name\" content=\"Certified Cosmetics\" \/>\n<meta property=\"og:image\" content=\"https:\/\/www.certifiedcosmetics.com\/wp-content\/uploads\/2023\/11\/antiwrinkle.jpg\" \/>\n\t<meta property=\"og:image:width\" content=\"800\" \/>\n\t<meta property=\"og:image:height\" content=\"800\" \/>\n\t<meta property=\"og:image:type\" content=\"image\/jpeg\" \/>\n<meta name=\"twitter:card\" content=\"summary_large_image\" \/>\n<meta name=\"twitter:label1\" content=\"Price\" \/>\n\t<meta name=\"twitter:data1\" content=\"&#036;1 345.81\" \/>\n\t<meta name=\"twitter:label2\" content=\"Availability\" \/>\n\t<meta name=\"twitter:data2\" content=\"In stock\" \/>\n<script type=\"application\/ld+json\" class=\"yoast-schema-graph\">{\"@context\":\"https:\/\/schema.org\",\"@graph\":[{\"@type\":\"WebPage\",\"@id\":\"https:\/\/www.certifiedcosmetics.com\/da\/product\/test-af-effektivitet\/hudtestning\/anti-rynke-test\/\",\"url\":\"https:\/\/www.certifiedcosmetics.com\/da\/product\/test-af-effektivitet\/hudtestning\/anti-rynke-test\/\",\"name\":\"Anti-rynke-test - Certified Cosmetics\",\"isPartOf\":{\"@id\":\"https:\/\/www.certifiedcosmetics.com\/da\/#website\"},\"primaryImageOfPage\":{\"@id\":\"https:\/\/www.certifiedcosmetics.com\/da\/product\/test-af-effektivitet\/hudtestning\/anti-rynke-test\/#primaryimage\"},\"image\":{\"@id\":\"https:\/\/www.certifiedcosmetics.com\/da\/product\/test-af-effektivitet\/hudtestning\/anti-rynke-test\/#primaryimage\"},\"thumbnailUrl\":\"https:\/\/www.certifiedcosmetics.com\/wp-content\/uploads\/2023\/11\/antiwrinkle.jpg\",\"datePublished\":\"2023-11-15T10:15:54+00:00\",\"breadcrumb\":{\"@id\":\"https:\/\/www.certifiedcosmetics.com\/da\/product\/test-af-effektivitet\/hudtestning\/anti-rynke-test\/#breadcrumb\"},\"inLanguage\":\"da-DK\",\"potentialAction\":[{\"@type\":\"ReadAction\",\"target\":[\"https:\/\/www.certifiedcosmetics.com\/da\/product\/test-af-effektivitet\/hudtestning\/anti-rynke-test\/\"]}]},{\"@type\":\"ImageObject\",\"inLanguage\":\"da-DK\",\"@id\":\"https:\/\/www.certifiedcosmetics.com\/da\/product\/test-af-effektivitet\/hudtestning\/anti-rynke-test\/#primaryimage\",\"url\":\"https:\/\/www.certifiedcosmetics.com\/wp-content\/uploads\/2023\/11\/antiwrinkle.jpg\",\"contentUrl\":\"https:\/\/www.certifiedcosmetics.com\/wp-content\/uploads\/2023\/11\/antiwrinkle.jpg\",\"width\":800,\"height\":800},{\"@type\":\"BreadcrumbList\",\"@id\":\"https:\/\/www.certifiedcosmetics.com\/da\/product\/test-af-effektivitet\/hudtestning\/anti-rynke-test\/#breadcrumb\",\"itemListElement\":[{\"@type\":\"ListItem\",\"position\":1,\"name\":\"Home\",\"item\":\"https:\/\/www.certifiedcosmetics.com\/da\/vurdering-af-kosmetiske-produkters-sikkerhed\/\"},{\"@type\":\"ListItem\",\"position\":2,\"name\":\"Butik\",\"item\":\"https:\/\/www.certifiedcosmetics.com\/butik\/\"},{\"@type\":\"ListItem\",\"position\":3,\"name\":\"Anti-rynke-test\"}]},{\"@type\":\"WebSite\",\"@id\":\"https:\/\/www.certifiedcosmetics.com\/da\/#website\",\"url\":\"https:\/\/www.certifiedcosmetics.com\/da\/\",\"name\":\"Certified Cosmetics\",\"description\":\"Cosmetic Safety Assessment\",\"publisher\":{\"@id\":\"https:\/\/www.certifiedcosmetics.com\/da\/#organization\"},\"potentialAction\":[{\"@type\":\"SearchAction\",\"target\":{\"@type\":\"EntryPoint\",\"urlTemplate\":\"https:\/\/www.certifiedcosmetics.com\/da\/?s={search_term_string}\"},\"query-input\":{\"@type\":\"PropertyValueSpecification\",\"valueRequired\":true,\"valueName\":\"search_term_string\"}}],\"inLanguage\":\"da-DK\"},{\"@type\":\"Organization\",\"@id\":\"https:\/\/www.certifiedcosmetics.com\/da\/#organization\",\"name\":\"Certified Cosmetics\",\"url\":\"https:\/\/www.certifiedcosmetics.com\/da\/\",\"logo\":{\"@type\":\"ImageObject\",\"inLanguage\":\"da-DK\",\"@id\":\"https:\/\/www.certifiedcosmetics.com\/da\/#\/schema\/logo\/image\/\",\"url\":\"https:\/\/www.certifiedcosmetics.com\/wp-content\/uploads\/2024\/12\/logo_certified_cosmetics696.jpg\",\"contentUrl\":\"https:\/\/www.certifiedcosmetics.com\/wp-content\/uploads\/2024\/12\/logo_certified_cosmetics696.jpg\",\"width\":696,\"height\":696,\"caption\":\"Certified Cosmetics\"},\"image\":{\"@id\":\"https:\/\/www.certifiedcosmetics.com\/da\/#\/schema\/logo\/image\/\"},\"description\":\"Your trusted partner for cosmetic product safety reporting. We take care of updating all of your documentation, ensuring your compliance stays current even as regulations evolve. The Cosmetic Product Safety Assessment will give you everything you need to sell specific products to EU consumers.\",\"email\":\"contact@certifiedcosmetics.com\",\"telephone\":\"+31 36 2036384\",\"legalName\":\"Certified Cosmetics\",\"foundingDate\":\"2010-01-01\",\"vatID\":\"NL854189543B01\",\"numberOfEmployees\":{\"@type\":\"QuantitativeValue\",\"minValue\":\"11\",\"maxValue\":\"50\"}}]}<\/script>\n<meta property=\"product:price:amount\" content=\"1345.81\" \/>\n<meta property=\"product:price:currency\" content=\"USD\" \/>\n<meta property=\"og:availability\" content=\"instock\" \/>\n<meta property=\"product:availability\" content=\"instock\" \/>\n<meta property=\"product:retailer_item_id\" content=\"CC100021\" \/>\n<meta property=\"product:condition\" content=\"new\" \/>\n<!-- \/ Yoast SEO Premium plugin. -->","yoast_head_json":{"title":"Anti-rynke-test - Certified Cosmetics","robots":{"index":"index","follow":"follow","max-snippet":"max-snippet:-1","max-image-preview":"max-image-preview:large","max-video-preview":"max-video-preview:-1"},"canonical":"https:\/\/www.certifiedcosmetics.com\/da\/product\/test-af-effektivitet\/hudtestning\/anti-rynke-test\/","og_locale":"da_DK","og_type":"article","og_title":"Anti-rynke-test","og_description":"ANMOD OM TILBUD","og_url":"https:\/\/www.certifiedcosmetics.com\/da\/product\/test-af-effektivitet\/hudtestning\/anti-rynke-test\/","og_site_name":"Certified Cosmetics","og_image":[{"width":800,"height":800,"url":"https:\/\/www.certifiedcosmetics.com\/wp-content\/uploads\/2023\/11\/antiwrinkle.jpg","type":"image\/jpeg"}],"twitter_card":"summary_large_image","twitter_misc":{"Price":"&#36;1 345.81","Availability":"In stock"},"schema":{"@context":"https:\/\/schema.org","@graph":[{"@type":"WebPage","@id":"https:\/\/www.certifiedcosmetics.com\/da\/product\/test-af-effektivitet\/hudtestning\/anti-rynke-test\/","url":"https:\/\/www.certifiedcosmetics.com\/da\/product\/test-af-effektivitet\/hudtestning\/anti-rynke-test\/","name":"Anti-rynke-test - Certified Cosmetics","isPartOf":{"@id":"https:\/\/www.certifiedcosmetics.com\/da\/#website"},"primaryImageOfPage":{"@id":"https:\/\/www.certifiedcosmetics.com\/da\/product\/test-af-effektivitet\/hudtestning\/anti-rynke-test\/#primaryimage"},"image":{"@id":"https:\/\/www.certifiedcosmetics.com\/da\/product\/test-af-effektivitet\/hudtestning\/anti-rynke-test\/#primaryimage"},"thumbnailUrl":"https:\/\/www.certifiedcosmetics.com\/wp-content\/uploads\/2023\/11\/antiwrinkle.jpg","datePublished":"2023-11-15T10:15:54+00:00","breadcrumb":{"@id":"https:\/\/www.certifiedcosmetics.com\/da\/product\/test-af-effektivitet\/hudtestning\/anti-rynke-test\/#breadcrumb"},"inLanguage":"da-DK","potentialAction":[{"@type":"ReadAction","target":["https:\/\/www.certifiedcosmetics.com\/da\/product\/test-af-effektivitet\/hudtestning\/anti-rynke-test\/"]}]},{"@type":"ImageObject","inLanguage":"da-DK","@id":"https:\/\/www.certifiedcosmetics.com\/da\/product\/test-af-effektivitet\/hudtestning\/anti-rynke-test\/#primaryimage","url":"https:\/\/www.certifiedcosmetics.com\/wp-content\/uploads\/2023\/11\/antiwrinkle.jpg","contentUrl":"https:\/\/www.certifiedcosmetics.com\/wp-content\/uploads\/2023\/11\/antiwrinkle.jpg","width":800,"height":800},{"@type":"BreadcrumbList","@id":"https:\/\/www.certifiedcosmetics.com\/da\/product\/test-af-effektivitet\/hudtestning\/anti-rynke-test\/#breadcrumb","itemListElement":[{"@type":"ListItem","position":1,"name":"Home","item":"https:\/\/www.certifiedcosmetics.com\/da\/vurdering-af-kosmetiske-produkters-sikkerhed\/"},{"@type":"ListItem","position":2,"name":"Butik","item":"https:\/\/www.certifiedcosmetics.com\/butik\/"},{"@type":"ListItem","position":3,"name":"Anti-rynke-test"}]},{"@type":"WebSite","@id":"https:\/\/www.certifiedcosmetics.com\/da\/#website","url":"https:\/\/www.certifiedcosmetics.com\/da\/","name":"Certified Cosmetics","description":"Cosmetic Safety Assessment","publisher":{"@id":"https:\/\/www.certifiedcosmetics.com\/da\/#organization"},"potentialAction":[{"@type":"SearchAction","target":{"@type":"EntryPoint","urlTemplate":"https:\/\/www.certifiedcosmetics.com\/da\/?s={search_term_string}"},"query-input":{"@type":"PropertyValueSpecification","valueRequired":true,"valueName":"search_term_string"}}],"inLanguage":"da-DK"},{"@type":"Organization","@id":"https:\/\/www.certifiedcosmetics.com\/da\/#organization","name":"Certified Cosmetics","url":"https:\/\/www.certifiedcosmetics.com\/da\/","logo":{"@type":"ImageObject","inLanguage":"da-DK","@id":"https:\/\/www.certifiedcosmetics.com\/da\/#\/schema\/logo\/image\/","url":"https:\/\/www.certifiedcosmetics.com\/wp-content\/uploads\/2024\/12\/logo_certified_cosmetics696.jpg","contentUrl":"https:\/\/www.certifiedcosmetics.com\/wp-content\/uploads\/2024\/12\/logo_certified_cosmetics696.jpg","width":696,"height":696,"caption":"Certified Cosmetics"},"image":{"@id":"https:\/\/www.certifiedcosmetics.com\/da\/#\/schema\/logo\/image\/"},"description":"Your trusted partner for cosmetic product safety reporting. We take care of updating all of your documentation, ensuring your compliance stays current even as regulations evolve. The Cosmetic Product Safety Assessment will give you everything you need to sell specific products to EU consumers.","email":"contact@certifiedcosmetics.com","telephone":"+31 36 2036384","legalName":"Certified Cosmetics","foundingDate":"2010-01-01","vatID":"NL854189543B01","numberOfEmployees":{"@type":"QuantitativeValue","minValue":"11","maxValue":"50"}}]},"product_price_amount":"1345.81","product_price_currency":"USD","og_availability":"instock","product_availability":"instock","product_retailer_item_id":"CC100021","product_condition":"new"},"_links":{"self":[{"href":"https:\/\/www.certifiedcosmetics.com\/da\/wp-json\/wp\/v2\/product\/17241","targetHints":{"allow":["GET"]}}],"collection":[{"href":"https:\/\/www.certifiedcosmetics.com\/da\/wp-json\/wp\/v2\/product"}],"about":[{"href":"https:\/\/www.certifiedcosmetics.com\/da\/wp-json\/wp\/v2\/types\/product"}],"wp:featuredmedia":[{"embeddable":true,"href":"https:\/\/www.certifiedcosmetics.com\/da\/wp-json\/wp\/v2\/media\/17242"}],"wp:attachment":[{"href":"https:\/\/www.certifiedcosmetics.com\/da\/wp-json\/wp\/v2\/media?parent=17241"}],"wp:term":[{"taxonomy":"product_brand","embeddable":true,"href":"https:\/\/www.certifiedcosmetics.com\/da\/wp-json\/wp\/v2\/product_brand?post=17241"},{"taxonomy":"product_cat","embeddable":true,"href":"https:\/\/www.certifiedcosmetics.com\/da\/wp-json\/wp\/v2\/product_cat?post=17241"},{"taxonomy":"product_tag","embeddable":true,"href":"https:\/\/www.certifiedcosmetics.com\/da\/wp-json\/wp\/v2\/product_tag?post=17241"}],"curies":[{"name":"wp","href":"https:\/\/api.w.org\/{rel}","templated":true}]}}