{"id":17230,"date":"2023-11-08T12:10:15","date_gmt":"2023-11-08T11:10:15","guid":{"rendered":"https:\/\/www.certifiedcosmetics.com\/product\/Ikke kategoriseret\/mikrobiologisk-test\/"},"modified":"2023-11-08T12:10:15","modified_gmt":"2023-11-08T11:10:15","slug":"mikrobiologisk-test","status":"publish","type":"product","link":"https:\/\/www.certifiedcosmetics.com\/da\/product\/laboratoriet\/mikrobiologisk-test\/","title":{"rendered":"Mikrobiologisk test"},"content":{"rendered":"<p>Mikrobiologisk testning er et kritisk aspekt af kosmetikindustrien og fokuserer p\u00e5 produktsikkerhed og -kvalitet ved at overv\u00e5ge og kontrollere mikrobiel kontaminering. Det hj\u00e6lper producenterne med at skabe sikre og effektive kosmetiske produkter og produkter til personlig pleje til forbrugerne. <\/p>\n<h2><strong>Forordninger<\/strong><\/h2>\n<p>Tilsynsorganer som FDA i USA og EU&#8217;s kosmetikforordning kr\u00e6ver mikrobiologisk sikkerhed for at forhindre infektioner og bivirkninger.<\/p>\n<h2><strong>Standarder og testmetoder<\/strong><\/h2>\n<p>Almindelige standarder omfatter ISO 17516 og USP 61. Metoderne bruger typisk mikrobielle dyrkningsteknikker til at identificere og kvantificere mikroorganismer.   <\/p>\n<table>\n<tbody>\n<tr>\n<td width=\"200\"><strong>Evalueringsparameter<\/strong><\/td>\n<td width=\"200\"><strong>Metode<\/strong><\/td>\n<td width=\"200\"><strong>Gr\u00e6nsev\u00e6rdi<\/strong><\/td>\n<\/tr>\n<tr>\n<td width=\"200\">Samlet antal aerobe og mesofile bakterier<\/td>\n<td width=\"200\">ISO 21149<\/td>\n<td rowspan=\"2\" width=\"200\">Produkter til b\u00f8rn under 3 \u00e5r, produkter, der anvendes i \u00f8jnene, produkter, der anvendes p\u00e5 slimhinder: &lt;100 CFU\/gAndre produkter: &lt;1000 CFU\/g<\/td>\n<\/tr>\n<tr>\n<td width=\"200\">Samlet antal skimmelsvampe og g\u00e6r<\/td>\n<td width=\"200\">ISO 16212<\/td>\n<\/tr>\n<tr>\n<td width=\"200\">Pseudomonas aeruginosa<\/td>\n<td width=\"200\">ISO 22717<\/td>\n<td rowspan=\"4\" width=\"200\">M\u00e5 ikke p\u00e5vises<\/td>\n<\/tr>\n<tr>\n<td width=\"200\">Staphylococcus aureus<\/td>\n<td width=\"200\">ISO 22718<\/td>\n<\/tr>\n<tr>\n<td width=\"200\">E. coli<\/td>\n<td width=\"200\">ISO 21150<\/td>\n<\/tr>\n<tr>\n<td width=\"200\">Candida albicans<\/td>\n<td width=\"200\">ISO 18416<\/td>\n<\/tr>\n<\/tbody>\n<\/table>\n","protected":false},"excerpt":{"rendered":"<p>Mikrobiologisk testning er et kritisk aspekt af kosmetikindustrien og fokuserer p\u00e5 produktsikkerhed og -kvalitet ved at overv\u00e5ge og kontrollere mikrobiel kontaminering. Det hj\u00e6lper producenterne med at skabe sikre og effektive kosmetiske produkter og produkter til personlig pleje til forbrugerne. Forordninger Tilsynsorganer som FDA i USA og EU&#8217;s kosmetikforordning kr\u00e6ver mikrobiologisk sikkerhed for at forhindre infektioner&#8230;<\/p>\n","protected":false},"featured_media":17236,"template":"","meta":[],"product_brand":[],"product_cat":[1898,1899],"product_tag":[],"class_list":{"0":"post-17230","1":"product","2":"type-product","3":"status-publish","4":"has-post-thumbnail","6":"product_cat-laboratoriet","7":"product_cat-mikrobiologisk-testning","9":"first","10":"instock","11":"virtual","12":"taxable","13":"purchasable","14":"product-type-simple"},"bundled_by":["17507","17510"],"bundle_stock_status":"instock","bundle_stock_quantity":null,"bundle_virtual":false,"bundle_layout":"","bundle_add_to_cart_form_location":"","bundle_editable_in_cart":false,"bundle_sold_individually_context":"","bundle_item_grouping":"","bundle_min_size":"","bundle_max_size":"","bundle_price":[],"bundled_items":[],"bundle_sell_ids":[],"yoast_head":"<!-- This site is optimized with the Yoast SEO Premium plugin v25.4 (Yoast SEO v25.4) - https:\/\/yoast.com\/wordpress\/plugins\/seo\/ -->\n<title>Mikrobiologisk test - Certified Cosmetics<\/title>\n<meta name=\"robots\" content=\"index, follow, max-snippet:-1, max-image-preview:large, max-video-preview:-1\" \/>\n<link rel=\"canonical\" href=\"https:\/\/www.certifiedcosmetics.com\/da\/product\/laboratoriet\/mikrobiologisk-test\/\" \/>\n<meta property=\"og:locale\" content=\"da_DK\" \/>\n<meta property=\"og:type\" content=\"article\" \/>\n<meta property=\"og:title\" content=\"Mikrobiologisk test\" \/>\n<meta property=\"og:description\" content=\"Mikrobiologisk testning er et kritisk aspekt af kosmetikindustrien og fokuserer p\u00e5 produktsikkerhed og -kvalitet ved at overv\u00e5ge og kontrollere mikrobiel kontaminering. Det hj\u00e6lper producenterne med at skabe sikre og effektive kosmetiske produkter og produkter til personlig pleje til forbrugerne. Forordninger Tilsynsorganer som FDA i USA og EU&#8217;s kosmetikforordning kr\u00e6ver mikrobiologisk sikkerhed for at forhindre infektioner...\" \/>\n<meta property=\"og:url\" content=\"https:\/\/www.certifiedcosmetics.com\/da\/product\/laboratoriet\/mikrobiologisk-test\/\" \/>\n<meta property=\"og:site_name\" content=\"Certified Cosmetics\" \/>\n<meta property=\"og:image\" content=\"https:\/\/www.certifiedcosmetics.com\/wp-content\/uploads\/2023\/11\/Microbiology-1.jpg\" \/>\n\t<meta property=\"og:image:width\" content=\"1024\" \/>\n\t<meta property=\"og:image:height\" content=\"682\" \/>\n\t<meta property=\"og:image:type\" content=\"image\/jpeg\" \/>\n<meta name=\"twitter:card\" content=\"summary_large_image\" \/>\n<meta name=\"twitter:label1\" content=\"Price\" \/>\n\t<meta name=\"twitter:data1\" content=\"&#036;80.75\" \/>\n\t<meta name=\"twitter:label2\" content=\"Availability\" \/>\n\t<meta name=\"twitter:data2\" content=\"In stock\" \/>\n<script type=\"application\/ld+json\" class=\"yoast-schema-graph\">{\"@context\":\"https:\/\/schema.org\",\"@graph\":[{\"@type\":\"WebPage\",\"@id\":\"https:\/\/www.certifiedcosmetics.com\/da\/product\/laboratoriet\/mikrobiologisk-test\/\",\"url\":\"https:\/\/www.certifiedcosmetics.com\/da\/product\/laboratoriet\/mikrobiologisk-test\/\",\"name\":\"Mikrobiologisk test - Certified Cosmetics\",\"isPartOf\":{\"@id\":\"https:\/\/www.certifiedcosmetics.com\/da\/#website\"},\"primaryImageOfPage\":{\"@id\":\"https:\/\/www.certifiedcosmetics.com\/da\/product\/laboratoriet\/mikrobiologisk-test\/#primaryimage\"},\"image\":{\"@id\":\"https:\/\/www.certifiedcosmetics.com\/da\/product\/laboratoriet\/mikrobiologisk-test\/#primaryimage\"},\"thumbnailUrl\":\"https:\/\/www.certifiedcosmetics.com\/wp-content\/uploads\/2023\/11\/Microbiology-1.jpg\",\"datePublished\":\"2023-11-08T11:10:15+00:00\",\"breadcrumb\":{\"@id\":\"https:\/\/www.certifiedcosmetics.com\/da\/product\/laboratoriet\/mikrobiologisk-test\/#breadcrumb\"},\"inLanguage\":\"da-DK\",\"potentialAction\":[{\"@type\":\"ReadAction\",\"target\":[\"https:\/\/www.certifiedcosmetics.com\/da\/product\/laboratoriet\/mikrobiologisk-test\/\"]}]},{\"@type\":\"ImageObject\",\"inLanguage\":\"da-DK\",\"@id\":\"https:\/\/www.certifiedcosmetics.com\/da\/product\/laboratoriet\/mikrobiologisk-test\/#primaryimage\",\"url\":\"https:\/\/www.certifiedcosmetics.com\/wp-content\/uploads\/2023\/11\/Microbiology-1.jpg\",\"contentUrl\":\"https:\/\/www.certifiedcosmetics.com\/wp-content\/uploads\/2023\/11\/Microbiology-1.jpg\",\"width\":1024,\"height\":682,\"caption\":\"Biological research. Intelligent thoughtful woman studying bacteria development while conducting biological research\"},{\"@type\":\"BreadcrumbList\",\"@id\":\"https:\/\/www.certifiedcosmetics.com\/da\/product\/laboratoriet\/mikrobiologisk-test\/#breadcrumb\",\"itemListElement\":[{\"@type\":\"ListItem\",\"position\":1,\"name\":\"Home\",\"item\":\"https:\/\/www.certifiedcosmetics.com\/da\/vurdering-af-kosmetiske-produkters-sikkerhed\/\"},{\"@type\":\"ListItem\",\"position\":2,\"name\":\"Butik\",\"item\":\"https:\/\/www.certifiedcosmetics.com\/butik\/\"},{\"@type\":\"ListItem\",\"position\":3,\"name\":\"Mikrobiologisk test\"}]},{\"@type\":\"WebSite\",\"@id\":\"https:\/\/www.certifiedcosmetics.com\/da\/#website\",\"url\":\"https:\/\/www.certifiedcosmetics.com\/da\/\",\"name\":\"Certified Cosmetics\",\"description\":\"Cosmetic Safety Assessment\",\"publisher\":{\"@id\":\"https:\/\/www.certifiedcosmetics.com\/da\/#organization\"},\"potentialAction\":[{\"@type\":\"SearchAction\",\"target\":{\"@type\":\"EntryPoint\",\"urlTemplate\":\"https:\/\/www.certifiedcosmetics.com\/da\/?s={search_term_string}\"},\"query-input\":{\"@type\":\"PropertyValueSpecification\",\"valueRequired\":true,\"valueName\":\"search_term_string\"}}],\"inLanguage\":\"da-DK\"},{\"@type\":\"Organization\",\"@id\":\"https:\/\/www.certifiedcosmetics.com\/da\/#organization\",\"name\":\"Certified Cosmetics\",\"url\":\"https:\/\/www.certifiedcosmetics.com\/da\/\",\"logo\":{\"@type\":\"ImageObject\",\"inLanguage\":\"da-DK\",\"@id\":\"https:\/\/www.certifiedcosmetics.com\/da\/#\/schema\/logo\/image\/\",\"url\":\"https:\/\/www.certifiedcosmetics.com\/wp-content\/uploads\/2024\/12\/logo_certified_cosmetics696.jpg\",\"contentUrl\":\"https:\/\/www.certifiedcosmetics.com\/wp-content\/uploads\/2024\/12\/logo_certified_cosmetics696.jpg\",\"width\":696,\"height\":696,\"caption\":\"Certified Cosmetics\"},\"image\":{\"@id\":\"https:\/\/www.certifiedcosmetics.com\/da\/#\/schema\/logo\/image\/\"},\"description\":\"Your trusted partner for cosmetic product safety reporting. We take care of updating all of your documentation, ensuring your compliance stays current even as regulations evolve. The Cosmetic Product Safety Assessment will give you everything you need to sell specific products to EU consumers.\",\"email\":\"contact@certifiedcosmetics.com\",\"telephone\":\"+31 36 2036384\",\"legalName\":\"Certified Cosmetics\",\"foundingDate\":\"2010-01-01\",\"vatID\":\"NL854189543B01\",\"numberOfEmployees\":{\"@type\":\"QuantitativeValue\",\"minValue\":\"11\",\"maxValue\":\"50\"}}]}<\/script>\n<meta property=\"product:price:amount\" content=\"80.75\" \/>\n<meta property=\"product:price:currency\" content=\"USD\" \/>\n<meta property=\"og:availability\" content=\"instock\" \/>\n<meta property=\"product:availability\" content=\"instock\" \/>\n<meta property=\"product:retailer_item_id\" content=\"CC100090\" \/>\n<meta property=\"product:condition\" content=\"new\" \/>\n<!-- \/ Yoast SEO Premium plugin. -->","yoast_head_json":{"title":"Mikrobiologisk test - Certified Cosmetics","robots":{"index":"index","follow":"follow","max-snippet":"max-snippet:-1","max-image-preview":"max-image-preview:large","max-video-preview":"max-video-preview:-1"},"canonical":"https:\/\/www.certifiedcosmetics.com\/da\/product\/laboratoriet\/mikrobiologisk-test\/","og_locale":"da_DK","og_type":"article","og_title":"Mikrobiologisk test","og_description":"Mikrobiologisk testning er et kritisk aspekt af kosmetikindustrien og fokuserer p\u00e5 produktsikkerhed og -kvalitet ved at overv\u00e5ge og kontrollere mikrobiel kontaminering. Det hj\u00e6lper producenterne med at skabe sikre og effektive kosmetiske produkter og produkter til personlig pleje til forbrugerne. Forordninger Tilsynsorganer som FDA i USA og EU&#8217;s kosmetikforordning kr\u00e6ver mikrobiologisk sikkerhed for at forhindre infektioner...","og_url":"https:\/\/www.certifiedcosmetics.com\/da\/product\/laboratoriet\/mikrobiologisk-test\/","og_site_name":"Certified Cosmetics","og_image":[{"width":1024,"height":682,"url":"https:\/\/www.certifiedcosmetics.com\/wp-content\/uploads\/2023\/11\/Microbiology-1.jpg","type":"image\/jpeg"}],"twitter_card":"summary_large_image","twitter_misc":{"Price":"&#36;80.75","Availability":"In stock"},"schema":{"@context":"https:\/\/schema.org","@graph":[{"@type":"WebPage","@id":"https:\/\/www.certifiedcosmetics.com\/da\/product\/laboratoriet\/mikrobiologisk-test\/","url":"https:\/\/www.certifiedcosmetics.com\/da\/product\/laboratoriet\/mikrobiologisk-test\/","name":"Mikrobiologisk test - Certified Cosmetics","isPartOf":{"@id":"https:\/\/www.certifiedcosmetics.com\/da\/#website"},"primaryImageOfPage":{"@id":"https:\/\/www.certifiedcosmetics.com\/da\/product\/laboratoriet\/mikrobiologisk-test\/#primaryimage"},"image":{"@id":"https:\/\/www.certifiedcosmetics.com\/da\/product\/laboratoriet\/mikrobiologisk-test\/#primaryimage"},"thumbnailUrl":"https:\/\/www.certifiedcosmetics.com\/wp-content\/uploads\/2023\/11\/Microbiology-1.jpg","datePublished":"2023-11-08T11:10:15+00:00","breadcrumb":{"@id":"https:\/\/www.certifiedcosmetics.com\/da\/product\/laboratoriet\/mikrobiologisk-test\/#breadcrumb"},"inLanguage":"da-DK","potentialAction":[{"@type":"ReadAction","target":["https:\/\/www.certifiedcosmetics.com\/da\/product\/laboratoriet\/mikrobiologisk-test\/"]}]},{"@type":"ImageObject","inLanguage":"da-DK","@id":"https:\/\/www.certifiedcosmetics.com\/da\/product\/laboratoriet\/mikrobiologisk-test\/#primaryimage","url":"https:\/\/www.certifiedcosmetics.com\/wp-content\/uploads\/2023\/11\/Microbiology-1.jpg","contentUrl":"https:\/\/www.certifiedcosmetics.com\/wp-content\/uploads\/2023\/11\/Microbiology-1.jpg","width":1024,"height":682,"caption":"Biological research. Intelligent thoughtful woman studying bacteria development while conducting biological research"},{"@type":"BreadcrumbList","@id":"https:\/\/www.certifiedcosmetics.com\/da\/product\/laboratoriet\/mikrobiologisk-test\/#breadcrumb","itemListElement":[{"@type":"ListItem","position":1,"name":"Home","item":"https:\/\/www.certifiedcosmetics.com\/da\/vurdering-af-kosmetiske-produkters-sikkerhed\/"},{"@type":"ListItem","position":2,"name":"Butik","item":"https:\/\/www.certifiedcosmetics.com\/butik\/"},{"@type":"ListItem","position":3,"name":"Mikrobiologisk test"}]},{"@type":"WebSite","@id":"https:\/\/www.certifiedcosmetics.com\/da\/#website","url":"https:\/\/www.certifiedcosmetics.com\/da\/","name":"Certified Cosmetics","description":"Cosmetic Safety Assessment","publisher":{"@id":"https:\/\/www.certifiedcosmetics.com\/da\/#organization"},"potentialAction":[{"@type":"SearchAction","target":{"@type":"EntryPoint","urlTemplate":"https:\/\/www.certifiedcosmetics.com\/da\/?s={search_term_string}"},"query-input":{"@type":"PropertyValueSpecification","valueRequired":true,"valueName":"search_term_string"}}],"inLanguage":"da-DK"},{"@type":"Organization","@id":"https:\/\/www.certifiedcosmetics.com\/da\/#organization","name":"Certified Cosmetics","url":"https:\/\/www.certifiedcosmetics.com\/da\/","logo":{"@type":"ImageObject","inLanguage":"da-DK","@id":"https:\/\/www.certifiedcosmetics.com\/da\/#\/schema\/logo\/image\/","url":"https:\/\/www.certifiedcosmetics.com\/wp-content\/uploads\/2024\/12\/logo_certified_cosmetics696.jpg","contentUrl":"https:\/\/www.certifiedcosmetics.com\/wp-content\/uploads\/2024\/12\/logo_certified_cosmetics696.jpg","width":696,"height":696,"caption":"Certified Cosmetics"},"image":{"@id":"https:\/\/www.certifiedcosmetics.com\/da\/#\/schema\/logo\/image\/"},"description":"Your trusted partner for cosmetic product safety reporting. We take care of updating all of your documentation, ensuring your compliance stays current even as regulations evolve. The Cosmetic Product Safety Assessment will give you everything you need to sell specific products to EU consumers.","email":"contact@certifiedcosmetics.com","telephone":"+31 36 2036384","legalName":"Certified Cosmetics","foundingDate":"2010-01-01","vatID":"NL854189543B01","numberOfEmployees":{"@type":"QuantitativeValue","minValue":"11","maxValue":"50"}}]},"product_price_amount":"80.75","product_price_currency":"USD","og_availability":"instock","product_availability":"instock","product_retailer_item_id":"CC100090","product_condition":"new"},"_links":{"self":[{"href":"https:\/\/www.certifiedcosmetics.com\/da\/wp-json\/wp\/v2\/product\/17230","targetHints":{"allow":["GET"]}}],"collection":[{"href":"https:\/\/www.certifiedcosmetics.com\/da\/wp-json\/wp\/v2\/product"}],"about":[{"href":"https:\/\/www.certifiedcosmetics.com\/da\/wp-json\/wp\/v2\/types\/product"}],"wp:featuredmedia":[{"embeddable":true,"href":"https:\/\/www.certifiedcosmetics.com\/da\/wp-json\/wp\/v2\/media\/17236"}],"wp:attachment":[{"href":"https:\/\/www.certifiedcosmetics.com\/da\/wp-json\/wp\/v2\/media?parent=17230"}],"wp:term":[{"taxonomy":"product_brand","embeddable":true,"href":"https:\/\/www.certifiedcosmetics.com\/da\/wp-json\/wp\/v2\/product_brand?post=17230"},{"taxonomy":"product_cat","embeddable":true,"href":"https:\/\/www.certifiedcosmetics.com\/da\/wp-json\/wp\/v2\/product_cat?post=17230"},{"taxonomy":"product_tag","embeddable":true,"href":"https:\/\/www.certifiedcosmetics.com\/da\/wp-json\/wp\/v2\/product_tag?post=17230"}],"curies":[{"name":"wp","href":"https:\/\/api.w.org\/{rel}","templated":true}]}}