{"id":17227,"date":"2025-04-11T12:36:54","date_gmt":"2025-04-11T11:36:54","guid":{"rendered":"https:\/\/www.certifiedcosmetics.com\/product\/Ikke kategoriseret\/test-af-periode-efter-aabning-pao\/"},"modified":"2025-04-11T12:36:54","modified_gmt":"2025-04-11T11:36:54","slug":"test-af-periode-efter-aabning-pao","status":"publish","type":"product","link":"https:\/\/www.certifiedcosmetics.com\/da\/product\/almindelige-tests\/test-af-periode-efter-aabning-pao\/","title":{"rendered":"Test af periode efter \u00e5bning (PAO)"},"content":{"rendered":"<p class=\"\" data-start=\"243\" data-end=\"578\">Hos Certified Cosmetics tilbyder vi en professionel <strong data-start=\"291\" data-end=\"326\">PAO-test (Period After Opening)<\/strong>, der hj\u00e6lper dig med at afg\u00f8re, hvor l\u00e6nge dit kosmetiske produkt er sikkert og effektivt efter \u00e5bning. Dette er en vigtig del af overholdelsen af <strong data-start=\"479\" data-end=\"514\">EU-forordning (EF) nr. 1223\/2009<\/strong>, is\u00e6r for produkter med en holdbarhed p\u00e5 mere end 30 m\u00e5neder.   <\/p>\n<h2 data-start=\"580\" data-end=\"801\">Hvad er en PAO-test (Period After Opening)?<\/h2>\n<p class=\"\" data-start=\"580\" data-end=\"801\">Vores laboratorium simulerer typisk forbrugerbrug for at vurdere stabiliteten af et \u00e5bnet produkt. Baseret p\u00e5 resultaterne giver vi et anbefalet PAO-symbol (f.eks. 6M, 12M, 24M), som du trygt kan vise p\u00e5 din emballage.   <\/p>\n<p class=\"\" data-start=\"803\" data-end=\"823\"><strong data-start=\"803\" data-end=\"823\">Hvad er inkluderet?<\/strong><\/p>\n<ul data-start=\"825\" data-end=\"1114\">\n<li class=\"\" data-start=\"825\" data-end=\"877\">\n<p class=\"\" data-start=\"827\" data-end=\"877\">Fuld PAO-testning under kontrollerede laboratorieforhold<\/p>\n<\/li>\n<li class=\"\" data-start=\"878\" data-end=\"938\">\n<p class=\"\" data-start=\"880\" data-end=\"938\">Videnskabelig vurdering af produktstabilitet efter \u00e5bning<\/p>\n<\/li>\n<li class=\"\" data-start=\"939\" data-end=\"1001\">\n<p class=\"\" data-start=\"941\" data-end=\"1001\">Velegnet til cremer, serum, lotion, geler, olier og meget mere<\/p>\n<\/li>\n<li class=\"\" data-start=\"1002\" data-end=\"1055\">\n<p class=\"\" data-start=\"1004\" data-end=\"1055\">En detaljeret rapport med det anbefalede PAO-symbol<\/p>\n<\/li>\n<li class=\"\" data-start=\"1056\" data-end=\"1114\">\n<p class=\"\" data-start=\"1058\" data-end=\"1114\">St\u00f8tte til din Cosmetic Product Safety Report (CPSR)<\/p>\n<\/li>\n<\/ul>\n<h2 data-start=\"1116\" data-end=\"1148\"><strong data-start=\"1116\" data-end=\"1148\">Hvorn\u00e5r har du brug for en PAO-test?<\/strong><\/h2>\n<p class=\"\" data-start=\"1150\" data-end=\"1381\">En PAO-test er obligatorisk for kosmetiske produkter med en minimumsholdbarhed p\u00e5 mere end 30 m\u00e5neder og uden udl\u00f8bsdato. PAO-symbolet hj\u00e6lper med at informere forbrugerne om, hvor l\u00e6nge de trygt kan bruge produktet efter \u00e5bning.   <\/p>\n<p class=\"\" data-start=\"1383\" data-end=\"1399\"><strong data-start=\"1383\" data-end=\"1399\">Processen:<\/strong><\/p>\n<ol data-start=\"1401\" data-end=\"1627\">\n<li class=\"\" data-start=\"1401\" data-end=\"1441\">\n<p class=\"\" data-start=\"1404\" data-end=\"1441\">K\u00f8b testen<\/p>\n<\/li>\n<li class=\"\" data-start=\"1401\" data-end=\"1441\">\n<p class=\"\" data-start=\"1404\" data-end=\"1441\">F\u00e5 adgang til vores sikre portal for at planl\u00e6gge testen<\/p>\n<\/li>\n<li class=\"\" data-start=\"1401\" data-end=\"1441\">\n<p class=\"\" data-start=\"1404\" data-end=\"1441\">Send os din produktpr\u00f8ve<\/p>\n<\/li>\n<li class=\"\" data-start=\"1442\" data-end=\"1505\">\n<p class=\"\" data-start=\"1445\" data-end=\"1505\">Vores laboratorium simulerer forholdene efter \u00e5bningen og evaluerer stabiliteten<\/p>\n<\/li>\n<li class=\"\" data-start=\"1506\" data-end=\"1576\">\n<p class=\"\" data-start=\"1509\" data-end=\"1576\">Du vil modtage en omfattende PAO-rapport med symbolske anbefalinger<\/p>\n<\/li>\n<li class=\"\" data-start=\"1577\" data-end=\"1627\">\n<p class=\"\" data-start=\"1580\" data-end=\"1627\">Brug resultaterne i din CPSR og dit labeldesign<\/p>\n<\/li>\n<\/ol>\n<p class=\"\" data-start=\"1629\" data-end=\"1868\">Med Certified Cosmetics f\u00e5r du gavn af eksperttest, hurtige behandlingstider og fuld regulatorisk support. Uanset om du lancerer en ny formulering eller opdaterer et eksisterende produkt, sikrer vores PAO-test, at du forbliver compliant og transparent.   <\/p>\n<h2 data-start=\"260\" data-end=\"318\">Hvad er forskellen mellem udl\u00f8bsdato og PAO?<\/h2>\n<p class=\"\" data-start=\"320\" data-end=\"518\">For kosmetiske produkter er <strong data-start=\"342\" data-end=\"361\">sidste anvendelsesdato<\/strong> og <strong data-start=\"366\" data-end=\"396\">perioden efter \u00e5bning (PAO)<\/strong> to forskellige indikatorer for produktstabilitet og -sikkerhed, som er p\u00e5kr\u00e6vet i henhold til <strong data-start=\"473\" data-end=\"517\">EU&#8217;s kosmetikforordning (EF) nr. 1223\/2009<\/strong>.<\/p>\n<h3 data-start=\"525\" data-end=\"575\"><strong data-start=\"530\" data-end=\"575\">Udl\u00f8bsdato (bedst f\u00f8r-dato)<\/strong><\/h3>\n<ul data-start=\"577\" data-end=\"979\">\n<li class=\"\" data-start=\"577\" data-end=\"650\">\n<p class=\"\" data-start=\"579\" data-end=\"650\"><strong data-start=\"579\" data-end=\"593\">Anvendes n\u00e5r:<\/strong> Produktet <strong data-start=\"612\" data-end=\"649\">har en holdbarhed p\u00e5 mindre end 30 m\u00e5neder.<\/strong><\/p>\n<\/li>\n<li class=\"\" data-start=\"651\" data-end=\"746\">\n<p class=\"\" data-start=\"653\" data-end=\"746\"><strong data-start=\"653\" data-end=\"670\">Etikettens format:<\/strong> Vises normalt som &#8220;Bedst f\u00f8r [date]&#8221; eller et timeglas-symbol med datoen.<\/p>\n<\/li>\n<li class=\"\" data-start=\"747\" data-end=\"877\">\n<p class=\"\" data-start=\"749\" data-end=\"877\"><strong data-start=\"749\" data-end=\"761\">Betydning:<\/strong> Angiver den dato, <strong data-start=\"781\" data-end=\"844\">indtil hvilken det u\u00e5bnede produkt forbliver sikkert og effektivt<\/strong> under korrekte opbevaringsforhold.<\/p>\n<\/li>\n<li class=\"\" data-start=\"878\" data-end=\"979\">\n<p class=\"\" data-start=\"880\" data-end=\"979\"><strong data-start=\"880\" data-end=\"892\">Eksempel:<\/strong> En naturlig ansigtsmaske uden konserveringsmidler kan udl\u00f8be inden for 12 m\u00e5neder efter produktionen.<\/p>\n<\/li>\n<\/ul>\n<h3 data-start=\"986\" data-end=\"1021\"><strong data-start=\"991\" data-end=\"1021\">Periode efter \u00e5bning (PAO)<\/strong><\/h3>\n<ul data-start=\"1023\" data-end=\"1386\">\n<li class=\"\" data-start=\"1023\" data-end=\"1096\">\n<p class=\"\" data-start=\"1025\" data-end=\"1096\"><strong data-start=\"1025\" data-end=\"1039\">Anvendes n\u00e5r:<\/strong> Produktet <strong data-start=\"1058\" data-end=\"1095\">har en holdbarhed p\u00e5 mere end 30 m\u00e5neder.<\/strong><\/p>\n<\/li>\n<li class=\"\" data-start=\"1097\" data-end=\"1183\">\n<p class=\"\" data-start=\"1099\" data-end=\"1183\"><strong data-start=\"1099\" data-end=\"1116\">Etikettens format:<\/strong> Et krukkesymbol med et tal og et bogstav (f.eks. &#8220;12M&#8221; for 12 m\u00e5neder).<\/p>\n<\/li>\n<li class=\"\" data-start=\"1184\" data-end=\"1286\">\n<p class=\"\" data-start=\"1186\" data-end=\"1286\"><strong data-start=\"1186\" data-end=\"1198\">Betydning:<\/strong> Angiver, hvor l\u00e6nge produktet forbliver sikkert og brugbart, <strong data-start=\"1254\" data-end=\"1285\">efter at forbrugeren har \u00e5bnet<\/strong> det.<\/p>\n<\/li>\n<li class=\"\" data-start=\"1287\" data-end=\"1386\">\n<p class=\"\" data-start=\"1289\" data-end=\"1386\"><strong data-start=\"1289\" data-end=\"1301\">Eksempel:<\/strong> En lotion, der har ubegr\u00e6nset holdbarhed i u\u00e5bnet tilstand, men som er god i 12 m\u00e5neder efter \u00e5bning.<\/p>\n<\/li>\n<\/ul>\n<h3 class=\"\" data-start=\"1393\" data-end=\"1404\">Sammenfatning<\/h3>\n<div class=\"pointer-events-none relative left-[50%] flex w-[100cqw] translate-x-[-50%] justify-center *:pointer-events-auto\">\n<div class=\"tableContainer horzScrollShadows\">\n<table class=\"min-w-full\" data-start=\"1406\" data-end=\"2029\">\n<thead data-start=\"1406\" data-end=\"1509\">\n<tr data-start=\"1406\" data-end=\"1509\">\n<th data-start=\"1406\" data-end=\"1428\"><\/th>\n<th data-start=\"1428\" data-end=\"1465\"><strong data-start=\"1430\" data-end=\"1449\">Forfaldsdato<\/strong><\/th>\n<th data-start=\"1465\" data-end=\"1509\"><strong data-start=\"1467\" data-end=\"1497\">Holdbarhed (periode efter \u00e5bning)<\/strong><\/th>\n<\/tr>\n<\/thead>\n<tbody data-start=\"1614\" data-end=\"2029\">\n<tr data-start=\"1614\" data-end=\"1717\">\n<td class=\"max-w-[calc(var(--thread-content-max-width)*2\/3)]\" data-start=\"1614\" data-end=\"1636\">Efter behov<\/td>\n<td class=\"max-w-[calc(var(--thread-content-max-width)*2\/3)]\" data-start=\"1636\" data-end=\"1673\">Holdbarhed mindre end 30 m\u00e5neder<\/td>\n<td class=\"max-w-[calc(var(--thread-content-max-width)*2\/3)]\" data-start=\"1673\" data-end=\"1717\">Holdbarhed p\u00e5 mere end 30 m\u00e5neder<\/td>\n<\/tr>\n<tr data-start=\"1718\" data-end=\"1821\">\n<td class=\"max-w-[calc(var(--thread-content-max-width)*2\/3)]\" data-start=\"1718\" data-end=\"1740\">Baseret p\u00e5<\/td>\n<td class=\"max-w-[calc(var(--thread-content-max-width)*2\/3)]\" data-start=\"1740\" data-end=\"1777\">Stabilitet af u\u00e5bnet produkt<\/td>\n<td class=\"max-w-[calc(var(--thread-content-max-width)*2\/3)]\" data-start=\"1777\" data-end=\"1821\">Stabilitet af \u00e5bnet produkt<\/td>\n<\/tr>\n<tr data-start=\"1822\" data-end=\"1925\">\n<td class=\"max-w-[calc(var(--thread-content-max-width)*2\/3)]\" data-start=\"1822\" data-end=\"1844\">Etiket-symbol<\/td>\n<td class=\"max-w-[calc(var(--thread-content-max-width)*2\/3)]\" data-start=\"1844\" data-end=\"1881\">Timeglas<\/td>\n<td class=\"max-w-[calc(var(--thread-content-max-width)*2\/3)]\" data-start=\"1881\" data-end=\"1925\">\u00c5ben krukke<\/td>\n<\/tr>\n<tr data-start=\"1926\" data-end=\"2029\">\n<td class=\"max-w-[calc(var(--thread-content-max-width)*2\/3)]\" data-start=\"1926\" data-end=\"1948\">Eksempel<\/td>\n<td class=\"max-w-[calc(var(--thread-content-max-width)*2\/3)]\" data-start=\"1948\" data-end=\"1985\">Naturlig scrub, der udl\u00f8ber om 12 m\u00e5neder<\/td>\n<td class=\"max-w-[calc(var(--thread-content-max-width)*2\/3)]\" data-start=\"1985\" data-end=\"2029\">Serum, der kan bruges op til 6 m\u00e5neder efter \u00e5bning<\/td>\n<\/tr>\n<\/tbody>\n<\/table>\n<\/div>\n<\/div>\n","protected":false},"excerpt":{"rendered":"<p>Hos Certified Cosmetics tilbyder vi en professionel PAO-test (Period After Opening), der hj\u00e6lper dig med at afg\u00f8re, hvor l\u00e6nge dit kosmetiske produkt er sikkert og effektivt efter \u00e5bning. Dette er en vigtig del af overholdelsen af EU-forordning (EF) nr. 1223\/2009, is\u00e6r for produkter med en holdbarhed p\u00e5 mere end 30 m\u00e5neder. Hvad er en PAO-test&#8230;<\/p>\n","protected":false},"featured_media":17228,"template":"","meta":[],"product_brand":[],"product_cat":[1876],"product_tag":[],"class_list":{"0":"post-17227","1":"product","2":"type-product","3":"status-publish","4":"has-post-thumbnail","6":"product_cat-almindelige-tests","8":"first","9":"instock","10":"virtual","11":"taxable","12":"purchasable","13":"product-type-simple"},"bundled_by":[],"bundle_stock_status":"instock","bundle_stock_quantity":null,"bundle_virtual":false,"bundle_layout":"","bundle_add_to_cart_form_location":"","bundle_editable_in_cart":false,"bundle_sold_individually_context":"","bundle_item_grouping":"","bundle_min_size":"","bundle_max_size":"","bundle_price":[],"bundled_items":[],"bundle_sell_ids":[],"yoast_head":"<!-- This site is optimized with the Yoast SEO Premium plugin v25.4 (Yoast SEO v25.4) - https:\/\/yoast.com\/wordpress\/plugins\/seo\/ -->\n<title>Test af periode efter \u00e5bning (PAO) - Certified Cosmetics<\/title>\n<meta name=\"description\" content=\"Hos Certified Cosmetics tilbyder vi en professionel PAO-test (Period After Opening) for at hj\u00e6lpe dig med at afg\u00f8re, hvor l\u00e6nge dit kosmetiske produkt er sikkert og effektivt efter \u00e5bning.\" \/>\n<meta name=\"robots\" content=\"index, follow, max-snippet:-1, max-image-preview:large, max-video-preview:-1\" \/>\n<link rel=\"canonical\" href=\"https:\/\/www.certifiedcosmetics.com\/da\/product\/almindelige-tests\/test-af-periode-efter-aabning-pao\/\" \/>\n<meta property=\"og:locale\" content=\"da_DK\" \/>\n<meta property=\"og:type\" content=\"article\" \/>\n<meta property=\"og:title\" content=\"Test af periode efter \u00e5bning (PAO)\" \/>\n<meta property=\"og:description\" content=\"Hos Certified Cosmetics tilbyder vi en professionel PAO-test (Period After Opening) for at hj\u00e6lpe dig med at afg\u00f8re, hvor l\u00e6nge dit kosmetiske produkt er sikkert og effektivt efter \u00e5bning.\" \/>\n<meta property=\"og:url\" content=\"https:\/\/www.certifiedcosmetics.com\/da\/product\/almindelige-tests\/test-af-periode-efter-aabning-pao\/\" \/>\n<meta property=\"og:site_name\" content=\"Certified Cosmetics\" \/>\n<meta property=\"og:image\" content=\"https:\/\/www.certifiedcosmetics.com\/wp-content\/uploads\/2025\/04\/oeriod-after-opening-test.jpg\" \/>\n\t<meta property=\"og:image:width\" content=\"800\" \/>\n\t<meta property=\"og:image:height\" content=\"800\" \/>\n\t<meta property=\"og:image:type\" content=\"image\/jpeg\" \/>\n<meta name=\"twitter:card\" content=\"summary_large_image\" \/>\n<meta name=\"twitter:label1\" content=\"Price\" \/>\n\t<meta name=\"twitter:data1\" content=\"&#036;263.31\" \/>\n\t<meta name=\"twitter:label2\" content=\"Availability\" \/>\n\t<meta name=\"twitter:data2\" content=\"In stock\" \/>\n<script type=\"application\/ld+json\" class=\"yoast-schema-graph\">{\"@context\":\"https:\/\/schema.org\",\"@graph\":[{\"@type\":\"WebPage\",\"@id\":\"https:\/\/www.certifiedcosmetics.com\/da\/product\/almindelige-tests\/test-af-periode-efter-aabning-pao\/\",\"url\":\"https:\/\/www.certifiedcosmetics.com\/da\/product\/almindelige-tests\/test-af-periode-efter-aabning-pao\/\",\"name\":\"Test af periode efter \u00e5bning (PAO) - Certified Cosmetics\",\"isPartOf\":{\"@id\":\"https:\/\/www.certifiedcosmetics.com\/da\/#website\"},\"primaryImageOfPage\":{\"@id\":\"https:\/\/www.certifiedcosmetics.com\/da\/product\/almindelige-tests\/test-af-periode-efter-aabning-pao\/#primaryimage\"},\"image\":{\"@id\":\"https:\/\/www.certifiedcosmetics.com\/da\/product\/almindelige-tests\/test-af-periode-efter-aabning-pao\/#primaryimage\"},\"thumbnailUrl\":\"https:\/\/www.certifiedcosmetics.com\/wp-content\/uploads\/2025\/04\/oeriod-after-opening-test.jpg\",\"datePublished\":\"2025-04-11T11:36:54+00:00\",\"description\":\"Hos Certified Cosmetics tilbyder vi en professionel PAO-test (Period After Opening) for at hj\u00e6lpe dig med at afg\u00f8re, hvor l\u00e6nge dit kosmetiske produkt er sikkert og effektivt efter \u00e5bning.\",\"breadcrumb\":{\"@id\":\"https:\/\/www.certifiedcosmetics.com\/da\/product\/almindelige-tests\/test-af-periode-efter-aabning-pao\/#breadcrumb\"},\"inLanguage\":\"da-DK\",\"potentialAction\":[{\"@type\":\"ReadAction\",\"target\":[\"https:\/\/www.certifiedcosmetics.com\/da\/product\/almindelige-tests\/test-af-periode-efter-aabning-pao\/\"]}]},{\"@type\":\"ImageObject\",\"inLanguage\":\"da-DK\",\"@id\":\"https:\/\/www.certifiedcosmetics.com\/da\/product\/almindelige-tests\/test-af-periode-efter-aabning-pao\/#primaryimage\",\"url\":\"https:\/\/www.certifiedcosmetics.com\/wp-content\/uploads\/2025\/04\/oeriod-after-opening-test.jpg\",\"contentUrl\":\"https:\/\/www.certifiedcosmetics.com\/wp-content\/uploads\/2025\/04\/oeriod-after-opening-test.jpg\",\"width\":800,\"height\":800},{\"@type\":\"BreadcrumbList\",\"@id\":\"https:\/\/www.certifiedcosmetics.com\/da\/product\/almindelige-tests\/test-af-periode-efter-aabning-pao\/#breadcrumb\",\"itemListElement\":[{\"@type\":\"ListItem\",\"position\":1,\"name\":\"Home\",\"item\":\"https:\/\/www.certifiedcosmetics.com\/da\/vurdering-af-kosmetiske-produkters-sikkerhed\/\"},{\"@type\":\"ListItem\",\"position\":2,\"name\":\"Butik\",\"item\":\"https:\/\/www.certifiedcosmetics.com\/butik\/\"},{\"@type\":\"ListItem\",\"position\":3,\"name\":\"Test af periode efter \u00e5bning (PAO)\"}]},{\"@type\":\"WebSite\",\"@id\":\"https:\/\/www.certifiedcosmetics.com\/da\/#website\",\"url\":\"https:\/\/www.certifiedcosmetics.com\/da\/\",\"name\":\"Certified Cosmetics\",\"description\":\"Cosmetic Safety Assessment\",\"publisher\":{\"@id\":\"https:\/\/www.certifiedcosmetics.com\/da\/#organization\"},\"potentialAction\":[{\"@type\":\"SearchAction\",\"target\":{\"@type\":\"EntryPoint\",\"urlTemplate\":\"https:\/\/www.certifiedcosmetics.com\/da\/?s={search_term_string}\"},\"query-input\":{\"@type\":\"PropertyValueSpecification\",\"valueRequired\":true,\"valueName\":\"search_term_string\"}}],\"inLanguage\":\"da-DK\"},{\"@type\":\"Organization\",\"@id\":\"https:\/\/www.certifiedcosmetics.com\/da\/#organization\",\"name\":\"Certified Cosmetics\",\"url\":\"https:\/\/www.certifiedcosmetics.com\/da\/\",\"logo\":{\"@type\":\"ImageObject\",\"inLanguage\":\"da-DK\",\"@id\":\"https:\/\/www.certifiedcosmetics.com\/da\/#\/schema\/logo\/image\/\",\"url\":\"https:\/\/www.certifiedcosmetics.com\/wp-content\/uploads\/2024\/12\/logo_certified_cosmetics696.jpg\",\"contentUrl\":\"https:\/\/www.certifiedcosmetics.com\/wp-content\/uploads\/2024\/12\/logo_certified_cosmetics696.jpg\",\"width\":696,\"height\":696,\"caption\":\"Certified Cosmetics\"},\"image\":{\"@id\":\"https:\/\/www.certifiedcosmetics.com\/da\/#\/schema\/logo\/image\/\"},\"description\":\"Your trusted partner for cosmetic product safety reporting. We take care of updating all of your documentation, ensuring your compliance stays current even as regulations evolve. The Cosmetic Product Safety Assessment will give you everything you need to sell specific products to EU consumers.\",\"email\":\"contact@certifiedcosmetics.com\",\"telephone\":\"+31 36 2036384\",\"legalName\":\"Certified Cosmetics\",\"foundingDate\":\"2010-01-01\",\"vatID\":\"NL854189543B01\",\"numberOfEmployees\":{\"@type\":\"QuantitativeValue\",\"minValue\":\"11\",\"maxValue\":\"50\"}}]}<\/script>\n<meta property=\"product:price:amount\" content=\"263.31\" \/>\n<meta property=\"product:price:currency\" content=\"USD\" \/>\n<meta property=\"og:availability\" content=\"instock\" \/>\n<meta property=\"product:availability\" content=\"instock\" \/>\n<meta property=\"product:retailer_item_id\" content=\"CC100112\" \/>\n<meta property=\"product:condition\" content=\"new\" \/>\n<!-- \/ Yoast SEO Premium plugin. -->","yoast_head_json":{"title":"Test af periode efter \u00e5bning (PAO) - Certified Cosmetics","description":"Hos Certified Cosmetics tilbyder vi en professionel PAO-test (Period After Opening) for at hj\u00e6lpe dig med at afg\u00f8re, hvor l\u00e6nge dit kosmetiske produkt er sikkert og effektivt efter \u00e5bning.","robots":{"index":"index","follow":"follow","max-snippet":"max-snippet:-1","max-image-preview":"max-image-preview:large","max-video-preview":"max-video-preview:-1"},"canonical":"https:\/\/www.certifiedcosmetics.com\/da\/product\/almindelige-tests\/test-af-periode-efter-aabning-pao\/","og_locale":"da_DK","og_type":"article","og_title":"Test af periode efter \u00e5bning (PAO)","og_description":"Hos Certified Cosmetics tilbyder vi en professionel PAO-test (Period After Opening) for at hj\u00e6lpe dig med at afg\u00f8re, hvor l\u00e6nge dit kosmetiske produkt er sikkert og effektivt efter \u00e5bning.","og_url":"https:\/\/www.certifiedcosmetics.com\/da\/product\/almindelige-tests\/test-af-periode-efter-aabning-pao\/","og_site_name":"Certified Cosmetics","og_image":[{"width":800,"height":800,"url":"https:\/\/www.certifiedcosmetics.com\/wp-content\/uploads\/2025\/04\/oeriod-after-opening-test.jpg","type":"image\/jpeg"}],"twitter_card":"summary_large_image","twitter_misc":{"Price":"&#36;263.31","Availability":"In stock"},"schema":{"@context":"https:\/\/schema.org","@graph":[{"@type":"WebPage","@id":"https:\/\/www.certifiedcosmetics.com\/da\/product\/almindelige-tests\/test-af-periode-efter-aabning-pao\/","url":"https:\/\/www.certifiedcosmetics.com\/da\/product\/almindelige-tests\/test-af-periode-efter-aabning-pao\/","name":"Test af periode efter \u00e5bning (PAO) - Certified Cosmetics","isPartOf":{"@id":"https:\/\/www.certifiedcosmetics.com\/da\/#website"},"primaryImageOfPage":{"@id":"https:\/\/www.certifiedcosmetics.com\/da\/product\/almindelige-tests\/test-af-periode-efter-aabning-pao\/#primaryimage"},"image":{"@id":"https:\/\/www.certifiedcosmetics.com\/da\/product\/almindelige-tests\/test-af-periode-efter-aabning-pao\/#primaryimage"},"thumbnailUrl":"https:\/\/www.certifiedcosmetics.com\/wp-content\/uploads\/2025\/04\/oeriod-after-opening-test.jpg","datePublished":"2025-04-11T11:36:54+00:00","description":"Hos Certified Cosmetics tilbyder vi en professionel PAO-test (Period After Opening) for at hj\u00e6lpe dig med at afg\u00f8re, hvor l\u00e6nge dit kosmetiske produkt er sikkert og effektivt efter \u00e5bning.","breadcrumb":{"@id":"https:\/\/www.certifiedcosmetics.com\/da\/product\/almindelige-tests\/test-af-periode-efter-aabning-pao\/#breadcrumb"},"inLanguage":"da-DK","potentialAction":[{"@type":"ReadAction","target":["https:\/\/www.certifiedcosmetics.com\/da\/product\/almindelige-tests\/test-af-periode-efter-aabning-pao\/"]}]},{"@type":"ImageObject","inLanguage":"da-DK","@id":"https:\/\/www.certifiedcosmetics.com\/da\/product\/almindelige-tests\/test-af-periode-efter-aabning-pao\/#primaryimage","url":"https:\/\/www.certifiedcosmetics.com\/wp-content\/uploads\/2025\/04\/oeriod-after-opening-test.jpg","contentUrl":"https:\/\/www.certifiedcosmetics.com\/wp-content\/uploads\/2025\/04\/oeriod-after-opening-test.jpg","width":800,"height":800},{"@type":"BreadcrumbList","@id":"https:\/\/www.certifiedcosmetics.com\/da\/product\/almindelige-tests\/test-af-periode-efter-aabning-pao\/#breadcrumb","itemListElement":[{"@type":"ListItem","position":1,"name":"Home","item":"https:\/\/www.certifiedcosmetics.com\/da\/vurdering-af-kosmetiske-produkters-sikkerhed\/"},{"@type":"ListItem","position":2,"name":"Butik","item":"https:\/\/www.certifiedcosmetics.com\/butik\/"},{"@type":"ListItem","position":3,"name":"Test af periode efter \u00e5bning (PAO)"}]},{"@type":"WebSite","@id":"https:\/\/www.certifiedcosmetics.com\/da\/#website","url":"https:\/\/www.certifiedcosmetics.com\/da\/","name":"Certified Cosmetics","description":"Cosmetic Safety Assessment","publisher":{"@id":"https:\/\/www.certifiedcosmetics.com\/da\/#organization"},"potentialAction":[{"@type":"SearchAction","target":{"@type":"EntryPoint","urlTemplate":"https:\/\/www.certifiedcosmetics.com\/da\/?s={search_term_string}"},"query-input":{"@type":"PropertyValueSpecification","valueRequired":true,"valueName":"search_term_string"}}],"inLanguage":"da-DK"},{"@type":"Organization","@id":"https:\/\/www.certifiedcosmetics.com\/da\/#organization","name":"Certified Cosmetics","url":"https:\/\/www.certifiedcosmetics.com\/da\/","logo":{"@type":"ImageObject","inLanguage":"da-DK","@id":"https:\/\/www.certifiedcosmetics.com\/da\/#\/schema\/logo\/image\/","url":"https:\/\/www.certifiedcosmetics.com\/wp-content\/uploads\/2024\/12\/logo_certified_cosmetics696.jpg","contentUrl":"https:\/\/www.certifiedcosmetics.com\/wp-content\/uploads\/2024\/12\/logo_certified_cosmetics696.jpg","width":696,"height":696,"caption":"Certified Cosmetics"},"image":{"@id":"https:\/\/www.certifiedcosmetics.com\/da\/#\/schema\/logo\/image\/"},"description":"Your trusted partner for cosmetic product safety reporting. We take care of updating all of your documentation, ensuring your compliance stays current even as regulations evolve. The Cosmetic Product Safety Assessment will give you everything you need to sell specific products to EU consumers.","email":"contact@certifiedcosmetics.com","telephone":"+31 36 2036384","legalName":"Certified Cosmetics","foundingDate":"2010-01-01","vatID":"NL854189543B01","numberOfEmployees":{"@type":"QuantitativeValue","minValue":"11","maxValue":"50"}}]},"product_price_amount":"263.31","product_price_currency":"USD","og_availability":"instock","product_availability":"instock","product_retailer_item_id":"CC100112","product_condition":"new"},"_links":{"self":[{"href":"https:\/\/www.certifiedcosmetics.com\/da\/wp-json\/wp\/v2\/product\/17227","targetHints":{"allow":["GET"]}}],"collection":[{"href":"https:\/\/www.certifiedcosmetics.com\/da\/wp-json\/wp\/v2\/product"}],"about":[{"href":"https:\/\/www.certifiedcosmetics.com\/da\/wp-json\/wp\/v2\/types\/product"}],"wp:featuredmedia":[{"embeddable":true,"href":"https:\/\/www.certifiedcosmetics.com\/da\/wp-json\/wp\/v2\/media\/17228"}],"wp:attachment":[{"href":"https:\/\/www.certifiedcosmetics.com\/da\/wp-json\/wp\/v2\/media?parent=17227"}],"wp:term":[{"taxonomy":"product_brand","embeddable":true,"href":"https:\/\/www.certifiedcosmetics.com\/da\/wp-json\/wp\/v2\/product_brand?post=17227"},{"taxonomy":"product_cat","embeddable":true,"href":"https:\/\/www.certifiedcosmetics.com\/da\/wp-json\/wp\/v2\/product_cat?post=17227"},{"taxonomy":"product_tag","embeddable":true,"href":"https:\/\/www.certifiedcosmetics.com\/da\/wp-json\/wp\/v2\/product_tag?post=17227"}],"curies":[{"name":"wp","href":"https:\/\/api.w.org\/{rel}","templated":true}]}}