{"id":17223,"date":"2025-04-01T13:00:17","date_gmt":"2025-04-01T12:00:17","guid":{"rendered":"https:\/\/www.certifiedcosmetics.com\/product\/Ikke kategoriseret\/oftalmologisk-test\/"},"modified":"2025-04-01T13:00:17","modified_gmt":"2025-04-01T12:00:17","slug":"oftalmologisk-test","status":"publish","type":"product","link":"https:\/\/www.certifiedcosmetics.com\/da\/product\/test-af-effektivitet\/test-af-ojne\/oftalmologisk-test\/","title":{"rendered":"Oftalmologisk test"},"content":{"rendered":"<p data-start=\"214\" data-end=\"577\">Vi tilbyder <strong data-start=\"253\" data-end=\"299\">omfattende oftalmologiske laboratorietests<\/strong> for at evaluere sikkerheden og effektiviteten af kosmetiske produkter, der er beregnet til brug omkring \u00f8jnene. Denne test er vigtig for at underst\u00f8tte produktanprisninger og sikre forbrugernes sikkerhed, is\u00e6r for \u00f8jencremer, mascaraer, eyelinere, makeupfjernere og andre formuleringer til f\u00f8lsomme omr\u00e5der. <\/p>\n<h4 data-start=\"579\" data-end=\"630\">N\u00f8glefunktioner i vores oftalmologiske laboratorietest<\/h4>\n<ul data-start=\"632\" data-end=\"1841\">\n<li data-start=\"632\" data-end=\"862\">\n<p data-start=\"634\" data-end=\"862\"><strong data-start=\"634\" data-end=\"666\">Produktevaluering over tid<\/strong><br data-start=\"666\" data-end=\"669\">Vi vurderer produktet efter <strong data-start=\"699\" data-end=\"725\">X ugers regelm\u00e6ssig brug<\/strong> under normale forhold. Det giver os mulighed for at simulere brug i det virkelige liv og afg\u00f8re, hvordan hud og \u00f8jne reagerer over en l\u00e6ngere periode. <\/p>\n<\/li>\n<li data-start=\"864\" data-end=\"1136\">\n<p data-start=\"866\" data-end=\"1136\"><strong data-start=\"866\" data-end=\"897\">Oftalmologisk overv\u00e5gning<\/strong><br data-start=\"897\" data-end=\"900\">Vores tests udf\u00f8res under opsyn af kvalificerede \u00f8jenl\u00e6ger, som overv\u00e5ger eventuelle tegn p\u00e5 <strong data-start=\"1007\" data-end=\"1071\">\u00f8jenirritation, r\u00f8dme, overdreven t\u00e5refl\u00e5d eller ubehag, hvilket<\/strong> sikrer, at dit produkt er <strong data-start=\"1103\" data-end=\"1135\">sikkert at bruge omkring \u00f8jnene<\/strong>.<\/p>\n<\/li>\n<li data-start=\"1138\" data-end=\"1439\">\n<p data-start=\"1140\" data-end=\"1439\"><strong data-start=\"1140\" data-end=\"1169\">Dermatologisk overv\u00e5gning<\/strong><br data-start=\"1169\" data-end=\"1172\">Ud over oftalmologisk observation inkluderer vi <strong data-start=\"1230\" data-end=\"1260\">dermatologiske vurderinger<\/strong> for at evaluere hudens reaktion &#8211; is\u00e6r p\u00e5 den sarte hud omkring \u00f8jnene. Dette hj\u00e6lper med at identificere eventuelle <strong data-start=\"1368\" data-end=\"1438\">dermale f\u00f8lsomheder, allergiske reaktioner eller kumulativ irritation.<\/strong> <\/p>\n<\/li>\n<li data-start=\"1441\" data-end=\"1841\">\n<p data-start=\"1443\" data-end=\"1841\"><strong data-start=\"1443\" data-end=\"1483\">Underst\u00f8ttelse af specifikke kosmetiske<\/strong> p\u00e5stande<br data-start=\"1483\" data-end=\"1486\">Hvis dit produkt har specifikke p\u00e5stande som <strong data-start=\"1534\" data-end=\"1563\">&#8220;sikkert for f\u00f8lsomme \u00f8jne&#8221;,<\/strong> <strong data-start=\"1565\" data-end=\"1596\">&#8220;oftalmologisk testet<\/strong>&#8221; eller <strong data-start=\"1601\" data-end=\"1637\">&#8220;ikke-irriterende for \u00f8jenomr\u00e5det&#8221;<\/strong>, er vores testprotokol designet til at give <strong data-start=\"1683\" data-end=\"1706\">videnskabelig dokumentation<\/strong> for disse udsagn. Vi fokuserer p\u00e5 <strong data-start=\"1745\" data-end=\"1770\">vurdering af irritation<\/strong>, b\u00e5de visuel og instrumentel, for at underbygge disse markedsf\u00f8ringsp\u00e5stande. <\/p>\n<\/li>\n<\/ul>\n","protected":false},"excerpt":{"rendered":"<p>Vi tilbyder omfattende oftalmologiske laboratorietests for at evaluere sikkerheden og effektiviteten af kosmetiske produkter, der er beregnet til brug omkring \u00f8jnene. Denne test er vigtig for at underst\u00f8tte produktanprisninger og sikre forbrugernes sikkerhed, is\u00e6r for \u00f8jencremer, mascaraer, eyelinere, makeupfjernere og andre formuleringer til f\u00f8lsomme omr\u00e5der. N\u00f8glefunktioner i vores oftalmologiske laboratorietest Produktevaluering over tidVi vurderer produktet&#8230;<\/p>\n","protected":false},"featured_media":17224,"template":"","meta":[],"product_brand":[],"product_cat":[1840,1897],"product_tag":[],"class_list":{"0":"post-17223","1":"product","2":"type-product","3":"status-publish","4":"has-post-thumbnail","6":"product_cat-test-af-effektivitet","7":"product_cat-test-af-ojne","9":"first","10":"instock","11":"taxable","12":"shipping-taxable","13":"purchasable","14":"product-type-variable"},"bundled_by":[],"bundle_stock_status":"instock","bundle_stock_quantity":null,"bundle_virtual":false,"bundle_layout":"","bundle_add_to_cart_form_location":"","bundle_editable_in_cart":false,"bundle_sold_individually_context":"","bundle_item_grouping":"","bundle_min_size":"","bundle_max_size":"","bundle_price":[],"bundled_items":[],"bundle_sell_ids":[],"yoast_head":"<!-- This site is optimized with the Yoast SEO Premium plugin v25.4 (Yoast SEO v25.4) - https:\/\/yoast.com\/wordpress\/plugins\/seo\/ -->\n<title>Oftalmologisk test - Certified Cosmetics<\/title>\n<meta name=\"description\" content=\"Vi tilbyder omfattende oftalmologiske laboratorietest for at evaluere sikkerheden og effektiviteten af kosmetiske produkter, der er beregnet til brug omkring \u00f8jnene.\" \/>\n<meta name=\"robots\" content=\"index, follow, max-snippet:-1, max-image-preview:large, max-video-preview:-1\" \/>\n<link rel=\"canonical\" href=\"https:\/\/www.certifiedcosmetics.com\/da\/product\/test-af-effektivitet\/test-af-ojne\/oftalmologisk-test\/\" \/>\n<meta property=\"og:locale\" content=\"da_DK\" \/>\n<meta property=\"og:type\" content=\"article\" \/>\n<meta property=\"og:title\" content=\"Oftalmologisk test\" \/>\n<meta property=\"og:description\" content=\"Vi tilbyder omfattende oftalmologiske laboratorietest for at evaluere sikkerheden og effektiviteten af kosmetiske produkter, der er beregnet til brug omkring \u00f8jnene.\" \/>\n<meta property=\"og:url\" content=\"https:\/\/www.certifiedcosmetics.com\/da\/product\/test-af-effektivitet\/test-af-ojne\/oftalmologisk-test\/\" \/>\n<meta property=\"og:site_name\" content=\"Certified Cosmetics\" \/>\n<meta property=\"og:image\" content=\"https:\/\/www.certifiedcosmetics.com\/wp-content\/uploads\/2025\/04\/opto.jpg\" \/>\n\t<meta property=\"og:image:width\" content=\"500\" \/>\n\t<meta property=\"og:image:height\" content=\"500\" \/>\n\t<meta property=\"og:image:type\" content=\"image\/jpeg\" \/>\n<meta name=\"twitter:card\" content=\"summary_large_image\" \/>\n<meta name=\"twitter:label1\" content=\"Availability\" \/>\n\t<meta name=\"twitter:data1\" content=\"In stock\" \/>\n<script type=\"application\/ld+json\" class=\"yoast-schema-graph\">{\"@context\":\"https:\/\/schema.org\",\"@graph\":[{\"@type\":\"WebPage\",\"@id\":\"https:\/\/www.certifiedcosmetics.com\/da\/product\/test-af-effektivitet\/test-af-ojne\/oftalmologisk-test\/\",\"url\":\"https:\/\/www.certifiedcosmetics.com\/da\/product\/test-af-effektivitet\/test-af-ojne\/oftalmologisk-test\/\",\"name\":\"Oftalmologisk test - Certified Cosmetics\",\"isPartOf\":{\"@id\":\"https:\/\/www.certifiedcosmetics.com\/da\/#website\"},\"primaryImageOfPage\":{\"@id\":\"https:\/\/www.certifiedcosmetics.com\/da\/product\/test-af-effektivitet\/test-af-ojne\/oftalmologisk-test\/#primaryimage\"},\"image\":{\"@id\":\"https:\/\/www.certifiedcosmetics.com\/da\/product\/test-af-effektivitet\/test-af-ojne\/oftalmologisk-test\/#primaryimage\"},\"thumbnailUrl\":\"https:\/\/www.certifiedcosmetics.com\/wp-content\/uploads\/2025\/04\/opto.jpg\",\"datePublished\":\"2025-04-01T12:00:17+00:00\",\"description\":\"Vi tilbyder omfattende oftalmologiske laboratorietest for at evaluere sikkerheden og effektiviteten af kosmetiske produkter, der er beregnet til brug omkring \u00f8jnene.\",\"breadcrumb\":{\"@id\":\"https:\/\/www.certifiedcosmetics.com\/da\/product\/test-af-effektivitet\/test-af-ojne\/oftalmologisk-test\/#breadcrumb\"},\"inLanguage\":\"da-DK\",\"potentialAction\":[{\"@type\":\"ReadAction\",\"target\":[\"https:\/\/www.certifiedcosmetics.com\/da\/product\/test-af-effektivitet\/test-af-ojne\/oftalmologisk-test\/\"]}]},{\"@type\":\"ImageObject\",\"inLanguage\":\"da-DK\",\"@id\":\"https:\/\/www.certifiedcosmetics.com\/da\/product\/test-af-effektivitet\/test-af-ojne\/oftalmologisk-test\/#primaryimage\",\"url\":\"https:\/\/www.certifiedcosmetics.com\/wp-content\/uploads\/2025\/04\/opto.jpg\",\"contentUrl\":\"https:\/\/www.certifiedcosmetics.com\/wp-content\/uploads\/2025\/04\/opto.jpg\",\"width\":500,\"height\":500},{\"@type\":\"BreadcrumbList\",\"@id\":\"https:\/\/www.certifiedcosmetics.com\/da\/product\/test-af-effektivitet\/test-af-ojne\/oftalmologisk-test\/#breadcrumb\",\"itemListElement\":[{\"@type\":\"ListItem\",\"position\":1,\"name\":\"Home\",\"item\":\"https:\/\/www.certifiedcosmetics.com\/da\/vurdering-af-kosmetiske-produkters-sikkerhed\/\"},{\"@type\":\"ListItem\",\"position\":2,\"name\":\"Butik\",\"item\":\"https:\/\/www.certifiedcosmetics.com\/butik\/\"},{\"@type\":\"ListItem\",\"position\":3,\"name\":\"Oftalmologisk test\"}]},{\"@type\":\"WebSite\",\"@id\":\"https:\/\/www.certifiedcosmetics.com\/da\/#website\",\"url\":\"https:\/\/www.certifiedcosmetics.com\/da\/\",\"name\":\"Certified Cosmetics\",\"description\":\"Cosmetic Safety Assessment\",\"publisher\":{\"@id\":\"https:\/\/www.certifiedcosmetics.com\/da\/#organization\"},\"potentialAction\":[{\"@type\":\"SearchAction\",\"target\":{\"@type\":\"EntryPoint\",\"urlTemplate\":\"https:\/\/www.certifiedcosmetics.com\/da\/?s={search_term_string}\"},\"query-input\":{\"@type\":\"PropertyValueSpecification\",\"valueRequired\":true,\"valueName\":\"search_term_string\"}}],\"inLanguage\":\"da-DK\"},{\"@type\":\"Organization\",\"@id\":\"https:\/\/www.certifiedcosmetics.com\/da\/#organization\",\"name\":\"Certified Cosmetics\",\"url\":\"https:\/\/www.certifiedcosmetics.com\/da\/\",\"logo\":{\"@type\":\"ImageObject\",\"inLanguage\":\"da-DK\",\"@id\":\"https:\/\/www.certifiedcosmetics.com\/da\/#\/schema\/logo\/image\/\",\"url\":\"https:\/\/www.certifiedcosmetics.com\/wp-content\/uploads\/2024\/12\/logo_certified_cosmetics696.jpg\",\"contentUrl\":\"https:\/\/www.certifiedcosmetics.com\/wp-content\/uploads\/2024\/12\/logo_certified_cosmetics696.jpg\",\"width\":696,\"height\":696,\"caption\":\"Certified Cosmetics\"},\"image\":{\"@id\":\"https:\/\/www.certifiedcosmetics.com\/da\/#\/schema\/logo\/image\/\"},\"description\":\"Your trusted partner for cosmetic product safety reporting. We take care of updating all of your documentation, ensuring your compliance stays current even as regulations evolve. The Cosmetic Product Safety Assessment will give you everything you need to sell specific products to EU consumers.\",\"email\":\"contact@certifiedcosmetics.com\",\"telephone\":\"+31 36 2036384\",\"legalName\":\"Certified Cosmetics\",\"foundingDate\":\"2010-01-01\",\"vatID\":\"NL854189543B01\",\"numberOfEmployees\":{\"@type\":\"QuantitativeValue\",\"minValue\":\"11\",\"maxValue\":\"50\"}}]}<\/script>\n<meta property=\"og:availability\" content=\"instock\" \/>\n<meta property=\"product:availability\" content=\"instock\" \/>\n<meta property=\"product:condition\" content=\"new\" \/>\n<!-- \/ Yoast SEO Premium plugin. -->","yoast_head_json":{"title":"Oftalmologisk test - Certified Cosmetics","description":"Vi tilbyder omfattende oftalmologiske laboratorietest for at evaluere sikkerheden og effektiviteten af kosmetiske produkter, der er beregnet til brug omkring \u00f8jnene.","robots":{"index":"index","follow":"follow","max-snippet":"max-snippet:-1","max-image-preview":"max-image-preview:large","max-video-preview":"max-video-preview:-1"},"canonical":"https:\/\/www.certifiedcosmetics.com\/da\/product\/test-af-effektivitet\/test-af-ojne\/oftalmologisk-test\/","og_locale":"da_DK","og_type":"article","og_title":"Oftalmologisk test","og_description":"Vi tilbyder omfattende oftalmologiske laboratorietest for at evaluere sikkerheden og effektiviteten af kosmetiske produkter, der er beregnet til brug omkring \u00f8jnene.","og_url":"https:\/\/www.certifiedcosmetics.com\/da\/product\/test-af-effektivitet\/test-af-ojne\/oftalmologisk-test\/","og_site_name":"Certified Cosmetics","og_image":[{"width":500,"height":500,"url":"https:\/\/www.certifiedcosmetics.com\/wp-content\/uploads\/2025\/04\/opto.jpg","type":"image\/jpeg"}],"twitter_card":"summary_large_image","twitter_misc":{"Availability":"In stock"},"schema":{"@context":"https:\/\/schema.org","@graph":[{"@type":"WebPage","@id":"https:\/\/www.certifiedcosmetics.com\/da\/product\/test-af-effektivitet\/test-af-ojne\/oftalmologisk-test\/","url":"https:\/\/www.certifiedcosmetics.com\/da\/product\/test-af-effektivitet\/test-af-ojne\/oftalmologisk-test\/","name":"Oftalmologisk test - Certified Cosmetics","isPartOf":{"@id":"https:\/\/www.certifiedcosmetics.com\/da\/#website"},"primaryImageOfPage":{"@id":"https:\/\/www.certifiedcosmetics.com\/da\/product\/test-af-effektivitet\/test-af-ojne\/oftalmologisk-test\/#primaryimage"},"image":{"@id":"https:\/\/www.certifiedcosmetics.com\/da\/product\/test-af-effektivitet\/test-af-ojne\/oftalmologisk-test\/#primaryimage"},"thumbnailUrl":"https:\/\/www.certifiedcosmetics.com\/wp-content\/uploads\/2025\/04\/opto.jpg","datePublished":"2025-04-01T12:00:17+00:00","description":"Vi tilbyder omfattende oftalmologiske laboratorietest for at evaluere sikkerheden og effektiviteten af kosmetiske produkter, der er beregnet til brug omkring \u00f8jnene.","breadcrumb":{"@id":"https:\/\/www.certifiedcosmetics.com\/da\/product\/test-af-effektivitet\/test-af-ojne\/oftalmologisk-test\/#breadcrumb"},"inLanguage":"da-DK","potentialAction":[{"@type":"ReadAction","target":["https:\/\/www.certifiedcosmetics.com\/da\/product\/test-af-effektivitet\/test-af-ojne\/oftalmologisk-test\/"]}]},{"@type":"ImageObject","inLanguage":"da-DK","@id":"https:\/\/www.certifiedcosmetics.com\/da\/product\/test-af-effektivitet\/test-af-ojne\/oftalmologisk-test\/#primaryimage","url":"https:\/\/www.certifiedcosmetics.com\/wp-content\/uploads\/2025\/04\/opto.jpg","contentUrl":"https:\/\/www.certifiedcosmetics.com\/wp-content\/uploads\/2025\/04\/opto.jpg","width":500,"height":500},{"@type":"BreadcrumbList","@id":"https:\/\/www.certifiedcosmetics.com\/da\/product\/test-af-effektivitet\/test-af-ojne\/oftalmologisk-test\/#breadcrumb","itemListElement":[{"@type":"ListItem","position":1,"name":"Home","item":"https:\/\/www.certifiedcosmetics.com\/da\/vurdering-af-kosmetiske-produkters-sikkerhed\/"},{"@type":"ListItem","position":2,"name":"Butik","item":"https:\/\/www.certifiedcosmetics.com\/butik\/"},{"@type":"ListItem","position":3,"name":"Oftalmologisk test"}]},{"@type":"WebSite","@id":"https:\/\/www.certifiedcosmetics.com\/da\/#website","url":"https:\/\/www.certifiedcosmetics.com\/da\/","name":"Certified Cosmetics","description":"Cosmetic Safety Assessment","publisher":{"@id":"https:\/\/www.certifiedcosmetics.com\/da\/#organization"},"potentialAction":[{"@type":"SearchAction","target":{"@type":"EntryPoint","urlTemplate":"https:\/\/www.certifiedcosmetics.com\/da\/?s={search_term_string}"},"query-input":{"@type":"PropertyValueSpecification","valueRequired":true,"valueName":"search_term_string"}}],"inLanguage":"da-DK"},{"@type":"Organization","@id":"https:\/\/www.certifiedcosmetics.com\/da\/#organization","name":"Certified Cosmetics","url":"https:\/\/www.certifiedcosmetics.com\/da\/","logo":{"@type":"ImageObject","inLanguage":"da-DK","@id":"https:\/\/www.certifiedcosmetics.com\/da\/#\/schema\/logo\/image\/","url":"https:\/\/www.certifiedcosmetics.com\/wp-content\/uploads\/2024\/12\/logo_certified_cosmetics696.jpg","contentUrl":"https:\/\/www.certifiedcosmetics.com\/wp-content\/uploads\/2024\/12\/logo_certified_cosmetics696.jpg","width":696,"height":696,"caption":"Certified Cosmetics"},"image":{"@id":"https:\/\/www.certifiedcosmetics.com\/da\/#\/schema\/logo\/image\/"},"description":"Your trusted partner for cosmetic product safety reporting. We take care of updating all of your documentation, ensuring your compliance stays current even as regulations evolve. The Cosmetic Product Safety Assessment will give you everything you need to sell specific products to EU consumers.","email":"contact@certifiedcosmetics.com","telephone":"+31 36 2036384","legalName":"Certified Cosmetics","foundingDate":"2010-01-01","vatID":"NL854189543B01","numberOfEmployees":{"@type":"QuantitativeValue","minValue":"11","maxValue":"50"}}]},"og_availability":"instock","product_availability":"instock","product_condition":"new"},"_links":{"self":[{"href":"https:\/\/www.certifiedcosmetics.com\/da\/wp-json\/wp\/v2\/product\/17223","targetHints":{"allow":["GET"]}}],"collection":[{"href":"https:\/\/www.certifiedcosmetics.com\/da\/wp-json\/wp\/v2\/product"}],"about":[{"href":"https:\/\/www.certifiedcosmetics.com\/da\/wp-json\/wp\/v2\/types\/product"}],"wp:featuredmedia":[{"embeddable":true,"href":"https:\/\/www.certifiedcosmetics.com\/da\/wp-json\/wp\/v2\/media\/17224"}],"wp:attachment":[{"href":"https:\/\/www.certifiedcosmetics.com\/da\/wp-json\/wp\/v2\/media?parent=17223"}],"wp:term":[{"taxonomy":"product_brand","embeddable":true,"href":"https:\/\/www.certifiedcosmetics.com\/da\/wp-json\/wp\/v2\/product_brand?post=17223"},{"taxonomy":"product_cat","embeddable":true,"href":"https:\/\/www.certifiedcosmetics.com\/da\/wp-json\/wp\/v2\/product_cat?post=17223"},{"taxonomy":"product_tag","embeddable":true,"href":"https:\/\/www.certifiedcosmetics.com\/da\/wp-json\/wp\/v2\/product_tag?post=17223"}],"curies":[{"name":"wp","href":"https:\/\/api.w.org\/{rel}","templated":true}]}}