{"id":17216,"date":"2025-03-24T12:14:27","date_gmt":"2025-03-24T11:14:27","guid":{"rendered":"https:\/\/www.certifiedcosmetics.com\/product\/Ikke kategoriseret\/kosmetisk-test-ved-brug\/"},"modified":"2025-03-24T12:14:27","modified_gmt":"2025-03-24T11:14:27","slug":"kosmetisk-test-ved-brug","status":"publish","type":"product","link":"https:\/\/www.certifiedcosmetics.com\/da\/product\/test-af-effektivitet\/hudtestning\/kosmetisk-test-ved-brug\/","title":{"rendered":"Kosmetisk test ved brug"},"content":{"rendered":"<p data-start=\"189\" data-end=\"534\">Vi tilbyder <strong data-start=\"222\" data-end=\"240\">In-Use-testning<\/strong> for at hj\u00e6lpe kosmetikbrands med at validere produktydelse, forbrugertilfredshed og markedsf\u00f8ringsp\u00e5stande &#8211; under virkelige brugsforhold. Uanset om du forbereder dig p\u00e5 at lancere et nyt produkt eller styrke anprisningerne af et eksisterende produkt, giver vores in use-test v\u00e6rdifuld indsigt i den virkelige verden. Du kan v\u00e6lge forskellige testpanelst\u00f8rrelser.  <\/p>\n<h2 data-start=\"541\" data-end=\"568\">Hvad er test i brug?<\/h2>\n<p data-start=\"570\" data-end=\"796\">Test i brug indeb\u00e6rer, at et panel af frivillige bruger dit kosmetiske produkt over en defineret periode &#8211; typisk mellem 7 og 28 dage &#8211; i deres normale daglige rutine. Deltagerne giver struktureret feedback p\u00e5 forskellige aspekter som f.eks: <\/p>\n<ul data-start=\"798\" data-end=\"1056\">\n<li data-start=\"798\" data-end=\"820\">\n<p data-start=\"800\" data-end=\"820\">Hudkompatibilitet<\/p>\n<\/li>\n<li data-start=\"821\" data-end=\"849\">\n<p data-start=\"823\" data-end=\"849\">Tekstur og sensorisk fornemmelse<\/p>\n<\/li>\n<li data-start=\"850\" data-end=\"873\">\n<p data-start=\"852\" data-end=\"873\">Let at anvende<\/p>\n<\/li>\n<li data-start=\"874\" data-end=\"911\">\n<p data-start=\"876\" data-end=\"911\">Duft og samlet brugeroplevelse<\/p>\n<\/li>\n<li data-start=\"912\" data-end=\"945\">\n<p data-start=\"914\" data-end=\"945\">Hydrering eller beroligende effekter<\/p>\n<\/li>\n<li data-start=\"946\" data-end=\"1003\">\n<p data-start=\"948\" data-end=\"1003\">Oplevede forbedringer (f.eks. bl\u00f8dere eller glattere hud)<\/p>\n<\/li>\n<li data-start=\"1004\" data-end=\"1056\">\n<p data-start=\"1006\" data-end=\"1056\">Samlet tilfredshed og vilje til genk\u00f8b<\/p>\n<\/li>\n<\/ul>\n<p data-start=\"1058\" data-end=\"1196\">Disse unders\u00f8gelser kan overv\u00e5ges af dermatologer og kan omfatte kliniske observationer, afh\u00e6ngigt af dit produkt og dine testm\u00e5l.<\/p>\n<h2 data-start=\"1203\" data-end=\"1241\">Kan test i brug underst\u00f8tte p\u00e5stande?<\/h2>\n<p data-start=\"1243\" data-end=\"1335\">Ja, test i brug bruges i vid udstr\u00e6kning til at <strong data-start=\"1281\" data-end=\"1325\">underst\u00f8tte forbrugeropfattelsesbaserede p\u00e5stande<\/strong> som f.eks:<\/p>\n<ul data-start=\"1337\" data-end=\"1515\">\n<li data-start=\"1337\" data-end=\"1390\">\n<p data-start=\"1339\" data-end=\"1390\">&#8220;90 % af brugerne oplevede en bl\u00f8dere hud efter en uge&#8221;<\/p>\n<\/li>\n<li data-start=\"1391\" data-end=\"1442\">\n<p data-start=\"1393\" data-end=\"1442\">&#8220;Efterlader huden fugtet og opfrisket&#8221;<\/p>\n<\/li>\n<li data-start=\"1443\" data-end=\"1474\">\n<p data-start=\"1445\" data-end=\"1474\">&#8220;Let, ikke-fedtet konsistens&#8221;<\/p>\n<\/li>\n<li data-start=\"1475\" data-end=\"1515\">\n<p data-start=\"1477\" data-end=\"1515\">&#8220;Behagelig duft og nem at p\u00e5f\u00f8re&#8221;<\/p>\n<\/li>\n<\/ul>\n<p data-start=\"1517\" data-end=\"1827\">De er st\u00e6rke til produktemballage, reklamer og hjemmesider. Men hvis dine p\u00e5stande involverer <strong data-start=\"1618\" data-end=\"1657\">m\u00e5lbare eller kliniske forbedringer<\/strong> (f.eks. rynkereduktion, \u00f8get elasticitet), anbefaler vi, at du supplerer testen i brug med <strong data-start=\"1754\" data-end=\"1790\">instrumentel eller klinisk<\/strong> testning for at f\u00e5 st\u00e6rkere, kvantificerbar evidens. <\/p>\n<p data-start=\"1829\" data-end=\"1917\">Vi hj\u00e6lper dig gerne med at finde den rigtige testmetode baseret p\u00e5 dine produktkrav.<\/p>\n<h2 data-start=\"1924\" data-end=\"1958\">Hvorfor v\u00e6lge vores test i brug?<\/h2>\n<p data-start=\"1960\" data-end=\"2077\">\u2714 <strong data-start=\"1962\" data-end=\"1982\">Consumer Insight<\/strong><br data-start=\"1982\" data-end=\"1985\">Forst\u00e5, hvordan rigtige brugere oplever dit produkt, og indsaml v\u00e6rdifulde data til forbedringer.<\/p>\n<p data-start=\"2079\" data-end=\"2181\">\u2714 <strong data-start=\"2081\" data-end=\"2098\">Claim Support<\/strong><br data-start=\"2098\" data-end=\"2101\">Brug resultater til at underst\u00f8tte markedsf\u00f8ringsp\u00e5stande med \u00e6gte brugerfeedback og procentsatser.<\/p>\n<p data-start=\"2183\" data-end=\"2343\">\u2714 <strong data-start=\"2185\" data-end=\"2210\">Overensstemmelse med lovgivningen<\/strong><br data-start=\"2210\" data-end=\"2213\">Testrapporter om ibrugtagning kan v\u00e6re en del af din <strong data-start=\"2255\" data-end=\"2289\">produktinformationsfil (PIF)<\/strong>, is\u00e6r i forbindelse med overholdelse af EU&#8217;s kosmetiklovgivning.<\/p>\n<p data-start=\"2345\" data-end=\"2459\">\u2714 <strong data-start=\"2347\" data-end=\"2369\">Skr\u00e6ddersyede protokoller<\/strong><br data-start=\"2369\" data-end=\"2372\">Vi designer <strong data-start=\"2347\" data-end=\"2369\">skr\u00e6ddersyede<\/strong> unders\u00f8gelser baseret p\u00e5 dine m\u00e5lgrupper, produkttype og krav.<\/p>\n<h2 data-start=\"2466\" data-end=\"2482\">S\u00e5dan fungerer det<\/h2>\n<ol data-start=\"2484\" data-end=\"3126\">\n<li data-start=\"2484\" data-end=\"2599\">\n<p data-start=\"2487\" data-end=\"2599\"><strong data-start=\"2487\" data-end=\"2521\">Konsultation og design af protokoller<\/strong><br data-start=\"2521\" data-end=\"2524\">Vi diskuterer dit produkt, dine krav og dine m\u00e5l for at udvikle en passende testplan.<\/p>\n<\/li>\n<li data-start=\"2601\" data-end=\"2732\">\n<p data-start=\"2604\" data-end=\"2732\"><strong data-start=\"2604\" data-end=\"2631\">Rekruttering af deltagere<\/strong><br data-start=\"2631\" data-end=\"2634\">Vi udv\u00e6lger et kvalificeret panel baseret p\u00e5 din demografiske m\u00e5lgruppe og eventuelle inklusions- og eksklusionskriterier.<\/p>\n<\/li>\n<li data-start=\"2734\" data-end=\"2854\">\n<p data-start=\"2737\" data-end=\"2854\"><strong data-start=\"2737\" data-end=\"2759\">Produktets brugsperiode<\/strong><br data-start=\"2759\" data-end=\"2762\">Paneldeltagerne bruger produktet som anvist i den angivne periode i deres eget milj\u00f8.<\/p>\n<\/li>\n<li data-start=\"2856\" data-end=\"2999\">\n<p data-start=\"2859\" data-end=\"2999\"><strong data-start=\"2859\" data-end=\"2882\">Indsamling af feedback<\/strong><br data-start=\"2882\" data-end=\"2885\">Deltagerne udfylder detaljerede sp\u00f8rgeskemaer, og valgfri kliniske evalueringer eller dermatologiske evalueringer kan inkluderes.<\/p>\n<\/li>\n<li data-start=\"3001\" data-end=\"3126\">\n<p data-start=\"3004\" data-end=\"3126\"><strong data-start=\"3004\" data-end=\"3028\">Omfattende rapport<\/strong><br data-start=\"3028\" data-end=\"3031\">Du modtager en komplet rapport, der opsummerer brugerfeedback, dokumentation for krav og anbefalinger.<\/p>\n<\/li>\n<\/ol>\n<h2 data-start=\"3133\" data-end=\"3157\">Hvem skal vi bruge det til?<\/h2>\n<ul data-start=\"3159\" data-end=\"3373\">\n<li data-start=\"3159\" data-end=\"3207\">\n<p data-start=\"3161\" data-end=\"3207\">Kosmetikm\u00e6rker forbereder sig p\u00e5 produktlancering<\/p>\n<\/li>\n<li data-start=\"3208\" data-end=\"3253\">\n<p data-start=\"3210\" data-end=\"3253\">M\u00e6rker, der raffinerer eller omformulerer produkter<\/p>\n<\/li>\n<li data-start=\"3254\" data-end=\"3311\">\n<p data-start=\"3256\" data-end=\"3311\">Virksomheder s\u00f8ger data til at underst\u00f8tte reklamep\u00e5stande<\/p>\n<\/li>\n<li data-start=\"3312\" data-end=\"3373\">\n<p data-start=\"3314\" data-end=\"3373\">Nystartede virksomheder har brug for forbrugertest til lovpligtige sager<\/p>\n<\/li>\n<\/ul>\n","protected":false},"excerpt":{"rendered":"<p>Vi tilbyder In-Use-testning for at hj\u00e6lpe kosmetikbrands med at validere produktydelse, forbrugertilfredshed og markedsf\u00f8ringsp\u00e5stande &#8211; under virkelige brugsforhold. Uanset om du forbereder dig p\u00e5 at lancere et nyt produkt eller styrke anprisningerne af et eksisterende produkt, giver vores in use-test v\u00e6rdifuld indsigt i den virkelige verden. Du kan v\u00e6lge forskellige testpanelst\u00f8rrelser. Hvad er test i&#8230;<\/p>\n","protected":false},"featured_media":17217,"template":"","meta":[],"product_brand":[],"product_cat":[1841,1840],"product_tag":[],"class_list":{"0":"post-17216","1":"product","2":"type-product","3":"status-publish","4":"has-post-thumbnail","6":"product_cat-hudtestning","7":"product_cat-test-af-effektivitet","9":"first","10":"instock","11":"taxable","12":"shipping-taxable","13":"purchasable","14":"product-type-variable","15":"has-default-attributes"},"bundled_by":[],"bundle_stock_status":"instock","bundle_stock_quantity":null,"bundle_virtual":false,"bundle_layout":"","bundle_add_to_cart_form_location":"","bundle_editable_in_cart":false,"bundle_sold_individually_context":"","bundle_item_grouping":"","bundle_min_size":"","bundle_max_size":"","bundle_price":[],"bundled_items":[],"bundle_sell_ids":[],"yoast_head":"<!-- This site is optimized with the Yoast SEO Premium plugin v25.4 (Yoast SEO v25.4) - https:\/\/yoast.com\/wordpress\/plugins\/seo\/ -->\n<title>Kosmetisk test ved brug - Certified Cosmetics<\/title>\n<meta name=\"description\" content=\"Vi tilbyder In-Use-testning for at hj\u00e6lpe kosmetikm\u00e6rker med at validere produktets ydeevne, forbrugertilfredshed og markedsf\u00f8ringsp\u00e5stande - under virkelige brugsforhold.\" \/>\n<meta name=\"robots\" content=\"index, follow, max-snippet:-1, max-image-preview:large, max-video-preview:-1\" \/>\n<link rel=\"canonical\" href=\"https:\/\/www.certifiedcosmetics.com\/da\/product\/test-af-effektivitet\/hudtestning\/kosmetisk-test-ved-brug\/\" \/>\n<meta property=\"og:locale\" content=\"da_DK\" \/>\n<meta property=\"og:type\" content=\"article\" \/>\n<meta property=\"og:title\" content=\"Kosmetisk test ved brug\" \/>\n<meta property=\"og:description\" content=\"Vi tilbyder In-Use-testning for at hj\u00e6lpe kosmetikm\u00e6rker med at validere produktets ydeevne, forbrugertilfredshed og markedsf\u00f8ringsp\u00e5stande - under virkelige brugsforhold.\" \/>\n<meta property=\"og:url\" content=\"https:\/\/www.certifiedcosmetics.com\/da\/product\/test-af-effektivitet\/hudtestning\/kosmetisk-test-ved-brug\/\" \/>\n<meta property=\"og:site_name\" content=\"Certified Cosmetics\" \/>\n<meta property=\"og:image\" content=\"https:\/\/www.certifiedcosmetics.com\/wp-content\/uploads\/2025\/03\/in-use-lab-test.jpg\" \/>\n\t<meta property=\"og:image:width\" content=\"800\" \/>\n\t<meta property=\"og:image:height\" content=\"800\" \/>\n\t<meta property=\"og:image:type\" content=\"image\/jpeg\" \/>\n<meta name=\"twitter:card\" content=\"summary_large_image\" \/>\n<meta name=\"twitter:label1\" content=\"Availability\" \/>\n\t<meta name=\"twitter:data1\" content=\"In stock\" \/>\n<script type=\"application\/ld+json\" class=\"yoast-schema-graph\">{\"@context\":\"https:\/\/schema.org\",\"@graph\":[{\"@type\":\"WebPage\",\"@id\":\"https:\/\/www.certifiedcosmetics.com\/da\/product\/test-af-effektivitet\/hudtestning\/kosmetisk-test-ved-brug\/\",\"url\":\"https:\/\/www.certifiedcosmetics.com\/da\/product\/test-af-effektivitet\/hudtestning\/kosmetisk-test-ved-brug\/\",\"name\":\"Kosmetisk test ved brug - Certified Cosmetics\",\"isPartOf\":{\"@id\":\"https:\/\/www.certifiedcosmetics.com\/da\/#website\"},\"primaryImageOfPage\":{\"@id\":\"https:\/\/www.certifiedcosmetics.com\/da\/product\/test-af-effektivitet\/hudtestning\/kosmetisk-test-ved-brug\/#primaryimage\"},\"image\":{\"@id\":\"https:\/\/www.certifiedcosmetics.com\/da\/product\/test-af-effektivitet\/hudtestning\/kosmetisk-test-ved-brug\/#primaryimage\"},\"thumbnailUrl\":\"https:\/\/www.certifiedcosmetics.com\/wp-content\/uploads\/2025\/03\/in-use-lab-test.jpg\",\"datePublished\":\"2025-03-24T11:14:27+00:00\",\"description\":\"Vi tilbyder In-Use-testning for at hj\u00e6lpe kosmetikm\u00e6rker med at validere produktets ydeevne, forbrugertilfredshed og markedsf\u00f8ringsp\u00e5stande - under virkelige brugsforhold.\",\"breadcrumb\":{\"@id\":\"https:\/\/www.certifiedcosmetics.com\/da\/product\/test-af-effektivitet\/hudtestning\/kosmetisk-test-ved-brug\/#breadcrumb\"},\"inLanguage\":\"da-DK\",\"potentialAction\":[{\"@type\":\"ReadAction\",\"target\":[\"https:\/\/www.certifiedcosmetics.com\/da\/product\/test-af-effektivitet\/hudtestning\/kosmetisk-test-ved-brug\/\"]}]},{\"@type\":\"ImageObject\",\"inLanguage\":\"da-DK\",\"@id\":\"https:\/\/www.certifiedcosmetics.com\/da\/product\/test-af-effektivitet\/hudtestning\/kosmetisk-test-ved-brug\/#primaryimage\",\"url\":\"https:\/\/www.certifiedcosmetics.com\/wp-content\/uploads\/2025\/03\/in-use-lab-test.jpg\",\"contentUrl\":\"https:\/\/www.certifiedcosmetics.com\/wp-content\/uploads\/2025\/03\/in-use-lab-test.jpg\",\"width\":800,\"height\":800},{\"@type\":\"BreadcrumbList\",\"@id\":\"https:\/\/www.certifiedcosmetics.com\/da\/product\/test-af-effektivitet\/hudtestning\/kosmetisk-test-ved-brug\/#breadcrumb\",\"itemListElement\":[{\"@type\":\"ListItem\",\"position\":1,\"name\":\"Home\",\"item\":\"https:\/\/www.certifiedcosmetics.com\/da\/vurdering-af-kosmetiske-produkters-sikkerhed\/\"},{\"@type\":\"ListItem\",\"position\":2,\"name\":\"Butik\",\"item\":\"https:\/\/www.certifiedcosmetics.com\/butik\/\"},{\"@type\":\"ListItem\",\"position\":3,\"name\":\"Kosmetisk test ved brug\"}]},{\"@type\":\"WebSite\",\"@id\":\"https:\/\/www.certifiedcosmetics.com\/da\/#website\",\"url\":\"https:\/\/www.certifiedcosmetics.com\/da\/\",\"name\":\"Certified Cosmetics\",\"description\":\"Cosmetic Safety Assessment\",\"publisher\":{\"@id\":\"https:\/\/www.certifiedcosmetics.com\/da\/#organization\"},\"potentialAction\":[{\"@type\":\"SearchAction\",\"target\":{\"@type\":\"EntryPoint\",\"urlTemplate\":\"https:\/\/www.certifiedcosmetics.com\/da\/?s={search_term_string}\"},\"query-input\":{\"@type\":\"PropertyValueSpecification\",\"valueRequired\":true,\"valueName\":\"search_term_string\"}}],\"inLanguage\":\"da-DK\"},{\"@type\":\"Organization\",\"@id\":\"https:\/\/www.certifiedcosmetics.com\/da\/#organization\",\"name\":\"Certified Cosmetics\",\"url\":\"https:\/\/www.certifiedcosmetics.com\/da\/\",\"logo\":{\"@type\":\"ImageObject\",\"inLanguage\":\"da-DK\",\"@id\":\"https:\/\/www.certifiedcosmetics.com\/da\/#\/schema\/logo\/image\/\",\"url\":\"https:\/\/www.certifiedcosmetics.com\/wp-content\/uploads\/2024\/12\/logo_certified_cosmetics696.jpg\",\"contentUrl\":\"https:\/\/www.certifiedcosmetics.com\/wp-content\/uploads\/2024\/12\/logo_certified_cosmetics696.jpg\",\"width\":696,\"height\":696,\"caption\":\"Certified Cosmetics\"},\"image\":{\"@id\":\"https:\/\/www.certifiedcosmetics.com\/da\/#\/schema\/logo\/image\/\"},\"description\":\"Your trusted partner for cosmetic product safety reporting. We take care of updating all of your documentation, ensuring your compliance stays current even as regulations evolve. The Cosmetic Product Safety Assessment will give you everything you need to sell specific products to EU consumers.\",\"email\":\"contact@certifiedcosmetics.com\",\"telephone\":\"+31 36 2036384\",\"legalName\":\"Certified Cosmetics\",\"foundingDate\":\"2010-01-01\",\"vatID\":\"NL854189543B01\",\"numberOfEmployees\":{\"@type\":\"QuantitativeValue\",\"minValue\":\"11\",\"maxValue\":\"50\"}}]}<\/script>\n<meta property=\"og:availability\" content=\"instock\" \/>\n<meta property=\"product:availability\" content=\"instock\" \/>\n<meta property=\"product:condition\" content=\"new\" \/>\n<!-- \/ Yoast SEO Premium plugin. -->","yoast_head_json":{"title":"Kosmetisk test ved brug - Certified Cosmetics","description":"Vi tilbyder In-Use-testning for at hj\u00e6lpe kosmetikm\u00e6rker med at validere produktets ydeevne, forbrugertilfredshed og markedsf\u00f8ringsp\u00e5stande - under virkelige brugsforhold.","robots":{"index":"index","follow":"follow","max-snippet":"max-snippet:-1","max-image-preview":"max-image-preview:large","max-video-preview":"max-video-preview:-1"},"canonical":"https:\/\/www.certifiedcosmetics.com\/da\/product\/test-af-effektivitet\/hudtestning\/kosmetisk-test-ved-brug\/","og_locale":"da_DK","og_type":"article","og_title":"Kosmetisk test ved brug","og_description":"Vi tilbyder In-Use-testning for at hj\u00e6lpe kosmetikm\u00e6rker med at validere produktets ydeevne, forbrugertilfredshed og markedsf\u00f8ringsp\u00e5stande - under virkelige brugsforhold.","og_url":"https:\/\/www.certifiedcosmetics.com\/da\/product\/test-af-effektivitet\/hudtestning\/kosmetisk-test-ved-brug\/","og_site_name":"Certified Cosmetics","og_image":[{"width":800,"height":800,"url":"https:\/\/www.certifiedcosmetics.com\/wp-content\/uploads\/2025\/03\/in-use-lab-test.jpg","type":"image\/jpeg"}],"twitter_card":"summary_large_image","twitter_misc":{"Availability":"In stock"},"schema":{"@context":"https:\/\/schema.org","@graph":[{"@type":"WebPage","@id":"https:\/\/www.certifiedcosmetics.com\/da\/product\/test-af-effektivitet\/hudtestning\/kosmetisk-test-ved-brug\/","url":"https:\/\/www.certifiedcosmetics.com\/da\/product\/test-af-effektivitet\/hudtestning\/kosmetisk-test-ved-brug\/","name":"Kosmetisk test ved brug - Certified Cosmetics","isPartOf":{"@id":"https:\/\/www.certifiedcosmetics.com\/da\/#website"},"primaryImageOfPage":{"@id":"https:\/\/www.certifiedcosmetics.com\/da\/product\/test-af-effektivitet\/hudtestning\/kosmetisk-test-ved-brug\/#primaryimage"},"image":{"@id":"https:\/\/www.certifiedcosmetics.com\/da\/product\/test-af-effektivitet\/hudtestning\/kosmetisk-test-ved-brug\/#primaryimage"},"thumbnailUrl":"https:\/\/www.certifiedcosmetics.com\/wp-content\/uploads\/2025\/03\/in-use-lab-test.jpg","datePublished":"2025-03-24T11:14:27+00:00","description":"Vi tilbyder In-Use-testning for at hj\u00e6lpe kosmetikm\u00e6rker med at validere produktets ydeevne, forbrugertilfredshed og markedsf\u00f8ringsp\u00e5stande - under virkelige brugsforhold.","breadcrumb":{"@id":"https:\/\/www.certifiedcosmetics.com\/da\/product\/test-af-effektivitet\/hudtestning\/kosmetisk-test-ved-brug\/#breadcrumb"},"inLanguage":"da-DK","potentialAction":[{"@type":"ReadAction","target":["https:\/\/www.certifiedcosmetics.com\/da\/product\/test-af-effektivitet\/hudtestning\/kosmetisk-test-ved-brug\/"]}]},{"@type":"ImageObject","inLanguage":"da-DK","@id":"https:\/\/www.certifiedcosmetics.com\/da\/product\/test-af-effektivitet\/hudtestning\/kosmetisk-test-ved-brug\/#primaryimage","url":"https:\/\/www.certifiedcosmetics.com\/wp-content\/uploads\/2025\/03\/in-use-lab-test.jpg","contentUrl":"https:\/\/www.certifiedcosmetics.com\/wp-content\/uploads\/2025\/03\/in-use-lab-test.jpg","width":800,"height":800},{"@type":"BreadcrumbList","@id":"https:\/\/www.certifiedcosmetics.com\/da\/product\/test-af-effektivitet\/hudtestning\/kosmetisk-test-ved-brug\/#breadcrumb","itemListElement":[{"@type":"ListItem","position":1,"name":"Home","item":"https:\/\/www.certifiedcosmetics.com\/da\/vurdering-af-kosmetiske-produkters-sikkerhed\/"},{"@type":"ListItem","position":2,"name":"Butik","item":"https:\/\/www.certifiedcosmetics.com\/butik\/"},{"@type":"ListItem","position":3,"name":"Kosmetisk test ved brug"}]},{"@type":"WebSite","@id":"https:\/\/www.certifiedcosmetics.com\/da\/#website","url":"https:\/\/www.certifiedcosmetics.com\/da\/","name":"Certified Cosmetics","description":"Cosmetic Safety Assessment","publisher":{"@id":"https:\/\/www.certifiedcosmetics.com\/da\/#organization"},"potentialAction":[{"@type":"SearchAction","target":{"@type":"EntryPoint","urlTemplate":"https:\/\/www.certifiedcosmetics.com\/da\/?s={search_term_string}"},"query-input":{"@type":"PropertyValueSpecification","valueRequired":true,"valueName":"search_term_string"}}],"inLanguage":"da-DK"},{"@type":"Organization","@id":"https:\/\/www.certifiedcosmetics.com\/da\/#organization","name":"Certified Cosmetics","url":"https:\/\/www.certifiedcosmetics.com\/da\/","logo":{"@type":"ImageObject","inLanguage":"da-DK","@id":"https:\/\/www.certifiedcosmetics.com\/da\/#\/schema\/logo\/image\/","url":"https:\/\/www.certifiedcosmetics.com\/wp-content\/uploads\/2024\/12\/logo_certified_cosmetics696.jpg","contentUrl":"https:\/\/www.certifiedcosmetics.com\/wp-content\/uploads\/2024\/12\/logo_certified_cosmetics696.jpg","width":696,"height":696,"caption":"Certified Cosmetics"},"image":{"@id":"https:\/\/www.certifiedcosmetics.com\/da\/#\/schema\/logo\/image\/"},"description":"Your trusted partner for cosmetic product safety reporting. We take care of updating all of your documentation, ensuring your compliance stays current even as regulations evolve. The Cosmetic Product Safety Assessment will give you everything you need to sell specific products to EU consumers.","email":"contact@certifiedcosmetics.com","telephone":"+31 36 2036384","legalName":"Certified Cosmetics","foundingDate":"2010-01-01","vatID":"NL854189543B01","numberOfEmployees":{"@type":"QuantitativeValue","minValue":"11","maxValue":"50"}}]},"og_availability":"instock","product_availability":"instock","product_condition":"new"},"_links":{"self":[{"href":"https:\/\/www.certifiedcosmetics.com\/da\/wp-json\/wp\/v2\/product\/17216","targetHints":{"allow":["GET"]}}],"collection":[{"href":"https:\/\/www.certifiedcosmetics.com\/da\/wp-json\/wp\/v2\/product"}],"about":[{"href":"https:\/\/www.certifiedcosmetics.com\/da\/wp-json\/wp\/v2\/types\/product"}],"wp:featuredmedia":[{"embeddable":true,"href":"https:\/\/www.certifiedcosmetics.com\/da\/wp-json\/wp\/v2\/media\/17217"}],"wp:attachment":[{"href":"https:\/\/www.certifiedcosmetics.com\/da\/wp-json\/wp\/v2\/media?parent=17216"}],"wp:term":[{"taxonomy":"product_brand","embeddable":true,"href":"https:\/\/www.certifiedcosmetics.com\/da\/wp-json\/wp\/v2\/product_brand?post=17216"},{"taxonomy":"product_cat","embeddable":true,"href":"https:\/\/www.certifiedcosmetics.com\/da\/wp-json\/wp\/v2\/product_cat?post=17216"},{"taxonomy":"product_tag","embeddable":true,"href":"https:\/\/www.certifiedcosmetics.com\/da\/wp-json\/wp\/v2\/product_tag?post=17216"}],"curies":[{"name":"wp","href":"https:\/\/api.w.org\/{rel}","templated":true}]}}