{"id":17206,"date":"2025-07-04T16:07:59","date_gmt":"2025-07-04T15:07:59","guid":{"rendered":"https:\/\/www.certifiedcosmetics.com\/product\/Ikke kategoriseret\/syntetisk-duftdetektion-bekraeftelse-af-syntetisk-duft-uden-krav\/"},"modified":"2025-07-04T16:07:59","modified_gmt":"2025-07-04T15:07:59","slug":"syntetisk-duftdetektion-bekraeftelse-af-syntetisk-duft-uden-krav","status":"publish","type":"product","link":"https:\/\/www.certifiedcosmetics.com\/da\/product\/verifikation-af-anprisninger-og-test-af-ingredienser\/syntetisk-duftdetektion-bekraeftelse-af-syntetisk-duft-uden-krav\/","title":{"rendered":"Syntetisk duftdetektion &#8211; Bekr\u00e6ftelse af syntetisk duft uden krav"},"content":{"rendered":"<h2>Hvad er syntetiske duftstoffer?<\/h2>\n<p>Syntetiske duftstoffer er kemisk fremstillede forbindelser, der er designet til at give duft. Selv om de er meget udbredte, kan de v\u00e6re et problem for personer med overf\u00f8lsomhed, allergi eller dem, der foretr\u00e6kker naturlige og uparfumerede produkter. <\/p>\n<h2>Hvorfor er det vigtigt at opdage syntetiske dufte?<\/h2>\n<p>For m\u00e6rker, der promoverer &#8220;naturlig&#8221; eller &#8220;ren&#8221; sk\u00f8nhed, er det ofte et centralt princip at undg\u00e5 syntetiske farvestoffer. Denne service hj\u00e6lper dig: <\/p>\n<ul>\n<li><strong>Bekr\u00e6ft p\u00e5stande om &#8220;syntetisk duftfrihed&#8221;:<\/strong> Brug avancerede analysemetoder til at bekr\u00e6fte, at der ikke er syntetiske duftstoffer i dine produkter.<\/li>\n<li><strong>Tag hensyn til f\u00f8lsomme forbrugere:<\/strong> Giv ro i sindet til personer med duftoverf\u00f8lsomhed eller allergi.<\/li>\n<li><strong>Juster med naturlig positionering:<\/strong> Forst\u00e6rk dit brands engagement i rene og naturlige formuleringer.<\/li>\n<\/ul>\n<h2>P\u00e5visning af syntetisk duft<\/h2>\n<p>Vores laboratorium anvender avancerede analysemetoder til at bekr\u00e6fte frav\u00e6ret af syntetiske duftstoffer i dine produkter. Denne verifikation giver brands mulighed for trygt at markedsf\u00f8re deres produkter til et voksende segment af forbrugere, der prioriterer naturlige eller uparfumerede alternativer. <\/p>\n<p>T\u00f8v ikke med at kontakte os for at sikre, at dine produkter lever op til markedets krav og overg\u00e5r kvalitetsforventningerne.<\/p>\n","protected":false},"excerpt":{"rendered":"<p>Hvad er syntetiske duftstoffer? Syntetiske duftstoffer er kemisk fremstillede forbindelser, der er designet til at give duft. Selv om de er meget udbredte, kan de v\u00e6re et problem for personer med overf\u00f8lsomhed, allergi eller dem, der foretr\u00e6kker naturlige og uparfumerede produkter. Hvorfor er det vigtigt at opdage syntetiske dufte? For m\u00e6rker, der promoverer &#8220;naturlig&#8221; eller&#8230;<\/p>\n","protected":false},"featured_media":17208,"template":"","meta":[],"product_brand":[],"product_cat":[1865],"product_tag":[],"class_list":{"0":"post-17206","1":"product","2":"type-product","3":"status-publish","4":"has-post-thumbnail","6":"product_cat-verifikation-af-anprisninger-og-test-af-ingredienser","8":"first","9":"instock","10":"virtual","11":"taxable","12":"purchasable","13":"product-type-simple"},"bundled_by":[],"bundle_stock_status":"instock","bundle_stock_quantity":null,"bundle_virtual":false,"bundle_layout":"","bundle_add_to_cart_form_location":"","bundle_editable_in_cart":false,"bundle_sold_individually_context":"","bundle_item_grouping":"","bundle_min_size":"","bundle_max_size":"","bundle_price":[],"bundled_items":[],"bundle_sell_ids":[],"yoast_head":"<!-- This site is optimized with the Yoast SEO Premium plugin v25.4 (Yoast SEO v25.4) - https:\/\/yoast.com\/wordpress\/plugins\/seo\/ -->\n<title>Syntetisk duftdetektion - Bekr\u00e6ftelse af syntetisk duft uden krav<\/title>\n<meta name=\"description\" content=\"Bekr\u00e6ft, at dit produkt er fri for syntetiske dufte med professionelle laboratorietest.\" \/>\n<meta name=\"robots\" content=\"index, follow, max-snippet:-1, max-image-preview:large, max-video-preview:-1\" \/>\n<link rel=\"canonical\" href=\"https:\/\/www.certifiedcosmetics.com\/da\/product\/verifikation-af-anprisninger-og-test-af-ingredienser\/syntetisk-duftdetektion-bekraeftelse-af-syntetisk-duft-uden-krav\/\" \/>\n<meta property=\"og:locale\" content=\"da_DK\" \/>\n<meta property=\"og:type\" content=\"article\" \/>\n<meta property=\"og:title\" content=\"Syntetisk duftdetektion - Bekr\u00e6ftelse af syntetisk duft uden krav\" \/>\n<meta property=\"og:description\" content=\"Bekr\u00e6ft, at dit produkt er fri for syntetiske dufte med professionelle laboratorietest.\" \/>\n<meta property=\"og:url\" content=\"https:\/\/www.certifiedcosmetics.com\/da\/product\/verifikation-af-anprisninger-og-test-af-ingredienser\/syntetisk-duftdetektion-bekraeftelse-af-syntetisk-duft-uden-krav\/\" \/>\n<meta property=\"og:site_name\" content=\"Certified Cosmetics\" \/>\n<meta property=\"og:image\" content=\"https:\/\/www.certifiedcosmetics.com\/wp-content\/uploads\/2025\/07\/Synthetic-Fragrance-Detection-Synthetic-Fragrance-Free-Claim-Verification.jpg\" \/>\n\t<meta property=\"og:image:width\" content=\"800\" \/>\n\t<meta property=\"og:image:height\" content=\"800\" \/>\n\t<meta property=\"og:image:type\" content=\"image\/jpeg\" \/>\n<meta name=\"twitter:card\" content=\"summary_large_image\" \/>\n<meta name=\"twitter:label1\" content=\"Price\" \/>\n\t<meta name=\"twitter:data1\" content=\"&#036;175.54\" \/>\n\t<meta name=\"twitter:label2\" content=\"Availability\" \/>\n\t<meta name=\"twitter:data2\" content=\"In stock\" \/>\n<script type=\"application\/ld+json\" class=\"yoast-schema-graph\">{\"@context\":\"https:\/\/schema.org\",\"@graph\":[{\"@type\":\"WebPage\",\"@id\":\"https:\/\/www.certifiedcosmetics.com\/da\/product\/verifikation-af-anprisninger-og-test-af-ingredienser\/syntetisk-duftdetektion-bekraeftelse-af-syntetisk-duft-uden-krav\/\",\"url\":\"https:\/\/www.certifiedcosmetics.com\/da\/product\/verifikation-af-anprisninger-og-test-af-ingredienser\/syntetisk-duftdetektion-bekraeftelse-af-syntetisk-duft-uden-krav\/\",\"name\":\"Syntetisk duftdetektion - Bekr\u00e6ftelse af syntetisk duft uden krav\",\"isPartOf\":{\"@id\":\"https:\/\/www.certifiedcosmetics.com\/da\/#website\"},\"primaryImageOfPage\":{\"@id\":\"https:\/\/www.certifiedcosmetics.com\/da\/product\/verifikation-af-anprisninger-og-test-af-ingredienser\/syntetisk-duftdetektion-bekraeftelse-af-syntetisk-duft-uden-krav\/#primaryimage\"},\"image\":{\"@id\":\"https:\/\/www.certifiedcosmetics.com\/da\/product\/verifikation-af-anprisninger-og-test-af-ingredienser\/syntetisk-duftdetektion-bekraeftelse-af-syntetisk-duft-uden-krav\/#primaryimage\"},\"thumbnailUrl\":\"https:\/\/www.certifiedcosmetics.com\/wp-content\/uploads\/2025\/07\/Synthetic-Fragrance-Detection-Synthetic-Fragrance-Free-Claim-Verification.jpg\",\"datePublished\":\"2025-07-04T15:07:59+00:00\",\"description\":\"Bekr\u00e6ft, at dit produkt er fri for syntetiske dufte med professionelle laboratorietest.\",\"breadcrumb\":{\"@id\":\"https:\/\/www.certifiedcosmetics.com\/da\/product\/verifikation-af-anprisninger-og-test-af-ingredienser\/syntetisk-duftdetektion-bekraeftelse-af-syntetisk-duft-uden-krav\/#breadcrumb\"},\"inLanguage\":\"da-DK\",\"potentialAction\":[{\"@type\":\"ReadAction\",\"target\":[\"https:\/\/www.certifiedcosmetics.com\/da\/product\/verifikation-af-anprisninger-og-test-af-ingredienser\/syntetisk-duftdetektion-bekraeftelse-af-syntetisk-duft-uden-krav\/\"]}]},{\"@type\":\"ImageObject\",\"inLanguage\":\"da-DK\",\"@id\":\"https:\/\/www.certifiedcosmetics.com\/da\/product\/verifikation-af-anprisninger-og-test-af-ingredienser\/syntetisk-duftdetektion-bekraeftelse-af-syntetisk-duft-uden-krav\/#primaryimage\",\"url\":\"https:\/\/www.certifiedcosmetics.com\/wp-content\/uploads\/2025\/07\/Synthetic-Fragrance-Detection-Synthetic-Fragrance-Free-Claim-Verification.jpg\",\"contentUrl\":\"https:\/\/www.certifiedcosmetics.com\/wp-content\/uploads\/2025\/07\/Synthetic-Fragrance-Detection-Synthetic-Fragrance-Free-Claim-Verification.jpg\",\"width\":800,\"height\":800},{\"@type\":\"BreadcrumbList\",\"@id\":\"https:\/\/www.certifiedcosmetics.com\/da\/product\/verifikation-af-anprisninger-og-test-af-ingredienser\/syntetisk-duftdetektion-bekraeftelse-af-syntetisk-duft-uden-krav\/#breadcrumb\",\"itemListElement\":[{\"@type\":\"ListItem\",\"position\":1,\"name\":\"Home\",\"item\":\"https:\/\/www.certifiedcosmetics.com\/da\/vurdering-af-kosmetiske-produkters-sikkerhed\/\"},{\"@type\":\"ListItem\",\"position\":2,\"name\":\"Butik\",\"item\":\"https:\/\/www.certifiedcosmetics.com\/butik\/\"},{\"@type\":\"ListItem\",\"position\":3,\"name\":\"Syntetisk duftdetektion &#8211; Bekr\u00e6ftelse af syntetisk duft uden krav\"}]},{\"@type\":\"WebSite\",\"@id\":\"https:\/\/www.certifiedcosmetics.com\/da\/#website\",\"url\":\"https:\/\/www.certifiedcosmetics.com\/da\/\",\"name\":\"Certified Cosmetics\",\"description\":\"Cosmetic Safety Assessment\",\"publisher\":{\"@id\":\"https:\/\/www.certifiedcosmetics.com\/da\/#organization\"},\"potentialAction\":[{\"@type\":\"SearchAction\",\"target\":{\"@type\":\"EntryPoint\",\"urlTemplate\":\"https:\/\/www.certifiedcosmetics.com\/da\/?s={search_term_string}\"},\"query-input\":{\"@type\":\"PropertyValueSpecification\",\"valueRequired\":true,\"valueName\":\"search_term_string\"}}],\"inLanguage\":\"da-DK\"},{\"@type\":\"Organization\",\"@id\":\"https:\/\/www.certifiedcosmetics.com\/da\/#organization\",\"name\":\"Certified Cosmetics\",\"url\":\"https:\/\/www.certifiedcosmetics.com\/da\/\",\"logo\":{\"@type\":\"ImageObject\",\"inLanguage\":\"da-DK\",\"@id\":\"https:\/\/www.certifiedcosmetics.com\/da\/#\/schema\/logo\/image\/\",\"url\":\"https:\/\/www.certifiedcosmetics.com\/wp-content\/uploads\/2024\/12\/logo_certified_cosmetics696.jpg\",\"contentUrl\":\"https:\/\/www.certifiedcosmetics.com\/wp-content\/uploads\/2024\/12\/logo_certified_cosmetics696.jpg\",\"width\":696,\"height\":696,\"caption\":\"Certified Cosmetics\"},\"image\":{\"@id\":\"https:\/\/www.certifiedcosmetics.com\/da\/#\/schema\/logo\/image\/\"},\"description\":\"Your trusted partner for cosmetic product safety reporting. We take care of updating all of your documentation, ensuring your compliance stays current even as regulations evolve. The Cosmetic Product Safety Assessment will give you everything you need to sell specific products to EU consumers.\",\"email\":\"contact@certifiedcosmetics.com\",\"telephone\":\"+31 36 2036384\",\"legalName\":\"Certified Cosmetics\",\"foundingDate\":\"2010-01-01\",\"vatID\":\"NL854189543B01\",\"numberOfEmployees\":{\"@type\":\"QuantitativeValue\",\"minValue\":\"11\",\"maxValue\":\"50\"}}]}<\/script>\n<meta property=\"product:price:amount\" content=\"175.54\" \/>\n<meta property=\"product:price:currency\" content=\"USD\" \/>\n<meta property=\"og:availability\" content=\"instock\" \/>\n<meta property=\"product:availability\" content=\"instock\" \/>\n<meta property=\"product:condition\" content=\"new\" \/>\n<!-- \/ Yoast SEO Premium plugin. -->","yoast_head_json":{"title":"Syntetisk duftdetektion - Bekr\u00e6ftelse af syntetisk duft uden krav","description":"Bekr\u00e6ft, at dit produkt er fri for syntetiske dufte med professionelle laboratorietest.","robots":{"index":"index","follow":"follow","max-snippet":"max-snippet:-1","max-image-preview":"max-image-preview:large","max-video-preview":"max-video-preview:-1"},"canonical":"https:\/\/www.certifiedcosmetics.com\/da\/product\/verifikation-af-anprisninger-og-test-af-ingredienser\/syntetisk-duftdetektion-bekraeftelse-af-syntetisk-duft-uden-krav\/","og_locale":"da_DK","og_type":"article","og_title":"Syntetisk duftdetektion - Bekr\u00e6ftelse af syntetisk duft uden krav","og_description":"Bekr\u00e6ft, at dit produkt er fri for syntetiske dufte med professionelle laboratorietest.","og_url":"https:\/\/www.certifiedcosmetics.com\/da\/product\/verifikation-af-anprisninger-og-test-af-ingredienser\/syntetisk-duftdetektion-bekraeftelse-af-syntetisk-duft-uden-krav\/","og_site_name":"Certified Cosmetics","og_image":[{"width":800,"height":800,"url":"https:\/\/www.certifiedcosmetics.com\/wp-content\/uploads\/2025\/07\/Synthetic-Fragrance-Detection-Synthetic-Fragrance-Free-Claim-Verification.jpg","type":"image\/jpeg"}],"twitter_card":"summary_large_image","twitter_misc":{"Price":"&#36;175.54","Availability":"In stock"},"schema":{"@context":"https:\/\/schema.org","@graph":[{"@type":"WebPage","@id":"https:\/\/www.certifiedcosmetics.com\/da\/product\/verifikation-af-anprisninger-og-test-af-ingredienser\/syntetisk-duftdetektion-bekraeftelse-af-syntetisk-duft-uden-krav\/","url":"https:\/\/www.certifiedcosmetics.com\/da\/product\/verifikation-af-anprisninger-og-test-af-ingredienser\/syntetisk-duftdetektion-bekraeftelse-af-syntetisk-duft-uden-krav\/","name":"Syntetisk duftdetektion - Bekr\u00e6ftelse af syntetisk duft uden krav","isPartOf":{"@id":"https:\/\/www.certifiedcosmetics.com\/da\/#website"},"primaryImageOfPage":{"@id":"https:\/\/www.certifiedcosmetics.com\/da\/product\/verifikation-af-anprisninger-og-test-af-ingredienser\/syntetisk-duftdetektion-bekraeftelse-af-syntetisk-duft-uden-krav\/#primaryimage"},"image":{"@id":"https:\/\/www.certifiedcosmetics.com\/da\/product\/verifikation-af-anprisninger-og-test-af-ingredienser\/syntetisk-duftdetektion-bekraeftelse-af-syntetisk-duft-uden-krav\/#primaryimage"},"thumbnailUrl":"https:\/\/www.certifiedcosmetics.com\/wp-content\/uploads\/2025\/07\/Synthetic-Fragrance-Detection-Synthetic-Fragrance-Free-Claim-Verification.jpg","datePublished":"2025-07-04T15:07:59+00:00","description":"Bekr\u00e6ft, at dit produkt er fri for syntetiske dufte med professionelle laboratorietest.","breadcrumb":{"@id":"https:\/\/www.certifiedcosmetics.com\/da\/product\/verifikation-af-anprisninger-og-test-af-ingredienser\/syntetisk-duftdetektion-bekraeftelse-af-syntetisk-duft-uden-krav\/#breadcrumb"},"inLanguage":"da-DK","potentialAction":[{"@type":"ReadAction","target":["https:\/\/www.certifiedcosmetics.com\/da\/product\/verifikation-af-anprisninger-og-test-af-ingredienser\/syntetisk-duftdetektion-bekraeftelse-af-syntetisk-duft-uden-krav\/"]}]},{"@type":"ImageObject","inLanguage":"da-DK","@id":"https:\/\/www.certifiedcosmetics.com\/da\/product\/verifikation-af-anprisninger-og-test-af-ingredienser\/syntetisk-duftdetektion-bekraeftelse-af-syntetisk-duft-uden-krav\/#primaryimage","url":"https:\/\/www.certifiedcosmetics.com\/wp-content\/uploads\/2025\/07\/Synthetic-Fragrance-Detection-Synthetic-Fragrance-Free-Claim-Verification.jpg","contentUrl":"https:\/\/www.certifiedcosmetics.com\/wp-content\/uploads\/2025\/07\/Synthetic-Fragrance-Detection-Synthetic-Fragrance-Free-Claim-Verification.jpg","width":800,"height":800},{"@type":"BreadcrumbList","@id":"https:\/\/www.certifiedcosmetics.com\/da\/product\/verifikation-af-anprisninger-og-test-af-ingredienser\/syntetisk-duftdetektion-bekraeftelse-af-syntetisk-duft-uden-krav\/#breadcrumb","itemListElement":[{"@type":"ListItem","position":1,"name":"Home","item":"https:\/\/www.certifiedcosmetics.com\/da\/vurdering-af-kosmetiske-produkters-sikkerhed\/"},{"@type":"ListItem","position":2,"name":"Butik","item":"https:\/\/www.certifiedcosmetics.com\/butik\/"},{"@type":"ListItem","position":3,"name":"Syntetisk duftdetektion &#8211; Bekr\u00e6ftelse af syntetisk duft uden krav"}]},{"@type":"WebSite","@id":"https:\/\/www.certifiedcosmetics.com\/da\/#website","url":"https:\/\/www.certifiedcosmetics.com\/da\/","name":"Certified Cosmetics","description":"Cosmetic Safety Assessment","publisher":{"@id":"https:\/\/www.certifiedcosmetics.com\/da\/#organization"},"potentialAction":[{"@type":"SearchAction","target":{"@type":"EntryPoint","urlTemplate":"https:\/\/www.certifiedcosmetics.com\/da\/?s={search_term_string}"},"query-input":{"@type":"PropertyValueSpecification","valueRequired":true,"valueName":"search_term_string"}}],"inLanguage":"da-DK"},{"@type":"Organization","@id":"https:\/\/www.certifiedcosmetics.com\/da\/#organization","name":"Certified Cosmetics","url":"https:\/\/www.certifiedcosmetics.com\/da\/","logo":{"@type":"ImageObject","inLanguage":"da-DK","@id":"https:\/\/www.certifiedcosmetics.com\/da\/#\/schema\/logo\/image\/","url":"https:\/\/www.certifiedcosmetics.com\/wp-content\/uploads\/2024\/12\/logo_certified_cosmetics696.jpg","contentUrl":"https:\/\/www.certifiedcosmetics.com\/wp-content\/uploads\/2024\/12\/logo_certified_cosmetics696.jpg","width":696,"height":696,"caption":"Certified Cosmetics"},"image":{"@id":"https:\/\/www.certifiedcosmetics.com\/da\/#\/schema\/logo\/image\/"},"description":"Your trusted partner for cosmetic product safety reporting. We take care of updating all of your documentation, ensuring your compliance stays current even as regulations evolve. The Cosmetic Product Safety Assessment will give you everything you need to sell specific products to EU consumers.","email":"contact@certifiedcosmetics.com","telephone":"+31 36 2036384","legalName":"Certified Cosmetics","foundingDate":"2010-01-01","vatID":"NL854189543B01","numberOfEmployees":{"@type":"QuantitativeValue","minValue":"11","maxValue":"50"}}]},"product_price_amount":"175.54","product_price_currency":"USD","og_availability":"instock","product_availability":"instock","product_condition":"new"},"_links":{"self":[{"href":"https:\/\/www.certifiedcosmetics.com\/da\/wp-json\/wp\/v2\/product\/17206","targetHints":{"allow":["GET"]}}],"collection":[{"href":"https:\/\/www.certifiedcosmetics.com\/da\/wp-json\/wp\/v2\/product"}],"about":[{"href":"https:\/\/www.certifiedcosmetics.com\/da\/wp-json\/wp\/v2\/types\/product"}],"wp:featuredmedia":[{"embeddable":true,"href":"https:\/\/www.certifiedcosmetics.com\/da\/wp-json\/wp\/v2\/media\/17208"}],"wp:attachment":[{"href":"https:\/\/www.certifiedcosmetics.com\/da\/wp-json\/wp\/v2\/media?parent=17206"}],"wp:term":[{"taxonomy":"product_brand","embeddable":true,"href":"https:\/\/www.certifiedcosmetics.com\/da\/wp-json\/wp\/v2\/product_brand?post=17206"},{"taxonomy":"product_cat","embeddable":true,"href":"https:\/\/www.certifiedcosmetics.com\/da\/wp-json\/wp\/v2\/product_cat?post=17206"},{"taxonomy":"product_tag","embeddable":true,"href":"https:\/\/www.certifiedcosmetics.com\/da\/wp-json\/wp\/v2\/product_tag?post=17206"}],"curies":[{"name":"wp","href":"https:\/\/api.w.org\/{rel}","templated":true}]}}