{"id":17201,"date":"2025-07-04T16:07:58","date_gmt":"2025-07-04T15:07:58","guid":{"rendered":"https:\/\/www.certifiedcosmetics.com\/product\/Ikke kategoriseret\/detektion-af-gluten-verifikation-af-glutenfri-anprisning\/"},"modified":"2025-07-04T16:07:58","modified_gmt":"2025-07-04T15:07:58","slug":"detektion-af-gluten-verifikation-af-glutenfri-anprisning","status":"publish","type":"product","link":"https:\/\/www.certifiedcosmetics.com\/da\/product\/verifikation-af-anprisninger-og-test-af-ingredienser\/detektion-af-gluten-verifikation-af-glutenfri-anprisning\/","title":{"rendered":"Detektion af gluten &#8211; verifikation af glutenfri anprisning"},"content":{"rendered":"<h2>Hvad er gluten?<\/h2>\n<p>Gluten er et protein, der findes i hvede, byg og rug. For mennesker med c\u00f8liaki eller glutenoverf\u00f8lsomhed kan eksponering for gluten &#8211; selv gennem topiske produkter &#8211; for\u00e5rsage bivirkninger. Eftersp\u00f8rgslen efter glutenfri produkter g\u00e6lder ikke kun f\u00f8devarer, men ogs\u00e5 produkter til personlig pleje.    <\/p>\n<h2>Hvorfor er det vigtigt at opdage gluten?<\/h2>\n<p>For forbrugere med c\u00f8liaki eller glutensensitivitet er anprisninger om &#8220;glutenfrihed&#8221; afg\u00f8rende for deres helbred og velbefindende. Vores service hj\u00e6lper dig:   <\/p>\n<ul>\n<li><strong>Bekr\u00e6ft p\u00e5stande om &#8220;glutenfrihed&#8221;:<\/strong> Brug meget f\u00f8lsomme metoder til n\u00f8jagtigt at identificere og kvantificere gluten i dine produkter.<\/li>\n<li><strong>S\u00f8rg for forbrugernes sikkerhed:<\/strong> Giv f\u00f8lsomme forbrugere sikkerhed for, at dine produkter er sikre at bruge.<\/li>\n<li><strong>Udvid markedets r\u00e6kkevidde:<\/strong> Betjen en voksende m\u00e5lgruppe, der aktivt s\u00f8ger glutenfri alternativer p\u00e5 tv\u00e6rs af alle produktkategorier.<\/li>\n<\/ul>\n<h2>P\u00e5visning af gluten<\/h2>\n<p>Vores laboratorium bruger meget f\u00f8lsomme metoder til n\u00f8jagtigt at identificere og kvantificere gluten i dine produkter. Takket v\u00e6re disse strenge tests kan brands med sikkerhed verificere deres &#8220;glutenfri&#8221; p\u00e5stande, garantere sikkerhed for f\u00f8lsomme forbrugere og udvide deres markedsd\u00e6kning. T\u00f8v ikke med at kontakte os for at sikre, at dine produkter opfylder markedets krav og overg\u00e5r kvalitetsforventningerne.  <\/p>\n","protected":false},"excerpt":{"rendered":"<p>Hvad er gluten? Gluten er et protein, der findes i hvede, byg og rug. For mennesker med c\u00f8liaki eller glutenoverf\u00f8lsomhed kan eksponering for gluten &#8211; selv gennem topiske produkter &#8211; for\u00e5rsage bivirkninger. Eftersp\u00f8rgslen efter glutenfri produkter g\u00e6lder ikke kun f\u00f8devarer, men ogs\u00e5 produkter til personlig pleje. Hvorfor er det vigtigt at opdage gluten? For forbrugere&#8230;<\/p>\n","protected":false},"featured_media":17204,"template":"","meta":[],"product_brand":[],"product_cat":[1865],"product_tag":[],"class_list":{"0":"post-17201","1":"product","2":"type-product","3":"status-publish","4":"has-post-thumbnail","6":"product_cat-verifikation-af-anprisninger-og-test-af-ingredienser","8":"first","9":"instock","10":"virtual","11":"taxable","12":"purchasable","13":"product-type-simple"},"bundled_by":[],"bundle_stock_status":"instock","bundle_stock_quantity":null,"bundle_virtual":false,"bundle_layout":"","bundle_add_to_cart_form_location":"","bundle_editable_in_cart":false,"bundle_sold_individually_context":"","bundle_item_grouping":"","bundle_min_size":"","bundle_max_size":"","bundle_price":[],"bundled_items":[],"bundle_sell_ids":[],"yoast_head":"<!-- This site is optimized with the Yoast SEO Premium plugin v25.4 (Yoast SEO v25.4) - https:\/\/yoast.com\/wordpress\/plugins\/seo\/ -->\n<title>Detektion af gluten - verifikation af glutenfri anprisning<\/title>\n<meta name=\"description\" content=\"Certificer, at dit produkt er glutenfrit og egnet til f\u00f8lsomme forbrugere ved hj\u00e6lp af professionelle laboratorietest.\" \/>\n<meta name=\"robots\" content=\"index, follow, max-snippet:-1, max-image-preview:large, max-video-preview:-1\" \/>\n<link rel=\"canonical\" href=\"https:\/\/www.certifiedcosmetics.com\/da\/product\/verifikation-af-anprisninger-og-test-af-ingredienser\/detektion-af-gluten-verifikation-af-glutenfri-anprisning\/\" \/>\n<meta property=\"og:locale\" content=\"da_DK\" \/>\n<meta property=\"og:type\" content=\"article\" \/>\n<meta property=\"og:title\" content=\"Detektion af gluten - verifikation af glutenfri anprisning\" \/>\n<meta property=\"og:description\" content=\"Certificer, at dit produkt er glutenfrit og egnet til f\u00f8lsomme forbrugere ved hj\u00e6lp af professionelle laboratorietest.\" \/>\n<meta property=\"og:url\" content=\"https:\/\/www.certifiedcosmetics.com\/da\/product\/verifikation-af-anprisninger-og-test-af-ingredienser\/detektion-af-gluten-verifikation-af-glutenfri-anprisning\/\" \/>\n<meta property=\"og:site_name\" content=\"Certified Cosmetics\" \/>\n<meta property=\"og:image\" content=\"https:\/\/www.certifiedcosmetics.com\/wp-content\/uploads\/2025\/07\/Gluten-Detection-Gluten-Free-Claim-Verification.jpg\" \/>\n\t<meta property=\"og:image:width\" content=\"800\" \/>\n\t<meta property=\"og:image:height\" content=\"800\" \/>\n\t<meta property=\"og:image:type\" content=\"image\/jpeg\" \/>\n<meta name=\"twitter:card\" content=\"summary_large_image\" \/>\n<meta name=\"twitter:label1\" content=\"Price\" \/>\n\t<meta name=\"twitter:data1\" content=\"&#036;234.05\" \/>\n\t<meta name=\"twitter:label2\" content=\"Availability\" \/>\n\t<meta name=\"twitter:data2\" content=\"In stock\" \/>\n<script type=\"application\/ld+json\" class=\"yoast-schema-graph\">{\"@context\":\"https:\/\/schema.org\",\"@graph\":[{\"@type\":\"WebPage\",\"@id\":\"https:\/\/www.certifiedcosmetics.com\/da\/product\/verifikation-af-anprisninger-og-test-af-ingredienser\/detektion-af-gluten-verifikation-af-glutenfri-anprisning\/\",\"url\":\"https:\/\/www.certifiedcosmetics.com\/da\/product\/verifikation-af-anprisninger-og-test-af-ingredienser\/detektion-af-gluten-verifikation-af-glutenfri-anprisning\/\",\"name\":\"Detektion af gluten - verifikation af glutenfri anprisning\",\"isPartOf\":{\"@id\":\"https:\/\/www.certifiedcosmetics.com\/da\/#website\"},\"primaryImageOfPage\":{\"@id\":\"https:\/\/www.certifiedcosmetics.com\/da\/product\/verifikation-af-anprisninger-og-test-af-ingredienser\/detektion-af-gluten-verifikation-af-glutenfri-anprisning\/#primaryimage\"},\"image\":{\"@id\":\"https:\/\/www.certifiedcosmetics.com\/da\/product\/verifikation-af-anprisninger-og-test-af-ingredienser\/detektion-af-gluten-verifikation-af-glutenfri-anprisning\/#primaryimage\"},\"thumbnailUrl\":\"https:\/\/www.certifiedcosmetics.com\/wp-content\/uploads\/2025\/07\/Gluten-Detection-Gluten-Free-Claim-Verification.jpg\",\"datePublished\":\"2025-07-04T15:07:58+00:00\",\"description\":\"Certificer, at dit produkt er glutenfrit og egnet til f\u00f8lsomme forbrugere ved hj\u00e6lp af professionelle laboratorietest.\",\"breadcrumb\":{\"@id\":\"https:\/\/www.certifiedcosmetics.com\/da\/product\/verifikation-af-anprisninger-og-test-af-ingredienser\/detektion-af-gluten-verifikation-af-glutenfri-anprisning\/#breadcrumb\"},\"inLanguage\":\"da-DK\",\"potentialAction\":[{\"@type\":\"ReadAction\",\"target\":[\"https:\/\/www.certifiedcosmetics.com\/da\/product\/verifikation-af-anprisninger-og-test-af-ingredienser\/detektion-af-gluten-verifikation-af-glutenfri-anprisning\/\"]}]},{\"@type\":\"ImageObject\",\"inLanguage\":\"da-DK\",\"@id\":\"https:\/\/www.certifiedcosmetics.com\/da\/product\/verifikation-af-anprisninger-og-test-af-ingredienser\/detektion-af-gluten-verifikation-af-glutenfri-anprisning\/#primaryimage\",\"url\":\"https:\/\/www.certifiedcosmetics.com\/wp-content\/uploads\/2025\/07\/Gluten-Detection-Gluten-Free-Claim-Verification.jpg\",\"contentUrl\":\"https:\/\/www.certifiedcosmetics.com\/wp-content\/uploads\/2025\/07\/Gluten-Detection-Gluten-Free-Claim-Verification.jpg\",\"width\":800,\"height\":800},{\"@type\":\"BreadcrumbList\",\"@id\":\"https:\/\/www.certifiedcosmetics.com\/da\/product\/verifikation-af-anprisninger-og-test-af-ingredienser\/detektion-af-gluten-verifikation-af-glutenfri-anprisning\/#breadcrumb\",\"itemListElement\":[{\"@type\":\"ListItem\",\"position\":1,\"name\":\"Home\",\"item\":\"https:\/\/www.certifiedcosmetics.com\/da\/vurdering-af-kosmetiske-produkters-sikkerhed\/\"},{\"@type\":\"ListItem\",\"position\":2,\"name\":\"Butik\",\"item\":\"https:\/\/www.certifiedcosmetics.com\/butik\/\"},{\"@type\":\"ListItem\",\"position\":3,\"name\":\"Detektion af gluten &#8211; verifikation af glutenfri anprisning\"}]},{\"@type\":\"WebSite\",\"@id\":\"https:\/\/www.certifiedcosmetics.com\/da\/#website\",\"url\":\"https:\/\/www.certifiedcosmetics.com\/da\/\",\"name\":\"Certified Cosmetics\",\"description\":\"Cosmetic Safety Assessment\",\"publisher\":{\"@id\":\"https:\/\/www.certifiedcosmetics.com\/da\/#organization\"},\"potentialAction\":[{\"@type\":\"SearchAction\",\"target\":{\"@type\":\"EntryPoint\",\"urlTemplate\":\"https:\/\/www.certifiedcosmetics.com\/da\/?s={search_term_string}\"},\"query-input\":{\"@type\":\"PropertyValueSpecification\",\"valueRequired\":true,\"valueName\":\"search_term_string\"}}],\"inLanguage\":\"da-DK\"},{\"@type\":\"Organization\",\"@id\":\"https:\/\/www.certifiedcosmetics.com\/da\/#organization\",\"name\":\"Certified Cosmetics\",\"url\":\"https:\/\/www.certifiedcosmetics.com\/da\/\",\"logo\":{\"@type\":\"ImageObject\",\"inLanguage\":\"da-DK\",\"@id\":\"https:\/\/www.certifiedcosmetics.com\/da\/#\/schema\/logo\/image\/\",\"url\":\"https:\/\/www.certifiedcosmetics.com\/wp-content\/uploads\/2024\/12\/logo_certified_cosmetics696.jpg\",\"contentUrl\":\"https:\/\/www.certifiedcosmetics.com\/wp-content\/uploads\/2024\/12\/logo_certified_cosmetics696.jpg\",\"width\":696,\"height\":696,\"caption\":\"Certified Cosmetics\"},\"image\":{\"@id\":\"https:\/\/www.certifiedcosmetics.com\/da\/#\/schema\/logo\/image\/\"},\"description\":\"Your trusted partner for cosmetic product safety reporting. We take care of updating all of your documentation, ensuring your compliance stays current even as regulations evolve. The Cosmetic Product Safety Assessment will give you everything you need to sell specific products to EU consumers.\",\"email\":\"contact@certifiedcosmetics.com\",\"telephone\":\"+31 36 2036384\",\"legalName\":\"Certified Cosmetics\",\"foundingDate\":\"2010-01-01\",\"vatID\":\"NL854189543B01\",\"numberOfEmployees\":{\"@type\":\"QuantitativeValue\",\"minValue\":\"11\",\"maxValue\":\"50\"}}]}<\/script>\n<meta property=\"product:price:amount\" content=\"234.05\" \/>\n<meta property=\"product:price:currency\" content=\"USD\" \/>\n<meta property=\"og:availability\" content=\"instock\" \/>\n<meta property=\"product:availability\" content=\"instock\" \/>\n<meta property=\"product:retailer_item_id\" content=\"CC100067\" \/>\n<meta property=\"product:condition\" content=\"new\" \/>\n<!-- \/ Yoast SEO Premium plugin. -->","yoast_head_json":{"title":"Detektion af gluten - verifikation af glutenfri anprisning","description":"Certificer, at dit produkt er glutenfrit og egnet til f\u00f8lsomme forbrugere ved hj\u00e6lp af professionelle laboratorietest.","robots":{"index":"index","follow":"follow","max-snippet":"max-snippet:-1","max-image-preview":"max-image-preview:large","max-video-preview":"max-video-preview:-1"},"canonical":"https:\/\/www.certifiedcosmetics.com\/da\/product\/verifikation-af-anprisninger-og-test-af-ingredienser\/detektion-af-gluten-verifikation-af-glutenfri-anprisning\/","og_locale":"da_DK","og_type":"article","og_title":"Detektion af gluten - verifikation af glutenfri anprisning","og_description":"Certificer, at dit produkt er glutenfrit og egnet til f\u00f8lsomme forbrugere ved hj\u00e6lp af professionelle laboratorietest.","og_url":"https:\/\/www.certifiedcosmetics.com\/da\/product\/verifikation-af-anprisninger-og-test-af-ingredienser\/detektion-af-gluten-verifikation-af-glutenfri-anprisning\/","og_site_name":"Certified Cosmetics","og_image":[{"width":800,"height":800,"url":"https:\/\/www.certifiedcosmetics.com\/wp-content\/uploads\/2025\/07\/Gluten-Detection-Gluten-Free-Claim-Verification.jpg","type":"image\/jpeg"}],"twitter_card":"summary_large_image","twitter_misc":{"Price":"&#36;234.05","Availability":"In stock"},"schema":{"@context":"https:\/\/schema.org","@graph":[{"@type":"WebPage","@id":"https:\/\/www.certifiedcosmetics.com\/da\/product\/verifikation-af-anprisninger-og-test-af-ingredienser\/detektion-af-gluten-verifikation-af-glutenfri-anprisning\/","url":"https:\/\/www.certifiedcosmetics.com\/da\/product\/verifikation-af-anprisninger-og-test-af-ingredienser\/detektion-af-gluten-verifikation-af-glutenfri-anprisning\/","name":"Detektion af gluten - verifikation af glutenfri anprisning","isPartOf":{"@id":"https:\/\/www.certifiedcosmetics.com\/da\/#website"},"primaryImageOfPage":{"@id":"https:\/\/www.certifiedcosmetics.com\/da\/product\/verifikation-af-anprisninger-og-test-af-ingredienser\/detektion-af-gluten-verifikation-af-glutenfri-anprisning\/#primaryimage"},"image":{"@id":"https:\/\/www.certifiedcosmetics.com\/da\/product\/verifikation-af-anprisninger-og-test-af-ingredienser\/detektion-af-gluten-verifikation-af-glutenfri-anprisning\/#primaryimage"},"thumbnailUrl":"https:\/\/www.certifiedcosmetics.com\/wp-content\/uploads\/2025\/07\/Gluten-Detection-Gluten-Free-Claim-Verification.jpg","datePublished":"2025-07-04T15:07:58+00:00","description":"Certificer, at dit produkt er glutenfrit og egnet til f\u00f8lsomme forbrugere ved hj\u00e6lp af professionelle laboratorietest.","breadcrumb":{"@id":"https:\/\/www.certifiedcosmetics.com\/da\/product\/verifikation-af-anprisninger-og-test-af-ingredienser\/detektion-af-gluten-verifikation-af-glutenfri-anprisning\/#breadcrumb"},"inLanguage":"da-DK","potentialAction":[{"@type":"ReadAction","target":["https:\/\/www.certifiedcosmetics.com\/da\/product\/verifikation-af-anprisninger-og-test-af-ingredienser\/detektion-af-gluten-verifikation-af-glutenfri-anprisning\/"]}]},{"@type":"ImageObject","inLanguage":"da-DK","@id":"https:\/\/www.certifiedcosmetics.com\/da\/product\/verifikation-af-anprisninger-og-test-af-ingredienser\/detektion-af-gluten-verifikation-af-glutenfri-anprisning\/#primaryimage","url":"https:\/\/www.certifiedcosmetics.com\/wp-content\/uploads\/2025\/07\/Gluten-Detection-Gluten-Free-Claim-Verification.jpg","contentUrl":"https:\/\/www.certifiedcosmetics.com\/wp-content\/uploads\/2025\/07\/Gluten-Detection-Gluten-Free-Claim-Verification.jpg","width":800,"height":800},{"@type":"BreadcrumbList","@id":"https:\/\/www.certifiedcosmetics.com\/da\/product\/verifikation-af-anprisninger-og-test-af-ingredienser\/detektion-af-gluten-verifikation-af-glutenfri-anprisning\/#breadcrumb","itemListElement":[{"@type":"ListItem","position":1,"name":"Home","item":"https:\/\/www.certifiedcosmetics.com\/da\/vurdering-af-kosmetiske-produkters-sikkerhed\/"},{"@type":"ListItem","position":2,"name":"Butik","item":"https:\/\/www.certifiedcosmetics.com\/butik\/"},{"@type":"ListItem","position":3,"name":"Detektion af gluten &#8211; verifikation af glutenfri anprisning"}]},{"@type":"WebSite","@id":"https:\/\/www.certifiedcosmetics.com\/da\/#website","url":"https:\/\/www.certifiedcosmetics.com\/da\/","name":"Certified Cosmetics","description":"Cosmetic Safety Assessment","publisher":{"@id":"https:\/\/www.certifiedcosmetics.com\/da\/#organization"},"potentialAction":[{"@type":"SearchAction","target":{"@type":"EntryPoint","urlTemplate":"https:\/\/www.certifiedcosmetics.com\/da\/?s={search_term_string}"},"query-input":{"@type":"PropertyValueSpecification","valueRequired":true,"valueName":"search_term_string"}}],"inLanguage":"da-DK"},{"@type":"Organization","@id":"https:\/\/www.certifiedcosmetics.com\/da\/#organization","name":"Certified Cosmetics","url":"https:\/\/www.certifiedcosmetics.com\/da\/","logo":{"@type":"ImageObject","inLanguage":"da-DK","@id":"https:\/\/www.certifiedcosmetics.com\/da\/#\/schema\/logo\/image\/","url":"https:\/\/www.certifiedcosmetics.com\/wp-content\/uploads\/2024\/12\/logo_certified_cosmetics696.jpg","contentUrl":"https:\/\/www.certifiedcosmetics.com\/wp-content\/uploads\/2024\/12\/logo_certified_cosmetics696.jpg","width":696,"height":696,"caption":"Certified Cosmetics"},"image":{"@id":"https:\/\/www.certifiedcosmetics.com\/da\/#\/schema\/logo\/image\/"},"description":"Your trusted partner for cosmetic product safety reporting. We take care of updating all of your documentation, ensuring your compliance stays current even as regulations evolve. The Cosmetic Product Safety Assessment will give you everything you need to sell specific products to EU consumers.","email":"contact@certifiedcosmetics.com","telephone":"+31 36 2036384","legalName":"Certified Cosmetics","foundingDate":"2010-01-01","vatID":"NL854189543B01","numberOfEmployees":{"@type":"QuantitativeValue","minValue":"11","maxValue":"50"}}]},"product_price_amount":"234.05","product_price_currency":"USD","og_availability":"instock","product_availability":"instock","product_retailer_item_id":"CC100067","product_condition":"new"},"_links":{"self":[{"href":"https:\/\/www.certifiedcosmetics.com\/da\/wp-json\/wp\/v2\/product\/17201","targetHints":{"allow":["GET"]}}],"collection":[{"href":"https:\/\/www.certifiedcosmetics.com\/da\/wp-json\/wp\/v2\/product"}],"about":[{"href":"https:\/\/www.certifiedcosmetics.com\/da\/wp-json\/wp\/v2\/types\/product"}],"wp:featuredmedia":[{"embeddable":true,"href":"https:\/\/www.certifiedcosmetics.com\/da\/wp-json\/wp\/v2\/media\/17204"}],"wp:attachment":[{"href":"https:\/\/www.certifiedcosmetics.com\/da\/wp-json\/wp\/v2\/media?parent=17201"}],"wp:term":[{"taxonomy":"product_brand","embeddable":true,"href":"https:\/\/www.certifiedcosmetics.com\/da\/wp-json\/wp\/v2\/product_brand?post=17201"},{"taxonomy":"product_cat","embeddable":true,"href":"https:\/\/www.certifiedcosmetics.com\/da\/wp-json\/wp\/v2\/product_cat?post=17201"},{"taxonomy":"product_tag","embeddable":true,"href":"https:\/\/www.certifiedcosmetics.com\/da\/wp-json\/wp\/v2\/product_tag?post=17201"}],"curies":[{"name":"wp","href":"https:\/\/api.w.org\/{rel}","templated":true}]}}