{"id":17190,"date":"2025-07-04T16:07:52","date_gmt":"2025-07-04T15:07:52","guid":{"rendered":"https:\/\/www.certifiedcosmetics.com\/product\/Ikke kategoriseret\/detektion-af-14-dioxan-verificering-af-renhed\/"},"modified":"2025-07-04T16:07:52","modified_gmt":"2025-07-04T15:07:52","slug":"detektion-af-14-dioxan-verificering-af-renhed","status":"publish","type":"product","link":"https:\/\/www.certifiedcosmetics.com\/da\/product\/verifikation-af-anprisninger-og-test-af-ingredienser\/detektion-af-14-dioxan-verificering-af-renhed\/","title":{"rendered":"Detektion af 1,4 dioxan &#8211; verificering af renhed"},"content":{"rendered":"<h2>Hvad er 1,4-dioxan?<\/h2>\n<p>1,4-Dioxan er ikke en ingrediens, vi tils\u00e6tter produkter med vilje; det er et stof, der kan dannes utilsigtet under fremstillingsprocesser. Du kan st\u00f8de p\u00e5 det i produkter, der danner skum, f.eks. shampoo, flydende s\u00e6ber, opvaskemidler, badeskum, brusegeler og endda tandpasta. Ud over kosmetik og produkter til personlig pleje kan man nogle gange finde lave koncentrationer i visse reng\u00f8ringsprodukter og endda i f\u00f8devareemballage.  <\/p>\n<h2>Hvordan dannes 1,4-dioxan?<\/h2>\n<p>Dette stof dannes normalt under ethoxyleringsprocessen, hvor SLS (Sodium Lauryl Sulfate), som kan v\u00e6re irriterende for huden, omdannes til SLES (Sodium Lauryl Ether Sulfate), som er et mildere alternativ. Denne omdannelse er en almindeligt anvendt metode til at f\u00e5 produkter til at skumme mere sk\u00e5nsomt og effektivt. Men 1,4-dioxan kan v\u00e6re et biprodukt af denne proces. Produkter, der indeholder ingredienser som SLES (Sodium Lauryl Ether Sulfate), PEG-forbindelser (Polyethylene Glycol, Polyethylene), Ceteareth og Oleth, har en h\u00f8jere risiko for at indeholde 1,4-dioxan. Disse ingredienser bruges ofte i mange hverdagsprodukter som fugtighedscreme, emulgatorer eller opl\u00f8sningsmidler.    <\/p>\n<h2>Virkninger p\u00e5 menneskers sundhed<\/h2>\n<p>1,4-Dioxan absorberes let gennem huden. Denne optagelse kan \u00f8ges, is\u00e6r med badeprodukter, der varmer huden og \u00e5bner porerne, som f.eks. under et varmt brusebad eller bad. B\u00e5de U.S. Environmental Protection Agency (EPA) og International Agency for Research on Cancer (IARC) klassificerer 1,4-dioxan som et muligt kr\u00e6ftfremkaldende stof for mennesker (gruppe 2B). Denne klassificering indikerer, at eksponering for stoffet medf\u00f8rer potentielle risici. Forskning tyder p\u00e5, at 1,4-dioxan kan for\u00e5rsage skadelige virkninger p\u00e5 leveren, nyrerne, lungerne og centralnervesystemet. Mere alvorlige helbredsproblemer kan opst\u00e5 ved langvarig eller h\u00f8j eksponering.     <\/p>\n<h2>P\u00e5visning af 1,4-dioxan<\/h2>\n<p>N\u00f8jagtig bestemmelse af indholdet af 1,4-dioxan i dine produkter er afg\u00f8rende for b\u00e5de forbrugernes sikkerhed og overholdelse af lovgivningen. Vores laboratorium er akkrediteret til analyse af 1,4-dioxan. Med vores topmoderne udstyr og vores erfarne team af eksperter leverer vi omhyggelige og p\u00e5lidelige analytiske tjenester for at sikre dine produkters sikkerhed. T\u00f8v ikke med at kontakte os for at sikre, at dine produkter opfylder markedskravene og overg\u00e5r kvalitetsforventningerne.   <\/p>\n","protected":false},"excerpt":{"rendered":"<p>Hvad er 1,4-dioxan? 1,4-Dioxan er ikke en ingrediens, vi tils\u00e6tter produkter med vilje; det er et stof, der kan dannes utilsigtet under fremstillingsprocesser. Du kan st\u00f8de p\u00e5 det i produkter, der danner skum, f.eks. shampoo, flydende s\u00e6ber, opvaskemidler, badeskum, brusegeler og endda tandpasta. Ud over kosmetik og produkter til personlig pleje kan man nogle gange&#8230;<\/p>\n","protected":false},"featured_media":17192,"template":"","meta":[],"product_brand":[],"product_cat":[1865],"product_tag":[],"class_list":{"0":"post-17190","1":"product","2":"type-product","3":"status-publish","4":"has-post-thumbnail","6":"product_cat-verifikation-af-anprisninger-og-test-af-ingredienser","8":"first","9":"instock","10":"virtual","11":"taxable","12":"purchasable","13":"product-type-simple"},"bundled_by":[],"bundle_stock_status":"instock","bundle_stock_quantity":null,"bundle_virtual":false,"bundle_layout":"","bundle_add_to_cart_form_location":"","bundle_editable_in_cart":false,"bundle_sold_individually_context":"","bundle_item_grouping":"","bundle_min_size":"","bundle_max_size":"","bundle_price":[],"bundled_items":[],"bundle_sell_ids":[],"yoast_head":"<!-- This site is optimized with the Yoast SEO Premium plugin v25.4 (Yoast SEO v25.4) - https:\/\/yoast.com\/wordpress\/plugins\/seo\/ -->\n<title>Detektion af 1,4 dioxan - verificering af renhed<\/title>\n<meta name=\"description\" content=\"Bekr\u00e6ft, at dine produkter er fri for 1,4-dioxan med vores pr\u00e6cise laboratorietest og detektionstjenester. S\u00f8rg for renhed og overholdelse af forbrugernes sikkerhed.\" \/>\n<meta name=\"robots\" content=\"index, follow, max-snippet:-1, max-image-preview:large, max-video-preview:-1\" \/>\n<link rel=\"canonical\" href=\"https:\/\/www.certifiedcosmetics.com\/da\/product\/verifikation-af-anprisninger-og-test-af-ingredienser\/detektion-af-14-dioxan-verificering-af-renhed\/\" \/>\n<meta property=\"og:locale\" content=\"da_DK\" \/>\n<meta property=\"og:type\" content=\"article\" \/>\n<meta property=\"og:title\" content=\"Detektion af 1,4 dioxan - verificering af renhed\" \/>\n<meta property=\"og:description\" content=\"Bekr\u00e6ft, at dine produkter er fri for 1,4-dioxan med vores pr\u00e6cise laboratorietest og detektionstjenester. S\u00f8rg for renhed og overholdelse af forbrugernes sikkerhed.\" \/>\n<meta property=\"og:url\" content=\"https:\/\/www.certifiedcosmetics.com\/da\/product\/verifikation-af-anprisninger-og-test-af-ingredienser\/detektion-af-14-dioxan-verificering-af-renhed\/\" \/>\n<meta property=\"og:site_name\" content=\"Certified Cosmetics\" \/>\n<meta property=\"og:image\" content=\"https:\/\/www.certifiedcosmetics.com\/wp-content\/uploads\/2025\/07\/14-Dioxane-Detection-Purity-Verification.jpg\" \/>\n\t<meta property=\"og:image:width\" content=\"800\" \/>\n\t<meta property=\"og:image:height\" content=\"800\" \/>\n\t<meta property=\"og:image:type\" content=\"image\/jpeg\" \/>\n<meta name=\"twitter:card\" content=\"summary_large_image\" \/>\n<meta name=\"twitter:label1\" content=\"Price\" \/>\n\t<meta name=\"twitter:data1\" content=\"&#036;234.05\" \/>\n\t<meta name=\"twitter:label2\" content=\"Availability\" \/>\n\t<meta name=\"twitter:data2\" content=\"In stock\" \/>\n<script type=\"application\/ld+json\" class=\"yoast-schema-graph\">{\"@context\":\"https:\/\/schema.org\",\"@graph\":[{\"@type\":\"WebPage\",\"@id\":\"https:\/\/www.certifiedcosmetics.com\/da\/product\/verifikation-af-anprisninger-og-test-af-ingredienser\/detektion-af-14-dioxan-verificering-af-renhed\/\",\"url\":\"https:\/\/www.certifiedcosmetics.com\/da\/product\/verifikation-af-anprisninger-og-test-af-ingredienser\/detektion-af-14-dioxan-verificering-af-renhed\/\",\"name\":\"Detektion af 1,4 dioxan - verificering af renhed\",\"isPartOf\":{\"@id\":\"https:\/\/www.certifiedcosmetics.com\/da\/#website\"},\"primaryImageOfPage\":{\"@id\":\"https:\/\/www.certifiedcosmetics.com\/da\/product\/verifikation-af-anprisninger-og-test-af-ingredienser\/detektion-af-14-dioxan-verificering-af-renhed\/#primaryimage\"},\"image\":{\"@id\":\"https:\/\/www.certifiedcosmetics.com\/da\/product\/verifikation-af-anprisninger-og-test-af-ingredienser\/detektion-af-14-dioxan-verificering-af-renhed\/#primaryimage\"},\"thumbnailUrl\":\"https:\/\/www.certifiedcosmetics.com\/wp-content\/uploads\/2025\/07\/14-Dioxane-Detection-Purity-Verification.jpg\",\"datePublished\":\"2025-07-04T15:07:52+00:00\",\"description\":\"Bekr\u00e6ft, at dine produkter er fri for 1,4-dioxan med vores pr\u00e6cise laboratorietest og detektionstjenester. S\u00f8rg for renhed og overholdelse af forbrugernes sikkerhed.\",\"breadcrumb\":{\"@id\":\"https:\/\/www.certifiedcosmetics.com\/da\/product\/verifikation-af-anprisninger-og-test-af-ingredienser\/detektion-af-14-dioxan-verificering-af-renhed\/#breadcrumb\"},\"inLanguage\":\"da-DK\",\"potentialAction\":[{\"@type\":\"ReadAction\",\"target\":[\"https:\/\/www.certifiedcosmetics.com\/da\/product\/verifikation-af-anprisninger-og-test-af-ingredienser\/detektion-af-14-dioxan-verificering-af-renhed\/\"]}]},{\"@type\":\"ImageObject\",\"inLanguage\":\"da-DK\",\"@id\":\"https:\/\/www.certifiedcosmetics.com\/da\/product\/verifikation-af-anprisninger-og-test-af-ingredienser\/detektion-af-14-dioxan-verificering-af-renhed\/#primaryimage\",\"url\":\"https:\/\/www.certifiedcosmetics.com\/wp-content\/uploads\/2025\/07\/14-Dioxane-Detection-Purity-Verification.jpg\",\"contentUrl\":\"https:\/\/www.certifiedcosmetics.com\/wp-content\/uploads\/2025\/07\/14-Dioxane-Detection-Purity-Verification.jpg\",\"width\":800,\"height\":800},{\"@type\":\"BreadcrumbList\",\"@id\":\"https:\/\/www.certifiedcosmetics.com\/da\/product\/verifikation-af-anprisninger-og-test-af-ingredienser\/detektion-af-14-dioxan-verificering-af-renhed\/#breadcrumb\",\"itemListElement\":[{\"@type\":\"ListItem\",\"position\":1,\"name\":\"Home\",\"item\":\"https:\/\/www.certifiedcosmetics.com\/da\/vurdering-af-kosmetiske-produkters-sikkerhed\/\"},{\"@type\":\"ListItem\",\"position\":2,\"name\":\"Butik\",\"item\":\"https:\/\/www.certifiedcosmetics.com\/butik\/\"},{\"@type\":\"ListItem\",\"position\":3,\"name\":\"Detektion af 1,4 dioxan &#8211; verificering af renhed\"}]},{\"@type\":\"WebSite\",\"@id\":\"https:\/\/www.certifiedcosmetics.com\/da\/#website\",\"url\":\"https:\/\/www.certifiedcosmetics.com\/da\/\",\"name\":\"Certified Cosmetics\",\"description\":\"Cosmetic Safety Assessment\",\"publisher\":{\"@id\":\"https:\/\/www.certifiedcosmetics.com\/da\/#organization\"},\"potentialAction\":[{\"@type\":\"SearchAction\",\"target\":{\"@type\":\"EntryPoint\",\"urlTemplate\":\"https:\/\/www.certifiedcosmetics.com\/da\/?s={search_term_string}\"},\"query-input\":{\"@type\":\"PropertyValueSpecification\",\"valueRequired\":true,\"valueName\":\"search_term_string\"}}],\"inLanguage\":\"da-DK\"},{\"@type\":\"Organization\",\"@id\":\"https:\/\/www.certifiedcosmetics.com\/da\/#organization\",\"name\":\"Certified Cosmetics\",\"url\":\"https:\/\/www.certifiedcosmetics.com\/da\/\",\"logo\":{\"@type\":\"ImageObject\",\"inLanguage\":\"da-DK\",\"@id\":\"https:\/\/www.certifiedcosmetics.com\/da\/#\/schema\/logo\/image\/\",\"url\":\"https:\/\/www.certifiedcosmetics.com\/wp-content\/uploads\/2024\/12\/logo_certified_cosmetics696.jpg\",\"contentUrl\":\"https:\/\/www.certifiedcosmetics.com\/wp-content\/uploads\/2024\/12\/logo_certified_cosmetics696.jpg\",\"width\":696,\"height\":696,\"caption\":\"Certified Cosmetics\"},\"image\":{\"@id\":\"https:\/\/www.certifiedcosmetics.com\/da\/#\/schema\/logo\/image\/\"},\"description\":\"Your trusted partner for cosmetic product safety reporting. We take care of updating all of your documentation, ensuring your compliance stays current even as regulations evolve. The Cosmetic Product Safety Assessment will give you everything you need to sell specific products to EU consumers.\",\"email\":\"contact@certifiedcosmetics.com\",\"telephone\":\"+31 36 2036384\",\"legalName\":\"Certified Cosmetics\",\"foundingDate\":\"2010-01-01\",\"vatID\":\"NL854189543B01\",\"numberOfEmployees\":{\"@type\":\"QuantitativeValue\",\"minValue\":\"11\",\"maxValue\":\"50\"}}]}<\/script>\n<meta property=\"product:price:amount\" content=\"234.05\" \/>\n<meta property=\"product:price:currency\" content=\"USD\" \/>\n<meta property=\"og:availability\" content=\"instock\" \/>\n<meta property=\"product:availability\" content=\"instock\" \/>\n<meta property=\"product:retailer_item_id\" content=\"CC100007\" \/>\n<meta property=\"product:condition\" content=\"new\" \/>\n<!-- \/ Yoast SEO Premium plugin. -->","yoast_head_json":{"title":"Detektion af 1,4 dioxan - verificering af renhed","description":"Bekr\u00e6ft, at dine produkter er fri for 1,4-dioxan med vores pr\u00e6cise laboratorietest og detektionstjenester. S\u00f8rg for renhed og overholdelse af forbrugernes sikkerhed.","robots":{"index":"index","follow":"follow","max-snippet":"max-snippet:-1","max-image-preview":"max-image-preview:large","max-video-preview":"max-video-preview:-1"},"canonical":"https:\/\/www.certifiedcosmetics.com\/da\/product\/verifikation-af-anprisninger-og-test-af-ingredienser\/detektion-af-14-dioxan-verificering-af-renhed\/","og_locale":"da_DK","og_type":"article","og_title":"Detektion af 1,4 dioxan - verificering af renhed","og_description":"Bekr\u00e6ft, at dine produkter er fri for 1,4-dioxan med vores pr\u00e6cise laboratorietest og detektionstjenester. S\u00f8rg for renhed og overholdelse af forbrugernes sikkerhed.","og_url":"https:\/\/www.certifiedcosmetics.com\/da\/product\/verifikation-af-anprisninger-og-test-af-ingredienser\/detektion-af-14-dioxan-verificering-af-renhed\/","og_site_name":"Certified Cosmetics","og_image":[{"width":800,"height":800,"url":"https:\/\/www.certifiedcosmetics.com\/wp-content\/uploads\/2025\/07\/14-Dioxane-Detection-Purity-Verification.jpg","type":"image\/jpeg"}],"twitter_card":"summary_large_image","twitter_misc":{"Price":"&#36;234.05","Availability":"In stock"},"schema":{"@context":"https:\/\/schema.org","@graph":[{"@type":"WebPage","@id":"https:\/\/www.certifiedcosmetics.com\/da\/product\/verifikation-af-anprisninger-og-test-af-ingredienser\/detektion-af-14-dioxan-verificering-af-renhed\/","url":"https:\/\/www.certifiedcosmetics.com\/da\/product\/verifikation-af-anprisninger-og-test-af-ingredienser\/detektion-af-14-dioxan-verificering-af-renhed\/","name":"Detektion af 1,4 dioxan - verificering af renhed","isPartOf":{"@id":"https:\/\/www.certifiedcosmetics.com\/da\/#website"},"primaryImageOfPage":{"@id":"https:\/\/www.certifiedcosmetics.com\/da\/product\/verifikation-af-anprisninger-og-test-af-ingredienser\/detektion-af-14-dioxan-verificering-af-renhed\/#primaryimage"},"image":{"@id":"https:\/\/www.certifiedcosmetics.com\/da\/product\/verifikation-af-anprisninger-og-test-af-ingredienser\/detektion-af-14-dioxan-verificering-af-renhed\/#primaryimage"},"thumbnailUrl":"https:\/\/www.certifiedcosmetics.com\/wp-content\/uploads\/2025\/07\/14-Dioxane-Detection-Purity-Verification.jpg","datePublished":"2025-07-04T15:07:52+00:00","description":"Bekr\u00e6ft, at dine produkter er fri for 1,4-dioxan med vores pr\u00e6cise laboratorietest og detektionstjenester. S\u00f8rg for renhed og overholdelse af forbrugernes sikkerhed.","breadcrumb":{"@id":"https:\/\/www.certifiedcosmetics.com\/da\/product\/verifikation-af-anprisninger-og-test-af-ingredienser\/detektion-af-14-dioxan-verificering-af-renhed\/#breadcrumb"},"inLanguage":"da-DK","potentialAction":[{"@type":"ReadAction","target":["https:\/\/www.certifiedcosmetics.com\/da\/product\/verifikation-af-anprisninger-og-test-af-ingredienser\/detektion-af-14-dioxan-verificering-af-renhed\/"]}]},{"@type":"ImageObject","inLanguage":"da-DK","@id":"https:\/\/www.certifiedcosmetics.com\/da\/product\/verifikation-af-anprisninger-og-test-af-ingredienser\/detektion-af-14-dioxan-verificering-af-renhed\/#primaryimage","url":"https:\/\/www.certifiedcosmetics.com\/wp-content\/uploads\/2025\/07\/14-Dioxane-Detection-Purity-Verification.jpg","contentUrl":"https:\/\/www.certifiedcosmetics.com\/wp-content\/uploads\/2025\/07\/14-Dioxane-Detection-Purity-Verification.jpg","width":800,"height":800},{"@type":"BreadcrumbList","@id":"https:\/\/www.certifiedcosmetics.com\/da\/product\/verifikation-af-anprisninger-og-test-af-ingredienser\/detektion-af-14-dioxan-verificering-af-renhed\/#breadcrumb","itemListElement":[{"@type":"ListItem","position":1,"name":"Home","item":"https:\/\/www.certifiedcosmetics.com\/da\/vurdering-af-kosmetiske-produkters-sikkerhed\/"},{"@type":"ListItem","position":2,"name":"Butik","item":"https:\/\/www.certifiedcosmetics.com\/butik\/"},{"@type":"ListItem","position":3,"name":"Detektion af 1,4 dioxan &#8211; verificering af renhed"}]},{"@type":"WebSite","@id":"https:\/\/www.certifiedcosmetics.com\/da\/#website","url":"https:\/\/www.certifiedcosmetics.com\/da\/","name":"Certified Cosmetics","description":"Cosmetic Safety Assessment","publisher":{"@id":"https:\/\/www.certifiedcosmetics.com\/da\/#organization"},"potentialAction":[{"@type":"SearchAction","target":{"@type":"EntryPoint","urlTemplate":"https:\/\/www.certifiedcosmetics.com\/da\/?s={search_term_string}"},"query-input":{"@type":"PropertyValueSpecification","valueRequired":true,"valueName":"search_term_string"}}],"inLanguage":"da-DK"},{"@type":"Organization","@id":"https:\/\/www.certifiedcosmetics.com\/da\/#organization","name":"Certified Cosmetics","url":"https:\/\/www.certifiedcosmetics.com\/da\/","logo":{"@type":"ImageObject","inLanguage":"da-DK","@id":"https:\/\/www.certifiedcosmetics.com\/da\/#\/schema\/logo\/image\/","url":"https:\/\/www.certifiedcosmetics.com\/wp-content\/uploads\/2024\/12\/logo_certified_cosmetics696.jpg","contentUrl":"https:\/\/www.certifiedcosmetics.com\/wp-content\/uploads\/2024\/12\/logo_certified_cosmetics696.jpg","width":696,"height":696,"caption":"Certified Cosmetics"},"image":{"@id":"https:\/\/www.certifiedcosmetics.com\/da\/#\/schema\/logo\/image\/"},"description":"Your trusted partner for cosmetic product safety reporting. We take care of updating all of your documentation, ensuring your compliance stays current even as regulations evolve. The Cosmetic Product Safety Assessment will give you everything you need to sell specific products to EU consumers.","email":"contact@certifiedcosmetics.com","telephone":"+31 36 2036384","legalName":"Certified Cosmetics","foundingDate":"2010-01-01","vatID":"NL854189543B01","numberOfEmployees":{"@type":"QuantitativeValue","minValue":"11","maxValue":"50"}}]},"product_price_amount":"234.05","product_price_currency":"USD","og_availability":"instock","product_availability":"instock","product_retailer_item_id":"CC100007","product_condition":"new"},"_links":{"self":[{"href":"https:\/\/www.certifiedcosmetics.com\/da\/wp-json\/wp\/v2\/product\/17190","targetHints":{"allow":["GET"]}}],"collection":[{"href":"https:\/\/www.certifiedcosmetics.com\/da\/wp-json\/wp\/v2\/product"}],"about":[{"href":"https:\/\/www.certifiedcosmetics.com\/da\/wp-json\/wp\/v2\/types\/product"}],"wp:featuredmedia":[{"embeddable":true,"href":"https:\/\/www.certifiedcosmetics.com\/da\/wp-json\/wp\/v2\/media\/17192"}],"wp:attachment":[{"href":"https:\/\/www.certifiedcosmetics.com\/da\/wp-json\/wp\/v2\/media?parent=17190"}],"wp:term":[{"taxonomy":"product_brand","embeddable":true,"href":"https:\/\/www.certifiedcosmetics.com\/da\/wp-json\/wp\/v2\/product_brand?post=17190"},{"taxonomy":"product_cat","embeddable":true,"href":"https:\/\/www.certifiedcosmetics.com\/da\/wp-json\/wp\/v2\/product_cat?post=17190"},{"taxonomy":"product_tag","embeddable":true,"href":"https:\/\/www.certifiedcosmetics.com\/da\/wp-json\/wp\/v2\/product_tag?post=17190"}],"curies":[{"name":"wp","href":"https:\/\/api.w.org\/{rel}","templated":true}]}}