{"id":17186,"date":"2025-07-04T16:07:48","date_gmt":"2025-07-04T15:07:48","guid":{"rendered":"https:\/\/www.certifiedcosmetics.com\/product\/Ikke kategoriseret\/detektering-af-mineralolie-verifikation-af-mineraloliefrit-krav\/"},"modified":"2025-07-04T16:07:48","modified_gmt":"2025-07-04T15:07:48","slug":"detektering-af-mineralolie-verifikation-af-mineraloliefrit-krav","status":"publish","type":"product","link":"https:\/\/www.certifiedcosmetics.com\/da\/product\/verifikation-af-anprisninger-og-test-af-ingredienser\/detektering-af-mineralolie-verifikation-af-mineraloliefrit-krav\/","title":{"rendered":"Detektering af mineralolie &#8211; Verifikation af mineraloliefrit krav"},"content":{"rendered":"<h2>Hvad er mineralolie?<\/h2>\n<p>Mineralolie er et farvel\u00f8st, lugtfrit biprodukt fra oliedestillation, der i vid udstr\u00e6kning anvendes i kosmetik som et fugtgivende og okklusivt middel. Selv om det generelt er sikkert, foretr\u00e6kker nogle forbrugere at undg\u00e5 det til fordel for plantebaserede olier, eller fordi de er bekymrede over dets f\u00f8lelse eller ikke-\u00e5ndbare egenskaber.   <\/p>\n<h2>Hvorfor er det vigtigt at identificere mineralolie?<\/h2>\n<p>Forbrugere, der er p\u00e5 udkig efter lettere, ikke-komedogene eller &#8220;naturlige&#8221; formler, s\u00f8ger ofte produkter uden mineralolie. Denne service hj\u00e6lper dig:   <\/p>\n<ul>\n<li><strong>Bekr\u00e6ft p\u00e5stande om &#8220;mineraloliefrihed&#8221;:<\/strong> Identificer n\u00f8jagtigt tilstedev\u00e6relsen eller frav\u00e6ret af mineralolie i dine produkter.<\/li>\n<li><strong>M\u00e5lret mod specifikke forbrugere:<\/strong> Appeller til forbrugere, der aktivt s\u00f8ger alternative fugtgivende ingredienser.<\/li>\n<li>Underst\u00f8t markedets krav: Forst\u00e6rk dit brands engagement i specifikke ingrediensprofiler.<\/li>\n<\/ul>\n<h2>Detektion af mineralolie<\/h2>\n<p>Vores laboratorium identificerer n\u00f8jagtigt tilstedev\u00e6relsen eller frav\u00e6ret af mineralsk olie i dine produkter. Denne analyse hj\u00e6lper brands med at underbygge deres p\u00e5stande om mineraloliefrihed, im\u00f8dekomme specifikke forbrugerpr\u00e6ferencer og underst\u00f8tte en ren sk\u00f8nhedspositionering. T\u00f8v ikke med at kontakte os for at sikre dine produkters kvalitet og sikkerhed. T\u00f8v ikke med at kontakte os for at sikre, at dine produkter opfylder markedets krav og overg\u00e5r kvalitetsforventningerne.   <\/p>\n","protected":false},"excerpt":{"rendered":"<p>Hvad er mineralolie? Mineralolie er et farvel\u00f8st, lugtfrit biprodukt fra oliedestillation, der i vid udstr\u00e6kning anvendes i kosmetik som et fugtgivende og okklusivt middel. Selv om det generelt er sikkert, foretr\u00e6kker nogle forbrugere at undg\u00e5 det til fordel for plantebaserede olier, eller fordi de er bekymrede over dets f\u00f8lelse eller ikke-\u00e5ndbare egenskaber. Hvorfor er det&#8230;<\/p>\n","protected":false},"featured_media":17188,"template":"","meta":[],"product_brand":[],"product_cat":[1865],"product_tag":[],"class_list":{"0":"post-17186","1":"product","2":"type-product","3":"status-publish","4":"has-post-thumbnail","6":"product_cat-verifikation-af-anprisninger-og-test-af-ingredienser","8":"first","9":"instock","10":"virtual","11":"taxable","12":"purchasable","13":"product-type-simple"},"bundled_by":[],"bundle_stock_status":"instock","bundle_stock_quantity":null,"bundle_virtual":false,"bundle_layout":"","bundle_add_to_cart_form_location":"","bundle_editable_in_cart":false,"bundle_sold_individually_context":"","bundle_item_grouping":"","bundle_min_size":"","bundle_max_size":"","bundle_price":[],"bundled_items":[],"bundle_sell_ids":[],"yoast_head":"<!-- This site is optimized with the Yoast SEO Premium plugin v25.4 (Yoast SEO v25.4) - https:\/\/yoast.com\/wordpress\/plugins\/seo\/ -->\n<title>Detektering af mineralolie - Verifikation af mineraloliefrit krav<\/title>\n<meta name=\"description\" content=\"St\u00f8t ingrediensgennemsigtighed og formelverifikation ved at bekr\u00e6fte frav\u00e6ret af mineralske olier gennem p\u00e5lidelige laboratorietest.\" \/>\n<meta name=\"robots\" content=\"index, follow, max-snippet:-1, max-image-preview:large, max-video-preview:-1\" \/>\n<link rel=\"canonical\" href=\"https:\/\/www.certifiedcosmetics.com\/da\/product\/verifikation-af-anprisninger-og-test-af-ingredienser\/detektering-af-mineralolie-verifikation-af-mineraloliefrit-krav\/\" \/>\n<meta property=\"og:locale\" content=\"da_DK\" \/>\n<meta property=\"og:type\" content=\"article\" \/>\n<meta property=\"og:title\" content=\"Detektering af mineralolie - Verifikation af mineraloliefrit krav\" \/>\n<meta property=\"og:description\" content=\"St\u00f8t ingrediensgennemsigtighed og formelverifikation ved at bekr\u00e6fte frav\u00e6ret af mineralske olier gennem p\u00e5lidelige laboratorietest.\" \/>\n<meta property=\"og:url\" content=\"https:\/\/www.certifiedcosmetics.com\/da\/product\/verifikation-af-anprisninger-og-test-af-ingredienser\/detektering-af-mineralolie-verifikation-af-mineraloliefrit-krav\/\" \/>\n<meta property=\"og:site_name\" content=\"Certified Cosmetics\" \/>\n<meta property=\"og:image\" content=\"https:\/\/www.certifiedcosmetics.com\/wp-content\/uploads\/2025\/07\/Mineral-Oil-Detection-Mineral-Oil-Free-Claim-Verification.jpg\" \/>\n\t<meta property=\"og:image:width\" content=\"800\" \/>\n\t<meta property=\"og:image:height\" content=\"800\" \/>\n\t<meta property=\"og:image:type\" content=\"image\/jpeg\" \/>\n<meta name=\"twitter:card\" content=\"summary_large_image\" \/>\n<meta name=\"twitter:label1\" content=\"Price\" \/>\n\t<meta name=\"twitter:data1\" content=\"&#036;234.05\" \/>\n\t<meta name=\"twitter:label2\" content=\"Availability\" \/>\n\t<meta name=\"twitter:data2\" content=\"In stock\" \/>\n<script type=\"application\/ld+json\" class=\"yoast-schema-graph\">{\"@context\":\"https:\/\/schema.org\",\"@graph\":[{\"@type\":\"WebPage\",\"@id\":\"https:\/\/www.certifiedcosmetics.com\/da\/product\/verifikation-af-anprisninger-og-test-af-ingredienser\/detektering-af-mineralolie-verifikation-af-mineraloliefrit-krav\/\",\"url\":\"https:\/\/www.certifiedcosmetics.com\/da\/product\/verifikation-af-anprisninger-og-test-af-ingredienser\/detektering-af-mineralolie-verifikation-af-mineraloliefrit-krav\/\",\"name\":\"Detektering af mineralolie - Verifikation af mineraloliefrit krav\",\"isPartOf\":{\"@id\":\"https:\/\/www.certifiedcosmetics.com\/da\/#website\"},\"primaryImageOfPage\":{\"@id\":\"https:\/\/www.certifiedcosmetics.com\/da\/product\/verifikation-af-anprisninger-og-test-af-ingredienser\/detektering-af-mineralolie-verifikation-af-mineraloliefrit-krav\/#primaryimage\"},\"image\":{\"@id\":\"https:\/\/www.certifiedcosmetics.com\/da\/product\/verifikation-af-anprisninger-og-test-af-ingredienser\/detektering-af-mineralolie-verifikation-af-mineraloliefrit-krav\/#primaryimage\"},\"thumbnailUrl\":\"https:\/\/www.certifiedcosmetics.com\/wp-content\/uploads\/2025\/07\/Mineral-Oil-Detection-Mineral-Oil-Free-Claim-Verification.jpg\",\"datePublished\":\"2025-07-04T15:07:48+00:00\",\"description\":\"St\u00f8t ingrediensgennemsigtighed og formelverifikation ved at bekr\u00e6fte frav\u00e6ret af mineralske olier gennem p\u00e5lidelige laboratorietest.\",\"breadcrumb\":{\"@id\":\"https:\/\/www.certifiedcosmetics.com\/da\/product\/verifikation-af-anprisninger-og-test-af-ingredienser\/detektering-af-mineralolie-verifikation-af-mineraloliefrit-krav\/#breadcrumb\"},\"inLanguage\":\"da-DK\",\"potentialAction\":[{\"@type\":\"ReadAction\",\"target\":[\"https:\/\/www.certifiedcosmetics.com\/da\/product\/verifikation-af-anprisninger-og-test-af-ingredienser\/detektering-af-mineralolie-verifikation-af-mineraloliefrit-krav\/\"]}]},{\"@type\":\"ImageObject\",\"inLanguage\":\"da-DK\",\"@id\":\"https:\/\/www.certifiedcosmetics.com\/da\/product\/verifikation-af-anprisninger-og-test-af-ingredienser\/detektering-af-mineralolie-verifikation-af-mineraloliefrit-krav\/#primaryimage\",\"url\":\"https:\/\/www.certifiedcosmetics.com\/wp-content\/uploads\/2025\/07\/Mineral-Oil-Detection-Mineral-Oil-Free-Claim-Verification.jpg\",\"contentUrl\":\"https:\/\/www.certifiedcosmetics.com\/wp-content\/uploads\/2025\/07\/Mineral-Oil-Detection-Mineral-Oil-Free-Claim-Verification.jpg\",\"width\":800,\"height\":800},{\"@type\":\"BreadcrumbList\",\"@id\":\"https:\/\/www.certifiedcosmetics.com\/da\/product\/verifikation-af-anprisninger-og-test-af-ingredienser\/detektering-af-mineralolie-verifikation-af-mineraloliefrit-krav\/#breadcrumb\",\"itemListElement\":[{\"@type\":\"ListItem\",\"position\":1,\"name\":\"Home\",\"item\":\"https:\/\/www.certifiedcosmetics.com\/da\/vurdering-af-kosmetiske-produkters-sikkerhed\/\"},{\"@type\":\"ListItem\",\"position\":2,\"name\":\"Butik\",\"item\":\"https:\/\/www.certifiedcosmetics.com\/butik\/\"},{\"@type\":\"ListItem\",\"position\":3,\"name\":\"Detektering af mineralolie &#8211; Verifikation af mineraloliefrit krav\"}]},{\"@type\":\"WebSite\",\"@id\":\"https:\/\/www.certifiedcosmetics.com\/da\/#website\",\"url\":\"https:\/\/www.certifiedcosmetics.com\/da\/\",\"name\":\"Certified Cosmetics\",\"description\":\"Cosmetic Safety Assessment\",\"publisher\":{\"@id\":\"https:\/\/www.certifiedcosmetics.com\/da\/#organization\"},\"potentialAction\":[{\"@type\":\"SearchAction\",\"target\":{\"@type\":\"EntryPoint\",\"urlTemplate\":\"https:\/\/www.certifiedcosmetics.com\/da\/?s={search_term_string}\"},\"query-input\":{\"@type\":\"PropertyValueSpecification\",\"valueRequired\":true,\"valueName\":\"search_term_string\"}}],\"inLanguage\":\"da-DK\"},{\"@type\":\"Organization\",\"@id\":\"https:\/\/www.certifiedcosmetics.com\/da\/#organization\",\"name\":\"Certified Cosmetics\",\"url\":\"https:\/\/www.certifiedcosmetics.com\/da\/\",\"logo\":{\"@type\":\"ImageObject\",\"inLanguage\":\"da-DK\",\"@id\":\"https:\/\/www.certifiedcosmetics.com\/da\/#\/schema\/logo\/image\/\",\"url\":\"https:\/\/www.certifiedcosmetics.com\/wp-content\/uploads\/2024\/12\/logo_certified_cosmetics696.jpg\",\"contentUrl\":\"https:\/\/www.certifiedcosmetics.com\/wp-content\/uploads\/2024\/12\/logo_certified_cosmetics696.jpg\",\"width\":696,\"height\":696,\"caption\":\"Certified Cosmetics\"},\"image\":{\"@id\":\"https:\/\/www.certifiedcosmetics.com\/da\/#\/schema\/logo\/image\/\"},\"description\":\"Your trusted partner for cosmetic product safety reporting. We take care of updating all of your documentation, ensuring your compliance stays current even as regulations evolve. The Cosmetic Product Safety Assessment will give you everything you need to sell specific products to EU consumers.\",\"email\":\"contact@certifiedcosmetics.com\",\"telephone\":\"+31 36 2036384\",\"legalName\":\"Certified Cosmetics\",\"foundingDate\":\"2010-01-01\",\"vatID\":\"NL854189543B01\",\"numberOfEmployees\":{\"@type\":\"QuantitativeValue\",\"minValue\":\"11\",\"maxValue\":\"50\"}}]}<\/script>\n<meta property=\"product:price:amount\" content=\"234.05\" \/>\n<meta property=\"product:price:currency\" content=\"USD\" \/>\n<meta property=\"og:availability\" content=\"instock\" \/>\n<meta property=\"product:availability\" content=\"instock\" \/>\n<meta property=\"product:retailer_item_id\" content=\"CC100092\" \/>\n<meta property=\"product:condition\" content=\"new\" \/>\n<!-- \/ Yoast SEO Premium plugin. -->","yoast_head_json":{"title":"Detektering af mineralolie - Verifikation af mineraloliefrit krav","description":"St\u00f8t ingrediensgennemsigtighed og formelverifikation ved at bekr\u00e6fte frav\u00e6ret af mineralske olier gennem p\u00e5lidelige laboratorietest.","robots":{"index":"index","follow":"follow","max-snippet":"max-snippet:-1","max-image-preview":"max-image-preview:large","max-video-preview":"max-video-preview:-1"},"canonical":"https:\/\/www.certifiedcosmetics.com\/da\/product\/verifikation-af-anprisninger-og-test-af-ingredienser\/detektering-af-mineralolie-verifikation-af-mineraloliefrit-krav\/","og_locale":"da_DK","og_type":"article","og_title":"Detektering af mineralolie - Verifikation af mineraloliefrit krav","og_description":"St\u00f8t ingrediensgennemsigtighed og formelverifikation ved at bekr\u00e6fte frav\u00e6ret af mineralske olier gennem p\u00e5lidelige laboratorietest.","og_url":"https:\/\/www.certifiedcosmetics.com\/da\/product\/verifikation-af-anprisninger-og-test-af-ingredienser\/detektering-af-mineralolie-verifikation-af-mineraloliefrit-krav\/","og_site_name":"Certified Cosmetics","og_image":[{"width":800,"height":800,"url":"https:\/\/www.certifiedcosmetics.com\/wp-content\/uploads\/2025\/07\/Mineral-Oil-Detection-Mineral-Oil-Free-Claim-Verification.jpg","type":"image\/jpeg"}],"twitter_card":"summary_large_image","twitter_misc":{"Price":"&#36;234.05","Availability":"In stock"},"schema":{"@context":"https:\/\/schema.org","@graph":[{"@type":"WebPage","@id":"https:\/\/www.certifiedcosmetics.com\/da\/product\/verifikation-af-anprisninger-og-test-af-ingredienser\/detektering-af-mineralolie-verifikation-af-mineraloliefrit-krav\/","url":"https:\/\/www.certifiedcosmetics.com\/da\/product\/verifikation-af-anprisninger-og-test-af-ingredienser\/detektering-af-mineralolie-verifikation-af-mineraloliefrit-krav\/","name":"Detektering af mineralolie - Verifikation af mineraloliefrit krav","isPartOf":{"@id":"https:\/\/www.certifiedcosmetics.com\/da\/#website"},"primaryImageOfPage":{"@id":"https:\/\/www.certifiedcosmetics.com\/da\/product\/verifikation-af-anprisninger-og-test-af-ingredienser\/detektering-af-mineralolie-verifikation-af-mineraloliefrit-krav\/#primaryimage"},"image":{"@id":"https:\/\/www.certifiedcosmetics.com\/da\/product\/verifikation-af-anprisninger-og-test-af-ingredienser\/detektering-af-mineralolie-verifikation-af-mineraloliefrit-krav\/#primaryimage"},"thumbnailUrl":"https:\/\/www.certifiedcosmetics.com\/wp-content\/uploads\/2025\/07\/Mineral-Oil-Detection-Mineral-Oil-Free-Claim-Verification.jpg","datePublished":"2025-07-04T15:07:48+00:00","description":"St\u00f8t ingrediensgennemsigtighed og formelverifikation ved at bekr\u00e6fte frav\u00e6ret af mineralske olier gennem p\u00e5lidelige laboratorietest.","breadcrumb":{"@id":"https:\/\/www.certifiedcosmetics.com\/da\/product\/verifikation-af-anprisninger-og-test-af-ingredienser\/detektering-af-mineralolie-verifikation-af-mineraloliefrit-krav\/#breadcrumb"},"inLanguage":"da-DK","potentialAction":[{"@type":"ReadAction","target":["https:\/\/www.certifiedcosmetics.com\/da\/product\/verifikation-af-anprisninger-og-test-af-ingredienser\/detektering-af-mineralolie-verifikation-af-mineraloliefrit-krav\/"]}]},{"@type":"ImageObject","inLanguage":"da-DK","@id":"https:\/\/www.certifiedcosmetics.com\/da\/product\/verifikation-af-anprisninger-og-test-af-ingredienser\/detektering-af-mineralolie-verifikation-af-mineraloliefrit-krav\/#primaryimage","url":"https:\/\/www.certifiedcosmetics.com\/wp-content\/uploads\/2025\/07\/Mineral-Oil-Detection-Mineral-Oil-Free-Claim-Verification.jpg","contentUrl":"https:\/\/www.certifiedcosmetics.com\/wp-content\/uploads\/2025\/07\/Mineral-Oil-Detection-Mineral-Oil-Free-Claim-Verification.jpg","width":800,"height":800},{"@type":"BreadcrumbList","@id":"https:\/\/www.certifiedcosmetics.com\/da\/product\/verifikation-af-anprisninger-og-test-af-ingredienser\/detektering-af-mineralolie-verifikation-af-mineraloliefrit-krav\/#breadcrumb","itemListElement":[{"@type":"ListItem","position":1,"name":"Home","item":"https:\/\/www.certifiedcosmetics.com\/da\/vurdering-af-kosmetiske-produkters-sikkerhed\/"},{"@type":"ListItem","position":2,"name":"Butik","item":"https:\/\/www.certifiedcosmetics.com\/butik\/"},{"@type":"ListItem","position":3,"name":"Detektering af mineralolie &#8211; Verifikation af mineraloliefrit krav"}]},{"@type":"WebSite","@id":"https:\/\/www.certifiedcosmetics.com\/da\/#website","url":"https:\/\/www.certifiedcosmetics.com\/da\/","name":"Certified Cosmetics","description":"Cosmetic Safety Assessment","publisher":{"@id":"https:\/\/www.certifiedcosmetics.com\/da\/#organization"},"potentialAction":[{"@type":"SearchAction","target":{"@type":"EntryPoint","urlTemplate":"https:\/\/www.certifiedcosmetics.com\/da\/?s={search_term_string}"},"query-input":{"@type":"PropertyValueSpecification","valueRequired":true,"valueName":"search_term_string"}}],"inLanguage":"da-DK"},{"@type":"Organization","@id":"https:\/\/www.certifiedcosmetics.com\/da\/#organization","name":"Certified Cosmetics","url":"https:\/\/www.certifiedcosmetics.com\/da\/","logo":{"@type":"ImageObject","inLanguage":"da-DK","@id":"https:\/\/www.certifiedcosmetics.com\/da\/#\/schema\/logo\/image\/","url":"https:\/\/www.certifiedcosmetics.com\/wp-content\/uploads\/2024\/12\/logo_certified_cosmetics696.jpg","contentUrl":"https:\/\/www.certifiedcosmetics.com\/wp-content\/uploads\/2024\/12\/logo_certified_cosmetics696.jpg","width":696,"height":696,"caption":"Certified Cosmetics"},"image":{"@id":"https:\/\/www.certifiedcosmetics.com\/da\/#\/schema\/logo\/image\/"},"description":"Your trusted partner for cosmetic product safety reporting. We take care of updating all of your documentation, ensuring your compliance stays current even as regulations evolve. The Cosmetic Product Safety Assessment will give you everything you need to sell specific products to EU consumers.","email":"contact@certifiedcosmetics.com","telephone":"+31 36 2036384","legalName":"Certified Cosmetics","foundingDate":"2010-01-01","vatID":"NL854189543B01","numberOfEmployees":{"@type":"QuantitativeValue","minValue":"11","maxValue":"50"}}]},"product_price_amount":"234.05","product_price_currency":"USD","og_availability":"instock","product_availability":"instock","product_retailer_item_id":"CC100092","product_condition":"new"},"_links":{"self":[{"href":"https:\/\/www.certifiedcosmetics.com\/da\/wp-json\/wp\/v2\/product\/17186","targetHints":{"allow":["GET"]}}],"collection":[{"href":"https:\/\/www.certifiedcosmetics.com\/da\/wp-json\/wp\/v2\/product"}],"about":[{"href":"https:\/\/www.certifiedcosmetics.com\/da\/wp-json\/wp\/v2\/types\/product"}],"wp:featuredmedia":[{"embeddable":true,"href":"https:\/\/www.certifiedcosmetics.com\/da\/wp-json\/wp\/v2\/media\/17188"}],"wp:attachment":[{"href":"https:\/\/www.certifiedcosmetics.com\/da\/wp-json\/wp\/v2\/media?parent=17186"}],"wp:term":[{"taxonomy":"product_brand","embeddable":true,"href":"https:\/\/www.certifiedcosmetics.com\/da\/wp-json\/wp\/v2\/product_brand?post=17186"},{"taxonomy":"product_cat","embeddable":true,"href":"https:\/\/www.certifiedcosmetics.com\/da\/wp-json\/wp\/v2\/product_cat?post=17186"},{"taxonomy":"product_tag","embeddable":true,"href":"https:\/\/www.certifiedcosmetics.com\/da\/wp-json\/wp\/v2\/product_tag?post=17186"}],"curies":[{"name":"wp","href":"https:\/\/api.w.org\/{rel}","templated":true}]}}