{"id":17180,"date":"2025-07-04T16:07:50","date_gmt":"2025-07-04T15:07:50","guid":{"rendered":"https:\/\/www.certifiedcosmetics.com\/product\/Ikke kategoriseret\/paavisning-af-paraffin-verifikation-af-paraffinfri-krav\/"},"modified":"2025-07-04T16:07:50","modified_gmt":"2025-07-04T15:07:50","slug":"paavisning-af-paraffin-verifikation-af-paraffinfri-krav","status":"publish","type":"product","link":"https:\/\/www.certifiedcosmetics.com\/da\/product\/verifikation-af-anprisninger-og-test-af-ingredienser\/paavisning-af-paraffin-verifikation-af-paraffinfri-krav\/","title":{"rendered":"P\u00e5visning af paraffin &#8211; Verifikation af paraffinfri krav"},"content":{"rendered":"<h2>Hvad er paraffin?<\/h2>\n<p>Paraffin er et voksagtigt stof, der stammer fra olie, og som ofte bruges i kosmetik p\u00e5 grund af dets bl\u00f8dg\u00f8rende og beskyttende egenskaber. Ligesom mineralolie foretr\u00e6kker nogle forbrugere at undg\u00e5 paraffin p\u00e5 grund af dets oprindelse eller den tunge f\u00f8lelse, det kan efterlade p\u00e5 huden.   <\/p>\n<h2>Hvorfor er det vigtigt at finde paraffin?<\/h2>\n<p>Ligesom mineralolie er paraffin en ingrediens, der stammer fra olie, og som nogle forbrugere foretr\u00e6kker at undg\u00e5 i deres hudplejeprodukter. Denne service hj\u00e6lper dig:   <\/p>\n<ul>\n<li><strong>Bekr\u00e6ft p\u00e5stande om &#8220;paraffinfrihed&#8221;:<\/strong> Identificer n\u00f8jagtigt tilstedev\u00e6relsen eller frav\u00e6ret af paraffin i dine formler.<\/li>\n<li><strong>Opfylder specifikke pr\u00e6ferencer:<\/strong> Appeller til forbrugere, der aktivt s\u00f8ger alternativer til oliebaserede ingredienser.<\/li>\n<li><strong>Styrke brandets v\u00e6rdier:<\/strong> Underst\u00f8t en &#8220;ren&#8221; eller &#8220;naturlig&#8221; produktpositionering.<\/li>\n<\/ul>\n<h2>P\u00e5visning af paraffin<\/h2>\n<p>Vores laboratorium identificerer n\u00f8jagtigt tilstedev\u00e6relsen eller frav\u00e6ret af paraffin i dine formuleringer. Det g\u00f8r det muligt for brands at validere deres p\u00e5stande om paraffinfrihed videnskabeligt og reagere p\u00e5 specifikke forbrugerpr\u00e6ferencer for bestemte ingrediensprofiler. T\u00f8v ikke med at kontakte os for at sikre kvaliteten og sikkerheden af dine produkter. T\u00f8v ikke med at kontakte os for at sikre, at dine produkter lever op til markedets krav og overg\u00e5r kvalitetsforventningerne.   <\/p>\n","protected":false},"excerpt":{"rendered":"<p>Hvad er paraffin? Paraffin er et voksagtigt stof, der stammer fra olie, og som ofte bruges i kosmetik p\u00e5 grund af dets bl\u00f8dg\u00f8rende og beskyttende egenskaber. Ligesom mineralolie foretr\u00e6kker nogle forbrugere at undg\u00e5 paraffin p\u00e5 grund af dets oprindelse eller den tunge f\u00f8lelse, det kan efterlade p\u00e5 huden. Hvorfor er det vigtigt at finde paraffin?&#8230;<\/p>\n","protected":false},"featured_media":17182,"template":"","meta":[],"product_brand":[],"product_cat":[1865],"product_tag":[],"class_list":{"0":"post-17180","1":"product","2":"type-product","3":"status-publish","4":"has-post-thumbnail","6":"product_cat-verifikation-af-anprisninger-og-test-af-ingredienser","8":"first","9":"instock","10":"virtual","11":"taxable","12":"purchasable","13":"product-type-simple"},"bundled_by":[],"bundle_stock_status":"instock","bundle_stock_quantity":null,"bundle_virtual":false,"bundle_layout":"","bundle_add_to_cart_form_location":"","bundle_editable_in_cart":false,"bundle_sold_individually_context":"","bundle_item_grouping":"","bundle_min_size":"","bundle_max_size":"","bundle_price":[],"bundled_items":[],"bundle_sell_ids":[],"yoast_head":"<!-- This site is optimized with the Yoast SEO Premium plugin v25.4 (Yoast SEO v25.4) - https:\/\/yoast.com\/wordpress\/plugins\/seo\/ -->\n<title>P\u00e5visning af paraffin - Verifikation af paraffinfri krav<\/title>\n<meta name=\"description\" content=\"Valider din produktformel med p\u00e5lidelige laboratorietest til p\u00e5visning af paraffin.\" \/>\n<meta name=\"robots\" content=\"index, follow, max-snippet:-1, max-image-preview:large, max-video-preview:-1\" \/>\n<link rel=\"canonical\" href=\"https:\/\/www.certifiedcosmetics.com\/da\/product\/verifikation-af-anprisninger-og-test-af-ingredienser\/paavisning-af-paraffin-verifikation-af-paraffinfri-krav\/\" \/>\n<meta property=\"og:locale\" content=\"da_DK\" \/>\n<meta property=\"og:type\" content=\"article\" \/>\n<meta property=\"og:title\" content=\"P\u00e5visning af paraffin - Verifikation af paraffinfri krav\" \/>\n<meta property=\"og:description\" content=\"Valider din produktformel med p\u00e5lidelige laboratorietest til p\u00e5visning af paraffin.\" \/>\n<meta property=\"og:url\" content=\"https:\/\/www.certifiedcosmetics.com\/da\/product\/verifikation-af-anprisninger-og-test-af-ingredienser\/paavisning-af-paraffin-verifikation-af-paraffinfri-krav\/\" \/>\n<meta property=\"og:site_name\" content=\"Certified Cosmetics\" \/>\n<meta property=\"og:image\" content=\"https:\/\/www.certifiedcosmetics.com\/wp-content\/uploads\/2025\/07\/Paraffin-Detection-Paraffin-Free-Claim-Verification.jpg\" \/>\n\t<meta property=\"og:image:width\" content=\"800\" \/>\n\t<meta property=\"og:image:height\" content=\"800\" \/>\n\t<meta property=\"og:image:type\" content=\"image\/jpeg\" \/>\n<meta name=\"twitter:card\" content=\"summary_large_image\" \/>\n<meta name=\"twitter:label1\" content=\"Price\" \/>\n\t<meta name=\"twitter:data1\" content=\"&#036;175.54\" \/>\n\t<meta name=\"twitter:label2\" content=\"Availability\" \/>\n\t<meta name=\"twitter:data2\" content=\"In stock\" \/>\n<script type=\"application\/ld+json\" class=\"yoast-schema-graph\">{\"@context\":\"https:\/\/schema.org\",\"@graph\":[{\"@type\":\"WebPage\",\"@id\":\"https:\/\/www.certifiedcosmetics.com\/da\/product\/verifikation-af-anprisninger-og-test-af-ingredienser\/paavisning-af-paraffin-verifikation-af-paraffinfri-krav\/\",\"url\":\"https:\/\/www.certifiedcosmetics.com\/da\/product\/verifikation-af-anprisninger-og-test-af-ingredienser\/paavisning-af-paraffin-verifikation-af-paraffinfri-krav\/\",\"name\":\"P\u00e5visning af paraffin - Verifikation af paraffinfri krav\",\"isPartOf\":{\"@id\":\"https:\/\/www.certifiedcosmetics.com\/da\/#website\"},\"primaryImageOfPage\":{\"@id\":\"https:\/\/www.certifiedcosmetics.com\/da\/product\/verifikation-af-anprisninger-og-test-af-ingredienser\/paavisning-af-paraffin-verifikation-af-paraffinfri-krav\/#primaryimage\"},\"image\":{\"@id\":\"https:\/\/www.certifiedcosmetics.com\/da\/product\/verifikation-af-anprisninger-og-test-af-ingredienser\/paavisning-af-paraffin-verifikation-af-paraffinfri-krav\/#primaryimage\"},\"thumbnailUrl\":\"https:\/\/www.certifiedcosmetics.com\/wp-content\/uploads\/2025\/07\/Paraffin-Detection-Paraffin-Free-Claim-Verification.jpg\",\"datePublished\":\"2025-07-04T15:07:50+00:00\",\"description\":\"Valider din produktformel med p\u00e5lidelige laboratorietest til p\u00e5visning af paraffin.\",\"breadcrumb\":{\"@id\":\"https:\/\/www.certifiedcosmetics.com\/da\/product\/verifikation-af-anprisninger-og-test-af-ingredienser\/paavisning-af-paraffin-verifikation-af-paraffinfri-krav\/#breadcrumb\"},\"inLanguage\":\"da-DK\",\"potentialAction\":[{\"@type\":\"ReadAction\",\"target\":[\"https:\/\/www.certifiedcosmetics.com\/da\/product\/verifikation-af-anprisninger-og-test-af-ingredienser\/paavisning-af-paraffin-verifikation-af-paraffinfri-krav\/\"]}]},{\"@type\":\"ImageObject\",\"inLanguage\":\"da-DK\",\"@id\":\"https:\/\/www.certifiedcosmetics.com\/da\/product\/verifikation-af-anprisninger-og-test-af-ingredienser\/paavisning-af-paraffin-verifikation-af-paraffinfri-krav\/#primaryimage\",\"url\":\"https:\/\/www.certifiedcosmetics.com\/wp-content\/uploads\/2025\/07\/Paraffin-Detection-Paraffin-Free-Claim-Verification.jpg\",\"contentUrl\":\"https:\/\/www.certifiedcosmetics.com\/wp-content\/uploads\/2025\/07\/Paraffin-Detection-Paraffin-Free-Claim-Verification.jpg\",\"width\":800,\"height\":800},{\"@type\":\"BreadcrumbList\",\"@id\":\"https:\/\/www.certifiedcosmetics.com\/da\/product\/verifikation-af-anprisninger-og-test-af-ingredienser\/paavisning-af-paraffin-verifikation-af-paraffinfri-krav\/#breadcrumb\",\"itemListElement\":[{\"@type\":\"ListItem\",\"position\":1,\"name\":\"Home\",\"item\":\"https:\/\/www.certifiedcosmetics.com\/da\/vurdering-af-kosmetiske-produkters-sikkerhed\/\"},{\"@type\":\"ListItem\",\"position\":2,\"name\":\"Butik\",\"item\":\"https:\/\/www.certifiedcosmetics.com\/butik\/\"},{\"@type\":\"ListItem\",\"position\":3,\"name\":\"P\u00e5visning af paraffin &#8211; Verifikation af paraffinfri krav\"}]},{\"@type\":\"WebSite\",\"@id\":\"https:\/\/www.certifiedcosmetics.com\/da\/#website\",\"url\":\"https:\/\/www.certifiedcosmetics.com\/da\/\",\"name\":\"Certified Cosmetics\",\"description\":\"Cosmetic Safety Assessment\",\"publisher\":{\"@id\":\"https:\/\/www.certifiedcosmetics.com\/da\/#organization\"},\"potentialAction\":[{\"@type\":\"SearchAction\",\"target\":{\"@type\":\"EntryPoint\",\"urlTemplate\":\"https:\/\/www.certifiedcosmetics.com\/da\/?s={search_term_string}\"},\"query-input\":{\"@type\":\"PropertyValueSpecification\",\"valueRequired\":true,\"valueName\":\"search_term_string\"}}],\"inLanguage\":\"da-DK\"},{\"@type\":\"Organization\",\"@id\":\"https:\/\/www.certifiedcosmetics.com\/da\/#organization\",\"name\":\"Certified Cosmetics\",\"url\":\"https:\/\/www.certifiedcosmetics.com\/da\/\",\"logo\":{\"@type\":\"ImageObject\",\"inLanguage\":\"da-DK\",\"@id\":\"https:\/\/www.certifiedcosmetics.com\/da\/#\/schema\/logo\/image\/\",\"url\":\"https:\/\/www.certifiedcosmetics.com\/wp-content\/uploads\/2024\/12\/logo_certified_cosmetics696.jpg\",\"contentUrl\":\"https:\/\/www.certifiedcosmetics.com\/wp-content\/uploads\/2024\/12\/logo_certified_cosmetics696.jpg\",\"width\":696,\"height\":696,\"caption\":\"Certified Cosmetics\"},\"image\":{\"@id\":\"https:\/\/www.certifiedcosmetics.com\/da\/#\/schema\/logo\/image\/\"},\"description\":\"Your trusted partner for cosmetic product safety reporting. We take care of updating all of your documentation, ensuring your compliance stays current even as regulations evolve. The Cosmetic Product Safety Assessment will give you everything you need to sell specific products to EU consumers.\",\"email\":\"contact@certifiedcosmetics.com\",\"telephone\":\"+31 36 2036384\",\"legalName\":\"Certified Cosmetics\",\"foundingDate\":\"2010-01-01\",\"vatID\":\"NL854189543B01\",\"numberOfEmployees\":{\"@type\":\"QuantitativeValue\",\"minValue\":\"11\",\"maxValue\":\"50\"}}]}<\/script>\n<meta property=\"product:price:amount\" content=\"175.54\" \/>\n<meta property=\"product:price:currency\" content=\"USD\" \/>\n<meta property=\"og:availability\" content=\"instock\" \/>\n<meta property=\"product:availability\" content=\"instock\" \/>\n<meta property=\"product:retailer_item_id\" content=\"CC100110\" \/>\n<meta property=\"product:condition\" content=\"new\" \/>\n<!-- \/ Yoast SEO Premium plugin. -->","yoast_head_json":{"title":"P\u00e5visning af paraffin - Verifikation af paraffinfri krav","description":"Valider din produktformel med p\u00e5lidelige laboratorietest til p\u00e5visning af paraffin.","robots":{"index":"index","follow":"follow","max-snippet":"max-snippet:-1","max-image-preview":"max-image-preview:large","max-video-preview":"max-video-preview:-1"},"canonical":"https:\/\/www.certifiedcosmetics.com\/da\/product\/verifikation-af-anprisninger-og-test-af-ingredienser\/paavisning-af-paraffin-verifikation-af-paraffinfri-krav\/","og_locale":"da_DK","og_type":"article","og_title":"P\u00e5visning af paraffin - Verifikation af paraffinfri krav","og_description":"Valider din produktformel med p\u00e5lidelige laboratorietest til p\u00e5visning af paraffin.","og_url":"https:\/\/www.certifiedcosmetics.com\/da\/product\/verifikation-af-anprisninger-og-test-af-ingredienser\/paavisning-af-paraffin-verifikation-af-paraffinfri-krav\/","og_site_name":"Certified Cosmetics","og_image":[{"width":800,"height":800,"url":"https:\/\/www.certifiedcosmetics.com\/wp-content\/uploads\/2025\/07\/Paraffin-Detection-Paraffin-Free-Claim-Verification.jpg","type":"image\/jpeg"}],"twitter_card":"summary_large_image","twitter_misc":{"Price":"&#36;175.54","Availability":"In stock"},"schema":{"@context":"https:\/\/schema.org","@graph":[{"@type":"WebPage","@id":"https:\/\/www.certifiedcosmetics.com\/da\/product\/verifikation-af-anprisninger-og-test-af-ingredienser\/paavisning-af-paraffin-verifikation-af-paraffinfri-krav\/","url":"https:\/\/www.certifiedcosmetics.com\/da\/product\/verifikation-af-anprisninger-og-test-af-ingredienser\/paavisning-af-paraffin-verifikation-af-paraffinfri-krav\/","name":"P\u00e5visning af paraffin - Verifikation af paraffinfri krav","isPartOf":{"@id":"https:\/\/www.certifiedcosmetics.com\/da\/#website"},"primaryImageOfPage":{"@id":"https:\/\/www.certifiedcosmetics.com\/da\/product\/verifikation-af-anprisninger-og-test-af-ingredienser\/paavisning-af-paraffin-verifikation-af-paraffinfri-krav\/#primaryimage"},"image":{"@id":"https:\/\/www.certifiedcosmetics.com\/da\/product\/verifikation-af-anprisninger-og-test-af-ingredienser\/paavisning-af-paraffin-verifikation-af-paraffinfri-krav\/#primaryimage"},"thumbnailUrl":"https:\/\/www.certifiedcosmetics.com\/wp-content\/uploads\/2025\/07\/Paraffin-Detection-Paraffin-Free-Claim-Verification.jpg","datePublished":"2025-07-04T15:07:50+00:00","description":"Valider din produktformel med p\u00e5lidelige laboratorietest til p\u00e5visning af paraffin.","breadcrumb":{"@id":"https:\/\/www.certifiedcosmetics.com\/da\/product\/verifikation-af-anprisninger-og-test-af-ingredienser\/paavisning-af-paraffin-verifikation-af-paraffinfri-krav\/#breadcrumb"},"inLanguage":"da-DK","potentialAction":[{"@type":"ReadAction","target":["https:\/\/www.certifiedcosmetics.com\/da\/product\/verifikation-af-anprisninger-og-test-af-ingredienser\/paavisning-af-paraffin-verifikation-af-paraffinfri-krav\/"]}]},{"@type":"ImageObject","inLanguage":"da-DK","@id":"https:\/\/www.certifiedcosmetics.com\/da\/product\/verifikation-af-anprisninger-og-test-af-ingredienser\/paavisning-af-paraffin-verifikation-af-paraffinfri-krav\/#primaryimage","url":"https:\/\/www.certifiedcosmetics.com\/wp-content\/uploads\/2025\/07\/Paraffin-Detection-Paraffin-Free-Claim-Verification.jpg","contentUrl":"https:\/\/www.certifiedcosmetics.com\/wp-content\/uploads\/2025\/07\/Paraffin-Detection-Paraffin-Free-Claim-Verification.jpg","width":800,"height":800},{"@type":"BreadcrumbList","@id":"https:\/\/www.certifiedcosmetics.com\/da\/product\/verifikation-af-anprisninger-og-test-af-ingredienser\/paavisning-af-paraffin-verifikation-af-paraffinfri-krav\/#breadcrumb","itemListElement":[{"@type":"ListItem","position":1,"name":"Home","item":"https:\/\/www.certifiedcosmetics.com\/da\/vurdering-af-kosmetiske-produkters-sikkerhed\/"},{"@type":"ListItem","position":2,"name":"Butik","item":"https:\/\/www.certifiedcosmetics.com\/butik\/"},{"@type":"ListItem","position":3,"name":"P\u00e5visning af paraffin &#8211; Verifikation af paraffinfri krav"}]},{"@type":"WebSite","@id":"https:\/\/www.certifiedcosmetics.com\/da\/#website","url":"https:\/\/www.certifiedcosmetics.com\/da\/","name":"Certified Cosmetics","description":"Cosmetic Safety Assessment","publisher":{"@id":"https:\/\/www.certifiedcosmetics.com\/da\/#organization"},"potentialAction":[{"@type":"SearchAction","target":{"@type":"EntryPoint","urlTemplate":"https:\/\/www.certifiedcosmetics.com\/da\/?s={search_term_string}"},"query-input":{"@type":"PropertyValueSpecification","valueRequired":true,"valueName":"search_term_string"}}],"inLanguage":"da-DK"},{"@type":"Organization","@id":"https:\/\/www.certifiedcosmetics.com\/da\/#organization","name":"Certified Cosmetics","url":"https:\/\/www.certifiedcosmetics.com\/da\/","logo":{"@type":"ImageObject","inLanguage":"da-DK","@id":"https:\/\/www.certifiedcosmetics.com\/da\/#\/schema\/logo\/image\/","url":"https:\/\/www.certifiedcosmetics.com\/wp-content\/uploads\/2024\/12\/logo_certified_cosmetics696.jpg","contentUrl":"https:\/\/www.certifiedcosmetics.com\/wp-content\/uploads\/2024\/12\/logo_certified_cosmetics696.jpg","width":696,"height":696,"caption":"Certified Cosmetics"},"image":{"@id":"https:\/\/www.certifiedcosmetics.com\/da\/#\/schema\/logo\/image\/"},"description":"Your trusted partner for cosmetic product safety reporting. We take care of updating all of your documentation, ensuring your compliance stays current even as regulations evolve. The Cosmetic Product Safety Assessment will give you everything you need to sell specific products to EU consumers.","email":"contact@certifiedcosmetics.com","telephone":"+31 36 2036384","legalName":"Certified Cosmetics","foundingDate":"2010-01-01","vatID":"NL854189543B01","numberOfEmployees":{"@type":"QuantitativeValue","minValue":"11","maxValue":"50"}}]},"product_price_amount":"175.54","product_price_currency":"USD","og_availability":"instock","product_availability":"instock","product_retailer_item_id":"CC100110","product_condition":"new"},"_links":{"self":[{"href":"https:\/\/www.certifiedcosmetics.com\/da\/wp-json\/wp\/v2\/product\/17180","targetHints":{"allow":["GET"]}}],"collection":[{"href":"https:\/\/www.certifiedcosmetics.com\/da\/wp-json\/wp\/v2\/product"}],"about":[{"href":"https:\/\/www.certifiedcosmetics.com\/da\/wp-json\/wp\/v2\/types\/product"}],"wp:featuredmedia":[{"embeddable":true,"href":"https:\/\/www.certifiedcosmetics.com\/da\/wp-json\/wp\/v2\/media\/17182"}],"wp:attachment":[{"href":"https:\/\/www.certifiedcosmetics.com\/da\/wp-json\/wp\/v2\/media?parent=17180"}],"wp:term":[{"taxonomy":"product_brand","embeddable":true,"href":"https:\/\/www.certifiedcosmetics.com\/da\/wp-json\/wp\/v2\/product_brand?post=17180"},{"taxonomy":"product_cat","embeddable":true,"href":"https:\/\/www.certifiedcosmetics.com\/da\/wp-json\/wp\/v2\/product_cat?post=17180"},{"taxonomy":"product_tag","embeddable":true,"href":"https:\/\/www.certifiedcosmetics.com\/da\/wp-json\/wp\/v2\/product_tag?post=17180"}],"curies":[{"name":"wp","href":"https:\/\/api.w.org\/{rel}","templated":true}]}}