{"id":17175,"date":"2025-04-29T08:40:23","date_gmt":"2025-04-29T07:40:23","guid":{"rendered":"https:\/\/www.certifiedcosmetics.com\/product\/Ikke kategoriseret\/oprettelse-af-sikkerhedsdatablad-msds-sds\/"},"modified":"2025-04-29T08:40:23","modified_gmt":"2025-04-29T07:40:23","slug":"oprettelse-af-sikkerhedsdatablad-msds-sds","status":"publish","type":"product","link":"https:\/\/www.certifiedcosmetics.com\/da\/product\/sds\/oprettelse-af-sikkerhedsdatablad-msds-sds\/","title":{"rendered":"Oprettelse af sikkerhedsdatablad &#8211; MSDS &#8211; SDS"},"content":{"rendered":"<p class=\"\" data-start=\"213\" data-end=\"554\">Et sikkerhedsdatablad (MSDS), der nu kaldes et sikkerhedsdatablad <strong data-start=\"641\" data-end=\"668\">(SDS)<\/strong> under GHS-systemet, er et teknisk dokument, der giver detaljerede oplysninger om den <strong data-start=\"757\" data-end=\"781\">kemiske sammens\u00e6tning<\/strong>, <strong data-start=\"783\" data-end=\"794\">farer<\/strong>, <strong data-start=\"796\" data-end=\"813\">sikker h\u00e5ndtering<\/strong>, <strong data-start=\"815\" data-end=\"826\">opbevaring<\/strong> og <strong data-start=\"832\" data-end=\"854\">n\u00f8dforanstaltninger<\/strong> i forbindelse med et stof eller en blanding.<\/p>\n<p class=\"\" data-start=\"213\" data-end=\"554\">S\u00f8rg for, at dine produkter overholder lovkrav og sikkerhedsstandarder med vores <strong data-start=\"293\" data-end=\"360\">professionelle MSDS-service (Material Safety Data Sheet).<\/strong> Vi er specialiserede i at skabe fuldt kompatible MSDS-dokumenter, der er skr\u00e6ddersyet til din specifikke formulering, i overensstemmelse med g\u00e6ldende EU CLP- og REACH-regler og internationale GHS-standarder.   <\/p>\n<h2 data-start=\"556\" data-end=\"574\">Hvad vi tilbyder<\/h2>\n<ul data-start=\"575\" data-end=\"886\">\n<li class=\"\" data-start=\"575\" data-end=\"645\">\n<p class=\"\" data-start=\"577\" data-end=\"645\"><strong data-start=\"579\" data-end=\"603\">Oprettelse af brugerdefinerede sikkerhedsdatablade<\/strong> baseret p\u00e5 din n\u00f8jagtige produktsammens\u00e6tning<\/p>\n<\/li>\n<li class=\"\" data-start=\"646\" data-end=\"725\">\n<p class=\"\" data-start=\"648\" data-end=\"725\"><strong data-start=\"650\" data-end=\"723\">Overholder EU&#8217;s (CLP\/REACH), Storbritanniens og internationale (GHS) standarder.<\/strong><\/p>\n<\/li>\n<li class=\"\" data-start=\"726\" data-end=\"778\">\n<p class=\"\" data-start=\"728\" data-end=\"778\">Klar fareidentifikation og -klassificering<\/p>\n<\/li>\n<li class=\"\" data-start=\"779\" data-end=\"842\">\n<p class=\"\" data-start=\"781\" data-end=\"842\">N\u00f8jagtig h\u00e5ndtering, opbevaring og f\u00f8rstehj\u00e6lpsanbefalinger<\/p>\n<\/li>\n<li class=\"\" data-start=\"843\" data-end=\"886\">\n<p class=\"\" data-start=\"845\" data-end=\"886\">Leveres i redigerbare og PDF-formater<\/p>\n<\/li>\n<\/ul>\n<p class=\"\" data-start=\"888\" data-end=\"1089\">Uanset om du lancerer et kosmetisk produkt, en duftolie eller en husholdningsformel, sikrer vores ekspertteam, at din dokumentation er komplet, p\u00e5lidelig og accepteret af myndigheder og distribut\u00f8rer.<\/p>\n<h2 class=\"wp-block-heading\">Hvordan fungerer det?<\/h2>\n<p>Processen er enkel og gennemsigtig:<\/p>\n<ol class=\"wp-block-list\" start=\"1\">\n<li><strong>Bestil i vores butik<\/strong>: V\u00e6lg den \u00f8nskede service, og afgiv din bestilling.<\/li>\n<li><strong>Indsend oplysninger<\/strong>: N\u00e5r du har afgivet din bestilling, vil du modtage instruktioner om, hvordan du indsamler de n\u00f8dvendige oplysninger.<\/li>\n<li><strong>Analyse og forberedelse<\/strong>: Vores team begynder at udarbejde eller gennemg\u00e5 SDS&#8217;et.<\/li>\n<li><strong>Gennemgang og levering<\/strong>: Du vil modtage dit sikkerhedsdatablad.<\/li>\n<\/ol>\n<h2 data-start=\"896\" data-end=\"928\">Hvorn\u00e5r har du brug for et sikkerhedsdatablad?<\/h2>\n<p class=\"\" data-start=\"930\" data-end=\"956\">Du har brug for et sikkerhedsdatablad, hvis du:<\/p>\n<ul data-start=\"957\" data-end=\"1458\">\n<li>Brug ingredienser i din kosmetiske formel, der mangler dokumentation<\/li>\n<li><strong data-start=\"964\" data-end=\"985\">Kemiske produkter<\/strong>, <strong data-start=\"987\" data-end=\"1005\">duftolier<\/strong>, <strong data-start=\"1007\" data-end=\"1025\">\u00e6teriske<\/strong> <strong data-start=\"987\" data-end=\"1005\">olier<\/strong>, <strong data-start=\"1027\" data-end=\"1051\">kosmetiske ingredienser<\/strong>, <strong data-start=\"1053\" data-end=\"1072\">reng\u00f8ringsprodukter<\/strong> eller <strong data-start=\"1077\" data-end=\"1101\">industrielle materialer<\/strong><\/li>\n<li data-start=\"957\" data-end=\"1101\"><strong data-start=\"1111\" data-end=\"1147\">Leverer farlige stoffer eller blandinger<\/strong> inden for EU, Storbritannien eller andre GHS-lande<\/li>\n<li><strong data-start=\"1200\" data-end=\"1235\">Eksportere produkter internationalt<\/strong> eller s\u00e6lge dem B2B til virksomheder, forhandlere eller distribut\u00f8rer<\/li>\n<li class=\"\" data-start=\"1289\" data-end=\"1377\">\n<p class=\"\" data-start=\"1291\" data-end=\"1377\">Overholdelse af krav <strong data-start=\"1311\" data-end=\"1333\">inden for told, logistik<\/strong> eller <strong data-start=\"1338\" data-end=\"1362\">produktregistrering<\/strong> <\/p>\n<\/li>\n<\/ul>\n<h2 data-start=\"1465\" data-end=\"1496\">Hvorfor er et sikkerhedsdatablad vigtigt?<\/h2>\n<ul data-start=\"1498\" data-end=\"1815\">\n<li><strong data-start=\"1500\" data-end=\"1525\">Overensstemmelse med lovgivningen<\/strong>: P\u00e5kr\u00e6vet i henhold til REACH, CLP og GHS.<\/li>\n<li><strong data-start=\"1577\" data-end=\"1587\">Sikkerhed<\/strong>: Beskytter brugere, transport\u00f8rer og f\u00f8rstehj\u00e6lpere<\/li>\n<li><strong data-start=\"1648\" data-end=\"1665\">Adgang til markedet<\/strong>: Vigtigt for salg til virksomheder, detailhandlere og p\u00e5 tv\u00e6rs af landegr\u00e6nser<\/li>\n<li><strong data-start=\"1738\" data-end=\"1757\">Professionalisme<\/strong>: Udviser ansvar og omhu i forbindelse med produktsikkerhed<\/li>\n<\/ul>\n","protected":false},"excerpt":{"rendered":"<p>Et sikkerhedsdatablad (MSDS), der nu kaldes et sikkerhedsdatablad (SDS) under GHS-systemet, er et teknisk dokument, der giver detaljerede oplysninger om den kemiske sammens\u00e6tning, farer, sikker h\u00e5ndtering, opbevaring og n\u00f8dforanstaltninger i forbindelse med et stof eller en blanding. S\u00f8rg for, at dine produkter overholder lovkrav og sikkerhedsstandarder med vores professionelle MSDS-service (Material Safety Data Sheet). Vi&#8230;<\/p>\n","protected":false},"featured_media":17085,"template":"","meta":[],"product_brand":[],"product_cat":[1874],"product_tag":[],"class_list":{"0":"post-17175","1":"product","2":"type-product","3":"status-publish","4":"has-post-thumbnail","6":"product_cat-sds","8":"first","9":"instock","10":"virtual","11":"taxable","12":"purchasable","13":"product-type-simple"},"bundled_by":[],"bundle_stock_status":"instock","bundle_stock_quantity":null,"bundle_virtual":false,"bundle_layout":"","bundle_add_to_cart_form_location":"","bundle_editable_in_cart":false,"bundle_sold_individually_context":"","bundle_item_grouping":"","bundle_min_size":"","bundle_max_size":"","bundle_price":[],"bundled_items":[],"bundle_sell_ids":[],"yoast_head":"<!-- This site is optimized with the Yoast SEO Premium plugin v25.4 (Yoast SEO v25.4) - https:\/\/yoast.com\/wordpress\/plugins\/seo\/ -->\n<title>Oprettelse af sikkerhedsdatablad - MSDS - SDS - Certified Cosmetics<\/title>\n<meta name=\"description\" content=\"Et sikkerhedsdatablad (MSDS), som nu kaldes et sikkerhedsdatablad (SDS) under GHS-systemet, er et teknisk dokument, der giver detaljerede oplysninger om den kemiske sammens\u00e6tning.\" \/>\n<meta name=\"robots\" content=\"index, follow, max-snippet:-1, max-image-preview:large, max-video-preview:-1\" \/>\n<link rel=\"canonical\" href=\"https:\/\/www.certifiedcosmetics.com\/da\/product\/sds\/oprettelse-af-sikkerhedsdatablad-msds-sds\/\" \/>\n<meta property=\"og:locale\" content=\"da_DK\" \/>\n<meta property=\"og:type\" content=\"article\" \/>\n<meta property=\"og:title\" content=\"Oprettelse af sikkerhedsdatablad - MSDS - SDS\" \/>\n<meta property=\"og:description\" content=\"Et sikkerhedsdatablad (MSDS), som nu kaldes et sikkerhedsdatablad (SDS) under GHS-systemet, er et teknisk dokument, der giver detaljerede oplysninger om den kemiske sammens\u00e6tning.\" \/>\n<meta property=\"og:url\" content=\"https:\/\/www.certifiedcosmetics.com\/da\/product\/sds\/oprettelse-af-sikkerhedsdatablad-msds-sds\/\" \/>\n<meta property=\"og:site_name\" content=\"Certified Cosmetics\" \/>\n<meta property=\"og:image\" content=\"https:\/\/www.certifiedcosmetics.com\/wp-content\/uploads\/2025\/04\/msds.jpg\" \/>\n\t<meta property=\"og:image:width\" content=\"800\" \/>\n\t<meta property=\"og:image:height\" content=\"800\" \/>\n\t<meta property=\"og:image:type\" content=\"image\/jpeg\" \/>\n<meta name=\"twitter:card\" content=\"summary_large_image\" \/>\n<meta name=\"twitter:label1\" content=\"Price\" \/>\n\t<meta name=\"twitter:data1\" content=\"&#036;115.86\" \/>\n\t<meta name=\"twitter:label2\" content=\"Availability\" \/>\n\t<meta name=\"twitter:data2\" content=\"In stock\" \/>\n<script type=\"application\/ld+json\" class=\"yoast-schema-graph\">{\"@context\":\"https:\/\/schema.org\",\"@graph\":[{\"@type\":\"WebPage\",\"@id\":\"https:\/\/www.certifiedcosmetics.com\/da\/product\/sds\/oprettelse-af-sikkerhedsdatablad-msds-sds\/\",\"url\":\"https:\/\/www.certifiedcosmetics.com\/da\/product\/sds\/oprettelse-af-sikkerhedsdatablad-msds-sds\/\",\"name\":\"Oprettelse af sikkerhedsdatablad - MSDS - SDS - Certified Cosmetics\",\"isPartOf\":{\"@id\":\"https:\/\/www.certifiedcosmetics.com\/da\/#website\"},\"primaryImageOfPage\":{\"@id\":\"https:\/\/www.certifiedcosmetics.com\/da\/product\/sds\/oprettelse-af-sikkerhedsdatablad-msds-sds\/#primaryimage\"},\"image\":{\"@id\":\"https:\/\/www.certifiedcosmetics.com\/da\/product\/sds\/oprettelse-af-sikkerhedsdatablad-msds-sds\/#primaryimage\"},\"thumbnailUrl\":\"https:\/\/www.certifiedcosmetics.com\/wp-content\/uploads\/2025\/04\/msds.jpg\",\"datePublished\":\"2025-04-29T07:40:23+00:00\",\"description\":\"Et sikkerhedsdatablad (MSDS), som nu kaldes et sikkerhedsdatablad (SDS) under GHS-systemet, er et teknisk dokument, der giver detaljerede oplysninger om den kemiske sammens\u00e6tning.\",\"breadcrumb\":{\"@id\":\"https:\/\/www.certifiedcosmetics.com\/da\/product\/sds\/oprettelse-af-sikkerhedsdatablad-msds-sds\/#breadcrumb\"},\"inLanguage\":\"da-DK\",\"potentialAction\":[{\"@type\":\"ReadAction\",\"target\":[\"https:\/\/www.certifiedcosmetics.com\/da\/product\/sds\/oprettelse-af-sikkerhedsdatablad-msds-sds\/\"]}]},{\"@type\":\"ImageObject\",\"inLanguage\":\"da-DK\",\"@id\":\"https:\/\/www.certifiedcosmetics.com\/da\/product\/sds\/oprettelse-af-sikkerhedsdatablad-msds-sds\/#primaryimage\",\"url\":\"https:\/\/www.certifiedcosmetics.com\/wp-content\/uploads\/2025\/04\/msds.jpg\",\"contentUrl\":\"https:\/\/www.certifiedcosmetics.com\/wp-content\/uploads\/2025\/04\/msds.jpg\",\"width\":800,\"height\":800},{\"@type\":\"BreadcrumbList\",\"@id\":\"https:\/\/www.certifiedcosmetics.com\/da\/product\/sds\/oprettelse-af-sikkerhedsdatablad-msds-sds\/#breadcrumb\",\"itemListElement\":[{\"@type\":\"ListItem\",\"position\":1,\"name\":\"Home\",\"item\":\"https:\/\/www.certifiedcosmetics.com\/da\/vurdering-af-kosmetiske-produkters-sikkerhed\/\"},{\"@type\":\"ListItem\",\"position\":2,\"name\":\"Butik\",\"item\":\"https:\/\/www.certifiedcosmetics.com\/butik\/\"},{\"@type\":\"ListItem\",\"position\":3,\"name\":\"Oprettelse af sikkerhedsdatablad &#8211; MSDS &#8211; SDS\"}]},{\"@type\":\"WebSite\",\"@id\":\"https:\/\/www.certifiedcosmetics.com\/da\/#website\",\"url\":\"https:\/\/www.certifiedcosmetics.com\/da\/\",\"name\":\"Certified Cosmetics\",\"description\":\"Cosmetic Safety Assessment\",\"publisher\":{\"@id\":\"https:\/\/www.certifiedcosmetics.com\/da\/#organization\"},\"potentialAction\":[{\"@type\":\"SearchAction\",\"target\":{\"@type\":\"EntryPoint\",\"urlTemplate\":\"https:\/\/www.certifiedcosmetics.com\/da\/?s={search_term_string}\"},\"query-input\":{\"@type\":\"PropertyValueSpecification\",\"valueRequired\":true,\"valueName\":\"search_term_string\"}}],\"inLanguage\":\"da-DK\"},{\"@type\":\"Organization\",\"@id\":\"https:\/\/www.certifiedcosmetics.com\/da\/#organization\",\"name\":\"Certified Cosmetics\",\"url\":\"https:\/\/www.certifiedcosmetics.com\/da\/\",\"logo\":{\"@type\":\"ImageObject\",\"inLanguage\":\"da-DK\",\"@id\":\"https:\/\/www.certifiedcosmetics.com\/da\/#\/schema\/logo\/image\/\",\"url\":\"https:\/\/www.certifiedcosmetics.com\/wp-content\/uploads\/2024\/12\/logo_certified_cosmetics696.jpg\",\"contentUrl\":\"https:\/\/www.certifiedcosmetics.com\/wp-content\/uploads\/2024\/12\/logo_certified_cosmetics696.jpg\",\"width\":696,\"height\":696,\"caption\":\"Certified Cosmetics\"},\"image\":{\"@id\":\"https:\/\/www.certifiedcosmetics.com\/da\/#\/schema\/logo\/image\/\"},\"description\":\"Your trusted partner for cosmetic product safety reporting. We take care of updating all of your documentation, ensuring your compliance stays current even as regulations evolve. The Cosmetic Product Safety Assessment will give you everything you need to sell specific products to EU consumers.\",\"email\":\"contact@certifiedcosmetics.com\",\"telephone\":\"+31 36 2036384\",\"legalName\":\"Certified Cosmetics\",\"foundingDate\":\"2010-01-01\",\"vatID\":\"NL854189543B01\",\"numberOfEmployees\":{\"@type\":\"QuantitativeValue\",\"minValue\":\"11\",\"maxValue\":\"50\"}}]}<\/script>\n<meta property=\"product:price:amount\" content=\"115.86\" \/>\n<meta property=\"product:price:currency\" content=\"USD\" \/>\n<meta property=\"og:availability\" content=\"instock\" \/>\n<meta property=\"product:availability\" content=\"instock\" \/>\n<meta property=\"product:retailer_item_id\" content=\"CC100087\" \/>\n<meta property=\"product:condition\" content=\"new\" \/>\n<!-- \/ Yoast SEO Premium plugin. -->","yoast_head_json":{"title":"Oprettelse af sikkerhedsdatablad - MSDS - SDS - Certified Cosmetics","description":"Et sikkerhedsdatablad (MSDS), som nu kaldes et sikkerhedsdatablad (SDS) under GHS-systemet, er et teknisk dokument, der giver detaljerede oplysninger om den kemiske sammens\u00e6tning.","robots":{"index":"index","follow":"follow","max-snippet":"max-snippet:-1","max-image-preview":"max-image-preview:large","max-video-preview":"max-video-preview:-1"},"canonical":"https:\/\/www.certifiedcosmetics.com\/da\/product\/sds\/oprettelse-af-sikkerhedsdatablad-msds-sds\/","og_locale":"da_DK","og_type":"article","og_title":"Oprettelse af sikkerhedsdatablad - MSDS - SDS","og_description":"Et sikkerhedsdatablad (MSDS), som nu kaldes et sikkerhedsdatablad (SDS) under GHS-systemet, er et teknisk dokument, der giver detaljerede oplysninger om den kemiske sammens\u00e6tning.","og_url":"https:\/\/www.certifiedcosmetics.com\/da\/product\/sds\/oprettelse-af-sikkerhedsdatablad-msds-sds\/","og_site_name":"Certified Cosmetics","og_image":[{"width":800,"height":800,"url":"https:\/\/www.certifiedcosmetics.com\/wp-content\/uploads\/2025\/04\/msds.jpg","type":"image\/jpeg"}],"twitter_card":"summary_large_image","twitter_misc":{"Price":"&#36;115.86","Availability":"In stock"},"schema":{"@context":"https:\/\/schema.org","@graph":[{"@type":"WebPage","@id":"https:\/\/www.certifiedcosmetics.com\/da\/product\/sds\/oprettelse-af-sikkerhedsdatablad-msds-sds\/","url":"https:\/\/www.certifiedcosmetics.com\/da\/product\/sds\/oprettelse-af-sikkerhedsdatablad-msds-sds\/","name":"Oprettelse af sikkerhedsdatablad - MSDS - SDS - Certified Cosmetics","isPartOf":{"@id":"https:\/\/www.certifiedcosmetics.com\/da\/#website"},"primaryImageOfPage":{"@id":"https:\/\/www.certifiedcosmetics.com\/da\/product\/sds\/oprettelse-af-sikkerhedsdatablad-msds-sds\/#primaryimage"},"image":{"@id":"https:\/\/www.certifiedcosmetics.com\/da\/product\/sds\/oprettelse-af-sikkerhedsdatablad-msds-sds\/#primaryimage"},"thumbnailUrl":"https:\/\/www.certifiedcosmetics.com\/wp-content\/uploads\/2025\/04\/msds.jpg","datePublished":"2025-04-29T07:40:23+00:00","description":"Et sikkerhedsdatablad (MSDS), som nu kaldes et sikkerhedsdatablad (SDS) under GHS-systemet, er et teknisk dokument, der giver detaljerede oplysninger om den kemiske sammens\u00e6tning.","breadcrumb":{"@id":"https:\/\/www.certifiedcosmetics.com\/da\/product\/sds\/oprettelse-af-sikkerhedsdatablad-msds-sds\/#breadcrumb"},"inLanguage":"da-DK","potentialAction":[{"@type":"ReadAction","target":["https:\/\/www.certifiedcosmetics.com\/da\/product\/sds\/oprettelse-af-sikkerhedsdatablad-msds-sds\/"]}]},{"@type":"ImageObject","inLanguage":"da-DK","@id":"https:\/\/www.certifiedcosmetics.com\/da\/product\/sds\/oprettelse-af-sikkerhedsdatablad-msds-sds\/#primaryimage","url":"https:\/\/www.certifiedcosmetics.com\/wp-content\/uploads\/2025\/04\/msds.jpg","contentUrl":"https:\/\/www.certifiedcosmetics.com\/wp-content\/uploads\/2025\/04\/msds.jpg","width":800,"height":800},{"@type":"BreadcrumbList","@id":"https:\/\/www.certifiedcosmetics.com\/da\/product\/sds\/oprettelse-af-sikkerhedsdatablad-msds-sds\/#breadcrumb","itemListElement":[{"@type":"ListItem","position":1,"name":"Home","item":"https:\/\/www.certifiedcosmetics.com\/da\/vurdering-af-kosmetiske-produkters-sikkerhed\/"},{"@type":"ListItem","position":2,"name":"Butik","item":"https:\/\/www.certifiedcosmetics.com\/butik\/"},{"@type":"ListItem","position":3,"name":"Oprettelse af sikkerhedsdatablad &#8211; MSDS &#8211; SDS"}]},{"@type":"WebSite","@id":"https:\/\/www.certifiedcosmetics.com\/da\/#website","url":"https:\/\/www.certifiedcosmetics.com\/da\/","name":"Certified Cosmetics","description":"Cosmetic Safety Assessment","publisher":{"@id":"https:\/\/www.certifiedcosmetics.com\/da\/#organization"},"potentialAction":[{"@type":"SearchAction","target":{"@type":"EntryPoint","urlTemplate":"https:\/\/www.certifiedcosmetics.com\/da\/?s={search_term_string}"},"query-input":{"@type":"PropertyValueSpecification","valueRequired":true,"valueName":"search_term_string"}}],"inLanguage":"da-DK"},{"@type":"Organization","@id":"https:\/\/www.certifiedcosmetics.com\/da\/#organization","name":"Certified Cosmetics","url":"https:\/\/www.certifiedcosmetics.com\/da\/","logo":{"@type":"ImageObject","inLanguage":"da-DK","@id":"https:\/\/www.certifiedcosmetics.com\/da\/#\/schema\/logo\/image\/","url":"https:\/\/www.certifiedcosmetics.com\/wp-content\/uploads\/2024\/12\/logo_certified_cosmetics696.jpg","contentUrl":"https:\/\/www.certifiedcosmetics.com\/wp-content\/uploads\/2024\/12\/logo_certified_cosmetics696.jpg","width":696,"height":696,"caption":"Certified Cosmetics"},"image":{"@id":"https:\/\/www.certifiedcosmetics.com\/da\/#\/schema\/logo\/image\/"},"description":"Your trusted partner for cosmetic product safety reporting. We take care of updating all of your documentation, ensuring your compliance stays current even as regulations evolve. The Cosmetic Product Safety Assessment will give you everything you need to sell specific products to EU consumers.","email":"contact@certifiedcosmetics.com","telephone":"+31 36 2036384","legalName":"Certified Cosmetics","foundingDate":"2010-01-01","vatID":"NL854189543B01","numberOfEmployees":{"@type":"QuantitativeValue","minValue":"11","maxValue":"50"}}]},"product_price_amount":"115.86","product_price_currency":"USD","og_availability":"instock","product_availability":"instock","product_retailer_item_id":"CC100087","product_condition":"new"},"_links":{"self":[{"href":"https:\/\/www.certifiedcosmetics.com\/da\/wp-json\/wp\/v2\/product\/17175","targetHints":{"allow":["GET"]}}],"collection":[{"href":"https:\/\/www.certifiedcosmetics.com\/da\/wp-json\/wp\/v2\/product"}],"about":[{"href":"https:\/\/www.certifiedcosmetics.com\/da\/wp-json\/wp\/v2\/types\/product"}],"wp:featuredmedia":[{"embeddable":true,"href":"https:\/\/www.certifiedcosmetics.com\/da\/wp-json\/wp\/v2\/media\/17085"}],"wp:attachment":[{"href":"https:\/\/www.certifiedcosmetics.com\/da\/wp-json\/wp\/v2\/media?parent=17175"}],"wp:term":[{"taxonomy":"product_brand","embeddable":true,"href":"https:\/\/www.certifiedcosmetics.com\/da\/wp-json\/wp\/v2\/product_brand?post=17175"},{"taxonomy":"product_cat","embeddable":true,"href":"https:\/\/www.certifiedcosmetics.com\/da\/wp-json\/wp\/v2\/product_cat?post=17175"},{"taxonomy":"product_tag","embeddable":true,"href":"https:\/\/www.certifiedcosmetics.com\/da\/wp-json\/wp\/v2\/product_tag?post=17175"}],"curies":[{"name":"wp","href":"https:\/\/api.w.org\/{rel}","templated":true}]}}