{"id":17143,"date":"2025-10-02T16:45:35","date_gmt":"2025-10-02T15:45:35","guid":{"rendered":"https:\/\/www.certifiedcosmetics.com\/product\/Ikke kategoriseret\/oprettelse-af-ifra-dokumentation\/"},"modified":"2025-10-02T16:45:35","modified_gmt":"2025-10-02T15:45:35","slug":"oprettelse-af-ifra-dokumentation","status":"publish","type":"product","link":"https:\/\/www.certifiedcosmetics.com\/da\/product\/sds\/oprettelse-af-ifra-dokumentation\/","title":{"rendered":"Oprettelse af IFRA-dokumentation"},"content":{"rendered":"<h2 data-start=\"309\" data-end=\"366\">S\u00f8rg for, at dine duftprodukter overholder globale standarder<\/h2>\n<p data-start=\"367\" data-end=\"745\">Alle duftprodukter &#8211; uanset om det er parfume, stearinlys, diffuser, s\u00e6be eller kosmetik &#8211; skal overholde de seneste <strong data-start=\"494\" data-end=\"512\">IFRA-standarder<\/strong>. Disse standarder beskriver sikre anvendelsesniveauer for duftstoffer i forskellige produkttyper. Uden den rette dokumentation kan dine produkter blive afvist, tilbagekaldt eller blokeret p\u00e5 internationale markeder.    <\/p>\n<p data-start=\"747\" data-end=\"902\">Vores service giver dig <strong data-start=\"777\" data-end=\"845\">officielle IFRA-certifikater og underst\u00f8ttende allergen-dokumentation<\/strong>, der er udarbejdet p\u00e5 baggrund af laboratoriedata eller leverand\u00f8roplysninger.<\/p>\n<h2 data-start=\"909\" data-end=\"944\">Hvorfor IFRA-dokumentation er vigtig<\/h2>\n<p data-start=\"945\" data-end=\"1115\"><strong data-start=\"949\" data-end=\"995\">International Fragrance Association (IFRA)<\/strong> udsteder retningslinjer, der er anerkendt verden over af myndigheder og brancheorganisationer. Overholdelse er ikke valgfrit:   <\/p>\n<ul data-start=\"1116\" data-end=\"1419\">\n<li data-start=\"1116\" data-end=\"1208\">\n<p data-start=\"1118\" data-end=\"1208\">Detailhandlere og distribut\u00f8rer kr\u00e6ver ofte IFRA-certifikater, f\u00f8r de f\u00f8rer dine produkter p\u00e5 listen.<\/p>\n<\/li>\n<li data-start=\"1209\" data-end=\"1318\">\n<p data-start=\"1211\" data-end=\"1318\">Ansvarlige personer i henhold til EU&#8217;s kosmetikforordning 1223\/2009 skal sikre, at duftstoffer overholder IFRA&#8217;s restriktioner.<\/p>\n<\/li>\n<li data-start=\"1319\" data-end=\"1419\">\n<p data-start=\"1321\" data-end=\"1419\">Eksportmarkederne eftersp\u00f8rger i stigende grad IFRA-dokumentation ud over SDS, CPSR og allergenark.<\/p>\n<\/li>\n<\/ul>\n<p data-start=\"1421\" data-end=\"1549\">Kort sagt beskytter IFRA-dokumentation din virksomhed, dine forbrugere og din evne til at s\u00e6lge lovligt i flere regioner.<\/p>\n<h2 data-start=\"1556\" data-end=\"1576\">Hvad vi leverer<\/h2>\n<p data-start=\"1577\" data-end=\"1619\">Vores IFRA-dokumentationsservice omfatter:<\/p>\n<ul data-start=\"1620\" data-end=\"1968\">\n<li data-start=\"1620\" data-end=\"1700\">\n<p data-start=\"1622\" data-end=\"1700\"><strong data-start=\"1622\" data-end=\"1655\">Udarbejdelse af IFRA-certifikater<\/strong> (baseret p\u00e5 den seneste IFRA-\u00e6ndring).<\/p>\n<\/li>\n<li data-start=\"1911\" data-end=\"1968\">\n<p data-start=\"1913\" data-end=\"1968\"><strong data-start=\"1913\" data-end=\"1939\">Flersprogede muligheder<\/strong> for EU og globale markeder. Engelsk er standardsproget.   <\/p>\n<\/li>\n<\/ul>\n<p data-start=\"1970\" data-end=\"2125\">Hvis du endnu ikke har verificerede allergen-data, kan vi kombinere denne service med vores <a href=\"https:\/\/www.certifiedcosmetics.com\/da\/product\/verifikation-af-anprisninger-og-test-af-ingredienser\/82-test-til-paavisning-af-allergener-gc-ms-ms\/\">  <strong data-start=\"2054\" data-end=\"2094\">82 Allergen GC-MS\/MS laboratorietest<\/strong><\/a> for at sikre fuldst\u00e6ndig n\u00f8jagtighed.<\/p>\n<h2 class=\"wp-block-heading\"><strong>Hvordan fungerer processen?<\/strong><\/h2>\n<ol class=\"wp-block-list\" start=\"1\">\n<li><strong>V\u00e6lg en laboratorietest<\/strong>\n<ul class=\"wp-block-list\">\n<li>Du k\u00f8ber laboratorietesten via vores hjemmeside.<\/li>\n<\/ul>\n<\/li>\n<li><strong>Adgang til sikker portal<\/strong>\n<ul class=\"wp-block-list\">\n<li>N\u00e5r du har k\u00f8bt, f\u00e5r du adgang til vores sikre portal, hvor du kan gennemf\u00f8re optagelsen.<\/li>\n<\/ul>\n<\/li>\n<li><strong>Planl\u00e6g laboratorietest<\/strong>\n<ul class=\"wp-block-list\">\n<li>Udfyld alle de \u00f8nskede oplysninger om dit produkt, og upload relevant dokumentation.<\/li>\n<\/ul>\n<\/li>\n<li><strong>Send pr\u00f8ver<\/strong>\n<ul class=\"wp-block-list\">\n<li>Send fysiske pr\u00f8ver af dit produkt til vores laboratorium. N\u00e5r du scanner din laboratorietest i portalen, vil sikkerhedsassessoren bede om antallet af pr\u00f8ver. Det afh\u00e6nger af dit produkt og din emballage.    <\/li>\n<\/ul>\n<\/li>\n<li><strong>Laboratorieunders\u00f8gelser<\/strong>\n<ul class=\"wp-block-list\">\n<li>Vi udf\u00f8rer laboratorieunders\u00f8gelser.<\/li>\n<\/ul>\n<\/li>\n<li><strong>Resultater<\/strong>\n<ul class=\"wp-block-list\">\n<li>Vores sikkerhedsassessor forbereder laboratorietestresultaterne, uploader rapporten til portalen og giver dig besked.<\/li>\n<\/ul>\n<\/li>\n<\/ol>\n<h2 data-start=\"2591\" data-end=\"2618\">Hvem har brug for denne service?<\/h2>\n<ul data-start=\"2619\" data-end=\"2956\">\n<li data-start=\"2619\" data-end=\"2689\">\n<p data-start=\"2621\" data-end=\"2689\"><strong data-start=\"2621\" data-end=\"2648\">Leverand\u00f8rer af duftolier<\/strong> producerer IFRA-emballage til deres kunder.<\/p>\n<\/li>\n<li data-start=\"2690\" data-end=\"2771\">\n<p data-start=\"2692\" data-end=\"2771\"><strong data-start=\"2692\" data-end=\"2711\">Kosmetikm\u00e6rker<\/strong>, der har brug for IFRA-certifikater til CPSR- og compliance-audits.<\/p>\n<\/li>\n<li data-start=\"2772\" data-end=\"2875\">\n<p data-start=\"2774\" data-end=\"2875\"><strong data-start=\"2774\" data-end=\"2821\">Producenter af stearinlys, diffusere og duftstoffer til hjemmet<\/strong> skal levere IFRA- og allergenerkl\u00e6ringer.<\/p>\n<\/li>\n<li data-start=\"2876\" data-end=\"2956\">\n<p data-start=\"2878\" data-end=\"2956\"><strong data-start=\"2878\" data-end=\"2908\">Distribut\u00f8rer og detailhandlere<\/strong> kr\u00e6ver fuld dokumentation for overholdelse.<\/p>\n<\/li>\n<\/ul>\n<h2 data-start=\"2963\" data-end=\"2994\">Fordele for din virksomhed<\/h2>\n<ul data-start=\"2995\" data-end=\"3286\">\n<li data-start=\"2995\" data-end=\"3052\">\n<p data-start=\"2997\" data-end=\"3052\">Forbliver i fuld overensstemmelse med de <strong data-start=\"3023\" data-end=\"3049\">nuv\u00e6rende IFRA-standarder<\/strong>.<\/p>\n<\/li>\n<li data-start=\"3053\" data-end=\"3128\">\n<p data-start=\"3055\" data-end=\"3128\">Leverer p\u00e5lidelig, professionel dokumentation til kunder og myndigheder.<\/p>\n<\/li>\n<li data-start=\"3129\" data-end=\"3172\">\n<p data-start=\"3131\" data-end=\"3172\">Spar tid og undg\u00e5 regnefejl.<\/p>\n<\/li>\n<li data-start=\"3173\" data-end=\"3286\">\n<p data-start=\"3175\" data-end=\"3286\">Kombiner med vores testtjenester (allergenanalyse, SDS, PCN, CPSR) for at f\u00e5 en <strong data-start=\"3251\" data-end=\"3283\">one-stop compliance-l\u00f8sning<\/strong>.<\/p>\n<\/li>\n<\/ul>\n","protected":false},"excerpt":{"rendered":"<p>S\u00f8rg for, at dine duftprodukter overholder globale standarder Alle duftprodukter &#8211; uanset om det er parfume, stearinlys, diffuser, s\u00e6be eller kosmetik &#8211; skal overholde de seneste IFRA-standarder. Disse standarder beskriver sikre anvendelsesniveauer for duftstoffer i forskellige produkttyper. Uden den rette dokumentation kan dine produkter blive afvist, tilbagekaldt eller blokeret p\u00e5 internationale markeder. Vores service giver&#8230;<\/p>\n","protected":false},"featured_media":17062,"template":"","meta":[],"product_brand":[],"product_cat":[1874],"product_tag":[],"class_list":{"0":"post-17143","1":"product","2":"type-product","3":"status-publish","4":"has-post-thumbnail","6":"product_cat-sds","8":"first","9":"instock","10":"virtual","11":"taxable","12":"purchasable","13":"product-type-simple"},"bundled_by":["17145"],"bundle_stock_status":"instock","bundle_stock_quantity":null,"bundle_virtual":false,"bundle_layout":"","bundle_add_to_cart_form_location":"","bundle_editable_in_cart":false,"bundle_sold_individually_context":"","bundle_item_grouping":"","bundle_min_size":"","bundle_max_size":"","bundle_price":[],"bundled_items":[],"bundle_sell_ids":[],"yoast_head":"<!-- This site is optimized with the Yoast SEO Premium plugin v25.4 (Yoast SEO v25.4) - https:\/\/yoast.com\/wordpress\/plugins\/seo\/ -->\n<title>Oprettelse af IFRA-dokumentation - Certified Cosmetics<\/title>\n<meta name=\"description\" content=\"Vores service giver dig officielle IFRA-certifikater og underst\u00f8ttende allergen-dokumentation, der er skabt ud fra laboratoriedata eller leverand\u00f8roplysninger.\" \/>\n<meta name=\"robots\" content=\"index, follow, max-snippet:-1, max-image-preview:large, max-video-preview:-1\" \/>\n<link rel=\"canonical\" href=\"https:\/\/www.certifiedcosmetics.com\/da\/product\/sds\/oprettelse-af-ifra-dokumentation\/\" \/>\n<meta property=\"og:locale\" content=\"da_DK\" \/>\n<meta property=\"og:type\" content=\"article\" \/>\n<meta property=\"og:title\" content=\"Oprettelse af IFRA-dokumentation\" \/>\n<meta property=\"og:description\" content=\"Vores service giver dig officielle IFRA-certifikater og underst\u00f8ttende allergen-dokumentation, der er skabt ud fra laboratoriedata eller leverand\u00f8roplysninger.\" \/>\n<meta property=\"og:url\" content=\"https:\/\/www.certifiedcosmetics.com\/da\/product\/sds\/oprettelse-af-ifra-dokumentation\/\" \/>\n<meta property=\"og:site_name\" content=\"Certified Cosmetics\" \/>\n<meta property=\"og:image\" content=\"https:\/\/www.certifiedcosmetics.com\/wp-content\/uploads\/2025\/10\/ifra-documentation.jpg\" \/>\n\t<meta property=\"og:image:width\" content=\"800\" \/>\n\t<meta property=\"og:image:height\" content=\"800\" \/>\n\t<meta property=\"og:image:type\" content=\"image\/jpeg\" \/>\n<meta name=\"twitter:card\" content=\"summary_large_image\" \/>\n<meta name=\"twitter:label1\" content=\"Price\" \/>\n\t<meta name=\"twitter:data1\" content=\"&#036;93.62\" \/>\n\t<meta name=\"twitter:label2\" content=\"Availability\" \/>\n\t<meta name=\"twitter:data2\" content=\"In stock\" \/>\n<script type=\"application\/ld+json\" class=\"yoast-schema-graph\">{\"@context\":\"https:\/\/schema.org\",\"@graph\":[{\"@type\":\"WebPage\",\"@id\":\"https:\/\/www.certifiedcosmetics.com\/da\/product\/sds\/oprettelse-af-ifra-dokumentation\/\",\"url\":\"https:\/\/www.certifiedcosmetics.com\/da\/product\/sds\/oprettelse-af-ifra-dokumentation\/\",\"name\":\"Oprettelse af IFRA-dokumentation - Certified Cosmetics\",\"isPartOf\":{\"@id\":\"https:\/\/www.certifiedcosmetics.com\/da\/#website\"},\"primaryImageOfPage\":{\"@id\":\"https:\/\/www.certifiedcosmetics.com\/da\/product\/sds\/oprettelse-af-ifra-dokumentation\/#primaryimage\"},\"image\":{\"@id\":\"https:\/\/www.certifiedcosmetics.com\/da\/product\/sds\/oprettelse-af-ifra-dokumentation\/#primaryimage\"},\"thumbnailUrl\":\"https:\/\/www.certifiedcosmetics.com\/wp-content\/uploads\/2025\/10\/ifra-documentation.jpg\",\"datePublished\":\"2025-10-02T15:45:35+00:00\",\"description\":\"Vores service giver dig officielle IFRA-certifikater og underst\u00f8ttende allergen-dokumentation, der er skabt ud fra laboratoriedata eller leverand\u00f8roplysninger.\",\"breadcrumb\":{\"@id\":\"https:\/\/www.certifiedcosmetics.com\/da\/product\/sds\/oprettelse-af-ifra-dokumentation\/#breadcrumb\"},\"inLanguage\":\"da-DK\",\"potentialAction\":[{\"@type\":\"ReadAction\",\"target\":[\"https:\/\/www.certifiedcosmetics.com\/da\/product\/sds\/oprettelse-af-ifra-dokumentation\/\"]}]},{\"@type\":\"ImageObject\",\"inLanguage\":\"da-DK\",\"@id\":\"https:\/\/www.certifiedcosmetics.com\/da\/product\/sds\/oprettelse-af-ifra-dokumentation\/#primaryimage\",\"url\":\"https:\/\/www.certifiedcosmetics.com\/wp-content\/uploads\/2025\/10\/ifra-documentation.jpg\",\"contentUrl\":\"https:\/\/www.certifiedcosmetics.com\/wp-content\/uploads\/2025\/10\/ifra-documentation.jpg\",\"width\":800,\"height\":800},{\"@type\":\"BreadcrumbList\",\"@id\":\"https:\/\/www.certifiedcosmetics.com\/da\/product\/sds\/oprettelse-af-ifra-dokumentation\/#breadcrumb\",\"itemListElement\":[{\"@type\":\"ListItem\",\"position\":1,\"name\":\"Home\",\"item\":\"https:\/\/www.certifiedcosmetics.com\/da\/vurdering-af-kosmetiske-produkters-sikkerhed\/\"},{\"@type\":\"ListItem\",\"position\":2,\"name\":\"Butik\",\"item\":\"https:\/\/www.certifiedcosmetics.com\/butik\/\"},{\"@type\":\"ListItem\",\"position\":3,\"name\":\"Oprettelse af IFRA-dokumentation\"}]},{\"@type\":\"WebSite\",\"@id\":\"https:\/\/www.certifiedcosmetics.com\/da\/#website\",\"url\":\"https:\/\/www.certifiedcosmetics.com\/da\/\",\"name\":\"Certified Cosmetics\",\"description\":\"Cosmetic Safety Assessment\",\"publisher\":{\"@id\":\"https:\/\/www.certifiedcosmetics.com\/da\/#organization\"},\"potentialAction\":[{\"@type\":\"SearchAction\",\"target\":{\"@type\":\"EntryPoint\",\"urlTemplate\":\"https:\/\/www.certifiedcosmetics.com\/da\/?s={search_term_string}\"},\"query-input\":{\"@type\":\"PropertyValueSpecification\",\"valueRequired\":true,\"valueName\":\"search_term_string\"}}],\"inLanguage\":\"da-DK\"},{\"@type\":\"Organization\",\"@id\":\"https:\/\/www.certifiedcosmetics.com\/da\/#organization\",\"name\":\"Certified Cosmetics\",\"url\":\"https:\/\/www.certifiedcosmetics.com\/da\/\",\"logo\":{\"@type\":\"ImageObject\",\"inLanguage\":\"da-DK\",\"@id\":\"https:\/\/www.certifiedcosmetics.com\/da\/#\/schema\/logo\/image\/\",\"url\":\"https:\/\/www.certifiedcosmetics.com\/wp-content\/uploads\/2024\/12\/logo_certified_cosmetics696.jpg\",\"contentUrl\":\"https:\/\/www.certifiedcosmetics.com\/wp-content\/uploads\/2024\/12\/logo_certified_cosmetics696.jpg\",\"width\":696,\"height\":696,\"caption\":\"Certified Cosmetics\"},\"image\":{\"@id\":\"https:\/\/www.certifiedcosmetics.com\/da\/#\/schema\/logo\/image\/\"},\"description\":\"Your trusted partner for cosmetic product safety reporting. We take care of updating all of your documentation, ensuring your compliance stays current even as regulations evolve. The Cosmetic Product Safety Assessment will give you everything you need to sell specific products to EU consumers.\",\"email\":\"contact@certifiedcosmetics.com\",\"telephone\":\"+31 36 2036384\",\"legalName\":\"Certified Cosmetics\",\"foundingDate\":\"2010-01-01\",\"vatID\":\"NL854189543B01\",\"numberOfEmployees\":{\"@type\":\"QuantitativeValue\",\"minValue\":\"11\",\"maxValue\":\"50\"}}]}<\/script>\n<meta property=\"product:price:amount\" content=\"93.62\" \/>\n<meta property=\"product:price:currency\" content=\"USD\" \/>\n<meta property=\"og:availability\" content=\"instock\" \/>\n<meta property=\"product:availability\" content=\"instock\" \/>\n<meta property=\"product:retailer_item_id\" content=\"CC100079\" \/>\n<meta property=\"product:condition\" content=\"new\" \/>\n<!-- \/ Yoast SEO Premium plugin. -->","yoast_head_json":{"title":"Oprettelse af IFRA-dokumentation - Certified Cosmetics","description":"Vores service giver dig officielle IFRA-certifikater og underst\u00f8ttende allergen-dokumentation, der er skabt ud fra laboratoriedata eller leverand\u00f8roplysninger.","robots":{"index":"index","follow":"follow","max-snippet":"max-snippet:-1","max-image-preview":"max-image-preview:large","max-video-preview":"max-video-preview:-1"},"canonical":"https:\/\/www.certifiedcosmetics.com\/da\/product\/sds\/oprettelse-af-ifra-dokumentation\/","og_locale":"da_DK","og_type":"article","og_title":"Oprettelse af IFRA-dokumentation","og_description":"Vores service giver dig officielle IFRA-certifikater og underst\u00f8ttende allergen-dokumentation, der er skabt ud fra laboratoriedata eller leverand\u00f8roplysninger.","og_url":"https:\/\/www.certifiedcosmetics.com\/da\/product\/sds\/oprettelse-af-ifra-dokumentation\/","og_site_name":"Certified Cosmetics","og_image":[{"width":800,"height":800,"url":"https:\/\/www.certifiedcosmetics.com\/wp-content\/uploads\/2025\/10\/ifra-documentation.jpg","type":"image\/jpeg"}],"twitter_card":"summary_large_image","twitter_misc":{"Price":"&#36;93.62","Availability":"In stock"},"schema":{"@context":"https:\/\/schema.org","@graph":[{"@type":"WebPage","@id":"https:\/\/www.certifiedcosmetics.com\/da\/product\/sds\/oprettelse-af-ifra-dokumentation\/","url":"https:\/\/www.certifiedcosmetics.com\/da\/product\/sds\/oprettelse-af-ifra-dokumentation\/","name":"Oprettelse af IFRA-dokumentation - Certified Cosmetics","isPartOf":{"@id":"https:\/\/www.certifiedcosmetics.com\/da\/#website"},"primaryImageOfPage":{"@id":"https:\/\/www.certifiedcosmetics.com\/da\/product\/sds\/oprettelse-af-ifra-dokumentation\/#primaryimage"},"image":{"@id":"https:\/\/www.certifiedcosmetics.com\/da\/product\/sds\/oprettelse-af-ifra-dokumentation\/#primaryimage"},"thumbnailUrl":"https:\/\/www.certifiedcosmetics.com\/wp-content\/uploads\/2025\/10\/ifra-documentation.jpg","datePublished":"2025-10-02T15:45:35+00:00","description":"Vores service giver dig officielle IFRA-certifikater og underst\u00f8ttende allergen-dokumentation, der er skabt ud fra laboratoriedata eller leverand\u00f8roplysninger.","breadcrumb":{"@id":"https:\/\/www.certifiedcosmetics.com\/da\/product\/sds\/oprettelse-af-ifra-dokumentation\/#breadcrumb"},"inLanguage":"da-DK","potentialAction":[{"@type":"ReadAction","target":["https:\/\/www.certifiedcosmetics.com\/da\/product\/sds\/oprettelse-af-ifra-dokumentation\/"]}]},{"@type":"ImageObject","inLanguage":"da-DK","@id":"https:\/\/www.certifiedcosmetics.com\/da\/product\/sds\/oprettelse-af-ifra-dokumentation\/#primaryimage","url":"https:\/\/www.certifiedcosmetics.com\/wp-content\/uploads\/2025\/10\/ifra-documentation.jpg","contentUrl":"https:\/\/www.certifiedcosmetics.com\/wp-content\/uploads\/2025\/10\/ifra-documentation.jpg","width":800,"height":800},{"@type":"BreadcrumbList","@id":"https:\/\/www.certifiedcosmetics.com\/da\/product\/sds\/oprettelse-af-ifra-dokumentation\/#breadcrumb","itemListElement":[{"@type":"ListItem","position":1,"name":"Home","item":"https:\/\/www.certifiedcosmetics.com\/da\/vurdering-af-kosmetiske-produkters-sikkerhed\/"},{"@type":"ListItem","position":2,"name":"Butik","item":"https:\/\/www.certifiedcosmetics.com\/butik\/"},{"@type":"ListItem","position":3,"name":"Oprettelse af IFRA-dokumentation"}]},{"@type":"WebSite","@id":"https:\/\/www.certifiedcosmetics.com\/da\/#website","url":"https:\/\/www.certifiedcosmetics.com\/da\/","name":"Certified Cosmetics","description":"Cosmetic Safety Assessment","publisher":{"@id":"https:\/\/www.certifiedcosmetics.com\/da\/#organization"},"potentialAction":[{"@type":"SearchAction","target":{"@type":"EntryPoint","urlTemplate":"https:\/\/www.certifiedcosmetics.com\/da\/?s={search_term_string}"},"query-input":{"@type":"PropertyValueSpecification","valueRequired":true,"valueName":"search_term_string"}}],"inLanguage":"da-DK"},{"@type":"Organization","@id":"https:\/\/www.certifiedcosmetics.com\/da\/#organization","name":"Certified Cosmetics","url":"https:\/\/www.certifiedcosmetics.com\/da\/","logo":{"@type":"ImageObject","inLanguage":"da-DK","@id":"https:\/\/www.certifiedcosmetics.com\/da\/#\/schema\/logo\/image\/","url":"https:\/\/www.certifiedcosmetics.com\/wp-content\/uploads\/2024\/12\/logo_certified_cosmetics696.jpg","contentUrl":"https:\/\/www.certifiedcosmetics.com\/wp-content\/uploads\/2024\/12\/logo_certified_cosmetics696.jpg","width":696,"height":696,"caption":"Certified Cosmetics"},"image":{"@id":"https:\/\/www.certifiedcosmetics.com\/da\/#\/schema\/logo\/image\/"},"description":"Your trusted partner for cosmetic product safety reporting. We take care of updating all of your documentation, ensuring your compliance stays current even as regulations evolve. The Cosmetic Product Safety Assessment will give you everything you need to sell specific products to EU consumers.","email":"contact@certifiedcosmetics.com","telephone":"+31 36 2036384","legalName":"Certified Cosmetics","foundingDate":"2010-01-01","vatID":"NL854189543B01","numberOfEmployees":{"@type":"QuantitativeValue","minValue":"11","maxValue":"50"}}]},"product_price_amount":"93.62","product_price_currency":"USD","og_availability":"instock","product_availability":"instock","product_retailer_item_id":"CC100079","product_condition":"new"},"_links":{"self":[{"href":"https:\/\/www.certifiedcosmetics.com\/da\/wp-json\/wp\/v2\/product\/17143","targetHints":{"allow":["GET"]}}],"collection":[{"href":"https:\/\/www.certifiedcosmetics.com\/da\/wp-json\/wp\/v2\/product"}],"about":[{"href":"https:\/\/www.certifiedcosmetics.com\/da\/wp-json\/wp\/v2\/types\/product"}],"wp:featuredmedia":[{"embeddable":true,"href":"https:\/\/www.certifiedcosmetics.com\/da\/wp-json\/wp\/v2\/media\/17062"}],"wp:attachment":[{"href":"https:\/\/www.certifiedcosmetics.com\/da\/wp-json\/wp\/v2\/media?parent=17143"}],"wp:term":[{"taxonomy":"product_brand","embeddable":true,"href":"https:\/\/www.certifiedcosmetics.com\/da\/wp-json\/wp\/v2\/product_brand?post=17143"},{"taxonomy":"product_cat","embeddable":true,"href":"https:\/\/www.certifiedcosmetics.com\/da\/wp-json\/wp\/v2\/product_cat?post=17143"},{"taxonomy":"product_tag","embeddable":true,"href":"https:\/\/www.certifiedcosmetics.com\/da\/wp-json\/wp\/v2\/product_tag?post=17143"}],"curies":[{"name":"wp","href":"https:\/\/api.w.org\/{rel}","templated":true}]}}