{"id":17135,"date":"2025-08-05T16:41:15","date_gmt":"2025-08-05T15:41:15","guid":{"rendered":"https:\/\/www.certifiedcosmetics.com\/product\/Ikke kategoriseret\/test-af-uva-beskyttelsesfaktor-uva-pf\/"},"modified":"2025-08-05T16:41:15","modified_gmt":"2025-08-05T15:41:15","slug":"test-af-uva-beskyttelsesfaktor-uva-pf","status":"publish","type":"product","link":"https:\/\/www.certifiedcosmetics.com\/da\/product\/test-af-effektivitet\/hudtestning\/test-af-uva-beskyttelsesfaktor-uva-pf\/","title":{"rendered":"Test af UVA-beskyttelsesfaktor (UVA-PF)"},"content":{"rendered":"<p data-start=\"281\" data-end=\"887\">Vi tilbyder <strong data-start=\"292\" data-end=\"334\">test af UVA-beskyttelsesfaktor (UVA-PF)<\/strong> for at underst\u00f8tte n\u00f8jagtig og kompatibel m\u00e6rkning af solpleje- og kosmetikprodukter. UVA-PF-test er et vigtigt skridt for at verificere et produkts evne til at beskytte huden mod <strong data-start=\"511\" data-end=\"528\">UVA-str\u00e5ling<\/strong>, som er kendt for at for\u00e5rsage <strong data-start=\"554\" data-end=\"568\">foto\u00e6ldning<\/strong>, <strong data-start=\"570\" data-end=\"595\">langvarig hudskade<\/strong> og bidrage til <strong data-start=\"615\" data-end=\"630\">hudkr\u00e6ft<\/strong>. I mods\u00e6tning til UVB-str\u00e5ler tr\u00e6nger UVA-str\u00e5ler dybere ind i huden og er til stede hele \u00e5ret, uanset vejr og \u00e5rstid. M\u00e5ling af UVA-beskyttelse er en n\u00f8dvendig del af at underbygge p\u00e5stande om <strong data-start=\"827\" data-end=\"856\">bredspektret beskyttelse<\/strong> p\u00e5 mange globale markeder.   <\/p>\n<h2 data-start=\"894\" data-end=\"935\"><strong data-start=\"898\" data-end=\"935\">Vores tilg\u00e6ngelige UVA-PF-testmetoder<\/strong><\/h2>\n<p data-start=\"937\" data-end=\"1021\">Vi tilbyder flere testmetoder afh\u00e6ngigt af dine lovgivningsm\u00e6ssige eller udviklingsm\u00e6ssige behov:<\/p>\n<ul data-start=\"1023\" data-end=\"1694\">\n<li data-start=\"1023\" data-end=\"1169\">\n<p data-start=\"1025\" data-end=\"1169\"><strong data-start=\"1025\" data-end=\"1055\">Intern metode (in vitro)<\/strong><\/p>\n<\/li>\n<li data-start=\"1170\" data-end=\"1422\">\n<p data-start=\"1172\" data-end=\"1422\"><strong data-start=\"1172\" data-end=\"1190\">ISO 24443:2021<\/strong> &#8211; En <strong data-start=\"1196\" data-end=\"1242\">internationalt anerkendt in vitro-metode<\/strong> til bestemmelse af UVA-beskyttelse i solcremeprodukter. Denne test er accepteret af regulerende organer i EU og andre globale markeder som et krav til bredspektret m\u00e6rkning. <\/p>\n<\/li>\n<li data-start=\"1423\" data-end=\"1694\">\n<p data-start=\"1425\" data-end=\"1613\"><strong data-start=\"1425\" data-end=\"1449\">JCIA PA Rating Tests<\/strong> &#8211; <strong data-start=\"1503\" data-end=\"1516\">PA-systemet<\/strong> bruges i vid udstr\u00e6kning i Japan og mange asiatiske lande og vurderer UVA-beskyttelse ved hj\u00e6lp af PPD-data (Persistent Pigment Darkening). Vi tilbyder alle fire PA-niveauer: <\/p>\n<p data-start=\"1617\" data-end=\"1694\">&#8211; <strong data-start=\"1619\" data-end=\"1631\">PA+ Test<\/strong><br data-start=\"1631\" data-end=\"1634\">&#8211; <strong data-start=\"1638\" data-end=\"1651\">PA++ Test<\/strong><br data-start=\"1651\" data-end=\"1654\">&#8211; <strong data-start=\"1658\" data-end=\"1672\">PA+++<\/strong> <strong data-start=\"1679\" data-end=\"1694\">Test<\/strong><br data-start=\"1672\" data-end=\"1675\">&#8211; <strong data-start=\"1679\" data-end=\"1694\">PA++++ Test<\/strong><\/p>\n<\/li>\n<\/ul>\n<p data-start=\"1696\" data-end=\"1883\">Disse tests udf\u00f8res i henhold til retningslinjerne fra <strong data-start=\"1739\" data-end=\"1785\">Japan Cosmetic Industry Association (JCIA)<\/strong> og bruges ofte til produktregistrering og forbrugerm\u00e6rkning p\u00e5 de asiatiske markeder.<\/p>\n<h2 data-start=\"1890\" data-end=\"1926\"><strong data-start=\"1894\" data-end=\"1926\">Hvorfor UVA-test er n\u00f8dvendig<\/strong><\/h2>\n<p data-start=\"1928\" data-end=\"2320\">Forbrugere og myndigheder forventer i stigende grad gennemsigtig og videnskabeligt baseret m\u00e6rkning. For at solbeskyttelsesprodukter kan markedsf\u00f8res med anprisninger om <strong data-start=\"2056\" data-end=\"2081\">UVA-beskyttelse<\/strong> eller <strong data-start=\"2085\" data-end=\"2110\">bredspektrede etiketter<\/strong>, kr\u00e6ves der laboratorietest for at p\u00e5vise effektiviteten. UVA-PF-resultater bruges ogs\u00e5 til at underst\u00f8tte markedsf\u00f8ringsanprisninger, overholde nationale regler og v\u00e6lge den passende <strong data-start=\"2292\" data-end=\"2305\">PA-klassificering<\/strong> til emballagen.  <\/p>\n<p data-start=\"2322\" data-end=\"2543\">Manglende verificering af UVA-beskyttelse kan f\u00f8re til vildledende p\u00e5stande, reduceret forbrugertillid og potentielle lovindgreb. Vores testtjenester hj\u00e6lper med at mindske disse risici ved at levere objektive, videnskabeligt funderede data. <\/p>\n<h2 class=\"wp-block-heading\"><strong>Hvordan fungerer processen?<\/strong><\/h2>\n<ol class=\"wp-block-list\" start=\"1\">\n<li><strong>Valg af laboratorietest<\/strong>\n<ul class=\"wp-block-list\">\n<li>Du k\u00f8ber <strong>laboratorietesten<\/strong> via vores hjemmeside.<\/li>\n<\/ul>\n<\/li>\n<li><strong>Adgang til sikker portal<\/strong>\n<ul class=\"wp-block-list\">\n<li>N\u00e5r du har k\u00f8bt, f\u00e5r du adgang til vores sikre portal, hvor du kan gennemf\u00f8re optagelsen.<\/li>\n<\/ul>\n<\/li>\n<li><strong>Komplet indtagelse<\/strong>\n<ul class=\"wp-block-list\">\n<li>Udfyld alle de \u00f8nskede oplysninger om dit produkt, og upload relevant dokumentation.<\/li>\n<\/ul>\n<\/li>\n<li><strong>Send pr\u00f8ver<\/strong>\n<ul class=\"wp-block-list\">\n<li>Send fysiske pr\u00f8ver af dit produkt til vores laboratorium. N\u00e5r du planl\u00e6gger din laboratorietest i portalen, vil sikkerhedsassessoren bede om antallet af pr\u00f8ver. Det afh\u00e6nger af dit produkt og din emballage.  <\/li>\n<\/ul>\n<\/li>\n<li><strong>Laboratorieunders\u00f8gelser<\/strong>\n<ul class=\"wp-block-list\">\n<li>Vi udf\u00f8rer laboratorieunders\u00f8gelserne.<\/li>\n<\/ul>\n<\/li>\n<li><strong>Resultater<\/strong>\n<ul class=\"wp-block-list\">\n<li>I portalen finder du testresultaterne for dit produkt.<\/li>\n<\/ul>\n<\/li>\n<\/ol>\n","protected":false},"excerpt":{"rendered":"<p>Vi tilbyder test af UVA-beskyttelsesfaktor (UVA-PF) for at underst\u00f8tte n\u00f8jagtig og kompatibel m\u00e6rkning af solpleje- og kosmetikprodukter. UVA-PF-test er et vigtigt skridt for at verificere et produkts evne til at beskytte huden mod UVA-str\u00e5ling, som er kendt for at for\u00e5rsage foto\u00e6ldning, langvarig hudskade og bidrage til hudkr\u00e6ft. I mods\u00e6tning til UVB-str\u00e5ler tr\u00e6nger UVA-str\u00e5ler dybere ind&#8230;<\/p>\n","protected":false},"featured_media":17136,"template":"","meta":[],"product_brand":[],"product_cat":[1841,1870,1840],"product_tag":[],"class_list":{"0":"post-17135","1":"product","2":"type-product","3":"status-publish","4":"has-post-thumbnail","6":"product_cat-hudtestning","7":"product_cat-spf-testning","8":"product_cat-test-af-effektivitet","10":"first","11":"instock","12":"taxable","13":"shipping-taxable","14":"purchasable","15":"product-type-variable","16":"has-default-attributes"},"bundled_by":[],"bundle_stock_status":"instock","bundle_stock_quantity":null,"bundle_virtual":false,"bundle_layout":"","bundle_add_to_cart_form_location":"","bundle_editable_in_cart":false,"bundle_sold_individually_context":"","bundle_item_grouping":"","bundle_min_size":"","bundle_max_size":"","bundle_price":[],"bundled_items":[],"bundle_sell_ids":[],"yoast_head":"<!-- This site is optimized with the Yoast SEO Premium plugin v25.4 (Yoast SEO v25.4) - https:\/\/yoast.com\/wordpress\/plugins\/seo\/ -->\n<title>Test af UVA-beskyttelsesfaktor (UVA-PF) - Certified Cosmetics<\/title>\n<meta name=\"description\" content=\"Vi tilbyder test af UVA-beskyttelsesfaktor (UVA-PF) for at underst\u00f8tte n\u00f8jagtig og kompatibel m\u00e6rkning af solpleje- og kosmetikprodukter.\" \/>\n<meta name=\"robots\" content=\"index, follow, max-snippet:-1, max-image-preview:large, max-video-preview:-1\" \/>\n<link rel=\"canonical\" href=\"https:\/\/www.certifiedcosmetics.com\/da\/product\/test-af-effektivitet\/hudtestning\/test-af-uva-beskyttelsesfaktor-uva-pf\/\" \/>\n<meta property=\"og:locale\" content=\"da_DK\" \/>\n<meta property=\"og:type\" content=\"article\" \/>\n<meta property=\"og:title\" content=\"Test af UVA-beskyttelsesfaktor (UVA-PF)\" \/>\n<meta property=\"og:description\" content=\"Vi tilbyder test af UVA-beskyttelsesfaktor (UVA-PF) for at underst\u00f8tte n\u00f8jagtig og kompatibel m\u00e6rkning af solpleje- og kosmetikprodukter.\" \/>\n<meta property=\"og:url\" content=\"https:\/\/www.certifiedcosmetics.com\/da\/product\/test-af-effektivitet\/hudtestning\/test-af-uva-beskyttelsesfaktor-uva-pf\/\" \/>\n<meta property=\"og:site_name\" content=\"Certified Cosmetics\" \/>\n<meta property=\"og:image\" content=\"https:\/\/www.certifiedcosmetics.com\/wp-content\/uploads\/2025\/08\/uva-laboratory-test.jpg\" \/>\n\t<meta property=\"og:image:width\" content=\"800\" \/>\n\t<meta property=\"og:image:height\" content=\"800\" \/>\n\t<meta property=\"og:image:type\" content=\"image\/jpeg\" \/>\n<meta name=\"twitter:card\" content=\"summary_large_image\" \/>\n<meta name=\"twitter:label1\" content=\"Availability\" \/>\n\t<meta name=\"twitter:data1\" content=\"In stock\" \/>\n<script type=\"application\/ld+json\" class=\"yoast-schema-graph\">{\"@context\":\"https:\/\/schema.org\",\"@graph\":[{\"@type\":\"WebPage\",\"@id\":\"https:\/\/www.certifiedcosmetics.com\/da\/product\/test-af-effektivitet\/hudtestning\/test-af-uva-beskyttelsesfaktor-uva-pf\/\",\"url\":\"https:\/\/www.certifiedcosmetics.com\/da\/product\/test-af-effektivitet\/hudtestning\/test-af-uva-beskyttelsesfaktor-uva-pf\/\",\"name\":\"Test af UVA-beskyttelsesfaktor (UVA-PF) - Certified Cosmetics\",\"isPartOf\":{\"@id\":\"https:\/\/www.certifiedcosmetics.com\/da\/#website\"},\"primaryImageOfPage\":{\"@id\":\"https:\/\/www.certifiedcosmetics.com\/da\/product\/test-af-effektivitet\/hudtestning\/test-af-uva-beskyttelsesfaktor-uva-pf\/#primaryimage\"},\"image\":{\"@id\":\"https:\/\/www.certifiedcosmetics.com\/da\/product\/test-af-effektivitet\/hudtestning\/test-af-uva-beskyttelsesfaktor-uva-pf\/#primaryimage\"},\"thumbnailUrl\":\"https:\/\/www.certifiedcosmetics.com\/wp-content\/uploads\/2025\/08\/uva-laboratory-test.jpg\",\"datePublished\":\"2025-08-05T15:41:15+00:00\",\"description\":\"Vi tilbyder test af UVA-beskyttelsesfaktor (UVA-PF) for at underst\u00f8tte n\u00f8jagtig og kompatibel m\u00e6rkning af solpleje- og kosmetikprodukter.\",\"breadcrumb\":{\"@id\":\"https:\/\/www.certifiedcosmetics.com\/da\/product\/test-af-effektivitet\/hudtestning\/test-af-uva-beskyttelsesfaktor-uva-pf\/#breadcrumb\"},\"inLanguage\":\"da-DK\",\"potentialAction\":[{\"@type\":\"ReadAction\",\"target\":[\"https:\/\/www.certifiedcosmetics.com\/da\/product\/test-af-effektivitet\/hudtestning\/test-af-uva-beskyttelsesfaktor-uva-pf\/\"]}]},{\"@type\":\"ImageObject\",\"inLanguage\":\"da-DK\",\"@id\":\"https:\/\/www.certifiedcosmetics.com\/da\/product\/test-af-effektivitet\/hudtestning\/test-af-uva-beskyttelsesfaktor-uva-pf\/#primaryimage\",\"url\":\"https:\/\/www.certifiedcosmetics.com\/wp-content\/uploads\/2025\/08\/uva-laboratory-test.jpg\",\"contentUrl\":\"https:\/\/www.certifiedcosmetics.com\/wp-content\/uploads\/2025\/08\/uva-laboratory-test.jpg\",\"width\":800,\"height\":800},{\"@type\":\"BreadcrumbList\",\"@id\":\"https:\/\/www.certifiedcosmetics.com\/da\/product\/test-af-effektivitet\/hudtestning\/test-af-uva-beskyttelsesfaktor-uva-pf\/#breadcrumb\",\"itemListElement\":[{\"@type\":\"ListItem\",\"position\":1,\"name\":\"Home\",\"item\":\"https:\/\/www.certifiedcosmetics.com\/da\/vurdering-af-kosmetiske-produkters-sikkerhed\/\"},{\"@type\":\"ListItem\",\"position\":2,\"name\":\"Butik\",\"item\":\"https:\/\/www.certifiedcosmetics.com\/butik\/\"},{\"@type\":\"ListItem\",\"position\":3,\"name\":\"Test af UVA-beskyttelsesfaktor (UVA-PF)\"}]},{\"@type\":\"WebSite\",\"@id\":\"https:\/\/www.certifiedcosmetics.com\/da\/#website\",\"url\":\"https:\/\/www.certifiedcosmetics.com\/da\/\",\"name\":\"Certified Cosmetics\",\"description\":\"Cosmetic Safety Assessment\",\"publisher\":{\"@id\":\"https:\/\/www.certifiedcosmetics.com\/da\/#organization\"},\"potentialAction\":[{\"@type\":\"SearchAction\",\"target\":{\"@type\":\"EntryPoint\",\"urlTemplate\":\"https:\/\/www.certifiedcosmetics.com\/da\/?s={search_term_string}\"},\"query-input\":{\"@type\":\"PropertyValueSpecification\",\"valueRequired\":true,\"valueName\":\"search_term_string\"}}],\"inLanguage\":\"da-DK\"},{\"@type\":\"Organization\",\"@id\":\"https:\/\/www.certifiedcosmetics.com\/da\/#organization\",\"name\":\"Certified Cosmetics\",\"url\":\"https:\/\/www.certifiedcosmetics.com\/da\/\",\"logo\":{\"@type\":\"ImageObject\",\"inLanguage\":\"da-DK\",\"@id\":\"https:\/\/www.certifiedcosmetics.com\/da\/#\/schema\/logo\/image\/\",\"url\":\"https:\/\/www.certifiedcosmetics.com\/wp-content\/uploads\/2024\/12\/logo_certified_cosmetics696.jpg\",\"contentUrl\":\"https:\/\/www.certifiedcosmetics.com\/wp-content\/uploads\/2024\/12\/logo_certified_cosmetics696.jpg\",\"width\":696,\"height\":696,\"caption\":\"Certified Cosmetics\"},\"image\":{\"@id\":\"https:\/\/www.certifiedcosmetics.com\/da\/#\/schema\/logo\/image\/\"},\"description\":\"Your trusted partner for cosmetic product safety reporting. We take care of updating all of your documentation, ensuring your compliance stays current even as regulations evolve. The Cosmetic Product Safety Assessment will give you everything you need to sell specific products to EU consumers.\",\"email\":\"contact@certifiedcosmetics.com\",\"telephone\":\"+31 36 2036384\",\"legalName\":\"Certified Cosmetics\",\"foundingDate\":\"2010-01-01\",\"vatID\":\"NL854189543B01\",\"numberOfEmployees\":{\"@type\":\"QuantitativeValue\",\"minValue\":\"11\",\"maxValue\":\"50\"}}]}<\/script>\n<meta property=\"og:availability\" content=\"instock\" \/>\n<meta property=\"product:availability\" content=\"instock\" \/>\n<meta property=\"product:condition\" content=\"new\" \/>\n<!-- \/ Yoast SEO Premium plugin. -->","yoast_head_json":{"title":"Test af UVA-beskyttelsesfaktor (UVA-PF) - Certified Cosmetics","description":"Vi tilbyder test af UVA-beskyttelsesfaktor (UVA-PF) for at underst\u00f8tte n\u00f8jagtig og kompatibel m\u00e6rkning af solpleje- og kosmetikprodukter.","robots":{"index":"index","follow":"follow","max-snippet":"max-snippet:-1","max-image-preview":"max-image-preview:large","max-video-preview":"max-video-preview:-1"},"canonical":"https:\/\/www.certifiedcosmetics.com\/da\/product\/test-af-effektivitet\/hudtestning\/test-af-uva-beskyttelsesfaktor-uva-pf\/","og_locale":"da_DK","og_type":"article","og_title":"Test af UVA-beskyttelsesfaktor (UVA-PF)","og_description":"Vi tilbyder test af UVA-beskyttelsesfaktor (UVA-PF) for at underst\u00f8tte n\u00f8jagtig og kompatibel m\u00e6rkning af solpleje- og kosmetikprodukter.","og_url":"https:\/\/www.certifiedcosmetics.com\/da\/product\/test-af-effektivitet\/hudtestning\/test-af-uva-beskyttelsesfaktor-uva-pf\/","og_site_name":"Certified Cosmetics","og_image":[{"width":800,"height":800,"url":"https:\/\/www.certifiedcosmetics.com\/wp-content\/uploads\/2025\/08\/uva-laboratory-test.jpg","type":"image\/jpeg"}],"twitter_card":"summary_large_image","twitter_misc":{"Availability":"In stock"},"schema":{"@context":"https:\/\/schema.org","@graph":[{"@type":"WebPage","@id":"https:\/\/www.certifiedcosmetics.com\/da\/product\/test-af-effektivitet\/hudtestning\/test-af-uva-beskyttelsesfaktor-uva-pf\/","url":"https:\/\/www.certifiedcosmetics.com\/da\/product\/test-af-effektivitet\/hudtestning\/test-af-uva-beskyttelsesfaktor-uva-pf\/","name":"Test af UVA-beskyttelsesfaktor (UVA-PF) - Certified Cosmetics","isPartOf":{"@id":"https:\/\/www.certifiedcosmetics.com\/da\/#website"},"primaryImageOfPage":{"@id":"https:\/\/www.certifiedcosmetics.com\/da\/product\/test-af-effektivitet\/hudtestning\/test-af-uva-beskyttelsesfaktor-uva-pf\/#primaryimage"},"image":{"@id":"https:\/\/www.certifiedcosmetics.com\/da\/product\/test-af-effektivitet\/hudtestning\/test-af-uva-beskyttelsesfaktor-uva-pf\/#primaryimage"},"thumbnailUrl":"https:\/\/www.certifiedcosmetics.com\/wp-content\/uploads\/2025\/08\/uva-laboratory-test.jpg","datePublished":"2025-08-05T15:41:15+00:00","description":"Vi tilbyder test af UVA-beskyttelsesfaktor (UVA-PF) for at underst\u00f8tte n\u00f8jagtig og kompatibel m\u00e6rkning af solpleje- og kosmetikprodukter.","breadcrumb":{"@id":"https:\/\/www.certifiedcosmetics.com\/da\/product\/test-af-effektivitet\/hudtestning\/test-af-uva-beskyttelsesfaktor-uva-pf\/#breadcrumb"},"inLanguage":"da-DK","potentialAction":[{"@type":"ReadAction","target":["https:\/\/www.certifiedcosmetics.com\/da\/product\/test-af-effektivitet\/hudtestning\/test-af-uva-beskyttelsesfaktor-uva-pf\/"]}]},{"@type":"ImageObject","inLanguage":"da-DK","@id":"https:\/\/www.certifiedcosmetics.com\/da\/product\/test-af-effektivitet\/hudtestning\/test-af-uva-beskyttelsesfaktor-uva-pf\/#primaryimage","url":"https:\/\/www.certifiedcosmetics.com\/wp-content\/uploads\/2025\/08\/uva-laboratory-test.jpg","contentUrl":"https:\/\/www.certifiedcosmetics.com\/wp-content\/uploads\/2025\/08\/uva-laboratory-test.jpg","width":800,"height":800},{"@type":"BreadcrumbList","@id":"https:\/\/www.certifiedcosmetics.com\/da\/product\/test-af-effektivitet\/hudtestning\/test-af-uva-beskyttelsesfaktor-uva-pf\/#breadcrumb","itemListElement":[{"@type":"ListItem","position":1,"name":"Home","item":"https:\/\/www.certifiedcosmetics.com\/da\/vurdering-af-kosmetiske-produkters-sikkerhed\/"},{"@type":"ListItem","position":2,"name":"Butik","item":"https:\/\/www.certifiedcosmetics.com\/butik\/"},{"@type":"ListItem","position":3,"name":"Test af UVA-beskyttelsesfaktor (UVA-PF)"}]},{"@type":"WebSite","@id":"https:\/\/www.certifiedcosmetics.com\/da\/#website","url":"https:\/\/www.certifiedcosmetics.com\/da\/","name":"Certified Cosmetics","description":"Cosmetic Safety Assessment","publisher":{"@id":"https:\/\/www.certifiedcosmetics.com\/da\/#organization"},"potentialAction":[{"@type":"SearchAction","target":{"@type":"EntryPoint","urlTemplate":"https:\/\/www.certifiedcosmetics.com\/da\/?s={search_term_string}"},"query-input":{"@type":"PropertyValueSpecification","valueRequired":true,"valueName":"search_term_string"}}],"inLanguage":"da-DK"},{"@type":"Organization","@id":"https:\/\/www.certifiedcosmetics.com\/da\/#organization","name":"Certified Cosmetics","url":"https:\/\/www.certifiedcosmetics.com\/da\/","logo":{"@type":"ImageObject","inLanguage":"da-DK","@id":"https:\/\/www.certifiedcosmetics.com\/da\/#\/schema\/logo\/image\/","url":"https:\/\/www.certifiedcosmetics.com\/wp-content\/uploads\/2024\/12\/logo_certified_cosmetics696.jpg","contentUrl":"https:\/\/www.certifiedcosmetics.com\/wp-content\/uploads\/2024\/12\/logo_certified_cosmetics696.jpg","width":696,"height":696,"caption":"Certified Cosmetics"},"image":{"@id":"https:\/\/www.certifiedcosmetics.com\/da\/#\/schema\/logo\/image\/"},"description":"Your trusted partner for cosmetic product safety reporting. We take care of updating all of your documentation, ensuring your compliance stays current even as regulations evolve. The Cosmetic Product Safety Assessment will give you everything you need to sell specific products to EU consumers.","email":"contact@certifiedcosmetics.com","telephone":"+31 36 2036384","legalName":"Certified Cosmetics","foundingDate":"2010-01-01","vatID":"NL854189543B01","numberOfEmployees":{"@type":"QuantitativeValue","minValue":"11","maxValue":"50"}}]},"og_availability":"instock","product_availability":"instock","product_condition":"new"},"_links":{"self":[{"href":"https:\/\/www.certifiedcosmetics.com\/da\/wp-json\/wp\/v2\/product\/17135","targetHints":{"allow":["GET"]}}],"collection":[{"href":"https:\/\/www.certifiedcosmetics.com\/da\/wp-json\/wp\/v2\/product"}],"about":[{"href":"https:\/\/www.certifiedcosmetics.com\/da\/wp-json\/wp\/v2\/types\/product"}],"wp:featuredmedia":[{"embeddable":true,"href":"https:\/\/www.certifiedcosmetics.com\/da\/wp-json\/wp\/v2\/media\/17136"}],"wp:attachment":[{"href":"https:\/\/www.certifiedcosmetics.com\/da\/wp-json\/wp\/v2\/media?parent=17135"}],"wp:term":[{"taxonomy":"product_brand","embeddable":true,"href":"https:\/\/www.certifiedcosmetics.com\/da\/wp-json\/wp\/v2\/product_brand?post=17135"},{"taxonomy":"product_cat","embeddable":true,"href":"https:\/\/www.certifiedcosmetics.com\/da\/wp-json\/wp\/v2\/product_cat?post=17135"},{"taxonomy":"product_tag","embeddable":true,"href":"https:\/\/www.certifiedcosmetics.com\/da\/wp-json\/wp\/v2\/product_tag?post=17135"}],"curies":[{"name":"wp","href":"https:\/\/api.w.org\/{rel}","templated":true}]}}