{"id":17130,"date":"2025-08-04T10:08:11","date_gmt":"2025-08-04T09:08:11","guid":{"rendered":"https:\/\/www.certifiedcosmetics.com\/product\/Ikke kategoriseret\/spf-laboratorietest-in-vitro-solbeskyttelsesfaktor\/"},"modified":"2025-08-04T10:08:11","modified_gmt":"2025-08-04T09:08:11","slug":"spf-laboratorietest-in-vitro-solbeskyttelsesfaktor","status":"publish","type":"product","link":"https:\/\/www.certifiedcosmetics.com\/da\/product\/test-af-effektivitet\/hudtestning\/spf-laboratorietest-in-vitro-solbeskyttelsesfaktor\/","title":{"rendered":"SPF laboratorietest in vitro &#8211; solbeskyttelsesfaktor"},"content":{"rendered":"<p data-start=\"109\" data-end=\"549\">S\u00f8rg for, at dine solbeskyttelsesprodukter lever op til internationale standarder med vores <strong data-start=\"251\" data-end=\"275\">In Vitro SPF-testservice<\/strong>. In vivo SPF-testene udf\u00f8res under kontrollerede laboratorieforhold og leverer n\u00f8jagtige, reproducerbare resultater, der opfylder de globale lovgivningsm\u00e6ssige retningslinjer. <\/p>\n<p data-start=\"551\" data-end=\"582\">Vores testservice tilbyder:<\/p>\n<ul data-start=\"583\" data-end=\"901\">\n<li data-start=\"583\" data-end=\"676\">\n<p data-start=\"585\" data-end=\"676\"><strong data-start=\"585\" data-end=\"612\">Bestemmelse af SPF-v\u00e6rdi<\/strong> ved hj\u00e6lp af kunstig UV-str\u00e5ling og spektrofotometrisk analyse<\/p>\n<\/li>\n<li data-start=\"827\" data-end=\"901\">\n<p data-start=\"829\" data-end=\"901\">Komplet laboratorierapport og datatolkning af kvalificerede forskere<\/p>\n<\/li>\n<\/ul>\n<p data-start=\"903\" data-end=\"1196\">Denne metode er ideel til <strong data-start=\"933\" data-end=\"958\">screening af formuleringer<\/strong> og <strong data-start=\"963\" data-end=\"996\">indsendelse af regulatoriske dossierer<\/strong>. Vores in vitro SPF-tests er p\u00e5lidelige for brands i den kosmetiske og dermatologiske industri og garanterer, at dine solplejeprodukter er b\u00e5de sikre og effektive &#8211; klar til lancering p\u00e5 markedet i EU og andre steder. <\/p>\n<p data-start=\"1198\" data-end=\"1293\"><strong data-start=\"1198\" data-end=\"1218\">Behandlingstid:<\/strong> 10-15 arbejdsdage<br data-start=\"1238\" data-end=\"1241\"><strong data-start=\"1241\" data-end=\"1261\">N\u00f8dvendig<\/strong> pr\u00f8ve<strong data-start=\"1241\" data-end=\"1261\">:<\/strong> Minimum 100 ml\/g af hver formulering<\/p>\n<p data-start=\"1295\" data-end=\"1421\">Beskyt dine forbrugere. Valider dine p\u00e5stande. V\u00e6lg certificerede laboratorietests, der lever op til moderne videnskabelige og etiske standarder.  <\/p>\n<h2 data-start=\"1295\" data-end=\"1421\">Hvad er forskellen mellem in vivo- og in vitro-testning?<\/h2>\n<p>Udtrykkene in vivo og in vitro henviser til to forskellige typer testmilj\u00f8er, der bruges i videnskabelige og lovgivningsm\u00e6ssige test, herunder SPF-test af solcremer:<\/p>\n<h3>In vitro-testning<\/h3>\n<p><strong>Definition:<\/strong>&#8220;In vitro&#8221; betyder &#8220;i glas&#8221; p\u00e5 latin. Det henviser til test, der udf\u00f8res uden for en levende organisme, typisk i et laboratorium ved hj\u00e6lp af udstyr som testplader, UV-spektrofotometre og kunstige substrater.   <strong>Vigtige egenskaber:<\/strong><\/p>\n<ul>\n<li>Udf\u00f8rt i et kontrolleret laboratorium<\/li>\n<li>Bruger substrater af syntetisk hud eller andre materialer<\/li>\n<li>Ingen test p\u00e5 mennesker eller dyr<\/li>\n<\/ul>\n<p>Eksempler: Spektrofotometriske SPF-tests, UVAPF-bestemmelse p\u00e5 PMMA-pladerFordele<strong>:<\/strong><\/p>\n<ul>\n<li>Etisk og fri for grusomheder<\/li>\n<li>Ofte hurtigere og billigere<\/li>\n<li>Muligg\u00f8r screening af flere formuleringer p\u00e5 et tidligt udviklingsstadie<\/li>\n<li>Godkendt til lovgivningsm\u00e6ssige form\u00e5l<\/li>\n<\/ul>\n<h3>In vivo-test<\/h3>\n<p><strong>Definition:<\/strong>&#8220;In vivo&#8221; betyder &#8220;i det levende&#8221; p\u00e5 latin. Det henviser til test udf\u00f8rt p\u00e5 levende organismer, som regel frivillige mennesker i forbindelse med SPF-tests.   <strong>Vigtige egenskaber:<\/strong><\/p>\n<ul>\n<li>Udf\u00f8rt p\u00e5 huden af menneskelige fors\u00f8gspersoner<\/li>\n<li>Produktet p\u00e5f\u00f8res efterfulgt af eksponering for UV-str\u00e5ling<\/li>\n<li>M\u00e5les ved at observere erytem (r\u00f8dme) for\u00e5rsaget af UVB<\/li>\n<\/ul>\n<p><strong>Fordele:<\/strong><\/p>\n<ul>\n<li>Betragtes som den gyldne standard for SPF-validering i nogle lande<\/li>\n<li>Giver realistiske resultater under faktiske hudforhold<\/li>\n<li>Mulighed for at teste flere parametre: Vandmodstand (WR), meget vandmodstand (VWR), ultravandmodstand (UWR), svedmodstand (STR), sandmodstand (STR)<\/li>\n<\/ul>\n<table>\n<thead>\n<tr>\n<th>Funktioner<\/th>\n<th>In vitro<\/th>\n<th>In vivo<\/th>\n<\/tr>\n<\/thead>\n<tbody>\n<tr>\n<td>Placering<\/td>\n<td>Laboratorium (uden for kroppen)<\/td>\n<td>P\u00e5 levende menneskehud<\/td>\n<\/tr>\n<tr>\n<td>Etik<\/td>\n<td>Fri for grusomhed, ingen test p\u00e5 mennesker<\/td>\n<td>Menneskelig eksponering for UV-str\u00e5ling<\/td>\n<\/tr>\n<tr>\n<td>Hastighed<\/td>\n<td>Hurtigere<\/td>\n<td>Langsommere<\/td>\n<\/tr>\n<tr>\n<td>Omkostninger<\/td>\n<td>Lavere<\/td>\n<td>H\u00f8jere<\/td>\n<\/tr>\n<tr>\n<td>Indstillinger<\/td>\n<td>SPF-validering<\/td>\n<td>SPF-validering, Vandmodstand (WR), Meget h\u00f8j vandmodstand (WR), Ultra vandmodstand (UWR), Svedmodstand (STR), Sandmodstand (STR)<\/td>\n<\/tr>\n<tr>\n<td>Brug<\/td>\n<td>Formuleringsforskning, endelig bekr\u00e6ftelse<\/td>\n<td>Regulatorisk validering, endelig bekr\u00e6ftelse<\/td>\n<\/tr>\n<tr>\n<td>Almindelige metoder<\/td>\n<td>COLIPA, UV-spektrofotometri, ISO 24443<\/td>\n<td>MED\/MPPD-test med frivillige, ISO 24444<\/td>\n<\/tr>\n<\/tbody>\n<\/table>\n<h2>Hvorfor er SPF-test vigtige?<\/h2>\n<ol>\n<li><strong>Overholdelse af lovgivningen:<\/strong>De fleste regioner, herunder EU, USA og Asien, kr\u00e6ver validerede SPF-anprisninger for solbeskyttelsesprodukter. Uden ordentlig testning kan produkter blive afvist eller taget af markedet. <\/li>\n<li><strong>Forbrugersikkerhed:<\/strong>Upr\u00e6cise SPF-p\u00e5stande kan f\u00f8re til utilstr\u00e6kkelig solbeskyttelse, hvilket \u00f8ger risikoen for hudskader og relaterede sundhedsproblemer.<\/li>\n<li><strong>Trov\u00e6rdighed og tillid:<\/strong>Gennemsigtige og pr\u00e6cise SPF-p\u00e5stande styrker dit brands omd\u00f8mme og forbrugernes tillid til dine produkter.<\/li>\n<li><strong>Markedsdifferentiering:<\/strong>SPF-test sikrer, at dit produkt kan konkurrere effektivt ved at tilbyde dokumenteret beskyttelse, hvilket g\u00f8r det til det foretrukne valg for sikkerhedsbevidste forbrugere.<\/li>\n<\/ol>\n<h2>Vores SPF-laboratorietest<\/h2>\n<p>Vi tilbyder omfattende SPF-tests, der hj\u00e6lper dig med at underbygge dine produktanprisninger og opfylde lovm\u00e6ssige standarder. Vores tjenester omfatter: <\/p>\n<h3>1. SPF-testning in vivo<\/h3>\n<ul>\n<li>Udf\u00f8rt p\u00e5 frivillige mennesker under strenge etiske og sikkerhedsm\u00e6ssige protokoller.<\/li>\n<li>Bestemmer den faktiske SPF-v\u00e6rdi for dit produkt baseret p\u00e5 anvendelse i den virkelige verden og soleksponering.<\/li>\n<\/ul>\n<h3>2. SPF in vitro-testning<\/h3>\n<ul>\n<li>Velegnet til indledende evalueringer eller som supplement til in vivo-testning.<\/li>\n<li>Giver en hurtig og omkostningseffektiv metode til at analysere UV-beskyttelse.<\/li>\n<\/ul>\n<h3>3. Bredspektret UV-test<\/h3>\n<ul>\n<li>M\u00e5ler beskyttelse mod b\u00e5de <strong>UVA-<\/strong> og <strong>UVB-str\u00e5ling<\/strong> for at underst\u00f8tte &#8220;Broad Spectrum&#8221;-anprisninger.<\/li>\n<\/ul>\n<h3>4. Test af vandmodstand<\/h3>\n<ul>\n<li>Evaluerer produktets effektivitet efter eksponering for vand for at sikre, at anprisninger om &#8220;vandafvisende&#8221; eller &#8220;meget vandafvisende&#8221; er korrekte.<\/li>\n<\/ul>\n<h3>5. Kontrol af overholdelse<\/h3>\n<ul>\n<li>Kontrollerer overholdelse af regionale krav til SPF-m\u00e6rkning, f.eks. fra FDA (USA), EU&#8217;s kosmetikforordning eller ISO-standarder.<\/li>\n<\/ul>\n<h2>Hvorfor v\u00e6lge os til SPF-test?<\/h2>\n<ul>\n<li><strong>Akkrediterede faciliteter:<\/strong> Vi har topmoderne laboratorier, der er akkrediteret til at udf\u00f8re SPF-test i henhold til globale standarder.<\/li>\n<li><strong>Et team af eksperter:<\/strong> Vores forskere er specialiserede i at formulere og teste solcremer, hvilket sikrer n\u00f8jagtige og p\u00e5lidelige resultater.<\/li>\n<li><strong>Regulatorisk ekspertise:<\/strong> Vi giver vejledning i at opfylde specifikke krav p\u00e5 forskellige markeder og reducerer risikoen for forsinkelser eller manglende overholdelse.<\/li>\n<li><strong>Support fra start til slut:<\/strong> Fra indledende test til validering af krav og regulatorisk dokumentation st\u00f8tter vi alle faser af din produktudvikling.<\/li>\n<\/ul>\n<h3>S\u00e5dan kommer du i gang<\/h3>\n<p>Hvis dit produkt kr\u00e6ver SPF-test eller -verifikation, er vores team klar til at hj\u00e6lpe. Uanset om du udvikler en ny solcreme eller tilpasser et eksisterende produkt til internationale standarder, er vores tjenester skr\u00e6ddersyet til dine behov. <\/p>\n","protected":false},"excerpt":{"rendered":"<p>S\u00f8rg for, at dine solbeskyttelsesprodukter lever op til internationale standarder med vores In Vitro SPF-testservice. In vivo SPF-testene udf\u00f8res under kontrollerede laboratorieforhold og leverer n\u00f8jagtige, reproducerbare resultater, der opfylder de globale lovgivningsm\u00e6ssige retningslinjer. Vores testservice tilbyder: Bestemmelse af SPF-v\u00e6rdi ved hj\u00e6lp af kunstig UV-str\u00e5ling og spektrofotometrisk analyse Komplet laboratorierapport og datatolkning af kvalificerede forskere Denne&#8230;<\/p>\n","protected":false},"featured_media":17133,"template":"","meta":[],"product_brand":[],"product_cat":[1841,1870,1840],"product_tag":[],"class_list":{"0":"post-17130","1":"product","2":"type-product","3":"status-publish","4":"has-post-thumbnail","6":"product_cat-hudtestning","7":"product_cat-spf-testning","8":"product_cat-test-af-effektivitet","10":"first","11":"instock","12":"virtual","13":"taxable","14":"purchasable","15":"product-type-simple"},"bundled_by":[],"bundle_stock_status":"instock","bundle_stock_quantity":null,"bundle_virtual":false,"bundle_layout":"","bundle_add_to_cart_form_location":"","bundle_editable_in_cart":false,"bundle_sold_individually_context":"","bundle_item_grouping":"","bundle_min_size":"","bundle_max_size":"","bundle_price":[],"bundled_items":[],"bundle_sell_ids":[],"yoast_head":"<!-- This site is optimized with the Yoast SEO Premium plugin v25.4 (Yoast SEO v25.4) - https:\/\/yoast.com\/wordpress\/plugins\/seo\/ -->\n<title>SPF laboratorietest in vitro - solbeskyttelsesfaktor - Certified Cosmetics<\/title>\n<meta name=\"robots\" content=\"index, follow, max-snippet:-1, max-image-preview:large, max-video-preview:-1\" \/>\n<link rel=\"canonical\" href=\"https:\/\/www.certifiedcosmetics.com\/da\/product\/test-af-effektivitet\/hudtestning\/spf-laboratorietest-in-vitro-solbeskyttelsesfaktor\/\" \/>\n<meta property=\"og:locale\" content=\"da_DK\" \/>\n<meta property=\"og:type\" content=\"article\" \/>\n<meta property=\"og:title\" content=\"SPF laboratorietest in vitro - solbeskyttelsesfaktor\" \/>\n<meta property=\"og:description\" content=\"S\u00f8rg for, at dine solbeskyttelsesprodukter lever op til internationale standarder med vores In Vitro SPF-testservice. In vivo SPF-testene udf\u00f8res under kontrollerede laboratorieforhold og leverer n\u00f8jagtige, reproducerbare resultater, der opfylder de globale lovgivningsm\u00e6ssige retningslinjer. Vores testservice tilbyder: Bestemmelse af SPF-v\u00e6rdi ved hj\u00e6lp af kunstig UV-str\u00e5ling og spektrofotometrisk analyse Komplet laboratorierapport og datatolkning af kvalificerede forskere Denne...\" \/>\n<meta property=\"og:url\" content=\"https:\/\/www.certifiedcosmetics.com\/da\/product\/test-af-effektivitet\/hudtestning\/spf-laboratorietest-in-vitro-solbeskyttelsesfaktor\/\" \/>\n<meta property=\"og:site_name\" content=\"Certified Cosmetics\" \/>\n<meta property=\"og:image\" content=\"https:\/\/www.certifiedcosmetics.com\/wp-content\/uploads\/2024\/11\/5-2.png\" \/>\n\t<meta property=\"og:image:width\" content=\"400\" \/>\n\t<meta property=\"og:image:height\" content=\"400\" \/>\n\t<meta property=\"og:image:type\" content=\"image\/png\" \/>\n<meta name=\"twitter:card\" content=\"summary_large_image\" \/>\n<meta name=\"twitter:label1\" content=\"Price\" \/>\n\t<meta name=\"twitter:data1\" content=\"&#036;526.62\" \/>\n\t<meta name=\"twitter:label2\" content=\"Availability\" \/>\n\t<meta name=\"twitter:data2\" content=\"In stock\" \/>\n<script type=\"application\/ld+json\" class=\"yoast-schema-graph\">{\"@context\":\"https:\/\/schema.org\",\"@graph\":[{\"@type\":\"WebPage\",\"@id\":\"https:\/\/www.certifiedcosmetics.com\/da\/product\/test-af-effektivitet\/hudtestning\/spf-laboratorietest-in-vitro-solbeskyttelsesfaktor\/\",\"url\":\"https:\/\/www.certifiedcosmetics.com\/da\/product\/test-af-effektivitet\/hudtestning\/spf-laboratorietest-in-vitro-solbeskyttelsesfaktor\/\",\"name\":\"SPF laboratorietest in vitro - solbeskyttelsesfaktor - Certified Cosmetics\",\"isPartOf\":{\"@id\":\"https:\/\/www.certifiedcosmetics.com\/da\/#website\"},\"primaryImageOfPage\":{\"@id\":\"https:\/\/www.certifiedcosmetics.com\/da\/product\/test-af-effektivitet\/hudtestning\/spf-laboratorietest-in-vitro-solbeskyttelsesfaktor\/#primaryimage\"},\"image\":{\"@id\":\"https:\/\/www.certifiedcosmetics.com\/da\/product\/test-af-effektivitet\/hudtestning\/spf-laboratorietest-in-vitro-solbeskyttelsesfaktor\/#primaryimage\"},\"thumbnailUrl\":\"https:\/\/www.certifiedcosmetics.com\/wp-content\/uploads\/2024\/11\/5-2.png\",\"datePublished\":\"2025-08-04T09:08:11+00:00\",\"breadcrumb\":{\"@id\":\"https:\/\/www.certifiedcosmetics.com\/da\/product\/test-af-effektivitet\/hudtestning\/spf-laboratorietest-in-vitro-solbeskyttelsesfaktor\/#breadcrumb\"},\"inLanguage\":\"da-DK\",\"potentialAction\":[{\"@type\":\"ReadAction\",\"target\":[\"https:\/\/www.certifiedcosmetics.com\/da\/product\/test-af-effektivitet\/hudtestning\/spf-laboratorietest-in-vitro-solbeskyttelsesfaktor\/\"]}]},{\"@type\":\"ImageObject\",\"inLanguage\":\"da-DK\",\"@id\":\"https:\/\/www.certifiedcosmetics.com\/da\/product\/test-af-effektivitet\/hudtestning\/spf-laboratorietest-in-vitro-solbeskyttelsesfaktor\/#primaryimage\",\"url\":\"https:\/\/www.certifiedcosmetics.com\/wp-content\/uploads\/2024\/11\/5-2.png\",\"contentUrl\":\"https:\/\/www.certifiedcosmetics.com\/wp-content\/uploads\/2024\/11\/5-2.png\",\"width\":400,\"height\":400},{\"@type\":\"BreadcrumbList\",\"@id\":\"https:\/\/www.certifiedcosmetics.com\/da\/product\/test-af-effektivitet\/hudtestning\/spf-laboratorietest-in-vitro-solbeskyttelsesfaktor\/#breadcrumb\",\"itemListElement\":[{\"@type\":\"ListItem\",\"position\":1,\"name\":\"Home\",\"item\":\"https:\/\/www.certifiedcosmetics.com\/da\/vurdering-af-kosmetiske-produkters-sikkerhed\/\"},{\"@type\":\"ListItem\",\"position\":2,\"name\":\"Butik\",\"item\":\"https:\/\/www.certifiedcosmetics.com\/butik\/\"},{\"@type\":\"ListItem\",\"position\":3,\"name\":\"SPF laboratorietest in vitro &#8211; solbeskyttelsesfaktor\"}]},{\"@type\":\"WebSite\",\"@id\":\"https:\/\/www.certifiedcosmetics.com\/da\/#website\",\"url\":\"https:\/\/www.certifiedcosmetics.com\/da\/\",\"name\":\"Certified Cosmetics\",\"description\":\"Cosmetic Safety Assessment\",\"publisher\":{\"@id\":\"https:\/\/www.certifiedcosmetics.com\/da\/#organization\"},\"potentialAction\":[{\"@type\":\"SearchAction\",\"target\":{\"@type\":\"EntryPoint\",\"urlTemplate\":\"https:\/\/www.certifiedcosmetics.com\/da\/?s={search_term_string}\"},\"query-input\":{\"@type\":\"PropertyValueSpecification\",\"valueRequired\":true,\"valueName\":\"search_term_string\"}}],\"inLanguage\":\"da-DK\"},{\"@type\":\"Organization\",\"@id\":\"https:\/\/www.certifiedcosmetics.com\/da\/#organization\",\"name\":\"Certified Cosmetics\",\"url\":\"https:\/\/www.certifiedcosmetics.com\/da\/\",\"logo\":{\"@type\":\"ImageObject\",\"inLanguage\":\"da-DK\",\"@id\":\"https:\/\/www.certifiedcosmetics.com\/da\/#\/schema\/logo\/image\/\",\"url\":\"https:\/\/www.certifiedcosmetics.com\/wp-content\/uploads\/2024\/12\/logo_certified_cosmetics696.jpg\",\"contentUrl\":\"https:\/\/www.certifiedcosmetics.com\/wp-content\/uploads\/2024\/12\/logo_certified_cosmetics696.jpg\",\"width\":696,\"height\":696,\"caption\":\"Certified Cosmetics\"},\"image\":{\"@id\":\"https:\/\/www.certifiedcosmetics.com\/da\/#\/schema\/logo\/image\/\"},\"description\":\"Your trusted partner for cosmetic product safety reporting. We take care of updating all of your documentation, ensuring your compliance stays current even as regulations evolve. The Cosmetic Product Safety Assessment will give you everything you need to sell specific products to EU consumers.\",\"email\":\"contact@certifiedcosmetics.com\",\"telephone\":\"+31 36 2036384\",\"legalName\":\"Certified Cosmetics\",\"foundingDate\":\"2010-01-01\",\"vatID\":\"NL854189543B01\",\"numberOfEmployees\":{\"@type\":\"QuantitativeValue\",\"minValue\":\"11\",\"maxValue\":\"50\"}}]}<\/script>\n<meta property=\"product:price:amount\" content=\"526.62\" \/>\n<meta property=\"product:price:currency\" content=\"USD\" \/>\n<meta property=\"og:availability\" content=\"instock\" \/>\n<meta property=\"product:availability\" content=\"instock\" \/>\n<meta property=\"product:retailer_item_id\" content=\"CC100141\" \/>\n<meta property=\"product:condition\" content=\"new\" \/>\n<!-- \/ Yoast SEO Premium plugin. -->","yoast_head_json":{"title":"SPF laboratorietest in vitro - solbeskyttelsesfaktor - Certified Cosmetics","robots":{"index":"index","follow":"follow","max-snippet":"max-snippet:-1","max-image-preview":"max-image-preview:large","max-video-preview":"max-video-preview:-1"},"canonical":"https:\/\/www.certifiedcosmetics.com\/da\/product\/test-af-effektivitet\/hudtestning\/spf-laboratorietest-in-vitro-solbeskyttelsesfaktor\/","og_locale":"da_DK","og_type":"article","og_title":"SPF laboratorietest in vitro - solbeskyttelsesfaktor","og_description":"S\u00f8rg for, at dine solbeskyttelsesprodukter lever op til internationale standarder med vores In Vitro SPF-testservice. In vivo SPF-testene udf\u00f8res under kontrollerede laboratorieforhold og leverer n\u00f8jagtige, reproducerbare resultater, der opfylder de globale lovgivningsm\u00e6ssige retningslinjer. Vores testservice tilbyder: Bestemmelse af SPF-v\u00e6rdi ved hj\u00e6lp af kunstig UV-str\u00e5ling og spektrofotometrisk analyse Komplet laboratorierapport og datatolkning af kvalificerede forskere Denne...","og_url":"https:\/\/www.certifiedcosmetics.com\/da\/product\/test-af-effektivitet\/hudtestning\/spf-laboratorietest-in-vitro-solbeskyttelsesfaktor\/","og_site_name":"Certified Cosmetics","og_image":[{"width":400,"height":400,"url":"https:\/\/www.certifiedcosmetics.com\/wp-content\/uploads\/2024\/11\/5-2.png","type":"image\/png"}],"twitter_card":"summary_large_image","twitter_misc":{"Price":"&#36;526.62","Availability":"In stock"},"schema":{"@context":"https:\/\/schema.org","@graph":[{"@type":"WebPage","@id":"https:\/\/www.certifiedcosmetics.com\/da\/product\/test-af-effektivitet\/hudtestning\/spf-laboratorietest-in-vitro-solbeskyttelsesfaktor\/","url":"https:\/\/www.certifiedcosmetics.com\/da\/product\/test-af-effektivitet\/hudtestning\/spf-laboratorietest-in-vitro-solbeskyttelsesfaktor\/","name":"SPF laboratorietest in vitro - solbeskyttelsesfaktor - Certified Cosmetics","isPartOf":{"@id":"https:\/\/www.certifiedcosmetics.com\/da\/#website"},"primaryImageOfPage":{"@id":"https:\/\/www.certifiedcosmetics.com\/da\/product\/test-af-effektivitet\/hudtestning\/spf-laboratorietest-in-vitro-solbeskyttelsesfaktor\/#primaryimage"},"image":{"@id":"https:\/\/www.certifiedcosmetics.com\/da\/product\/test-af-effektivitet\/hudtestning\/spf-laboratorietest-in-vitro-solbeskyttelsesfaktor\/#primaryimage"},"thumbnailUrl":"https:\/\/www.certifiedcosmetics.com\/wp-content\/uploads\/2024\/11\/5-2.png","datePublished":"2025-08-04T09:08:11+00:00","breadcrumb":{"@id":"https:\/\/www.certifiedcosmetics.com\/da\/product\/test-af-effektivitet\/hudtestning\/spf-laboratorietest-in-vitro-solbeskyttelsesfaktor\/#breadcrumb"},"inLanguage":"da-DK","potentialAction":[{"@type":"ReadAction","target":["https:\/\/www.certifiedcosmetics.com\/da\/product\/test-af-effektivitet\/hudtestning\/spf-laboratorietest-in-vitro-solbeskyttelsesfaktor\/"]}]},{"@type":"ImageObject","inLanguage":"da-DK","@id":"https:\/\/www.certifiedcosmetics.com\/da\/product\/test-af-effektivitet\/hudtestning\/spf-laboratorietest-in-vitro-solbeskyttelsesfaktor\/#primaryimage","url":"https:\/\/www.certifiedcosmetics.com\/wp-content\/uploads\/2024\/11\/5-2.png","contentUrl":"https:\/\/www.certifiedcosmetics.com\/wp-content\/uploads\/2024\/11\/5-2.png","width":400,"height":400},{"@type":"BreadcrumbList","@id":"https:\/\/www.certifiedcosmetics.com\/da\/product\/test-af-effektivitet\/hudtestning\/spf-laboratorietest-in-vitro-solbeskyttelsesfaktor\/#breadcrumb","itemListElement":[{"@type":"ListItem","position":1,"name":"Home","item":"https:\/\/www.certifiedcosmetics.com\/da\/vurdering-af-kosmetiske-produkters-sikkerhed\/"},{"@type":"ListItem","position":2,"name":"Butik","item":"https:\/\/www.certifiedcosmetics.com\/butik\/"},{"@type":"ListItem","position":3,"name":"SPF laboratorietest in vitro &#8211; solbeskyttelsesfaktor"}]},{"@type":"WebSite","@id":"https:\/\/www.certifiedcosmetics.com\/da\/#website","url":"https:\/\/www.certifiedcosmetics.com\/da\/","name":"Certified Cosmetics","description":"Cosmetic Safety Assessment","publisher":{"@id":"https:\/\/www.certifiedcosmetics.com\/da\/#organization"},"potentialAction":[{"@type":"SearchAction","target":{"@type":"EntryPoint","urlTemplate":"https:\/\/www.certifiedcosmetics.com\/da\/?s={search_term_string}"},"query-input":{"@type":"PropertyValueSpecification","valueRequired":true,"valueName":"search_term_string"}}],"inLanguage":"da-DK"},{"@type":"Organization","@id":"https:\/\/www.certifiedcosmetics.com\/da\/#organization","name":"Certified Cosmetics","url":"https:\/\/www.certifiedcosmetics.com\/da\/","logo":{"@type":"ImageObject","inLanguage":"da-DK","@id":"https:\/\/www.certifiedcosmetics.com\/da\/#\/schema\/logo\/image\/","url":"https:\/\/www.certifiedcosmetics.com\/wp-content\/uploads\/2024\/12\/logo_certified_cosmetics696.jpg","contentUrl":"https:\/\/www.certifiedcosmetics.com\/wp-content\/uploads\/2024\/12\/logo_certified_cosmetics696.jpg","width":696,"height":696,"caption":"Certified Cosmetics"},"image":{"@id":"https:\/\/www.certifiedcosmetics.com\/da\/#\/schema\/logo\/image\/"},"description":"Your trusted partner for cosmetic product safety reporting. We take care of updating all of your documentation, ensuring your compliance stays current even as regulations evolve. The Cosmetic Product Safety Assessment will give you everything you need to sell specific products to EU consumers.","email":"contact@certifiedcosmetics.com","telephone":"+31 36 2036384","legalName":"Certified Cosmetics","foundingDate":"2010-01-01","vatID":"NL854189543B01","numberOfEmployees":{"@type":"QuantitativeValue","minValue":"11","maxValue":"50"}}]},"product_price_amount":"526.62","product_price_currency":"USD","og_availability":"instock","product_availability":"instock","product_retailer_item_id":"CC100141","product_condition":"new"},"_links":{"self":[{"href":"https:\/\/www.certifiedcosmetics.com\/da\/wp-json\/wp\/v2\/product\/17130","targetHints":{"allow":["GET"]}}],"collection":[{"href":"https:\/\/www.certifiedcosmetics.com\/da\/wp-json\/wp\/v2\/product"}],"about":[{"href":"https:\/\/www.certifiedcosmetics.com\/da\/wp-json\/wp\/v2\/types\/product"}],"wp:featuredmedia":[{"embeddable":true,"href":"https:\/\/www.certifiedcosmetics.com\/da\/wp-json\/wp\/v2\/media\/17133"}],"wp:attachment":[{"href":"https:\/\/www.certifiedcosmetics.com\/da\/wp-json\/wp\/v2\/media?parent=17130"}],"wp:term":[{"taxonomy":"product_brand","embeddable":true,"href":"https:\/\/www.certifiedcosmetics.com\/da\/wp-json\/wp\/v2\/product_brand?post=17130"},{"taxonomy":"product_cat","embeddable":true,"href":"https:\/\/www.certifiedcosmetics.com\/da\/wp-json\/wp\/v2\/product_cat?post=17130"},{"taxonomy":"product_tag","embeddable":true,"href":"https:\/\/www.certifiedcosmetics.com\/da\/wp-json\/wp\/v2\/product_tag?post=17130"}],"curies":[{"name":"wp","href":"https:\/\/api.w.org\/{rel}","templated":true}]}}