{"id":17110,"date":"2025-10-16T14:13:35","date_gmt":"2025-10-16T13:13:35","guid":{"rendered":"https:\/\/www.certifiedcosmetics.com\/product\/Ikke kategoriseret\/mocra-understoettelse-af-kosmetisk-sikkerhed\/"},"modified":"2025-10-16T14:13:35","modified_gmt":"2025-10-16T13:13:35","slug":"mocra-understoettelse-af-kosmetisk-sikkerhed","status":"publish","type":"product","link":"https:\/\/www.certifiedcosmetics.com\/da\/product\/dokumentation-for-kosmetisk-sikkerhed\/mocra-understoettelse-af-kosmetisk-sikkerhed\/","title":{"rendered":"MoCRA-underst\u00f8ttelse af kosmetisk sikkerhed"},"content":{"rendered":"<p data-start=\"388\" data-end=\"695\">I henhold til <strong data-start=\"398\" data-end=\"451\">Modernization of Cosmetics Regulation Act (MoCRA)<\/strong> skal alle kosmetiske produkter, der markedsf\u00f8res i USA, have <em data-start=\"516\" data-end=\"548\">tilstr\u00e6kkelig sikkerhedsdokumentation<\/em> &#8211; hvilket betyder, at producenten eller den ansvarlige person skal f\u00f8re optegnelser og dokumentation, der viser, at produktet er sikkert til den tilsigtede brug.<\/p>\n<p data-start=\"697\" data-end=\"931\">Loven definerer tilstr\u00e6kkelig dokumentation som tests, unders\u00f8gelser, forskning, analyser eller anden dokumentation, der af kvalificerede eksperter anses for at give en <em data-start=\"839\" data-end=\"871\">rimelig sikkerhed for sikkerhed<\/em> under normale eller rimeligt forudsigelige anvendelsesforhold.<\/p>\n<p data-start=\"933\" data-end=\"1035\">Hvis et produkt mangler tilstr\u00e6kkelig dokumentation for sikkerheden, kan det betragtes som <strong data-start=\"1005\" data-end=\"1020\">forfalsket<\/strong> i henhold til MoCRA.<\/p>\n<h2 data-start=\"1037\" data-end=\"1088\">Hvad skal d\u00e6kkes i en sikkerhedsdokumentation?<\/h2>\n<p data-start=\"1090\" data-end=\"1158\">For at tilfredsstille MoCRA skal din sikkerhedsdokumentation indeholde:<\/p>\n<p data-start=\"1160\" data-end=\"1379\"><strong data-start=\"1160\" data-end=\"1192\">Sikkerhedsdata p\u00e5 ingrediensniveau<\/strong><br data-start=\"1192\" data-end=\"1195\">For hver ingrediens i din formel har du brug for kemiske, toksikologiske og eksponeringsbaserede data. Eksisterende sikkerhedsvurderinger og peer-reviewed litteratur kan bruges, hvor det er relevant. <\/p>\n<p data-start=\"1381\" data-end=\"1687\"><strong data-start=\"1381\" data-end=\"1418\">Dosis\/eksponering og risikovurdering<\/strong><br data-start=\"1418\" data-end=\"1421\">Din dokumentation skal tage h\u00f8jde for, hvor meget af produktet en typisk bruger anvender, hvor ofte, graden af hudabsorption og potentiel kumulativ eksponering eller interaktioner. Dokumentationen skal vise, at produktet er sikkert under de forventede anvendelsesforhold. <\/p>\n<p data-start=\"1689\" data-end=\"1759\"><strong data-start=\"1689\" data-end=\"1737\">Test p\u00e5 produktniveau eller underst\u00f8ttende dokumentation<\/strong><br data-start=\"1737\" data-end=\"1740\">Dette kan omfatte:<\/p>\n<ul data-start=\"1760\" data-end=\"2057\">\n<li data-start=\"1760\" data-end=\"1839\">\n<p data-start=\"1762\" data-end=\"1839\">Stabilitetstest for at bekr\u00e6fte, at formuleringen forbliver sikker i l\u00f8bet af holdbarheden<\/p>\n<\/li>\n<li data-start=\"1840\" data-end=\"1896\">\n<p data-start=\"1842\" data-end=\"1896\">Test af konserveringseffektivitet eller mikrobiel udfordring<\/p>\n<\/li>\n<li data-start=\"1897\" data-end=\"1979\">\n<p data-start=\"1899\" data-end=\"1979\">Irritations- og sensibiliseringsfors\u00f8g som f.eks. lappetest eller gentagne lappetest.<\/p>\n<\/li>\n<li data-start=\"1980\" data-end=\"2057\">\n<p data-start=\"1982\" data-end=\"2057\">In vitro- eller in silico-testmetoder som egnede alternativer uden dyr<\/p>\n<\/li>\n<\/ul>\n<p data-start=\"2059\" data-end=\"2260\"><strong data-start=\"2059\" data-end=\"2090\">Dokumentation og begrund<\/strong>else<br data-start=\"2090\" data-end=\"2093\">Hver beslutning &#8211; f.eks. valg af test, sikkerhedst\u00e6rskler og risikomarginer &#8211; skal v\u00e6re klart begrundet og underst\u00f8ttet af sporbare data, protokoller og analyser.<\/p>\n<p data-start=\"2262\" data-end=\"2422\"><strong data-start=\"2262\" data-end=\"2290\">Organiseret arkivering<\/strong><br data-start=\"2290\" data-end=\"2293\">Alle prim\u00e6re data, resum\u00e9er, protokoller og underst\u00f8ttende materialer skal katalogiseres korrekt og v\u00e6re tilg\u00e6ngelige for FDA-inspektion.<\/p>\n<h2 data-start=\"2424\" data-end=\"2463\">Lovgivningsm\u00e6ssig kontekst og krav<\/h2>\n<ul data-start=\"2465\" data-end=\"2995\">\n<li data-start=\"2465\" data-end=\"2599\">\n<p data-start=\"2467\" data-end=\"2599\">Den <strong data-start=\"2471\" data-end=\"2493\">ansvarlige person<\/strong>, der er anf\u00f8rt p\u00e5 kosmetikm\u00e6rket, er juridisk forpligtet til at vedligeholde og opdatere sikkerhedsdokumentationen.<\/p>\n<\/li>\n<li data-start=\"2600\" data-end=\"2698\">\n<p data-start=\"2602\" data-end=\"2698\">FDA kan anmode om adgang til disse optegnelser under inspektionen, og de skal v\u00e6re let tilg\u00e6ngelige.<\/p>\n<\/li>\n<li data-start=\"2699\" data-end=\"2796\">\n<p data-start=\"2701\" data-end=\"2796\">MoCRA giver FDA bef\u00f8jelse til at tilbagekalde produkter, hvis de viser sig at v\u00e6re usikre eller forfalskede.<\/p>\n<\/li>\n<li data-start=\"2797\" data-end=\"2894\">\n<p data-start=\"2799\" data-end=\"2894\">Sikkerhedsdokumentationen skal opdateres, hvis der kommer nye videnskabelige oplysninger eller produkt\u00e6ndringer.<\/p>\n<\/li>\n<\/ul>\n<h2 data-start=\"3712\" data-end=\"3741\">Hvad vores service tilbyder<\/h2>\n<p data-start=\"3743\" data-end=\"3859\">Vi tilbyder en komplet service til at forberede dit MoCRA-kompatible sikkerhedsdokumentationsdossier. Vores leverancer omfatter: <\/p>\n<ul data-start=\"3861\" data-end=\"4361\">\n<li data-start=\"3861\" data-end=\"3919\">\n<p data-start=\"3863\" data-end=\"3919\">En detaljeret gennemgang af din formulering og p\u00e5t\u00e6nkte anvendelse<\/p>\n<\/li>\n<li data-start=\"3920\" data-end=\"3993\">\n<p data-start=\"3922\" data-end=\"3993\">Indsamling og evaluering af data om ingrediensers sikkerhed og toksikologi<\/p>\n<\/li>\n<li data-start=\"3994\" data-end=\"4054\">\n<p data-start=\"3996\" data-end=\"4054\">Eksponerings- og risikomodellering skr\u00e6ddersyet til din produkttype<\/p>\n<\/li>\n<li data-start=\"4055\" data-end=\"4108\">\n<p data-start=\"4057\" data-end=\"4108\">Anbefalinger til eventuelle yderligere tests<\/p>\n<\/li>\n<li data-start=\"4109\" data-end=\"4225\">\n<p data-start=\"4111\" data-end=\"4225\">Udarbejdelse af en omfattende <strong data-start=\"4142\" data-end=\"4174\">sikkerhedsunderbyggelsesrapport<\/strong>, der opsummerer sikkerhedsgrundlaget og konklusionerne<\/p>\n<\/li>\n<li data-start=\"4226\" data-end=\"4296\">\n<p data-start=\"4228\" data-end=\"4296\">Oprettelse af revisionsklar dokumentation formateret til FDA-inspektion<\/p>\n<\/li>\n<\/ul>\n<h2 data-start=\"4363\" data-end=\"4383\">Hvorfor det er vigtigt<\/h2>\n<p data-start=\"4385\" data-end=\"4509\">St\u00e6rk sikkerhedsdokumentation er ikke kun et lovkrav &#8211; det er en hj\u00f8rnesten i brandets trov\u00e6rdighed og forbrugernes tillid.<\/p>\n<p data-start=\"4511\" data-end=\"4534\">Korrekt dokumentation:<\/p>\n<ul data-start=\"4535\" data-end=\"4776\">\n<li data-start=\"4535\" data-end=\"4595\">\n<p data-start=\"4537\" data-end=\"4595\">Bekr\u00e6fter din overholdelse af MoCRA og FDA&#8217;s forventninger<\/p>\n<\/li>\n<li data-start=\"4596\" data-end=\"4649\">\n<p data-start=\"4598\" data-end=\"4649\">Minimerer risikoen for regulatorisk handling eller tilbagekaldelse<\/p>\n<\/li>\n<li data-start=\"4650\" data-end=\"4710\">\n<p data-start=\"4652\" data-end=\"4710\">Demonstrerer din virksomheds engagement i produktsikkerhed<\/p>\n<\/li>\n<li data-start=\"4711\" data-end=\"4776\">\n<p data-start=\"4713\" data-end=\"4776\">Opbygger tillid hos distribut\u00f8rer, forhandlere og kunder<\/p>\n<\/li>\n<\/ul>\n","protected":false},"excerpt":{"rendered":"<p>I henhold til Modernization of Cosmetics Regulation Act (MoCRA) skal alle kosmetiske produkter, der markedsf\u00f8res i USA, have tilstr\u00e6kkelig sikkerhedsdokumentation &#8211; hvilket betyder, at producenten eller den ansvarlige person skal f\u00f8re optegnelser og dokumentation, der viser, at produktet er sikkert til den tilsigtede brug. Loven definerer tilstr\u00e6kkelig dokumentation som tests, unders\u00f8gelser, forskning, analyser eller anden&#8230;<\/p>\n","protected":false},"featured_media":17111,"template":"","meta":[],"product_brand":[],"product_cat":[1872],"product_tag":[],"class_list":{"0":"post-17110","1":"product","2":"type-product","3":"status-publish","4":"has-post-thumbnail","6":"product_cat-dokumentation-for-kosmetisk-sikkerhed","8":"first","9":"instock","10":"taxable","11":"shipping-taxable","12":"purchasable","13":"product-type-variable","14":"has-default-attributes"},"bundled_by":[],"bundle_stock_status":"instock","bundle_stock_quantity":null,"bundle_virtual":false,"bundle_layout":"","bundle_add_to_cart_form_location":"","bundle_editable_in_cart":false,"bundle_sold_individually_context":"","bundle_item_grouping":"","bundle_min_size":"","bundle_max_size":"","bundle_price":[],"bundled_items":[],"bundle_sell_ids":[],"yoast_head":"<!-- This site is optimized with the Yoast SEO Premium plugin v25.4 (Yoast SEO v25.4) - https:\/\/yoast.com\/wordpress\/plugins\/seo\/ -->\n<title>MoCRA-underst\u00f8ttelse af kosmetisk sikkerhed - Certified Cosmetics<\/title>\n<meta name=\"description\" content=\"I henhold til Modernization of Cosmetics Regulation Act (MoCRA) skal alle kosmetiske produkter, der markedsf\u00f8res i USA, have tilstr\u00e6kkelig sikkerhedsdokumentation - hvilket betyder, at producenten eller den ansvarlige person skal f\u00f8re optegnelser og dokumentation, der viser, at produktet er sikkert til den tilsigtede brug.\" \/>\n<meta name=\"robots\" content=\"index, follow, max-snippet:-1, max-image-preview:large, max-video-preview:-1\" \/>\n<link rel=\"canonical\" href=\"https:\/\/www.certifiedcosmetics.com\/da\/product\/dokumentation-for-kosmetisk-sikkerhed\/mocra-understoettelse-af-kosmetisk-sikkerhed\/\" \/>\n<meta property=\"og:locale\" content=\"da_DK\" \/>\n<meta property=\"og:type\" content=\"article\" \/>\n<meta property=\"og:title\" content=\"MoCRA-underst\u00f8ttelse af kosmetisk sikkerhed\" \/>\n<meta property=\"og:description\" content=\"I henhold til Modernization of Cosmetics Regulation Act (MoCRA) skal alle kosmetiske produkter, der markedsf\u00f8res i USA, have tilstr\u00e6kkelig sikkerhedsdokumentation - hvilket betyder, at producenten eller den ansvarlige person skal f\u00f8re optegnelser og dokumentation, der viser, at produktet er sikkert til den tilsigtede brug.\" \/>\n<meta property=\"og:url\" content=\"https:\/\/www.certifiedcosmetics.com\/da\/product\/dokumentation-for-kosmetisk-sikkerhed\/mocra-understoettelse-af-kosmetisk-sikkerhed\/\" \/>\n<meta property=\"og:site_name\" content=\"Certified Cosmetics\" \/>\n<meta property=\"og:image\" content=\"https:\/\/www.certifiedcosmetics.com\/wp-content\/uploads\/2025\/10\/safety.png\" \/>\n\t<meta property=\"og:image:width\" content=\"1024\" \/>\n\t<meta property=\"og:image:height\" content=\"1024\" \/>\n\t<meta property=\"og:image:type\" content=\"image\/png\" \/>\n<meta name=\"twitter:card\" content=\"summary_large_image\" \/>\n<meta name=\"twitter:label1\" content=\"Availability\" \/>\n\t<meta name=\"twitter:data1\" content=\"In stock\" \/>\n<script type=\"application\/ld+json\" class=\"yoast-schema-graph\">{\"@context\":\"https:\/\/schema.org\",\"@graph\":[{\"@type\":\"WebPage\",\"@id\":\"https:\/\/www.certifiedcosmetics.com\/da\/product\/dokumentation-for-kosmetisk-sikkerhed\/mocra-understoettelse-af-kosmetisk-sikkerhed\/\",\"url\":\"https:\/\/www.certifiedcosmetics.com\/da\/product\/dokumentation-for-kosmetisk-sikkerhed\/mocra-understoettelse-af-kosmetisk-sikkerhed\/\",\"name\":\"MoCRA-underst\u00f8ttelse af kosmetisk sikkerhed - Certified Cosmetics\",\"isPartOf\":{\"@id\":\"https:\/\/www.certifiedcosmetics.com\/da\/#website\"},\"primaryImageOfPage\":{\"@id\":\"https:\/\/www.certifiedcosmetics.com\/da\/product\/dokumentation-for-kosmetisk-sikkerhed\/mocra-understoettelse-af-kosmetisk-sikkerhed\/#primaryimage\"},\"image\":{\"@id\":\"https:\/\/www.certifiedcosmetics.com\/da\/product\/dokumentation-for-kosmetisk-sikkerhed\/mocra-understoettelse-af-kosmetisk-sikkerhed\/#primaryimage\"},\"thumbnailUrl\":\"https:\/\/www.certifiedcosmetics.com\/wp-content\/uploads\/2025\/10\/safety.png\",\"datePublished\":\"2025-10-16T13:13:35+00:00\",\"description\":\"I henhold til Modernization of Cosmetics Regulation Act (MoCRA) skal alle kosmetiske produkter, der markedsf\u00f8res i USA, have tilstr\u00e6kkelig sikkerhedsdokumentation - hvilket betyder, at producenten eller den ansvarlige person skal f\u00f8re optegnelser og dokumentation, der viser, at produktet er sikkert til den tilsigtede brug.\",\"breadcrumb\":{\"@id\":\"https:\/\/www.certifiedcosmetics.com\/da\/product\/dokumentation-for-kosmetisk-sikkerhed\/mocra-understoettelse-af-kosmetisk-sikkerhed\/#breadcrumb\"},\"inLanguage\":\"da-DK\",\"potentialAction\":[{\"@type\":\"ReadAction\",\"target\":[\"https:\/\/www.certifiedcosmetics.com\/da\/product\/dokumentation-for-kosmetisk-sikkerhed\/mocra-understoettelse-af-kosmetisk-sikkerhed\/\"]}]},{\"@type\":\"ImageObject\",\"inLanguage\":\"da-DK\",\"@id\":\"https:\/\/www.certifiedcosmetics.com\/da\/product\/dokumentation-for-kosmetisk-sikkerhed\/mocra-understoettelse-af-kosmetisk-sikkerhed\/#primaryimage\",\"url\":\"https:\/\/www.certifiedcosmetics.com\/wp-content\/uploads\/2025\/10\/safety.png\",\"contentUrl\":\"https:\/\/www.certifiedcosmetics.com\/wp-content\/uploads\/2025\/10\/safety.png\",\"width\":1024,\"height\":1024},{\"@type\":\"BreadcrumbList\",\"@id\":\"https:\/\/www.certifiedcosmetics.com\/da\/product\/dokumentation-for-kosmetisk-sikkerhed\/mocra-understoettelse-af-kosmetisk-sikkerhed\/#breadcrumb\",\"itemListElement\":[{\"@type\":\"ListItem\",\"position\":1,\"name\":\"Home\",\"item\":\"https:\/\/www.certifiedcosmetics.com\/da\/vurdering-af-kosmetiske-produkters-sikkerhed\/\"},{\"@type\":\"ListItem\",\"position\":2,\"name\":\"Butik\",\"item\":\"https:\/\/www.certifiedcosmetics.com\/butik\/\"},{\"@type\":\"ListItem\",\"position\":3,\"name\":\"MoCRA-underst\u00f8ttelse af kosmetisk sikkerhed\"}]},{\"@type\":\"WebSite\",\"@id\":\"https:\/\/www.certifiedcosmetics.com\/da\/#website\",\"url\":\"https:\/\/www.certifiedcosmetics.com\/da\/\",\"name\":\"Certified Cosmetics\",\"description\":\"Cosmetic Safety Assessment\",\"publisher\":{\"@id\":\"https:\/\/www.certifiedcosmetics.com\/da\/#organization\"},\"potentialAction\":[{\"@type\":\"SearchAction\",\"target\":{\"@type\":\"EntryPoint\",\"urlTemplate\":\"https:\/\/www.certifiedcosmetics.com\/da\/?s={search_term_string}\"},\"query-input\":{\"@type\":\"PropertyValueSpecification\",\"valueRequired\":true,\"valueName\":\"search_term_string\"}}],\"inLanguage\":\"da-DK\"},{\"@type\":\"Organization\",\"@id\":\"https:\/\/www.certifiedcosmetics.com\/da\/#organization\",\"name\":\"Certified Cosmetics\",\"url\":\"https:\/\/www.certifiedcosmetics.com\/da\/\",\"logo\":{\"@type\":\"ImageObject\",\"inLanguage\":\"da-DK\",\"@id\":\"https:\/\/www.certifiedcosmetics.com\/da\/#\/schema\/logo\/image\/\",\"url\":\"https:\/\/www.certifiedcosmetics.com\/wp-content\/uploads\/2024\/12\/logo_certified_cosmetics696.jpg\",\"contentUrl\":\"https:\/\/www.certifiedcosmetics.com\/wp-content\/uploads\/2024\/12\/logo_certified_cosmetics696.jpg\",\"width\":696,\"height\":696,\"caption\":\"Certified Cosmetics\"},\"image\":{\"@id\":\"https:\/\/www.certifiedcosmetics.com\/da\/#\/schema\/logo\/image\/\"},\"description\":\"Your trusted partner for cosmetic product safety reporting. We take care of updating all of your documentation, ensuring your compliance stays current even as regulations evolve. The Cosmetic Product Safety Assessment will give you everything you need to sell specific products to EU consumers.\",\"email\":\"contact@certifiedcosmetics.com\",\"telephone\":\"+31 36 2036384\",\"legalName\":\"Certified Cosmetics\",\"foundingDate\":\"2010-01-01\",\"vatID\":\"NL854189543B01\",\"numberOfEmployees\":{\"@type\":\"QuantitativeValue\",\"minValue\":\"11\",\"maxValue\":\"50\"}}]}<\/script>\n<meta property=\"og:availability\" content=\"instock\" \/>\n<meta property=\"product:availability\" content=\"instock\" \/>\n<meta property=\"product:condition\" content=\"new\" \/>\n<!-- \/ Yoast SEO Premium plugin. -->","yoast_head_json":{"title":"MoCRA-underst\u00f8ttelse af kosmetisk sikkerhed - Certified Cosmetics","description":"I henhold til Modernization of Cosmetics Regulation Act (MoCRA) skal alle kosmetiske produkter, der markedsf\u00f8res i USA, have tilstr\u00e6kkelig sikkerhedsdokumentation - hvilket betyder, at producenten eller den ansvarlige person skal f\u00f8re optegnelser og dokumentation, der viser, at produktet er sikkert til den tilsigtede brug.","robots":{"index":"index","follow":"follow","max-snippet":"max-snippet:-1","max-image-preview":"max-image-preview:large","max-video-preview":"max-video-preview:-1"},"canonical":"https:\/\/www.certifiedcosmetics.com\/da\/product\/dokumentation-for-kosmetisk-sikkerhed\/mocra-understoettelse-af-kosmetisk-sikkerhed\/","og_locale":"da_DK","og_type":"article","og_title":"MoCRA-underst\u00f8ttelse af kosmetisk sikkerhed","og_description":"I henhold til Modernization of Cosmetics Regulation Act (MoCRA) skal alle kosmetiske produkter, der markedsf\u00f8res i USA, have tilstr\u00e6kkelig sikkerhedsdokumentation - hvilket betyder, at producenten eller den ansvarlige person skal f\u00f8re optegnelser og dokumentation, der viser, at produktet er sikkert til den tilsigtede brug.","og_url":"https:\/\/www.certifiedcosmetics.com\/da\/product\/dokumentation-for-kosmetisk-sikkerhed\/mocra-understoettelse-af-kosmetisk-sikkerhed\/","og_site_name":"Certified Cosmetics","og_image":[{"width":1024,"height":1024,"url":"https:\/\/www.certifiedcosmetics.com\/wp-content\/uploads\/2025\/10\/safety.png","type":"image\/png"}],"twitter_card":"summary_large_image","twitter_misc":{"Availability":"In stock"},"schema":{"@context":"https:\/\/schema.org","@graph":[{"@type":"WebPage","@id":"https:\/\/www.certifiedcosmetics.com\/da\/product\/dokumentation-for-kosmetisk-sikkerhed\/mocra-understoettelse-af-kosmetisk-sikkerhed\/","url":"https:\/\/www.certifiedcosmetics.com\/da\/product\/dokumentation-for-kosmetisk-sikkerhed\/mocra-understoettelse-af-kosmetisk-sikkerhed\/","name":"MoCRA-underst\u00f8ttelse af kosmetisk sikkerhed - Certified Cosmetics","isPartOf":{"@id":"https:\/\/www.certifiedcosmetics.com\/da\/#website"},"primaryImageOfPage":{"@id":"https:\/\/www.certifiedcosmetics.com\/da\/product\/dokumentation-for-kosmetisk-sikkerhed\/mocra-understoettelse-af-kosmetisk-sikkerhed\/#primaryimage"},"image":{"@id":"https:\/\/www.certifiedcosmetics.com\/da\/product\/dokumentation-for-kosmetisk-sikkerhed\/mocra-understoettelse-af-kosmetisk-sikkerhed\/#primaryimage"},"thumbnailUrl":"https:\/\/www.certifiedcosmetics.com\/wp-content\/uploads\/2025\/10\/safety.png","datePublished":"2025-10-16T13:13:35+00:00","description":"I henhold til Modernization of Cosmetics Regulation Act (MoCRA) skal alle kosmetiske produkter, der markedsf\u00f8res i USA, have tilstr\u00e6kkelig sikkerhedsdokumentation - hvilket betyder, at producenten eller den ansvarlige person skal f\u00f8re optegnelser og dokumentation, der viser, at produktet er sikkert til den tilsigtede brug.","breadcrumb":{"@id":"https:\/\/www.certifiedcosmetics.com\/da\/product\/dokumentation-for-kosmetisk-sikkerhed\/mocra-understoettelse-af-kosmetisk-sikkerhed\/#breadcrumb"},"inLanguage":"da-DK","potentialAction":[{"@type":"ReadAction","target":["https:\/\/www.certifiedcosmetics.com\/da\/product\/dokumentation-for-kosmetisk-sikkerhed\/mocra-understoettelse-af-kosmetisk-sikkerhed\/"]}]},{"@type":"ImageObject","inLanguage":"da-DK","@id":"https:\/\/www.certifiedcosmetics.com\/da\/product\/dokumentation-for-kosmetisk-sikkerhed\/mocra-understoettelse-af-kosmetisk-sikkerhed\/#primaryimage","url":"https:\/\/www.certifiedcosmetics.com\/wp-content\/uploads\/2025\/10\/safety.png","contentUrl":"https:\/\/www.certifiedcosmetics.com\/wp-content\/uploads\/2025\/10\/safety.png","width":1024,"height":1024},{"@type":"BreadcrumbList","@id":"https:\/\/www.certifiedcosmetics.com\/da\/product\/dokumentation-for-kosmetisk-sikkerhed\/mocra-understoettelse-af-kosmetisk-sikkerhed\/#breadcrumb","itemListElement":[{"@type":"ListItem","position":1,"name":"Home","item":"https:\/\/www.certifiedcosmetics.com\/da\/vurdering-af-kosmetiske-produkters-sikkerhed\/"},{"@type":"ListItem","position":2,"name":"Butik","item":"https:\/\/www.certifiedcosmetics.com\/butik\/"},{"@type":"ListItem","position":3,"name":"MoCRA-underst\u00f8ttelse af kosmetisk sikkerhed"}]},{"@type":"WebSite","@id":"https:\/\/www.certifiedcosmetics.com\/da\/#website","url":"https:\/\/www.certifiedcosmetics.com\/da\/","name":"Certified Cosmetics","description":"Cosmetic Safety Assessment","publisher":{"@id":"https:\/\/www.certifiedcosmetics.com\/da\/#organization"},"potentialAction":[{"@type":"SearchAction","target":{"@type":"EntryPoint","urlTemplate":"https:\/\/www.certifiedcosmetics.com\/da\/?s={search_term_string}"},"query-input":{"@type":"PropertyValueSpecification","valueRequired":true,"valueName":"search_term_string"}}],"inLanguage":"da-DK"},{"@type":"Organization","@id":"https:\/\/www.certifiedcosmetics.com\/da\/#organization","name":"Certified Cosmetics","url":"https:\/\/www.certifiedcosmetics.com\/da\/","logo":{"@type":"ImageObject","inLanguage":"da-DK","@id":"https:\/\/www.certifiedcosmetics.com\/da\/#\/schema\/logo\/image\/","url":"https:\/\/www.certifiedcosmetics.com\/wp-content\/uploads\/2024\/12\/logo_certified_cosmetics696.jpg","contentUrl":"https:\/\/www.certifiedcosmetics.com\/wp-content\/uploads\/2024\/12\/logo_certified_cosmetics696.jpg","width":696,"height":696,"caption":"Certified Cosmetics"},"image":{"@id":"https:\/\/www.certifiedcosmetics.com\/da\/#\/schema\/logo\/image\/"},"description":"Your trusted partner for cosmetic product safety reporting. We take care of updating all of your documentation, ensuring your compliance stays current even as regulations evolve. The Cosmetic Product Safety Assessment will give you everything you need to sell specific products to EU consumers.","email":"contact@certifiedcosmetics.com","telephone":"+31 36 2036384","legalName":"Certified Cosmetics","foundingDate":"2010-01-01","vatID":"NL854189543B01","numberOfEmployees":{"@type":"QuantitativeValue","minValue":"11","maxValue":"50"}}]},"og_availability":"instock","product_availability":"instock","product_condition":"new"},"_links":{"self":[{"href":"https:\/\/www.certifiedcosmetics.com\/da\/wp-json\/wp\/v2\/product\/17110","targetHints":{"allow":["GET"]}}],"collection":[{"href":"https:\/\/www.certifiedcosmetics.com\/da\/wp-json\/wp\/v2\/product"}],"about":[{"href":"https:\/\/www.certifiedcosmetics.com\/da\/wp-json\/wp\/v2\/types\/product"}],"wp:featuredmedia":[{"embeddable":true,"href":"https:\/\/www.certifiedcosmetics.com\/da\/wp-json\/wp\/v2\/media\/17111"}],"wp:attachment":[{"href":"https:\/\/www.certifiedcosmetics.com\/da\/wp-json\/wp\/v2\/media?parent=17110"}],"wp:term":[{"taxonomy":"product_brand","embeddable":true,"href":"https:\/\/www.certifiedcosmetics.com\/da\/wp-json\/wp\/v2\/product_brand?post=17110"},{"taxonomy":"product_cat","embeddable":true,"href":"https:\/\/www.certifiedcosmetics.com\/da\/wp-json\/wp\/v2\/product_cat?post=17110"},{"taxonomy":"product_tag","embeddable":true,"href":"https:\/\/www.certifiedcosmetics.com\/da\/wp-json\/wp\/v2\/product_tag?post=17110"}],"curies":[{"name":"wp","href":"https:\/\/api.w.org\/{rel}","templated":true}]}}