{"id":17104,"date":"2025-11-03T12:30:09","date_gmt":"2025-11-03T11:30:09","guid":{"rendered":"https:\/\/www.certifiedcosmetics.com\/product\/Ikke kategoriseret\/test-af-hudens-hydrering\/"},"modified":"2025-11-03T12:30:09","modified_gmt":"2025-11-03T11:30:09","slug":"test-af-hudens-hydrering","status":"publish","type":"product","link":"https:\/\/www.certifiedcosmetics.com\/da\/product\/test-af-effektivitet\/hudtestning\/test-af-hudens-hydrering\/","title":{"rendered":"Test af hudens hydrering"},"content":{"rendered":"<p data-start=\"27\" data-end=\"377\"><strong data-start=\"31\" data-end=\"54\">Skin Hydration Test<\/strong> er en laboratorietest, der er designet til at m\u00e5le, hvor effektivt et kosmetisk produkt forbedrer eller opretholder hudens fugtindhold. Testen giver kvantitative data om produktets fugtgivende <strong data-start=\"233\" data-end=\"258\">effekt<\/strong> og er afg\u00f8rende for anprisninger som &#8220;fugter huden&#8221;, &#8220;holder bedre p\u00e5 fugten&#8221; eller &#8220;bl\u00f8dg\u00f8r huden&#8221;.   <\/p>\n<h2 data-start=\"379\" data-end=\"404\">Form\u00e5let med testen<\/h2>\n<p data-start=\"405\" data-end=\"707\">Form\u00e5let med Skin Hydration Test er at vurdere \u00e6ndringer i vandindholdet i hudens yderste lag (stratum corneum) efter p\u00e5f\u00f8ring af produktet. Testen bestemmer b\u00e5de <strong data-start=\"599\" data-end=\"646\">den \u00f8jeblikkelige og den langsigtede fugtgivende effekt<\/strong> og giver dermed klar, videnskabelig dokumentation for produktets effektivitet.   <\/p>\n<h2 data-start=\"709\" data-end=\"726\">Metodologi<\/h2>\n<p data-start=\"727\" data-end=\"974\">Unders\u00f8gelsen udf\u00f8res som en <strong data-start=\"756\" data-end=\"774\">instrumental test<\/strong> ved hj\u00e6lp af et <strong data-start=\"783\" data-end=\"798\">corneometer<\/strong> eller et tilsvarende m\u00e5leinstrument til hudkapacitans. Dette instrument m\u00e5ler den elektriske kapacitans p\u00e5 hudens overflade, som korrelerer direkte med fugtindholdet.   <\/p>\n<ul data-start=\"976\" data-end=\"1260\">\n<li data-start=\"976\" data-end=\"1008\">\n<p data-start=\"978\" data-end=\"1008\"><strong data-start=\"978\" data-end=\"1003\">Antal frivillige:<\/strong> 10<\/p>\n<\/li>\n<li data-start=\"1009\" data-end=\"1196\">\n<p data-start=\"1011\" data-end=\"1196\"><strong data-start=\"1011\" data-end=\"1034\">M\u00e5lepunkter:<\/strong> Der foretages to m\u00e5linger &#8211; <strong data-start=\"1064\" data-end=\"1091\">T0 (f\u00f8r p\u00e5f\u00f8ring)<\/strong> og <strong data-start=\"1096\" data-end=\"1122\">T1 (efter p\u00e5f\u00f8ring<\/strong> ) &#8211; under kontrollerede milj\u00f8forhold (temperatur og luftfugtighed).<\/p>\n<\/li>\n<li data-start=\"1197\" data-end=\"1260\">\n<p data-start=\"1199\" data-end=\"1260\"><strong data-start=\"1199\" data-end=\"1230\">Antal p\u00e5kr\u00e6vede pr\u00f8ver:<\/strong> 11 pr\u00f8ver af f\u00e6rdige produkter<\/p>\n<\/li>\n<\/ul>\n<h2 data-start=\"1262\" data-end=\"1282\">Testprocedure<\/h2>\n<ol data-start=\"1283\" data-end=\"1873\">\n<li data-start=\"1283\" data-end=\"1398\">\n<p data-start=\"1286\" data-end=\"1398\"><strong data-start=\"1286\" data-end=\"1310\">Udv\u00e6lgelse af frivillige:<\/strong> Ti raske voksne deltagere udv\u00e6lges og akklimatiseres til testmilj\u00f8et.<\/p>\n<\/li>\n<li data-start=\"1399\" data-end=\"1510\">\n<p data-start=\"1402\" data-end=\"1510\"><strong data-start=\"1402\" data-end=\"1432\">Baseline-m\u00e5ling (T0):<\/strong> Hudens hydreringsniveauer m\u00e5les p\u00e5 ubehandlet hud ved hj\u00e6lp af corneometeret.<\/p>\n<\/li>\n<li data-start=\"1511\" data-end=\"1614\">\n<p data-start=\"1514\" data-end=\"1614\"><strong data-start=\"1514\" data-end=\"1538\">P\u00e5f\u00f8ring af produktet:<\/strong> En defineret m\u00e6ngde af testproduktet p\u00e5f\u00f8res det udpegede omr\u00e5de.<\/p>\n<\/li>\n<li data-start=\"1615\" data-end=\"1752\">\n<p data-start=\"1618\" data-end=\"1752\"><strong data-start=\"1618\" data-end=\"1656\">M\u00e5ling efter p\u00e5f\u00f8ring (T1):<\/strong> Efter et bestemt tidsinterval (normalt 30 minutter til 2 timer) m\u00e5les hydreringen igen.<\/p>\n<\/li>\n<li data-start=\"1753\" data-end=\"1873\">\n<p data-start=\"1756\" data-end=\"1873\"><strong data-start=\"1756\" data-end=\"1774\">Analyse af data:<\/strong> \u00c6ndringer i hydreringsv\u00e6rdier sammenlignes mellem T0 og T1 for at bestemme den hydrerende effekt.<\/p>\n<\/li>\n<\/ol>\n<h2 data-start=\"1875\" data-end=\"1901\">Evaluerede parametre<\/h2>\n<ul data-start=\"1902\" data-end=\"2092\">\n<li data-start=\"1902\" data-end=\"1949\">\n<p data-start=\"1904\" data-end=\"1949\">\u00d8jeblikkelig og kortvarig for\u00f8gelse af hydrering<\/p>\n<\/li>\n<li data-start=\"1950\" data-end=\"1988\">\n<p data-start=\"1952\" data-end=\"1988\">Effektiv til at holde p\u00e5 fugten i huden<\/p>\n<\/li>\n<li data-start=\"1989\" data-end=\"2045\">\n<p data-start=\"1991\" data-end=\"2045\">Sammenligning af behandlede og ubehandlede kontrolomr\u00e5der<\/p>\n<\/li>\n<li data-start=\"2046\" data-end=\"2092\">\n<p data-start=\"2048\" data-end=\"2092\">Konsistens og reproducerbarhed af resultater<\/p>\n<\/li>\n<\/ul>\n<h2 data-start=\"2094\" data-end=\"2119\">Eksempel p\u00e5 krav<\/h2>\n<ul data-start=\"2120\" data-end=\"2317\">\n<li data-start=\"2120\" data-end=\"2165\">\n<p data-start=\"2122\" data-end=\"2165\"><strong data-start=\"2122\" data-end=\"2135\">M\u00e6ngde:<\/strong> 11 pr\u00f8ver af f\u00e6rdige produkter<\/p>\n<\/li>\n<li data-start=\"2166\" data-end=\"2234\">\n<p data-start=\"2168\" data-end=\"2234\"><strong data-start=\"2168\" data-end=\"2182\">Tilstand:<\/strong> Stabil, forseglet og klar til ekstern brug<\/p>\n<\/li>\n<li data-start=\"2235\" data-end=\"2317\">\n<p data-start=\"2237\" data-end=\"2317\"><strong data-start=\"2237\" data-end=\"2246\">Type:<\/strong> Cremer, lotions, serum, geler eller andre topiske fugtgivende formler<\/p>\n<\/li>\n<\/ul>\n<h2 data-start=\"2319\" data-end=\"2344\">Resultater og rapportering<\/h2>\n<p data-start=\"2345\" data-end=\"2378\">Laboratorierapporten indeholder:<\/p>\n<ul data-start=\"2379\" data-end=\"2638\">\n<li data-start=\"2379\" data-end=\"2422\">\n<p data-start=\"2381\" data-end=\"2422\">Beskrivelse af testprotokol og udstyr<\/p>\n<\/li>\n<li data-start=\"2423\" data-end=\"2475\">\n<p data-start=\"2425\" data-end=\"2475\">Individuelle og gennemsnitlige hydreringsv\u00e6rdier (T0 vs. T1)<\/p>\n<\/li>\n<li data-start=\"2476\" data-end=\"2525\">\n<p data-start=\"2478\" data-end=\"2525\">Statistisk analyse af forbedring af hydrering<\/p>\n<\/li>\n<li data-start=\"2526\" data-end=\"2565\">\n<p data-start=\"2528\" data-end=\"2565\">Grafisk fremstilling af resultater<\/p>\n<\/li>\n<li data-start=\"2566\" data-end=\"2638\">\n<p data-start=\"2568\" data-end=\"2638\">Fortolkning for at bekr\u00e6fte fugtgivende ydeevne og underst\u00f8tte p\u00e5stande<\/p>\n<\/li>\n<\/ul>\n<h2 data-start=\"2640\" data-end=\"2667\">Hvorfor denne test er vigtig<\/h2>\n<p data-start=\"2668\" data-end=\"2833\">Hudfugtighedstesten giver <strong data-start=\"2701\" data-end=\"2732\">objektive, m\u00e5lbare beviser<\/strong> for et produkts fugtgivende evne. Den bruges i vid udstr\u00e6kning til at underbygge kosmetiske p\u00e5stande som f.eks:   <\/p>\n<ul data-start=\"2834\" data-end=\"2947\">\n<li data-start=\"2834\" data-end=\"2861\">\n<p data-start=\"2836\" data-end=\"2861\">&#8220;Fugter \u00f8jeblikkeligt&#8221;<\/p>\n<\/li>\n<li data-start=\"2862\" data-end=\"2897\">\n<p data-start=\"2864\" data-end=\"2897\">&#8220;Forbedrer hudens hydrering med X%&#8221;<\/p>\n<\/li>\n<li data-start=\"2898\" data-end=\"2947\">\n<p data-start=\"2900\" data-end=\"2947\">&#8220;Underst\u00f8tter langvarig fugtbalance i huden&#8221;<\/p>\n<\/li>\n<\/ul>\n<p data-start=\"2949\" data-end=\"3149\" data-is-last-node=\"\" data-is-only-node=\"\">Denne test er afg\u00f8rende for markedsf\u00f8ring, produktudvikling og lovgivningsm\u00e6ssig dokumentation og giver trov\u00e6rdig dokumentation for <strong data-start=\"3069\" data-end=\"3096\">effektiviteten af hudfugtighed<\/strong>, der er i overensstemmelse med internationale standarder for kosmetisk testning.<\/p>\n","protected":false},"excerpt":{"rendered":"<p>Skin Hydration Test er en laboratorietest, der er designet til at m\u00e5le, hvor effektivt et kosmetisk produkt forbedrer eller opretholder hudens fugtindhold. Testen giver kvantitative data om produktets fugtgivende effekt og er afg\u00f8rende for anprisninger som &#8220;fugter huden&#8221;, &#8220;holder bedre p\u00e5 fugten&#8221; eller &#8220;bl\u00f8dg\u00f8r huden&#8221;. Form\u00e5let med testen Form\u00e5let med Skin Hydration Test er at&#8230;<\/p>\n","protected":false},"featured_media":17106,"template":"","meta":[],"product_brand":[],"product_cat":[1841,1840],"product_tag":[],"class_list":{"0":"post-17104","1":"product","2":"type-product","3":"status-publish","4":"has-post-thumbnail","6":"product_cat-hudtestning","7":"product_cat-test-af-effektivitet","9":"first","10":"instock","11":"virtual","12":"taxable","13":"purchasable","14":"product-type-simple"},"bundled_by":[],"bundle_stock_status":"instock","bundle_stock_quantity":null,"bundle_virtual":false,"bundle_layout":"","bundle_add_to_cart_form_location":"","bundle_editable_in_cart":false,"bundle_sold_individually_context":"","bundle_item_grouping":"","bundle_min_size":"","bundle_max_size":"","bundle_price":[],"bundled_items":[],"bundle_sell_ids":[],"yoast_head":"<!-- This site is optimized with the Yoast SEO Premium plugin v25.4 (Yoast SEO v25.4) - https:\/\/yoast.com\/wordpress\/plugins\/seo\/ -->\n<title>Test af hudens hydrering - Certified Cosmetics<\/title>\n<meta name=\"description\" content=\"Skin Hydration Test er en laboratorieevaluering, der er designet til at m\u00e5le, hvor effektivt et kosmetisk produkt forbedrer eller opretholder hudens fugtniveau. Den giver kvantitative data om produktets fugtgivende effekt og er afg\u00f8rende for anprisninger som &quot;hydrerer huden&quot;, &quot;forbedrer fugtbevarelsen&quot; eller &quot;forbedrer hudens bl\u00f8dhed&quot;.\" \/>\n<meta name=\"robots\" content=\"index, follow, max-snippet:-1, max-image-preview:large, max-video-preview:-1\" \/>\n<link rel=\"canonical\" href=\"https:\/\/www.certifiedcosmetics.com\/da\/product\/test-af-effektivitet\/hudtestning\/test-af-hudens-hydrering\/\" \/>\n<meta property=\"og:locale\" content=\"da_DK\" \/>\n<meta property=\"og:type\" content=\"article\" \/>\n<meta property=\"og:title\" content=\"Test af hudens hydrering\" \/>\n<meta property=\"og:description\" content=\"Skin Hydration Test er en laboratorieevaluering, der er designet til at m\u00e5le, hvor effektivt et kosmetisk produkt forbedrer eller opretholder hudens fugtniveau. Den giver kvantitative data om produktets fugtgivende effekt og er afg\u00f8rende for anprisninger som &quot;hydrerer huden&quot;, &quot;forbedrer fugtbevarelsen&quot; eller &quot;forbedrer hudens bl\u00f8dhed&quot;.\" \/>\n<meta property=\"og:url\" content=\"https:\/\/www.certifiedcosmetics.com\/da\/product\/test-af-effektivitet\/hudtestning\/test-af-hudens-hydrering\/\" \/>\n<meta property=\"og:site_name\" content=\"Certified Cosmetics\" \/>\n<meta property=\"og:image\" content=\"https:\/\/www.certifiedcosmetics.com\/wp-content\/uploads\/2025\/11\/hydratation-lab-test.jpg\" \/>\n\t<meta property=\"og:image:width\" content=\"800\" \/>\n\t<meta property=\"og:image:height\" content=\"800\" \/>\n\t<meta property=\"og:image:type\" content=\"image\/jpeg\" \/>\n<meta name=\"twitter:card\" content=\"summary_large_image\" \/>\n<meta name=\"twitter:label1\" content=\"Price\" \/>\n\t<meta name=\"twitter:data1\" content=\"&#036;497.37\" \/>\n\t<meta name=\"twitter:label2\" content=\"Availability\" \/>\n\t<meta name=\"twitter:data2\" content=\"In stock\" \/>\n<script type=\"application\/ld+json\" class=\"yoast-schema-graph\">{\"@context\":\"https:\/\/schema.org\",\"@graph\":[{\"@type\":\"WebPage\",\"@id\":\"https:\/\/www.certifiedcosmetics.com\/da\/product\/test-af-effektivitet\/hudtestning\/test-af-hudens-hydrering\/\",\"url\":\"https:\/\/www.certifiedcosmetics.com\/da\/product\/test-af-effektivitet\/hudtestning\/test-af-hudens-hydrering\/\",\"name\":\"Test af hudens hydrering - Certified Cosmetics\",\"isPartOf\":{\"@id\":\"https:\/\/www.certifiedcosmetics.com\/da\/#website\"},\"primaryImageOfPage\":{\"@id\":\"https:\/\/www.certifiedcosmetics.com\/da\/product\/test-af-effektivitet\/hudtestning\/test-af-hudens-hydrering\/#primaryimage\"},\"image\":{\"@id\":\"https:\/\/www.certifiedcosmetics.com\/da\/product\/test-af-effektivitet\/hudtestning\/test-af-hudens-hydrering\/#primaryimage\"},\"thumbnailUrl\":\"https:\/\/www.certifiedcosmetics.com\/wp-content\/uploads\/2025\/11\/hydratation-lab-test.jpg\",\"datePublished\":\"2025-11-03T11:30:09+00:00\",\"description\":\"Skin Hydration Test er en laboratorieevaluering, der er designet til at m\u00e5le, hvor effektivt et kosmetisk produkt forbedrer eller opretholder hudens fugtniveau. Den giver kvantitative data om produktets fugtgivende effekt og er afg\u00f8rende for anprisninger som \\\"hydrerer huden\\\", \\\"forbedrer fugtbevarelsen\\\" eller \\\"forbedrer hudens bl\u00f8dhed\\\".\",\"breadcrumb\":{\"@id\":\"https:\/\/www.certifiedcosmetics.com\/da\/product\/test-af-effektivitet\/hudtestning\/test-af-hudens-hydrering\/#breadcrumb\"},\"inLanguage\":\"da-DK\",\"potentialAction\":[{\"@type\":\"ReadAction\",\"target\":[\"https:\/\/www.certifiedcosmetics.com\/da\/product\/test-af-effektivitet\/hudtestning\/test-af-hudens-hydrering\/\"]}]},{\"@type\":\"ImageObject\",\"inLanguage\":\"da-DK\",\"@id\":\"https:\/\/www.certifiedcosmetics.com\/da\/product\/test-af-effektivitet\/hudtestning\/test-af-hudens-hydrering\/#primaryimage\",\"url\":\"https:\/\/www.certifiedcosmetics.com\/wp-content\/uploads\/2025\/11\/hydratation-lab-test.jpg\",\"contentUrl\":\"https:\/\/www.certifiedcosmetics.com\/wp-content\/uploads\/2025\/11\/hydratation-lab-test.jpg\",\"width\":800,\"height\":800},{\"@type\":\"BreadcrumbList\",\"@id\":\"https:\/\/www.certifiedcosmetics.com\/da\/product\/test-af-effektivitet\/hudtestning\/test-af-hudens-hydrering\/#breadcrumb\",\"itemListElement\":[{\"@type\":\"ListItem\",\"position\":1,\"name\":\"Home\",\"item\":\"https:\/\/www.certifiedcosmetics.com\/da\/vurdering-af-kosmetiske-produkters-sikkerhed\/\"},{\"@type\":\"ListItem\",\"position\":2,\"name\":\"Butik\",\"item\":\"https:\/\/www.certifiedcosmetics.com\/butik\/\"},{\"@type\":\"ListItem\",\"position\":3,\"name\":\"Test af hudens hydrering\"}]},{\"@type\":\"WebSite\",\"@id\":\"https:\/\/www.certifiedcosmetics.com\/da\/#website\",\"url\":\"https:\/\/www.certifiedcosmetics.com\/da\/\",\"name\":\"Certified Cosmetics\",\"description\":\"Cosmetic Safety Assessment\",\"publisher\":{\"@id\":\"https:\/\/www.certifiedcosmetics.com\/da\/#organization\"},\"potentialAction\":[{\"@type\":\"SearchAction\",\"target\":{\"@type\":\"EntryPoint\",\"urlTemplate\":\"https:\/\/www.certifiedcosmetics.com\/da\/?s={search_term_string}\"},\"query-input\":{\"@type\":\"PropertyValueSpecification\",\"valueRequired\":true,\"valueName\":\"search_term_string\"}}],\"inLanguage\":\"da-DK\"},{\"@type\":\"Organization\",\"@id\":\"https:\/\/www.certifiedcosmetics.com\/da\/#organization\",\"name\":\"Certified Cosmetics\",\"url\":\"https:\/\/www.certifiedcosmetics.com\/da\/\",\"logo\":{\"@type\":\"ImageObject\",\"inLanguage\":\"da-DK\",\"@id\":\"https:\/\/www.certifiedcosmetics.com\/da\/#\/schema\/logo\/image\/\",\"url\":\"https:\/\/www.certifiedcosmetics.com\/wp-content\/uploads\/2024\/12\/logo_certified_cosmetics696.jpg\",\"contentUrl\":\"https:\/\/www.certifiedcosmetics.com\/wp-content\/uploads\/2024\/12\/logo_certified_cosmetics696.jpg\",\"width\":696,\"height\":696,\"caption\":\"Certified Cosmetics\"},\"image\":{\"@id\":\"https:\/\/www.certifiedcosmetics.com\/da\/#\/schema\/logo\/image\/\"},\"description\":\"Your trusted partner for cosmetic product safety reporting. We take care of updating all of your documentation, ensuring your compliance stays current even as regulations evolve. The Cosmetic Product Safety Assessment will give you everything you need to sell specific products to EU consumers.\",\"email\":\"contact@certifiedcosmetics.com\",\"telephone\":\"+31 36 2036384\",\"legalName\":\"Certified Cosmetics\",\"foundingDate\":\"2010-01-01\",\"vatID\":\"NL854189543B01\",\"numberOfEmployees\":{\"@type\":\"QuantitativeValue\",\"minValue\":\"11\",\"maxValue\":\"50\"}}]}<\/script>\n<meta property=\"product:price:amount\" content=\"497.37\" \/>\n<meta property=\"product:price:currency\" content=\"USD\" \/>\n<meta property=\"og:availability\" content=\"instock\" \/>\n<meta property=\"product:availability\" content=\"instock\" \/>\n<meta property=\"product:retailer_item_id\" content=\"CC100132\" \/>\n<meta property=\"product:condition\" content=\"new\" \/>\n<!-- \/ Yoast SEO Premium plugin. -->","yoast_head_json":{"title":"Test af hudens hydrering - Certified Cosmetics","description":"Skin Hydration Test er en laboratorieevaluering, der er designet til at m\u00e5le, hvor effektivt et kosmetisk produkt forbedrer eller opretholder hudens fugtniveau. Den giver kvantitative data om produktets fugtgivende effekt og er afg\u00f8rende for anprisninger som \"hydrerer huden\", \"forbedrer fugtbevarelsen\" eller \"forbedrer hudens bl\u00f8dhed\".","robots":{"index":"index","follow":"follow","max-snippet":"max-snippet:-1","max-image-preview":"max-image-preview:large","max-video-preview":"max-video-preview:-1"},"canonical":"https:\/\/www.certifiedcosmetics.com\/da\/product\/test-af-effektivitet\/hudtestning\/test-af-hudens-hydrering\/","og_locale":"da_DK","og_type":"article","og_title":"Test af hudens hydrering","og_description":"Skin Hydration Test er en laboratorieevaluering, der er designet til at m\u00e5le, hvor effektivt et kosmetisk produkt forbedrer eller opretholder hudens fugtniveau. Den giver kvantitative data om produktets fugtgivende effekt og er afg\u00f8rende for anprisninger som \"hydrerer huden\", \"forbedrer fugtbevarelsen\" eller \"forbedrer hudens bl\u00f8dhed\".","og_url":"https:\/\/www.certifiedcosmetics.com\/da\/product\/test-af-effektivitet\/hudtestning\/test-af-hudens-hydrering\/","og_site_name":"Certified Cosmetics","og_image":[{"width":800,"height":800,"url":"https:\/\/www.certifiedcosmetics.com\/wp-content\/uploads\/2025\/11\/hydratation-lab-test.jpg","type":"image\/jpeg"}],"twitter_card":"summary_large_image","twitter_misc":{"Price":"&#36;497.37","Availability":"In stock"},"schema":{"@context":"https:\/\/schema.org","@graph":[{"@type":"WebPage","@id":"https:\/\/www.certifiedcosmetics.com\/da\/product\/test-af-effektivitet\/hudtestning\/test-af-hudens-hydrering\/","url":"https:\/\/www.certifiedcosmetics.com\/da\/product\/test-af-effektivitet\/hudtestning\/test-af-hudens-hydrering\/","name":"Test af hudens hydrering - Certified Cosmetics","isPartOf":{"@id":"https:\/\/www.certifiedcosmetics.com\/da\/#website"},"primaryImageOfPage":{"@id":"https:\/\/www.certifiedcosmetics.com\/da\/product\/test-af-effektivitet\/hudtestning\/test-af-hudens-hydrering\/#primaryimage"},"image":{"@id":"https:\/\/www.certifiedcosmetics.com\/da\/product\/test-af-effektivitet\/hudtestning\/test-af-hudens-hydrering\/#primaryimage"},"thumbnailUrl":"https:\/\/www.certifiedcosmetics.com\/wp-content\/uploads\/2025\/11\/hydratation-lab-test.jpg","datePublished":"2025-11-03T11:30:09+00:00","description":"Skin Hydration Test er en laboratorieevaluering, der er designet til at m\u00e5le, hvor effektivt et kosmetisk produkt forbedrer eller opretholder hudens fugtniveau. Den giver kvantitative data om produktets fugtgivende effekt og er afg\u00f8rende for anprisninger som \"hydrerer huden\", \"forbedrer fugtbevarelsen\" eller \"forbedrer hudens bl\u00f8dhed\".","breadcrumb":{"@id":"https:\/\/www.certifiedcosmetics.com\/da\/product\/test-af-effektivitet\/hudtestning\/test-af-hudens-hydrering\/#breadcrumb"},"inLanguage":"da-DK","potentialAction":[{"@type":"ReadAction","target":["https:\/\/www.certifiedcosmetics.com\/da\/product\/test-af-effektivitet\/hudtestning\/test-af-hudens-hydrering\/"]}]},{"@type":"ImageObject","inLanguage":"da-DK","@id":"https:\/\/www.certifiedcosmetics.com\/da\/product\/test-af-effektivitet\/hudtestning\/test-af-hudens-hydrering\/#primaryimage","url":"https:\/\/www.certifiedcosmetics.com\/wp-content\/uploads\/2025\/11\/hydratation-lab-test.jpg","contentUrl":"https:\/\/www.certifiedcosmetics.com\/wp-content\/uploads\/2025\/11\/hydratation-lab-test.jpg","width":800,"height":800},{"@type":"BreadcrumbList","@id":"https:\/\/www.certifiedcosmetics.com\/da\/product\/test-af-effektivitet\/hudtestning\/test-af-hudens-hydrering\/#breadcrumb","itemListElement":[{"@type":"ListItem","position":1,"name":"Home","item":"https:\/\/www.certifiedcosmetics.com\/da\/vurdering-af-kosmetiske-produkters-sikkerhed\/"},{"@type":"ListItem","position":2,"name":"Butik","item":"https:\/\/www.certifiedcosmetics.com\/butik\/"},{"@type":"ListItem","position":3,"name":"Test af hudens hydrering"}]},{"@type":"WebSite","@id":"https:\/\/www.certifiedcosmetics.com\/da\/#website","url":"https:\/\/www.certifiedcosmetics.com\/da\/","name":"Certified Cosmetics","description":"Cosmetic Safety Assessment","publisher":{"@id":"https:\/\/www.certifiedcosmetics.com\/da\/#organization"},"potentialAction":[{"@type":"SearchAction","target":{"@type":"EntryPoint","urlTemplate":"https:\/\/www.certifiedcosmetics.com\/da\/?s={search_term_string}"},"query-input":{"@type":"PropertyValueSpecification","valueRequired":true,"valueName":"search_term_string"}}],"inLanguage":"da-DK"},{"@type":"Organization","@id":"https:\/\/www.certifiedcosmetics.com\/da\/#organization","name":"Certified Cosmetics","url":"https:\/\/www.certifiedcosmetics.com\/da\/","logo":{"@type":"ImageObject","inLanguage":"da-DK","@id":"https:\/\/www.certifiedcosmetics.com\/da\/#\/schema\/logo\/image\/","url":"https:\/\/www.certifiedcosmetics.com\/wp-content\/uploads\/2024\/12\/logo_certified_cosmetics696.jpg","contentUrl":"https:\/\/www.certifiedcosmetics.com\/wp-content\/uploads\/2024\/12\/logo_certified_cosmetics696.jpg","width":696,"height":696,"caption":"Certified Cosmetics"},"image":{"@id":"https:\/\/www.certifiedcosmetics.com\/da\/#\/schema\/logo\/image\/"},"description":"Your trusted partner for cosmetic product safety reporting. We take care of updating all of your documentation, ensuring your compliance stays current even as regulations evolve. The Cosmetic Product Safety Assessment will give you everything you need to sell specific products to EU consumers.","email":"contact@certifiedcosmetics.com","telephone":"+31 36 2036384","legalName":"Certified Cosmetics","foundingDate":"2010-01-01","vatID":"NL854189543B01","numberOfEmployees":{"@type":"QuantitativeValue","minValue":"11","maxValue":"50"}}]},"product_price_amount":"497.37","product_price_currency":"USD","og_availability":"instock","product_availability":"instock","product_retailer_item_id":"CC100132","product_condition":"new"},"_links":{"self":[{"href":"https:\/\/www.certifiedcosmetics.com\/da\/wp-json\/wp\/v2\/product\/17104","targetHints":{"allow":["GET"]}}],"collection":[{"href":"https:\/\/www.certifiedcosmetics.com\/da\/wp-json\/wp\/v2\/product"}],"about":[{"href":"https:\/\/www.certifiedcosmetics.com\/da\/wp-json\/wp\/v2\/types\/product"}],"wp:featuredmedia":[{"embeddable":true,"href":"https:\/\/www.certifiedcosmetics.com\/da\/wp-json\/wp\/v2\/media\/17106"}],"wp:attachment":[{"href":"https:\/\/www.certifiedcosmetics.com\/da\/wp-json\/wp\/v2\/media?parent=17104"}],"wp:term":[{"taxonomy":"product_brand","embeddable":true,"href":"https:\/\/www.certifiedcosmetics.com\/da\/wp-json\/wp\/v2\/product_brand?post=17104"},{"taxonomy":"product_cat","embeddable":true,"href":"https:\/\/www.certifiedcosmetics.com\/da\/wp-json\/wp\/v2\/product_cat?post=17104"},{"taxonomy":"product_tag","embeddable":true,"href":"https:\/\/www.certifiedcosmetics.com\/da\/wp-json\/wp\/v2\/product_tag?post=17104"}],"curies":[{"name":"wp","href":"https:\/\/api.w.org\/{rel}","templated":true}]}}