{"id":17088,"date":"2026-03-03T15:05:13","date_gmt":"2026-03-03T14:05:13","guid":{"rendered":"https:\/\/www.certifiedcosmetics.com\/product\/Ikke kategoriseret\/pif-og-kosmetisk-produktsikkerhedsrapport-whitelabel\/"},"modified":"2026-03-03T15:05:13","modified_gmt":"2026-03-03T14:05:13","slug":"pif-og-kosmetisk-produktsikkerhedsrapport-whitelabel","status":"publish","type":"product","link":"https:\/\/www.certifiedcosmetics.com\/da\/product\/vurdering-af-kosmetisk-sikkerhed\/pif-og-kosmetisk-produktsikkerhedsrapport-whitelabel\/","title":{"rendered":"PIF og kosmetisk produktsikkerhedsrapport &#8211; Whitelabel"},"content":{"rendered":"<p data-start=\"143\" data-end=\"432\">White label-kosmetik skaber v\u00e6rdifulde forretningsmuligheder for producenter, der \u00f8nsker at opskalere distributionen, og for distribut\u00f8rer, der \u00f8nsker at lancere produkter under deres eget m\u00e6rke. Men den lovgivningsm\u00e6ssige struktur bag et white label-produkt skal defineres omhyggeligt fra starten. <\/p>\n<p data-start=\"434\" data-end=\"664\">For producenter kan det v\u00e6re vigtigt at bevare kontrollen over formuleringen, produktinformationsfilen (PIF) og det lovgivningsm\u00e6ssige ansvar for at beskytte intellektuel ejendom og sikre konsekvent overholdelse p\u00e5 tv\u00e6rs af flere kunder.<\/p>\n<p data-start=\"666\" data-end=\"892\">For distribut\u00f8rer betyder ejerskab af m\u00e6rket ofte, at de bliver den ansvarlige person og administrerer en helt uafh\u00e6ngig PIF i deres eget navn. Det kr\u00e6ver en klar overf\u00f8rsel af dokumentation og lovgivningsm\u00e6ssig ansvarlighed. <\/p>\n<p data-start=\"894\" data-end=\"1173\" data-is-last-node=\"\" data-is-only-node=\"\">Denne whitelabel CPSR-tjeneste er designet til at underst\u00f8tte begge modeller. Uanset om du forbliver den ansvarlige person eller overdrager ansvaret til distribut\u00f8ren, sikrer vi, at de lovgivningsm\u00e6ssige rammer er korrekt struktureret, dokumenteret og i overensstemmelse med forordning (EF) nr. 1223\/2009. <\/p>\n<h2 data-start=\"894\" data-end=\"1173\">Hvordan fungerer whitelabel PIF og CPSR?<\/h2>\n<p data-start=\"152\" data-end=\"319\">Denne CPSR-tjeneste (Cosmetic Product Safety Report) er udelukkende tilg\u00e6ngelig for whitelabel-produkter, som vi tidligere har udarbejdet den originale PIF og\/eller CPSR for. Hvis der kr\u00e6ves en whitelabel PIF og CPSR for et eksisterende produkt, som ikke er oprettet af Certified Cosmetics, skal vi f\u00f8rst genskabe det. Denne service vil v\u00e6re p\u00e5kr\u00e6vet f\u00f8rst: <a href=\"https:\/\/www.certifiedcosmetics.com\/da\/product\/vurdering-af-kosmetisk-sikkerhed\/rapport-om-sikkerhed-for-kosmetiske-produkter-cpsr-2\/\">Sikkerhedsrapport for kosmetiske produkter &#8211; CPSR<\/a>  <\/p>\n<p data-start=\"321\" data-end=\"389\">Der er to mulige lovgivningsm\u00e6ssige scenarier for whitelabel-produkter:<\/p>\n<ol data-start=\"391\" data-end=\"516\">\n<li data-start=\"391\" data-end=\"459\">\n<p data-start=\"394\" data-end=\"459\">Whitelabel-producenten forbliver den ansvarlige person (RP)<\/p>\n<\/li>\n<li data-start=\"460\" data-end=\"516\">\n<p data-start=\"463\" data-end=\"516\">Distribut\u00f8ren bliver den ansvarlige person (RP)<\/p>\n<\/li>\n<\/ol>\n<p data-start=\"518\" data-end=\"582\">Hvert scenarie har forskellige juridiske krav og leverancer.<\/p>\n<h2>Whitelabel-producenten forbliver den ansvarlige person<\/h2>\n<p data-start=\"664\" data-end=\"787\">I denne situation fungerer den oprindelige producent fortsat som den ansvarlige person i henhold til forordning (EF) nr. 1223\/2009.<\/p>\n<p data-start=\"789\" data-end=\"802\"><strong>Krav:<\/strong><\/p>\n<ul data-start=\"803\" data-end=\"1038\">\n<li data-start=\"803\" data-end=\"874\">\n<p data-start=\"805\" data-end=\"874\">Producentens navn og adresse skal fremg\u00e5 af produktetiketten.<\/p>\n<\/li>\n<li data-start=\"875\" data-end=\"966\">\n<p data-start=\"877\" data-end=\"966\">Produktinformationsfilen (PIF) og CPSR forbliver under producentens kontrol.<\/p>\n<\/li>\n<li data-start=\"967\" data-end=\"1038\">\n<p data-start=\"969\" data-end=\"1038\">Formuleringen forbliver fortrolig og forvaltes af producenten.<\/p>\n<\/li>\n<\/ul>\n<p data-start=\"1040\" data-end=\"1146\">Denne struktur sikrer, at producenten bevarer kontrollen over opskriften og den lovpligtige dokumentation.<\/p>\n<p data-start=\"1148\" data-end=\"1165\"><strong>Leverancer:<\/strong><\/p>\n<ul data-start=\"1166\" data-end=\"1276\">\n<li data-start=\"1166\" data-end=\"1210\">\n<p data-start=\"1168\" data-end=\"1210\">Kontrol af m\u00e6rkningens overensstemmelse (artikel 19-gennemgang)<\/p>\n<\/li>\n<li data-start=\"1211\" data-end=\"1276\">\n<p data-start=\"1213\" data-end=\"1276\">Bilag til den eksisterende PIF, der afspejler whitelabel-ordningen<\/p>\n<\/li>\n<\/ul>\n<h2>Distribut\u00f8ren bliver den ansvarlige person<\/h2>\n<p data-start=\"1346\" data-end=\"1511\">Hvis distribut\u00f8ren \u00f8nsker at markedsf\u00f8re produktet under sit eget navn og p\u00e5tage sig det fulde lovgivningsm\u00e6ssige ansvar, skal han fungere som den ansvarlige person.<\/p>\n<p data-start=\"1513\" data-end=\"1526\"><strong>Krav:<\/strong><\/p>\n<ul data-start=\"1527\" data-end=\"1672\">\n<li data-start=\"1527\" data-end=\"1614\">\n<p data-start=\"1529\" data-end=\"1614\">Distribut\u00f8ren skal oprette og vedligeholde sin egen produktinformationsfil (PIF).<\/p>\n<\/li>\n<li data-start=\"1615\" data-end=\"1672\">\n<p data-start=\"1617\" data-end=\"1672\">Det lovgivningsm\u00e6ssige ansvar overg\u00e5r til distribut\u00f8ren.<\/p>\n<\/li>\n<\/ul>\n<p data-start=\"1674\" data-end=\"1691\"><strong>Leverancer:<\/strong><\/p>\n<ul data-start=\"1692\" data-end=\"1784\">\n<li data-start=\"1692\" data-end=\"1736\">\n<p data-start=\"1694\" data-end=\"1736\">Kontrol af m\u00e6rkningens overensstemmelse (artikel 19-gennemgang)<\/p>\n<\/li>\n<li data-start=\"1737\" data-end=\"1784\">\n<p data-start=\"1739\" data-end=\"1784\">Ny PIF udstedt i distribut\u00f8rens navn<\/p>\n<\/li>\n<li data-start=\"1737\" data-end=\"1784\">Vi kan ogs\u00e5 sende det til CPNP med denne tjeneste: <a href=\"https:\/\/www.certifiedcosmetics.com\/da\/product\/vurdering-af-kosmetisk-sikkerhed\/cpnp-meddelelse\/\">CPNP-meddelelsestjeneste<\/a><\/li>\n<\/ul>\n","protected":false},"excerpt":{"rendered":"<p>White label-kosmetik skaber v\u00e6rdifulde forretningsmuligheder for producenter, der \u00f8nsker at opskalere distributionen, og for distribut\u00f8rer, der \u00f8nsker at lancere produkter under deres eget m\u00e6rke. Men den lovgivningsm\u00e6ssige struktur bag et white label-produkt skal defineres omhyggeligt fra starten. For producenter kan det v\u00e6re vigtigt at bevare kontrollen over formuleringen, produktinformationsfilen (PIF) og det lovgivningsm\u00e6ssige ansvar for&#8230;<\/p>\n","protected":false},"featured_media":17090,"template":"","meta":[],"product_brand":[],"product_cat":[1871],"product_tag":[],"class_list":{"0":"post-17088","1":"product","2":"type-product","3":"status-publish","4":"has-post-thumbnail","6":"product_cat-vurdering-af-kosmetisk-sikkerhed","8":"first","9":"instock","10":"virtual","11":"taxable","12":"purchasable","13":"product-type-simple"},"bundled_by":[],"bundle_stock_status":"instock","bundle_stock_quantity":null,"bundle_virtual":false,"bundle_layout":"","bundle_add_to_cart_form_location":"","bundle_editable_in_cart":false,"bundle_sold_individually_context":"","bundle_item_grouping":"","bundle_min_size":"","bundle_max_size":"","bundle_price":[],"bundled_items":[],"bundle_sell_ids":[],"yoast_head":"<!-- This site is optimized with the Yoast SEO Premium plugin v25.4 (Yoast SEO v25.4) - https:\/\/yoast.com\/wordpress\/plugins\/seo\/ -->\n<title>PIF og kosmetisk produktsikkerhedsrapport - Whitelabel - Certified Cosmetics<\/title>\n<meta name=\"description\" content=\"White label PIF og CPSR i kosmetik skaber v\u00e6rdifulde forretningsmuligheder for producenter, der \u00f8nsker at opskalere distributionen, og for distribut\u00f8rer, der \u00f8nsker at lancere produkter under deres eget m\u00e6rke.\" \/>\n<meta name=\"robots\" content=\"index, follow, max-snippet:-1, max-image-preview:large, max-video-preview:-1\" \/>\n<link rel=\"canonical\" href=\"https:\/\/www.certifiedcosmetics.com\/da\/product\/vurdering-af-kosmetisk-sikkerhed\/pif-og-kosmetisk-produktsikkerhedsrapport-whitelabel\/\" \/>\n<meta property=\"og:locale\" content=\"da_DK\" \/>\n<meta property=\"og:type\" content=\"article\" \/>\n<meta property=\"og:title\" content=\"PIF og kosmetisk produktsikkerhedsrapport - Whitelabel\" \/>\n<meta property=\"og:description\" content=\"White label PIF og CPSR i kosmetik skaber v\u00e6rdifulde forretningsmuligheder for producenter, der \u00f8nsker at opskalere distributionen, og for distribut\u00f8rer, der \u00f8nsker at lancere produkter under deres eget m\u00e6rke.\" \/>\n<meta property=\"og:url\" content=\"https:\/\/www.certifiedcosmetics.com\/da\/product\/vurdering-af-kosmetisk-sikkerhed\/pif-og-kosmetisk-produktsikkerhedsrapport-whitelabel\/\" \/>\n<meta property=\"og:site_name\" content=\"Certified Cosmetics\" \/>\n<meta property=\"og:image\" content=\"https:\/\/www.certifiedcosmetics.com\/wp-content\/uploads\/2025\/07\/CPSR-Cosmetics.jpg\" \/>\n\t<meta property=\"og:image:width\" content=\"800\" \/>\n\t<meta property=\"og:image:height\" content=\"800\" \/>\n\t<meta property=\"og:image:type\" content=\"image\/jpeg\" \/>\n<meta name=\"twitter:card\" content=\"summary_large_image\" \/>\n<meta name=\"twitter:label1\" content=\"Price\" \/>\n\t<meta name=\"twitter:data1\" content=\"&#036;87.77\" \/>\n\t<meta name=\"twitter:label2\" content=\"Availability\" \/>\n\t<meta name=\"twitter:data2\" content=\"In stock\" \/>\n<script type=\"application\/ld+json\" class=\"yoast-schema-graph\">{\"@context\":\"https:\/\/schema.org\",\"@graph\":[{\"@type\":\"WebPage\",\"@id\":\"https:\/\/www.certifiedcosmetics.com\/da\/product\/vurdering-af-kosmetisk-sikkerhed\/pif-og-kosmetisk-produktsikkerhedsrapport-whitelabel\/\",\"url\":\"https:\/\/www.certifiedcosmetics.com\/da\/product\/vurdering-af-kosmetisk-sikkerhed\/pif-og-kosmetisk-produktsikkerhedsrapport-whitelabel\/\",\"name\":\"PIF og kosmetisk produktsikkerhedsrapport - Whitelabel - Certified Cosmetics\",\"isPartOf\":{\"@id\":\"https:\/\/www.certifiedcosmetics.com\/da\/#website\"},\"primaryImageOfPage\":{\"@id\":\"https:\/\/www.certifiedcosmetics.com\/da\/product\/vurdering-af-kosmetisk-sikkerhed\/pif-og-kosmetisk-produktsikkerhedsrapport-whitelabel\/#primaryimage\"},\"image\":{\"@id\":\"https:\/\/www.certifiedcosmetics.com\/da\/product\/vurdering-af-kosmetisk-sikkerhed\/pif-og-kosmetisk-produktsikkerhedsrapport-whitelabel\/#primaryimage\"},\"thumbnailUrl\":\"https:\/\/www.certifiedcosmetics.com\/wp-content\/uploads\/2025\/07\/CPSR-Cosmetics.jpg\",\"datePublished\":\"2026-03-03T14:05:13+00:00\",\"description\":\"White label PIF og CPSR i kosmetik skaber v\u00e6rdifulde forretningsmuligheder for producenter, der \u00f8nsker at opskalere distributionen, og for distribut\u00f8rer, der \u00f8nsker at lancere produkter under deres eget m\u00e6rke.\",\"breadcrumb\":{\"@id\":\"https:\/\/www.certifiedcosmetics.com\/da\/product\/vurdering-af-kosmetisk-sikkerhed\/pif-og-kosmetisk-produktsikkerhedsrapport-whitelabel\/#breadcrumb\"},\"inLanguage\":\"da-DK\",\"potentialAction\":[{\"@type\":\"ReadAction\",\"target\":[\"https:\/\/www.certifiedcosmetics.com\/da\/product\/vurdering-af-kosmetisk-sikkerhed\/pif-og-kosmetisk-produktsikkerhedsrapport-whitelabel\/\"]}]},{\"@type\":\"ImageObject\",\"inLanguage\":\"da-DK\",\"@id\":\"https:\/\/www.certifiedcosmetics.com\/da\/product\/vurdering-af-kosmetisk-sikkerhed\/pif-og-kosmetisk-produktsikkerhedsrapport-whitelabel\/#primaryimage\",\"url\":\"https:\/\/www.certifiedcosmetics.com\/wp-content\/uploads\/2025\/07\/CPSR-Cosmetics.jpg\",\"contentUrl\":\"https:\/\/www.certifiedcosmetics.com\/wp-content\/uploads\/2025\/07\/CPSR-Cosmetics.jpg\",\"width\":800,\"height\":800,\"caption\":\"CPSR Cosmetics\"},{\"@type\":\"BreadcrumbList\",\"@id\":\"https:\/\/www.certifiedcosmetics.com\/da\/product\/vurdering-af-kosmetisk-sikkerhed\/pif-og-kosmetisk-produktsikkerhedsrapport-whitelabel\/#breadcrumb\",\"itemListElement\":[{\"@type\":\"ListItem\",\"position\":1,\"name\":\"Home\",\"item\":\"https:\/\/www.certifiedcosmetics.com\/da\/vurdering-af-kosmetiske-produkters-sikkerhed\/\"},{\"@type\":\"ListItem\",\"position\":2,\"name\":\"Butik\",\"item\":\"https:\/\/www.certifiedcosmetics.com\/butik\/\"},{\"@type\":\"ListItem\",\"position\":3,\"name\":\"PIF og kosmetisk produktsikkerhedsrapport &#8211; Whitelabel\"}]},{\"@type\":\"WebSite\",\"@id\":\"https:\/\/www.certifiedcosmetics.com\/da\/#website\",\"url\":\"https:\/\/www.certifiedcosmetics.com\/da\/\",\"name\":\"Certified Cosmetics\",\"description\":\"Cosmetic Safety Assessment\",\"publisher\":{\"@id\":\"https:\/\/www.certifiedcosmetics.com\/da\/#organization\"},\"potentialAction\":[{\"@type\":\"SearchAction\",\"target\":{\"@type\":\"EntryPoint\",\"urlTemplate\":\"https:\/\/www.certifiedcosmetics.com\/da\/?s={search_term_string}\"},\"query-input\":{\"@type\":\"PropertyValueSpecification\",\"valueRequired\":true,\"valueName\":\"search_term_string\"}}],\"inLanguage\":\"da-DK\"},{\"@type\":\"Organization\",\"@id\":\"https:\/\/www.certifiedcosmetics.com\/da\/#organization\",\"name\":\"Certified Cosmetics\",\"url\":\"https:\/\/www.certifiedcosmetics.com\/da\/\",\"logo\":{\"@type\":\"ImageObject\",\"inLanguage\":\"da-DK\",\"@id\":\"https:\/\/www.certifiedcosmetics.com\/da\/#\/schema\/logo\/image\/\",\"url\":\"https:\/\/www.certifiedcosmetics.com\/wp-content\/uploads\/2024\/12\/logo_certified_cosmetics696.jpg\",\"contentUrl\":\"https:\/\/www.certifiedcosmetics.com\/wp-content\/uploads\/2024\/12\/logo_certified_cosmetics696.jpg\",\"width\":696,\"height\":696,\"caption\":\"Certified Cosmetics\"},\"image\":{\"@id\":\"https:\/\/www.certifiedcosmetics.com\/da\/#\/schema\/logo\/image\/\"},\"description\":\"Your trusted partner for cosmetic product safety reporting. We take care of updating all of your documentation, ensuring your compliance stays current even as regulations evolve. The Cosmetic Product Safety Assessment will give you everything you need to sell specific products to EU consumers.\",\"email\":\"contact@certifiedcosmetics.com\",\"telephone\":\"+31 36 2036384\",\"legalName\":\"Certified Cosmetics\",\"foundingDate\":\"2010-01-01\",\"vatID\":\"NL854189543B01\",\"numberOfEmployees\":{\"@type\":\"QuantitativeValue\",\"minValue\":\"11\",\"maxValue\":\"50\"}}]}<\/script>\n<meta property=\"product:price:amount\" content=\"87.77\" \/>\n<meta property=\"product:price:currency\" content=\"USD\" \/>\n<meta property=\"og:availability\" content=\"instock\" \/>\n<meta property=\"product:availability\" content=\"instock\" \/>\n<meta property=\"product:retailer_item_id\" content=\"CC100004\" \/>\n<meta property=\"product:condition\" content=\"new\" \/>\n<!-- \/ Yoast SEO Premium plugin. -->","yoast_head_json":{"title":"PIF og kosmetisk produktsikkerhedsrapport - Whitelabel - Certified Cosmetics","description":"White label PIF og CPSR i kosmetik skaber v\u00e6rdifulde forretningsmuligheder for producenter, der \u00f8nsker at opskalere distributionen, og for distribut\u00f8rer, der \u00f8nsker at lancere produkter under deres eget m\u00e6rke.","robots":{"index":"index","follow":"follow","max-snippet":"max-snippet:-1","max-image-preview":"max-image-preview:large","max-video-preview":"max-video-preview:-1"},"canonical":"https:\/\/www.certifiedcosmetics.com\/da\/product\/vurdering-af-kosmetisk-sikkerhed\/pif-og-kosmetisk-produktsikkerhedsrapport-whitelabel\/","og_locale":"da_DK","og_type":"article","og_title":"PIF og kosmetisk produktsikkerhedsrapport - Whitelabel","og_description":"White label PIF og CPSR i kosmetik skaber v\u00e6rdifulde forretningsmuligheder for producenter, der \u00f8nsker at opskalere distributionen, og for distribut\u00f8rer, der \u00f8nsker at lancere produkter under deres eget m\u00e6rke.","og_url":"https:\/\/www.certifiedcosmetics.com\/da\/product\/vurdering-af-kosmetisk-sikkerhed\/pif-og-kosmetisk-produktsikkerhedsrapport-whitelabel\/","og_site_name":"Certified Cosmetics","og_image":[{"width":800,"height":800,"url":"https:\/\/www.certifiedcosmetics.com\/wp-content\/uploads\/2025\/07\/CPSR-Cosmetics.jpg","type":"image\/jpeg"}],"twitter_card":"summary_large_image","twitter_misc":{"Price":"&#36;87.77","Availability":"In stock"},"schema":{"@context":"https:\/\/schema.org","@graph":[{"@type":"WebPage","@id":"https:\/\/www.certifiedcosmetics.com\/da\/product\/vurdering-af-kosmetisk-sikkerhed\/pif-og-kosmetisk-produktsikkerhedsrapport-whitelabel\/","url":"https:\/\/www.certifiedcosmetics.com\/da\/product\/vurdering-af-kosmetisk-sikkerhed\/pif-og-kosmetisk-produktsikkerhedsrapport-whitelabel\/","name":"PIF og kosmetisk produktsikkerhedsrapport - Whitelabel - Certified Cosmetics","isPartOf":{"@id":"https:\/\/www.certifiedcosmetics.com\/da\/#website"},"primaryImageOfPage":{"@id":"https:\/\/www.certifiedcosmetics.com\/da\/product\/vurdering-af-kosmetisk-sikkerhed\/pif-og-kosmetisk-produktsikkerhedsrapport-whitelabel\/#primaryimage"},"image":{"@id":"https:\/\/www.certifiedcosmetics.com\/da\/product\/vurdering-af-kosmetisk-sikkerhed\/pif-og-kosmetisk-produktsikkerhedsrapport-whitelabel\/#primaryimage"},"thumbnailUrl":"https:\/\/www.certifiedcosmetics.com\/wp-content\/uploads\/2025\/07\/CPSR-Cosmetics.jpg","datePublished":"2026-03-03T14:05:13+00:00","description":"White label PIF og CPSR i kosmetik skaber v\u00e6rdifulde forretningsmuligheder for producenter, der \u00f8nsker at opskalere distributionen, og for distribut\u00f8rer, der \u00f8nsker at lancere produkter under deres eget m\u00e6rke.","breadcrumb":{"@id":"https:\/\/www.certifiedcosmetics.com\/da\/product\/vurdering-af-kosmetisk-sikkerhed\/pif-og-kosmetisk-produktsikkerhedsrapport-whitelabel\/#breadcrumb"},"inLanguage":"da-DK","potentialAction":[{"@type":"ReadAction","target":["https:\/\/www.certifiedcosmetics.com\/da\/product\/vurdering-af-kosmetisk-sikkerhed\/pif-og-kosmetisk-produktsikkerhedsrapport-whitelabel\/"]}]},{"@type":"ImageObject","inLanguage":"da-DK","@id":"https:\/\/www.certifiedcosmetics.com\/da\/product\/vurdering-af-kosmetisk-sikkerhed\/pif-og-kosmetisk-produktsikkerhedsrapport-whitelabel\/#primaryimage","url":"https:\/\/www.certifiedcosmetics.com\/wp-content\/uploads\/2025\/07\/CPSR-Cosmetics.jpg","contentUrl":"https:\/\/www.certifiedcosmetics.com\/wp-content\/uploads\/2025\/07\/CPSR-Cosmetics.jpg","width":800,"height":800,"caption":"CPSR Cosmetics"},{"@type":"BreadcrumbList","@id":"https:\/\/www.certifiedcosmetics.com\/da\/product\/vurdering-af-kosmetisk-sikkerhed\/pif-og-kosmetisk-produktsikkerhedsrapport-whitelabel\/#breadcrumb","itemListElement":[{"@type":"ListItem","position":1,"name":"Home","item":"https:\/\/www.certifiedcosmetics.com\/da\/vurdering-af-kosmetiske-produkters-sikkerhed\/"},{"@type":"ListItem","position":2,"name":"Butik","item":"https:\/\/www.certifiedcosmetics.com\/butik\/"},{"@type":"ListItem","position":3,"name":"PIF og kosmetisk produktsikkerhedsrapport &#8211; Whitelabel"}]},{"@type":"WebSite","@id":"https:\/\/www.certifiedcosmetics.com\/da\/#website","url":"https:\/\/www.certifiedcosmetics.com\/da\/","name":"Certified Cosmetics","description":"Cosmetic Safety Assessment","publisher":{"@id":"https:\/\/www.certifiedcosmetics.com\/da\/#organization"},"potentialAction":[{"@type":"SearchAction","target":{"@type":"EntryPoint","urlTemplate":"https:\/\/www.certifiedcosmetics.com\/da\/?s={search_term_string}"},"query-input":{"@type":"PropertyValueSpecification","valueRequired":true,"valueName":"search_term_string"}}],"inLanguage":"da-DK"},{"@type":"Organization","@id":"https:\/\/www.certifiedcosmetics.com\/da\/#organization","name":"Certified Cosmetics","url":"https:\/\/www.certifiedcosmetics.com\/da\/","logo":{"@type":"ImageObject","inLanguage":"da-DK","@id":"https:\/\/www.certifiedcosmetics.com\/da\/#\/schema\/logo\/image\/","url":"https:\/\/www.certifiedcosmetics.com\/wp-content\/uploads\/2024\/12\/logo_certified_cosmetics696.jpg","contentUrl":"https:\/\/www.certifiedcosmetics.com\/wp-content\/uploads\/2024\/12\/logo_certified_cosmetics696.jpg","width":696,"height":696,"caption":"Certified Cosmetics"},"image":{"@id":"https:\/\/www.certifiedcosmetics.com\/da\/#\/schema\/logo\/image\/"},"description":"Your trusted partner for cosmetic product safety reporting. We take care of updating all of your documentation, ensuring your compliance stays current even as regulations evolve. The Cosmetic Product Safety Assessment will give you everything you need to sell specific products to EU consumers.","email":"contact@certifiedcosmetics.com","telephone":"+31 36 2036384","legalName":"Certified Cosmetics","foundingDate":"2010-01-01","vatID":"NL854189543B01","numberOfEmployees":{"@type":"QuantitativeValue","minValue":"11","maxValue":"50"}}]},"product_price_amount":"87.77","product_price_currency":"USD","og_availability":"instock","product_availability":"instock","product_retailer_item_id":"CC100004","product_condition":"new"},"_links":{"self":[{"href":"https:\/\/www.certifiedcosmetics.com\/da\/wp-json\/wp\/v2\/product\/17088","targetHints":{"allow":["GET"]}}],"collection":[{"href":"https:\/\/www.certifiedcosmetics.com\/da\/wp-json\/wp\/v2\/product"}],"about":[{"href":"https:\/\/www.certifiedcosmetics.com\/da\/wp-json\/wp\/v2\/types\/product"}],"wp:featuredmedia":[{"embeddable":true,"href":"https:\/\/www.certifiedcosmetics.com\/da\/wp-json\/wp\/v2\/media\/17090"}],"wp:attachment":[{"href":"https:\/\/www.certifiedcosmetics.com\/da\/wp-json\/wp\/v2\/media?parent=17088"}],"wp:term":[{"taxonomy":"product_brand","embeddable":true,"href":"https:\/\/www.certifiedcosmetics.com\/da\/wp-json\/wp\/v2\/product_brand?post=17088"},{"taxonomy":"product_cat","embeddable":true,"href":"https:\/\/www.certifiedcosmetics.com\/da\/wp-json\/wp\/v2\/product_cat?post=17088"},{"taxonomy":"product_tag","embeddable":true,"href":"https:\/\/www.certifiedcosmetics.com\/da\/wp-json\/wp\/v2\/product_tag?post=17088"}],"curies":[{"name":"wp","href":"https:\/\/api.w.org\/{rel}","templated":true}]}}