{"id":17086,"date":"2026-03-31T17:47:40","date_gmt":"2026-03-31T16:47:40","guid":{"rendered":"https:\/\/www.certifiedcosmetics.com\/product\/Ikke kategoriseret\/test-af-kosmetik-til-brug-i-hjemmet-boern-under-3-aar\/"},"modified":"2026-03-31T17:47:40","modified_gmt":"2026-03-31T16:47:40","slug":"test-af-kosmetik-til-brug-i-hjemmet-boern-under-3-aar","status":"publish","type":"product","link":"https:\/\/www.certifiedcosmetics.com\/da\/product\/test-af-effektivitet\/hudtestning\/test-af-kosmetik-til-brug-i-hjemmet-boern-under-3-aar\/","title":{"rendered":"Test af kosmetik til brug i hjemmet B\u00f8rn under 3 \u00e5r"},"content":{"rendered":"<p data-start=\"54\" data-end=\"381\">At sikre sikkerheden ved kosmetiske produkter til sp\u00e6db\u00f8rn og sm\u00e5b\u00f8rn kr\u00e6ver en h\u00f8jere grad af omhu, pr\u00e6cision og opm\u00e6rksomhed p\u00e5 lovgivningen. Vores <strong data-start=\"194\" data-end=\"249\">kosmetiktest til b\u00f8rn under 3 \u00e5r<\/strong> er specielt designet til at evaluere, hvordan dit produkt klarer sig under virkelige forhold, n\u00e5r det bruges af denne f\u00f8lsomme m\u00e5lgruppe. <\/p>\n<h2 data-section-id=\"jhddl6\" data-start=\"388\" data-end=\"420\">Evaluering af produkter i det virkelige liv<\/h2>\n<p data-start=\"422\" data-end=\"782\">Denne udvidede brugstest giver v\u00e6rdifuld indsigt i, hvordan dit produkt opf\u00f8rer sig under regelm\u00e6ssig, gentagen brug over en defineret tidsperiode. I stedet for udelukkende at basere sig p\u00e5 teoretiske eller laboratoriebaserede vurderinger, fokuserer denne unders\u00f8gelse p\u00e5 den <strong data-start=\"662\" data-end=\"692\">faktiske forbrugeroplevelse<\/strong> og hj\u00e6lper med at identificere eventuelle problemer i forbindelse med tolerance, irritation eller anvendelighed. <\/p>\n<h2 data-start=\"541\" data-end=\"568\">Hvad er test i brug?<\/h2>\n<p data-start=\"570\" data-end=\"796\">Test i brug indeb\u00e6rer, at et panel af frivillige bruger dit kosmetiske produkt over en defineret periode &#8211; typisk mellem 7 og 28 dage &#8211; i deres normale daglige rutine. Deltagerne giver struktureret feedback p\u00e5 forskellige aspekter som f.eks: <\/p>\n<ul data-start=\"798\" data-end=\"1056\">\n<li data-start=\"798\" data-end=\"820\">\n<p data-start=\"800\" data-end=\"820\">Hudkompatibilitet<\/p>\n<\/li>\n<li data-start=\"821\" data-end=\"849\">\n<p data-start=\"823\" data-end=\"849\">Tekstur og sensorisk fornemmelse<\/p>\n<\/li>\n<li data-start=\"850\" data-end=\"873\">\n<p data-start=\"852\" data-end=\"873\">Let at anvende<\/p>\n<\/li>\n<li data-start=\"874\" data-end=\"911\">\n<p data-start=\"876\" data-end=\"911\">Duft og samlet brugeroplevelse<\/p>\n<\/li>\n<li data-start=\"912\" data-end=\"945\">\n<p data-start=\"914\" data-end=\"945\">Hydrering eller beroligende effekter<\/p>\n<\/li>\n<li data-start=\"946\" data-end=\"1003\">\n<p data-start=\"948\" data-end=\"1003\">Oplevede forbedringer (f.eks. bl\u00f8dere eller glattere hud)<\/p>\n<\/li>\n<\/ul>\n<h2 data-section-id=\"1jm8nb6\" data-start=\"789\" data-end=\"804\">Testdesign<\/h2>\n<ul data-start=\"806\" data-end=\"1161\">\n<li data-section-id=\"jyl2it\" data-start=\"806\" data-end=\"952\"><strong data-start=\"808\" data-end=\"825\">15 frivillige<\/strong> deltager i unders\u00f8gelsen\n<ul data-start=\"855\" data-end=\"952\">\n<li data-section-id=\"1c0xicx\" data-start=\"855\" data-end=\"888\">B\u00f8rn under 3 \u00e5r***<\/li>\n<li data-section-id=\"ugbeh2\" data-start=\"891\" data-end=\"952\">Voksne med f\u00f8lsom hud (underst\u00f8tter sikkerhedsvurdering)<\/li>\n<\/ul>\n<\/li>\n<li data-section-id=\"imznkf\" data-start=\"953\" data-end=\"1022\"><strong data-start=\"955\" data-end=\"986\">Regelm\u00e6ssig produktp\u00e5f\u00f8ring<\/strong> over et foruddefineret antal uger<\/li>\n<li data-section-id=\"1h8clin\" data-start=\"1023\" data-end=\"1080\"><strong data-start=\"1025\" data-end=\"1050\">Kontinuerlig overv\u00e5gning<\/strong> i hele unders\u00f8gelsesperioden<\/li>\n<li data-section-id=\"1bgl6x\" data-start=\"1081\" data-end=\"1161\"><strong data-start=\"1083\" data-end=\"1117\">Struktureret indsamling af feedback<\/strong> om hudtolerance og produktets ydeevne<\/li>\n<\/ul>\n<h2 data-section-id=\"1dt6g20\" data-start=\"1168\" data-end=\"1191\">Overv\u00e5gning<\/h2>\n<p data-start=\"1193\" data-end=\"1338\">Sikkerhed er vores h\u00f8jeste prioritet, is\u00e6r for produkter, der er beregnet til meget sm\u00e5 b\u00f8rn. Denne test udf\u00f8res under streng professionel overv\u00e5gning: <\/p>\n<ul data-start=\"1340\" data-end=\"1570\">\n<li data-section-id=\"9jpbdx\" data-start=\"1340\" data-end=\"1458\"><strong>P\u00e6diatrisk supervision<\/strong> sikrer, at alle observationer relateret til sp\u00e6db\u00f8rns og sm\u00e5b\u00f8rns hud er medicinsk evalueret<\/li>\n<li data-section-id=\"7ut2rf\" data-start=\"1459\" data-end=\"1570\"><strong data-start=\"1461\" data-end=\"1491\">Dermatologisk overv\u00e5gning<\/strong> garanterer ekspertvurdering af hudreaktioner, kompatibilitet og tolerance<\/li>\n<\/ul>\n<h2 data-section-id=\"ycgkk5\" data-start=\"1577\" data-end=\"1593\">Vigtige fordele<\/h2>\n<ul data-start=\"1595\" data-end=\"1927\">\n<li data-section-id=\"18m2i5t\" data-start=\"1595\" data-end=\"1657\">Valider produktsikkerhed for <strong data-start=\"1625\" data-end=\"1655\">b\u00f8rn under 3 \u00e5r<\/strong><\/li>\n<li data-section-id=\"1wz7tq5\" data-start=\"1658\" data-end=\"1723\">Underst\u00f8t <strong data-start=\"1668\" data-end=\"1702\">CPSR og overholdelse af lovgivningen<\/strong> med data om reel brug<\/li>\n<li data-section-id=\"13a542\" data-start=\"1724\" data-end=\"1793\">Underbygge <strong data-start=\"1739\" data-end=\"1772\">&#8220;egnet til f\u00f8lsom hud&#8221;<\/strong> og lignende p\u00e5stande<\/li>\n<li data-section-id=\"1506kux\" data-start=\"1794\" data-end=\"1862\">Identificer potentielle irritationsrisici tidligt i produktudviklingen<\/li>\n<li data-section-id=\"1ufycmm\" data-start=\"1863\" data-end=\"1927\">Styrk forbrugernes tillid med klinisk overv\u00e5get testning<\/li>\n<\/ul>\n<h2 data-start=\"1203\" data-end=\"1241\">Kan test i brug underst\u00f8tte p\u00e5stande?<\/h2>\n<p data-start=\"1243\" data-end=\"1335\">Ja, brugstests bruges i vid udstr\u00e6kning til at <strong data-start=\"1281\" data-end=\"1325\">underst\u00f8tte forbrugeropfattelsesbaserede anprisninger <\/strong>. Fordi de afspejler <strong data-start=\"214\" data-end=\"247\">forbrugernes erfaringer i det virkelige liv<\/strong>, er tests i brug ideelle til at underbygge:<\/p>\n<h3 data-start=\"193\" data-end=\"291\">1. Krav til ydeevne og opfattelse<\/h3>\n<p>Her er nogle eksempler:<\/p>\n<ul data-start=\"332\" data-end=\"429\">\n<li data-section-id=\"1sy8a61\" data-start=\"332\" data-end=\"363\">&#8220;Efterlader huden bl\u00f8d og glat&#8221;<\/li>\n<li data-section-id=\"n0fj9\" data-start=\"364\" data-end=\"391\">&#8220;Forbedrer hudens hydrering&#8221;<\/li>\n<li data-section-id=\"uk6z0h\" data-start=\"392\" data-end=\"411\">&#8220;Behagelig at bruge&#8221;<\/li>\n<li data-section-id=\"mu99e0\" data-start=\"412\" data-end=\"429\">&#8220;Let at anvende&#8221;<\/li>\n<\/ul>\n<h3 data-section-id=\"4x8iqq\" data-start=\"500\" data-end=\"539\">2. Krav om tolerance og kompatibilitet<\/h3>\n<p>Her er nogle eksempler:<\/p>\n<ul data-start=\"540\" data-end=\"637\">\n<li data-section-id=\"130hcz3\" data-start=\"540\" data-end=\"558\">&#8220;Godt tolereret&#8221;<\/li>\n<li data-section-id=\"w0qdqo\" data-start=\"559\" data-end=\"590\">&#8220;Velegnet til f\u00f8lsom hud&#8221;<\/li>\n<li data-section-id=\"1cgxxfq\" data-start=\"591\" data-end=\"609\">&#8220;Sk\u00e5nsom mod huden&#8221;<\/li>\n<li data-section-id=\"14jyeb0\" data-start=\"610\" data-end=\"637\">&#8220;Dermatologisk testet&#8221;<\/li>\n<\/ul>\n<h3 data-section-id=\"w0hu2i\" data-start=\"717\" data-end=\"773\">3. Krav til m\u00e5lgruppen<\/h3>\n<p>Her er nogle eksempler:<\/p>\n<ul data-start=\"774\" data-end=\"868\">\n<li data-section-id=\"10olouv\" data-start=\"774\" data-end=\"813\">&#8220;Velegnet til b\u00f8rn under 3 \u00e5r&#8221;<\/li>\n<li data-section-id=\"vkcpgs\" data-start=\"814\" data-end=\"842\">&#8220;Testet p\u00e5 f\u00f8lsom hud&#8221;<\/li>\n<li data-section-id=\"1a15a3d\" data-start=\"843\" data-end=\"868\">&#8220;P\u00e6diatrisk tilsyn&#8221;<\/li>\n<\/ul>\n<h3 data-section-id=\"7okltn\" data-start=\"965\" data-end=\"994\">4. Brugskrav over tid<\/h3>\n<p>Her er nogle eksempler:<\/p>\n<ul data-start=\"995\" data-end=\"1074\">\n<li data-section-id=\"8nor0d\" data-start=\"995\" data-end=\"1029\">&#8220;Effektiv efter X ugers brug&#8221;<\/li>\n<li data-section-id=\"5u7yhj\" data-start=\"1030\" data-end=\"1074\">&#8220;Forbedrer hudens tilstand ved regelm\u00e6ssig brug&#8221;<\/li>\n<\/ul>\n<h2 data-section-id=\"1qmgibc\" data-start=\"1934\" data-end=\"1947\">Ideel til<\/h2>\n<ul data-start=\"1949\" data-end=\"2157\">\n<li data-section-id=\"1k8a8k6\" data-start=\"1949\" data-end=\"2002\">Babyplejeprodukter (cremer, lotion, klude, olier)<\/li>\n<li data-section-id=\"1d16gax\" data-start=\"2003\" data-end=\"2034\">Milde reng\u00f8ringsmidler og shampooer<\/li>\n<li data-section-id=\"1nmmq9b\" data-start=\"2035\" data-end=\"2098\">Produkter, der markedsf\u00f8res som <strong data-start=\"2058\" data-end=\"2076\">allergivenlige<\/strong> eller <strong data-start=\"2080\" data-end=\"2096\">ekstra sk\u00e5nsomme<\/strong><\/li>\n<li data-section-id=\"1affwom\" data-start=\"2099\" data-end=\"2157\">Formuleringer beregnet til <strong data-start=\"2127\" data-end=\"2157\">f\u00f8lsom eller sart hud<\/strong><\/li>\n<\/ul>\n<h2 data-section-id=\"1gk3f77\" data-start=\"2164\" data-end=\"2208\">P\u00e5lidelige data til sikker markedsadgang<\/h2>\n<p data-start=\"2210\" data-end=\"2493\">Ved at kombinere virkelige brugsforhold med professionelt l\u00e6geligt tilsyn leverer denne test i brug robuste og trov\u00e6rdige data. Den er med til at sikre, at dit produkt ikke kun overholder EU&#8217;s kosmetikregler, men ogs\u00e5 er virkelig sikkert og veltolereret af de mest s\u00e5rbare brugere. <\/p>\n","protected":false},"excerpt":{"rendered":"<p>At sikre sikkerheden ved kosmetiske produkter til sp\u00e6db\u00f8rn og sm\u00e5b\u00f8rn kr\u00e6ver en h\u00f8jere grad af omhu, pr\u00e6cision og opm\u00e6rksomhed p\u00e5 lovgivningen. Vores kosmetiktest til b\u00f8rn under 3 \u00e5r er specielt designet til at evaluere, hvordan dit produkt klarer sig under virkelige forhold, n\u00e5r det bruges af denne f\u00f8lsomme m\u00e5lgruppe. Evaluering af produkter i det virkelige&#8230;<\/p>\n","protected":false},"featured_media":17089,"template":"","meta":[],"product_brand":[],"product_cat":[1841,1840],"product_tag":[],"class_list":{"0":"post-17086","1":"product","2":"type-product","3":"status-publish","4":"has-post-thumbnail","6":"product_cat-hudtestning","7":"product_cat-test-af-effektivitet","9":"first","10":"instock","11":"taxable","12":"shipping-taxable","13":"purchasable","14":"product-type-simple"},"bundled_by":[],"bundle_stock_status":"instock","bundle_stock_quantity":null,"bundle_virtual":false,"bundle_layout":"","bundle_add_to_cart_form_location":"","bundle_editable_in_cart":false,"bundle_sold_individually_context":"","bundle_item_grouping":"","bundle_min_size":"","bundle_max_size":"","bundle_price":[],"bundled_items":[],"bundle_sell_ids":[],"yoast_head":"<!-- This site is optimized with the Yoast SEO Premium plugin v25.4 (Yoast SEO v25.4) - https:\/\/yoast.com\/wordpress\/plugins\/seo\/ -->\n<title>Test af kosmetik til brug i hjemmet B\u00f8rn under 3 \u00e5r - Certified Cosmetics<\/title>\n<meta name=\"description\" content=\"Vores kosmetiktest for b\u00f8rn under 3 \u00e5r er specielt designet til at evaluere, hvordan dit produkt klarer sig under virkelige forhold, n\u00e5r det bruges af denne f\u00f8lsomme m\u00e5lgruppe.\" \/>\n<meta name=\"robots\" content=\"index, follow, max-snippet:-1, max-image-preview:large, max-video-preview:-1\" \/>\n<link rel=\"canonical\" href=\"https:\/\/www.certifiedcosmetics.com\/da\/product\/test-af-effektivitet\/hudtestning\/test-af-kosmetik-til-brug-i-hjemmet-boern-under-3-aar\/\" \/>\n<meta property=\"og:locale\" content=\"da_DK\" \/>\n<meta property=\"og:type\" content=\"article\" \/>\n<meta property=\"og:title\" content=\"Test af kosmetik til brug i hjemmet B\u00f8rn under 3 \u00e5r\" \/>\n<meta property=\"og:description\" content=\"Vores kosmetiktest for b\u00f8rn under 3 \u00e5r er specielt designet til at evaluere, hvordan dit produkt klarer sig under virkelige forhold, n\u00e5r det bruges af denne f\u00f8lsomme m\u00e5lgruppe.\" \/>\n<meta property=\"og:url\" content=\"https:\/\/www.certifiedcosmetics.com\/da\/product\/test-af-effektivitet\/hudtestning\/test-af-kosmetik-til-brug-i-hjemmet-boern-under-3-aar\/\" \/>\n<meta property=\"og:site_name\" content=\"Certified Cosmetics\" \/>\n<meta property=\"og:image\" content=\"https:\/\/www.certifiedcosmetics.com\/wp-content\/uploads\/2026\/03\/in-use-test-children.jpg\" \/>\n\t<meta property=\"og:image:width\" content=\"800\" \/>\n\t<meta property=\"og:image:height\" content=\"800\" \/>\n\t<meta property=\"og:image:type\" content=\"image\/jpeg\" \/>\n<meta name=\"twitter:card\" content=\"summary_large_image\" \/>\n<meta name=\"twitter:label1\" content=\"Price\" \/>\n\t<meta name=\"twitter:data1\" content=\"&#036;1 316.55\" \/>\n\t<meta name=\"twitter:label2\" content=\"Availability\" \/>\n\t<meta name=\"twitter:data2\" content=\"In stock\" \/>\n<script type=\"application\/ld+json\" class=\"yoast-schema-graph\">{\"@context\":\"https:\/\/schema.org\",\"@graph\":[{\"@type\":\"WebPage\",\"@id\":\"https:\/\/www.certifiedcosmetics.com\/da\/product\/test-af-effektivitet\/hudtestning\/test-af-kosmetik-til-brug-i-hjemmet-boern-under-3-aar\/\",\"url\":\"https:\/\/www.certifiedcosmetics.com\/da\/product\/test-af-effektivitet\/hudtestning\/test-af-kosmetik-til-brug-i-hjemmet-boern-under-3-aar\/\",\"name\":\"Test af kosmetik til brug i hjemmet B\u00f8rn under 3 \u00e5r - Certified Cosmetics\",\"isPartOf\":{\"@id\":\"https:\/\/www.certifiedcosmetics.com\/da\/#website\"},\"primaryImageOfPage\":{\"@id\":\"https:\/\/www.certifiedcosmetics.com\/da\/product\/test-af-effektivitet\/hudtestning\/test-af-kosmetik-til-brug-i-hjemmet-boern-under-3-aar\/#primaryimage\"},\"image\":{\"@id\":\"https:\/\/www.certifiedcosmetics.com\/da\/product\/test-af-effektivitet\/hudtestning\/test-af-kosmetik-til-brug-i-hjemmet-boern-under-3-aar\/#primaryimage\"},\"thumbnailUrl\":\"https:\/\/www.certifiedcosmetics.com\/wp-content\/uploads\/2026\/03\/in-use-test-children.jpg\",\"datePublished\":\"2026-03-31T16:47:40+00:00\",\"description\":\"Vores kosmetiktest for b\u00f8rn under 3 \u00e5r er specielt designet til at evaluere, hvordan dit produkt klarer sig under virkelige forhold, n\u00e5r det bruges af denne f\u00f8lsomme m\u00e5lgruppe.\",\"breadcrumb\":{\"@id\":\"https:\/\/www.certifiedcosmetics.com\/da\/product\/test-af-effektivitet\/hudtestning\/test-af-kosmetik-til-brug-i-hjemmet-boern-under-3-aar\/#breadcrumb\"},\"inLanguage\":\"da-DK\",\"potentialAction\":[{\"@type\":\"ReadAction\",\"target\":[\"https:\/\/www.certifiedcosmetics.com\/da\/product\/test-af-effektivitet\/hudtestning\/test-af-kosmetik-til-brug-i-hjemmet-boern-under-3-aar\/\"]}]},{\"@type\":\"ImageObject\",\"inLanguage\":\"da-DK\",\"@id\":\"https:\/\/www.certifiedcosmetics.com\/da\/product\/test-af-effektivitet\/hudtestning\/test-af-kosmetik-til-brug-i-hjemmet-boern-under-3-aar\/#primaryimage\",\"url\":\"https:\/\/www.certifiedcosmetics.com\/wp-content\/uploads\/2026\/03\/in-use-test-children.jpg\",\"contentUrl\":\"https:\/\/www.certifiedcosmetics.com\/wp-content\/uploads\/2026\/03\/in-use-test-children.jpg\",\"width\":800,\"height\":800},{\"@type\":\"BreadcrumbList\",\"@id\":\"https:\/\/www.certifiedcosmetics.com\/da\/product\/test-af-effektivitet\/hudtestning\/test-af-kosmetik-til-brug-i-hjemmet-boern-under-3-aar\/#breadcrumb\",\"itemListElement\":[{\"@type\":\"ListItem\",\"position\":1,\"name\":\"Home\",\"item\":\"https:\/\/www.certifiedcosmetics.com\/da\/vurdering-af-kosmetiske-produkters-sikkerhed\/\"},{\"@type\":\"ListItem\",\"position\":2,\"name\":\"Butik\",\"item\":\"https:\/\/www.certifiedcosmetics.com\/butik\/\"},{\"@type\":\"ListItem\",\"position\":3,\"name\":\"Test af kosmetik til brug i hjemmet B\u00f8rn under 3 \u00e5r\"}]},{\"@type\":\"WebSite\",\"@id\":\"https:\/\/www.certifiedcosmetics.com\/da\/#website\",\"url\":\"https:\/\/www.certifiedcosmetics.com\/da\/\",\"name\":\"Certified Cosmetics\",\"description\":\"Cosmetic Safety Assessment\",\"publisher\":{\"@id\":\"https:\/\/www.certifiedcosmetics.com\/da\/#organization\"},\"potentialAction\":[{\"@type\":\"SearchAction\",\"target\":{\"@type\":\"EntryPoint\",\"urlTemplate\":\"https:\/\/www.certifiedcosmetics.com\/da\/?s={search_term_string}\"},\"query-input\":{\"@type\":\"PropertyValueSpecification\",\"valueRequired\":true,\"valueName\":\"search_term_string\"}}],\"inLanguage\":\"da-DK\"},{\"@type\":\"Organization\",\"@id\":\"https:\/\/www.certifiedcosmetics.com\/da\/#organization\",\"name\":\"Certified Cosmetics\",\"url\":\"https:\/\/www.certifiedcosmetics.com\/da\/\",\"logo\":{\"@type\":\"ImageObject\",\"inLanguage\":\"da-DK\",\"@id\":\"https:\/\/www.certifiedcosmetics.com\/da\/#\/schema\/logo\/image\/\",\"url\":\"https:\/\/www.certifiedcosmetics.com\/wp-content\/uploads\/2024\/12\/logo_certified_cosmetics696.jpg\",\"contentUrl\":\"https:\/\/www.certifiedcosmetics.com\/wp-content\/uploads\/2024\/12\/logo_certified_cosmetics696.jpg\",\"width\":696,\"height\":696,\"caption\":\"Certified Cosmetics\"},\"image\":{\"@id\":\"https:\/\/www.certifiedcosmetics.com\/da\/#\/schema\/logo\/image\/\"},\"description\":\"Your trusted partner for cosmetic product safety reporting. We take care of updating all of your documentation, ensuring your compliance stays current even as regulations evolve. The Cosmetic Product Safety Assessment will give you everything you need to sell specific products to EU consumers.\",\"email\":\"contact@certifiedcosmetics.com\",\"telephone\":\"+31 36 2036384\",\"legalName\":\"Certified Cosmetics\",\"foundingDate\":\"2010-01-01\",\"vatID\":\"NL854189543B01\",\"numberOfEmployees\":{\"@type\":\"QuantitativeValue\",\"minValue\":\"11\",\"maxValue\":\"50\"}}]}<\/script>\n<meta property=\"product:price:amount\" content=\"1316.55\" \/>\n<meta property=\"product:price:currency\" content=\"USD\" \/>\n<meta property=\"og:availability\" content=\"instock\" \/>\n<meta property=\"product:availability\" content=\"instock\" \/>\n<meta property=\"product:condition\" content=\"new\" \/>\n<!-- \/ Yoast SEO Premium plugin. -->","yoast_head_json":{"title":"Test af kosmetik til brug i hjemmet B\u00f8rn under 3 \u00e5r - Certified Cosmetics","description":"Vores kosmetiktest for b\u00f8rn under 3 \u00e5r er specielt designet til at evaluere, hvordan dit produkt klarer sig under virkelige forhold, n\u00e5r det bruges af denne f\u00f8lsomme m\u00e5lgruppe.","robots":{"index":"index","follow":"follow","max-snippet":"max-snippet:-1","max-image-preview":"max-image-preview:large","max-video-preview":"max-video-preview:-1"},"canonical":"https:\/\/www.certifiedcosmetics.com\/da\/product\/test-af-effektivitet\/hudtestning\/test-af-kosmetik-til-brug-i-hjemmet-boern-under-3-aar\/","og_locale":"da_DK","og_type":"article","og_title":"Test af kosmetik til brug i hjemmet B\u00f8rn under 3 \u00e5r","og_description":"Vores kosmetiktest for b\u00f8rn under 3 \u00e5r er specielt designet til at evaluere, hvordan dit produkt klarer sig under virkelige forhold, n\u00e5r det bruges af denne f\u00f8lsomme m\u00e5lgruppe.","og_url":"https:\/\/www.certifiedcosmetics.com\/da\/product\/test-af-effektivitet\/hudtestning\/test-af-kosmetik-til-brug-i-hjemmet-boern-under-3-aar\/","og_site_name":"Certified Cosmetics","og_image":[{"width":800,"height":800,"url":"https:\/\/www.certifiedcosmetics.com\/wp-content\/uploads\/2026\/03\/in-use-test-children.jpg","type":"image\/jpeg"}],"twitter_card":"summary_large_image","twitter_misc":{"Price":"&#36;1 316.55","Availability":"In stock"},"schema":{"@context":"https:\/\/schema.org","@graph":[{"@type":"WebPage","@id":"https:\/\/www.certifiedcosmetics.com\/da\/product\/test-af-effektivitet\/hudtestning\/test-af-kosmetik-til-brug-i-hjemmet-boern-under-3-aar\/","url":"https:\/\/www.certifiedcosmetics.com\/da\/product\/test-af-effektivitet\/hudtestning\/test-af-kosmetik-til-brug-i-hjemmet-boern-under-3-aar\/","name":"Test af kosmetik til brug i hjemmet B\u00f8rn under 3 \u00e5r - Certified Cosmetics","isPartOf":{"@id":"https:\/\/www.certifiedcosmetics.com\/da\/#website"},"primaryImageOfPage":{"@id":"https:\/\/www.certifiedcosmetics.com\/da\/product\/test-af-effektivitet\/hudtestning\/test-af-kosmetik-til-brug-i-hjemmet-boern-under-3-aar\/#primaryimage"},"image":{"@id":"https:\/\/www.certifiedcosmetics.com\/da\/product\/test-af-effektivitet\/hudtestning\/test-af-kosmetik-til-brug-i-hjemmet-boern-under-3-aar\/#primaryimage"},"thumbnailUrl":"https:\/\/www.certifiedcosmetics.com\/wp-content\/uploads\/2026\/03\/in-use-test-children.jpg","datePublished":"2026-03-31T16:47:40+00:00","description":"Vores kosmetiktest for b\u00f8rn under 3 \u00e5r er specielt designet til at evaluere, hvordan dit produkt klarer sig under virkelige forhold, n\u00e5r det bruges af denne f\u00f8lsomme m\u00e5lgruppe.","breadcrumb":{"@id":"https:\/\/www.certifiedcosmetics.com\/da\/product\/test-af-effektivitet\/hudtestning\/test-af-kosmetik-til-brug-i-hjemmet-boern-under-3-aar\/#breadcrumb"},"inLanguage":"da-DK","potentialAction":[{"@type":"ReadAction","target":["https:\/\/www.certifiedcosmetics.com\/da\/product\/test-af-effektivitet\/hudtestning\/test-af-kosmetik-til-brug-i-hjemmet-boern-under-3-aar\/"]}]},{"@type":"ImageObject","inLanguage":"da-DK","@id":"https:\/\/www.certifiedcosmetics.com\/da\/product\/test-af-effektivitet\/hudtestning\/test-af-kosmetik-til-brug-i-hjemmet-boern-under-3-aar\/#primaryimage","url":"https:\/\/www.certifiedcosmetics.com\/wp-content\/uploads\/2026\/03\/in-use-test-children.jpg","contentUrl":"https:\/\/www.certifiedcosmetics.com\/wp-content\/uploads\/2026\/03\/in-use-test-children.jpg","width":800,"height":800},{"@type":"BreadcrumbList","@id":"https:\/\/www.certifiedcosmetics.com\/da\/product\/test-af-effektivitet\/hudtestning\/test-af-kosmetik-til-brug-i-hjemmet-boern-under-3-aar\/#breadcrumb","itemListElement":[{"@type":"ListItem","position":1,"name":"Home","item":"https:\/\/www.certifiedcosmetics.com\/da\/vurdering-af-kosmetiske-produkters-sikkerhed\/"},{"@type":"ListItem","position":2,"name":"Butik","item":"https:\/\/www.certifiedcosmetics.com\/butik\/"},{"@type":"ListItem","position":3,"name":"Test af kosmetik til brug i hjemmet B\u00f8rn under 3 \u00e5r"}]},{"@type":"WebSite","@id":"https:\/\/www.certifiedcosmetics.com\/da\/#website","url":"https:\/\/www.certifiedcosmetics.com\/da\/","name":"Certified Cosmetics","description":"Cosmetic Safety Assessment","publisher":{"@id":"https:\/\/www.certifiedcosmetics.com\/da\/#organization"},"potentialAction":[{"@type":"SearchAction","target":{"@type":"EntryPoint","urlTemplate":"https:\/\/www.certifiedcosmetics.com\/da\/?s={search_term_string}"},"query-input":{"@type":"PropertyValueSpecification","valueRequired":true,"valueName":"search_term_string"}}],"inLanguage":"da-DK"},{"@type":"Organization","@id":"https:\/\/www.certifiedcosmetics.com\/da\/#organization","name":"Certified Cosmetics","url":"https:\/\/www.certifiedcosmetics.com\/da\/","logo":{"@type":"ImageObject","inLanguage":"da-DK","@id":"https:\/\/www.certifiedcosmetics.com\/da\/#\/schema\/logo\/image\/","url":"https:\/\/www.certifiedcosmetics.com\/wp-content\/uploads\/2024\/12\/logo_certified_cosmetics696.jpg","contentUrl":"https:\/\/www.certifiedcosmetics.com\/wp-content\/uploads\/2024\/12\/logo_certified_cosmetics696.jpg","width":696,"height":696,"caption":"Certified Cosmetics"},"image":{"@id":"https:\/\/www.certifiedcosmetics.com\/da\/#\/schema\/logo\/image\/"},"description":"Your trusted partner for cosmetic product safety reporting. We take care of updating all of your documentation, ensuring your compliance stays current even as regulations evolve. The Cosmetic Product Safety Assessment will give you everything you need to sell specific products to EU consumers.","email":"contact@certifiedcosmetics.com","telephone":"+31 36 2036384","legalName":"Certified Cosmetics","foundingDate":"2010-01-01","vatID":"NL854189543B01","numberOfEmployees":{"@type":"QuantitativeValue","minValue":"11","maxValue":"50"}}]},"product_price_amount":"1316.55","product_price_currency":"USD","og_availability":"instock","product_availability":"instock","product_condition":"new"},"_links":{"self":[{"href":"https:\/\/www.certifiedcosmetics.com\/da\/wp-json\/wp\/v2\/product\/17086","targetHints":{"allow":["GET"]}}],"collection":[{"href":"https:\/\/www.certifiedcosmetics.com\/da\/wp-json\/wp\/v2\/product"}],"about":[{"href":"https:\/\/www.certifiedcosmetics.com\/da\/wp-json\/wp\/v2\/types\/product"}],"wp:featuredmedia":[{"embeddable":true,"href":"https:\/\/www.certifiedcosmetics.com\/da\/wp-json\/wp\/v2\/media\/17089"}],"wp:attachment":[{"href":"https:\/\/www.certifiedcosmetics.com\/da\/wp-json\/wp\/v2\/media?parent=17086"}],"wp:term":[{"taxonomy":"product_brand","embeddable":true,"href":"https:\/\/www.certifiedcosmetics.com\/da\/wp-json\/wp\/v2\/product_brand?post=17086"},{"taxonomy":"product_cat","embeddable":true,"href":"https:\/\/www.certifiedcosmetics.com\/da\/wp-json\/wp\/v2\/product_cat?post=17086"},{"taxonomy":"product_tag","embeddable":true,"href":"https:\/\/www.certifiedcosmetics.com\/da\/wp-json\/wp\/v2\/product_tag?post=17086"}],"curies":[{"name":"wp","href":"https:\/\/api.w.org\/{rel}","templated":true}]}}