{"id":17070,"date":"2025-12-30T10:08:12","date_gmt":"2025-12-30T09:08:12","guid":{"rendered":"https:\/\/www.certifiedcosmetics.com\/product\/Ikke kategoriseret\/ekstra-variation-for-eksisterende-pif\/"},"modified":"2025-12-30T10:08:12","modified_gmt":"2025-12-30T09:08:12","slug":"ekstra-variation-for-eksisterende-pif","status":"publish","type":"product","link":"https:\/\/www.certifiedcosmetics.com\/da\/product\/vurdering-af-kosmetisk-sikkerhed\/ekstra-variation-for-eksisterende-pif\/","title":{"rendered":"Ekstra variation for eksisterende PIF"},"content":{"rendered":"<p>Hvis dit produkt har farve- eller duftvariationer, kan du v\u00e6lge denne mulighed. Dette produkt er en del af den kosmetiske vurderingspakke og kan kun k\u00f8bes, hvis vi allerede har oprettet din prim\u00e6re PIF og CPSR. <\/p>\n<h2>Hvad er inkluderet i denne ekstra variant?<\/h2>\n<p>Denne variant er en del af din eksisterende vurdering af Certified Cosmetics. Den best\u00e5r af f\u00f8lgende: <\/p>\n<ul>\n<li>Produktinformationsfil for kosmetik (PIF)\n<ul>\n<li><strong>Del A:<\/strong> Sikkerhedsinformation for kosmetiske produkter &#8211; Indeholder data om produktets ingredienser, stabilitet, mikrobiologiske kvalitet, urenheder og emballage.<\/li>\n<li><strong>Del B:<\/strong> Cosmetic Product Safety Report (CPSR) &#8211; Indeholder sikkerhedsvurdererens konklusioner, advarsler og begrundelser, som sikrer, at produktet er sikkert ved normal brug.<\/li>\n<\/ul>\n<\/li>\n<li>Laboratorieunders\u00f8gelser og resultater<\/li>\n<\/ul>\n<p>Vi tilbyder flere ekstra muligheder, som du kan v\u00e6lge imellem:<\/p>\n<h2>CPNP-meddelelse<\/h2>\n<p>EU&#8217;s CPNP-anmeldelse henviser til processen med at anmelde kosmetiske produkter til Cosmetic Products Notification Portal (CPNP), et centraliseret online anmeldelsessystem, der anvendes i Den Europ\u00e6iske Union (EU). CPNP blev oprettet i henhold til EU&#8217;s kosmetikforordning (forordning (EF) nr. 1223\/2009) og fungerer som et v\u00e6rkt\u00f8j til udveksling af oplysninger om kosmetiske produkter mellem de regulerende myndigheder og de ansvarlige personer, der markedsf\u00f8rer disse produkter. <\/p>\n<h2>Test af stabilitet<\/h2>\n<p>B\u00e5de accelereret<strong data-start=\"151\" data-end=\"184\">stabilitets- og kompatibilitetstest<\/strong> og termisk<strong data-start=\"189\" data-end=\"224\">chokstabilitets- og kompatibilitet<\/strong> stest bruges til at evaluere et produkts modstandsdygtighed over for milj\u00f8belastning og simulere langtids\u00e6ldning under kontrollerede, forh\u00f8jede forhold for at forudsige holdbarheden. Begge metoder evaluerer ogs\u00e5 <strong data-start=\"744\" data-end=\"791\">kompatibiliteten mellem produktet og emballagen<\/strong> for at sikre, at der ikke sker l\u00e6kage, nedbrydning eller interaktion. Den accelererede stabilitetstest varer 95 til 105 dage, mens den termiske chokstabilitetstest varer 50 til 60 dage. <\/p>\n<table class=\"w-fit min-w-(--thread-content-width)\" data-start=\"891\" data-end=\"2044\">\n<thead data-start=\"891\" data-end=\"1017\">\n<tr data-start=\"891\" data-end=\"1017\">\n<th data-start=\"891\" data-end=\"926\" data-col-size=\"sm\">Funktion<\/th>\n<th data-start=\"926\" data-end=\"970\" data-col-size=\"md\">Accelereret stabilitetstestning<\/th>\n<th data-start=\"970\" data-end=\"1017\" data-col-size=\"md\">Stabilitetstest via termiske chok<\/th>\n<\/tr>\n<\/thead>\n<tbody data-start=\"1146\" data-end=\"2044\">\n<tr data-start=\"1146\" data-end=\"1273\">\n<td data-start=\"1146\" data-end=\"1181\" data-col-size=\"sm\"><strong data-start=\"1148\" data-end=\"1159\">Form\u00e5l<\/strong><\/td>\n<td data-col-size=\"md\" data-start=\"1181\" data-end=\"1225\">Simulering af langtids\u00e6ldning og stabilitet<\/td>\n<td data-col-size=\"md\" data-start=\"1225\" data-end=\"1273\">Simulering af langtids\u00e6ldning og stabilitet<\/td>\n<\/tr>\n<tr data-start=\"1274\" data-end=\"1403\">\n<td data-start=\"1274\" data-end=\"1309\" data-col-size=\"sm\"><strong data-start=\"1276\" data-end=\"1299\">Temperaturprofil<\/strong><\/td>\n<td data-col-size=\"md\" data-start=\"1309\" data-end=\"1354\">Konstant forh\u00f8jet temperatur (f.eks. 4\u00b0C25\u00b0C45\u00b0C)<\/td>\n<td data-col-size=\"md\" data-start=\"1354\" data-end=\"1403\">Skiftende ekstremer (-15 \u00b0C \u00b1 2 \u00b0C; +20 \u00b0C \u00b1 2 \u00b0C; +45 \u00b0C \u00b1 2 \u00b0C)<\/td>\n<\/tr>\n<tr data-start=\"1404\" data-end=\"1531\">\n<td data-start=\"1404\" data-end=\"1439\" data-col-size=\"sm\"><strong data-start=\"1406\" data-end=\"1418\">Varighed<\/strong><\/td>\n<td data-col-size=\"md\" data-start=\"1439\" data-end=\"1483\">95 til 105 dage<\/td>\n<td data-col-size=\"md\" data-start=\"1483\" data-end=\"1531\">50 til 60 dage<\/td>\n<\/tr>\n<tr data-start=\"1532\" data-end=\"1659\">\n<td data-start=\"1532\" data-end=\"1567\" data-col-size=\"sm\"><strong data-start=\"1534\" data-end=\"1551\">Simulering af<\/strong><\/td>\n<td data-col-size=\"md\" data-start=\"1567\" data-end=\"1611\">Tid og aldring<\/td>\n<td data-col-size=\"md\" data-start=\"1611\" data-end=\"1659\">Tid og aldring, transport eller hurtig klimaeksponering<\/td>\n<\/tr>\n<tr data-start=\"1660\" data-end=\"1787\">\n<td data-start=\"1660\" data-end=\"1695\" data-col-size=\"sm\"><strong data-start=\"1662\" data-end=\"1686\">Typiske observationer<\/strong><\/td>\n<td data-col-size=\"md\" data-start=\"1695\" data-end=\"1739\">Udseende, lugt, farve, pH, massefylde, viskositet<\/td>\n<td data-col-size=\"md\" data-start=\"1739\" data-end=\"1787\">Udseende, lugt, farve, pH, massefylde, viskositet<\/td>\n<\/tr>\n<tr data-start=\"1788\" data-end=\"1916\">\n<td data-start=\"1788\" data-end=\"1823\" data-col-size=\"sm\"><strong data-start=\"1790\" data-end=\"1812\">Kompatibilitetstest<\/strong><\/td>\n<td data-col-size=\"md\" data-start=\"1823\" data-end=\"1868\">Evaluerer samspillet mellem produkt og emballage<\/td>\n<td data-col-size=\"md\" data-start=\"1868\" data-end=\"1916\">Evaluerer samspillet mellem produkt og emballage<\/td>\n<\/tr>\n<\/tbody>\n<\/table>\n<h2>Test af produktspecifikationer<\/h2>\n<p>De fysisk-kemiske parametre i et produkt, s\u00e5som <strong>pH, viskositet, densitet og farve,<\/strong> spiller en vigtig rolle i sikkerhedsvurderingen af et produkt. For at f\u00e5 en detaljeret produktspecifikationsrapport til udf\u00f8relse af en sikkerhedsvurdering kr\u00e6ves der forskellige fysisk-kemiske laboratorietests. Disse tests giver oplysninger om produktets egenskaber og bruges til at vurdere produktets stabilitet, sikkerhed og egnethed. <\/p>\n","protected":false},"excerpt":{"rendered":"<p>Hvis dit produkt har farve- eller duftvariationer, kan du v\u00e6lge denne mulighed. Dette produkt er en del af den kosmetiske vurderingspakke og kan kun k\u00f8bes, hvis vi allerede har oprettet din prim\u00e6re PIF og CPSR. Hvad er inkluderet i denne ekstra variant? Denne variant er en del af din eksisterende vurdering af Certified Cosmetics. Den&#8230;<\/p>\n","protected":false},"featured_media":17075,"template":"","meta":[],"product_brand":[],"product_cat":[1871],"product_tag":[],"class_list":{"0":"post-17070","1":"product","2":"type-product","3":"status-publish","4":"has-post-thumbnail","6":"product_cat-vurdering-af-kosmetisk-sikkerhed","8":"first","9":"instock","10":"virtual","11":"taxable","12":"product-type-bundle"},"bundled_by":[],"bundle_stock_status":"instock","bundle_stock_quantity":"","bundle_virtual":false,"bundle_layout":"default","bundle_add_to_cart_form_location":"default","bundle_editable_in_cart":false,"bundle_sold_individually_context":"product","bundle_item_grouping":"parent","bundle_min_size":"","bundle_max_size":"","bundle_price":{"price":{"min":{"incl_tax":"70.8","excl_tax":"58.51"},"max":{"incl_tax":"70.8","excl_tax":"58.51"}},"regular_price":{"min":{"incl_tax":"70.8","excl_tax":"58.51"},"max":{"incl_tax":"70.8","excl_tax":"58.51"}}},"bundled_items":[],"bundle_sell_ids":[],"yoast_head":"<!-- This site is optimized with the Yoast SEO Premium plugin v25.4 (Yoast SEO v25.4) - https:\/\/yoast.com\/wordpress\/plugins\/seo\/ -->\n<title>Ekstra variation for eksisterende PIF - Certified Cosmetics<\/title>\n<meta name=\"robots\" content=\"index, follow, max-snippet:-1, max-image-preview:large, max-video-preview:-1\" \/>\n<link rel=\"canonical\" href=\"https:\/\/www.certifiedcosmetics.com\/da\/product\/vurdering-af-kosmetisk-sikkerhed\/ekstra-variation-for-eksisterende-pif\/\" \/>\n<meta property=\"og:locale\" content=\"da_DK\" \/>\n<meta property=\"og:type\" content=\"article\" \/>\n<meta property=\"og:title\" content=\"Ekstra variation for eksisterende PIF\" \/>\n<meta property=\"og:description\" content=\"Hvis dit produkt har farve- eller duftvariationer, kan du v\u00e6lge denne mulighed. Dette produkt er en del af den kosmetiske vurderingspakke og kan kun k\u00f8bes, hvis vi allerede har oprettet din prim\u00e6re PIF og CPSR. Hvad er inkluderet i denne ekstra variant? Denne variant er en del af din eksisterende vurdering af Certified Cosmetics. Den...\" \/>\n<meta property=\"og:url\" content=\"https:\/\/www.certifiedcosmetics.com\/da\/product\/vurdering-af-kosmetisk-sikkerhed\/ekstra-variation-for-eksisterende-pif\/\" \/>\n<meta property=\"og:site_name\" content=\"Certified Cosmetics\" \/>\n<meta property=\"og:image\" content=\"https:\/\/www.certifiedcosmetics.com\/wp-content\/uploads\/2025\/12\/Cosmetics-Compliance-Greece.jpg\" \/>\n\t<meta property=\"og:image:width\" content=\"800\" \/>\n\t<meta property=\"og:image:height\" content=\"800\" \/>\n\t<meta property=\"og:image:type\" content=\"image\/jpeg\" \/>\n<meta name=\"twitter:card\" content=\"summary_large_image\" \/>\n<meta name=\"twitter:label1\" content=\"Price\" \/>\n\t<meta name=\"twitter:data1\" content=\"&#036;58.51\" \/>\n\t<meta name=\"twitter:label2\" content=\"Availability\" \/>\n\t<meta name=\"twitter:data2\" content=\"In stock\" \/>\n<script type=\"application\/ld+json\" class=\"yoast-schema-graph\">{\"@context\":\"https:\/\/schema.org\",\"@graph\":[{\"@type\":\"WebPage\",\"@id\":\"https:\/\/www.certifiedcosmetics.com\/da\/product\/vurdering-af-kosmetisk-sikkerhed\/ekstra-variation-for-eksisterende-pif\/\",\"url\":\"https:\/\/www.certifiedcosmetics.com\/da\/product\/vurdering-af-kosmetisk-sikkerhed\/ekstra-variation-for-eksisterende-pif\/\",\"name\":\"Ekstra variation for eksisterende PIF - Certified Cosmetics\",\"isPartOf\":{\"@id\":\"https:\/\/www.certifiedcosmetics.com\/da\/#website\"},\"primaryImageOfPage\":{\"@id\":\"https:\/\/www.certifiedcosmetics.com\/da\/product\/vurdering-af-kosmetisk-sikkerhed\/ekstra-variation-for-eksisterende-pif\/#primaryimage\"},\"image\":{\"@id\":\"https:\/\/www.certifiedcosmetics.com\/da\/product\/vurdering-af-kosmetisk-sikkerhed\/ekstra-variation-for-eksisterende-pif\/#primaryimage\"},\"thumbnailUrl\":\"https:\/\/www.certifiedcosmetics.com\/wp-content\/uploads\/2025\/12\/Cosmetics-Compliance-Greece.jpg\",\"datePublished\":\"2025-12-30T09:08:12+00:00\",\"breadcrumb\":{\"@id\":\"https:\/\/www.certifiedcosmetics.com\/da\/product\/vurdering-af-kosmetisk-sikkerhed\/ekstra-variation-for-eksisterende-pif\/#breadcrumb\"},\"inLanguage\":\"da-DK\",\"potentialAction\":[{\"@type\":\"ReadAction\",\"target\":[\"https:\/\/www.certifiedcosmetics.com\/da\/product\/vurdering-af-kosmetisk-sikkerhed\/ekstra-variation-for-eksisterende-pif\/\"]}]},{\"@type\":\"ImageObject\",\"inLanguage\":\"da-DK\",\"@id\":\"https:\/\/www.certifiedcosmetics.com\/da\/product\/vurdering-af-kosmetisk-sikkerhed\/ekstra-variation-for-eksisterende-pif\/#primaryimage\",\"url\":\"https:\/\/www.certifiedcosmetics.com\/wp-content\/uploads\/2025\/12\/Cosmetics-Compliance-Greece.jpg\",\"contentUrl\":\"https:\/\/www.certifiedcosmetics.com\/wp-content\/uploads\/2025\/12\/Cosmetics-Compliance-Greece.jpg\",\"width\":800,\"height\":800,\"caption\":\"Cosmetics Compliance Greece\"},{\"@type\":\"BreadcrumbList\",\"@id\":\"https:\/\/www.certifiedcosmetics.com\/da\/product\/vurdering-af-kosmetisk-sikkerhed\/ekstra-variation-for-eksisterende-pif\/#breadcrumb\",\"itemListElement\":[{\"@type\":\"ListItem\",\"position\":1,\"name\":\"Home\",\"item\":\"https:\/\/www.certifiedcosmetics.com\/da\/vurdering-af-kosmetiske-produkters-sikkerhed\/\"},{\"@type\":\"ListItem\",\"position\":2,\"name\":\"Butik\",\"item\":\"https:\/\/www.certifiedcosmetics.com\/butik\/\"},{\"@type\":\"ListItem\",\"position\":3,\"name\":\"Ekstra variation for eksisterende PIF\"}]},{\"@type\":\"WebSite\",\"@id\":\"https:\/\/www.certifiedcosmetics.com\/da\/#website\",\"url\":\"https:\/\/www.certifiedcosmetics.com\/da\/\",\"name\":\"Certified Cosmetics\",\"description\":\"Cosmetic Safety Assessment\",\"publisher\":{\"@id\":\"https:\/\/www.certifiedcosmetics.com\/da\/#organization\"},\"potentialAction\":[{\"@type\":\"SearchAction\",\"target\":{\"@type\":\"EntryPoint\",\"urlTemplate\":\"https:\/\/www.certifiedcosmetics.com\/da\/?s={search_term_string}\"},\"query-input\":{\"@type\":\"PropertyValueSpecification\",\"valueRequired\":true,\"valueName\":\"search_term_string\"}}],\"inLanguage\":\"da-DK\"},{\"@type\":\"Organization\",\"@id\":\"https:\/\/www.certifiedcosmetics.com\/da\/#organization\",\"name\":\"Certified Cosmetics\",\"url\":\"https:\/\/www.certifiedcosmetics.com\/da\/\",\"logo\":{\"@type\":\"ImageObject\",\"inLanguage\":\"da-DK\",\"@id\":\"https:\/\/www.certifiedcosmetics.com\/da\/#\/schema\/logo\/image\/\",\"url\":\"https:\/\/www.certifiedcosmetics.com\/wp-content\/uploads\/2024\/12\/logo_certified_cosmetics696.jpg\",\"contentUrl\":\"https:\/\/www.certifiedcosmetics.com\/wp-content\/uploads\/2024\/12\/logo_certified_cosmetics696.jpg\",\"width\":696,\"height\":696,\"caption\":\"Certified Cosmetics\"},\"image\":{\"@id\":\"https:\/\/www.certifiedcosmetics.com\/da\/#\/schema\/logo\/image\/\"},\"description\":\"Your trusted partner for cosmetic product safety reporting. We take care of updating all of your documentation, ensuring your compliance stays current even as regulations evolve. The Cosmetic Product Safety Assessment will give you everything you need to sell specific products to EU consumers.\",\"email\":\"contact@certifiedcosmetics.com\",\"telephone\":\"+31 36 2036384\",\"legalName\":\"Certified Cosmetics\",\"foundingDate\":\"2010-01-01\",\"vatID\":\"NL854189543B01\",\"numberOfEmployees\":{\"@type\":\"QuantitativeValue\",\"minValue\":\"11\",\"maxValue\":\"50\"}}]}<\/script>\n<meta property=\"product:price:amount\" content=\"58.51\" \/>\n<meta property=\"product:price:currency\" content=\"USD\" \/>\n<meta property=\"og:availability\" content=\"instock\" \/>\n<meta property=\"product:availability\" content=\"instock\" \/>\n<meta property=\"product:retailer_item_id\" content=\"CC100061\" \/>\n<meta property=\"product:condition\" content=\"new\" \/>\n<!-- \/ Yoast SEO Premium plugin. -->","yoast_head_json":{"title":"Ekstra variation for eksisterende PIF - Certified Cosmetics","robots":{"index":"index","follow":"follow","max-snippet":"max-snippet:-1","max-image-preview":"max-image-preview:large","max-video-preview":"max-video-preview:-1"},"canonical":"https:\/\/www.certifiedcosmetics.com\/da\/product\/vurdering-af-kosmetisk-sikkerhed\/ekstra-variation-for-eksisterende-pif\/","og_locale":"da_DK","og_type":"article","og_title":"Ekstra variation for eksisterende PIF","og_description":"Hvis dit produkt har farve- eller duftvariationer, kan du v\u00e6lge denne mulighed. Dette produkt er en del af den kosmetiske vurderingspakke og kan kun k\u00f8bes, hvis vi allerede har oprettet din prim\u00e6re PIF og CPSR. Hvad er inkluderet i denne ekstra variant? Denne variant er en del af din eksisterende vurdering af Certified Cosmetics. Den...","og_url":"https:\/\/www.certifiedcosmetics.com\/da\/product\/vurdering-af-kosmetisk-sikkerhed\/ekstra-variation-for-eksisterende-pif\/","og_site_name":"Certified Cosmetics","og_image":[{"width":800,"height":800,"url":"https:\/\/www.certifiedcosmetics.com\/wp-content\/uploads\/2025\/12\/Cosmetics-Compliance-Greece.jpg","type":"image\/jpeg"}],"twitter_card":"summary_large_image","twitter_misc":{"Price":"&#36;58.51","Availability":"In stock"},"schema":{"@context":"https:\/\/schema.org","@graph":[{"@type":"WebPage","@id":"https:\/\/www.certifiedcosmetics.com\/da\/product\/vurdering-af-kosmetisk-sikkerhed\/ekstra-variation-for-eksisterende-pif\/","url":"https:\/\/www.certifiedcosmetics.com\/da\/product\/vurdering-af-kosmetisk-sikkerhed\/ekstra-variation-for-eksisterende-pif\/","name":"Ekstra variation for eksisterende PIF - Certified Cosmetics","isPartOf":{"@id":"https:\/\/www.certifiedcosmetics.com\/da\/#website"},"primaryImageOfPage":{"@id":"https:\/\/www.certifiedcosmetics.com\/da\/product\/vurdering-af-kosmetisk-sikkerhed\/ekstra-variation-for-eksisterende-pif\/#primaryimage"},"image":{"@id":"https:\/\/www.certifiedcosmetics.com\/da\/product\/vurdering-af-kosmetisk-sikkerhed\/ekstra-variation-for-eksisterende-pif\/#primaryimage"},"thumbnailUrl":"https:\/\/www.certifiedcosmetics.com\/wp-content\/uploads\/2025\/12\/Cosmetics-Compliance-Greece.jpg","datePublished":"2025-12-30T09:08:12+00:00","breadcrumb":{"@id":"https:\/\/www.certifiedcosmetics.com\/da\/product\/vurdering-af-kosmetisk-sikkerhed\/ekstra-variation-for-eksisterende-pif\/#breadcrumb"},"inLanguage":"da-DK","potentialAction":[{"@type":"ReadAction","target":["https:\/\/www.certifiedcosmetics.com\/da\/product\/vurdering-af-kosmetisk-sikkerhed\/ekstra-variation-for-eksisterende-pif\/"]}]},{"@type":"ImageObject","inLanguage":"da-DK","@id":"https:\/\/www.certifiedcosmetics.com\/da\/product\/vurdering-af-kosmetisk-sikkerhed\/ekstra-variation-for-eksisterende-pif\/#primaryimage","url":"https:\/\/www.certifiedcosmetics.com\/wp-content\/uploads\/2025\/12\/Cosmetics-Compliance-Greece.jpg","contentUrl":"https:\/\/www.certifiedcosmetics.com\/wp-content\/uploads\/2025\/12\/Cosmetics-Compliance-Greece.jpg","width":800,"height":800,"caption":"Cosmetics Compliance Greece"},{"@type":"BreadcrumbList","@id":"https:\/\/www.certifiedcosmetics.com\/da\/product\/vurdering-af-kosmetisk-sikkerhed\/ekstra-variation-for-eksisterende-pif\/#breadcrumb","itemListElement":[{"@type":"ListItem","position":1,"name":"Home","item":"https:\/\/www.certifiedcosmetics.com\/da\/vurdering-af-kosmetiske-produkters-sikkerhed\/"},{"@type":"ListItem","position":2,"name":"Butik","item":"https:\/\/www.certifiedcosmetics.com\/butik\/"},{"@type":"ListItem","position":3,"name":"Ekstra variation for eksisterende PIF"}]},{"@type":"WebSite","@id":"https:\/\/www.certifiedcosmetics.com\/da\/#website","url":"https:\/\/www.certifiedcosmetics.com\/da\/","name":"Certified Cosmetics","description":"Cosmetic Safety Assessment","publisher":{"@id":"https:\/\/www.certifiedcosmetics.com\/da\/#organization"},"potentialAction":[{"@type":"SearchAction","target":{"@type":"EntryPoint","urlTemplate":"https:\/\/www.certifiedcosmetics.com\/da\/?s={search_term_string}"},"query-input":{"@type":"PropertyValueSpecification","valueRequired":true,"valueName":"search_term_string"}}],"inLanguage":"da-DK"},{"@type":"Organization","@id":"https:\/\/www.certifiedcosmetics.com\/da\/#organization","name":"Certified Cosmetics","url":"https:\/\/www.certifiedcosmetics.com\/da\/","logo":{"@type":"ImageObject","inLanguage":"da-DK","@id":"https:\/\/www.certifiedcosmetics.com\/da\/#\/schema\/logo\/image\/","url":"https:\/\/www.certifiedcosmetics.com\/wp-content\/uploads\/2024\/12\/logo_certified_cosmetics696.jpg","contentUrl":"https:\/\/www.certifiedcosmetics.com\/wp-content\/uploads\/2024\/12\/logo_certified_cosmetics696.jpg","width":696,"height":696,"caption":"Certified Cosmetics"},"image":{"@id":"https:\/\/www.certifiedcosmetics.com\/da\/#\/schema\/logo\/image\/"},"description":"Your trusted partner for cosmetic product safety reporting. We take care of updating all of your documentation, ensuring your compliance stays current even as regulations evolve. The Cosmetic Product Safety Assessment will give you everything you need to sell specific products to EU consumers.","email":"contact@certifiedcosmetics.com","telephone":"+31 36 2036384","legalName":"Certified Cosmetics","foundingDate":"2010-01-01","vatID":"NL854189543B01","numberOfEmployees":{"@type":"QuantitativeValue","minValue":"11","maxValue":"50"}}]},"product_price_amount":"58.51","product_price_currency":"USD","og_availability":"instock","product_availability":"instock","product_retailer_item_id":"CC100061","product_condition":"new"},"_links":{"self":[{"href":"https:\/\/www.certifiedcosmetics.com\/da\/wp-json\/wp\/v2\/product\/17070","targetHints":{"allow":["GET"]}}],"collection":[{"href":"https:\/\/www.certifiedcosmetics.com\/da\/wp-json\/wp\/v2\/product"}],"about":[{"href":"https:\/\/www.certifiedcosmetics.com\/da\/wp-json\/wp\/v2\/types\/product"}],"wp:featuredmedia":[{"embeddable":true,"href":"https:\/\/www.certifiedcosmetics.com\/da\/wp-json\/wp\/v2\/media\/17075"}],"wp:attachment":[{"href":"https:\/\/www.certifiedcosmetics.com\/da\/wp-json\/wp\/v2\/media?parent=17070"}],"wp:term":[{"taxonomy":"product_brand","embeddable":true,"href":"https:\/\/www.certifiedcosmetics.com\/da\/wp-json\/wp\/v2\/product_brand?post=17070"},{"taxonomy":"product_cat","embeddable":true,"href":"https:\/\/www.certifiedcosmetics.com\/da\/wp-json\/wp\/v2\/product_cat?post=17070"},{"taxonomy":"product_tag","embeddable":true,"href":"https:\/\/www.certifiedcosmetics.com\/da\/wp-json\/wp\/v2\/product_tag?post=17070"}],"curies":[{"name":"wp","href":"https:\/\/api.w.org\/{rel}","templated":true}]}}