{"id":17059,"date":"2025-12-09T10:29:52","date_gmt":"2025-12-09T09:29:52","guid":{"rendered":"https:\/\/www.certifiedcosmetics.com\/product\/Ikke kategoriseret\/pif-og-cpsr\/"},"modified":"2025-12-09T10:29:52","modified_gmt":"2025-12-09T09:29:52","slug":"pif-og-cpsr","status":"publish","type":"product","link":"https:\/\/www.certifiedcosmetics.com\/da\/product\/vurdering-af-kosmetisk-sikkerhed\/pif-og-cpsr\/","title":{"rendered":"PIF og CPSR"},"content":{"rendered":"<p>Cosmetic Product Information File (PIF) er et omfattende dokument, der fungerer som en central database med oplysninger om et kosmetisk produkt. Det er et obligatorisk krav i henhold til Den Europ\u00e6iske Unions (EU) kosmetikforordning (forordning (EF) nr. 1223\/2009). Form\u00e5let med PIF er at give de kompetente myndigheder adgang til vigtige oplysninger om et kosmetisk produkt og dets sikkerhedsvurdering.  <\/p>\n<p>Denne pakke vil give :<\/p>\n<ul>\n<li>Fil med produktoplysninger (PIF)<\/li>\n<li>Vurdering af sikkerhed (CPSR)<\/li>\n<li>Gennemgang af kosmetiske etiketter<\/li>\n<li>CPNP<\/li>\n<\/ul>\n<p>Alle n\u00f8dvendige laboratorietestresultater b\u00f8r v\u00e6re tilg\u00e6ngelige for denne pakke. Hvis der ikke er foretaget nogen laboratorietest, skal du bruge vores pakke med laboratorietest inkluderet: <\/p>\n<ul>\n<li><a href=\"https:\/\/www.certifiedcosmetics.com\/da\/product\/vurdering-af-kosmetisk-sikkerhed\/vurdering-af-kosmetiske-produkters-sikkerhed\/\">Vurdering af kosmetiske produkters sikkerhed<\/a><\/li>\n<li><a href=\"https:\/\/www.certifiedcosmetics.com\/da\/product\/vurdering-af-kosmetisk-sikkerhed\/fuld-sikkerhedsvurdering-af-kosmetiske-produkter\/\">Fuld sikkerhedsvurdering af kosmetiske produkter<\/a><\/li>\n<\/ul>\n<h2>S\u00e5dan fungerer processen<\/h2>\n<ol>\n<li><strong>Bestil din assessment<\/strong><br \/>\nK\u00f8b denne pakke og gennemf\u00f8r k\u00f8bet p\u00e5 vores hjemmeside.<\/li>\n<li><strong>Modtag sikker adgang<\/strong><br \/>\nEfter k\u00f8bet modtager du loginoplysninger til vores sikre portal.<\/li>\n<li><strong>Udfyld indgangsformularen<\/strong><br \/>\nAngiv dine produktoplysninger, og upload tilg\u00e6ngelig dokumentation.<\/li>\n<li><strong>Modtag din PIF<\/strong><br \/>\nVores sikkerhedsassessor forbereder din Product Information File (PIF), herunder del I, II og III.<\/li>\n<li><strong>CPNP Notification<\/strong><br \/>\nVi h\u00e5ndterer EU-registreringen for dig og leverer den komplette dokumentation.<\/li>\n<\/ol>\n<div>Her er en oversigt over den n\u00f8dvendige ingrediensdokumentation, som du kan f\u00e5 hos dine r\u00e5vareleverand\u00f8rer &#8211; <a href=\"https:\/\/www.certifiedcosmetics.com\/blog\/pif-documentation\/documentation-overview-for-a-safety-assessment\/\" target=\"_blank\" rel=\"noopener\">ingrediensdokumentation<\/a><\/div>\n<div>Her er en oversigt over de oplysninger, der skal st\u00e5 p\u00e5 produktetiketten &#8211; <a href=\"https:\/\/www.certifiedcosmetics.com\/blog\/cosmetic-product-labelling\/how-prepare-cosmetic-product-label\/\" target=\"_blank\" rel=\"noopener\">krav til kosmetiske produktetiketter<\/a><\/div>\n<h2>Muligheder for at revidere etiketter<\/h2>\n<h4><strong>1. Gennemgang af standardm\u00e6rker<\/strong><\/h4>\n<p>Denne mulighed er perfekt til brands, der \u00f8nsker en <strong>hurtig gennemgang af lovgivningen<\/strong> for at sikre, at deres etiketter opfylder de grundl\u00e6ggende standarder for den eller de \u00f8nskede regioner.<\/p>\n<p>Hvad der er inkluderet:<\/p>\n<ul>\n<li>Evaluering af <strong>obligatorisk forbrugerinformation<\/strong> p\u00e5 prim\u00e6retiketten, sekund\u00e6retiketten og indl\u00e6gssedlen.<\/li>\n<li>Gennemgang af <strong>markedsf\u00f8ringskommunikation<\/strong> for at sikre, at p\u00e5stande er i overensstemmelse med lovkrav.<\/li>\n<\/ul>\n<h4><strong>2. Udvidet gennemgang af etiketter<\/strong><\/h4>\n<p>Vores <strong>Global Label Review<\/strong> er en omfattende l\u00f8sning, der er designet til brands, som \u00f8nsker at perfektionere deres labels til internationale markeder.<\/p>\n<p>Hvad der er inkluderet:<\/p>\n<ul>\n<li>Alt i <strong>Standard Review<\/strong>, plus:\n<ul>\n<li>Validering af tests, der bruges til at underbygge p\u00e5stande.<\/li>\n<li><strong>Avancerede anbefalinger<\/strong> til opdatering af problematiske krav, samtidig med at deres oprindelige hensigt bevares.<\/li>\n<li>Udarbejdelse af <strong>ingredienslisten<\/strong> i det kr\u00e6vede format for hvert land.<\/li>\n<li>Verifikation af <strong>advarsler<\/strong> og <strong>brugsanvisninger<\/strong>, s\u00e5 de stemmer overens med reglerne.<\/li>\n<\/ul>\n<\/li>\n<\/ul>\n<h2>Hvad er en kosmetisk produktinformationsfil (PIF)?<\/h2>\n<div>Her er de vigtigste elementer, der typisk findes i en kosmetisk produktinformationsfil (PIF):<\/div>\n<ol>\n<li><strong>Oplysninger om produktet:<\/strong> Dette afsnit indeholder detaljer som produktnavn, kategori og tilsigtet brug. Det specificerer ogs\u00e5 navn og adresse p\u00e5 den ansvarlige person &#8211; den enhed eller person, der er ansvarlig for at markedsf\u00f8re det kosmetiske produkt. <\/li>\n<li><strong>Sikkerhedsrapport for kosmetiske produkter (CPSR):<\/strong> PIF indeholder den fulde Cosmetic Product Safety Report, som er en omfattende vurdering af det kosmetiske produkts sikkerhed. CPSR indeholder oplysninger om produktets sammens\u00e6tning, eksponeringsvurdering, toksikologiske profil, sikkerhedsvurdering og andre relevante detaljer. <\/li>\n<li><strong>Fremstillingsmetode:<\/strong> Oplysninger om fremstillingsprocessen, herunder detaljer om faciliteter, udstyr og kvalitetskontrolforanstaltninger, gives i dette afsnit.<\/li>\n<li><strong>Overholdelse af god fremstillingspraksis (GMP):<\/strong> PIF indeholder dokumentation, der viser, at det kosmetiske produkt er fremstillet i overensstemmelse med god fremstillingspraksis for at sikre dets sikkerhed og kvalitet.<\/li>\n<li><strong>Data om dyrefors\u00f8g:<\/strong> Detaljer om eventuelle dyrefors\u00f8g, der er udf\u00f8rt p\u00e5 det kosmetiske produkt eller dets ingredienser, herunder begrundelser for s\u00e5danne fors\u00f8g, er inkluderet i PIF. Det er dog vigtigt at bem\u00e6rke, at dyrefors\u00f8g med kosmetik er forbudt i EU, og at der opfordres til alternative testmetoder. <\/li>\n<li><strong>Stabilitetsdata:<\/strong> Oplysninger om det kosmetiske produkts stabilitet under forskellige forhold (f.eks. temperatur, lys) er inkluderet for at sikre, at produktet forbliver sikkert og effektivt i hele dets holdbarhedsperiode.<\/li>\n<li><strong>Oplysninger om m\u00e6rkning:<\/strong> PIF&#8217;en indeholder detaljer om m\u00e6rkningen af det kosmetiske produkt og sikrer, at det overholder de relevante m\u00e6rkningskrav, der er beskrevet i EU&#8217;s kosmetikforordning.<\/li>\n<\/ol>\n<p>PIF er et fortroligt dokument, og dets tilg\u00e6ngelighed er afg\u00f8rende for overholdelse af lovgivningen og markedsoverv\u00e5gning. Den ansvarlige person skal holde PIF&#8217;en opdateret og tilg\u00e6ngelig for de kompetente myndigheder i en periode p\u00e5 10 \u00e5r efter, at den sidste batch af det kosmetiske produkt er blevet markedsf\u00f8rt. PIF&#8217;en giver et omfattende overblik over det kosmetiske produkts sikkerhed og overholdelse af de lovgivningsm\u00e6ssige krav.  <\/p>\n","protected":false},"excerpt":{"rendered":"<p>Cosmetic Product Information File (PIF) er et omfattende dokument, der fungerer som en central database med oplysninger om et kosmetisk produkt. Det er et obligatorisk krav i henhold til Den Europ\u00e6iske Unions (EU) kosmetikforordning (forordning (EF) nr. 1223\/2009). Form\u00e5let med PIF er at give de kompetente myndigheder adgang til vigtige oplysninger om et kosmetisk produkt&#8230;<\/p>\n","protected":false},"featured_media":17062,"template":"","meta":[],"product_brand":[],"product_cat":[1871],"product_tag":[],"class_list":{"0":"post-17059","1":"product","2":"type-product","3":"status-publish","4":"has-post-thumbnail","6":"product_cat-vurdering-af-kosmetisk-sikkerhed","8":"first","9":"instock","10":"virtual","11":"taxable","12":"product-type-bundle"},"bundled_by":[],"bundle_stock_status":"instock","bundle_stock_quantity":"","bundle_virtual":false,"bundle_layout":"default","bundle_add_to_cart_form_location":"default","bundle_editable_in_cart":false,"bundle_sold_individually_context":"product","bundle_item_grouping":"parent","bundle_min_size":"","bundle_max_size":"","bundle_price":{"price":{"min":{"incl_tax":"","excl_tax":""},"max":{"incl_tax":"","excl_tax":""}},"regular_price":{"min":{"incl_tax":"","excl_tax":""},"max":{"incl_tax":"","excl_tax":""}}},"bundled_items":[],"bundle_sell_ids":[],"yoast_head":"<!-- This site is optimized with the Yoast SEO Premium plugin v25.4 (Yoast SEO v25.4) - https:\/\/yoast.com\/wordpress\/plugins\/seo\/ -->\n<title>PIF og CPSR - Certified Cosmetics<\/title>\n<meta name=\"description\" content=\"Opdag det v\u00e6sentlige i pif og cpsr til din virksomheds behov. L\u00e6r, hvordan disse elementer kan \u00f8ge din succes i dag!\" \/>\n<meta name=\"robots\" content=\"index, follow, max-snippet:-1, max-image-preview:large, max-video-preview:-1\" \/>\n<link rel=\"canonical\" href=\"https:\/\/www.certifiedcosmetics.com\/da\/product\/vurdering-af-kosmetisk-sikkerhed\/pif-og-cpsr\/\" \/>\n<meta property=\"og:locale\" content=\"da_DK\" \/>\n<meta property=\"og:type\" content=\"article\" \/>\n<meta property=\"og:title\" content=\"PIF og CPSR\" \/>\n<meta property=\"og:description\" content=\"Opdag det v\u00e6sentlige i pif og cpsr til din virksomheds behov. L\u00e6r, hvordan disse elementer kan \u00f8ge din succes i dag!\" \/>\n<meta property=\"og:url\" content=\"https:\/\/www.certifiedcosmetics.com\/da\/product\/vurdering-af-kosmetisk-sikkerhed\/pif-og-cpsr\/\" \/>\n<meta property=\"og:site_name\" content=\"Certified Cosmetics\" \/>\n<meta property=\"og:image\" content=\"https:\/\/www.certifiedcosmetics.com\/wp-content\/uploads\/2025\/10\/ifra-documentation.jpg\" \/>\n\t<meta property=\"og:image:width\" content=\"800\" \/>\n\t<meta property=\"og:image:height\" content=\"800\" \/>\n\t<meta property=\"og:image:type\" content=\"image\/jpeg\" \/>\n<meta name=\"twitter:card\" content=\"summary_large_image\" \/>\n<meta name=\"twitter:label1\" content=\"Price\" \/>\n\t<meta name=\"twitter:data1\" content=\"\" \/>\n\t<meta name=\"twitter:label2\" content=\"Availability\" \/>\n\t<meta name=\"twitter:data2\" content=\"In stock\" \/>\n<script type=\"application\/ld+json\" class=\"yoast-schema-graph\">{\"@context\":\"https:\/\/schema.org\",\"@graph\":[{\"@type\":\"WebPage\",\"@id\":\"https:\/\/www.certifiedcosmetics.com\/da\/product\/vurdering-af-kosmetisk-sikkerhed\/pif-og-cpsr\/\",\"url\":\"https:\/\/www.certifiedcosmetics.com\/da\/product\/vurdering-af-kosmetisk-sikkerhed\/pif-og-cpsr\/\",\"name\":\"PIF og CPSR - Certified Cosmetics\",\"isPartOf\":{\"@id\":\"https:\/\/www.certifiedcosmetics.com\/da\/#website\"},\"primaryImageOfPage\":{\"@id\":\"https:\/\/www.certifiedcosmetics.com\/da\/product\/vurdering-af-kosmetisk-sikkerhed\/pif-og-cpsr\/#primaryimage\"},\"image\":{\"@id\":\"https:\/\/www.certifiedcosmetics.com\/da\/product\/vurdering-af-kosmetisk-sikkerhed\/pif-og-cpsr\/#primaryimage\"},\"thumbnailUrl\":\"https:\/\/www.certifiedcosmetics.com\/wp-content\/uploads\/2025\/10\/ifra-documentation.jpg\",\"datePublished\":\"2025-12-09T09:29:52+00:00\",\"description\":\"Opdag det v\u00e6sentlige i pif og cpsr til din virksomheds behov. L\u00e6r, hvordan disse elementer kan \u00f8ge din succes i dag!\",\"breadcrumb\":{\"@id\":\"https:\/\/www.certifiedcosmetics.com\/da\/product\/vurdering-af-kosmetisk-sikkerhed\/pif-og-cpsr\/#breadcrumb\"},\"inLanguage\":\"da-DK\",\"potentialAction\":[{\"@type\":\"ReadAction\",\"target\":[\"https:\/\/www.certifiedcosmetics.com\/da\/product\/vurdering-af-kosmetisk-sikkerhed\/pif-og-cpsr\/\"]}]},{\"@type\":\"ImageObject\",\"inLanguage\":\"da-DK\",\"@id\":\"https:\/\/www.certifiedcosmetics.com\/da\/product\/vurdering-af-kosmetisk-sikkerhed\/pif-og-cpsr\/#primaryimage\",\"url\":\"https:\/\/www.certifiedcosmetics.com\/wp-content\/uploads\/2025\/10\/ifra-documentation.jpg\",\"contentUrl\":\"https:\/\/www.certifiedcosmetics.com\/wp-content\/uploads\/2025\/10\/ifra-documentation.jpg\",\"width\":800,\"height\":800},{\"@type\":\"BreadcrumbList\",\"@id\":\"https:\/\/www.certifiedcosmetics.com\/da\/product\/vurdering-af-kosmetisk-sikkerhed\/pif-og-cpsr\/#breadcrumb\",\"itemListElement\":[{\"@type\":\"ListItem\",\"position\":1,\"name\":\"Home\",\"item\":\"https:\/\/www.certifiedcosmetics.com\/da\/vurdering-af-kosmetiske-produkters-sikkerhed\/\"},{\"@type\":\"ListItem\",\"position\":2,\"name\":\"Butik\",\"item\":\"https:\/\/www.certifiedcosmetics.com\/butik\/\"},{\"@type\":\"ListItem\",\"position\":3,\"name\":\"PIF og CPSR\"}]},{\"@type\":\"WebSite\",\"@id\":\"https:\/\/www.certifiedcosmetics.com\/da\/#website\",\"url\":\"https:\/\/www.certifiedcosmetics.com\/da\/\",\"name\":\"Certified Cosmetics\",\"description\":\"Cosmetic Safety Assessment\",\"publisher\":{\"@id\":\"https:\/\/www.certifiedcosmetics.com\/da\/#organization\"},\"potentialAction\":[{\"@type\":\"SearchAction\",\"target\":{\"@type\":\"EntryPoint\",\"urlTemplate\":\"https:\/\/www.certifiedcosmetics.com\/da\/?s={search_term_string}\"},\"query-input\":{\"@type\":\"PropertyValueSpecification\",\"valueRequired\":true,\"valueName\":\"search_term_string\"}}],\"inLanguage\":\"da-DK\"},{\"@type\":\"Organization\",\"@id\":\"https:\/\/www.certifiedcosmetics.com\/da\/#organization\",\"name\":\"Certified Cosmetics\",\"url\":\"https:\/\/www.certifiedcosmetics.com\/da\/\",\"logo\":{\"@type\":\"ImageObject\",\"inLanguage\":\"da-DK\",\"@id\":\"https:\/\/www.certifiedcosmetics.com\/da\/#\/schema\/logo\/image\/\",\"url\":\"https:\/\/www.certifiedcosmetics.com\/wp-content\/uploads\/2024\/12\/logo_certified_cosmetics696.jpg\",\"contentUrl\":\"https:\/\/www.certifiedcosmetics.com\/wp-content\/uploads\/2024\/12\/logo_certified_cosmetics696.jpg\",\"width\":696,\"height\":696,\"caption\":\"Certified Cosmetics\"},\"image\":{\"@id\":\"https:\/\/www.certifiedcosmetics.com\/da\/#\/schema\/logo\/image\/\"},\"description\":\"Your trusted partner for cosmetic product safety reporting. We take care of updating all of your documentation, ensuring your compliance stays current even as regulations evolve. The Cosmetic Product Safety Assessment will give you everything you need to sell specific products to EU consumers.\",\"email\":\"contact@certifiedcosmetics.com\",\"telephone\":\"+31 36 2036384\",\"legalName\":\"Certified Cosmetics\",\"foundingDate\":\"2010-01-01\",\"vatID\":\"NL854189543B01\",\"numberOfEmployees\":{\"@type\":\"QuantitativeValue\",\"minValue\":\"11\",\"maxValue\":\"50\"}}]}<\/script>\n<meta property=\"product:price:currency\" content=\"USD\" \/>\n<meta property=\"og:availability\" content=\"instock\" \/>\n<meta property=\"product:availability\" content=\"instock\" \/>\n<meta property=\"product:retailer_item_id\" content=\"PC001\" \/>\n<meta property=\"product:condition\" content=\"new\" \/>\n<!-- \/ Yoast SEO Premium plugin. -->","yoast_head_json":{"title":"PIF og CPSR - Certified Cosmetics","description":"Opdag det v\u00e6sentlige i pif og cpsr til din virksomheds behov. L\u00e6r, hvordan disse elementer kan \u00f8ge din succes i dag!","robots":{"index":"index","follow":"follow","max-snippet":"max-snippet:-1","max-image-preview":"max-image-preview:large","max-video-preview":"max-video-preview:-1"},"canonical":"https:\/\/www.certifiedcosmetics.com\/da\/product\/vurdering-af-kosmetisk-sikkerhed\/pif-og-cpsr\/","og_locale":"da_DK","og_type":"article","og_title":"PIF og CPSR","og_description":"Opdag det v\u00e6sentlige i pif og cpsr til din virksomheds behov. L\u00e6r, hvordan disse elementer kan \u00f8ge din succes i dag!","og_url":"https:\/\/www.certifiedcosmetics.com\/da\/product\/vurdering-af-kosmetisk-sikkerhed\/pif-og-cpsr\/","og_site_name":"Certified Cosmetics","og_image":[{"width":800,"height":800,"url":"https:\/\/www.certifiedcosmetics.com\/wp-content\/uploads\/2025\/10\/ifra-documentation.jpg","type":"image\/jpeg"}],"twitter_card":"summary_large_image","twitter_misc":{"Price":"","Availability":"In stock"},"schema":{"@context":"https:\/\/schema.org","@graph":[{"@type":"WebPage","@id":"https:\/\/www.certifiedcosmetics.com\/da\/product\/vurdering-af-kosmetisk-sikkerhed\/pif-og-cpsr\/","url":"https:\/\/www.certifiedcosmetics.com\/da\/product\/vurdering-af-kosmetisk-sikkerhed\/pif-og-cpsr\/","name":"PIF og CPSR - Certified Cosmetics","isPartOf":{"@id":"https:\/\/www.certifiedcosmetics.com\/da\/#website"},"primaryImageOfPage":{"@id":"https:\/\/www.certifiedcosmetics.com\/da\/product\/vurdering-af-kosmetisk-sikkerhed\/pif-og-cpsr\/#primaryimage"},"image":{"@id":"https:\/\/www.certifiedcosmetics.com\/da\/product\/vurdering-af-kosmetisk-sikkerhed\/pif-og-cpsr\/#primaryimage"},"thumbnailUrl":"https:\/\/www.certifiedcosmetics.com\/wp-content\/uploads\/2025\/10\/ifra-documentation.jpg","datePublished":"2025-12-09T09:29:52+00:00","description":"Opdag det v\u00e6sentlige i pif og cpsr til din virksomheds behov. L\u00e6r, hvordan disse elementer kan \u00f8ge din succes i dag!","breadcrumb":{"@id":"https:\/\/www.certifiedcosmetics.com\/da\/product\/vurdering-af-kosmetisk-sikkerhed\/pif-og-cpsr\/#breadcrumb"},"inLanguage":"da-DK","potentialAction":[{"@type":"ReadAction","target":["https:\/\/www.certifiedcosmetics.com\/da\/product\/vurdering-af-kosmetisk-sikkerhed\/pif-og-cpsr\/"]}]},{"@type":"ImageObject","inLanguage":"da-DK","@id":"https:\/\/www.certifiedcosmetics.com\/da\/product\/vurdering-af-kosmetisk-sikkerhed\/pif-og-cpsr\/#primaryimage","url":"https:\/\/www.certifiedcosmetics.com\/wp-content\/uploads\/2025\/10\/ifra-documentation.jpg","contentUrl":"https:\/\/www.certifiedcosmetics.com\/wp-content\/uploads\/2025\/10\/ifra-documentation.jpg","width":800,"height":800},{"@type":"BreadcrumbList","@id":"https:\/\/www.certifiedcosmetics.com\/da\/product\/vurdering-af-kosmetisk-sikkerhed\/pif-og-cpsr\/#breadcrumb","itemListElement":[{"@type":"ListItem","position":1,"name":"Home","item":"https:\/\/www.certifiedcosmetics.com\/da\/vurdering-af-kosmetiske-produkters-sikkerhed\/"},{"@type":"ListItem","position":2,"name":"Butik","item":"https:\/\/www.certifiedcosmetics.com\/butik\/"},{"@type":"ListItem","position":3,"name":"PIF og CPSR"}]},{"@type":"WebSite","@id":"https:\/\/www.certifiedcosmetics.com\/da\/#website","url":"https:\/\/www.certifiedcosmetics.com\/da\/","name":"Certified Cosmetics","description":"Cosmetic Safety Assessment","publisher":{"@id":"https:\/\/www.certifiedcosmetics.com\/da\/#organization"},"potentialAction":[{"@type":"SearchAction","target":{"@type":"EntryPoint","urlTemplate":"https:\/\/www.certifiedcosmetics.com\/da\/?s={search_term_string}"},"query-input":{"@type":"PropertyValueSpecification","valueRequired":true,"valueName":"search_term_string"}}],"inLanguage":"da-DK"},{"@type":"Organization","@id":"https:\/\/www.certifiedcosmetics.com\/da\/#organization","name":"Certified Cosmetics","url":"https:\/\/www.certifiedcosmetics.com\/da\/","logo":{"@type":"ImageObject","inLanguage":"da-DK","@id":"https:\/\/www.certifiedcosmetics.com\/da\/#\/schema\/logo\/image\/","url":"https:\/\/www.certifiedcosmetics.com\/wp-content\/uploads\/2024\/12\/logo_certified_cosmetics696.jpg","contentUrl":"https:\/\/www.certifiedcosmetics.com\/wp-content\/uploads\/2024\/12\/logo_certified_cosmetics696.jpg","width":696,"height":696,"caption":"Certified Cosmetics"},"image":{"@id":"https:\/\/www.certifiedcosmetics.com\/da\/#\/schema\/logo\/image\/"},"description":"Your trusted partner for cosmetic product safety reporting. We take care of updating all of your documentation, ensuring your compliance stays current even as regulations evolve. The Cosmetic Product Safety Assessment will give you everything you need to sell specific products to EU consumers.","email":"contact@certifiedcosmetics.com","telephone":"+31 36 2036384","legalName":"Certified Cosmetics","foundingDate":"2010-01-01","vatID":"NL854189543B01","numberOfEmployees":{"@type":"QuantitativeValue","minValue":"11","maxValue":"50"}}]},"product_price_currency":"USD","og_availability":"instock","product_availability":"instock","product_retailer_item_id":"PC001","product_condition":"new"},"_links":{"self":[{"href":"https:\/\/www.certifiedcosmetics.com\/da\/wp-json\/wp\/v2\/product\/17059","targetHints":{"allow":["GET"]}}],"collection":[{"href":"https:\/\/www.certifiedcosmetics.com\/da\/wp-json\/wp\/v2\/product"}],"about":[{"href":"https:\/\/www.certifiedcosmetics.com\/da\/wp-json\/wp\/v2\/types\/product"}],"wp:featuredmedia":[{"embeddable":true,"href":"https:\/\/www.certifiedcosmetics.com\/da\/wp-json\/wp\/v2\/media\/17062"}],"wp:attachment":[{"href":"https:\/\/www.certifiedcosmetics.com\/da\/wp-json\/wp\/v2\/media?parent=17059"}],"wp:term":[{"taxonomy":"product_brand","embeddable":true,"href":"https:\/\/www.certifiedcosmetics.com\/da\/wp-json\/wp\/v2\/product_brand?post=17059"},{"taxonomy":"product_cat","embeddable":true,"href":"https:\/\/www.certifiedcosmetics.com\/da\/wp-json\/wp\/v2\/product_cat?post=17059"},{"taxonomy":"product_tag","embeddable":true,"href":"https:\/\/www.certifiedcosmetics.com\/da\/wp-json\/wp\/v2\/product_tag?post=17059"}],"curies":[{"name":"wp","href":"https:\/\/api.w.org\/{rel}","templated":true}]}}