{"id":17004,"date":"2026-04-24T09:28:19","date_gmt":"2026-04-24T08:28:19","guid":{"rendered":"https:\/\/www.certifiedcosmetics.com\/product\/Ikke kategoriseret\/antiperspirant-effektivitet-tewameter\/"},"modified":"2026-04-24T09:28:19","modified_gmt":"2026-04-24T08:28:19","slug":"antiperspirant-effektivitet-tewameter","status":"publish","type":"product","link":"https:\/\/www.certifiedcosmetics.com\/da\/product\/test-af-effektivitet\/antiperspirant-effektivitet-tewameter\/","title":{"rendered":"Antiperspirant-effektivitet &#8211; Tewameter"},"content":{"rendered":"<p data-start=\"171\" data-end=\"334\"><strong data-start=\"175\" data-end=\"214\">Antiperspirant Efficacy &#8211; Tewameter<\/strong> test er en instrumentel evaluering designet til at m\u00e5le svedreduktion ved at vurdere transepidermalt vandtab (TEWL).<\/p>\n<p data-start=\"336\" data-end=\"493\">Denne test giver objektiv, kvantitativ dokumentation for p\u00e5stande som <strong data-start=\"407\" data-end=\"458\">&#8220;reducerer sved&#8221;, &#8220;langvarig t\u00f8rhed<\/strong> &#8221; og <strong data-start=\"463\" data-end=\"493\">&#8220;antiperspirant-effekt<\/strong>&#8220;.<\/p>\n<h2 data-section-id=\"13b9l1a\" data-start=\"500\" data-end=\"527\">Form\u00e5let med testen<\/h2>\n<p data-start=\"528\" data-end=\"690\">M\u00e5let med denne test er at afg\u00f8re, om et produkt effektivt reducerer svedproduktionen over tid ved at m\u00e5le \u00e6ndringer i vandtab fra hudens overflade.<\/p>\n<p data-start=\"692\" data-end=\"827\">Det er is\u00e6r relevant for <strong data-start=\"724\" data-end=\"826\">antiperspirante produkter og formuleringer, der er designet til at kontrollere sved og forbedre hudens komfort.<\/strong><\/p>\n<h2 data-section-id=\"ccdmmj\" data-start=\"834\" data-end=\"853\">Metodologi<\/h2>\n<p data-start=\"854\" data-end=\"1010\">Unders\u00f8gelsen udf\u00f8res som en <strong data-start=\"883\" data-end=\"904\">instrumentel test<\/strong> ved hj\u00e6lp af et <strong data-start=\"913\" data-end=\"926\">Tewameter<\/strong>, som m\u00e5ler transepidermalt vandtab (TEWL) som en indikator for svedproduktion.<\/p>\n<ul data-start=\"1012\" data-end=\"1327\">\n<li data-section-id=\"1bczuo2\" data-start=\"1012\" data-end=\"1044\"><strong data-start=\"1014\" data-end=\"1039\">Antal frivillige: 5 eller<\/strong> 10<\/li>\n<li data-section-id=\"118vjuh\" data-start=\"1045\" data-end=\"1141\"><strong data-start=\"1047\" data-end=\"1070\">M\u00e5lepunkter:<\/strong> Baseline (T0) og tidspunkter efter p\u00e5f\u00f8ring (f.eks. 12 timer, 24 timer, 48 timer)<\/li>\n<li data-section-id=\"1ylw8yb\" data-start=\"1142\" data-end=\"1193\"><strong data-start=\"1196\" data-end=\"1225\">Milj\u00f8m\u00e6ssige forhold:<\/strong> Kontrolleret temperatur og luftfugtighed<\/li>\n<li data-section-id=\"1o3spd4\" data-start=\"1264\" data-end=\"1327\"><strong data-start=\"1266\" data-end=\"1297\">Antal n\u00f8dvendige pr\u00f8ver:<\/strong> 11 pr\u00f8ver af det f\u00e6rdige produkt<\/li>\n<\/ul>\n<h2 data-section-id=\"b3jcpp\" data-start=\"1334\" data-end=\"1356\">Testprocedure<\/h2>\n<ol data-start=\"1357\" data-end=\"1896\">\n<li data-section-id=\"1ih1d4p\" data-start=\"1357\" data-end=\"1460\"><strong data-start=\"1360\" data-end=\"1384\">Udv\u00e6lgelse af frivillige:<\/strong><br data-start=\"1384\" data-end=\"1387\">Ti deltagere, der er repr\u00e6sentative for m\u00e5lgruppen, udv\u00e6lges.<\/li>\n<li data-section-id=\"lzkq28\" data-start=\"1462\" data-end=\"1567\"><strong data-start=\"1465\" data-end=\"1495\">Baselinem\u00e5ling (T0):<\/strong><br data-start=\"1495\" data-end=\"1498\">TEWL m\u00e5les f\u00f8r p\u00e5f\u00f8ring af produktet ved hj\u00e6lp af Tewameter.<\/li>\n<li data-section-id=\"1e0fv6n\" data-start=\"1569\" data-end=\"1660\"><strong data-start=\"1572\" data-end=\"1596\">Produktanvendelse:<\/strong><br data-start=\"1596\" data-end=\"1599\">Testproduktet anvendes i overensstemmelse med dets tilsigtede form\u00e5l.<\/li>\n<li data-section-id=\"82o7oc\" data-start=\"1662\" data-end=\"1790\"><strong data-start=\"1665\" data-end=\"1699\">M\u00e5linger efter p\u00e5f\u00f8ring:<\/strong><br data-start=\"1699\" data-end=\"1702\">TEWL m\u00e5les p\u00e5 udvalgte tidspunkter (12 timer, 24 timer, 48 timer) for at vurdere \u00e6ndringer over tid.<\/li>\n<li data-section-id=\"iyrn0b\" data-start=\"1792\" data-end=\"1896\"><strong data-start=\"1795\" data-end=\"1815\">Datasammenligning:<\/strong><br data-start=\"1815\" data-end=\"1818\">Resultaterne sammenlignes med baseline for at bestemme niveauet af svedreduktion.<\/li>\n<\/ol>\n<h2 data-section-id=\"88tffn\" data-start=\"1903\" data-end=\"1931\">Evaluerede parametre<\/h2>\n<ul data-start=\"1932\" data-end=\"2171\">\n<li data-section-id=\"2gl33n\" data-start=\"1932\" data-end=\"1999\"><strong data-start=\"1934\" data-end=\"1970\">Transepidermalt vandtab (TEWL)<\/strong> &#8211; kvantitativ m\u00e5ling<\/li>\n<li data-section-id=\"q0wgxq\" data-start=\"2000\" data-end=\"2033\"><strong data-start=\"2002\" data-end=\"2031\">Svedreduktion over tid<\/strong><\/li>\n<li data-section-id=\"rm15pm\" data-start=\"2034\" data-end=\"2083\"><strong data-start=\"2036\" data-end=\"2081\">Procentvis reduktion i forhold til baseline<\/strong><\/li>\n<li data-section-id=\"1gvleps\" data-start=\"2084\" data-end=\"2120\"><strong data-start=\"2086\" data-end=\"2118\">Varighed af produktets virkning<\/strong><\/li>\n<li data-section-id=\"m2kojk\" data-start=\"2121\" data-end=\"2171\"><strong data-start=\"2123\" data-end=\"2169\">Bekr\u00e6ftelse af antiperspirant-virkning<\/strong><\/li>\n<\/ul>\n<h2 data-section-id=\"1ab56ek\" data-start=\"2178\" data-end=\"2205\">Eksempel p\u00e5 krav<\/h2>\n<ul data-start=\"2206\" data-end=\"2383\">\n<li data-section-id=\"6paz2d\" data-start=\"2206\" data-end=\"2251\"><strong data-start=\"2208\" data-end=\"2221\">M\u00e6ngde:<\/strong> 11 pr\u00f8ver af f\u00e6rdige produkter<\/li>\n<li data-section-id=\"16ntwl6\" data-start=\"2252\" data-end=\"2305\"><strong data-start=\"2254\" data-end=\"2268\">Tilstand:<\/strong> U\u00e5bnet, stabil og klar til brug<\/li>\n<li data-section-id=\"vh4z0o\" data-start=\"2306\" data-end=\"2383\"><strong data-start=\"2308\" data-end=\"2326\">Produkttyper:<\/strong> Antiperspirant-formuleringer og svedkontrollerende produkter<\/li>\n<\/ul>\n<h2 data-section-id=\"fwrj78\" data-start=\"2390\" data-end=\"2417\">Resultater og rapportering<\/h2>\n<p data-start=\"2418\" data-end=\"2449\">Laboratorierapporten indeholder:<\/p>\n<ul data-start=\"2451\" data-end=\"2705\">\n<li data-section-id=\"znm32q\" data-start=\"2451\" data-end=\"2521\">Beregning af procentvis reduktion i forhold til baseline<\/li>\n<li data-section-id=\"1f0l6jw\" data-start=\"2624\" data-end=\"2658\">Sammenlignende analyse over tid<\/li>\n<li data-section-id=\"auy6bz\" data-start=\"2659\" data-end=\"2705\">Fortolkning, der bekr\u00e6fter produktets effektivitet<\/li>\n<\/ul>\n<h2 data-section-id=\"f5xhug\" data-start=\"2712\" data-end=\"2741\">Hvorfor denne test er vigtig<\/h2>\n<p data-start=\"2742\" data-end=\"2897\"><strong data-start=\"2746\" data-end=\"2785\">Antiperspirant Efficacy &#8211; Tewameter-testen<\/strong> giver p\u00e5lidelige, kvantitative data, der viser et produkts evne til at reducere sved over tid.<\/p>\n<p data-start=\"2899\" data-end=\"2926\">Det underst\u00f8tter p\u00e5stande som f.eks:<\/p>\n<ul data-start=\"2927\" data-end=\"3036\">\n<li data-section-id=\"65aryw\" data-start=\"2927\" data-end=\"2957\">&#8220;<strong data-start=\"2930\" data-end=\"2954\">Reducerer svedtendens<\/strong>&#8220;<\/li>\n<li data-section-id=\"17rnqio\" data-start=\"2958\" data-end=\"2988\">&#8220;<strong data-start=\"2961\" data-end=\"2985\">Langvarig t\u00f8rhed<\/strong>&#8220;<\/li>\n<li data-section-id=\"1m2nx42\" data-start=\"2989\" data-end=\"3036\">&#8220;<strong data-start=\"2992\" data-end=\"3033\">Effektiv svedkontrol i op til X timer<\/strong>&#8220;<\/li>\n<\/ul>\n<p data-start=\"3038\" data-end=\"3223\">Denne test er afg\u00f8rende for <strong data-start=\"3065\" data-end=\"3140\">produktunderbyggelse, validering af ydeevne og forbrugertillid<\/strong> og sikrer, at formuleringer leverer m\u00e5lbare og varige antiperspiranteffekter.<\/p>\n<h2 data-section-id=\"6cxf9g\" data-start=\"3230\" data-end=\"3257\">S\u00e5dan fungerer processen<\/h2>\n<p data-start=\"3259\" data-end=\"3361\"><strong data-start=\"3259\" data-end=\"3285\">1. Bestil din laboratorietest<\/strong><br data-start=\"3285\" data-end=\"3288\">V\u00e6lg den passende pakke, og gennemf\u00f8r k\u00f8bet p\u00e5 vores hjemmeside.<\/p>\n<p data-start=\"3363\" data-end=\"3460\"><strong data-start=\"3363\" data-end=\"3391\">2. Modtag sikker adgang<\/strong><br data-start=\"3391\" data-end=\"3394\">Efter k\u00f8bet modtager du loginoplysninger til vores sikre portal.<\/p>\n<p data-start=\"3462\" data-end=\"3560\"><strong data-start=\"3462\" data-end=\"3493\">3. Udfyld indgangsformularen<\/strong><br data-start=\"3493\" data-end=\"3496\">Angiv dine produktoplysninger, og upload tilg\u00e6ngelig dokumentation.<\/p>\n<p data-start=\"3562\" data-end=\"3765\"><strong data-start=\"3562\" data-end=\"3589\">4. Send os dine pr\u00f8ver<\/strong><br data-start=\"3589\" data-end=\"3592\">Vi vejleder dig i, hvad du skal sende til vores laboratorium. M\u00e6ngden og antallet af pr\u00f8ver afh\u00e6nger af flere faktorer. Det n\u00f8jagtige antal pr\u00f8ver vil blive kommunikeret via portalen.  <\/p>\n<p data-start=\"3767\" data-end=\"3810\"><strong data-start=\"3767\" data-end=\"3785\">5. Laboratorietest<\/strong><br data-start=\"3785\" data-end=\"3788\">Vi starter laboratorietesten.<\/p>\n<p data-start=\"3812\" data-end=\"3925\"><strong data-start=\"3812\" data-end=\"3839\">6. Modtag dine resultater<\/strong><br data-start=\"3839\" data-end=\"3842\">Vores sikkerhedsassessor forbereder laboratorietestresultaterne og leverer dem via portalen.<\/p>\n","protected":false},"excerpt":{"rendered":"<p>Antiperspirant Efficacy &#8211; Tewameter test er en instrumentel evaluering designet til at m\u00e5le svedreduktion ved at vurdere transepidermalt vandtab (TEWL). Denne test giver objektiv, kvantitativ dokumentation for p\u00e5stande som &#8220;reducerer sved&#8221;, &#8220;langvarig t\u00f8rhed &#8221; og &#8220;antiperspirant-effekt&#8220;. Form\u00e5let med testen M\u00e5let med denne test er at afg\u00f8re, om et produkt effektivt reducerer svedproduktionen over tid ved&#8230;<\/p>\n","protected":false},"featured_media":17006,"template":"","meta":[],"product_brand":[],"product_cat":[1841,1840],"product_tag":[],"class_list":{"0":"post-17004","1":"product","2":"type-product","3":"status-publish","4":"has-post-thumbnail","6":"product_cat-hudtestning","7":"product_cat-test-af-effektivitet","9":"first","10":"instock","11":"taxable","12":"shipping-taxable","13":"purchasable","14":"product-type-variable","15":"has-default-attributes"},"bundled_by":[],"bundle_stock_status":"instock","bundle_stock_quantity":null,"bundle_virtual":false,"bundle_layout":"","bundle_add_to_cart_form_location":"","bundle_editable_in_cart":false,"bundle_sold_individually_context":"","bundle_item_grouping":"","bundle_min_size":"","bundle_max_size":"","bundle_price":[],"bundled_items":[],"bundle_sell_ids":[],"yoast_head":"<!-- This site is optimized with the Yoast SEO Premium plugin v25.4 (Yoast SEO v25.4) - https:\/\/yoast.com\/wordpress\/plugins\/seo\/ -->\n<title>Antiperspirant-effektivitet - Tewameter - Certified Cosmetics<\/title>\n<meta name=\"description\" content=\"Instrumentel Tewameter-test, der m\u00e5ler svedreduktion gennem TEWL-analyse for at bekr\u00e6fte antiperspirantens effekt og kvantificere dens ydeevne over tid.\" \/>\n<meta name=\"robots\" content=\"index, follow, max-snippet:-1, max-image-preview:large, max-video-preview:-1\" \/>\n<link rel=\"canonical\" href=\"https:\/\/www.certifiedcosmetics.com\/da\/product\/test-af-effektivitet\/antiperspirant-effektivitet-tewameter\/\" \/>\n<meta property=\"og:locale\" content=\"da_DK\" \/>\n<meta property=\"og:type\" content=\"article\" \/>\n<meta property=\"og:title\" content=\"Antiperspirant-effektivitet - Tewameter\" \/>\n<meta property=\"og:description\" content=\"Instrumentel Tewameter-test, der m\u00e5ler svedreduktion gennem TEWL-analyse for at bekr\u00e6fte antiperspirantens effekt og kvantificere dens ydeevne over tid.\" \/>\n<meta property=\"og:url\" content=\"https:\/\/www.certifiedcosmetics.com\/da\/product\/test-af-effektivitet\/antiperspirant-effektivitet-tewameter\/\" \/>\n<meta property=\"og:site_name\" content=\"Certified Cosmetics\" \/>\n<meta property=\"og:image\" content=\"https:\/\/www.certifiedcosmetics.com\/wp-content\/uploads\/2026\/04\/antiperspirant.jpg\" \/>\n\t<meta property=\"og:image:width\" content=\"614\" \/>\n\t<meta property=\"og:image:height\" content=\"613\" \/>\n\t<meta property=\"og:image:type\" content=\"image\/jpeg\" \/>\n<meta name=\"twitter:card\" content=\"summary_large_image\" \/>\n<meta name=\"twitter:label1\" content=\"Availability\" \/>\n\t<meta name=\"twitter:data1\" content=\"In stock\" \/>\n<script type=\"application\/ld+json\" class=\"yoast-schema-graph\">{\"@context\":\"https:\/\/schema.org\",\"@graph\":[{\"@type\":\"WebPage\",\"@id\":\"https:\/\/www.certifiedcosmetics.com\/da\/product\/test-af-effektivitet\/antiperspirant-effektivitet-tewameter\/\",\"url\":\"https:\/\/www.certifiedcosmetics.com\/da\/product\/test-af-effektivitet\/antiperspirant-effektivitet-tewameter\/\",\"name\":\"Antiperspirant-effektivitet - Tewameter - Certified Cosmetics\",\"isPartOf\":{\"@id\":\"https:\/\/www.certifiedcosmetics.com\/da\/#website\"},\"primaryImageOfPage\":{\"@id\":\"https:\/\/www.certifiedcosmetics.com\/da\/product\/test-af-effektivitet\/antiperspirant-effektivitet-tewameter\/#primaryimage\"},\"image\":{\"@id\":\"https:\/\/www.certifiedcosmetics.com\/da\/product\/test-af-effektivitet\/antiperspirant-effektivitet-tewameter\/#primaryimage\"},\"thumbnailUrl\":\"https:\/\/www.certifiedcosmetics.com\/wp-content\/uploads\/2026\/04\/antiperspirant.jpg\",\"datePublished\":\"2026-04-24T08:28:19+00:00\",\"description\":\"Instrumentel Tewameter-test, der m\u00e5ler svedreduktion gennem TEWL-analyse for at bekr\u00e6fte antiperspirantens effekt og kvantificere dens ydeevne over tid.\",\"breadcrumb\":{\"@id\":\"https:\/\/www.certifiedcosmetics.com\/da\/product\/test-af-effektivitet\/antiperspirant-effektivitet-tewameter\/#breadcrumb\"},\"inLanguage\":\"da-DK\",\"potentialAction\":[{\"@type\":\"ReadAction\",\"target\":[\"https:\/\/www.certifiedcosmetics.com\/da\/product\/test-af-effektivitet\/antiperspirant-effektivitet-tewameter\/\"]}]},{\"@type\":\"ImageObject\",\"inLanguage\":\"da-DK\",\"@id\":\"https:\/\/www.certifiedcosmetics.com\/da\/product\/test-af-effektivitet\/antiperspirant-effektivitet-tewameter\/#primaryimage\",\"url\":\"https:\/\/www.certifiedcosmetics.com\/wp-content\/uploads\/2026\/04\/antiperspirant.jpg\",\"contentUrl\":\"https:\/\/www.certifiedcosmetics.com\/wp-content\/uploads\/2026\/04\/antiperspirant.jpg\",\"width\":614,\"height\":613},{\"@type\":\"BreadcrumbList\",\"@id\":\"https:\/\/www.certifiedcosmetics.com\/da\/product\/test-af-effektivitet\/antiperspirant-effektivitet-tewameter\/#breadcrumb\",\"itemListElement\":[{\"@type\":\"ListItem\",\"position\":1,\"name\":\"Home\",\"item\":\"https:\/\/www.certifiedcosmetics.com\/da\/vurdering-af-kosmetiske-produkters-sikkerhed\/\"},{\"@type\":\"ListItem\",\"position\":2,\"name\":\"Butik\",\"item\":\"https:\/\/www.certifiedcosmetics.com\/butik\/\"},{\"@type\":\"ListItem\",\"position\":3,\"name\":\"Antiperspirant-effektivitet &#8211; Tewameter\"}]},{\"@type\":\"WebSite\",\"@id\":\"https:\/\/www.certifiedcosmetics.com\/da\/#website\",\"url\":\"https:\/\/www.certifiedcosmetics.com\/da\/\",\"name\":\"Certified Cosmetics\",\"description\":\"Cosmetic Safety Assessment\",\"publisher\":{\"@id\":\"https:\/\/www.certifiedcosmetics.com\/da\/#organization\"},\"potentialAction\":[{\"@type\":\"SearchAction\",\"target\":{\"@type\":\"EntryPoint\",\"urlTemplate\":\"https:\/\/www.certifiedcosmetics.com\/da\/?s={search_term_string}\"},\"query-input\":{\"@type\":\"PropertyValueSpecification\",\"valueRequired\":true,\"valueName\":\"search_term_string\"}}],\"inLanguage\":\"da-DK\"},{\"@type\":\"Organization\",\"@id\":\"https:\/\/www.certifiedcosmetics.com\/da\/#organization\",\"name\":\"Certified Cosmetics\",\"url\":\"https:\/\/www.certifiedcosmetics.com\/da\/\",\"logo\":{\"@type\":\"ImageObject\",\"inLanguage\":\"da-DK\",\"@id\":\"https:\/\/www.certifiedcosmetics.com\/da\/#\/schema\/logo\/image\/\",\"url\":\"https:\/\/www.certifiedcosmetics.com\/wp-content\/uploads\/2024\/12\/logo_certified_cosmetics696.jpg\",\"contentUrl\":\"https:\/\/www.certifiedcosmetics.com\/wp-content\/uploads\/2024\/12\/logo_certified_cosmetics696.jpg\",\"width\":696,\"height\":696,\"caption\":\"Certified Cosmetics\"},\"image\":{\"@id\":\"https:\/\/www.certifiedcosmetics.com\/da\/#\/schema\/logo\/image\/\"},\"description\":\"Your trusted partner for cosmetic product safety reporting. We take care of updating all of your documentation, ensuring your compliance stays current even as regulations evolve. The Cosmetic Product Safety Assessment will give you everything you need to sell specific products to EU consumers.\",\"email\":\"contact@certifiedcosmetics.com\",\"telephone\":\"+31 36 2036384\",\"legalName\":\"Certified Cosmetics\",\"foundingDate\":\"2010-01-01\",\"vatID\":\"NL854189543B01\",\"numberOfEmployees\":{\"@type\":\"QuantitativeValue\",\"minValue\":\"11\",\"maxValue\":\"50\"}}]}<\/script>\n<meta property=\"og:availability\" content=\"instock\" \/>\n<meta property=\"product:availability\" content=\"instock\" \/>\n<meta property=\"product:condition\" content=\"new\" \/>\n<!-- \/ Yoast SEO Premium plugin. -->","yoast_head_json":{"title":"Antiperspirant-effektivitet - Tewameter - Certified Cosmetics","description":"Instrumentel Tewameter-test, der m\u00e5ler svedreduktion gennem TEWL-analyse for at bekr\u00e6fte antiperspirantens effekt og kvantificere dens ydeevne over tid.","robots":{"index":"index","follow":"follow","max-snippet":"max-snippet:-1","max-image-preview":"max-image-preview:large","max-video-preview":"max-video-preview:-1"},"canonical":"https:\/\/www.certifiedcosmetics.com\/da\/product\/test-af-effektivitet\/antiperspirant-effektivitet-tewameter\/","og_locale":"da_DK","og_type":"article","og_title":"Antiperspirant-effektivitet - Tewameter","og_description":"Instrumentel Tewameter-test, der m\u00e5ler svedreduktion gennem TEWL-analyse for at bekr\u00e6fte antiperspirantens effekt og kvantificere dens ydeevne over tid.","og_url":"https:\/\/www.certifiedcosmetics.com\/da\/product\/test-af-effektivitet\/antiperspirant-effektivitet-tewameter\/","og_site_name":"Certified Cosmetics","og_image":[{"width":614,"height":613,"url":"https:\/\/www.certifiedcosmetics.com\/wp-content\/uploads\/2026\/04\/antiperspirant.jpg","type":"image\/jpeg"}],"twitter_card":"summary_large_image","twitter_misc":{"Availability":"In stock"},"schema":{"@context":"https:\/\/schema.org","@graph":[{"@type":"WebPage","@id":"https:\/\/www.certifiedcosmetics.com\/da\/product\/test-af-effektivitet\/antiperspirant-effektivitet-tewameter\/","url":"https:\/\/www.certifiedcosmetics.com\/da\/product\/test-af-effektivitet\/antiperspirant-effektivitet-tewameter\/","name":"Antiperspirant-effektivitet - Tewameter - Certified Cosmetics","isPartOf":{"@id":"https:\/\/www.certifiedcosmetics.com\/da\/#website"},"primaryImageOfPage":{"@id":"https:\/\/www.certifiedcosmetics.com\/da\/product\/test-af-effektivitet\/antiperspirant-effektivitet-tewameter\/#primaryimage"},"image":{"@id":"https:\/\/www.certifiedcosmetics.com\/da\/product\/test-af-effektivitet\/antiperspirant-effektivitet-tewameter\/#primaryimage"},"thumbnailUrl":"https:\/\/www.certifiedcosmetics.com\/wp-content\/uploads\/2026\/04\/antiperspirant.jpg","datePublished":"2026-04-24T08:28:19+00:00","description":"Instrumentel Tewameter-test, der m\u00e5ler svedreduktion gennem TEWL-analyse for at bekr\u00e6fte antiperspirantens effekt og kvantificere dens ydeevne over tid.","breadcrumb":{"@id":"https:\/\/www.certifiedcosmetics.com\/da\/product\/test-af-effektivitet\/antiperspirant-effektivitet-tewameter\/#breadcrumb"},"inLanguage":"da-DK","potentialAction":[{"@type":"ReadAction","target":["https:\/\/www.certifiedcosmetics.com\/da\/product\/test-af-effektivitet\/antiperspirant-effektivitet-tewameter\/"]}]},{"@type":"ImageObject","inLanguage":"da-DK","@id":"https:\/\/www.certifiedcosmetics.com\/da\/product\/test-af-effektivitet\/antiperspirant-effektivitet-tewameter\/#primaryimage","url":"https:\/\/www.certifiedcosmetics.com\/wp-content\/uploads\/2026\/04\/antiperspirant.jpg","contentUrl":"https:\/\/www.certifiedcosmetics.com\/wp-content\/uploads\/2026\/04\/antiperspirant.jpg","width":614,"height":613},{"@type":"BreadcrumbList","@id":"https:\/\/www.certifiedcosmetics.com\/da\/product\/test-af-effektivitet\/antiperspirant-effektivitet-tewameter\/#breadcrumb","itemListElement":[{"@type":"ListItem","position":1,"name":"Home","item":"https:\/\/www.certifiedcosmetics.com\/da\/vurdering-af-kosmetiske-produkters-sikkerhed\/"},{"@type":"ListItem","position":2,"name":"Butik","item":"https:\/\/www.certifiedcosmetics.com\/butik\/"},{"@type":"ListItem","position":3,"name":"Antiperspirant-effektivitet &#8211; Tewameter"}]},{"@type":"WebSite","@id":"https:\/\/www.certifiedcosmetics.com\/da\/#website","url":"https:\/\/www.certifiedcosmetics.com\/da\/","name":"Certified Cosmetics","description":"Cosmetic Safety Assessment","publisher":{"@id":"https:\/\/www.certifiedcosmetics.com\/da\/#organization"},"potentialAction":[{"@type":"SearchAction","target":{"@type":"EntryPoint","urlTemplate":"https:\/\/www.certifiedcosmetics.com\/da\/?s={search_term_string}"},"query-input":{"@type":"PropertyValueSpecification","valueRequired":true,"valueName":"search_term_string"}}],"inLanguage":"da-DK"},{"@type":"Organization","@id":"https:\/\/www.certifiedcosmetics.com\/da\/#organization","name":"Certified Cosmetics","url":"https:\/\/www.certifiedcosmetics.com\/da\/","logo":{"@type":"ImageObject","inLanguage":"da-DK","@id":"https:\/\/www.certifiedcosmetics.com\/da\/#\/schema\/logo\/image\/","url":"https:\/\/www.certifiedcosmetics.com\/wp-content\/uploads\/2024\/12\/logo_certified_cosmetics696.jpg","contentUrl":"https:\/\/www.certifiedcosmetics.com\/wp-content\/uploads\/2024\/12\/logo_certified_cosmetics696.jpg","width":696,"height":696,"caption":"Certified Cosmetics"},"image":{"@id":"https:\/\/www.certifiedcosmetics.com\/da\/#\/schema\/logo\/image\/"},"description":"Your trusted partner for cosmetic product safety reporting. We take care of updating all of your documentation, ensuring your compliance stays current even as regulations evolve. The Cosmetic Product Safety Assessment will give you everything you need to sell specific products to EU consumers.","email":"contact@certifiedcosmetics.com","telephone":"+31 36 2036384","legalName":"Certified Cosmetics","foundingDate":"2010-01-01","vatID":"NL854189543B01","numberOfEmployees":{"@type":"QuantitativeValue","minValue":"11","maxValue":"50"}}]},"og_availability":"instock","product_availability":"instock","product_condition":"new"},"_links":{"self":[{"href":"https:\/\/www.certifiedcosmetics.com\/da\/wp-json\/wp\/v2\/product\/17004","targetHints":{"allow":["GET"]}}],"collection":[{"href":"https:\/\/www.certifiedcosmetics.com\/da\/wp-json\/wp\/v2\/product"}],"about":[{"href":"https:\/\/www.certifiedcosmetics.com\/da\/wp-json\/wp\/v2\/types\/product"}],"wp:featuredmedia":[{"embeddable":true,"href":"https:\/\/www.certifiedcosmetics.com\/da\/wp-json\/wp\/v2\/media\/17006"}],"wp:attachment":[{"href":"https:\/\/www.certifiedcosmetics.com\/da\/wp-json\/wp\/v2\/media?parent=17004"}],"wp:term":[{"taxonomy":"product_brand","embeddable":true,"href":"https:\/\/www.certifiedcosmetics.com\/da\/wp-json\/wp\/v2\/product_brand?post=17004"},{"taxonomy":"product_cat","embeddable":true,"href":"https:\/\/www.certifiedcosmetics.com\/da\/wp-json\/wp\/v2\/product_cat?post=17004"},{"taxonomy":"product_tag","embeddable":true,"href":"https:\/\/www.certifiedcosmetics.com\/da\/wp-json\/wp\/v2\/product_tag?post=17004"}],"curies":[{"name":"wp","href":"https:\/\/api.w.org\/{rel}","templated":true}]}}