{"id":17402,"date":"2025-06-02T15:03:21","date_gmt":"2025-06-02T14:03:21","guid":{"rendered":"https:\/\/www.certifiedcosmetics.com\/politik-for-beskyttelse-af-personlige-oplysninger\/"},"modified":"2026-04-30T18:41:25","modified_gmt":"2026-04-30T17:41:25","slug":"politik-for-beskyttelse-af-personlige-oplysninger","status":"publish","type":"page","link":"https:\/\/www.certifiedcosmetics.com\/da\/politik-for-beskyttelse-af-personlige-oplysninger\/","title":{"rendered":"Politik for beskyttelse af personlige oplysninger"},"content":{"rendered":"<section data-bb-version=\"4.6.1\" id=\"bt_bb_section69f3f74e36a95\" class=\"bt_bb_section bt_bb_layout_boxed_1200\"  data-bt-override-class=\"null\"><div class=\"bt_bb_port\"><div class=\"bt_bb_cell\"><div class=\"bt_bb_cell_inner\"><div class=\"bt_bb_row \"  data-bt-override-class=\"{}\"><div class=\"bt_bb_row_holder\" ><div data-bb-version=\"4.6.1\"  class=\"bt_bb_column col-xxl-12 col-xl-12 col-xs-12 col-sm-12 col-md-12 col-lg-12 bt_bb_vertical_align_top bt_bb_align_left bt_bb_padding_normal\" style=\"; --column-width:12;\" data-width=\"12\" data-bt-override-class=\"{}\"><div class=\"bt_bb_column_content\"><div class=\"bt_bb_column_content_inner\"><header data-bb-version=\"4.6.1\" class=\"bt_bb_headline bt_bb_subheadline_text_transform_default bt_bb_dash_none bt_bb_size_inherit bt_bb_align_inherit\" data-bt-override-class=\"{&quot;bt_bb_size_&quot;:{&quot;current_class&quot;:&quot;bt_bb_size_inherit&quot;,&quot;def&quot;:&quot;inherit&quot;},&quot;bt_bb_align_&quot;:{&quot;current_class&quot;:&quot;bt_bb_align_inherit&quot;,&quot;def&quot;:&quot;inherit&quot;}}\"><h1 class=\"bt_bb_headline_tag\"><span class=\"bt_bb_headline_content\"><span>Politik for beskyttelse af personlige oplysninger<\/span><\/span><\/h1><\/header><\/div><\/div><\/div><\/div><\/div><div data-bb-version=\"4.6.1\" class=\"bt_bb_row \"  data-bt-override-class=\"{}\"><div class=\"bt_bb_row_holder\" ><div data-bb-version=\"4.6.1\"  class=\"bt_bb_column col-xxl-12 col-xl-12 col-xs-12 col-sm-12 col-md-12 col-lg-12 bt_bb_vertical_align_top bt_bb_align_left bt_bb_padding_normal\" style=\"; --column-width:12;\" data-width=\"12\" data-bt-override-class=\"{}\"><div class=\"bt_bb_column_content\"><div class=\"bt_bb_column_content_inner\"><div data-bb-version=\"4.6.1\"  class=\"bt_bb_text\" ><\/p>\n<p data-start=\"224\" data-end=\"402\"><strong data-start=\"224\" data-end=\"247\">Certified Cosmetics<\/strong><br data-start=\"247\" data-end=\"250\">Transistorstraat 91-02, 1322 CL Almere<br data-start=\"288\" data-end=\"291\">Holland<br data-start=\"306\" data-end=\"309\">T: +31 36 2036384<br data-start=\"326\" data-end=\"329\">E: <a class=\"cursor-pointer\" rel=\"noopener\" data-start=\"332\" data-end=\"362\">contact@certifiedcosmetics.com<\/a><br data-start=\"362\" data-end=\"365\">KVK: 61064939<br data-start=\"378\" data-end=\"381\">VAT: NL854189543B01<\/p>\n<p data-start=\"435\" data-end=\"692\">Hos Certified Cosmetics respekterer vi dit privatliv og er forpligtet til at beskytte dine personlige data. Denne privatlivspolitik forklarer, hvilke data vi indsamler, hvorfor vi indsamler dem, hvordan vi behandler dem, og dine rettigheder i henhold til den generelle databeskyttelsesforordning (GDPR). <\/p>\n<h2 data-start=\"699\" data-end=\"719\">1. <strong data-start=\"705\" data-end=\"719\">Hvem vi er<\/strong><\/h2>\n<p data-start=\"721\" data-end=\"1001\">Certified Cosmetics er en totalleverand\u00f8r af sikkerhedsvurderinger af kosmetiske produkter og laboratorietest. Vi indsamler og behandler personoplysninger som en del af leveringen af vores tjenester til kosmetik- og s\u00e6beproducenter, herunder via vores hjemmeside: <strong data-start=\"970\" data-end=\"1000\"><a class=\"\" href=\"http:\/\/www.certifiedcosmetics.com\" target=\"_new\" rel=\"noopener\" data-start=\"972\" data-end=\"998\">www.certifiedcosmetics.com<\/a><\/strong>. <\/p>\n<h2 data-start=\"1008\" data-end=\"1047\">2. <strong data-start=\"1014\" data-end=\"1047\">Hvilke personlige data vi indsamler<\/strong><\/h2>\n<p data-start=\"1049\" data-end=\"1118\">Vi kan indsamle og behandle f\u00f8lgende kategorier af personoplysninger:<\/p>\n<ul data-start=\"1120\" data-end=\"1514\">\n<li data-start=\"1120\" data-end=\"1185\">\n<p data-start=\"1122\" data-end=\"1185\"><strong data-start=\"1122\" data-end=\"1145\">Kontaktoplysninger<\/strong> (navn, e-mailadresse, telefonnummer)<\/p>\n<\/li>\n<li data-start=\"1186\" data-end=\"1266\">\n<p data-start=\"1188\" data-end=\"1266\"><strong data-start=\"1188\" data-end=\"1211\">Virksomhedsoplysninger<\/strong> (firmanavn, momsnummer, handelskammernummer)<\/p>\n<\/li>\n<li data-start=\"1267\" data-end=\"1327\">\n<p data-start=\"1269\" data-end=\"1327\"><strong data-start=\"1269\" data-end=\"1288\">Faktureringsoplysninger<\/strong> (adresse, bankkontonummer, moms-id)<\/p>\n<\/li>\n<li data-start=\"1328\" data-end=\"1400\">\n<p data-start=\"1330\" data-end=\"1400\"><strong data-start=\"1330\" data-end=\"1348\">Tekniske data<\/strong> (IP-adresse, browsertype, placering, brug af hjemmesiden)<\/p>\n<\/li>\n<li data-start=\"1401\" data-end=\"1514\">\n<p data-start=\"1403\" data-end=\"1514\"><strong data-start=\"1403\" data-end=\"1431\">Dokumenter og produktdata<\/strong> (formuleringer, etiketter, SDS-filer og relaterede materialer til overholdelse af lovgivningen)<\/p>\n<\/li>\n<\/ul>\n<h2 data-start=\"1521\" data-end=\"1555\">3. <strong data-start=\"1527\" data-end=\"1555\">Hvordan vi indsamler dine data<\/strong><\/h2>\n<p data-start=\"1557\" data-end=\"1581\">Vi indsamler data gennem:<\/p>\n<ul data-start=\"1583\" data-end=\"1811\">\n<li data-start=\"1583\" data-end=\"1629\">\n<p data-start=\"1585\" data-end=\"1629\">Vores hjemmesides kontaktformularer og modtagelsesformularer<\/p>\n<\/li>\n<li data-start=\"1630\" data-end=\"1673\">\n<p data-start=\"1632\" data-end=\"1673\">Direkte kommunikation via e-mail eller telefon<\/p>\n<\/li>\n<li data-start=\"1674\" data-end=\"1720\">\n<p data-start=\"1676\" data-end=\"1720\">Online ordreafgivelse eller serviceanmodninger<\/p>\n<\/li>\n<li data-start=\"1721\" data-end=\"1772\">\n<p data-start=\"1723\" data-end=\"1772\">Downloads og interaktion med vores onlinev\u00e6rkt\u00f8jer<\/p>\n<\/li>\n<li data-start=\"1773\" data-end=\"1811\">\n<p data-start=\"1775\" data-end=\"1811\">Cookies og analyser p\u00e5 vores hjemmeside<\/p>\n<\/li>\n<\/ul>\n<h2 data-start=\"1818\" data-end=\"1852\">4. <strong data-start=\"1824\" data-end=\"1852\">Hvorfor vi behandler dine data<\/strong><\/h2>\n<p data-start=\"1854\" data-end=\"1902\">Vi behandler dine data til f\u00f8lgende form\u00e5l:<\/p>\n<ul data-start=\"1904\" data-end=\"2230\">\n<li data-start=\"1904\" data-end=\"1977\">\n<p data-start=\"1906\" data-end=\"1977\">For at opfylde vores kontraktlige forpligtelser og levere \u00f8nskede tjenester<\/p>\n<\/li>\n<li data-start=\"1978\" data-end=\"2051\">\n<p data-start=\"1980\" data-end=\"2051\">For at overholde juridiske forpligtelser (f.eks. skat, overholdelse af EU-regler)<\/p>\n<\/li>\n<li data-start=\"2052\" data-end=\"2121\">\n<p data-start=\"2054\" data-end=\"2121\">At kommunikere med dig om tjenester, fakturaer og opdateringer<\/p>\n<\/li>\n<li data-start=\"2122\" data-end=\"2174\">\n<p data-start=\"2124\" data-end=\"2174\">At forbedre vores tjenester og optimere vores hjemmeside<\/p>\n<\/li>\n<li data-start=\"2175\" data-end=\"2230\">\n<p data-start=\"2177\" data-end=\"2230\">For at give dig de oplysninger, du beder om fra os<\/p>\n<\/li>\n<\/ul>\n<p data-start=\"2232\" data-end=\"2309\">Vi s\u00e6lger eller deler ikke dine data med tredjeparter til kommercielle form\u00e5l.<\/p>\n<h2 data-start=\"2316\" data-end=\"2352\">5. <strong data-start=\"2322\" data-end=\"2352\">Juridisk grundlag for behandling<\/strong><\/h2>\n<p data-start=\"2354\" data-end=\"2412\">Vi behandler dine data baseret p\u00e5 f\u00f8lgende juridiske grunde:<\/p>\n<ul data-start=\"2414\" data-end=\"2707\">\n<li data-start=\"2414\" data-end=\"2484\">\n<p data-start=\"2416\" data-end=\"2484\"><strong data-start=\"2416\" data-end=\"2441\">Kontraktm\u00e6ssig n\u00f8dvendighed<\/strong> &#8211; for at levere de tjenester, du har anmodet om<\/p>\n<\/li>\n<li data-start=\"2485\" data-end=\"2558\">\n<p data-start=\"2487\" data-end=\"2558\"><strong data-start=\"2487\" data-end=\"2507\">Juridisk forpligtelse<\/strong> &#8211; at overholde lovm\u00e6ssige og skattem\u00e6ssige krav<\/p>\n<\/li>\n<li data-start=\"2559\" data-end=\"2634\">\n<p data-start=\"2561\" data-end=\"2634\"><strong data-start=\"2561\" data-end=\"2584\">Berettiget interesse<\/strong> &#8211; at administrere og forbedre vores forretningsdrift<\/p>\n<\/li>\n<li data-start=\"2635\" data-end=\"2707\">\n<p data-start=\"2637\" data-end=\"2707\"><strong data-start=\"2637\" data-end=\"2648\">Samtykke<\/strong> &#8211; hvor det udtrykkeligt er givet, f.eks. ved tilmelding til nyhedsbrev<\/p>\n<\/li>\n<\/ul>\n<h2 data-start=\"2714\" data-end=\"2754\">6. <strong data-start=\"2720\" data-end=\"2754\">Tredjeparter og datadeling<\/strong><\/h2>\n<p data-start=\"2756\" data-end=\"2824\">Vi deler kun dine data med tredjeparter, hvor det er n\u00f8dvendigt, f.eks:<\/p>\n<ul data-start=\"2826\" data-end=\"3028\">\n<li data-start=\"2826\" data-end=\"2901\">\n<p data-start=\"2828\" data-end=\"2901\">Revisorer og skattemyndigheder (til fakturering og finansiel rapportering)<\/p>\n<\/li>\n<li data-start=\"2902\" data-end=\"2977\">\n<p data-start=\"2904\" data-end=\"2977\">Testlaboratorier og reguleringseksperter (for CPSR- og PIF-tjenester)<\/p>\n<\/li>\n<li data-start=\"2978\" data-end=\"3028\">\n<p data-start=\"2980\" data-end=\"3028\">IT-tjenesteudbydere (hosting, e-mail, analyse)<\/p>\n<\/li>\n<\/ul>\n<p data-start=\"3030\" data-end=\"3113\">Alle tredjeparter er forpligtet til at overholde GDPR og fortrolighedsforpligtelser.<\/p>\n<h2 data-start=\"3120\" data-end=\"3144\">7. <strong data-start=\"3126\" data-end=\"3144\">Opbevaring af data<\/strong><\/h2>\n<p data-start=\"3146\" data-end=\"3200\">Vi opbevarer kun persondata, s\u00e5 l\u00e6nge det er n\u00f8dvendigt:<\/p>\n<ul data-start=\"3202\" data-end=\"3372\">\n<li data-start=\"3202\" data-end=\"3254\">\n<p data-start=\"3204\" data-end=\"3254\">Til juridiske og skattem\u00e6ssige forpligtelser (op til 7 \u00e5r)<\/p>\n<\/li>\n<li data-start=\"3255\" data-end=\"3302\">\n<p data-start=\"3257\" data-end=\"3302\">S\u00e5 l\u00e6nge kundeforholdet varer<\/p>\n<\/li>\n<li data-start=\"3303\" data-end=\"3372\">\n<p data-start=\"3305\" data-end=\"3372\">Til opbevaring af sikkerhedsdokumentation (som kr\u00e6vet af EU&#8217;s kosmetiklovgivning)<\/p>\n<\/li>\n<\/ul>\n<p data-start=\"3374\" data-end=\"3430\">N\u00e5r data ikke l\u00e6ngere er n\u00f8dvendige, slettes de p\u00e5 en sikker m\u00e5de.<\/p>\n<h2 data-start=\"3437\" data-end=\"3469\">8. <strong data-start=\"3443\" data-end=\"3469\">Dine rettigheder under GDPR<\/strong><\/h2>\n<p data-start=\"3471\" data-end=\"3493\">Det har du ret til:<\/p>\n<ul data-start=\"3495\" data-end=\"3727\">\n<li data-start=\"3495\" data-end=\"3524\">\n<p data-start=\"3497\" data-end=\"3524\">F\u00e5 adgang til dine personlige data<\/p>\n<\/li>\n<li data-start=\"3525\" data-end=\"3556\">\n<p data-start=\"3527\" data-end=\"3556\">Ret eller opdater dine data<\/p>\n<\/li>\n<li data-start=\"3557\" data-end=\"3608\">\n<p data-start=\"3559\" data-end=\"3608\">Anmod om sletning af data (&#8220;retten til at blive glemt&#8221;)<\/p>\n<\/li>\n<li data-start=\"3609\" data-end=\"3645\">\n<p data-start=\"3611\" data-end=\"3645\">Begr\u00e6ns eller g\u00f8r indsigelse mod behandling<\/p>\n<\/li>\n<li data-start=\"3646\" data-end=\"3696\">\n<p data-start=\"3648\" data-end=\"3696\">Anmod om en kopi af dine data (dataportabilitet)<\/p>\n<\/li>\n<li data-start=\"3697\" data-end=\"3727\">\n<p data-start=\"3699\" data-end=\"3727\">Tr\u00e6k dit samtykke tilbage n\u00e5r som helst<\/p>\n<\/li>\n<\/ul>\n<p data-start=\"3729\" data-end=\"3798\">Kontakt os for at g\u00f8re brug af dine rettigheder: <strong data-start=\"3763\" data-end=\"3797\"><a class=\"cursor-pointer\" rel=\"noopener\" data-start=\"3765\" data-end=\"3795\">privacy@certifiedcosmetics.com<\/a><\/strong>.<\/p>\n<h2 data-start=\"3805\" data-end=\"3822\">9. <strong data-start=\"3811\" data-end=\"3822\">Sm\u00e5kager<\/strong><\/h2>\n<p data-start=\"3824\" data-end=\"4075\">Vores hjemmeside bruger funktionelle og analytiske cookies til at sikre optimal ydeevne og indsamle bes\u00f8gsstatistikker. Du kan administrere eller deaktivere cookies i dine browserindstillinger. For flere detaljer, se venligst vores [Cookiepolitik] (valgfri, hvis du har en).  <\/p>\n<h2 data-start=\"4082\" data-end=\"4106\">10. <strong data-start=\"4089\" data-end=\"4106\">Datasikkerhed<\/strong><\/h2>\n<p data-start=\"4108\" data-end=\"4304\">Vi tr\u00e6ffer passende tekniske og organisatoriske foranstaltninger for at beskytte dine data mod uautoriseret adgang, tab eller misbrug. Dette omfatter kryptering, sikre servere og protokoller med begr\u00e6nset adgang. <\/p>\n<h2 data-start=\"4311\" data-end=\"4344\">11. <strong data-start=\"4318\" data-end=\"4344\">\u00c6ndringer af denne politik<\/strong><\/h2>\n<p data-start=\"4346\" data-end=\"4486\">Vi opdaterer muligvis denne privatlivspolitik lejlighedsvis. Den seneste version vil altid v\u00e6re tilg\u00e6ngelig p\u00e5 vores hjemmeside med datoen for den seneste opdatering. <\/p>\n<h2 data-start=\"4493\" data-end=\"4511\">12. <strong data-start=\"4500\" data-end=\"4511\">Kontakt<\/strong><\/h2>\n<p data-start=\"4513\" data-end=\"4584\">Hvis du har sp\u00f8rgsm\u00e5l, klager eller anmodninger vedr\u00f8rende dit privatliv, kan du kontakte os:<\/p>\n<p data-start=\"4586\" data-end=\"4713\"><strong data-start=\"4586\" data-end=\"4609\">Certified Cosmetics<\/strong><br data-start=\"4609\" data-end=\"4612\">E-mail: <a class=\"cursor-pointer\" rel=\"noopener\" data-start=\"4619\" data-end=\"4649\">privacy@certifiedcosmetics.com<\/a><br data-start=\"4649\" data-end=\"4652\">Telefon: +31 36 2036384<br data-start=\"4673\" data-end=\"4676\">Hjemmeside: <a class=\"\" href=\"http:\/\/www.certifiedcosmetics.com\" target=\"_new\" rel=\"noopener\" data-start=\"4685\" data-end=\"4711\">www.certifiedcosmetics.com<\/a><\/p>\n<p>\n<\/div><\/div><\/div><\/div><\/div><\/div><\/div><!-- cell_inner --><\/div><!-- cell --><\/div><!-- port --><\/section>\n","protected":false},"excerpt":{"rendered":"","protected":false},"author":1,"featured_media":0,"parent":0,"menu_order":0,"comment_status":"closed","ping_status":"closed","template":"","meta":{"footnotes":""},"class_list":["post-17402","page","type-page","status-publish","hentry"],"yoast_head":"<!-- This site is optimized with the Yoast SEO Premium plugin v25.4 (Yoast SEO v25.4) - https:\/\/yoast.com\/wordpress\/plugins\/seo\/ -->\n<title>Politik for beskyttelse af personlige oplysninger - Certified Cosmetics<\/title>\n<meta name=\"description\" content=\"Certified Cosmetics&#039; privatlivspolitik\" \/>\n<meta name=\"robots\" content=\"index, follow, max-snippet:-1, max-image-preview:large, max-video-preview:-1\" \/>\n<link rel=\"canonical\" href=\"https:\/\/www.certifiedcosmetics.com\/da\/politik-for-beskyttelse-af-personlige-oplysninger\/\" \/>\n<meta property=\"og:locale\" content=\"da_DK\" \/>\n<meta property=\"og:type\" content=\"article\" \/>\n<meta property=\"og:title\" content=\"Politik for beskyttelse af personlige oplysninger\" \/>\n<meta property=\"og:description\" content=\"Certified Cosmetics&#039; privatlivspolitik\" \/>\n<meta property=\"og:url\" content=\"https:\/\/www.certifiedcosmetics.com\/da\/politik-for-beskyttelse-af-personlige-oplysninger\/\" \/>\n<meta property=\"og:site_name\" content=\"Certified Cosmetics\" \/>\n<meta property=\"article:modified_time\" content=\"2026-04-30T17:41:25+00:00\" \/>\n<meta name=\"twitter:card\" content=\"summary_large_image\" \/>\n<meta name=\"twitter:label1\" content=\"Est. reading time\" \/>\n\t<meta name=\"twitter:data1\" content=\"4 minutter\" \/>\n<script type=\"application\/ld+json\" class=\"yoast-schema-graph\">{\"@context\":\"https:\/\/schema.org\",\"@graph\":[{\"@type\":\"WebPage\",\"@id\":\"https:\/\/www.certifiedcosmetics.com\/da\/politik-for-beskyttelse-af-personlige-oplysninger\/\",\"url\":\"https:\/\/www.certifiedcosmetics.com\/da\/politik-for-beskyttelse-af-personlige-oplysninger\/\",\"name\":\"Politik for beskyttelse af personlige oplysninger - Certified Cosmetics\",\"isPartOf\":{\"@id\":\"https:\/\/www.certifiedcosmetics.com\/da\/#website\"},\"datePublished\":\"2025-06-02T14:03:21+00:00\",\"dateModified\":\"2026-04-30T17:41:25+00:00\",\"description\":\"Certified Cosmetics' privatlivspolitik\",\"breadcrumb\":{\"@id\":\"https:\/\/www.certifiedcosmetics.com\/da\/politik-for-beskyttelse-af-personlige-oplysninger\/#breadcrumb\"},\"inLanguage\":\"da-DK\",\"potentialAction\":[{\"@type\":\"ReadAction\",\"target\":[\"https:\/\/www.certifiedcosmetics.com\/da\/politik-for-beskyttelse-af-personlige-oplysninger\/\"]}]},{\"@type\":\"BreadcrumbList\",\"@id\":\"https:\/\/www.certifiedcosmetics.com\/da\/politik-for-beskyttelse-af-personlige-oplysninger\/#breadcrumb\",\"itemListElement\":[{\"@type\":\"ListItem\",\"position\":1,\"name\":\"Home\",\"item\":\"https:\/\/www.certifiedcosmetics.com\/da\/vurdering-af-kosmetiske-produkters-sikkerhed\/\"},{\"@type\":\"ListItem\",\"position\":2,\"name\":\"Politik for beskyttelse af personlige oplysninger\"}]},{\"@type\":\"WebSite\",\"@id\":\"https:\/\/www.certifiedcosmetics.com\/da\/#website\",\"url\":\"https:\/\/www.certifiedcosmetics.com\/da\/\",\"name\":\"Certified Cosmetics\",\"description\":\"Cosmetic Safety Assessment\",\"publisher\":{\"@id\":\"https:\/\/www.certifiedcosmetics.com\/da\/#organization\"},\"potentialAction\":[{\"@type\":\"SearchAction\",\"target\":{\"@type\":\"EntryPoint\",\"urlTemplate\":\"https:\/\/www.certifiedcosmetics.com\/da\/?s={search_term_string}\"},\"query-input\":{\"@type\":\"PropertyValueSpecification\",\"valueRequired\":true,\"valueName\":\"search_term_string\"}}],\"inLanguage\":\"da-DK\"},{\"@type\":\"Organization\",\"@id\":\"https:\/\/www.certifiedcosmetics.com\/da\/#organization\",\"name\":\"Certified Cosmetics\",\"url\":\"https:\/\/www.certifiedcosmetics.com\/da\/\",\"logo\":{\"@type\":\"ImageObject\",\"inLanguage\":\"da-DK\",\"@id\":\"https:\/\/www.certifiedcosmetics.com\/da\/#\/schema\/logo\/image\/\",\"url\":\"https:\/\/www.certifiedcosmetics.com\/wp-content\/uploads\/2024\/12\/logo_certified_cosmetics696.jpg\",\"contentUrl\":\"https:\/\/www.certifiedcosmetics.com\/wp-content\/uploads\/2024\/12\/logo_certified_cosmetics696.jpg\",\"width\":696,\"height\":696,\"caption\":\"Certified Cosmetics\"},\"image\":{\"@id\":\"https:\/\/www.certifiedcosmetics.com\/da\/#\/schema\/logo\/image\/\"},\"description\":\"Your trusted partner for cosmetic product safety reporting. We take care of updating all of your documentation, ensuring your compliance stays current even as regulations evolve. The Cosmetic Product Safety Assessment will give you everything you need to sell specific products to EU consumers.\",\"email\":\"contact@certifiedcosmetics.com\",\"telephone\":\"+31 36 2036384\",\"legalName\":\"Certified Cosmetics\",\"foundingDate\":\"2010-01-01\",\"vatID\":\"NL854189543B01\",\"numberOfEmployees\":{\"@type\":\"QuantitativeValue\",\"minValue\":\"11\",\"maxValue\":\"50\"}}]}<\/script>\n<!-- \/ Yoast SEO Premium plugin. -->","yoast_head_json":{"title":"Politik for beskyttelse af personlige oplysninger - Certified Cosmetics","description":"Certified Cosmetics' privatlivspolitik","robots":{"index":"index","follow":"follow","max-snippet":"max-snippet:-1","max-image-preview":"max-image-preview:large","max-video-preview":"max-video-preview:-1"},"canonical":"https:\/\/www.certifiedcosmetics.com\/da\/politik-for-beskyttelse-af-personlige-oplysninger\/","og_locale":"da_DK","og_type":"article","og_title":"Politik for beskyttelse af personlige oplysninger","og_description":"Certified Cosmetics' privatlivspolitik","og_url":"https:\/\/www.certifiedcosmetics.com\/da\/politik-for-beskyttelse-af-personlige-oplysninger\/","og_site_name":"Certified Cosmetics","article_modified_time":"2026-04-30T17:41:25+00:00","twitter_card":"summary_large_image","twitter_misc":{"Est. reading time":"4 minutter"},"schema":{"@context":"https:\/\/schema.org","@graph":[{"@type":"WebPage","@id":"https:\/\/www.certifiedcosmetics.com\/da\/politik-for-beskyttelse-af-personlige-oplysninger\/","url":"https:\/\/www.certifiedcosmetics.com\/da\/politik-for-beskyttelse-af-personlige-oplysninger\/","name":"Politik for beskyttelse af personlige oplysninger - Certified Cosmetics","isPartOf":{"@id":"https:\/\/www.certifiedcosmetics.com\/da\/#website"},"datePublished":"2025-06-02T14:03:21+00:00","dateModified":"2026-04-30T17:41:25+00:00","description":"Certified Cosmetics' privatlivspolitik","breadcrumb":{"@id":"https:\/\/www.certifiedcosmetics.com\/da\/politik-for-beskyttelse-af-personlige-oplysninger\/#breadcrumb"},"inLanguage":"da-DK","potentialAction":[{"@type":"ReadAction","target":["https:\/\/www.certifiedcosmetics.com\/da\/politik-for-beskyttelse-af-personlige-oplysninger\/"]}]},{"@type":"BreadcrumbList","@id":"https:\/\/www.certifiedcosmetics.com\/da\/politik-for-beskyttelse-af-personlige-oplysninger\/#breadcrumb","itemListElement":[{"@type":"ListItem","position":1,"name":"Home","item":"https:\/\/www.certifiedcosmetics.com\/da\/vurdering-af-kosmetiske-produkters-sikkerhed\/"},{"@type":"ListItem","position":2,"name":"Politik for beskyttelse af personlige oplysninger"}]},{"@type":"WebSite","@id":"https:\/\/www.certifiedcosmetics.com\/da\/#website","url":"https:\/\/www.certifiedcosmetics.com\/da\/","name":"Certified Cosmetics","description":"Cosmetic Safety Assessment","publisher":{"@id":"https:\/\/www.certifiedcosmetics.com\/da\/#organization"},"potentialAction":[{"@type":"SearchAction","target":{"@type":"EntryPoint","urlTemplate":"https:\/\/www.certifiedcosmetics.com\/da\/?s={search_term_string}"},"query-input":{"@type":"PropertyValueSpecification","valueRequired":true,"valueName":"search_term_string"}}],"inLanguage":"da-DK"},{"@type":"Organization","@id":"https:\/\/www.certifiedcosmetics.com\/da\/#organization","name":"Certified Cosmetics","url":"https:\/\/www.certifiedcosmetics.com\/da\/","logo":{"@type":"ImageObject","inLanguage":"da-DK","@id":"https:\/\/www.certifiedcosmetics.com\/da\/#\/schema\/logo\/image\/","url":"https:\/\/www.certifiedcosmetics.com\/wp-content\/uploads\/2024\/12\/logo_certified_cosmetics696.jpg","contentUrl":"https:\/\/www.certifiedcosmetics.com\/wp-content\/uploads\/2024\/12\/logo_certified_cosmetics696.jpg","width":696,"height":696,"caption":"Certified Cosmetics"},"image":{"@id":"https:\/\/www.certifiedcosmetics.com\/da\/#\/schema\/logo\/image\/"},"description":"Your trusted partner for cosmetic product safety reporting. We take care of updating all of your documentation, ensuring your compliance stays current even as regulations evolve. The Cosmetic Product Safety Assessment will give you everything you need to sell specific products to EU consumers.","email":"contact@certifiedcosmetics.com","telephone":"+31 36 2036384","legalName":"Certified Cosmetics","foundingDate":"2010-01-01","vatID":"NL854189543B01","numberOfEmployees":{"@type":"QuantitativeValue","minValue":"11","maxValue":"50"}}]}},"_links":{"self":[{"href":"https:\/\/www.certifiedcosmetics.com\/da\/wp-json\/wp\/v2\/pages\/17402","targetHints":{"allow":["GET"]}}],"collection":[{"href":"https:\/\/www.certifiedcosmetics.com\/da\/wp-json\/wp\/v2\/pages"}],"about":[{"href":"https:\/\/www.certifiedcosmetics.com\/da\/wp-json\/wp\/v2\/types\/page"}],"author":[{"embeddable":true,"href":"https:\/\/www.certifiedcosmetics.com\/da\/wp-json\/wp\/v2\/users\/1"}],"replies":[{"embeddable":true,"href":"https:\/\/www.certifiedcosmetics.com\/da\/wp-json\/wp\/v2\/comments?post=17402"}],"version-history":[{"count":1,"href":"https:\/\/www.certifiedcosmetics.com\/da\/wp-json\/wp\/v2\/pages\/17402\/revisions"}],"predecessor-version":[{"id":17405,"href":"https:\/\/www.certifiedcosmetics.com\/da\/wp-json\/wp\/v2\/pages\/17402\/revisions\/17405"}],"wp:attachment":[{"href":"https:\/\/www.certifiedcosmetics.com\/da\/wp-json\/wp\/v2\/media?parent=17402"}],"curies":[{"name":"wp","href":"https:\/\/api.w.org\/{rel}","templated":true}]}}