{"id":17399,"date":"2025-06-01T19:16:08","date_gmt":"2025-06-01T18:16:08","guid":{"rendered":"https:\/\/www.certifiedcosmetics.com\/laboratorietest-af-kosmetik\/"},"modified":"2026-04-30T18:41:25","modified_gmt":"2026-04-30T17:41:25","slug":"laboratorietest-af-kosmetik","status":"publish","type":"page","link":"https:\/\/www.certifiedcosmetics.com\/da\/laboratorietest-af-kosmetik\/","title":{"rendered":"Laboratorietest af kosmetik"},"content":{"rendered":"<p><section data-bb-version=\"4.6.1\" id=\"bt_bb_section69f3e5bbe5dc9\" class=\"bt_bb_section bt_bb_color_scheme_6 bt_bb_layout_boxed_1200 bt_bb_vertical_align_top bt_bb_bottom_section_coverage_image bt_bb_section_with_bottom_coverage_image bt_bb_top_spacing_large bt_bb_bottom_spacing_extra_large\" style=\"; --section-primary-color:#ffffff; --section-secondary-color:#0bc270;\" data-bt-override-class=\"{&quot;bt_bb_top_spacing_&quot;:{&quot;current_class&quot;:&quot;bt_bb_top_spacing_large&quot;,&quot;def&quot;:&quot;large&quot;},&quot;bt_bb_bottom_spacing_&quot;:{&quot;current_class&quot;:&quot;bt_bb_bottom_spacing_extra_large&quot;,&quot;def&quot;:&quot;extra_large&quot;}}\"><div class=\"bt_bb_background_image_holder_wrapper\"><div class=\"bt_bb_background_image_holder bt_bb_parallax\"  data-parallax=\"0.7\" data-parallax-offset=\"0\" data-parallax-zoom-start=\"1\" data-parallax-zoom-end=\"1\" data-parallax-blur-start=\"0\" data-parallax-blur-end=\"0\" data-parallax-opacity-start=\"1\" data-parallax-opacity-end=\"1\" style=\" background-image:url(&#039;https:\/\/www.certifiedcosmetics.com\/wp-content\/uploads\/2020\/04\/hero-services-2.jpg&#039;);\"><\/div><\/div><div class=\"bt_bb_port\"><div class=\"bt_bb_cell\"><div class=\"bt_bb_cell_inner\"><div class=\"bt_bb_row \"  data-bt-override-class=\"{}\"><div class=\"bt_bb_row_holder\" ><div  class=\"bt_bb_column col-xxl-8 col-xl-8 bt_bb_vertical_align_middle bt_bb_align_left bt_bb_padding_normal bt_bb_animation_fade_in animate\" style=\"; --column-width:8;\" data-width=\"8\" data-bt-override-class=\"{}\"><div class=\"bt_bb_column_content\"><div class=\"bt_bb_column_content_inner\"><header data-bb-version=\"4.6.1\" class=\"bt_bb_headline bt_bb_font_weight_medium bt_bb_subheadline_text_transform_default bt_bb_dash_none bt_bb_superheadline bt_bb_subheadline bt_bb_size_large bt_bb_align_inherit\" data-bt-override-class=\"{&quot;bt_bb_size_&quot;:{&quot;current_class&quot;:&quot;bt_bb_size_large&quot;,&quot;def&quot;:&quot;large&quot;},&quot;bt_bb_align_&quot;:{&quot;current_class&quot;:&quot;bt_bb_align_inherit&quot;,&quot;def&quot;:&quot;inherit&quot;}}\"><h1 class=\"bt_bb_headline_tag\"><span class=\"bt_bb_headline_superheadline\">SERVICES<\/span><span class=\"bt_bb_headline_content\"><span>Kosmetisk laboratorietestning<\/span><\/span><\/h1><div class=\"bt_bb_headline_subheadline\">Kosmetiske laboratorietest sikrer, at din kosmetik er sikker at bruge for forbrugerne.<\/div><\/header><div class=\"bt_bb_separator bt_bb_border_style_none bt_bb_bottom_spacing_medium\" data-bt-override-class=\"null\"><\/div><div data-bb-version=\"4.6.1\" class=\"bt_bb_button bt_bb_color_scheme_6 bt_bb_icon_position_left bt_bb_style_filled bt_bb_size_normal bt_bb_width_inline bt_bb_shape_inherit bt_bb_target_self bt_bb_text_transform_inherit bt_bb_align_inherit\" style=\"; --primary-color:#ffffff; --secondary-color:#0bc270;\" data-bt-override-class=\"{&quot;bt_bb_size_&quot;:{&quot;current_class&quot;:&quot;bt_bb_size_normal&quot;,&quot;def&quot;:&quot;normal&quot;},&quot;bt_bb_align_&quot;:{&quot;current_class&quot;:&quot;bt_bb_align_inherit&quot;,&quot;def&quot;:&quot;inherit&quot;}}\"><a href=\"https:\/\/www.certifiedcosmetics.com\/shop\/\" target=\"_self\" class=\"bt_bb_link\" title=\"KOSMETISK LABORATORIETEST\"><span class=\"bt_bb_button_text\" >KOSMETISK LABORATORIETEST<\/span><\/a><\/div><\/div><\/div><\/div><div  class=\"bt_bb_column col-xxl-4 col-xl-4 bt_bb_vertical_align_top bt_bb_align_left bt_bb_padding_normal\" style=\"; --column-width:4;\" data-width=\"4\" data-bt-override-class=\"{}\"><div class=\"bt_bb_column_content\"><div class=\"bt_bb_column_content_inner\"><\/div><\/div><\/div><\/div><\/div><\/div><!-- cell_inner --><\/div><!-- cell --><\/div><!-- port --><div class=\"bt_bb_section_bottom_section_coverage_image\"><img decoding=\"async\" src=\"https:\/\/www.certifiedcosmetics.com\/wp-content\/uploads\/2020\/04\/bottom_cover_3.png\" alt=\"bt_bb_section_bottom_section_coverage_image\" \/><\/div><\/section><section data-bb-version=\"4.6.1\" id=\"bt_bb_section69f3e5bbe6274\" class=\"bt_bb_section bt_bb_layout_boxed_1200\"  data-bt-override-class=\"null\"><div class=\"bt_bb_port\"><div class=\"bt_bb_cell\"><div class=\"bt_bb_cell_inner\"><div class=\"bt_bb_row \"  data-bt-override-class=\"{}\"><div class=\"bt_bb_row_holder\" ><div data-bb-version=\"4.6.1\"  class=\"bt_bb_column col-xxl-12 col-xl-12 col-xs-12 col-sm-12 col-md-12 col-lg-12 bt_bb_vertical_align_top bt_bb_align_left bt_bb_padding_normal\" style=\"; --column-width:12;\" data-width=\"12\" data-bt-override-class=\"{}\"><div class=\"bt_bb_column_content\"><div class=\"bt_bb_column_content_inner\"><div data-bb-version=\"4.6.1\"  class=\"bt_bb_text\" ><\/p>\n<p data-start=\"247\" data-end=\"703\">Kosmetisk laboratorietestning er et vigtigt skridt i udviklingen og overholdelsen af produkter til personlig pleje. Det garanterer produktsikkerhed, underst\u00f8tter markedsf\u00f8ringsanprisninger og sikrer overholdelse af lovgivningsm\u00e6ssige rammer som EU&#8217;s kosmetikforordning. Uanset om du lancerer hudpleje-, makeup-, h\u00e5r- eller mundplejeprodukter, er der brug for omfattende test.  <\/p>\n<h2 data-start=\"710\" data-end=\"750\">Mikrobiologisk testning af kosmetik<\/h2>\n<p data-start=\"752\" data-end=\"1107\">Et af de mest kritiske f\u00f8rste skridt i produktsikkerhed er <strong data-start=\"810\" data-end=\"910\"><a class=\"\" href=\"https:\/\/www.certifiedcosmetics.com\/da\/product\/laboratoriet\/mikrobiologisk-test\/\" target=\"_new\" rel=\"noopener\" data-start=\"812\" data-end=\"908\">Mikrobiologisk testning<\/a><\/strong>. Denne test tjekker for tilstedev\u00e6relsen af skadelige bakterier, g\u00e6r og skimmel i din kosmetiske formulering. Et forurenet produkt kan udg\u00f8re en alvorlig sundhedsrisiko for brugerne og kan v\u00e6re ulovligt at markedsf\u00f8re.  <\/p>\n<p data-start=\"1109\" data-end=\"1351\">Mikrobiologisk testning er typisk p\u00e5kr\u00e6vet for hver batch f\u00f8r frigivelse, is\u00e6r for vandbaserede formuleringer. Certified Cosmetics tilbyder akkrediteret mikrobiologisk analyse for at sikre, at dine produkter lever op til internationale sikkerhedsstandarder. <\/p>\n<h2 data-start=\"1358\" data-end=\"1397\">Test af konserveringsmidlers effektivitet<\/h2>\n<p data-start=\"1399\" data-end=\"1795\">Test af <strong data-start=\"1403\" data-end=\"1540\"><a class=\"\" href=\"https:\/\/www.certifiedcosmetics.com\/da\/product\/laboratoriet\/test-af-konserveringsmidlers-effektivitet\/\" target=\"_new\" rel=\"noopener\" data-start=\"1405\" data-end=\"1538\">Udfordringstest af konserveringseffektivitet<\/a><\/strong> evaluerer, hvor effektivt dit produkts konserveringssystem er over tid. Ved bevidst at indf\u00f8re mikroorganismer i formuleringen simulerer testen forurening i den virkelige verden og kontrollerer, om konserveringsmidlerne neutraliserer truslen effektivt. <\/p>\n<p data-start=\"1797\" data-end=\"1977\">Denne test er obligatorisk for de fleste leave-on- og rinse-off-kosmetikprodukter med en vandig fase. Uden en best\u00e5et challenge-test kan din sikkerhedsvurdering v\u00e6re ugyldig i henhold til EU-reglerne. <\/p>\n<h2 data-start=\"1984\" data-end=\"2015\">Dermatologisk lappetestning<\/h2>\n<p data-start=\"2017\" data-end=\"2321\">Dermatologisk sikkerhed er en vigtig faktor for ethvert hudplejeprodukt. Den <strong data-start=\"2086\" data-end=\"2188\"><a class=\"\" href=\"https:\/\/www.certifiedcosmetics.com\/da\/product\/test-af-effektivitet\/hudtestning\/dermatologisk-lappetest\/\" target=\"_new\" rel=\"noopener\" data-start=\"2088\" data-end=\"2186\">lappetest<\/a><\/strong> er en standardmetode, der bruges til at vurdere et produkts potentiale for at for\u00e5rsage irritation eller allergiske reaktioner, n\u00e5r det p\u00e5f\u00f8res menneskehud. <\/p>\n<p data-start=\"2323\" data-end=\"2650\">Lappepr\u00f8ver udf\u00f8res normalt p\u00e5 frivillige under opsyn af en hudl\u00e6ge. Denne type <strong data-start=\"2428\" data-end=\"2444\">hudtest<\/strong> er afg\u00f8rende for produktanprisninger som &#8220;dermatologisk testet&#8221; og er ofte p\u00e5kr\u00e6vet i forbindelse med <strong data-start=\"2530\" data-end=\"2623\"><a class=\"\" href=\"https:\/\/www.certifiedcosmetics.com\/da\/vare-kategori\/test-af-effektivitet\/\" target=\"_new\" rel=\"noopener\" data-start=\"2532\" data-end=\"2621\">effektivitetstest<\/a><\/strong> og overholdelse af lovgivningen. <\/p>\n<h2 data-start=\"2657\" data-end=\"2707\">Accelereret stabilitets- og kompatibilitetstest<\/h2>\n<p data-start=\"2709\" data-end=\"3068\">Vil dit produkt forblive effektivt, sikkert og visuelt tiltalende over tid? Den accelererede <strong data-start=\"2789\" data-end=\"2922\"><a class=\"\" href=\"https:\/\/www.certifiedcosmetics.com\/da\/product\/laboratoriet\/accelereret-stabilitets-og-kompatibilitetstest\/\" target=\"_new\" rel=\"noopener\" data-start=\"2791\" data-end=\"2920\">Accelereret stabilitets- og kompatibilitetstest<\/a><\/strong> er designet til at simulere langsigtede opbevaringsforhold. Den hj\u00e6lper med at forudsige holdbarheden ved at uds\u00e6tte produktet for h\u00f8je temperaturer og lys.  <\/p>\n<p data-start=\"3070\" data-end=\"3295\">Denne test sikrer, at din emballage er kompatibel med formlen, og at der ikke sker nogen adskillelse, farve\u00e6ndring eller lugtudvikling. Det er et grundl\u00e6ggende krav til ethvert brand, der \u00f8nsker at tilbyde et professionelt, p\u00e5lideligt produkt. <\/p>\n<h2 data-start=\"3302\" data-end=\"3336\">Test af periode efter \u00e5bning (PAO)<\/h2>\n<p data-start=\"3338\" data-end=\"3648\">En anden vigtig holdbarhedsindikator er <strong data-start=\"3384\" data-end=\"3509\"><a class=\"\" href=\"https:\/\/www.certifiedcosmetics.com\/da\/product\/almindelige-tests\/test-af-periode-efter-aabning-pao\/\" target=\"_new\" rel=\"noopener\" data-start=\"3386\" data-end=\"3507\">Test af periode efter \u00e5bning (PAO)<\/a><\/strong>. Denne test bestemmer, hvor l\u00e6nge et produkt forbliver sikkert og effektivt, efter at det er blevet \u00e5bnet og udsat for luft og milj\u00f8faktorer. <\/p>\n<p data-start=\"3650\" data-end=\"3853\">PAO-symbolet p\u00e5 kosmetikemballagen (f.eks. 6M, 12M) kommunikerer denne tidslinje til forbrugerne. PAO-tests er s\u00e6rligt vigtige for produkter uden en endelig udl\u00f8bsdato p\u00e5 emballagen. <\/p>\n<h2 data-start=\"3860\" data-end=\"3916\">M\u00e5lrettet effektivitetstest for forskellige produkttyper<\/h2>\n<p data-start=\"3918\" data-end=\"4185\">Effektivitetstest underst\u00f8tter p\u00e5stande som &#8220;fugter i 24 timer&#8221;, &#8220;antirynke&#8221; eller &#8220;g\u00f8r t\u00e6nderne hvidere&#8221;. Certified Cosmetics tilbyder skr\u00e6ddersyede <strong data-start=\"4059\" data-end=\"4161\"><a class=\"\" href=\"https:\/\/www.certifiedcosmetics.com\/da\/vare-kategori\/test-af-effektivitet\/\" target=\"_new\" rel=\"noopener\" data-start=\"4061\" data-end=\"4159\">effektivitetstestningstjenester<\/a><\/strong> til forskellige kategorier: <\/p>\n<h3 data-start=\"4187\" data-end=\"4209\">Hudplejeprodukter<\/h3>\n<p data-start=\"4211\" data-end=\"4566\">Til ansigtscremer, serum og bodylotion, <strong data-start=\"4256\" data-end=\"4376\"><a class=\"\" href=\"https:\/\/www.certifiedcosmetics.com\/da\/vare-kategori\/test-af-effektivitet\/hudtestning\/\" target=\"_new\" rel=\"noopener\" data-start=\"4258\" data-end=\"4374\">test af hudplejeprodukters effektivitet<\/a><\/strong> testning af hudplejeprodukter hudens hydrering, elasticitet og irritation. Instrumentel analyse (f.eks. corneometri, cutometri) og feedback fra frivillige kombineres til en omfattende rapport. <\/p>\n<h3 data-start=\"4568\" data-end=\"4584\">\u00d8jenprodukter<\/h3>\n<p data-start=\"4586\" data-end=\"4902\">Produkter til \u00f8jenomr\u00e5det kr\u00e6ver streng tolerancevalidering. <strong data-start=\"4641\" data-end=\"4755\"><a class=\"\" href=\"https:\/\/www.certifiedcosmetics.com\/da\/vare-kategori\/test-af-effektivitet\/test-af-ojne\/\" target=\"_new\" rel=\"noopener\" data-start=\"4643\" data-end=\"4753\">Oftalmologisk testning<\/a><\/strong> sikrer, at mascaraer, eyelinere og \u00f8jencremer er ikke-irriterende og egnede til f\u00f8lsomme omr\u00e5der, herunder kompatibilitet med kontaktlinser.<\/p>\n<h3 data-start=\"4904\" data-end=\"4926\">H\u00e5rplejeprodukter<\/h3>\n<p data-start=\"4928\" data-end=\"5252\">Test af <strong data-start=\"4940\" data-end=\"5060\"><a class=\"\" href=\"https:\/\/www.certifiedcosmetics.com\/da\/vare-kategori\/test-af-effektivitet\/test-af-har\/\" target=\"_new\" rel=\"noopener\" data-start=\"4942\" data-end=\"5058\">effektiviteten af h\u00e5rplejeprodukter<\/a><\/strong> er afg\u00f8rende for at underst\u00f8tte p\u00e5stande som &#8220;tilf\u00f8jer volumen&#8221; eller &#8220;reducerer h\u00e5rfald&#8221;. Almindelige metoder omfatter instrumentelle tests af h\u00e5rets tr\u00e6kstyrke, evalueringer af glans og unders\u00f8gelser af frivillige personers opfattelse. <\/p>\n<h3 data-start=\"5254\" data-end=\"5276\">Produkter til mundhygiejne<\/h3>\n<p data-start=\"5278\" data-end=\"5608\">Til mundskyl, tandpasta eller whitening strips, <strong data-start=\"5326\" data-end=\"5447\"><a class=\"\" href=\"https:\/\/www.certifiedcosmetics.com\/da\/vare-kategori\/test-af-effektivitet\/test-af-mundpleje\/\" target=\"_new\" rel=\"noopener\" data-start=\"5328\" data-end=\"5445\">test af mundplejens effektivitet<\/a><\/strong> kontrol af plakreduktion, blegeeffekter og friskhed i lang tid. Testprotokollerne er i overensstemmelse med tandl\u00e6ge- og sikkerhedsbestemmelser for at sikre trov\u00e6rdighed. <\/p>\n<h2 data-start=\"5615\" data-end=\"5662\">Produktdokumentation og regulatorisk support<\/h2>\n<p data-start=\"5664\" data-end=\"5794\">Omfattende laboratorietest skal underst\u00f8ttes af korrekt dokumentation for at overholde EU&#8217;s, Storbritanniens og internationale kosmetikregler.<\/p>\n<h3 data-start=\"5796\" data-end=\"5838\">Sikkerhedsdatablade for materialer (MSDS\/SDS)<\/h3>\n<p data-start=\"5840\" data-end=\"6166\">A <strong data-start=\"5842\" data-end=\"5979\"><a class=\"\" href=\"https:\/\/www.certifiedcosmetics.com\/da\/product\/sds\/oprettelse-af-sikkerhedsdatablad-msds-sds\/\" target=\"_new\" rel=\"noopener\" data-start=\"5844\" data-end=\"5977\">Materialesikkerhedsdatablad (MSDS\/SDS)<\/a><\/strong> er et n\u00f8gledokument, der beskriver de kemiske, fysiske og sikkerhedsrelaterede oplysninger om hvert produkt eller r\u00e5materiale. Det er p\u00e5kr\u00e6vet i forbindelse med transport, opbevaring og lovpligtig arkivering. <\/p>\n<p data-start=\"6168\" data-end=\"6258\">Vores team sikrer, at dine SDS&#8217;er er REACH-kompatible og f\u00f8lger EU-forordning nr. 2020\/878.<\/p>\n<h3 data-start=\"6260\" data-end=\"6294\">Oprettelse af produktspecifikationer<\/h3>\n<p data-start=\"6296\" data-end=\"6613\">Test af <strong data-start=\"6300\" data-end=\"6415\"><a class=\"\" href=\"https:\/\/www.certifiedcosmetics.com\/product\/claim-verification-ingredient-testing\/product-specification-test\/\" target=\"_new\" rel=\"noopener\" data-start=\"6302\" data-end=\"6413\">Test af produktspecifikationer<\/a><\/strong> leverer vigtige data til CPSR (Cosmetic Product Safety Report). Dette omfatter fysisk udseende, pH-v\u00e6rdi, viskositet og densitet, som udg\u00f8r kernen i produktets tekniske fil. <\/p>\n<h3 data-start=\"6615\" data-end=\"6638\">Test af tungmetaller<\/h3>\n<p data-start=\"6640\" data-end=\"6941\">Tungmetaller som bly, cadmium og arsenik er ikke tilladt i kosmetik, undtagen i sporm\u00e6ngder. Certified Cosmetics tilbyder p\u00e5lidelige <strong data-start=\"6780\" data-end=\"6871\"><a class=\"\" href=\"https:\/\/www.certifiedcosmetics.com\/product\/claim-verification-ingredient-testing\/heavy-metal-test\/\" target=\"_new\" rel=\"noopener\" data-start=\"6782\" data-end=\"6869\">Test af tungmetaller<\/a><\/strong> for at sikre sikkerhed og overholdelse af EU-forordning (EF) nr. 1223\/2009. <\/p>\n<p data-start=\"6943\" data-end=\"7027\">Denne test er is\u00e6r vigtig for farvede produkter som l\u00e6bestift og \u00f8jenskygge.<\/p>\n<p>\n<\/div><\/div><\/div><\/div><\/div><\/div><\/div><!-- cell_inner --><\/div><!-- cell --><\/div><!-- port --><\/section><\/p>\n","protected":false},"excerpt":{"rendered":"","protected":false},"author":1,"featured_media":0,"parent":0,"menu_order":0,"comment_status":"closed","ping_status":"closed","template":"","meta":{"footnotes":""},"class_list":["post-17399","page","type-page","status-publish","hentry"],"yoast_head":"<!-- This site is optimized with the Yoast SEO Premium plugin v25.4 (Yoast SEO v25.4) - https:\/\/yoast.com\/wordpress\/plugins\/seo\/ -->\n<title>Laboratorietest af kosmetik - Certified Cosmetics<\/title>\n<meta name=\"description\" content=\"Kosmetisk laboratorietestning er et vigtigt skridt i udviklingen og overholdelsen af reglerne for produkter til personlig pleje.\" \/>\n<meta name=\"robots\" content=\"index, follow, max-snippet:-1, max-image-preview:large, max-video-preview:-1\" \/>\n<link rel=\"canonical\" href=\"https:\/\/www.certifiedcosmetics.com\/da\/laboratorietest-af-kosmetik\/\" \/>\n<meta property=\"og:locale\" content=\"da_DK\" \/>\n<meta property=\"og:type\" content=\"article\" \/>\n<meta property=\"og:title\" content=\"Laboratorietest af kosmetik\" \/>\n<meta property=\"og:description\" content=\"Kosmetisk laboratorietestning er et vigtigt skridt i udviklingen og overholdelsen af reglerne for produkter til personlig pleje.\" \/>\n<meta property=\"og:url\" content=\"https:\/\/www.certifiedcosmetics.com\/da\/laboratorietest-af-kosmetik\/\" \/>\n<meta property=\"og:site_name\" content=\"Certified Cosmetics\" \/>\n<meta property=\"article:modified_time\" content=\"2026-04-30T17:41:25+00:00\" \/>\n<meta name=\"twitter:card\" content=\"summary_large_image\" \/>\n<meta name=\"twitter:label1\" content=\"Est. reading time\" \/>\n\t<meta name=\"twitter:data1\" content=\"6 minutter\" \/>\n<script type=\"application\/ld+json\" class=\"yoast-schema-graph\">{\"@context\":\"https:\/\/schema.org\",\"@graph\":[{\"@type\":\"WebPage\",\"@id\":\"https:\/\/www.certifiedcosmetics.com\/da\/laboratorietest-af-kosmetik\/\",\"url\":\"https:\/\/www.certifiedcosmetics.com\/da\/laboratorietest-af-kosmetik\/\",\"name\":\"Laboratorietest af kosmetik - Certified Cosmetics\",\"isPartOf\":{\"@id\":\"https:\/\/www.certifiedcosmetics.com\/da\/#website\"},\"datePublished\":\"2025-06-01T18:16:08+00:00\",\"dateModified\":\"2026-04-30T17:41:25+00:00\",\"description\":\"Kosmetisk laboratorietestning er et vigtigt skridt i udviklingen og overholdelsen af reglerne for produkter til personlig pleje.\",\"breadcrumb\":{\"@id\":\"https:\/\/www.certifiedcosmetics.com\/da\/laboratorietest-af-kosmetik\/#breadcrumb\"},\"inLanguage\":\"da-DK\",\"potentialAction\":[{\"@type\":\"ReadAction\",\"target\":[\"https:\/\/www.certifiedcosmetics.com\/da\/laboratorietest-af-kosmetik\/\"]}]},{\"@type\":\"BreadcrumbList\",\"@id\":\"https:\/\/www.certifiedcosmetics.com\/da\/laboratorietest-af-kosmetik\/#breadcrumb\",\"itemListElement\":[{\"@type\":\"ListItem\",\"position\":1,\"name\":\"Home\",\"item\":\"https:\/\/www.certifiedcosmetics.com\/da\/vurdering-af-kosmetiske-produkters-sikkerhed\/\"},{\"@type\":\"ListItem\",\"position\":2,\"name\":\"Laboratorietest af kosmetik\"}]},{\"@type\":\"WebSite\",\"@id\":\"https:\/\/www.certifiedcosmetics.com\/da\/#website\",\"url\":\"https:\/\/www.certifiedcosmetics.com\/da\/\",\"name\":\"Certified Cosmetics\",\"description\":\"Cosmetic Safety Assessment\",\"publisher\":{\"@id\":\"https:\/\/www.certifiedcosmetics.com\/da\/#organization\"},\"potentialAction\":[{\"@type\":\"SearchAction\",\"target\":{\"@type\":\"EntryPoint\",\"urlTemplate\":\"https:\/\/www.certifiedcosmetics.com\/da\/?s={search_term_string}\"},\"query-input\":{\"@type\":\"PropertyValueSpecification\",\"valueRequired\":true,\"valueName\":\"search_term_string\"}}],\"inLanguage\":\"da-DK\"},{\"@type\":\"Organization\",\"@id\":\"https:\/\/www.certifiedcosmetics.com\/da\/#organization\",\"name\":\"Certified Cosmetics\",\"url\":\"https:\/\/www.certifiedcosmetics.com\/da\/\",\"logo\":{\"@type\":\"ImageObject\",\"inLanguage\":\"da-DK\",\"@id\":\"https:\/\/www.certifiedcosmetics.com\/da\/#\/schema\/logo\/image\/\",\"url\":\"https:\/\/www.certifiedcosmetics.com\/wp-content\/uploads\/2024\/12\/logo_certified_cosmetics696.jpg\",\"contentUrl\":\"https:\/\/www.certifiedcosmetics.com\/wp-content\/uploads\/2024\/12\/logo_certified_cosmetics696.jpg\",\"width\":696,\"height\":696,\"caption\":\"Certified Cosmetics\"},\"image\":{\"@id\":\"https:\/\/www.certifiedcosmetics.com\/da\/#\/schema\/logo\/image\/\"},\"description\":\"Your trusted partner for cosmetic product safety reporting. We take care of updating all of your documentation, ensuring your compliance stays current even as regulations evolve. The Cosmetic Product Safety Assessment will give you everything you need to sell specific products to EU consumers.\",\"email\":\"contact@certifiedcosmetics.com\",\"telephone\":\"+31 36 2036384\",\"legalName\":\"Certified Cosmetics\",\"foundingDate\":\"2010-01-01\",\"vatID\":\"NL854189543B01\",\"numberOfEmployees\":{\"@type\":\"QuantitativeValue\",\"minValue\":\"11\",\"maxValue\":\"50\"}}]}<\/script>\n<!-- \/ Yoast SEO Premium plugin. -->","yoast_head_json":{"title":"Laboratorietest af kosmetik - Certified Cosmetics","description":"Kosmetisk laboratorietestning er et vigtigt skridt i udviklingen og overholdelsen af reglerne for produkter til personlig pleje.","robots":{"index":"index","follow":"follow","max-snippet":"max-snippet:-1","max-image-preview":"max-image-preview:large","max-video-preview":"max-video-preview:-1"},"canonical":"https:\/\/www.certifiedcosmetics.com\/da\/laboratorietest-af-kosmetik\/","og_locale":"da_DK","og_type":"article","og_title":"Laboratorietest af kosmetik","og_description":"Kosmetisk laboratorietestning er et vigtigt skridt i udviklingen og overholdelsen af reglerne for produkter til personlig pleje.","og_url":"https:\/\/www.certifiedcosmetics.com\/da\/laboratorietest-af-kosmetik\/","og_site_name":"Certified Cosmetics","article_modified_time":"2026-04-30T17:41:25+00:00","twitter_card":"summary_large_image","twitter_misc":{"Est. reading time":"6 minutter"},"schema":{"@context":"https:\/\/schema.org","@graph":[{"@type":"WebPage","@id":"https:\/\/www.certifiedcosmetics.com\/da\/laboratorietest-af-kosmetik\/","url":"https:\/\/www.certifiedcosmetics.com\/da\/laboratorietest-af-kosmetik\/","name":"Laboratorietest af kosmetik - Certified Cosmetics","isPartOf":{"@id":"https:\/\/www.certifiedcosmetics.com\/da\/#website"},"datePublished":"2025-06-01T18:16:08+00:00","dateModified":"2026-04-30T17:41:25+00:00","description":"Kosmetisk laboratorietestning er et vigtigt skridt i udviklingen og overholdelsen af reglerne for produkter til personlig pleje.","breadcrumb":{"@id":"https:\/\/www.certifiedcosmetics.com\/da\/laboratorietest-af-kosmetik\/#breadcrumb"},"inLanguage":"da-DK","potentialAction":[{"@type":"ReadAction","target":["https:\/\/www.certifiedcosmetics.com\/da\/laboratorietest-af-kosmetik\/"]}]},{"@type":"BreadcrumbList","@id":"https:\/\/www.certifiedcosmetics.com\/da\/laboratorietest-af-kosmetik\/#breadcrumb","itemListElement":[{"@type":"ListItem","position":1,"name":"Home","item":"https:\/\/www.certifiedcosmetics.com\/da\/vurdering-af-kosmetiske-produkters-sikkerhed\/"},{"@type":"ListItem","position":2,"name":"Laboratorietest af kosmetik"}]},{"@type":"WebSite","@id":"https:\/\/www.certifiedcosmetics.com\/da\/#website","url":"https:\/\/www.certifiedcosmetics.com\/da\/","name":"Certified Cosmetics","description":"Cosmetic Safety Assessment","publisher":{"@id":"https:\/\/www.certifiedcosmetics.com\/da\/#organization"},"potentialAction":[{"@type":"SearchAction","target":{"@type":"EntryPoint","urlTemplate":"https:\/\/www.certifiedcosmetics.com\/da\/?s={search_term_string}"},"query-input":{"@type":"PropertyValueSpecification","valueRequired":true,"valueName":"search_term_string"}}],"inLanguage":"da-DK"},{"@type":"Organization","@id":"https:\/\/www.certifiedcosmetics.com\/da\/#organization","name":"Certified Cosmetics","url":"https:\/\/www.certifiedcosmetics.com\/da\/","logo":{"@type":"ImageObject","inLanguage":"da-DK","@id":"https:\/\/www.certifiedcosmetics.com\/da\/#\/schema\/logo\/image\/","url":"https:\/\/www.certifiedcosmetics.com\/wp-content\/uploads\/2024\/12\/logo_certified_cosmetics696.jpg","contentUrl":"https:\/\/www.certifiedcosmetics.com\/wp-content\/uploads\/2024\/12\/logo_certified_cosmetics696.jpg","width":696,"height":696,"caption":"Certified Cosmetics"},"image":{"@id":"https:\/\/www.certifiedcosmetics.com\/da\/#\/schema\/logo\/image\/"},"description":"Your trusted partner for cosmetic product safety reporting. We take care of updating all of your documentation, ensuring your compliance stays current even as regulations evolve. The Cosmetic Product Safety Assessment will give you everything you need to sell specific products to EU consumers.","email":"contact@certifiedcosmetics.com","telephone":"+31 36 2036384","legalName":"Certified Cosmetics","foundingDate":"2010-01-01","vatID":"NL854189543B01","numberOfEmployees":{"@type":"QuantitativeValue","minValue":"11","maxValue":"50"}}]}},"_links":{"self":[{"href":"https:\/\/www.certifiedcosmetics.com\/da\/wp-json\/wp\/v2\/pages\/17399","targetHints":{"allow":["GET"]}}],"collection":[{"href":"https:\/\/www.certifiedcosmetics.com\/da\/wp-json\/wp\/v2\/pages"}],"about":[{"href":"https:\/\/www.certifiedcosmetics.com\/da\/wp-json\/wp\/v2\/types\/page"}],"author":[{"embeddable":true,"href":"https:\/\/www.certifiedcosmetics.com\/da\/wp-json\/wp\/v2\/users\/1"}],"replies":[{"embeddable":true,"href":"https:\/\/www.certifiedcosmetics.com\/da\/wp-json\/wp\/v2\/comments?post=17399"}],"version-history":[{"count":4,"href":"https:\/\/www.certifiedcosmetics.com\/da\/wp-json\/wp\/v2\/pages\/17399\/revisions"}],"predecessor-version":[{"id":17404,"href":"https:\/\/www.certifiedcosmetics.com\/da\/wp-json\/wp\/v2\/pages\/17399\/revisions\/17404"}],"wp:attachment":[{"href":"https:\/\/www.certifiedcosmetics.com\/da\/wp-json\/wp\/v2\/media?parent=17399"}],"curies":[{"name":"wp","href":"https:\/\/api.w.org\/{rel}","templated":true}]}}